{"id":36616,"date":"2024-10-19T15:43:27","date_gmt":"2024-10-19T08:43:27","guid":{"rendered":"https:\/\/havamall.com\/?post_type=product&#038;p=36616"},"modified":"2025-07-14T11:34:16","modified_gmt":"2025-07-14T04:34:16","slug":"pho-mai-greek-style-voi-oliu-thao-moc-300g-greek-style-cheese-emborg","status":"publish","type":"product","link":"https:\/\/havamall.com\/en\/shop\/pho-mai-greek-style-voi-oliu-thao-moc-300g-greek-style-cheese-emborg\/","title":{"rendered":"Ph\u00f4 Mai Greek Style V\u1edbi Oliu Th\u1ea3o M\u1ed9c 300g &#8211; Greek Style Cheese Emborg"},"content":{"rendered":"<h2 class=\"product-detail__specs-title\"><strong>TH\u00d4NG TIN CHUNG<\/strong><\/h2>\n<div id=\"js-product-detail__specs\" class=\"product-detail__specs\">\n<div class=\"row\">\n<div class=\"col-sm-12\">\n<div class=\"product-specs__table\">\n<table>\n<tbody>\n<tr>\n<td class=\"specs-table__property\">Th\u01b0\u01a1ng hi\u1ec7u<\/td>\n<td class=\"specs-table__value\">Emborg<\/td>\n<\/tr>\n<tr>\n<td class=\"specs-table__property\">Xu\u1ea5t x\u1ee9<\/td>\n<td class=\"specs-table__value\">\u0110\u1ee9c<\/td>\n<\/tr>\n<tr>\n<td class=\"specs-table__property\">H\u1ea1n s\u1eed d\u1ee5ng<\/td>\n<td class=\"specs-table__value\">12 th\u00e1ng<\/td>\n<\/tr>\n<tr>\n<td class=\"specs-table__property\">H\u01b0\u1edbng d\u1eabn s\u1eed d\u1ee5ng<\/td>\n<td class=\"specs-table__value\">D\u00f9ng tr\u1ef1c ti\u1ebfp ho\u1eb7c ch\u1ebf bi\u1ebfn c\u00e1c m\u00f3n \u0103n tu\u1ef3 th\u00edch<\/td>\n<\/tr>\n<tr>\n<td class=\"specs-table__property\">H\u01b0\u1edbng d\u1eabn b\u1ea3o qu\u1ea3n<\/td>\n<td class=\"specs-table__value\">B\u1ea3o qu\u1ea3n t\u1ee7 l\u1ea1nh nhi\u1ec7t \u0111\u1ed9 t\u1eeb 4 \u0111\u1ebfn 8 \u0111\u1ed9 C<\/td>\n<\/tr>\n<tr>\n<td class=\"specs-table__property\">Th\u00e0nh ph\u1ea7n nguy\u00ean li\u1ec7u<\/td>\n<td class=\"specs-table__value\">Nh\u01b0 tr\u00ean bao b\u00ec<\/td>\n<\/tr>\n<tr>\n<td class=\"specs-table__property\">Kh\u1ed1i l\u01b0\u1ee3ng\/Th\u1ec3 t\u00edch<\/td>\n<td class=\"specs-table__value\">300g<\/td>\n<\/tr>\n<\/tbody>\n<\/table>\n<h5>Emborg l\u00e0 s\u1ea3n ph\u1ea9m danh gi\u00e1 c\u1ee7a t\u1eadp \u0111o\u00e0n Uhrenholt A\/S \u0110an M\u1ea1ch. \u00f4ng Khesley Koh \u2013 Gi\u00e1m \u0111\u1ed1c nh\u00e3n hi\u1ec7u Emborg t\u1ea1i Vi\u1ec7t Nam cam k\u1ebft v\u1ec1 ch\u1ea5t l\u01b0\u1ee3ng c\u0169ng nh\u01b0 quy tr\u00ecnh ki\u1ec3m \u0111\u1ecbnh t\u1eebng s\u1ea3n ph\u1ea9m c\u1ee7a h\u00e3ng \u0111\u1ec3 b\u1ea1n an t\u00e2m s\u1eed d\u1ee5ng.<\/h5>\n<h5>Emborg hi\u1ec7n \u0111\u00e3 c\u00f3 m\u1eb7t kh\u1eafp 67 qu\u1ed1c gia,\u00a0\u0111em \u0111\u1ebfn tay ng\u01b0\u1eddi ti\u00eau d\u00f9ng h\u01a1n 300 s\u1ea3n ph\u1ea9m ph\u1ee5c v\u1ee5 b\u1eefa \u0103n h\u00e0ng ng\u00e0y nh\u01b0\u00a0th\u1ecbt,\u00a0rau xanh,\u00a0h\u1ea3i s\u1ea3n \u0111\u00f4ng l\u1ea1nh,\u00a0b\u01a1,\u00a0ph\u00f4 mai,\u2026 Gi\u00e1 th\u00e0nh s\u1ea3n ph\u1ea9m h\u1ee3p l\u00fd v\u00e0 s\u1ea3n ph\u1ea9m ch\u1ee9a l\u01b0\u1ee3ng d\u01b0\u1ee1ng ch\u1ea5t d\u1ed3i d\u00e0o cung c\u1ea5p cho c\u01a1 th\u1ec3.<\/h5>\n<p><img fetchpriority=\"high\" decoding=\"async\" class=\"sFlh5c FyHeAf iPVvYb aligncenter\" src=\"https:\/\/havamall.com\/wp-content\/uploads\/2024\/10\/1200x900px_114272_Emborg_Greek_Style_Cheese_Block_Mobile_Serving.png\" alt=\"Greek Style Cheese Block - Emborg\" width=\"557\" height=\"418\" aria-hidden=\"false\" \/><\/p>\n<div>\n<p><strong>Ph\u00f4 mai Greek l\u00e0 m\u00f3n \u0103n ngon \u0111\u01b0\u1ee3c l\u00e0m t\u1eeb s\u1eefa d\u00ea, ch\u1ee9a nhi\u1ec1u ch\u1ea5t dinh d\u01b0\u1ee1ng t\u1ed1t cho s\u1ee9c kh\u1ecfe v\u00e0 r\u1ea5t d\u1ec5 \u0111\u1ec3 th\u00eam v\u00e0o ch\u1ebf \u0111\u1ed9 \u0103n.<\/strong><\/p>\n<p>Greek l\u00e0 lo\u1ea1i ph\u00f4 mai n\u1ed5i ti\u1ebfng nh\u1ea5t \u1edf Hy L\u1ea1p v\u1edbi k\u1ebft c\u1ea5u m\u1ec1m, tr\u1eafng, r\u1ea5t b\u1ed5 d\u01b0\u1ee1ng v\u00e0 ch\u1ee9a nhi\u1ec1u canxi. Lo\u1ea1i ph\u00f4 mai n\u00e0y xu\u1ea5t hi\u1ec7n kh\u00e1 nhi\u1ec1u trong n\u1ec1n \u1ea9m th\u1ef1c \u0110\u1ecba Trung H\u1ea3i v\u00e0 c\u00f3 th\u1ec3 \u0111\u01b0\u1ee3c d\u00f9ng \u0111\u1ec3 ch\u1ebf bi\u1ebfn nhi\u1ec1u m\u00f3n \u0103n, t\u1eeb m\u00f3n khai v\u1ecb \u0111\u1ebfn m\u00f3n tr\u00e1ng mi\u1ec7ng.<\/p>\n<p><em>\u0110\u1ed1i v\u1edbi nh\u1eefng ng\u01b0\u1eddi th\u00edch v\u1ecb m\u1eb7n c\u1ee7a m\u1ecdi th\u1ee9, l\u1ef1a ch\u1ecdn t\u1ed1t nh\u1ea5t c\u1ee7a b\u1ea1n l\u00e0 s\u1ef1 k\u1ebft h\u1ee3p d\u1ec5 d\u00e0ng nh\u1ea5t c\u00f3 th\u1ec3 c\u1ee7a \u00f4 liu nh\u1ed3i ph\u00f4 mai feta theo phong c\u00e1ch \u0110\u1ecba Trung H\u1ea3i, m\u1ed9t c\u1eb7p h\u01b0\u01a1ng v\u1ecb ch\u00e0o \u0111\u00f3n v\u00f4 s\u1ed1 kh\u1ea3 n\u0103ng cho c\u00e1c m\u00f3n \u0103n k\u00e8m v\u00e0 gia v\u1ecb.<br \/>\n<\/em><\/p>\n<p><strong>H\u01b0\u01a1ng v\u1ecb Hy L\u1ea1p \u0111\u1eb7c tr\u01b0ng:<\/strong> V\u1ecb m\u1eb7n nh\u1eb9, h\u01a1i chua, k\u1ebft c\u1ea5u m\u1ec1m m\u1ecbn, h\u01a1i v\u1ee5n.<\/p>\n<\/div>\n<div>\n<ul>\n<li><strong>\u0110a d\u1ea1ng c\u00f4ng d\u1ee5ng:<\/strong> C\u00f3 th\u1ec3 d\u00f9ng \u0111\u1ec3 l\u00e0m salad, b\u00e1nh m\u00ec k\u1eb9p, ho\u1eb7c k\u1ebft h\u1ee3p v\u1edbi c\u00e1c m\u00f3n \u0103n kh\u00e1c.<\/li>\n<li><strong>Ch\u1ea5t l\u01b0\u1ee3ng cao:<\/strong> \u0110\u01b0\u1ee3c l\u00e0m t\u1eeb s\u1eefa b\u00f2 t\u01b0\u01a1i nguy\u00ean ch\u1ea5t v\u00e0 c\u00e1c nguy\u00ean li\u1ec7u t\u1ef1 nhi\u00ean, \u0111\u1ea3m b\u1ea3o an to\u00e0n v\u1ec7 sinh th\u1ef1c ph\u1ea9m.<\/li>\n<li><strong>D\u1ec5 b\u1ea3o qu\u1ea3n:<\/strong> C\u00f3 th\u1ec3 b\u1ea3o qu\u1ea3n trong ng\u0103n m\u00e1t t\u1ee7 l\u1ea1nh.<\/li>\n<\/ul>\n<p><img decoding=\"async\" class=\"sFlh5c FyHeAf iPVvYb aligncenter\" src=\"https:\/\/havamall.com\/wp-content\/uploads\/2024\/10\/making-the-best-feta-stuffed-olive-appetizers-1723063432.png\" alt=\"\u00d4 liu Ng\u00e2m &amp; Ph\u00f4 Mai Feta L\u00e0m M\u00f3n Khai V\u1ecb L\u00e0m H\u00e0i L\u00f2ng Kh\u00e1ch H\u00e0ng C\u1ee7a B\u1ea1n | Nguy\u00ean H\u00e0 chuy\u00ean cung c\u1ea5p x\u00fac x\u00edch, pate, Jambon, th\u1ecbt x\u00f4ng kh\u00f3i, th\u1ef1c\" aria-hidden=\"false\" \/><\/p>\n<div>\n<div>\n<h3><strong>&#8211; C\u00f4ng d\u1ee5ng:<\/strong><\/h3>\n<ul>\n<li><strong>L\u00e0m salad:<\/strong> T\u1ea1o th\u00eam h\u01b0\u01a1ng v\u1ecb v\u00e0 k\u1ebft c\u1ea5u cho c\u00e1c lo\u1ea1i salad.<\/li>\n<li><strong>B\u00e1nh m\u00ec k\u1eb9p:<\/strong> K\u1ebft h\u1ee3p v\u1edbi c\u00e1c lo\u1ea1i rau c\u1ee7, th\u1ecbt ngu\u1ed9i t\u1ea1o n\u00ean nh\u1eefng chi\u1ebfc b\u00e1nh m\u00ec k\u1eb9p th\u01a1m ngon.<\/li>\n<li><strong>M\u00f3n \u0103n khai v\u1ecb:<\/strong> D\u00f9ng k\u00e8m v\u1edbi b\u00e1nh m\u00ec ho\u1eb7c c\u00e1c lo\u1ea1i b\u00e1nh quy.<\/li>\n<li><strong>N\u1ea5u \u0103n:<\/strong> C\u00f3 th\u1ec3 d\u00f9ng \u0111\u1ec3 n\u1ea5u c\u00e1c m\u00f3n \u0103n nh\u01b0 moussaka, souvlaki.<\/li>\n<\/ul>\n<\/div>\n<\/div>\n<\/div>\n<p>&nbsp;<\/p>\n<\/div>\n<\/div>\n<\/div>\n<\/div>","protected":false},"excerpt":{"rendered":"<p>TH\u00d4NG TIN CHUNG Th\u01b0\u01a1ng hi\u1ec7u Emborg Xu\u1ea5t x\u1ee9 \u0110\u1ee9c H\u1ea1n s\u1eed d\u1ee5ng 12 th\u00e1ng H\u01b0\u1edbng d\u1eabn s\u1eed d\u1ee5ng D\u00f9ng tr\u1ef1c<\/p>","protected":false},"featured_media":36617,"comment_status":"open","ping_status":"closed","template":"","meta":[],"product_brand":[],"product_cat":[36,708,730,275],"product_tag":[],"class_list":{"0":"post-36616","1":"product","2":"type-product","3":"status-publish","4":"has-post-thumbnail","6":"product_cat-thuc-pham-tieu-dung","7":"product_cat-bo-sua-pho-mai","8":"product_cat-cac-nuoc-khac","9":"product_cat-thuc-pham-dong-lanh","10":"pa_brand-emborg","12":"first","13":"outofstock","14":"sale","15":"shipping-taxable","16":"purchasable","17":"product-type-simple"},"_links":{"self":[{"href":"https:\/\/havamall.com\/en\/wp-json\/wp\/v2\/product\/36616","targetHints":{"allow":["GET"]}}],"collection":[{"href":"https:\/\/havamall.com\/en\/wp-json\/wp\/v2\/product"}],"about":[{"href":"https:\/\/havamall.com\/en\/wp-json\/wp\/v2\/types\/product"}],"replies":[{"embeddable":true,"href":"https:\/\/havamall.com\/en\/wp-json\/wp\/v2\/comments?post=36616"}],"version-history":[{"count":0,"href":"https:\/\/havamall.com\/en\/wp-json\/wp\/v2\/product\/36616\/revisions"}],"wp:featuredmedia":[{"embeddable":true,"href":"https:\/\/havamall.com\/en\/wp-json\/wp\/v2\/media\/36617"}],"wp:attachment":[{"href":"https:\/\/havamall.com\/en\/wp-json\/wp\/v2\/media?parent=36616"}],"wp:term":[{"taxonomy":"product_brand","embeddable":true,"href":"https:\/\/havamall.com\/en\/wp-json\/wp\/v2\/product_brand?post=36616"},{"taxonomy":"product_cat","embeddable":true,"href":"https:\/\/havamall.com\/en\/wp-json\/wp\/v2\/product_cat?post=36616"},{"taxonomy":"product_tag","embeddable":true,"href":"https:\/\/havamall.com\/en\/wp-json\/wp\/v2\/product_tag?post=36616"}],"curies":[{"name":"wp","href":"https:\/\/api.w.org\/{rel}","templated":true}]}}