{"id":36632,"date":"2024-10-19T16:39:22","date_gmt":"2024-10-19T09:39:22","guid":{"rendered":"https:\/\/havamall.com\/?post_type=product&#038;p=36632"},"modified":"2025-06-03T15:43:25","modified_gmt":"2025-06-03T08:43:25","slug":"pho-mai-lat-burger-burger-slices-cheese-200g","status":"publish","type":"product","link":"https:\/\/havamall.com\/en\/shop\/pho-mai-lat-burger-burger-slices-cheese-200g\/","title":{"rendered":"Ph\u00f4 Mai L\u00e1t Burger &#8211; Burger Slices Cheese 200g"},"content":{"rendered":"<table>\n<tbody>\n<tr>\n<td>Th\u01b0\u01a1ng hi\u1ec7u<\/td>\n<td>Emborg<\/td>\n<\/tr>\n<tr>\n<td>Xu\u1ea5t x\u1ee9<\/td>\n<td>Ba Lan<\/td>\n<\/tr>\n<tr>\n<td>Th\u00e0nh ph\u1ea7n<\/td>\n<td>Ph\u00f4 mai, b\u01a1, s\u1eefa b\u1ed9t t\u00e1ch b\u00e9o, mu\u1ed1i,\u2026<\/td>\n<\/tr>\n<tr>\n<td>H\u1ea1n s\u1eed d\u1ee5ng<\/td>\n<td>12 th\u00e1ng k\u1ec3 t\u1eeb ng\u00e0y s\u1ea3n xu\u1ea5t.<\/td>\n<\/tr>\n<tr>\n<td>B\u1ea3o qu\u1ea3n<\/td>\n<td>B\u1ea3o qu\u1ea3n l\u1ea1nh t\u1eeb 2-4\u2070C<\/td>\n<\/tr>\n<tr>\n<td>Kh\u1ed1i l\u01b0\u1ee3ng t\u1ecbnh<\/td>\n<td>200g<\/td>\n<\/tr>\n<\/tbody>\n<\/table>\n<h5>Emborg l\u00e0 s\u1ea3n ph\u1ea9m danh gi\u00e1 c\u1ee7a t\u1eadp \u0111o\u00e0n Uhrenholt A\/S \u0110an M\u1ea1ch. \u00f4ng Khesley Koh \u2013 Gi\u00e1m \u0111\u1ed1c nh\u00e3n hi\u1ec7u Emborg t\u1ea1i Vi\u1ec7t Nam cam k\u1ebft v\u1ec1 ch\u1ea5t l\u01b0\u1ee3ng c\u0169ng nh\u01b0 quy tr\u00ecnh ki\u1ec3m \u0111\u1ecbnh t\u1eebng s\u1ea3n ph\u1ea9m c\u1ee7a h\u00e3ng \u0111\u1ec3 b\u1ea1n an t\u00e2m s\u1eed d\u1ee5ng.<\/h5>\n<h5>Emborg hi\u1ec7n \u0111\u00e3 c\u00f3 m\u1eb7t kh\u1eafp 67 qu\u1ed1c gia, \u0111em \u0111\u1ebfn tay ng\u01b0\u1eddi ti\u00eau d\u00f9ng h\u01a1n 300 s\u1ea3n ph\u1ea9m ph\u1ee5c v\u1ee5 b\u1eefa \u0103n h\u00e0ng ng\u00e0y nh\u01b0 th\u1ecbt, rau xanh, h\u1ea3i s\u1ea3n \u0111\u00f4ng l\u1ea1nh, b\u01a1, ph\u00f4 mai,\u2026 Gi\u00e1 th\u00e0nh s\u1ea3n ph\u1ea9m h\u1ee3p l\u00fd v\u00e0 s\u1ea3n ph\u1ea9m ch\u1ee9a l\u01b0\u1ee3ng d\u01b0\u1ee1ng ch\u1ea5t d\u1ed3i d\u00e0o cung c\u1ea5p cho c\u01a1 th\u1ec3.<\/h5>\n<p><img fetchpriority=\"high\" decoding=\"async\" class=\"sFlh5c FyHeAf iPVvYb aligncenter\" src=\"https:\/\/havamall.com\/wp-content\/uploads\/2024\/10\/1200x900px_114295_Emborg_Perfect_Burger_Slices_Mobile_Serving.png\" alt=\"Perfect Burger Slices - Emborg\" width=\"707\" height=\"530\" aria-hidden=\"false\" \/><\/p>\n<p>T\u1eeb ngu\u1ed3n s\u1eefa \u0111\u01b0\u1ee3c tuy\u1ec3n ch\u1ecdn k\u1ef9 c\u00e0ng, k\u1ebft h\u1ee3p v\u1edbi th\u00e0nh ph\u1ea7n v\u00e0 nguy\u00ean li\u1ec7u ho\u00e0n to\u00e0n t\u1ef1 nhi\u00ean, ph\u00f4 mai l\u00e1t m\u1ecfng \u0111em \u0111\u1ebfn cho ng\u01b0\u1eddi d\u00f9ng h\u01b0\u01a1ng v\u1ecb th\u01a1m ngon v\u00e0 \u0111\u1ea7y \u0111\u1ee7 ch\u1ea5t dinh d\u01b0\u1ee1ng, n\u0103ng l\u01b0\u1ee3ng c\u1ea7n thi\u1ebft cho m\u1ed9t ng\u00e0y l\u00e0m vi\u1ec7c, h\u1ecdc t\u1eadp n\u0103ng \u0111\u1ed9ng. Ph\u00f4 mai l\u00e1t m\u1ecfng Teama c\u00f3 h\u01b0\u01a1ng v\u1ecb th\u01a1m ngon v\u00e0 \u0111\u1ea7y s\u1ee9c l\u00f4i cu\u1ed1n. B\u1ea1n s\u1ebd c\u1ea3m nh\u1eadn \u0111\u01b0\u1ee3c \u0111\u1ed9 m\u1ec1m, h\u01b0\u01a1ng b\u00e9o th\u01a1m c\u00f9ng v\u1ecb m\u1eb1n m\u1eb7n \u0111\u1eb7c tr\u01b0ng c\u1ee7a ph\u00f4 mai cao c\u1ea5p. Ph\u00f4 mai d\u1ec5 d\u00e0ng \u0103n tr\u1ef1c ti\u1ebfp, d\u00f9ng k\u00e8m v\u1edbi b\u00e1nh m\u00ec ho\u1eb7c ch\u1ebf bi\u1ebfn th\u00e0nh nhi\u1ec1u m\u00f3n \u0103n h\u1ea5p d\u1eabn.<\/p>\n<p>Ph\u00f4 mai l\u00e1t m\u1ecfng \u0111\u01b0\u1ee3c ch\u1ebf bi\u1ebfn v\u00e0 s\u1ea3n xu\u1ea5t b\u1eb1ng c\u00f4ng th\u1ee9c, quy tr\u00ecnh s\u1ea3n xu\u1ea5t hi\u1ec7n \u0111\u1ea1i c\u00f3 s\u1ef1 gi\u00e1m s\u00e1t nghi\u00eam ng\u1eb7t, kh\u00e9p k\u00edn n\u00ean lu\u00f4n t\u1ea1o uy t\u00edn v\u1ec1 ch\u1ea5t l\u01b0\u1ee3ng v\u00e0 an to\u00e0n th\u1ef1c ph\u1ea9m.<\/p>\n<p>V\u1edbi th\u00e0nh ph\u1ea7n ho\u00e0n to\u00e0n t\u1eeb t\u1ef1 nhi\u00ean, t\u1eeb ngu\u1ed3n s\u1eefa \u0111\u01b0\u1ee3c tuy\u1ec3n ch\u1ecdn k\u1ef9 c\u00e0ng, ph\u00f4 mai l\u00e1t \u0111em \u0111\u1ebfn cho ng\u01b0\u1eddi d\u00f9ng h\u01b0\u01a1ng v\u1ecb th\u01a1m ngon,khi \u0103n s\u1ebd c\u1ea3m nh\u1eadn \u0111\u01b0\u1ee3c \u0111\u1ed9 m\u1ec1m, v\u1ecb b\u00e9o th\u01a1m c\u00f9ng v\u1ecb m\u1eb7n \u0111\u1eb7c tr\u01b0ng c\u1ee7a ph\u00f4 mai cao c\u1ea5p.<\/p>\n<p>S\u1ea3n ph\u1ea9m ch\u1ee9a nhi\u1ec1u ch\u1ea5t dinh d\u01b0\u1ee1ng g\u00f3p ph\u1ea7n b\u1ed5 sung dinh d\u01b0\u1ee1ng v\u00e0 n\u0103ng l\u01b0\u1ee3ng c\u1ea7n thi\u1ebft cho m\u1ed9t ng\u00e0y l\u00e0m vi\u1ec7c, h\u1ecdc t\u1eadp n\u0103ng \u0111\u1ed9ng.<\/p>\n<p><img decoding=\"async\" class=\"sFlh5c FyHeAf iPVvYb aligncenter\" src=\"https:\/\/havamall.com\/wp-content\/uploads\/2024\/10\/pho-mai-lat_d3639ea6-d1f6-4d1f-b5f0-6897c46bfca1.jpg\" alt=\"Ph\u00f4 mai l\u00e1t EMBORG 200g - T\u00e8obokki \u2013 T\u00e8obokki Store\" width=\"804\" height=\"804\" aria-hidden=\"false\" \/><\/p>\n<h4>\u00a0<strong>C\u00f4ng d\u1ee5ng c\u1ee7a ph\u00f4 mai:<\/strong><\/h4>\n<p>\u2013 Trong ph\u00f4 mai ch\u1ee9a\u00a0protein,\u00a0ch\u1ea5t b\u00e9o,\u00a0canxi\u00a0gi\u00fap cho c\u01a1 th\u1ec3 c\u1ee7a con ng\u01b0\u1eddi t\u0103ng c\u01b0\u1eddng c\u01a1 b\u1eafp v\u00e0 x\u01b0\u01a1ng kh\u1ecfe m\u1ea1nh.<\/p>\n<p>\u2013 Trong ph\u00f4 mai c\u00f3 ch\u1ee9a ch\u1ea5t axit linoleic (CLA) m\u00e0 axit n\u00e0y c\u00f3 th\u1ec3\u00a0gi\u00fap ng\u0103n ng\u1eeba ung th\u01b0.<\/p>\n<p>\u2013 Trong ph\u00f4 mai c\u00f3 ch\u1ee9a\u00a0vitamin A\u00a0gi\u00fap\u00a0duy tr\u00ec s\u1ee9c kh\u1ecfe v\u00e0 tr\u00e1nh c\u00e1c b\u1ec7nh v\u1ec1 m\u1eaft.<\/p>\n<p>\u2013 Ph\u00f4 mai c\u00f3 ch\u1ee9a\u00a0vitamin B, ngo\u00e0i vi\u1ec7c t\u1ed1t cho l\u00e0n da ho\u1eb7c gi\u1ea3m kh\u1ecfi nhi\u1ec1u b\u1ec7nh t\u1eadt m\u1ec7t m\u1ecfi.<\/p>\n<h4><strong>\u0110\u1eb7c \u0111i\u1ec3m n\u1ed5i b\u1eadt:<\/strong><\/h4>\n<p>\u2013 V\u1ecb ph\u00f4 mai \u0111\u1eb7c tr\u01b0ng, th\u01a1m ngon<\/p>\n<p>\u2013 \u0110\u1ea3m b\u1ea3o an to\u00e0n cho s\u1ee9c kh\u1ecfe<\/p>\n<p>\u2013 S\u1eed d\u1ee5ng cho tr\u1ebb em tr\u00ean 6 th\u00e1ng tu\u1ed5i<\/p>\n<p>\u2013 S\u1ea3n ph\u1ea9m \u0111\u00f3ng g\u00f3i nh\u1ecf g\u1ecdn cho b\u1ea1n d\u1ec5 d\u00e0ng s\u1eed d\u1ee5ng v\u00e0 b\u1ea3o qu\u1ea3n.<\/p>\n<h4><strong>C\u00e1ch s\u1eed d\u1ee5ng:<\/strong><\/h4>\n<p>\u2013 D\u00f9ng tr\u1ef1c ti\u1ebfp, \u0103n k\u00e8m v\u1edbi b\u00e1nh m\u00ec, ch\u1ebf bi\u1ebfn c\u00e1c m\u00f3n \u0103n, l\u00e0m b\u00e1nh.<\/p>\n<p>\u2013 L\u00e0m pizza<\/p>\n<p>\u2013 Ch\u1ebf bi\u1ebfn b\u00e1nh, c\u00e1c m\u00f3n \u0103n<\/p>\n<h4><strong>B\u1ea3o qu\u1ea3n:<\/strong><\/h4>\n<p>B\u1ecdc k\u00edn sau khi s\u1eed d\u1ee5ng, b\u1ea3o qu\u1ea3n \u1edf nhi\u1ec7t \u0111\u1ed9 m\u00e1t t\u1eeb 2 \u0111\u1ed9 C \u0111\u1ebfn 4 \u0111\u1ed9 C<\/p>\n<p>S\u1ea3n ph\u1ea9m hi\u1ec7n \u0111\u00e3 c\u00f3 m\u1eb7t t\u1ea1i Havamall.<\/p>","protected":false},"excerpt":{"rendered":"<p>Th\u01b0\u01a1ng hi\u1ec7u Emborg Xu\u1ea5t x\u1ee9 Ba Lan Th\u00e0nh ph\u1ea7n Ph\u00f4 mai, b\u01a1, s\u1eefa b\u1ed9t t\u00e1ch b\u00e9o, mu\u1ed1i,\u2026 H\u1ea1n s\u1eed d\u1ee5ng<\/p>","protected":false},"featured_media":36633,"comment_status":"open","ping_status":"closed","template":"","meta":[],"product_brand":[],"product_cat":[36,708,730,275],"product_tag":[],"class_list":{"0":"post-36632","1":"product","2":"type-product","3":"status-publish","4":"has-post-thumbnail","6":"product_cat-thuc-pham-tieu-dung","7":"product_cat-bo-sua-pho-mai","8":"product_cat-cac-nuoc-khac","9":"product_cat-thuc-pham-dong-lanh","10":"pa_brand-emborg","12":"first","13":"instock","14":"sale","15":"shipping-taxable","16":"purchasable","17":"product-type-simple"},"_links":{"self":[{"href":"https:\/\/havamall.com\/en\/wp-json\/wp\/v2\/product\/36632","targetHints":{"allow":["GET"]}}],"collection":[{"href":"https:\/\/havamall.com\/en\/wp-json\/wp\/v2\/product"}],"about":[{"href":"https:\/\/havamall.com\/en\/wp-json\/wp\/v2\/types\/product"}],"replies":[{"embeddable":true,"href":"https:\/\/havamall.com\/en\/wp-json\/wp\/v2\/comments?post=36632"}],"version-history":[{"count":0,"href":"https:\/\/havamall.com\/en\/wp-json\/wp\/v2\/product\/36632\/revisions"}],"wp:featuredmedia":[{"embeddable":true,"href":"https:\/\/havamall.com\/en\/wp-json\/wp\/v2\/media\/36633"}],"wp:attachment":[{"href":"https:\/\/havamall.com\/en\/wp-json\/wp\/v2\/media?parent=36632"}],"wp:term":[{"taxonomy":"product_brand","embeddable":true,"href":"https:\/\/havamall.com\/en\/wp-json\/wp\/v2\/product_brand?post=36632"},{"taxonomy":"product_cat","embeddable":true,"href":"https:\/\/havamall.com\/en\/wp-json\/wp\/v2\/product_cat?post=36632"},{"taxonomy":"product_tag","embeddable":true,"href":"https:\/\/havamall.com\/en\/wp-json\/wp\/v2\/product_tag?post=36632"}],"curies":[{"name":"wp","href":"https:\/\/api.w.org\/{rel}","templated":true}]}}