{"id":36652,"date":"2024-10-22T14:21:48","date_gmt":"2024-10-22T07:21:48","guid":{"rendered":"https:\/\/havamall.com\/?post_type=product&#038;p=36652"},"modified":"2025-08-22T16:53:48","modified_gmt":"2025-08-22T09:53:48","slug":"gia-vi-muoi-toi-mccormick-73g-garlic-salt-seasoning","status":"publish","type":"product","link":"https:\/\/havamall.com\/en\/shop\/gia-vi-muoi-toi-mccormick-73g-garlic-salt-seasoning\/","title":{"rendered":"Gia V\u1ecb Mu\u1ed1i T\u1ecfi McCormick 73g &#8211; Garlic Salt Seasoning"},"content":{"rendered":"<h2 class=\"product-detail__specs-title\"><strong>TH\u00d4NG TIN CHUNG<\/strong><\/h2>\n<div id=\"js-product-detail__specs\" class=\"product-detail__specs\">\n<div class=\"row\">\n<div class=\"col-sm-12\">\n<div class=\"product-specs__table\">\n<table>\n<tbody>\n<tr>\n<td class=\"specs-table__property\">Th\u01b0\u01a1ng hi\u1ec7u<\/td>\n<td class=\"specs-table__value\">McCormick<\/td>\n<\/tr>\n<tr>\n<td class=\"specs-table__property\">Xu\u1ea5t x\u1ee9<\/td>\n<td class=\"specs-table__value\">Ph\u00e1p<\/td>\n<\/tr>\n<tr>\n<td class=\"specs-table__property\">H\u1ea1n s\u1eed d\u1ee5ng<\/td>\n<td class=\"specs-table__value\">Xem tr\u00ean bao b\u00ec<\/td>\n<\/tr>\n<tr>\n<td class=\"specs-table__property\">H\u01b0\u1edbng d\u1eabn s\u1eed d\u1ee5ng<\/td>\n<td class=\"specs-table__value\">S\u1eed d\u1ee5ng tr\u1ef1c ti\u1ebfp ho\u1eb7c ch\u1ebf bi\u1ebfn m\u00f3n \u0103n<\/td>\n<\/tr>\n<tr>\n<td class=\"specs-table__property\">H\u01b0\u1edbng d\u1eabn b\u1ea3o qu\u1ea3n<\/td>\n<td class=\"specs-table__value\">N\u01a1i kh\u00f4 r\u00e1o, tho\u00e1ng m\u00e1t, tr\u00e1nh \u00e1nh n\u1eafng tr\u1ef1c ti\u1ebfp<\/td>\n<\/tr>\n<tr>\n<td class=\"specs-table__property\">Th\u00e0nh ph\u1ea7n nguy\u00ean li\u1ec7u<\/td>\n<td class=\"specs-table__value\">Xem tr\u00ean bao b\u00ec<\/td>\n<\/tr>\n<tr>\n<td class=\"specs-table__property\">Kh\u1ed1i l\u01b0\u1ee3ng<\/td>\n<td class=\"specs-table__value\">73g<\/td>\n<\/tr>\n<\/tbody>\n<\/table>\n<h3><strong>Th\u01b0\u01a1ng hi\u1ec7u McCormick<\/strong><\/h3>\n<p>\u0110\u01b0\u1ee3c th\u00e0nh l\u1eadp t\u1ea1i M\u1ef9 t\u1eeb n\u0103m 1889, McCormick l\u00e0 th\u01b0\u01a1ng hi\u1ec7u gia v\u1ecb h\u00e0ng \u0111\u1ea7u th\u1ebf gi\u1edbi, c\u00f3 chi nh\u00e1nh t\u1ea1i 90 qu\u1ed1c gia v\u1edbi h\u01a1n 200 lo\u1ea1i gia v\u1ecb ch\u1ebf bi\u1ebfn s\u1eb5n t\u1eeb rau th\u01a1m, gia v\u1ecb kh\u00f4, b\u1ed9t t\u1ea9m \u01b0\u1edbp, s\u1ed1t th\u1ecbt n\u01b0\u1edbng, gia v\u1ecb l\u00e0m m\u1ec1m th\u1ecbt, gia v\u1ecb ch\u1ebf bi\u1ebfn h\u1ea3i s\u1ea3n, b\u01a1 t\u1ecfi\u2026<\/p>\n<p><img fetchpriority=\"high\" decoding=\"async\" class=\"aligncenter\" src=\"https:\/\/scontent.fsgn8-3.fna.fbcdn.net\/v\/t39.30808-6\/326062982_704924224479060_4200672508456203592_n.jpg?_nc_cat=106&amp;ccb=1-7&amp;_nc_sid=cc71e4&amp;_nc_eui2=AeFELqLqT9MOefVOFO0_jm5W5CNd6ALK5tHkI13oAsrm0TiznK2xnziepQB3KfoKE4UnaEwpzv-VL0_dkEM-yqWe&amp;_nc_ohc=aMEJpwG3N90Q7kNvgHWZpYW&amp;_nc_zt=23&amp;_nc_ht=scontent.fsgn8-3.fna&amp;_nc_gid=AM8eKMxHeIPUFfgGyOCLlwB&amp;oh=00_AYDxwwAXhDPya5WIw0PkkSNKupWNoF4erjvw0_nCQMPQbw&amp;oe=671D348F\" alt=\"Kh\u00f4ng c\u00f3 m\u00f4 t\u1ea3 \u1ea3nh.\" width=\"976\" height=\"361\" \/><\/p>\n<h3><strong>Mu\u1ed1i t\u1ecfi garlic salt<\/strong><\/h3>\n<p>Mu\u1ed1i t\u1ecfi \u0111\u01b0\u1ee3c l\u00e0m t\u1eeb mu\u1ed1i v\u00e0 t\u1ecfi kh\u00f4 xay v\u1ee5n. Mu\u1ed1i t\u1ecfi c\u00f3 h\u01b0\u01a1ng v\u1ecb ri\u00eang, t\u1ecfi kh\u00f4 th\u01a1m \u0111\u1eadm \u0111\u00e0 h\u01a1n, ng\u1ecdt v\u00e0 \u00edt h\u0103ng h\u01a1n t\u1ecfi t\u01b0\u01a1i. Mu\u1ed1i t\u1ecfi \u0111\u01b0\u1ee3c l\u00e0m \u0111\u01a1n gi\u1ea3n t\u1eeb mu\u1ed1i bi\u1ec3n v\u00e0 t\u1ecfi d\u00f9ng l\u00e0m gia v\u1ecb trong n\u1ea5u \u0103n nh\u01b0 kho, x\u00e0o\u2026 B\u00ean c\u1ea1nh \u0111\u00f3, mu\u1ed1i t\u1ecfi c\u0169ng l\u00e0 m\u1ed9t v\u1ecb thu\u1ed1c tr\u1ecb \u0111\u01b0\u1ee3c r\u1ea5t nhi\u1ec1u b\u1ec7nh ph\u1ed5 bi\u1ebfn v\u00e0 nguy hi\u1ec3m:<\/p>\n<ul>\n<li><em>Gi\u1ea3m l\u01b0\u1ee3ng cholesterol trong m\u00e1u:<\/em>\u00a0B\u1ed9t t\u1ecfi \u0111\u1eb7c bi\u1ec7t c\u00f3 hi\u1ec7u qu\u1ea3 trong vi\u1ec7c gi\u00fap gi\u1ea3m LDL (cholesterol x\u1ea5u) v\u00e0 l\u00e0m t\u0103ng HDL (cholesterol t\u1ed1t) trong c\u01a1 th\u1ec3.<\/li>\n<li><em>Gi\u1ea3m \u0111\u01b0\u1eddng c\u00f3 trong m\u00e1u:<\/em>\u00a0B\u1ed9t t\u1ecfi gi\u00fap t\u0103ng m\u1ee9c insulin trong m\u00e1u m\u1ed9t c\u00e1ch t\u1ef1 nhi\u00ean v\u00e0 c\u00f3 th\u1ec3 gi\u00fap b\u1ea1n ki\u1ec3m so\u00e1t b\u1ec7nh \u0111\u00e1i th\u00e1o \u0111\u01b0\u1eddng.<\/li>\n<li><em>H\u1ed7 tr\u1ee3 ng\u01b0\u1eddi m\u1eafc b\u1ec7nh huy\u1ebft \u00e1p:<\/em>\u00a0B\u1edfi v\u00ec t\u1ecfi c\u00f3 ch\u1ee9a h\u1ee3p ch\u1ea5t l\u00e0m th\u01b0 gi\u00e3n c\u00e1c m\u1ea1ch m\u00e1u, t\u1eeb \u0111\u00f3 gi\u00fap gi\u1ea3m b\u1edbt l\u01b0u l\u01b0\u1ee3ng m\u00e1u d\u1eabn t\u1edbi l\u00e0m gi\u1ea3m huy\u1ebft \u00e1p.<\/li>\n<li><em>Kh\u1ea3 n\u0103ng kh\u00e1ng vi\u00eam tuy\u1ec7t v\u1eddi:<\/em>\u00a0Mu\u1ed1i t\u1ecfi \u0111\u01b0\u1ee3c s\u1eed d\u1ee5ng r\u1ed9ng r\u00e3i \u0111\u1ec3 \u0111i\u1ec1u tr\u1ecb c\u00e1c r\u1ed1i lo\u1ea1n vi\u00eam nh\u01b0 vi\u00eam ph\u1ebf qu\u1ea3n v\u00e0 vi\u00eam m\u0169i.<\/li>\n<li><em>T\u0103ng c\u01b0\u1eddng s\u1ee9c kh\u1ecfe x\u01b0\u01a1ng:<\/em>\u00a0Mu\u1ed1i t\u1ecfi c\u00f3 t\u00e1c d\u1ee5ng kh\u1eafc ph\u1ee5c s\u1ef1 thi\u1ebfu h\u1ee5t estrogen \u2013 hormone, ch\u1ea5t \u0111\u00f3ng g\u00f3p tr\u1ef1c ti\u1ebfp v\u00e0o s\u1ef1 ph\u00e1t tri\u1ec3n x\u01b0\u01a1ng.<\/li>\n<li><em>Gi\u00e0u kho\u00e1ng ch\u1ea5t v\u00e0 vitamin:<\/em>\u00a0T\u1ecfi t\u01b0\u01a1i r\u1ea5t b\u1ed5 d\u01b0\u1ee1ng, gi\u00e0u vitamin v\u00e0 kho\u00e1ng ch\u1ea5t thi\u1ebft y\u1ebfu..<\/li>\n<li><em>Ch\u1ee9a ch\u1ea5t allium th\u00fac \u0111\u1ea9y qu\u00e1 tr\u00ecnh chuy\u1ec3n h\u00f3a:<\/em>\u00a0T\u1ecfi c\u00f3 ch\u1ee9a allium, ch\u1ea5t k\u00edch th\u00edch nhi\u1ec1u qu\u00e1 tr\u00ecnh kh\u00e1c nhau trong c\u01a1 th\u1ec3.<\/li>\n<li><em>\u1ee8c ch\u1ebf t\u1ebf b\u00e0o ung th\u01b0:<\/em>\u00a0Trong t\u1ecfi c\u00f3 ch\u1ee9a ch\u1ea5t ch\u1ed1ng oxy h\u00f3a c\u00f3 th\u1ec3 lo\u1ea1i b\u1ecf c\u00e1c g\u1ed1c t\u1ef1 do kh\u1ecfi c\u01a1 th\u1ec3. S\u1eed d\u1ee5ng mu\u1ed1i t\u1ecfi l\u00e0m t\u0103ng l\u01b0\u1ee3ng ch\u1ea5t ch\u1ed1ng \u00f4xy h\u00f3a trong c\u01a1 th\u1ec3, t\u1eeb \u0111\u00f3 gi\u00fap ng\u0103n ng\u1eeba ung th\u01b0 v\u00e0 \u1ee9c ch\u1ebf t\u1ebf b\u00e0o ung th\u01b0.<\/li>\n<li><em>\u0110i\u1ec1u tr\u1ecb b\u1ec7nh Scorbut:<\/em>\u00a0B\u1ec7nh Scorbut l\u00e0 m\u1ed9t b\u1ec7nh do thi\u1ebfu h\u1ee5t vitamin C, bi\u1ec3u hi\u1ec7n d\u01b0\u1edbi nh\u1eefng tri\u1ec7u ch\u1ee9ng nh\u01b0 ch\u1ea3y m\u00e1u n\u01b0\u1edbu r\u0103ng, ch\u1eadm l\u00e0nh v\u1ebft th\u01b0\u01a1ng, c\u00e1c v\u1ebft th\u00e2m t\u00edm r\u1ed9ng\u2026 Mu\u1ed1i t\u1ecfi c\u00f3 ch\u1ee9a nhi\u1ec1u vitamin C, c\u00f3 th\u1ec3 gi\u00fap \u0111i\u1ec1u tr\u1ecb hi\u1ec7u qu\u1ea3 b\u1ec7nh n\u00e0y.<\/li>\n<li><em>C\u1ea3i thi\u1ec7n h\u1ec7 ti\u00eau h\u00f3a:<\/em>\u00a0Mu\u1ed1i t\u1ecfi c\u00f3 ch\u1ea5t x\u01a1. Ch\u1ea5t x\u01a1 n\u00e0y l\u00e0 m\u1ed9t t\u00e1c nh\u00e2n quan tr\u1ecdng trong v\u1eadn h\u00e0nh c\u1ee7a \u0111\u01b0\u1eddng ti\u00eau h\u00f3a. Ch\u1ea5t x\u01a1 gi\u00fap gi\u1ea3m m\u1ed9t s\u1ed1 b\u1ec7nh, ch\u1eb3ng h\u1ea1n nh\u01b0 t\u00e1o b\u00f3n, ti\u00eau ch\u1ea3y v\u00e0 \u0111\u1ea7y h\u01a1i.<\/li>\n<\/ul>\n<p><img decoding=\"async\" class=\"aligncenter\" src=\"https:\/\/havamall.com\/wp-content\/uploads\/2024\/10\/kgvevknui39p9wdvnj9c_387afbe3-c3e8-46d8-86c1-93702bd211af.jpg\" alt=\"McCormick\u00ae Garlic Powder, 5.37 oz\" width=\"677\" height=\"677\" \/><\/p>\n<p><strong>Xu\u1ea5t x\u1ee9:<\/strong>\u00a0Morocco (Ma-r\u1ed1c)<\/p>\n<p><strong>Th\u00e0nh ph\u1ea7n:<\/strong>\u00a0Mu\u1ed1i, t\u1ecfi.<\/p>\n<p><strong>H\u01b0\u1edbng d\u1eabn s\u1eed d\u1ee5ng:<\/strong>\u00a0M\u1ed9t ch\u00fat mu\u1ed1i t\u1ecfi r\u1eafc l\u00ean b\u1ecfng ng\u00f4 khi\u1ebfn m\u00f3n \u0103n v\u1eb7t n\u00e0y ngon h\u01a1n b\u1ed9i ph\u1ea7n, Mu\u1ed1i t\u1ecfi d\u00f9ng \u0111\u1ec3 \u01b0\u1edbp cho nh\u1eefng m\u00f3n th\u1ecbt n\u01b0\u1edbng, rau c\u1ee7 n\u01b0\u1edbng c\u0169ng l\u00e0 l\u1ef1a ch\u1ecdn t\u1ed1t b\u1edfi t\u1ecfi t\u01b0\u01a1i th\u01b0\u1eddng c\u00f3 xu h\u01b0\u1edbng ch\u00e1y khi \u01b0\u1edbp ki\u1ec3u n\u00e0y.<\/p>\n<p>M\u1ed9t s\u1ef1 pha tr\u1ed9n tinh t\u1ebf gi\u1eefa mu\u1ed1i bi\u1ec3n th\u00f4 v\u00e0 t\u1ecfi l\u00ean men, Mu\u1ed1i T\u1ecfi McCormick l\u00e0 s\u1ef1 b\u1ed5 sung ho\u00e0n h\u1ea3o cho b\u1ea5t k\u1ef3 m\u00f3n \u0103n n\u00e0o, t\u1eeb b\u00edt t\u1ebft \u0111\u1ebfn s\u01b0\u1eddn v\u00e0 g\u00e0. V\u1edbi v\u1ecb umami \u0111\u1eb7c tr\u01b0ng, lo\u1ea1i gia v\u1ecb n\u00e0y kh\u00f4ng ch\u1ec9 l\u00e0m t\u0103ng m\u00e0u s\u1eafc m\u00e0 c\u00f2n l\u00e0m phong ph\u00fa h\u01b0\u01a1ng v\u1ecb cho c\u00e1c m\u00f3n \u0103n c\u1ee7a b\u1ea1n.<\/p>\n<p>Mu\u1ed1i T\u1ecfi McCormick l\u00e0 s\u1ef1 k\u1ebft h\u1ee3p ho\u00e0n h\u1ea3o gi\u1eefa mu\u1ed1i v\u00e0 t\u1ecfi, mang l\u1ea1i s\u1ef1 m\u1edbi l\u1ea1 cho b\u1ebfp \u0103n gia \u0111\u00ecnh. Ch\u1ec9 c\u1ea7n m\u1ed9t ch\u00fat gia v\u1ecb n\u00e0y c\u00f3 th\u1ec3 bi\u1ebfn m\u00f3n \u0103n th\u01b0\u1eddng nh\u1eadt tr\u1edf n\u00ean h\u1ea5p d\u1eabn v\u00e0 \u0111\u1ea7y h\u01b0\u01a1ng v\u1ecb.<\/p>\n<p>S\u1ea3n ph\u1ea9m Mu\u1ed1i T\u1ecfi McCormick l\u00e0 d\u00f2ng gia v\u1ecb cao c\u1ea5p, \u0111\u01b0\u1ee3c s\u1ea3n xu\u1ea5t v\u00e0 \u0111\u00f3ng g\u00f3i b\u1eb1ng c\u00f4ng ngh\u1ec7 hi\u1ec7n \u0111\u1ea1i, \u0111\u1ea3m b\u1ea3o gi\u1eef nguy\u00ean ch\u1ea5t l\u01b0\u1ee3ng v\u00e0 h\u01b0\u01a1ng v\u1ecb \u0111\u1eb7c tr\u01b0ng. S\u1ea3n ph\u1ea9m n\u00e0y d\u1ec5 d\u00e0ng b\u1ea3o qu\u1ea3n l\u00e2u d\u00e0i m\u00e0 kh\u00f4ng lo m\u1ea5t m\u00f9i.<\/p>\n<\/div>\n<\/div>\n<\/div>\n<\/div>","protected":false},"excerpt":{"rendered":"<p>TH\u00d4NG TIN CHUNG Th\u01b0\u01a1ng hi\u1ec7u McCormick Xu\u1ea5t x\u1ee9 Ph\u00e1p H\u1ea1n s\u1eed d\u1ee5ng Xem tr\u00ean bao b\u00ec H\u01b0\u1edbng d\u1eabn s\u1eed d\u1ee5ng<\/p>","protected":false},"featured_media":36653,"comment_status":"open","ping_status":"closed","template":"","meta":[],"product_brand":[],"product_cat":[36,154,595,723,40],"product_tag":[],"class_list":{"0":"post-36652","1":"product","2":"type-product","3":"status-publish","4":"has-post-thumbnail","6":"product_cat-thuc-pham-tieu-dung","7":"product_cat-gia-vi","8":"product_cat-gia-vi-va-che-bien","9":"product_cat-nhap-khau-phap","10":"product_cat-sieuthi-giasi","11":"pa_brand-mccormick","13":"first","14":"outofstock","15":"sale","16":"shipping-taxable","17":"purchasable","18":"product-type-simple"},"_links":{"self":[{"href":"https:\/\/havamall.com\/en\/wp-json\/wp\/v2\/product\/36652","targetHints":{"allow":["GET"]}}],"collection":[{"href":"https:\/\/havamall.com\/en\/wp-json\/wp\/v2\/product"}],"about":[{"href":"https:\/\/havamall.com\/en\/wp-json\/wp\/v2\/types\/product"}],"replies":[{"embeddable":true,"href":"https:\/\/havamall.com\/en\/wp-json\/wp\/v2\/comments?post=36652"}],"version-history":[{"count":0,"href":"https:\/\/havamall.com\/en\/wp-json\/wp\/v2\/product\/36652\/revisions"}],"wp:featuredmedia":[{"embeddable":true,"href":"https:\/\/havamall.com\/en\/wp-json\/wp\/v2\/media\/36653"}],"wp:attachment":[{"href":"https:\/\/havamall.com\/en\/wp-json\/wp\/v2\/media?parent=36652"}],"wp:term":[{"taxonomy":"product_brand","embeddable":true,"href":"https:\/\/havamall.com\/en\/wp-json\/wp\/v2\/product_brand?post=36652"},{"taxonomy":"product_cat","embeddable":true,"href":"https:\/\/havamall.com\/en\/wp-json\/wp\/v2\/product_cat?post=36652"},{"taxonomy":"product_tag","embeddable":true,"href":"https:\/\/havamall.com\/en\/wp-json\/wp\/v2\/product_tag?post=36652"}],"curies":[{"name":"wp","href":"https:\/\/api.w.org\/{rel}","templated":true}]}}