{"id":36667,"date":"2024-10-23T09:28:25","date_gmt":"2024-10-23T02:28:25","guid":{"rendered":"https:\/\/havamall.com\/?post_type=product&#038;p=36667"},"modified":"2025-03-22T15:00:05","modified_gmt":"2025-03-22T08:00:05","slug":"la-hung-tay-mccormick-12g-thyme-leaves","status":"publish","type":"product","link":"https:\/\/havamall.com\/en\/shop\/la-hung-tay-mccormick-12g-thyme-leaves\/","title":{"rendered":"L\u00e1 H\u00fang T\u00e2y McCormick 12g &#8211; Thyme Leaves"},"content":{"rendered":"<h2 class=\"product-detail__specs-title\"><strong>TH\u00d4NG TIN CHUNG<\/strong><\/h2>\n<div id=\"js-product-detail__specs\" class=\"product-detail__specs\">\n<div class=\"row\">\n<div class=\"col-sm-12\">\n<div class=\"product-specs__table\">\n<table style=\"width: 41.0451%;height: 168px\">\n<tbody>\n<tr style=\"height: 24px\">\n<td class=\"specs-table__property\" style=\"height: 24px\">Th\u01b0\u01a1ng hi\u1ec7u<\/td>\n<td class=\"specs-table__value\" style=\"height: 24px\">McCormick<\/td>\n<\/tr>\n<tr style=\"height: 24px\">\n<td class=\"specs-table__property\" style=\"height: 24px\">Xu\u1ea5t x\u1ee9<\/td>\n<td class=\"specs-table__value\" style=\"height: 24px\">Ph\u00e1p<\/td>\n<\/tr>\n<tr style=\"height: 24px\">\n<td class=\"specs-table__property\" style=\"height: 24px\">H\u1ea1n s\u1eed d\u1ee5ng<\/td>\n<td class=\"specs-table__value\" style=\"height: 24px\">Xem tr\u00ean bao b\u00ec<\/td>\n<\/tr>\n<tr style=\"height: 24px\">\n<td class=\"specs-table__property\" style=\"height: 24px\">H\u01b0\u1edbng d\u1eabn s\u1eed d\u1ee5ng<\/td>\n<td class=\"specs-table__value\" style=\"height: 24px\">S\u1eed d\u1ee5ng tr\u1ef1c ti\u1ebfp ho\u1eb7c ch\u1ebf bi\u1ebfn m\u00f3n \u0103n<\/td>\n<\/tr>\n<tr style=\"height: 24px\">\n<td class=\"specs-table__property\" style=\"height: 24px\">H\u01b0\u1edbng d\u1eabn b\u1ea3o qu\u1ea3n<\/td>\n<td class=\"specs-table__value\" style=\"height: 24px\">N\u01a1i kh\u00f4 r\u00e1o, tho\u00e1ng m\u00e1t, tr\u00e1nh \u00e1nh n\u1eafng tr\u1ef1c ti\u1ebfp<\/td>\n<\/tr>\n<tr style=\"height: 24px\">\n<td class=\"specs-table__property\" style=\"height: 24px\">Th\u00e0nh ph\u1ea7n nguy\u00ean li\u1ec7u<\/td>\n<td class=\"specs-table__value\" style=\"height: 24px\">Xem tr\u00ean bao b\u00ec<\/td>\n<\/tr>\n<tr style=\"height: 24px\">\n<td class=\"specs-table__property\" style=\"height: 24px\">Kh\u1ed1i l\u01b0\u1ee3ng<\/td>\n<td class=\"specs-table__value\" style=\"height: 24px\">12g<\/td>\n<\/tr>\n<\/tbody>\n<\/table>\n<h3><strong>Th\u01b0\u01a1ng hi\u1ec7u McCormick<\/strong><\/h3>\n<p>\u0110\u01b0\u1ee3c th\u00e0nh l\u1eadp t\u1ea1i M\u1ef9 t\u1eeb n\u0103m 1889, McCormick l\u00e0 th\u01b0\u01a1ng hi\u1ec7u gia v\u1ecb h\u00e0ng \u0111\u1ea7u th\u1ebf gi\u1edbi, c\u00f3 chi nh\u00e1nh t\u1ea1i 90 qu\u1ed1c gia v\u1edbi h\u01a1n 200 lo\u1ea1i gia v\u1ecb ch\u1ebf bi\u1ebfn s\u1eb5n t\u1eeb rau th\u01a1m, gia v\u1ecb kh\u00f4, b\u1ed9t t\u1ea9m \u01b0\u1edbp, s\u1ed1t th\u1ecbt n\u01b0\u1edbng, gia v\u1ecb l\u00e0m m\u1ec1m th\u1ecbt, gia v\u1ecb ch\u1ebf bi\u1ebfn h\u1ea3i s\u1ea3n, b\u01a1 t\u1ecfi\u2026<\/p>\n<p><img fetchpriority=\"high\" decoding=\"async\" class=\"aligncenter\" src=\"https:\/\/scontent.fsgn8-3.fna.fbcdn.net\/v\/t39.30808-6\/326062982_704924224479060_4200672508456203592_n.jpg?_nc_cat=106&amp;ccb=1-7&amp;_nc_sid=cc71e4&amp;_nc_eui2=AeFELqLqT9MOefVOFO0_jm5W5CNd6ALK5tHkI13oAsrm0TiznK2xnziepQB3KfoKE4UnaEwpzv-VL0_dkEM-yqWe&amp;_nc_ohc=aMEJpwG3N90Q7kNvgHWZpYW&amp;_nc_zt=23&amp;_nc_ht=scontent.fsgn8-3.fna&amp;_nc_gid=AM8eKMxHeIPUFfgGyOCLlwB&amp;oh=00_AYDxwwAXhDPya5WIw0PkkSNKupWNoF4erjvw0_nCQMPQbw&amp;oe=671D348F\" alt=\"Kh\u00f4ng c\u00f3 m\u00f4 t\u1ea3 \u1ea3nh.\" width=\"976\" height=\"361\" \/><\/p>\n<h5>L\u00e1 H\u00fang t\u00e2y McCormick Parsley Flakes l\u00e0 gia v\u1ecb kh\u00f4ng th\u1ec3 thi\u1ebfu \u0111\u1ec3 l\u00e0m ra c\u00e1c m\u00f3n \u00c2u \u0111\u00fang \u0111i\u1ec7u. S\u1ea3n ph\u1ea9m v\u1edbi th\u00e0nh ph\u1ea7n 100% l\u00e1 h\u00fang t\u00e2y kh\u00f4, d\u00f9ng \u0111\u1ec3 t\u1ea9m \u01b0\u1edbp th\u1ef1c ph\u1ea9m ho\u1eb7c r\u1eafc l\u00ean m\u1eb7t trang tr\u00ed m\u00f3n \u0103n. L\u00e1 h\u00fang t\u00e2y kh\u00f4 McCormick Parsley Flakes l\u00e0 gia v\u1ecb c\u00f3 h\u01b0\u01a1ng th\u01a1m \u0111\u1eb7c tr\u01b0ng, \u0111\u01b0\u1ee3c s\u1eed d\u1ee5ng r\u1ea5t ph\u1ed5 bi\u1ebfn trong c\u00e1c m\u00f3n pizza, m\u00ec \u00dd, c\u00e1c lo\u1ea1i s\u1ed1t \u00dd,\u2026 S\u1ea3n ph\u1ea9m \u0111\u01b0\u1ee3c s\u1ea3n xu\u1ea5t tr\u00ean d\u00e2y chuy\u1ec1n hi\u1ec7n \u0111\u1ea1i, d\u01b0\u1edbi s\u1ef1 gi\u00e1m s\u00e1t c\u1ee7a c\u00e1c chuy\u00ean gia th\u1ef1c ph\u1ea9m h\u00e0ng \u0111\u1ea7u n\u00ean \u0111\u1ea3m b\u1ea3o c\u1ea3 v\u1ec7 sinh an to\u00e0n th\u1ef1c ph\u1ea9m l\u1eabn h\u01b0\u01a1ng v\u1ecb nguy\u00ean b\u1ea3n c\u1ee7a m\u00f9i t\u00e2y.<\/h5>\n<p><img decoding=\"async\" class=\"aligncenter\" src=\"https:\/\/havamall.com\/wp-content\/uploads\/2024\/10\/e4410728-df8c-4a04-beac-ee3d09de6493.jpg\" alt=\"Product Detail Page | Cub\" \/><\/p>\n<p><strong>L\u00e1 Thyme<\/strong>, m\u1ed9t lo\u1ea1i th\u1ea3o m\u1ed9c qu\u00fd gi\u00e1, \u0111\u01b0\u1ee3c b\u00e0y b\u00e1n d\u01b0\u1edbi hai h\u00ecnh th\u1ee9c: t\u01b0\u01a1i v\u00e0 kh\u00f4. V\u00e0o m\u00f9a h\u00e8, c\u00e2y thyme xanh t\u01b0\u01a1i v\u00e0 c\u00f3 th\u1ec3 thu ho\u1ea1ch quanh n\u0103m. \u0110\u1ec3 b\u1ea3o qu\u1ea3n thyme t\u01b0\u01a1i l\u00e2u d\u00e0i, vi\u1ec7c \u0111\u00f4ng l\u1ea1nh c\u1ea9n th\u1eadn c\u00f3 th\u1ec3 gi\u1eef ch\u00fang t\u01b0\u01a1i ngon trong nhi\u1ec1u th\u00e1ng.<\/p>\n<p>Thyme t\u01b0\u01a1i th\u01b0\u1eddng \u0111\u01b0\u1ee3c b\u00e1n theo t\u1eebng b\u00f3, trong khi thyme kh\u00f4 l\u1ea1i ph\u1ed5 bi\u1ebfn h\u01a1n \u1edf M\u1ef9 v\u00e0 Ch\u00e2u \u00c2u b\u1edfi t\u00ednh ti\u1ec7n l\u1ee3i v\u00e0 \u0111\u1ed9 b\u1ec1n c\u1ee7a n\u00f3.<\/p>\n<p>T\u00f9y thu\u1ed9c v\u00e0o m\u00f3n \u0103n, thyme c\u00f3 th\u1ec3 s\u1eed d\u1ee5ng to\u00e0n b\u1ed9 t\u1eeb l\u00e1 \u0111\u1ebfn th\u00e2n. Tuy nhi\u00ean, thyme kh\u00f4 th\u01b0\u1eddng \u0111\u01b0\u1ee3c \u01b0a chu\u1ed9ng h\u01a1n do d\u1ec5 b\u1ea3o qu\u1ea3n v\u00e0 s\u1eed d\u1ee5ng.<\/p>\n<p>Thyme c\u00f3 l\u00e1 h\u00ecnh b\u1ea7u d\u1ee5c, m\u1ecbn, kh\u00f4ng c\u00f3 l\u00f4ng, v\u1edbi h\u01b0\u01a1ng th\u01a1m \u0111\u1eb7c tr\u01b0ng nh\u01b0ng kh\u00f4ng qu\u00e1 n\u1ed3ng, l\u00e0m n\u00ean s\u1ef1 h\u00e0i h\u00f2a cho c\u00e1c m\u00f3n \u0103n s\u1ed1ng, th\u1ecbt n\u01b0\u1edbng, m\u1ef3 \u00dd v\u00e0 pizza. N\u00f3 c\u0169ng l\u00e0 th\u00e0nh ph\u1ea7n kh\u00f4ng th\u1ec3 thi\u1ebfu trong c\u00e1c lo\u1ea1i x\u1ed1t c\u00e0 chua v\u00e0 pho m\u00e1t.<\/p>\n<p>V\u1edbi h\u00e0m l\u01b0\u1ee3ng tinh d\u1ea7u t\u1eeb 0,4% \u0111\u1ebfn 0,8%, l\u00e1 h\u00fang t\u00e2y mang l\u1ea1i m\u00f9i th\u01a1m d\u1ec5 ch\u1ecbu, th\u01b0\u1eddng \u0111\u01b0\u1ee3c d\u00f9ng trong tinh d\u1ea7u x\u00f4ng v\u00e0 n\u01b0\u1edbc x\u00f4ng \u0111\u1ec3 gi\u1ea3m tri\u1ec7u ch\u1ee9ng c\u1ea3m c\u00fam, \u0111au d\u1ea1 d\u00e0y, nhu\u1eadn tr\u00e0ng, th\u00f4ng ti\u1ec3u, \u0111au r\u0103ng v\u00e0 h\u1ea1 s\u1ed1t.<\/p>\n<p><strong>Gi\u00e1 tr\u1ecb dinh d\u01b0\u1ee1ng<\/strong><\/p>\n<ul>\n<li>B\u00ean c\u1ea1nh h\u01b0\u01a1ng v\u1ecb tinh t\u1ebf, l\u00e1 h\u00fang t\u00e2y McCormick Parsley Flakes c\u00f2n c\u00f3 t\u00e1c d\u1ee5ng ng\u0103n ng\u1eeba ung th\u01b0, b\u1ed5 sung nhi\u1ec1u d\u01b0\u1ee3c ch\u1ea5t t\u1ed1t cho c\u01a1 th\u1ec3<\/li>\n<li>K\u00edch th\u00edch kh\u1ea3 n\u0103ng sinh s\u1ea3n.<\/li>\n<li>La\u0300m \u0111e\u0323p da, ch\u00f4\u0301ng ta\u0300n nhang<\/li>\n<li>Mu\u0300i t\u00e2y ch\u01b0\u0301a nhi\u00ea\u0300u vitamin C h\u01a1n ca\u0309 cam, chanh hay b\u00e2\u0301t ki\u0300 loa\u0323i qua\u0309 na\u0300o kha\u0301c<\/li>\n<\/ul>\n<p><strong>Th\u00e0nh ph\u1ea7n<\/strong>: L\u00e1 h\u00fang t\u00e2y 100%<\/p>\n<p><strong>H\u01b0\u1edbng d\u1eabn s\u1eed d\u1ee5ng<\/strong>: D\u00f9ng l\u00e0m gia v\u1ecb t\u1ea9m \u01b0\u1edbp cho c\u00e1c m\u00f3n \u0103n nh\u01b0 n\u1ea5m, \u0111\u1eadu H\u00e0 Lan, khoai t\u00e2y, c\u00e0 chua, th\u1ecbt b\u00f2, c\u00e1,\u2026<\/p>\n<\/div>\n<\/div>\n<\/div>\n<\/div>","protected":false},"excerpt":{"rendered":"<p>TH\u00d4NG TIN CHUNG Th\u01b0\u01a1ng hi\u1ec7u McCormick Xu\u1ea5t x\u1ee9 Ph\u00e1p H\u1ea1n s\u1eed d\u1ee5ng Xem tr\u00ean bao b\u00ec H\u01b0\u1edbng d\u1eabn s\u1eed d\u1ee5ng<\/p>","protected":false},"featured_media":36668,"comment_status":"open","ping_status":"closed","template":"","meta":[],"product_brand":[],"product_cat":[36,595,723],"product_tag":[],"class_list":{"0":"post-36667","1":"product","2":"type-product","3":"status-publish","4":"has-post-thumbnail","6":"product_cat-thuc-pham-tieu-dung","7":"product_cat-gia-vi-va-che-bien","8":"product_cat-nhap-khau-phap","9":"pa_brand-mccormick","11":"first","12":"instock","13":"sale","14":"shipping-taxable","15":"purchasable","16":"product-type-simple"},"_links":{"self":[{"href":"https:\/\/havamall.com\/en\/wp-json\/wp\/v2\/product\/36667","targetHints":{"allow":["GET"]}}],"collection":[{"href":"https:\/\/havamall.com\/en\/wp-json\/wp\/v2\/product"}],"about":[{"href":"https:\/\/havamall.com\/en\/wp-json\/wp\/v2\/types\/product"}],"replies":[{"embeddable":true,"href":"https:\/\/havamall.com\/en\/wp-json\/wp\/v2\/comments?post=36667"}],"version-history":[{"count":0,"href":"https:\/\/havamall.com\/en\/wp-json\/wp\/v2\/product\/36667\/revisions"}],"wp:featuredmedia":[{"embeddable":true,"href":"https:\/\/havamall.com\/en\/wp-json\/wp\/v2\/media\/36668"}],"wp:attachment":[{"href":"https:\/\/havamall.com\/en\/wp-json\/wp\/v2\/media?parent=36667"}],"wp:term":[{"taxonomy":"product_brand","embeddable":true,"href":"https:\/\/havamall.com\/en\/wp-json\/wp\/v2\/product_brand?post=36667"},{"taxonomy":"product_cat","embeddable":true,"href":"https:\/\/havamall.com\/en\/wp-json\/wp\/v2\/product_cat?post=36667"},{"taxonomy":"product_tag","embeddable":true,"href":"https:\/\/havamall.com\/en\/wp-json\/wp\/v2\/product_tag?post=36667"}],"curies":[{"name":"wp","href":"https:\/\/api.w.org\/{rel}","templated":true}]}}