{"id":36671,"date":"2024-10-23T09:37:56","date_gmt":"2024-10-23T02:37:56","guid":{"rendered":"https:\/\/havamall.com\/?post_type=product&#038;p=36671"},"modified":"2025-08-26T10:40:17","modified_gmt":"2025-08-26T03:40:17","slug":"la-kinh-gioi-mccormick-10g-oregano-leaves","status":"publish","type":"product","link":"https:\/\/havamall.com\/en\/shop\/la-kinh-gioi-mccormick-10g-oregano-leaves\/","title":{"rendered":"L\u00e1 Kinh Gi\u1edbi McCormick 10g &#8211; Oregano Leaves"},"content":{"rendered":"<h2 class=\"product-detail__specs-title\"><strong>TH\u00d4NG TIN CHUNG<\/strong><\/h2>\n<div id=\"js-product-detail__specs\" class=\"product-detail__specs\">\n<div class=\"row\">\n<div class=\"col-sm-12\">\n<div class=\"product-specs__table\">\n<table style=\"width: 41.0451%;height: 168px\">\n<tbody>\n<tr style=\"height: 24px\">\n<td class=\"specs-table__property\" style=\"height: 24px\">Th\u01b0\u01a1ng hi\u1ec7u<\/td>\n<td class=\"specs-table__value\" style=\"height: 24px\">McCormick<\/td>\n<\/tr>\n<tr style=\"height: 24px\">\n<td class=\"specs-table__property\" style=\"height: 24px\">Xu\u1ea5t x\u1ee9<\/td>\n<td class=\"specs-table__value\" style=\"height: 24px\">Ph\u00e1p<\/td>\n<\/tr>\n<tr style=\"height: 24px\">\n<td class=\"specs-table__property\" style=\"height: 24px\">H\u1ea1n s\u1eed d\u1ee5ng<\/td>\n<td class=\"specs-table__value\" style=\"height: 24px\">Xem tr\u00ean bao b\u00ec<\/td>\n<\/tr>\n<tr style=\"height: 24px\">\n<td class=\"specs-table__property\" style=\"height: 24px\">H\u01b0\u1edbng d\u1eabn s\u1eed d\u1ee5ng<\/td>\n<td class=\"specs-table__value\" style=\"height: 24px\">S\u1eed d\u1ee5ng tr\u1ef1c ti\u1ebfp ho\u1eb7c ch\u1ebf bi\u1ebfn m\u00f3n \u0103n<\/td>\n<\/tr>\n<tr style=\"height: 24px\">\n<td class=\"specs-table__property\" style=\"height: 24px\">H\u01b0\u1edbng d\u1eabn b\u1ea3o qu\u1ea3n<\/td>\n<td class=\"specs-table__value\" style=\"height: 24px\">N\u01a1i kh\u00f4 r\u00e1o, tho\u00e1ng m\u00e1t, tr\u00e1nh \u00e1nh n\u1eafng tr\u1ef1c ti\u1ebfp<\/td>\n<\/tr>\n<tr style=\"height: 24px\">\n<td class=\"specs-table__property\" style=\"height: 24px\">Th\u00e0nh ph\u1ea7n nguy\u00ean li\u1ec7u<\/td>\n<td class=\"specs-table__value\" style=\"height: 24px\">Xem tr\u00ean bao b\u00ec<\/td>\n<\/tr>\n<tr style=\"height: 24px\">\n<td class=\"specs-table__property\" style=\"height: 24px\">Kh\u1ed1i l\u01b0\u1ee3ng<\/td>\n<td class=\"specs-table__value\" style=\"height: 24px\">10g<\/td>\n<\/tr>\n<\/tbody>\n<\/table>\n<h3><strong>Th\u01b0\u01a1ng hi\u1ec7u McCormick<\/strong><\/h3>\n<p>\u0110\u01b0\u1ee3c th\u00e0nh l\u1eadp t\u1ea1i M\u1ef9 t\u1eeb n\u0103m 1889, McCormick l\u00e0 th\u01b0\u01a1ng hi\u1ec7u gia v\u1ecb h\u00e0ng \u0111\u1ea7u th\u1ebf gi\u1edbi, c\u00f3 chi nh\u00e1nh t\u1ea1i 90 qu\u1ed1c gia v\u1edbi h\u01a1n 200 lo\u1ea1i gia v\u1ecb ch\u1ebf bi\u1ebfn s\u1eb5n t\u1eeb rau th\u01a1m, gia v\u1ecb kh\u00f4, b\u1ed9t t\u1ea9m \u01b0\u1edbp, s\u1ed1t th\u1ecbt n\u01b0\u1edbng, gia v\u1ecb l\u00e0m m\u1ec1m th\u1ecbt, gia v\u1ecb ch\u1ebf bi\u1ebfn h\u1ea3i s\u1ea3n, b\u01a1 t\u1ecfi\u2026<\/p>\n<p><img fetchpriority=\"high\" decoding=\"async\" class=\"aligncenter\" src=\"https:\/\/scontent.fsgn8-3.fna.fbcdn.net\/v\/t39.30808-6\/326062982_704924224479060_4200672508456203592_n.jpg?_nc_cat=106&amp;ccb=1-7&amp;_nc_sid=cc71e4&amp;_nc_eui2=AeFELqLqT9MOefVOFO0_jm5W5CNd6ALK5tHkI13oAsrm0TiznK2xnziepQB3KfoKE4UnaEwpzv-VL0_dkEM-yqWe&amp;_nc_ohc=aMEJpwG3N90Q7kNvgHWZpYW&amp;_nc_zt=23&amp;_nc_ht=scontent.fsgn8-3.fna&amp;_nc_gid=AM8eKMxHeIPUFfgGyOCLlwB&amp;oh=00_AYDxwwAXhDPya5WIw0PkkSNKupWNoF4erjvw0_nCQMPQbw&amp;oe=671D348F\" alt=\"Kh\u00f4ng c\u00f3 m\u00f4 t\u1ea3 \u1ea3nh.\" width=\"976\" height=\"361\" \/><\/p>\n<h5>L\u00e1 Kinh Gi\u1edbi McCormick Parsley Flakes l\u00e0 gia v\u1ecb kh\u00f4ng th\u1ec3 thi\u1ebfu \u0111\u1ec3 l\u00e0m ra c\u00e1c m\u00f3n \u00c2u \u0111\u00fang \u0111i\u1ec7u. S\u1ea3n ph\u1ea9m v\u1edbi th\u00e0nh ph\u1ea7n 100% l\u00e1 Kinh Gi\u1edbi kh\u00f4, d\u00f9ng \u0111\u1ec3 t\u1ea9m \u01b0\u1edbp th\u1ef1c ph\u1ea9m ho\u1eb7c r\u1eafc l\u00ean m\u1eb7t trang tr\u00ed m\u00f3n \u0103n. L\u00e1 Kinh Gi\u1edbi kh\u00f4 McCormick Parsley Flakes l\u00e0 gia v\u1ecb c\u00f3 h\u01b0\u01a1ng th\u01a1m \u0111\u1eb7c tr\u01b0ng, \u0111\u01b0\u1ee3c s\u1eed d\u1ee5ng r\u1ea5t ph\u1ed5 bi\u1ebfn trong c\u00e1c m\u00f3n pizza, m\u00ec \u00dd, c\u00e1c lo\u1ea1i s\u1ed1t \u00dd,\u2026 S\u1ea3n ph\u1ea9m \u0111\u01b0\u1ee3c s\u1ea3n xu\u1ea5t tr\u00ean d\u00e2y chuy\u1ec1n hi\u1ec7n \u0111\u1ea1i, d\u01b0\u1edbi s\u1ef1 gi\u00e1m s\u00e1t c\u1ee7a c\u00e1c chuy\u00ean gia th\u1ef1c ph\u1ea9m h\u00e0ng \u0111\u1ea7u n\u00ean \u0111\u1ea3m b\u1ea3o c\u1ea3 v\u1ec7 sinh an to\u00e0n th\u1ef1c ph\u1ea9m l\u1eabn h\u01b0\u01a1ng v\u1ecb nguy\u00ean b\u1ea3n c\u1ee7a m\u00f9i t\u00e2y.<\/h5>\n<p><img decoding=\"async\" class=\"aligncenter\" src=\"https:\/\/havamall.com\/wp-content\/uploads\/2024\/10\/d0cfbffd2e2e4e8b9d3049125c9ec6bb_de64070b27b44659abd109b32061d6e9_master.jpg\" alt=\"L\u00e1 Kinh gi\u1edbi Mccormick Oregano Leave 10g\" \/><\/p>\n<p>L\u00e1 Oregano, th\u01b0\u1eddng \u0111\u01b0\u1ee3c bi\u1ebft \u0111\u1ebfn v\u1edbi t\u00ean g\u1ecdi l\u00e0 \u2018kinh gi\u1edbi d\u1ea1i\u2019, l\u00e0 ph\u1ea7n l\u00e1 c\u1ee7a c\u00e2y Origanum, thu\u1ed9c h\u1ecd Lamiaceae (h\u1ecd b\u1ea1c h\u00e0). \u0110\u1eb7c t\u00ednh h\u01b0\u01a1ng v\u1ecb c\u1ee7a Oregano bi\u1ebfn \u0111\u1ed5i \u0111\u00e1ng k\u1ec3 t\u00f9y thu\u1ed9c v\u00e0o \u0111i\u1ec1u ki\u1ec7n kh\u00ed h\u1eadu v\u00e0 \u0111\u1ecba l\u00fd n\u01a1i n\u00f3 sinh tr\u01b0\u1edfng. Trong kh\u00ed h\u1eadu \u0110\u1ecba Trung H\u1ea3i, n\u1eafng g\u1eaft v\u00e0 kh\u00f4 r\u00e1o, Oregano ph\u00e1t tri\u1ec3n v\u1edbi h\u01b0\u01a1ng v\u1ecb \u0111\u1eadm \u0111\u00e0, h\u01a1i \u0111\u1eafng v\u00e0 cay n\u1ed3ng. Ng\u01b0\u1ee3c l\u1ea1i, \u1edf nh\u1eefng v\u00f9ng l\u1ea1nh h\u01a1n c\u1ee7a Ch\u00e2u \u00c2u, Oregano l\u1ea1i mang h\u01b0\u01a1ng th\u01a1m nh\u1eb9 nh\u00e0ng v\u00e0 v\u1ecb ng\u1ecdt d\u1ecbu.<\/p>\n<p>McCormick Oregano c\u00f3 hai d\u1ea1ng: l\u00e1 nguy\u00ean v\u00e0 b\u1ed9t xay. M\u1ed7i l\u00e1 Oregano c\u1ee7a McCormick \u0111\u1ec1u \u0111\u01b0\u1ee3c tuy\u1ec3n ch\u1ecdn k\u1ef9 l\u01b0\u1ee1ng \u0111\u1ec3 \u0111\u1ea3m b\u1ea3o t\u00ednh nh\u1ea5t qu\u00e1n v\u1ec1 k\u00edch th\u01b0\u1edbc, m\u00e0u s\u1eafc v\u00e0 h\u01b0\u01a1ng v\u1ecb.<\/p>\n<p>Kh\u00e1m ph\u00e1 c\u00e1ch l\u00e0m phong ph\u00fa h\u01b0\u01a1ng v\u1ecb c\u00e1c m\u00f3n \u0103n v\u1edbi l\u00e1 Oregano. Lo\u1ea1i gia v\u1ecb n\u00e0y th\u01b0\u1eddng xuy\u00ean xu\u1ea5t hi\u1ec7n trong \u1ea9m th\u1ef1c \u00dd, t\u1eeb s\u1ed1t c\u00e0 chua cho \u0111\u1ebfn c\u00e1c m\u00f3n h\u1ea7m ph\u1ee9c t\u1ea1p, nh\u1edd kh\u1ea3 n\u0103ng gi\u1eef h\u01b0\u01a1ng l\u00e2u. L\u00e1 Oregano l\u00e0 l\u1ef1a ch\u1ecdn ho\u00e0n h\u1ea3o cho c\u00e1c m\u00f3n h\u1ea7m v\u00e0 s\u1ed1t v\u00ec kh\u1ea3 n\u0103ng gi\u1eef h\u01b0\u01a1ng th\u01a1m qua th\u1eddi gian d\u00e0i.<\/p>\n<h2><strong>H\u01b0\u1edbng d\u1eabn s\u1eed d\u1ee5ng l\u00e1 Oregano<\/strong><\/h2>\n<ul>\n<li>R\u1eafc l\u00ean b\u00e1nh pizza ho\u1eb7c th\u00eam v\u00e0o n\u01b0\u1edbc s\u1ed1t spaghetti v\u1edbi t\u1ef7 l\u1ec7 1\/2 mu\u1ed7ng c\u00e0 ph\u00ea cho m\u1ed7i 2 ch\u00e9n n\u01b0\u1edbc s\u1ed1t.<\/li>\n<li>\u0110em l\u1ea1i h\u01b0\u01a1ng v\u1ecb \u0110\u1ecba Trung H\u1ea3i cho c\u00e1c m\u00f3n nh\u01b0 th\u1ecbt g\u00e0, c\u00e1, c\u00e0 chua, khoai t\u00e2y v\u00e0 g\u1ea1o.<\/li>\n<li>T\u0103ng c\u01b0\u1eddng h\u01b0\u01a1ng v\u1ecb cho c\u00e1c m\u00f3n rau c\u1ee7 nh\u01b0 b\u00ed ng\u00f2i, b\u00ed \u0111\u1ecf, c\u00e0 t\u00edm v\u00e0 n\u1ea5m khi x\u00e0o.<\/li>\n<li>L\u00e0m gia v\u1ecb cho c\u00e1c lo\u1ea1i s\u00fap nh\u01b0 s\u00fap c\u00e0 chua v\u00e0 minestrone.<\/li>\n<\/ul>\n<p><strong>L\u00e1 Oregano c\u1ee7a McCormick<\/strong>\u00a0l\u00e0 s\u1ea3n ph\u1ea9m gia v\u1ecb cao c\u1ea5p, \u0111\u01b0\u1ee3c s\u1ea3n xu\u1ea5t v\u00e0 \u0111\u00f3ng g\u00f3i b\u1eb1ng c\u00f4ng ngh\u1ec7 ti\u00ean ti\u1ebfn, gi\u00fap b\u1ea3o qu\u1ea3n ch\u1ea5t l\u01b0\u1ee3ng v\u00e0 h\u01b0\u01a1ng v\u1ecb \u0111\u1eb7c tr\u01b0ng trong th\u1eddi gian d\u00e0i m\u00e0 kh\u00f4ng lo m\u1ea5t m\u00f9i.<\/p>\n<\/div>\n<\/div>\n<\/div>\n<\/div>","protected":false},"excerpt":{"rendered":"<p>TH\u00d4NG TIN CHUNG Th\u01b0\u01a1ng hi\u1ec7u McCormick Xu\u1ea5t x\u1ee9 Ph\u00e1p H\u1ea1n s\u1eed d\u1ee5ng Xem tr\u00ean bao b\u00ec H\u01b0\u1edbng d\u1eabn s\u1eed d\u1ee5ng<\/p>","protected":false},"featured_media":36672,"comment_status":"open","ping_status":"closed","template":"","meta":[],"product_brand":[],"product_cat":[595,723,36],"product_tag":[],"class_list":{"0":"post-36671","1":"product","2":"type-product","3":"status-publish","4":"has-post-thumbnail","6":"product_cat-gia-vi-va-che-bien","7":"product_cat-nhap-khau-phap","8":"product_cat-thuc-pham-tieu-dung","9":"pa_brand-mccormick","11":"first","12":"outofstock","13":"sale","14":"shipping-taxable","15":"purchasable","16":"product-type-simple"},"_links":{"self":[{"href":"https:\/\/havamall.com\/en\/wp-json\/wp\/v2\/product\/36671","targetHints":{"allow":["GET"]}}],"collection":[{"href":"https:\/\/havamall.com\/en\/wp-json\/wp\/v2\/product"}],"about":[{"href":"https:\/\/havamall.com\/en\/wp-json\/wp\/v2\/types\/product"}],"replies":[{"embeddable":true,"href":"https:\/\/havamall.com\/en\/wp-json\/wp\/v2\/comments?post=36671"}],"version-history":[{"count":0,"href":"https:\/\/havamall.com\/en\/wp-json\/wp\/v2\/product\/36671\/revisions"}],"wp:featuredmedia":[{"embeddable":true,"href":"https:\/\/havamall.com\/en\/wp-json\/wp\/v2\/media\/36672"}],"wp:attachment":[{"href":"https:\/\/havamall.com\/en\/wp-json\/wp\/v2\/media?parent=36671"}],"wp:term":[{"taxonomy":"product_brand","embeddable":true,"href":"https:\/\/havamall.com\/en\/wp-json\/wp\/v2\/product_brand?post=36671"},{"taxonomy":"product_cat","embeddable":true,"href":"https:\/\/havamall.com\/en\/wp-json\/wp\/v2\/product_cat?post=36671"},{"taxonomy":"product_tag","embeddable":true,"href":"https:\/\/havamall.com\/en\/wp-json\/wp\/v2\/product_tag?post=36671"}],"curies":[{"name":"wp","href":"https:\/\/api.w.org\/{rel}","templated":true}]}}