{"id":36681,"date":"2024-10-23T11:19:49","date_gmt":"2024-10-23T04:19:49","guid":{"rendered":"https:\/\/havamall.com\/?post_type=product&#038;p=36681"},"modified":"2025-03-22T14:58:19","modified_gmt":"2025-03-22T07:58:19","slug":"gia-vi-tam-uop-cajun-mccormick-35g","status":"publish","type":"product","link":"https:\/\/havamall.com\/en\/shop\/gia-vi-tam-uop-cajun-mccormick-35g\/","title":{"rendered":"Gia V\u1ecb T\u1ea9m \u01af\u1edbp Cajun McCormick 35g"},"content":{"rendered":"<h2 class=\"product-detail__specs-title\"><strong>TH\u00d4NG TIN CHUNG<\/strong><\/h2>\n<div id=\"js-product-detail__specs\" class=\"product-detail__specs\">\n<div class=\"row\">\n<div class=\"col-sm-12\">\n<div class=\"product-specs__table\">\n<table>\n<tbody>\n<tr>\n<td class=\"specs-table__property\">Th\u01b0\u01a1ng hi\u1ec7u<\/td>\n<td class=\"specs-table__value\">McCormick<\/td>\n<\/tr>\n<tr>\n<td class=\"specs-table__property\">Xu\u1ea5t x\u1ee9<\/td>\n<td class=\"specs-table__value\">Ph\u00e1p<\/td>\n<\/tr>\n<tr>\n<td class=\"specs-table__property\">H\u1ea1n s\u1eed d\u1ee5ng<\/td>\n<td class=\"specs-table__value\">Xem tr\u00ean bao b\u00ec<\/td>\n<\/tr>\n<tr>\n<td class=\"specs-table__property\">H\u01b0\u1edbng d\u1eabn s\u1eed d\u1ee5ng<\/td>\n<td class=\"specs-table__value\">S\u1eed d\u1ee5ng tr\u1ef1c ti\u1ebfp ho\u1eb7c ch\u1ebf bi\u1ebfn m\u00f3n \u0103n<\/td>\n<\/tr>\n<tr>\n<td class=\"specs-table__property\">H\u01b0\u1edbng d\u1eabn b\u1ea3o qu\u1ea3n<\/td>\n<td class=\"specs-table__value\">N\u01a1i kh\u00f4 r\u00e1o, tho\u00e1ng m\u00e1t, tr\u00e1nh \u00e1nh n\u1eafng tr\u1ef1c ti\u1ebfp<\/td>\n<\/tr>\n<tr>\n<td class=\"specs-table__property\">Th\u00e0nh ph\u1ea7n nguy\u00ean li\u1ec7u<\/td>\n<td class=\"specs-table__value\">Xem tr\u00ean bao b\u00ec<\/td>\n<\/tr>\n<tr>\n<td class=\"specs-table__property\">Kh\u1ed1i l\u01b0\u1ee3ng<\/td>\n<td class=\"specs-table__value\">10g<\/td>\n<\/tr>\n<\/tbody>\n<\/table>\n<h3><strong>Th\u01b0\u01a1ng hi\u1ec7u McCormick<\/strong><\/h3>\n<p>\u0110\u01b0\u1ee3c th\u00e0nh l\u1eadp t\u1ea1i M\u1ef9 t\u1eeb n\u0103m 1889, McCormick l\u00e0 th\u01b0\u01a1ng hi\u1ec7u gia v\u1ecb h\u00e0ng \u0111\u1ea7u th\u1ebf gi\u1edbi, c\u00f3 chi nh\u00e1nh t\u1ea1i 90 qu\u1ed1c gia v\u1edbi h\u01a1n 200 lo\u1ea1i gia v\u1ecb ch\u1ebf bi\u1ebfn s\u1eb5n t\u1eeb rau th\u01a1m, gia v\u1ecb kh\u00f4, b\u1ed9t t\u1ea9m \u01b0\u1edbp, s\u1ed1t th\u1ecbt n\u01b0\u1edbng, gia v\u1ecb l\u00e0m m\u1ec1m th\u1ecbt, gia v\u1ecb ch\u1ebf bi\u1ebfn h\u1ea3i s\u1ea3n, b\u01a1 t\u1ecfi\u2026<\/p>\n<p><img fetchpriority=\"high\" decoding=\"async\" class=\"aligncenter\" src=\"https:\/\/scontent.fsgn8-3.fna.fbcdn.net\/v\/t39.30808-6\/326062982_704924224479060_4200672508456203592_n.jpg?_nc_cat=106&amp;ccb=1-7&amp;_nc_sid=cc71e4&amp;_nc_eui2=AeFELqLqT9MOefVOFO0_jm5W5CNd6ALK5tHkI13oAsrm0TiznK2xnziepQB3KfoKE4UnaEwpzv-VL0_dkEM-yqWe&amp;_nc_ohc=aMEJpwG3N90Q7kNvgHWZpYW&amp;_nc_zt=23&amp;_nc_ht=scontent.fsgn8-3.fna&amp;_nc_gid=AM8eKMxHeIPUFfgGyOCLlwB&amp;oh=00_AYDxwwAXhDPya5WIw0PkkSNKupWNoF4erjvw0_nCQMPQbw&amp;oe=671D348F\" alt=\"Kh\u00f4ng c\u00f3 m\u00f4 t\u1ea3 \u1ea3nh.\" width=\"976\" height=\"361\" \/><\/p>\n<div class=\"mb-3\">\n<div class=\"hidden-text-more\">\n<div class=\"noi_dung_post\">\n<p>Th\u00e0nh ph\u1ea7n c\u1ea5u t\u1ea1o: mu\u1ed1i, \u1edbt, \u0111\u01b0\u1eddng, t\u1ecfi, h\u00e0nh, h\u00fang t\u00e2y, \u1edbt paprika, h\u1ea1t c\u1ea7n t\u00e2y, c\u00e2y th\u00eca l\u00e0, l\u00e1 th\u01a1m Oregano, ti\u00eau \u0111en v\u00e0 d\u1ea7u th\u1ef1c v\u1eadt.<\/p>\n<p>Gia v\u1ecb t\u1ea9m \u01b0\u1edbp Cajun Seasoning bi\u1ebfn b\u1ea5t k\u1ef3 m\u1ed7i b\u1eefa \u0103n n\u00e0o c\u0169ng tr\u1edf th\u00e0nh d\u1ecbp \u0111\u1eb7c bi\u1ec7t. Gia v\u1ecb t\u1ea9m \u01b0\u1edbp Cajun mang \u0111\u1ebfn h\u01b0\u01a1ng v\u1ecb \u0111\u1eadm \u0111\u00e0 cho m\u00f3n \u0103n c\u1ee7a b\u1ea1n v\u1edbi c\u00e1c lo\u1ea1i th\u1ea3o m\u1ed9c.<\/p>\n<p>Gia v\u1ecb \u01b0\u1edbp Cajun l\u00e0 s\u1ef1 k\u1ebft h\u1ee3p ho\u00e0n h\u1ea3o gi\u1eefa c\u00e1c lo\u1ea1i gia v\u1ecb v\u1edbi nhau, t\u1ea1o ra m\u00f9i th\u01a1m v\u00e0 h\u01b0\u01a1ng v\u1ecb r\u1ea5t tuy\u1ec7t, \u0111\u01b0\u1ee3c d\u00f9ng \u0111\u1ec3 t\u1ea9m \u01b0\u1edbp c\u00e1c lo\u1ea1i h\u1ea3i s\u1ea3n. Ngo\u00e0i ra c\u00f2n c\u00f3 th\u1ec3 \u01b0\u1edbp v\u1edbi c\u00e1c lo\u1ea1i th\u1ecbt nh\u01b0: th\u1ecbt g\u00e0, c\u00e1, t\u00f4m, b\u00edt t\u1ebft, c\u01a1m c\u00e0 rau&#8230;<\/p>\n<p>Gia v\u1ecb t\u1ea9m \u01b0\u1edbp Cajun Seasonning 35g mang th\u01b0\u01a1ng hi\u1ec7u Mccormick, l\u00e0 s\u1ea3n ph\u1ea9m gia v\u1ecb cao c\u1ea5p \u0111\u01b0\u1ee3c s\u1ea3n xu\u1ea5t v\u00e0 \u0111\u00f3ng g\u00f3i theo d\u00e2y chuy\u1ec1n c\u00f4ng ngh\u1ec7 hi\u1ec7n \u0111\u1ea1i gi\u00fap cho s\u1ea3n ph\u1ea9m gi\u1eef \u0111\u01b0\u1ee3c nguy\u00ean ch\u1ea5t l\u01b0\u1ee3ng v\u00e0 h\u01b0\u01a1ng v\u1ecb \u0111\u1eb7t tr\u01b0ng v\u1ed1n c\u00f3, d\u1ec5 d\u00e0ng b\u1ea3o qu\u1ea3n trong th\u1eddi gian d\u00e0i m\u00e0 kh\u00f4ng b\u1ecb thay \u0111\u1ed5i m\u00f9i v\u1ecb.<\/p>\n<p><img decoding=\"async\" class=\"aligncenter\" src=\"https:\/\/havamall.com\/wp-content\/uploads\/2024\/10\/91pTZtMV7cL._SL1500.jpg\" alt=\"McCormick Perfect Pinch Cajun Gia v\u1ecba - 5 oz (G\u00f3i Vietnam | Ubuy\" width=\"703\" height=\"703\" \/><\/p>\n<\/div>\n<\/div>\n<\/div>\n<h2><strong>H\u01b0\u1edbng d\u1eabn s\u1eed d\u1ee5ng<\/strong><\/h2>\n<p>D\u00f9ng l\u00e0m gia v\u1ecb t\u1ea9m \u01b0\u1edbp v\u00e0 n\u00eam n\u1ebfm cho c\u00e1c m\u00f3n \u0103n nh\u01b0: th\u1ecbt b\u00f2 n\u01b0\u1edbng, th\u1ecbt g\u00e0, th\u1ecbt l\u1ee3n, c\u00e1, h\u1ea3i s\u1ea3n, burger, th\u1ecbt n\u01b0\u1edbng<br \/>\nt\u1ea1o h\u01b0\u01a1ng v\u1ecb \u0111\u1eb7c tr\u01b0ng.<br \/>\nH\u01b0\u1edbng d\u1eabn s\u1eed d\u1ee5ng:<br \/>\n\u2013 \u01af\u1edbp gia v\u1ecb v\u1edbi th\u1ecbt b\u00f2 theo t\u1ef7 l\u1ec7 1 mu\u1ed7ng c\u00e0 ph\u00ea gia v\u1ecb cho 200g th\u1ecbt b\u00f2.<br \/>\n\u2013 \u0110\u1ec3 th\u1ecbt b\u00f2 th\u1ea5m gia v\u1ecb trong \u00edt nh\u1ea5t 30 ph\u00fat tr\u01b0\u1edbc khi n\u01b0\u1edbng.<br \/>\n\u2013 C\u00f3 th\u1ec3 n\u01b0\u1edbng th\u1ecbt b\u00f2 tr\u00ean b\u1ebfp than, l\u00f2 n\u01b0\u1edbng ho\u1eb7c ch\u1ea3o.<br \/>\nB\u1ea3o qu\u1ea3n:<br \/>\n\u2013 B\u1ea3o qu\u1ea3n n\u01a1i kh\u00f4 r\u00e1o, tho\u00e1ng m\u00e1t.<br \/>\n\u2013 Tr\u00e1nh \u00e1nh n\u1eafng tr\u1ef1c ti\u1ebfp.<br \/>\n\u2013 Sau khi m\u1edf n\u1eafp, n\u00ean \u0111\u1eady k\u00edn v\u00e0 b\u1ea3o qu\u1ea3n trong t\u1ee7 l\u1ea1nh.<\/p>\n<p><strong>McCormick<\/strong>\u00a0l\u00e0 s\u1ea3n ph\u1ea9m gia v\u1ecb cao c\u1ea5p, \u0111\u01b0\u1ee3c s\u1ea3n xu\u1ea5t v\u00e0 \u0111\u00f3ng g\u00f3i b\u1eb1ng c\u00f4ng ngh\u1ec7 ti\u00ean ti\u1ebfn, gi\u00fap b\u1ea3o qu\u1ea3n ch\u1ea5t l\u01b0\u1ee3ng v\u00e0 h\u01b0\u01a1ng v\u1ecb \u0111\u1eb7c tr\u01b0ng trong th\u1eddi gian d\u00e0i m\u00e0 kh\u00f4ng lo m\u1ea5t m\u00f9i.<\/p>\n<\/div>\n<\/div>\n<\/div>\n<\/div>","protected":false},"excerpt":{"rendered":"<p>TH\u00d4NG TIN CHUNG Th\u01b0\u01a1ng hi\u1ec7u McCormick Xu\u1ea5t x\u1ee9 Ph\u00e1p H\u1ea1n s\u1eed d\u1ee5ng Xem tr\u00ean bao b\u00ec H\u01b0\u1edbng d\u1eabn s\u1eed d\u1ee5ng<\/p>","protected":false},"featured_media":36682,"comment_status":"open","ping_status":"closed","template":"","meta":[],"product_brand":[],"product_cat":[36,595,723],"product_tag":[],"class_list":{"0":"post-36681","1":"product","2":"type-product","3":"status-publish","4":"has-post-thumbnail","6":"product_cat-thuc-pham-tieu-dung","7":"product_cat-gia-vi-va-che-bien","8":"product_cat-nhap-khau-phap","9":"pa_brand-mccormick","11":"first","12":"instock","13":"sale","14":"shipping-taxable","15":"purchasable","16":"product-type-simple"},"_links":{"self":[{"href":"https:\/\/havamall.com\/en\/wp-json\/wp\/v2\/product\/36681","targetHints":{"allow":["GET"]}}],"collection":[{"href":"https:\/\/havamall.com\/en\/wp-json\/wp\/v2\/product"}],"about":[{"href":"https:\/\/havamall.com\/en\/wp-json\/wp\/v2\/types\/product"}],"replies":[{"embeddable":true,"href":"https:\/\/havamall.com\/en\/wp-json\/wp\/v2\/comments?post=36681"}],"version-history":[{"count":0,"href":"https:\/\/havamall.com\/en\/wp-json\/wp\/v2\/product\/36681\/revisions"}],"wp:featuredmedia":[{"embeddable":true,"href":"https:\/\/havamall.com\/en\/wp-json\/wp\/v2\/media\/36682"}],"wp:attachment":[{"href":"https:\/\/havamall.com\/en\/wp-json\/wp\/v2\/media?parent=36681"}],"wp:term":[{"taxonomy":"product_brand","embeddable":true,"href":"https:\/\/havamall.com\/en\/wp-json\/wp\/v2\/product_brand?post=36681"},{"taxonomy":"product_cat","embeddable":true,"href":"https:\/\/havamall.com\/en\/wp-json\/wp\/v2\/product_cat?post=36681"},{"taxonomy":"product_tag","embeddable":true,"href":"https:\/\/havamall.com\/en\/wp-json\/wp\/v2\/product_tag?post=36681"}],"curies":[{"name":"wp","href":"https:\/\/api.w.org\/{rel}","templated":true}]}}