{"id":36776,"date":"2024-10-23T16:41:19","date_gmt":"2024-10-23T09:41:19","guid":{"rendered":"https:\/\/havamall.com\/?post_type=product&#038;p=36776"},"modified":"2026-04-08T11:21:02","modified_gmt":"2026-04-08T04:21:02","slug":"thit-bo-burger-uc-150g-frozen-burger-patties","status":"publish","type":"product","link":"https:\/\/havamall.com\/en\/shop\/thit-bo-burger-uc-150g-frozen-burger-patties\/","title":{"rendered":"Th\u1ecbt B\u00f2 Burger Wagyu \u00dac 150g &#8211; Frozen Burger Patties"},"content":{"rendered":"<table>\n<tbody>\n<tr>\n<td>Th\u01b0\u01a1ng hi\u1ec7u<\/td>\n<td>Havafoodies<\/td>\n<\/tr>\n<tr>\n<td>Xu\u1ea5t x\u1ee9 th\u01b0\u01a1ng hi\u1ec7u<\/td>\n<td>\u00dac<\/td>\n<\/tr>\n<tr>\n<td>H\u1ea1n s\u1eed d\u1ee5ng<\/td>\n<td>24 th\u00e1ng k\u1ec3 t\u1eeb ng\u00e0y s\u1ea3n xu\u1ea5t<\/td>\n<\/tr>\n<tr>\n<td>H\u01b0\u1edbng d\u1eabn b\u1ea3o qu\u1ea3n<\/td>\n<td>B\u1ea3o qu\u1ea3n nhi\u1ec7t \u0111\u1ed9 \u0111\u00f4ng l\u1ea1nh<\/td>\n<\/tr>\n<tr>\n<td>H\u01b0\u1edbng d\u1eabn s\u1eed d\u1ee5ng<\/td>\n<td>D\u00f9ng tr\u1ef1c ti\u1ebfp<\/td>\n<\/tr>\n<tr>\n<td>Xu\u1ea5t x\u1ee9<\/td>\n<td>\u00dac<\/td>\n<\/tr>\n<tr>\n<td>Tr\u1ecdng l\u01b0\u1ee3ng s\u1ea3n ph\u1ea9m<\/td>\n<td>150g<\/td>\n<\/tr>\n<tr>\n<td>Quy c\u00e1ch \u0111\u00f3ng g\u00f3i<\/td>\n<td>Bao nh\u1ef1a<\/td>\n<\/tr>\n<tr>\n<td>Th\u00e0nh ph\u1ea7n<\/td>\n<td>Xem tr\u00ean bao b\u00ec<\/td>\n<\/tr>\n<\/tbody>\n<\/table>\n<p>Th\u1ecbt B\u00f2 Xay \u0110\u00f4ng L\u1ea1nh Burger Patty l\u00e0 th\u1ecbt b\u00f2 \u0111\u00e3 \u0111\u01b0\u1ee3c xay s\u1eb5n v\u00e0 \u0111\u00f3ng g\u00f3i th\u00e0nh t\u1eebng g\u00f3i nh\u1ecf c\u00f3 tr\u1ecdng l\u01b0\u1ee3ng kho\u1ea3ng 150gr\/1 g\u00f3i, v\u1edbi th\u00e0nh ph\u1ea7n th\u1ecbt b\u00f2 th\u01b0\u1ee3ng h\u1ea1ng 100% th\u1ecbt b\u00f2 \u00dac n\u00ean \u0111\u00e2y l\u00e0 s\u1ea3n ph\u1ea9m b\u00f2 xay c\u00f3 ch\u1ea5t l\u01b0\u1ee3ng cao, th\u00edch h\u1ee3p \u0111\u1ec3 ch\u1ebf bi\u1ebfn nhi\u1ec1u m\u00f3n \u0103n. Th\u1ecbt b\u00f2 gi\u00e0u c\u00e1c kho\u00e1ng ch\u1ea5t v\u00e0 vitamin nh\u01b0: B6, B12, s\u1eaft, magie v\u00e0 k\u1ebdm, ph\u1ed1t pho, niacin gi\u00fap cung c\u1ea5p n\u0103ng l\u01b0\u1ee3ng c\u1ea7n thi\u1ebft cho c\u01a1 th\u1ec3, gi\u1ea3m nguy c\u01a1 m\u1eafc c\u00e1c b\u1ec7nh v\u1ec1 tim m\u1ea1ch, t\u0103ng c\u01b0\u1eddng kh\u1ea3 n\u0103ng mi\u1ec5n d\u1ecbch v\u00e0 t\u0103ng hi\u1ec7u qu\u1ea3 trao \u0111\u1ed5i insulin, s\u1eaft gi\u00fap t\u1ea1o h\u1ed3ng c\u1ea7u, tr\u00e1nh t\u00ecnh tr\u1ea1ng thi\u1ebfu m\u00e1u.<\/p>\n<p><img fetchpriority=\"high\" decoding=\"async\" class=\"aligncenter\" src=\"https:\/\/havamall.com\/wp-content\/uploads\/2024\/10\/20230227_dWGghFJqgiG2MGQJ.jpg\" alt=\"Th\u1ecbt B\u00f2 Xay \u0110\u00f4ng l\u1ea1nh Flinders Natural Beef Burger Patty 200g\" width=\"589\" height=\"589\" \/><\/p>\n<p>N\u1ebfu l\u00e0 m\u1ed9t ng\u01b0\u1eddi s\u00e0nh \u0103n, ch\u1eafc h\u1eb3n b\u1ea1n \u0111\u00e3 t\u1eebng nghe \u0111\u1ebfn lo\u1ea1i\u00a0<strong>th\u1ecbt b\u00f2 cao c\u1ea5p \u00dac<\/strong> r\u1ed3i \u0111\u00fang kh\u00f4ng?<\/p>\n<p>Lo\u1ea1i th\u1ecbt b\u00f2 n\u00e0y r\u1ea5t \u0111\u01b0\u1ee3c \u01b0a chu\u1ed9ng trong th\u1ebf gi\u1edbi \u1ea9m th\u1ef1c v\u00ec ch\u00fang c\u00f3 th\u1ecbt m\u1ec1m, th\u01a1m ngon tan ch\u1ea3y trong mi\u1ec7ng v\u00e0 mang l\u1ea1i gi\u00e1 tr\u1ecb dinh d\u01b0\u1ee1ng cao. H\u00e3y c\u00f9ng Havamall t\u00ecm hi\u1ec3u v\u1ec1 <b>th\u1ecbt b\u00f2 \u00dac<\/b>\u00a0v\u00e0 t\u1ea1i sao lo\u1ea1i th\u1ecbt n\u00e0y l\u1ea1i \u0111\u01b0\u1ee3c gi\u1edbi \u1ea9m th\u1ef1c s\u0103n l\u00f9ng, t\u00ecm ki\u1ebfm qua b\u00e0i vi\u1ebft d\u01b0\u1edbi \u0111\u00e2y.<\/p>\n<p><strong>Th\u1ecbt b\u00f2 xay \u0111\u00f4ng l\u1ea1nh 100% Beef Burger 150g<\/strong>\u00a0l\u00e0 th\u1ecbt b\u00f2 xay s\u1eb5n v\u00e0 \u0111\u00f3ng g\u00f3i nh\u1ecf v\u1edbi tr\u1ecdng l\u01b0\u1ee3ng kho\u1ea3ng 150g \/ 1 g\u00f3i, v\u1edbi th\u00e0nh ph\u1ea7n th\u1ecbt b\u00f2 h\u1ea3o h\u1ea1ng 100% Burger b\u00f2 n\u00ean \u0111\u00e2y l\u00e0 s\u1ea3n ph\u1ea9m th\u1ecbt b\u00f2 xay cao c\u1ea5p nh\u1ea5t c\u1ee7a \u00dac, ph\u00f9 h\u1ee3p v\u1edbi nhi\u1ec1u m\u00f3n \u0103n.<\/p>\n<h2>T\u1ea1i sao b\u00f2 \u00dac \u0103n c\u1ecf l\u1ea1i \u0111\u01b0\u1ee3c \u01b0a chu\u1ed9ng \u0111\u1ebfn v\u1eady?<\/h2>\n<p>V\u1eady b\u1ea1n c\u00f3 bi\u1ebft t\u1ea1i sao\u00a0<strong>th\u1ecbt b\u00f2 \u00dac<\/strong> l\u1ea1i \u0111\u01b0\u1ee3c nhi\u1ec1u ng\u01b0\u1eddi y\u00eau th\u00edch nh\u01b0 v\u1eady kh\u00f4ng? B\u00f2 \u00dac t\u1eeb l\u00e2u \u0111\u00e3 \u0111\u01b0\u1ee3c gi\u1edbi s\u00e0nh \u0103n s\u0103n l\u00f9ng b\u1edfi gi\u00e1 tr\u1ecb dinh d\u01b0\u1ee1ng r\u1ea5t cao, ch\u1ea5t l\u01b0\u1ee3ng th\u1ecbt tuy\u1ec7t h\u1ea3o nh\u1edd quy tr\u00ecnh ch\u0103n nu\u00f4i t\u1ef1 nhi\u00ean trong m\u00f4i tr\u01b0\u1eddng s\u1ea1ch.<\/p>\n<p><strong>Th\u1ecbt b\u00f2 \u00dac<\/strong>\u00a0m\u1ec1m, ngon v\u00e0 tan ngay trong mi\u1ec7ng khi th\u01b0\u1edfng th\u1ee9c nh\u1edd t\u1ef7 l\u1ec7 m\u1ee1 cao n\u00ean mang l\u1ea1i c\u1ea3m gi\u00e1c b\u00e9o ng\u1eady trong t\u1eebng mi\u1ebfng \u0103n v\u00e0 \u0111\u00e2y l\u00e0 lo\u1ea1i b\u00f2 ngon ch\u1ec9 \u0111\u1ee9ng sau b\u00f2 Kobe Nh\u1eadt B\u1ea3n.\u00a0<strong>Th\u1ecbt b\u00f2<\/strong> \u00dac cho ch\u1ea5t l\u01b0\u1ee3ng th\u1ecbt ngon, th\u1ecbt c\u00f3 m\u00e0u \u0111\u1ecf t\u01b0\u01a1i \u0111\u1eb7c tr\u01b0ng khi\u1ebfn nhi\u1ec1u ng\u01b0\u1eddi m\u00ea m\u1ea9n ngay khi c\u1eafn mi\u1ebfng th\u1ecbt \u0111\u1ea7u ti\u00ean.<\/p>\n<p><img decoding=\"async\" class=\"aligncenter\" src=\"https:\/\/havamall.com\/wp-content\/uploads\/2024\/10\/patty2_ab6c5e49-608e-4fa8-8d55-b492ed48fc60.jpg\" alt=\"Steak Burger Patties- Variety Box \u2013 Wallace Cattle Company\" width=\"792\" height=\"528\" \/><\/p>\n<h2>Gi\u00e1 tr\u1ecb dinh d\u01b0\u1ee1ng m\u00e0 th\u1ecbt b\u00f2 b\u1ed5 sung cho c\u01a1 th\u1ec3<\/h2>\n<p>S\u1edf d\u0129 th\u1ecbt b\u00f2 \u00dac n\u1ed5i ti\u1ebfng trong gi\u1edbi \u1ea9m th\u1ef1c l\u00e0 nh\u1edd v\u00e0o gi\u00e1 tr\u1ecb dinh d\u01b0\u1ee1ng cao v\u00e0 h\u00e0m l\u01b0\u1ee3ng protein cao m\u00e0 c\u01a1 th\u1ec3 c\u1ea7n.<\/p>\n<p>H\u00e0m l\u01b0\u1ee3ng protein cao trong th\u1ecbt b\u00f2 gi\u00fap c\u01a1 th\u1ec3 ph\u1ee5c h\u1ed3i sau qu\u00e1 tr\u00ecnh luy\u1ec7n t\u1eadp c\u0103ng th\u1eb3ng. Protein ch\u1ee9a 8 lo\u1ea1i axit amin quan tr\u1ecdng cho s\u1ef1 ph\u00e1t tri\u1ec3n v\u00e0 duy tr\u00ec c\u1ee7a c\u01a1 th\u1ec3. \u0110\u1eb7c bi\u1ec7t t\u1ed1t nh\u1ea5t cho nh\u1eefng ng\u01b0\u1eddi v\u1eeba ph\u1eabu thu\u1eadt, v\u1eadn \u0111\u1ed9ng vi\u00ean v\u00e0 nh\u1eefng ng\u01b0\u1eddi c\u1ea7n b\u1ed5 sung c\u00e1c m\u00f4 c\u01a1.<\/p>\n<p>Ch\u1ea5t b\u00e9o trong m\u1ee1 gi\u00fap t\u0103ng h\u00e0m l\u01b0\u1ee3ng calo trong th\u1ecbt n\u00ean r\u1ea5t t\u1ed1t cho nh\u1eefng ai mu\u1ed1n gi\u1ea3m c\u00e2n.<\/p>\n<p><strong>C\u00e1c lo\u1ea1i Th\u1ecbt<\/strong>\u00a0b\u00f2 c\u0169ng r\u1ea5t gi\u00e0u kho\u00e1ng ch\u1ea5t v\u00e0 vitamin nh\u01b0: s\u1eaft, magie, B6, B12 v\u00e0 k\u1ebdm, ph\u1ed1t pho, niacin gi\u00fap n\u1ea1p n\u0103ng l\u01b0\u1ee3ng c\u1ea7n thi\u1ebft cho c\u01a1 th\u1ec3, gi\u1ea3m nguy c\u01a1 m\u1eafc c\u00e1c b\u1ec7nh tim m\u1ea1ch, c\u1ea3i thi\u1ec7n kh\u1ea3 n\u0103ng c\u1ee7a h\u1ec7 mi\u1ec5n d\u1ecbch v\u00e0 t\u0103ng hi\u1ec7u qu\u1ea3 c\u1ee7a qu\u00e1 tr\u00ecnh chuy\u1ec3n h\u00f3a insulin, s\u1eaft gi\u00fap t\u1ea1o h\u1ed3ng c\u1ea7u v\u00e0 tr\u00e1nh thi\u1ebfu m\u00e1u.<\/p>\n<p><img decoding=\"async\" class=\"aligncenter\" src=\"https:\/\/havamall.com\/wp-content\/uploads\/2024\/10\/AustralianWagyuBurger.png\" alt=\"AUSTRALIAN WAGYU BLEND STEAK BURGERS | 8 OZ \u2013 The Meat Dealer Shop\" width=\"759\" height=\"759\" \/><\/p>","protected":false},"excerpt":{"rendered":"<p>Th\u01b0\u01a1ng hi\u1ec7u Havafoodies Xu\u1ea5t x\u1ee9 th\u01b0\u01a1ng hi\u1ec7u \u00dac H\u1ea1n s\u1eed d\u1ee5ng 24 th\u00e1ng k\u1ec3 t\u1eeb ng\u00e0y s\u1ea3n xu\u1ea5t H\u01b0\u1edbng d\u1eabn<\/p>","protected":false},"featured_media":45695,"comment_status":"open","ping_status":"closed","template":"","meta":[],"product_brand":[],"product_cat":[36,730,130,703,275],"product_tag":[],"class_list":{"0":"post-36776","1":"product","2":"type-product","3":"status-publish","4":"has-post-thumbnail","6":"product_cat-thuc-pham-tieu-dung","7":"product_cat-cac-nuoc-khac","8":"product_cat-khuyen-mai","9":"product_cat-thit-xuc-xich","10":"product_cat-thuc-pham-dong-lanh","12":"first","13":"instock","14":"sale","15":"shipping-taxable","16":"purchasable","17":"product-type-simple"},"_links":{"self":[{"href":"https:\/\/havamall.com\/en\/wp-json\/wp\/v2\/product\/36776","targetHints":{"allow":["GET"]}}],"collection":[{"href":"https:\/\/havamall.com\/en\/wp-json\/wp\/v2\/product"}],"about":[{"href":"https:\/\/havamall.com\/en\/wp-json\/wp\/v2\/types\/product"}],"replies":[{"embeddable":true,"href":"https:\/\/havamall.com\/en\/wp-json\/wp\/v2\/comments?post=36776"}],"version-history":[{"count":0,"href":"https:\/\/havamall.com\/en\/wp-json\/wp\/v2\/product\/36776\/revisions"}],"wp:featuredmedia":[{"embeddable":true,"href":"https:\/\/havamall.com\/en\/wp-json\/wp\/v2\/media\/45695"}],"wp:attachment":[{"href":"https:\/\/havamall.com\/en\/wp-json\/wp\/v2\/media?parent=36776"}],"wp:term":[{"taxonomy":"product_brand","embeddable":true,"href":"https:\/\/havamall.com\/en\/wp-json\/wp\/v2\/product_brand?post=36776"},{"taxonomy":"product_cat","embeddable":true,"href":"https:\/\/havamall.com\/en\/wp-json\/wp\/v2\/product_cat?post=36776"},{"taxonomy":"product_tag","embeddable":true,"href":"https:\/\/havamall.com\/en\/wp-json\/wp\/v2\/product_tag?post=36776"}],"curies":[{"name":"wp","href":"https:\/\/api.w.org\/{rel}","templated":true}]}}