{"id":36791,"date":"2024-10-24T10:26:46","date_gmt":"2024-10-24T03:26:46","guid":{"rendered":"https:\/\/havamall.com\/?post_type=product&#038;p=36791"},"modified":"2025-03-22T16:08:10","modified_gmt":"2025-03-22T09:08:10","slug":"bo-hat-phi-phet-cacao-nutella-200g-hazelnut-spread-with-cocoa","status":"publish","type":"product","link":"https:\/\/havamall.com\/en\/shop\/bo-hat-phi-phet-cacao-nutella-200g-hazelnut-spread-with-cocoa\/","title":{"rendered":"B\u01a1 H\u1ea1t Ph\u1ec9 Ph\u1ebft Cacao Nutella 200g &#8211; Hazelnut Spread With Cocoa"},"content":{"rendered":"<h2 class=\"product-detail__specs-title\"><strong>TH\u00d4NG TIN CHUNG<\/strong><\/h2>\n<div id=\"js-product-detail__specs\" class=\"product-detail__specs\">\n<div class=\"row\">\n<div class=\"col-sm-12\">\n<div class=\"product-specs__table\">\n<table>\n<tbody>\n<tr>\n<td class=\"specs-table__property\">Th\u01b0\u01a1ng hi\u1ec7u<\/td>\n<td class=\"specs-table__value\">Nutella<\/td>\n<\/tr>\n<tr>\n<td class=\"specs-table__property\">Xu\u1ea5t x\u1ee9<\/td>\n<td class=\"specs-table__value\">\u0110\u1ee9c<\/td>\n<\/tr>\n<tr>\n<td class=\"specs-table__property\">H\u1ea1n s\u1eed d\u1ee5ng<\/td>\n<td class=\"specs-table__value\">Xem tr\u00ean bao b\u00ec<\/td>\n<\/tr>\n<tr>\n<td class=\"specs-table__property\">H\u01b0\u1edbng d\u1eabn s\u1eed d\u1ee5ng<\/td>\n<td class=\"specs-table__value\">S\u1eed d\u1ee5ng tr\u1ef1c ti\u1ebfp ho\u1eb7c ch\u1ebf bi\u1ebfn m\u00f3n \u0103n<\/td>\n<\/tr>\n<tr>\n<td class=\"specs-table__property\">H\u01b0\u1edbng d\u1eabn b\u1ea3o qu\u1ea3n<\/td>\n<td class=\"specs-table__value\">N\u01a1i kh\u00f4 r\u00e1o, tho\u00e1ng m\u00e1t, tr\u00e1nh \u00e1nh n\u1eafng tr\u1ef1c ti\u1ebfp<\/td>\n<\/tr>\n<tr>\n<td class=\"specs-table__property\">Th\u00e0nh ph\u1ea7n nguy\u00ean li\u1ec7u<\/td>\n<td class=\"specs-table__value\">Xem tr\u00ean bao b\u00ec<\/td>\n<\/tr>\n<tr>\n<td class=\"specs-table__property\">Kh\u1ed1i l\u01b0\u1ee3ng<\/td>\n<td class=\"specs-table__value\">200g<\/td>\n<\/tr>\n<\/tbody>\n<\/table>\n<p><strong>B\u01a1 ph\u1ebft h\u1ea1t ph\u1ec9 v\u00e0 ca cao Nutella 200g\u00a0<\/strong>l\u00e0 m\u1ed9t m\u00f3n \u0103n c\u00f3 th\u00e0nh ph\u1ea7n t\u1eeb m\u1ee9t h\u1ea1t ph\u1ec9 v\u00e0 socola ng\u1ecdt, th\u01b0\u1eddng \u0111\u1ec3 ph\u1ebft l\u00ean b\u00e1nh m\u00ec, \u0111\u01b0\u1ee3c s\u1ea3n xu\u1ea5t b\u1edfi c\u00f4ng ty Ferrero c\u1ee7a Italia v\u00e0 b\u00e0y b\u00e1n t\u1eeb n\u0103m 1964.<\/p>\n<p>Nutella l\u00e0 nh\u00e3n h\u00e0ng thu\u1ed9c Ferrero, \u00dd. S\u1ea3n ph\u1ea9m Nutella \u0111\u01b0\u1ee3c s\u1ea3n xu\u1ea5t v\u00e0 nh\u1eadp kh\u1ea9u tr\u1ef1c ti\u1ebfp t\u1eeb \u00dac. V\u1edbi ngu\u1ed3n nguy\u00ean li\u1ec7u h\u1ea1t ph\u1ec9 th\u01a1m ngon v\u00e0 c\u00f4ng ngh\u1ec7 s\u1ea3n xu\u1ea5t hi\u1ec7n \u0111\u1ea1i, c\u00e1c s\u1ea3n ph\u1ea9m Nutella hi\u1ec7n \u0111\u00e3 v\u00e0 \u0111ang ng\u00e0y c\u00e0ng ph\u1ed5 bi\u1ebfn h\u01a1n v\u1edbi ng\u01b0\u1eddi ti\u00eau d\u00f9ng Vi\u1ec7t Nam.<\/p>\n<p><img decoding=\"async\" class=\"aligncenter\" src=\"https:\/\/havamall.com\/wp-content\/uploads\/2024\/10\/49DA7365-7D4E-4AE8-9283-83DF86140095.jpg\" alt=\"B\u01a1 H\u1ea1t Ph\u1ec9 Cacao Nutella 200gr \u2013 Lavita Bakery\" \/><\/p>\n<p>So v\u1edbi b\u01a1 \u0111\u1eadu ph\u1ed9ng v\u00e0 m\u1ed9t s\u1ed1 lo\u1ea1i b\u01a1 kh\u00e1c, Nutella m\u1ec1m m\u1ecbn h\u01a1n, ng\u1ecdt ng\u00e0o v\u00e0 h\u01b0\u01a1ng v\u1ecb \u0111\u0103ng \u0111\u1eafng c\u1ee7a ca cao r\u1ea5t h\u1ea5p d\u1eabn.<\/p>\n<p><strong>B\u01a1 ph\u1ebft h\u1ea1t ph\u1ec9 v\u00e0 ca cao Nutella 200g\u00a0<\/strong>ch\u1ee7 y\u1ebfu \u0111\u01b0\u1ee3c d\u00f9ng \u0111\u1ec3 ph\u1ebft l\u00ean b\u00e1nh m\u00ec, b\u00e1nh sandwich, b\u00e1nh qu\u1ebf, kem ho\u1eb7c b\u1ea5t c\u1ee9 m\u00f3n \u0103n n\u00e0o c\u00f3 th\u1ec3 s\u1eed d\u1ee5ng th\u00eam m\u1ed9t ch\u00fat v\u1ecb ng\u1ecdt \u0111\u1ec3 th\u01b0\u1edfng th\u1ee9c.<\/p>\n<p>Ha\u0323t Phi\u0309 Ph\u00ea\u0301t Cacao Nutella H\u00f4\u0323p 200G la\u0300 m\u00f4\u0323t sa\u0309n ph\u00e2\u0309m t\u01b0\u0300 b\u01a1 ha\u0323t de\u0309 (ha\u0323t phi\u0309) k\u00ea\u0301t h\u01a1\u0323p v\u01a1\u0301i ca cao g\u00e2\u0300y, ta\u0323o n\u00ean m\u00f4\u0323t h\u01b0\u01a1ng vi\u0323 \u0111\u0103\u0323c tr\u01b0ng, th\u01a1m ngon, h\u00e2\u0301p d\u00e2\u0303n. Sa\u0309n ph\u00e2\u0309m co\u0301 th\u1ec3 d\u00f9ng v\u1edbi b\u00e1nh m\u00ec l\u00e0 kh\u1ea9u ph\u1ea7n ch\u00ednh cung c\u1ea5p b\u1eefa s\u00e1ng dinh d\u01b0\u1ee1ng, k\u1ebft h\u1ee3p v\u1edbi tr\u00e1i c\u00e2y v\u00e0 s\u1eefa \u0111\u01b0\u1ee3c m\u1ecdi ng\u01b0\u1eddii tin d\u00f9ng cho nh\u1eefng ng\u01b0\u1eddi th\u01b0\u01a1ng y\u00eau c\u1ee7a m\u00ecnh.<\/p>\n<p>Sa\u0309n ph\u00e2\u0309m \u0111\u01b0\u01a1\u0323c la\u0300m theo c\u00f4ng th\u1ee9c truy\u1ec1n th\u1ed1ng c\u1ee7a \u00dd, k\u00ea\u0301t h\u01a1\u0323p hoa\u0300n ha\u0309o gi\u01b0\u0303a ca cao c\u00f9ng h\u01b0\u01a1ng v\u1ecb b\u00e9o b\u00f9i c\u1ee7a h\u1ea1t d\u1ebb. B\u01a1 h\u1ea1t ph\u1ec9 c\u00f3 \u0111\u1ed9 s\u00e1nh m\u1ecbn cao, h\u01b0\u01a1ng v\u1ecb th\u01a1m ngon \u0111\u1eb7c tr\u01b0ng.<\/p>\n<p><img fetchpriority=\"high\" decoding=\"async\" class=\"aligncenter\" src=\"https:\/\/havamall.com\/wp-content\/uploads\/2024\/10\/717jjWONTwL._AC_UF10001000_QL80.jpg\" alt=\"Nutella Hazelnut Spread with Cocoa 200g : Buy Online at Best Price in KSA - Souq is now Amazon.sa: Grocery\" width=\"604\" height=\"604\" \/><\/p>\n<\/div>\n<\/div>\n<\/div>\n<\/div>","protected":false},"excerpt":{"rendered":"<p>TH\u00d4NG TIN CHUNG Th\u01b0\u01a1ng hi\u1ec7u Nutella Xu\u1ea5t x\u1ee9 \u0110\u1ee9c H\u1ea1n s\u1eed d\u1ee5ng Xem tr\u00ean bao b\u00ec H\u01b0\u1edbng d\u1eabn s\u1eed d\u1ee5ng<\/p>","protected":false},"featured_media":36793,"comment_status":"open","ping_status":"closed","template":"","meta":[],"product_brand":[],"product_cat":[36,734,143],"product_tag":[],"class_list":{"0":"post-36791","1":"product","2":"type-product","3":"status-publish","4":"has-post-thumbnail","6":"product_cat-thuc-pham-tieu-dung","7":"product_cat-nhap-khau-uc","8":"product_cat-thuc-pham-dong-hop","10":"first","11":"instock","12":"sale","13":"shipping-taxable","14":"purchasable","15":"product-type-simple"},"_links":{"self":[{"href":"https:\/\/havamall.com\/en\/wp-json\/wp\/v2\/product\/36791","targetHints":{"allow":["GET"]}}],"collection":[{"href":"https:\/\/havamall.com\/en\/wp-json\/wp\/v2\/product"}],"about":[{"href":"https:\/\/havamall.com\/en\/wp-json\/wp\/v2\/types\/product"}],"replies":[{"embeddable":true,"href":"https:\/\/havamall.com\/en\/wp-json\/wp\/v2\/comments?post=36791"}],"version-history":[{"count":0,"href":"https:\/\/havamall.com\/en\/wp-json\/wp\/v2\/product\/36791\/revisions"}],"wp:featuredmedia":[{"embeddable":true,"href":"https:\/\/havamall.com\/en\/wp-json\/wp\/v2\/media\/36793"}],"wp:attachment":[{"href":"https:\/\/havamall.com\/en\/wp-json\/wp\/v2\/media?parent=36791"}],"wp:term":[{"taxonomy":"product_brand","embeddable":true,"href":"https:\/\/havamall.com\/en\/wp-json\/wp\/v2\/product_brand?post=36791"},{"taxonomy":"product_cat","embeddable":true,"href":"https:\/\/havamall.com\/en\/wp-json\/wp\/v2\/product_cat?post=36791"},{"taxonomy":"product_tag","embeddable":true,"href":"https:\/\/havamall.com\/en\/wp-json\/wp\/v2\/product_tag?post=36791"}],"curies":[{"name":"wp","href":"https:\/\/api.w.org\/{rel}","templated":true}]}}