{"id":36797,"date":"2024-10-24T11:33:28","date_gmt":"2024-10-24T04:33:28","guid":{"rendered":"https:\/\/havamall.com\/?post_type=product&#038;p=36797"},"modified":"2024-10-24T11:44:58","modified_gmt":"2024-10-24T04:44:58","slug":"muoi-mu-tac-wasabi-salt-kinjirushi-wasabi-10g","status":"publish","type":"product","link":"https:\/\/havamall.com\/en\/shop\/muoi-mu-tac-wasabi-salt-kinjirushi-wasabi-10g\/","title":{"rendered":"Mu\u1ed1i M\u00f9 T\u1ea1c Wasabi salt &#8211; Kinjirushi Wasabi &#8211; 10g"},"content":{"rendered":"<h2 class=\"product-detail__specs-title\"><strong>TH\u00d4NG TIN CHUNG<\/strong><\/h2>\n<div id=\"js-product-detail__specs\" class=\"product-detail__specs\">\n<div class=\"row\">\n<div class=\"col-sm-12\">\n<div class=\"product-specs__table\">\n<table>\n<tbody>\n<tr>\n<td class=\"specs-table__property\">Th\u01b0\u01a1ng hi\u1ec7u<\/td>\n<td class=\"specs-table__value\">Kinjirushi<\/td>\n<\/tr>\n<tr>\n<td class=\"specs-table__property\">Xu\u1ea5t x\u1ee9<\/td>\n<td class=\"specs-table__value\">Nh\u1eadt B\u1ea3n<\/td>\n<\/tr>\n<tr>\n<td class=\"specs-table__property\">H\u1ea1n s\u1eed d\u1ee5ng<\/td>\n<td class=\"specs-table__value\">Xem tr\u00ean bao b\u00ec<\/td>\n<\/tr>\n<tr>\n<td class=\"specs-table__property\">H\u01b0\u1edbng d\u1eabn s\u1eed d\u1ee5ng<\/td>\n<td class=\"specs-table__value\">S\u1eed d\u1ee5ng tr\u1ef1c ti\u1ebfp ho\u1eb7c ch\u1ebf bi\u1ebfn m\u00f3n \u0103n<\/td>\n<\/tr>\n<tr>\n<td class=\"specs-table__property\">H\u01b0\u1edbng d\u1eabn b\u1ea3o qu\u1ea3n<\/td>\n<td class=\"specs-table__value\">N\u01a1i kh\u00f4 r\u00e1o, tho\u00e1ng m\u00e1t, tr\u00e1nh \u00e1nh n\u1eafng tr\u1ef1c ti\u1ebfp<\/td>\n<\/tr>\n<tr>\n<td class=\"specs-table__property\">Th\u00e0nh ph\u1ea7n nguy\u00ean li\u1ec7u<\/td>\n<td class=\"specs-table__value\">N\u01b0\u1edbc t\u01b0\u01a1ng d\u1ea1ng b\u1ed9t [N\u01b0\u1edbc t\u01b0\u01a1ng (\u0110\u1eadu n\u00e0nh, L\u00faa m\u00ec), mu\u1ed1i, Tinh b\u1ed9t bi\u1ebfn t\u00ednh, \u0111\u01b0\u1eddng, b\u1ed9t t\u1ecfi, d\u1ea7u c\u00e1m g\u1ea1o, b\u1ed9t l\u00e1 Wasabi.<\/td>\n<\/tr>\n<tr>\n<td class=\"specs-table__property\">Kh\u1ed1i l\u01b0\u1ee3ng<\/td>\n<td class=\"specs-table__value\">10g<\/td>\n<\/tr>\n<\/tbody>\n<\/table>\n<p>Mu\u1ed1i Kinjirushi Wasabi l\u00e0 s\u1ef1 k\u1ebft h\u1ee3p \u0111\u1ed9c \u0111\u00e1o t\u1eeb c\u00e1c th\u00e0nh ph\u1ea7n, \u0111\u1eb7c bi\u1ec7t l\u00e0 l\u00e1 Hon Wasabi, mang \u0111\u1ebfn h\u01b0\u01a1ng v\u1ecb \u0111\u1eadm \u0111\u00e0 v\u00e0 h\u1ea5p d\u1eabn. Ch\u1ec9 c\u1ea7n r\u1eafc nh\u1eb9 m\u1ed9t ch\u00fat l\u00ean m\u00f3n \u0103n, b\u1ea1n s\u1ebd c\u1ea3m nh\u1eadn ngay h\u01b0\u01a1ng v\u1ecb wasabi m\u00e0 kh\u00f4ng b\u1ecb qu\u00e1 n\u1ed3ng. V\u1edbi m\u00e0u xanh \u0111\u1eadm c\u1ee7a l\u00e1 wasabi t\u01b0\u01a1i, mu\u1ed1i gi\u00fap l\u00e0m n\u1ed5i b\u1eadt v\u1ebb \u0111\u1eb9p c\u1ee7a m\u00f3n \u0103n. S\u1ea3n ph\u1ea9m n\u00e0y l\u00fd t\u01b0\u1edfng \u0111\u1ec3 d\u00f9ng k\u00e8m v\u1edbi th\u1ecbt r\u00e1n, c\u00e1, rau, ho\u1eb7c c\u00f3 th\u1ec3 s\u1eed d\u1ee5ng v\u1edbi s\u1ed1 l\u01b0\u1ee3ng l\u1edbn \u0111\u1ec3 ph\u1ebft l\u00ean m\u00f3n \u0103n.<\/p>\n<p><img fetchpriority=\"high\" decoding=\"async\" class=\"wp-image-36798 aligncenter\" src=\"https:\/\/havamall.com\/wp-content\/uploads\/2024\/10\/ddd-290x300.png\" alt=\"\" width=\"619\" height=\"640\" srcset=\"https:\/\/havamall.com\/wp-content\/uploads\/2024\/10\/ddd-290x300.png 290w, https:\/\/havamall.com\/wp-content\/uploads\/2024\/10\/ddd-989x1024.png 989w, https:\/\/havamall.com\/wp-content\/uploads\/2024\/10\/ddd-768x795.png 768w, https:\/\/havamall.com\/wp-content\/uploads\/2024\/10\/ddd-12x12.png 12w, https:\/\/havamall.com\/wp-content\/uploads\/2024\/10\/ddd-600x621.png 600w, https:\/\/havamall.com\/wp-content\/uploads\/2024\/10\/ddd-1200x1243.png 1200w, https:\/\/havamall.com\/wp-content\/uploads\/2024\/10\/ddd-150x155.png 150w, https:\/\/havamall.com\/wp-content\/uploads\/2024\/10\/ddd.png 1236w\" sizes=\"(max-width: 619px) 100vw, 619px\" \/><\/p>\n<p>&#8211; Xu\u1ea5t x\u1ee9: Nh\u1eadt B\u1ea3n &#8211; Th\u00e0nh ph\u1ea7n: Mu\u1ed1i, Dextrin, B\u1ed9t g\u1ea1o l\u1ee9t, Chi\u1ebft xu\u1ea5t gia v\u1ecb (Dextrin, Ch\u1ea5t l\u00e0m \u0111\u1eb7c: E1450, Chi\u1ebft xu\u1ea5t gia v\u1ecb), B\u1ed9t l\u00e1 Wasabi (Eutrema Wasabi) (4,5%) B\u1ed9t chi\u1ebft xu\u1ea5t n\u1ea5m men (Chi\u1ebft xu\u1ea5t n\u1ea5m men, Dextrin)<\/p>\n<p>&#8211; H\u01b0\u1edbng d\u1eabn b\u1ea3o qu\u1ea3n: n\u01a1i kh\u00f4 r\u00e1o tho\u00e1ng m\u00e1t, tr\u00e1nh \u00e1nh n\u1eafng\u00a0tr\u1ef1c ti\u1ebfp.<\/p>\n<p>&#8211; H\u1ea1n s\u1eed d\u1ee5ng: 12 th\u00e1ng<\/p>\n<p>Mu\u1ed1i wasabi c\u00f3 th\u00e0nh ph\u1ea7n b\u1ed9t g\u1ea1o l\u1ee9t t\u1ea1o n\u00ean h\u01b0\u01a1ng th\u01a1m \u0111\u1eb7c bi\u1ec7t, ph\u00f9 h\u1ee3p cho c\u1ea3 m\u00f3n Nh\u1eadt v\u00e0 m\u00f3n chi\u00ean, ch\u1ea5m th\u1ecbt.<\/p>\n<p>H\u01b0\u1edbng d\u1eabn s\u1eed d\u1ee5ng: S\u1ea3n ph\u1ea9m \u0111\u01b0\u1ee3c d\u00f9ng \u0111\u1ec3 l\u00e0m gia v\u1ecb ch\u1ea5m ho\u1eb7c ch\u1ebf bi\u1ebfn c\u00e1c m\u00f3n \u0103n. S\u1ea3n ph\u1ea9m n\u00e0y kh\u00f4ng s\u1eed d\u1ee5ng m\u00e0u th\u1ef1c ph\u1ea9m, m\u00e0u s\u1eafc m\u1ed7i g\u00f3i s\u1ea3n ph\u1ea9m c\u00f3 th\u1ec3 h\u01a1i kh\u00e1c nhau do nguy\u00ean li\u1ec7u, kh\u00f4ng \u1ea3nh h\u01b0\u1edfng \u0111\u1ebfn ch\u1ea5t l\u01b0\u1ee3ng. Kh\u00f4ng s\u1eed d\u1ee5ng s\u1ea3n ph\u1ea9m khi h\u1ebft h\u1ea1n s\u1eed d\u1ee5ng.<\/p>\n<p><a class=\"YsLeY\" tabindex=\"0\" role=\"link\" href=\"https:\/\/www.google.com\/url?sa=i&amp;url=https%3A%2F%2Fkirikomade.com%2Fproducts%2Fwasabi-salt&amp;psig=AOvVaw3scv7cIoNyNGrsCtt-YZzn&amp;ust=1729755368150000&amp;source=images&amp;cd=vfe&amp;opi=89978449&amp;ved=0CBQQjRxqFwoTCLC5n4ujpIkDFQAAAAAdAAAAABBQ\" target=\"_blank\" rel=\"noopener\" data-ved=\"0CBQQjRxqFwoTCLC5n4ujpIkDFQAAAAAdAAAAABBQ\" aria-label=\"Truy c\u1eadp Kiriko Made\"><img decoding=\"async\" class=\"sFlh5c FyHeAf iPVvYb aligncenter\" src=\"https:\/\/havamall.com\/wp-content\/uploads\/2024\/10\/IMG_9881_720x.jpg\" alt=\"Kinjirushi, Wasabi Salt \u2013 Kiriko Made\" width=\"625\" height=\"781\" aria-hidden=\"false\" \/><\/a><\/p>\n<\/div>\n<\/div>\n<\/div>\n<\/div>","protected":false},"excerpt":{"rendered":"<p>TH\u00d4NG TIN CHUNG Th\u01b0\u01a1ng hi\u1ec7u Kinjirushi Xu\u1ea5t x\u1ee9 Nh\u1eadt B\u1ea3n H\u1ea1n s\u1eed d\u1ee5ng Xem tr\u00ean bao b\u00ec H\u01b0\u1edbng d\u1eabn s\u1eed<\/p>","protected":false},"featured_media":36799,"comment_status":"open","ping_status":"closed","template":"","meta":[],"product_brand":[],"product_cat":[36,595],"product_tag":[],"class_list":{"0":"post-36797","1":"product","2":"type-product","3":"status-publish","4":"has-post-thumbnail","6":"product_cat-thuc-pham-tieu-dung","7":"product_cat-gia-vi-va-che-bien","9":"first","10":"instock","11":"sale","12":"shipping-taxable","13":"purchasable","14":"product-type-simple"},"_links":{"self":[{"href":"https:\/\/havamall.com\/en\/wp-json\/wp\/v2\/product\/36797","targetHints":{"allow":["GET"]}}],"collection":[{"href":"https:\/\/havamall.com\/en\/wp-json\/wp\/v2\/product"}],"about":[{"href":"https:\/\/havamall.com\/en\/wp-json\/wp\/v2\/types\/product"}],"replies":[{"embeddable":true,"href":"https:\/\/havamall.com\/en\/wp-json\/wp\/v2\/comments?post=36797"}],"version-history":[{"count":0,"href":"https:\/\/havamall.com\/en\/wp-json\/wp\/v2\/product\/36797\/revisions"}],"wp:featuredmedia":[{"embeddable":true,"href":"https:\/\/havamall.com\/en\/wp-json\/wp\/v2\/media\/36799"}],"wp:attachment":[{"href":"https:\/\/havamall.com\/en\/wp-json\/wp\/v2\/media?parent=36797"}],"wp:term":[{"taxonomy":"product_brand","embeddable":true,"href":"https:\/\/havamall.com\/en\/wp-json\/wp\/v2\/product_brand?post=36797"},{"taxonomy":"product_cat","embeddable":true,"href":"https:\/\/havamall.com\/en\/wp-json\/wp\/v2\/product_cat?post=36797"},{"taxonomy":"product_tag","embeddable":true,"href":"https:\/\/havamall.com\/en\/wp-json\/wp\/v2\/product_tag?post=36797"}],"curies":[{"name":"wp","href":"https:\/\/api.w.org\/{rel}","templated":true}]}}