{"id":36804,"date":"2024-10-24T12:10:48","date_gmt":"2024-10-24T05:10:48","guid":{"rendered":"https:\/\/havamall.com\/?post_type=product&#038;p=36804"},"modified":"2025-03-20T10:15:59","modified_gmt":"2025-03-20T03:15:59","slug":"mu-tat-dong-lanh-nama-oroshi-wasabi-50g","status":"publish","type":"product","link":"https:\/\/havamall.com\/en\/shop\/mu-tat-dong-lanh-nama-oroshi-wasabi-50g\/","title":{"rendered":"M\u00f9 T\u1ea1c \u0110\u00f4ng L\u1ea1nh Nama Oroshi Wasabi 50g"},"content":{"rendered":"<h2 class=\"product-detail__specs-title\"><strong>TH\u00d4NG TIN CHUNG<\/strong><\/h2>\n<div id=\"js-product-detail__specs\" class=\"product-detail__specs\">\n<div class=\"row\">\n<div class=\"col-sm-12\">\n<div class=\"product-specs__table\">\n<table>\n<tbody>\n<tr>\n<td class=\"specs-table__property\">Th\u01b0\u01a1ng hi\u1ec7u<\/td>\n<td class=\"specs-table__value\">Kinjirushi<\/td>\n<\/tr>\n<tr>\n<td class=\"specs-table__property\">Xu\u1ea5t x\u1ee9<\/td>\n<td class=\"specs-table__value\">Nh\u1eadt B\u1ea3n<\/td>\n<\/tr>\n<tr>\n<td class=\"specs-table__property\">H\u1ea1n s\u1eed d\u1ee5ng<\/td>\n<td class=\"specs-table__value\">Xem tr\u00ean bao b\u00ec<\/td>\n<\/tr>\n<tr>\n<td class=\"specs-table__property\">H\u01b0\u1edbng d\u1eabn s\u1eed d\u1ee5ng<\/td>\n<td class=\"specs-table__value\">S\u1eed d\u1ee5ng tr\u1ef1c ti\u1ebfp ho\u1eb7c ch\u1ebf bi\u1ebfn m\u00f3n \u0103n<\/td>\n<\/tr>\n<tr>\n<td class=\"specs-table__property\">H\u01b0\u1edbng d\u1eabn b\u1ea3o qu\u1ea3n<\/td>\n<td class=\"specs-table__value\">N\u01a1i kh\u00f4 r\u00e1o, tho\u00e1ng m\u00e1t, tr\u00e1nh \u00e1nh n\u1eafng tr\u1ef1c ti\u1ebfp<\/td>\n<\/tr>\n<tr>\n<td class=\"specs-table__property\">Th\u00e0nh ph\u1ea7n nguy\u00ean li\u1ec7u<\/td>\n<td class=\"specs-table__value\">C\u1ea3i ng\u1ef1a (55%), wasabi (31.1%), siro \u0111\u01b0\u1eddng ng\u00f4, mu\u1ed1i, d\u1ea7u h\u1ea1t c\u1ea3i, ch\u1ea5t \u0111i\u1ec1u ch\u1ec9nh \u0111\u1ed9 acid (330), chi\u1ebft xu\u1ea5t m\u00f9 t\u1ea1t, m\u00e0u th\u1ef1c ph\u1ea9m t\u1ed5ng h\u1ee3p (E102, E133).<\/td>\n<\/tr>\n<tr>\n<td class=\"specs-table__property\">Kh\u1ed1i l\u01b0\u1ee3ng<\/td>\n<td class=\"specs-table__value\">50g<\/td>\n<\/tr>\n<\/tbody>\n<\/table>\n<p>Nh\u1eefng ai y\u00eau th\u00edch \u1ea9m th\u1ef1c Nh\u1eadt B\u1ea3n th\u00ec h\u1eb3n kh\u00f4ng c\u00f2n xa l\u1ea1 g\u00ec v\u1edbi m\u00f9 t\u1ea1t t\u01b0\u01a1i wasabi &#8211; th\u1ee9 gia v\u1ecb d\u1ea1ng s\u1ec7t, c\u00f3 m\u00e0u xanh l\u00e1 b\u1eaft m\u1eaft, th\u01b0\u1eddng \u0111\u01b0\u1ee3c s\u1eed d\u1ee5ng nh\u01b0 m\u1ed9t gia v\u1ecb kh\u00f4ng th\u1ec3 thi\u1ebfu cho c\u00e1c m\u00f3n sushi sashimi t\u01b0\u01a1i ngon.<\/p>\n<p><em><strong>M\u00f9 t\u1ea1t t\u01b0\u01a1i Kaneku<\/strong><\/em> \u0111\u01b0\u1ee3c m\u00e0i tr\u1ef1c ti\u1ebfp c\u1ee7 wasabi Nh\u1eadt mang \u0111\u1ebfn v\u1ecb cay n\u1ed3ng m\u1ea1nh, si\u00eau k\u00edch th\u00edch m\u0169i v\u00e0 v\u1ecb gi\u00e1c, th\u00edch h\u1ee3p l\u00e0m gia v\u1ecb \u0103n k\u00e8m cho c\u00e1c m\u00f3n h\u1ea3i s\u1ea3n t\u01b0\u01a1i s\u1ed1ng \u0111\u1ec3 kh\u1eed \u0111i v\u1ecb tanh hi\u1ec7u qu\u1ea3 v\u00e0 t\u0103ng th\u00eam v\u1ecb ngon cho m\u00f3n \u0103n.<\/p>\n<p><a class=\"YsLeY\" role=\"link\" href=\"https:\/\/www.google.com\/url?sa=i&amp;url=https%3A%2F%2Fkilala.vn%2Fam-thuc%2Fnhung-loai-gia-vi-cay-pho-bien-cua-nguoi-nhat.html&amp;psig=AOvVaw1FHSvRi3-IUV5-L9Jk4G2v&amp;ust=1729832904387000&amp;source=images&amp;cd=vfe&amp;opi=89978449&amp;ved=0CBQQjRxqFwoTCKilnPOfpokDFQAAAAAdAAAAABAE\" target=\"_blank\" rel=\"noopener\" data-ved=\"0CBQQjRxqFwoTCKilnPOfpokDFQAAAAAdAAAAABAE\" aria-label=\"Truy c\u1eadp KILALA\"><img decoding=\"async\" class=\"sFlh5c FyHeAf iPVvYb aligncenter\" src=\"https:\/\/havamall.com\/wp-content\/uploads\/2024\/10\/wasabi.jpg\" alt=\"Nh\u1eefng lo\u1ea1i gia v\u1ecb cay ph\u1ed5 bi\u1ebfn c\u1ee7a ng\u01b0\u1eddi Nh\u1eadt | KILALA\" aria-hidden=\"false\" \/><\/a><\/p>\n<h2><strong>\u0110\u1eb7c \u0111i\u1ec3m n\u1ed5i b\u1eadt c\u1ee7a m\u00f9 t\u1ea1t t\u01b0\u01a1i Nama Wasabi Kaneku<\/strong><\/h2>\n<ul>\n<li>Nguy\u00ean li\u1ec7u t\u1eeb c\u1ee7 wasabi t\u01b0\u01a1i c\u1ee7a Nh\u1eadt, k\u1ebft h\u1ee3p th\u00eam c\u1ea3i ng\u1ef1a \u0111em \u0111\u1ebfn h\u01b0\u01a1ng v\u1ecb cay n\u1ed3ng m\u1ea1nh h\u01a1n.<\/li>\n<li>Kh\u00e1c v\u1edbi m\u00f9 t\u1ea1t b\u1ed9t, th\u00ec m\u00f9 t\u1ea1t t\u01b0\u01a1i Kaneku s\u1ebd th\u01a1m h\u01a1n, v\u1ecb cay n\u1ed3ng \u0111\u1eadm m\u00e0 ng\u1eafn, ch\u1ee3t x\u1ed9c l\u00ean m\u0169i b\u1ea5t ch\u1ee3t v\u00e0 r\u1ed3i l\u1ea1i tan \u0111i nhanh, r\u1ea5t k\u00edch th\u00edch v\u1ecb gi\u00e1c gi\u00fap th\u01b0\u1edfng th\u1ee9c m\u00f3n \u0103n th\u00eam ngon mi\u1ec7ng.<\/li>\n<li>Chuy\u00ean d\u00f9ng \u0103n sushi sashimi, m\u00ec Nh\u1eadt\u2026ho\u1eb7c pha ch\u1ebf s\u1ed1t v\u1edbi n\u01b0\u1edbc t\u01b0\u01a1ng v\u00e0 mayonnaise\u2026<\/li>\n<li>M\u00f9 t\u1ea1t t\u01b0\u01a1i Kaneku \u0111\u01b0\u1ee3c \u0111\u00f3ng t\u00fai v\u1ec7 sinh an to\u00e0n, d\u1ec5 s\u1eed d\u1ee5ng, th\u00edch h\u1ee3p d\u00f9ng cho nh\u00e0 h\u00e0ng v\u00e0 c\u00e1c qu\u00e1n \u0103n.<\/li>\n<\/ul>\n<p><a class=\"YsLeY\" role=\"link\" href=\"https:\/\/www.google.com\/url?sa=i&amp;url=https%3A%2F%2Fkenh14.vn%2Fban-ve-chuyen-an-cay-vi-sao-co-nguoi-can-ca-ot-nguoi-khac-thi-chi-ngui-mui-da-muon-khoc-20190403123244261.chn&amp;psig=AOvVaw0muQt2PcdekHXZR1qfniLC&amp;ust=1729832946191000&amp;source=images&amp;cd=vfe&amp;opi=89978449&amp;ved=0CBQQjRxqFwoTCPiIqo-gpokDFQAAAAAdAAAAABAK\" target=\"_blank\" rel=\"noopener\" data-ved=\"0CBQQjRxqFwoTCPiIqo-gpokDFQAAAAAdAAAAABAK\" aria-label=\"Truy c\u1eadp Kenh14\"><img fetchpriority=\"high\" decoding=\"async\" class=\"sFlh5c FyHeAf iPVvYb aligncenter\" src=\"https:\/\/havamall.com\/wp-content\/uploads\/2024\/10\/h1-1546501063981837745169-crop-15465010790951238073481.jpg\" alt=\"V\u1ecb cay trong \u1ea9m th\u1ef1c v\u00e0 v\u00ec sao nhi\u1ec1u ng\u01b0\u1eddi kh\u00f4ng \u0103n \u0111\u01b0\u1ee3c cay\" width=\"743\" height=\"418\" aria-hidden=\"false\" \/><br \/>\n<\/a><\/p>\n<p>H\u01b0\u1edbng d\u1eabn s\u1eed d\u1ee5ng: S\u1ea3n ph\u1ea9m \u0111\u01b0\u1ee3c d\u00f9ng \u0111\u1ec3 l\u00e0m gia v\u1ecb ch\u1ea5m ho\u1eb7c ch\u1ebf bi\u1ebfn c\u00e1c m\u00f3n \u0103n. S\u1ea3n ph\u1ea9m n\u00e0y kh\u00f4ng s\u1eed d\u1ee5ng m\u00e0u th\u1ef1c ph\u1ea9m, m\u00e0u s\u1eafc m\u1ed7i g\u00f3i s\u1ea3n ph\u1ea9m c\u00f3 th\u1ec3 h\u01a1i kh\u00e1c nhau do nguy\u00ean li\u1ec7u, kh\u00f4ng \u1ea3nh h\u01b0\u1edfng \u0111\u1ebfn ch\u1ea5t l\u01b0\u1ee3ng. Kh\u00f4ng s\u1eed d\u1ee5ng s\u1ea3n ph\u1ea9m khi h\u1ebft h\u1ea1n s\u1eed d\u1ee5ng.<\/p>\n<\/div>\n<\/div>\n<\/div>\n<\/div>","protected":false},"excerpt":{"rendered":"<p>TH\u00d4NG TIN CHUNG Th\u01b0\u01a1ng hi\u1ec7u Kinjirushi Xu\u1ea5t x\u1ee9 Nh\u1eadt B\u1ea3n H\u1ea1n s\u1eed d\u1ee5ng Xem tr\u00ean bao b\u00ec H\u01b0\u1edbng d\u1eabn s\u1eed<\/p>","protected":false},"featured_media":36805,"comment_status":"open","ping_status":"closed","template":"","meta":[],"product_brand":[],"product_cat":[36,595,722,275],"product_tag":[],"class_list":{"0":"post-36804","1":"product","2":"type-product","3":"status-publish","4":"has-post-thumbnail","6":"product_cat-thuc-pham-tieu-dung","7":"product_cat-gia-vi-va-che-bien","8":"product_cat-nhap-khau-nhat-ban","9":"product_cat-thuc-pham-dong-lanh","11":"first","12":"instock","13":"sale","14":"shipping-taxable","15":"purchasable","16":"product-type-simple"},"_links":{"self":[{"href":"https:\/\/havamall.com\/en\/wp-json\/wp\/v2\/product\/36804","targetHints":{"allow":["GET"]}}],"collection":[{"href":"https:\/\/havamall.com\/en\/wp-json\/wp\/v2\/product"}],"about":[{"href":"https:\/\/havamall.com\/en\/wp-json\/wp\/v2\/types\/product"}],"replies":[{"embeddable":true,"href":"https:\/\/havamall.com\/en\/wp-json\/wp\/v2\/comments?post=36804"}],"version-history":[{"count":0,"href":"https:\/\/havamall.com\/en\/wp-json\/wp\/v2\/product\/36804\/revisions"}],"wp:featuredmedia":[{"embeddable":true,"href":"https:\/\/havamall.com\/en\/wp-json\/wp\/v2\/media\/36805"}],"wp:attachment":[{"href":"https:\/\/havamall.com\/en\/wp-json\/wp\/v2\/media?parent=36804"}],"wp:term":[{"taxonomy":"product_brand","embeddable":true,"href":"https:\/\/havamall.com\/en\/wp-json\/wp\/v2\/product_brand?post=36804"},{"taxonomy":"product_cat","embeddable":true,"href":"https:\/\/havamall.com\/en\/wp-json\/wp\/v2\/product_cat?post=36804"},{"taxonomy":"product_tag","embeddable":true,"href":"https:\/\/havamall.com\/en\/wp-json\/wp\/v2\/product_tag?post=36804"}],"curies":[{"name":"wp","href":"https:\/\/api.w.org\/{rel}","templated":true}]}}