{"id":36860,"date":"2024-10-31T10:53:41","date_gmt":"2024-10-31T03:53:41","guid":{"rendered":"https:\/\/havamall.com\/?post_type=product&#038;p=36860"},"modified":"2025-12-03T04:09:48","modified_gmt":"2025-12-02T21:09:48","slug":"keo-ngam-thao-moc-khong-duong-ricola-hop-thiec-100g-herb-candies","status":"publish","type":"product","link":"https:\/\/havamall.com\/en\/shop\/keo-ngam-thao-moc-khong-duong-ricola-hop-thiec-100g-herb-candies\/","title":{"rendered":"K\u1eb9o Ng\u1eadm Th\u1ea3o M\u1ed9c Kh\u00f4ng \u0110\u01b0\u1eddng Ricola H\u1ed9p Thi\u1ebfc 100g &#8211; Herb Candies"},"content":{"rendered":"<h2 class=\"product-detail__specs-title\"><strong>TH\u00d4NG TIN CHUNG<\/strong><\/h2>\n<div id=\"js-product-detail__specs\" class=\"product-detail__specs\">\n<div class=\"row\">\n<div class=\"col-sm-12\">\n<div class=\"product-specs__table\">\n<table>\n<tbody>\n<tr>\n<td class=\"specs-table__property\">Th\u01b0\u01a1ng hi\u1ec7u<\/td>\n<td class=\"specs-table__value\">Ricola<\/td>\n<\/tr>\n<tr>\n<td class=\"specs-table__property\">Xu\u1ea5t x\u1ee9<\/td>\n<td class=\"specs-table__value\">Thu\u1ef5 S\u0129<\/td>\n<\/tr>\n<tr>\n<td class=\"specs-table__property\">H\u1ea1n s\u1eed d\u1ee5ng<\/td>\n<td class=\"specs-table__value\">Xem tr\u00ean bao b\u00ec<\/td>\n<\/tr>\n<tr>\n<td class=\"specs-table__property\">H\u01b0\u1edbng d\u1eabn s\u1eed d\u1ee5ng<\/td>\n<td class=\"specs-table__value\">S\u1eed d\u1ee5ng tr\u1ef1c ti\u1ebfp ho\u1eb7c ch\u1ebf bi\u1ebfn m\u00f3n \u0103n<\/td>\n<\/tr>\n<tr>\n<td class=\"specs-table__property\">H\u01b0\u1edbng d\u1eabn b\u1ea3o qu\u1ea3n<\/td>\n<td class=\"specs-table__value\">N\u01a1i kh\u00f4 r\u00e1o, tho\u00e1ng m\u00e1t, tr\u00e1nh \u00e1nh n\u1eafng tr\u1ef1c ti\u1ebfp<\/td>\n<\/tr>\n<tr>\n<td class=\"specs-table__property\">Th\u00e0nh ph\u1ea7n nguy\u00ean li\u1ec7u<\/td>\n<td class=\"specs-table__value\">Xem tr\u00ean bao b\u00ec<\/td>\n<\/tr>\n<tr>\n<td class=\"specs-table__property\">Kh\u1ed1i l\u01b0\u1ee3ng<\/td>\n<td class=\"specs-table__value\">100g<\/td>\n<\/tr>\n<\/tbody>\n<\/table>\n<p>Nh\u1eefng c\u01a1n ho, c\u01a1n \u0111au r\u00e1t c\u1ed5 h\u1ecdng k\u00e9o d\u00e0i khi\u1ebfn b\u1ea1n m\u1ec7t m\u1ecfi v\u00e0 kh\u00f3 ch\u1ecbu m\u1ecdi l\u00fac m\u1ecdi n\u01a1i. Nh\u1ea5t l\u00e0 khi th\u1eddi ti\u1ebft thay \u0111\u1ed5i, c\u00e1c tri\u1ec7u ch\u1ee9ng nh\u01b0 ho, \u0111au h\u1ecdng, vi\u00eam v\u1ecdng c\u00e0ng d\u1ec5 m\u1eafc ph\u1ea3i h\u01a1n. K\u1eb9o ng\u1eadm Ricola l\u00e0 s\u1ea3n ph\u1ea9m c\u1ea7n thi\u1ebft m\u00e0 gia \u0111\u00ecnh b\u1ea1n kh\u00f4ng th\u1ec3 b\u1ecf qua.<\/p>\n<p>Qua 70 n\u0103m nghi\u00ean c\u1ee9u v\u00e0 ph\u00e1t tri\u1ec3n, Ricola \u0111\u00e3 th\u00e0nh c\u00f4ng vang d\u1ed9i v\u1edbi m\u00f3n k\u1eb9o th\u1ea3o m\u1ed9c kh\u00f4ng \u0111\u01b0\u1eddng n\u1ed5i ti\u1ebfng. K\u1eb9o Ricola Throat Drops \u0111\u01b0\u1ee3c s\u1eed d\u1ee5ng ph\u1ed5 bi\u1ebfn t\u1ea1i M\u1ef9 v\u00e0 nhi\u1ec1u qu\u1ed1c gia tr\u00ean th\u1ebf gi\u1edbi. B\u00ed quy\u1ebft chinh ph\u1ee5c ng\u01b0\u1eddi ti\u00eau d\u00f9ng c\u1ee7a h\u00e3ng k\u1eb9o n\u00e0y \u0111\u00f3 ch\u00ednh l\u00e0 ch\u1ea5t l\u01b0\u1ee3ng s\u1ea3n ph\u1ea9m tuy\u1ec7t v\u1eddi: h\u01b0\u01a1ng v\u1ecb t\u1ef1 nhi\u00ean, kh\u00f4ng h\u00f3a ch\u1ea5t, an to\u00e0n cho s\u1ee9c kh\u1ecfe.<\/p>\n<p><img fetchpriority=\"high\" decoding=\"async\" class=\"aligncenter\" src=\"https:\/\/havamall.com\/wp-content\/uploads\/2024\/10\/800db4e229c54130f16fb7679cbcd1ef.jpg\" alt=\"H\u1ed9p 250g k\u1eb9o th\u1ea3o m\u1ed9c ricola chi\u1ebft xu\u1ea5t 13 lo\u1ea1i th\u1ea3o m\u1ed9c h\u1ed9p 250g - \u0111\u1ee9c\" width=\"638\" height=\"563\" \/><\/p>\n<p>V\u1edbi Ricola, s\u1ea3n ph\u1ea9m c\u1ee7a h\u1ecd kh\u00f4ng ch\u1ec9 ngon m\u00e0 c\u00f2n ph\u1ea3i t\u1ed1t cho m\u1ecdi ng\u01b0\u1eddi. \u0110\u00f3 l\u00e0 l\u00fd do v\u00ec sao s\u1ea3n ph\u1ea9m c\u1ee7a h\u1ecd c\u00f3 \u0111\u1ebfn 13 lo\u1ea1i th\u1ea3o m\u1ed9c t\u1ef1 nhi\u00ean c\u00f3 ngu\u1ed3n g\u1ed1c t\u1eeb v\u00f9ng n\u00fai Th\u1ee5y S\u0129 xa x\u00f4i. C\u00e1c lo\u1ea1i th\u1ea3o m\u1ed9c n\u00e0y c\u00f3 t\u00ean g\u1ecdi c\u1ef1c k\u1ef3 l\u1ea1, nh\u01b0ng kh\u1ea3 n\u0103ng ch\u1eefa b\u1ec7nh c\u1ee7a ch\u00fang l\u1ea1i r\u1ea5t h\u1eefu hi\u1ec7u:<\/p>\n<p>&#8211; Elder (c\u00e2y c\u01a1m ch\u00e1y) gi\u00fap c\u01a1 th\u1ec3 to\u00e1t m\u1ed3 h\u00f4i nhanh h\u01a1n m\u1ed7i khi b\u1ecb c\u1ea3m s\u1ed1t.<\/p>\n<p>&#8211; Lady&#8217;s Mantle (c\u00e2y thi n\u1eef) v\u00e0 Thyme (c\u1ecf x\u1ea1 h\u01b0\u01a1ng\/h\u00fang t\u00e2y) gi\u00fap h\u1ea1 huy\u1ebft \u00e1p, gi\u1ea3m vi\u00eam h\u1ecdng.<\/p>\n<p>&#8211; Mallow (c\u00e2y c\u1ea9m qu\u1ef3) ph\u00f2ng ng\u1eeba b\u1ec7nh c\u1ea3m c\u00fam.<\/p>\n<p>&#8211; Peppermint (b\u1ea1c h\u00e0 cay) gi\u00fap th\u00f4ng c\u1ed5, m\u00e1t h\u1ecdng, ch\u1ed1ng c\u1ea3m l\u1ea1nh v\u00e0 \u0111em \u0111\u1ebfn h\u01b0\u01a1ng th\u01a1m t\u01b0\u01a1i m\u1edbi.<\/p>\n<p>&#8211; Cowslip (c\u00e2y anh th\u1ea3o) gi\u00fap gi\u1ea3m ho, tan \u0111\u00e0m, gi\u1ea3m tri\u1ec7u ch\u1ee9ng c\u1ea3m c\u00fam.<\/p>\n<p>&#8211; Sage (c\u00e2y x\u00f4 th\u01a1m) gi\u00fap gi\u1ea3m ti\u1ebft m\u1ed3 h\u00f4i.<\/p>\n<p>&#8211; Marshmallow (c\u00e2y th\u1ee5c qu\u1ef3) c\u00f3 t\u00e1c \u0111\u1ed9ng t\u1ed1t l\u00ean m\u00e0ng nh\u1ea7y trong cu\u1ed1ng h\u1ecdng, ch\u1ed1ng kh\u00f4 c\u1ed5 h\u1ecdng.<\/p>\n<p>&#8211; Plantain (c\u00e2y m\u00e3 \u0111\u1ec1) gi\u1ea3m ho, h\u1ed7 tr\u1ee3 ch\u1eefa tr\u1ecb ch\u1ee9ng vi\u00eam ph\u1ed5i, \u0111au h\u1ecdng.<\/p>\n<p>&#8211; Speedwell (c\u00e2y th\u1ee7y c\u1ef1) giup gi\u1ea3m long \u0111\u1eddm (\u0111\u00e0m).<\/p>\n<p>&#8211; Burnet (c\u00e2y m\u00f9i kh\u00e9t ch\u00e1y) gi\u00fap ch\u1eefa kh\u00e0n gi\u1ecdng hi\u1ec7u qu\u1ea3.<\/p>\n<p>&#8211; Yarrow (c\u1ecf thi) th\u00fac \u0111\u1ea9y s\u1ef1 ho\u1ea1t \u0111\u1ed9ng c\u1ee7a c\u00e1c c\u01a1 quan trong c\u01a1 th\u1ec3.<\/p>\n<p>&#8211; Horehound (c\u00e2y b\u1ea1c h\u00e0 tr\u1eafng) gi\u00fap ti\u00eau h\u00f3a t\u1ed1t, ch\u1ed1ng vi\u00eam h\u1ecdng.<\/p>\n<p>C\u00e1c th\u00e0nh ph\u1ea7n ch\u00ednh l\u00e0m n\u00ean k\u1eb9o ng\u1eadm Ricola \u0111\u1ec1u \u0111\u01b0\u1ee3c l\u1ea5y t\u1eeb ch\u1ed3i, hoa, th\u00e2n v\u00e0 r\u1ec5 c\u1ee7a nh\u1eefng lo\u00e0i th\u1ea3o m\u1ed9c k\u1ec3 tr\u00ean. C\u00e1c nh\u00e0 nghi\u00ean c\u1ee9u \u0111\u00e3 h\u1ee3p t\u00e1c v\u1edbi ng\u01b0\u1eddi b\u1ea3n \u0111\u1ecba \u0111\u1ec3 vun tr\u1ed3ng (b\u1eb1ng ph\u01b0\u01a1ng ph\u00e1p canh t\u00e1c), ch\u0103m s\u00f3c v\u00e0 thu ho\u1ea1ch th\u1ea3o m\u1ed9c t\u1eeb 5 khu v\u1ef1c kh\u00e1c nhau tr\u00ean n\u00fai cao Th\u1ee5y S\u0129. Khi th\u1ea3o m\u1ed9c ph\u00e1t tri\u1ec3n t\u1ed1t nh\u1ea5t, c\u00f3 gi\u00e1 tr\u1ecb dinh d\u01b0\u1ee1ng tr\u1ecdn v\u1eb9n nh\u1ea5t, c\u00e1c nh\u00e0 s\u1ea3n xu\u1ea5t thu ho\u1ea1ch v\u00e0 b\u00e0o ch\u1ebf th\u00e0nh vi\u00ean k\u1eb9o ng\u1eadm tuy\u1ec7t v\u1eddi mang t\u00ean Ricola.<\/p>\n<p><img decoding=\"async\" class=\"aligncenter\" src=\"https:\/\/havamall.com\/wp-content\/uploads\/2024\/10\/ricola_original_4_4017edba92134874a5a595d271ece92a_1024x1024.png\" alt=\"K\u1eb9o Ng\u1eadm Th\u1ea3o M\u1ed9c Ricola Original 250g - Ricola Original Herbs 250g \u2013 Phan An - Nh\u1eadp Kh\u1ea9u Ch\u00ednh Ng\u1ea1ch\" width=\"682\" height=\"682\" \/><\/p>\n<h3>\u00a0<strong>K\u1eb9o Ng\u1eadm Th\u1ea3o M\u1ed9c Kh\u00f4ng \u0110\u01b0\u1eddng Ricola c\u00f3 c\u00f4ng d\u1ee5ng g\u00ec?<\/strong><\/h3>\n<p>&#8211; V\u1edbi cam k\u1ebft &#8220;sugar free&#8221;, c\u00f3 ngh\u0129a l\u00e0 kh\u00f4ng ch\u1ee9a \u0111\u01b0\u1eddng, k\u1eb9o ng\u1eadm Ricola c\u1ee7a M\u1ef9 s\u1ebd kh\u00f4ng \u1ea3nh h\u01b0\u1edfng g\u00ec \u0111\u1ebfn ch\u1ebf \u0111\u1ed9 \u0103n u\u1ed1ng gi\u1ea3m c\u00e2n c\u1ee7a b\u1ea1n. B\u1ea1n c\u00f3 th\u1ec3 d\u00f9ng k\u1eb9o Ricola b\u1ea5t c\u1ee9 khi n\u00e0o b\u1ea1n th\u00edch.<\/p>\n<p>&#8211; Gi\u00fap kh\u1eed m\u00f9i, \u0111em \u0111\u1ebfn h\u01a1i th\u1edf th\u01a1m m\u00e1t cho ng\u01b0\u1eddi d\u00f9ng. Ricola gi\u00fap b\u1ea1n t\u1ef1 tin giao ti\u1ebfp m\u1ecdi l\u00fac m\u1ecdi n\u01a1i m\u00e0 kh\u00f4ng c\u1ea7n lo ng\u1ea1i v\u1ec1 m\u00f9i h\u00f4i mi\u1ec7ng.<\/p>\n<p>&#8211; Gi\u00fap th\u00f4ng c\u1ed5, m\u00e1t h\u1ecdng, tan \u0111\u1eddm (\u0111\u00e0m), tr\u1ecb \u0111au h\u1ecdng, vi\u00eam h\u1ecdng. \u0110em \u0111\u1ebfn c\u1ea3m gi\u00e1c t\u01b0\u01a1i m\u00e1t, thanh khi\u1ebft.<\/p>\n<p>&#8211; Gi\u1ea3m c\u00e1c c\u01a1n ng\u1ee9a c\u1ed5, c\u01a1n ho, kh\u00e0n ti\u1ebfng, m\u1ea5t gi\u1ecdng, kh\u00f4 r\u00e1t c\u1ed5 h\u1ecdng.<\/p>\n<p>&#8211; Kh\u1eed m\u00f9i bia r\u01b0\u1ee3u hi\u1ec7u qu\u1ea3.<\/p>\n<p>&#8211; H\u01b0\u01a1ng th\u01a1m b\u1ea1c h\u00e0 the m\u00e1t cho tinh th\u1ea7n s\u1ea3ng kho\u00e1i, l\u00e0m vi\u1ec7c c\u00f3 hi\u1ec7u qu\u1ea3 h\u01a1n.<\/p>\n<p>&#8211; S\u1ea3n ph\u1ea9m c\u00f3 ngu\u1ed3n g\u1ed1c thi\u00ean nhi\u00ean, an to\u00e0n cho ng\u01b0\u1eddi s\u1eed d\u1ee5ng.<\/p>\n<p>&#8211; H\u1ed9p c\u00f3 k\u00edch th\u01b0\u1edbc nh\u1ecf g\u1ecdn \u0111\u1ec3 v\u1eeba trong t\u00fai, d\u1ec5 mang \u0111i xa.<\/p>\n<p>&#8211; K\u1eb9o kh\u00f4ng ch\u1ee9a \u0111\u01b0\u1eddng, kh\u00f4ng g\u00e2y s\u00e2u r\u0103ng n\u00ean r\u1ea5t th\u00edch h\u1ee3p cho ng\u01b0\u1eddi ki\u00eang \u0111\u1ed3 ng\u1ecdt.<\/p>\n<p>&#8211;\u00a0<strong>C\u00e1ch d\u00f9ng<\/strong>: D\u00f9ng ngay 1 vi\u00ean k\u1eb9o ng\u1eadm Ricola khi b\u1ecb kh\u00e0n gi\u1ecdng ho\u1eb7c \u0111au r\u00e1t c\u1ed5 h\u1ecdng. Kh\u00f4ng d\u00f9ng qu\u00e1 6 vi\u00ean\/ng\u00e0y.<\/p>\n<p><img decoding=\"async\" class=\"aligncenter\" src=\"https:\/\/havamall.com\/wp-content\/uploads\/2024\/10\/ricola_orginal_2_9624d8cefbe2486c8adf587fe7919ee9_1024x1024.png\" alt=\"K\u1eb9o Ng\u1eadm Th\u1ea3o M\u1ed9c Ricola Original 250g - Ricola Original Herbs 250g \u2013 Phan An - Nh\u1eadp Kh\u1ea9u Ch\u00ednh Ng\u1ea1ch\" width=\"724\" height=\"724\" \/><\/p>\n<\/div>\n<\/div>\n<\/div>\n<\/div>","protected":false},"excerpt":{"rendered":"<p>TH\u00d4NG TIN CHUNG Th\u01b0\u01a1ng hi\u1ec7u Ricola Xu\u1ea5t x\u1ee9 Thu\u1ef5 S\u0129 H\u1ea1n s\u1eed d\u1ee5ng Xem tr\u00ean bao b\u00ec H\u01b0\u1edbng d\u1eabn s\u1eed<\/p>","protected":false},"featured_media":36861,"comment_status":"open","ping_status":"closed","template":"","meta":[],"product_brand":[],"product_cat":[36,133,730],"product_tag":[],"class_list":{"0":"post-36860","1":"product","2":"type-product","3":"status-publish","4":"has-post-thumbnail","6":"product_cat-thuc-pham-tieu-dung","7":"product_cat-banh-keo-chocolate","8":"product_cat-cac-nuoc-khac","10":"first","11":"outofstock","12":"sale","13":"shipping-taxable","14":"purchasable","15":"product-type-simple"},"_links":{"self":[{"href":"https:\/\/havamall.com\/en\/wp-json\/wp\/v2\/product\/36860","targetHints":{"allow":["GET"]}}],"collection":[{"href":"https:\/\/havamall.com\/en\/wp-json\/wp\/v2\/product"}],"about":[{"href":"https:\/\/havamall.com\/en\/wp-json\/wp\/v2\/types\/product"}],"replies":[{"embeddable":true,"href":"https:\/\/havamall.com\/en\/wp-json\/wp\/v2\/comments?post=36860"}],"version-history":[{"count":0,"href":"https:\/\/havamall.com\/en\/wp-json\/wp\/v2\/product\/36860\/revisions"}],"wp:featuredmedia":[{"embeddable":true,"href":"https:\/\/havamall.com\/en\/wp-json\/wp\/v2\/media\/36861"}],"wp:attachment":[{"href":"https:\/\/havamall.com\/en\/wp-json\/wp\/v2\/media?parent=36860"}],"wp:term":[{"taxonomy":"product_brand","embeddable":true,"href":"https:\/\/havamall.com\/en\/wp-json\/wp\/v2\/product_brand?post=36860"},{"taxonomy":"product_cat","embeddable":true,"href":"https:\/\/havamall.com\/en\/wp-json\/wp\/v2\/product_cat?post=36860"},{"taxonomy":"product_tag","embeddable":true,"href":"https:\/\/havamall.com\/en\/wp-json\/wp\/v2\/product_tag?post=36860"}],"curies":[{"name":"wp","href":"https:\/\/api.w.org\/{rel}","templated":true}]}}