{"id":37154,"date":"2024-11-08T17:06:05","date_gmt":"2024-11-08T10:06:05","guid":{"rendered":"https:\/\/havamall.com\/?post_type=product&#038;p=37154"},"modified":"2025-09-26T16:36:57","modified_gmt":"2025-09-26T09:36:57","slug":"sashimi-ca-hoi-khe-con-da-dong-lanh-aburi-harasu-frozen-salmon","status":"publish","type":"product","link":"https:\/\/havamall.com\/en\/shop\/sashimi-ca-hoi-khe-con-da-dong-lanh-aburi-harasu-frozen-salmon\/","title":{"rendered":"Sashimi C\u00e1 H\u1ed3i Kh\u00e8 C\u00f2n Da \u0110\u00f4ng L\u1ea1nh (Aburi Harasu) &#8211; Frozen Salmon"},"content":{"rendered":"<h2 class=\"product-detail__specs-title\"><strong>TH\u00d4NG TIN CHUNG<\/strong><\/h2>\n<div id=\"js-product-detail__specs\" class=\"product-detail__specs\">\n<div class=\"row\">\n<div class=\"col-sm-12\">\n<div class=\"product-specs__table\">\n<table style=\"width: 100%; height: 174px;\">\n<tbody>\n<tr style=\"height: 24px;\">\n<td class=\"specs-table__property\" style=\"height: 24px; width: 19.346%;\">Th\u01b0\u01a1ng hi\u1ec7u<\/td>\n<td style=\"width: 79.9273%; height: 24px;\">Havafoodies<\/td>\n<\/tr>\n<tr style=\"height: 24px;\">\n<td class=\"specs-table__property\" style=\"height: 24px; width: 19.346%;\">Xu\u1ea5t x\u1ee9<\/td>\n<td class=\"specs-table__value\" style=\"height: 24px; width: 79.9273%;\">Nh\u1eadt B\u1ea3n<\/td>\n<\/tr>\n<tr style=\"height: 24px;\">\n<td class=\"specs-table__property\" style=\"height: 24px; width: 19.346%;\">H\u1ea1n s\u1eed d\u1ee5ng<\/td>\n<td class=\"specs-table__value\" style=\"height: 24px; width: 79.9273%;\">24 th\u00e1ng k\u1ec3 t\u1eeb ng\u00e0y s\u1ea3n xu\u1ea5t<\/td>\n<\/tr>\n<tr style=\"height: 24px;\">\n<td class=\"specs-table__property\" style=\"height: 24px; width: 19.346%;\">H\u01b0\u1edbng d\u1eabn s\u1eed d\u1ee5ng<\/td>\n<td class=\"specs-table__value\" style=\"height: 24px; width: 79.9273%;\">D\u00f9ng tr\u1ef1c ti\u1ebfp ho\u1eb7c ch\u1ebf bi\u1ebfn c\u00e1c m\u00f3n \u0103n<\/td>\n<\/tr>\n<tr style=\"height: 24px;\">\n<td class=\"specs-table__property\" style=\"height: 24px; width: 19.346%;\">H\u01b0\u1edbng d\u1eabn b\u1ea3o qu\u1ea3n<\/td>\n<td class=\"w-full border-2 border-DEFAULT px-4 py-2\" style=\"width: 79.9273%; height: 24px;\">\n<div class=\"text-justify\">B\u1ea3o qu\u1ea3n n\u01a1i kh\u00f4 r\u00e1o, tho\u00e1ng m\u00e1t.<\/div>\n<\/td>\n<\/tr>\n<tr style=\"height: 30px;\">\n<td class=\"specs-table__property\" style=\"height: 30px; width: 19.346%;\">Th\u00e0nh ph\u1ea7n nguy\u00ean li\u1ec7u<\/td>\n<td class=\"w-full border-2 border-DEFAULT px-4 py-2\" style=\"width: 79.9273%; height: 30px;\">\n<div class=\"text-justify\">Xem tr\u00ean bao b\u00ec s\u1ea3n ph\u1ea9m<\/div>\n<\/td>\n<\/tr>\n<tr style=\"height: 24px;\">\n<td class=\"specs-table__property\" style=\"height: 24px; width: 19.346%;\">Kh\u1ed1i l\u01b0\u1ee3ng<\/td>\n<td class=\"specs-table__value\" style=\"height: 24px; width: 79.9273%;\">8g\/mi\u1ebfng x\u00a020 mi\u1ebfng\/khay<\/td>\n<\/tr>\n<\/tbody>\n<\/table>\n<p>Sashimi c\u00e1 h\u1ed3i c\u1eaft l\u00e1t kh\u00e8 \u0111\u01b0\u1ee3c ch\u1ebf bi\u1ebfn t\u1eeb l\u01b0\u1eddn b\u1ee5ng c\u1ee7a c\u00e1 h\u1ed3i, ch\u00ednh l\u00e0 ph\u1ea7n ngon nh\u1ea5t c\u1ee7a con c\u00e1, th\u1ecbt \u0111\u1eadm, b\u00e9o ng\u1eady c\u1ee7a m\u1ee1 c\u00e1 \u0111an xen trong t\u1eebng s\u1edb th\u1ecbt m\u1ec1m m\u1ea1i, tan ch\u1ea3y trong mi\u1ec7ng. \u0110\u1eb7c bi\u1ec7t Sashimi c\u00e1 h\u1ed3i c\u1eaft l\u00e1t kh\u00e8 \u0111\u01b0\u1ee3c gi\u1eef nguy\u00ean ph\u1ea7n da v\u00e0 l\u00e0m ch\u00e1y b\u1eb1ng ph\u01b0\u01a1ng ph\u00e1p kh\u00e8 l\u1eeda, gi\u00fap d\u1eady l\u00ean m\u00f9i h\u01b0\u01a1ng th\u01a1m n\u1ee9c m\u0169i. s\u1ef1 b\u00e9o ng\u1eady c\u1ee7a m\u1ee1 c\u00e1 \u0111an xen trong t\u1eebng s\u1edb th\u1ecbt m\u1ec1m m\u1ea1i, tan ch\u1ea3y trong mi\u1ec7ng.<\/p>\n<p><img fetchpriority=\"high\" decoding=\"async\" class=\"wp-image-37155 aligncenter\" src=\"https:\/\/havamall.com\/wp-content\/uploads\/2024\/11\/zxcz-289x300.png\" alt=\"\" width=\"497\" height=\"516\" srcset=\"https:\/\/havamall.com\/wp-content\/uploads\/2024\/11\/zxcz-289x300.png 289w, https:\/\/havamall.com\/wp-content\/uploads\/2024\/11\/zxcz-12x12.png 12w, https:\/\/havamall.com\/wp-content\/uploads\/2024\/11\/zxcz-600x622.png 600w, https:\/\/havamall.com\/wp-content\/uploads\/2024\/11\/zxcz-150x156.png 150w, https:\/\/havamall.com\/wp-content\/uploads\/2024\/11\/zxcz.png 750w\" sizes=\"(max-width: 497px) 100vw, 497px\" \/><\/p>\n<p><strong>Quy tr\u00ecnh ch\u1ebf bi\u1ebfn c\u1ee7a m\u1ed7i khay Sashimi c\u00e1 h\u1ed3i kh\u00e8<\/strong><br \/>\n1. Nguy\u00ean li\u1ec7u nh\u1eadp kh\u1ea9u tr\u1ef1c ti\u1ebfp t\u1eeb Nh\u1eadt B\u1ea3n<br \/>\n2. Ki\u1ec3m tra s\u00e0ng l\u1ecdc tr\u01b0\u1edbc khi \u0111\u01b0a v\u00e0o s\u1ea3n xu\u1ea5t v\u00e0 ch\u1ebf bi\u1ebfn trong m\u00f4i tr\u01b0\u1eddng v\u00f4 tr\u00f9ng ho\u00e0n to\u00e0n.<br \/>\n3. Kh\u00f2 l\u1eeda, c\u1eaft c\u00e1 h\u1ed3i th\u00e0nh t\u1eebng mi\u1ebfng sashimi theo ti\u00eau chu\u1ea9n xu\u1ea5t kh\u1ea9u, v\u00e0 x\u1ebfp v\u00e0o khay.<br \/>\n4. \u0110\u00f3ng g\u00f3i, h\u00fat ch\u00e2n kh\u00f4ng \u0111\u1ec3 \u1ee9c ch\u1ebf qu\u00e1 tr\u00ecnh oxi h\u00f3a s\u1ea3n ph\u1ea9m.<br \/>\n5. Ki\u1ec3m tra ch\u1ea5t l\u01b0\u1ee3ng.<br \/>\n6. C\u1ea5p \u0111\u00f4ng v\u00e0 b\u1ea3o qu\u1ea3n trong kho l\u1ea1nh -40oC \u0111\u1ec3 gi\u1eef nguy\u00ean h\u00e0m l\u01b0\u1ee3ng dinh d\u01b0\u1ee1ng c\u1ee7a s\u1ea3n ph\u1ea9m.<\/p>\n<p><strong>Th\u00e0nh Ph\u1ea7n Dinh D\u01b0\u1ee1ng\/ 100g Sashimi C\u00e1 H\u1ed3i Kh\u00e8<\/strong><br \/>\nL\u01b0\u1ee3ng Calo: 220Kcal<br \/>\nH\u00e0m l\u01b0\u1ee3ng ch\u1ea5t b\u00e9o: 16g<br \/>\nCh\u1ea5t b\u00e9o b\u00e3o h\u00f2a 3.3g<br \/>\nH\u00e0m l\u01b0\u1ee3ng Nattri: 32mg<br \/>\nProtein: 19g<br \/>\nT\u1ed5ng carbohydrate: 0g\u201d<\/p>\n<p><img decoding=\"async\" class=\"wp-image-37156 aligncenter\" src=\"https:\/\/havamall.com\/wp-content\/uploads\/2024\/11\/5345-300x200.png\" alt=\"\" width=\"669\" height=\"446\" srcset=\"https:\/\/havamall.com\/wp-content\/uploads\/2024\/11\/5345-300x200.png 300w, https:\/\/havamall.com\/wp-content\/uploads\/2024\/11\/5345-1024x683.png 1024w, https:\/\/havamall.com\/wp-content\/uploads\/2024\/11\/5345-768x512.png 768w, https:\/\/havamall.com\/wp-content\/uploads\/2024\/11\/5345-18x12.png 18w, https:\/\/havamall.com\/wp-content\/uploads\/2024\/11\/5345-600x400.png 600w, https:\/\/havamall.com\/wp-content\/uploads\/2024\/11\/5345-1200x800.png 1200w, https:\/\/havamall.com\/wp-content\/uploads\/2024\/11\/5345-150x100.png 150w, https:\/\/havamall.com\/wp-content\/uploads\/2024\/11\/5345.png 1500w\" sizes=\"(max-width: 669px) 100vw, 669px\" \/><\/p>\n<p><strong>S\u1eec D\u1ee4NG<\/strong><br \/>\nV\u1edbi s\u1ea3n ph\u1ea9m Sashimi b\u1ea1n c\u00f3 th\u1ec3 s\u1eed d\u1ee5ng sashimi tr\u1ef1c ti\u1ebfp ho\u1eb7c l\u00e0m sushi.<br \/>\nTr\u01b0\u1edbc khi s\u1eed d\u1ee5ng, b\u1ea1n c\u1ea7n r\u00e3 \u0111\u00f4ng t\u1ef1 nhi\u00ean b\u1eb1ng 1 s\u1ed1 c\u00e1ch sau:<\/p>\n<ul>\n<li>C\u00e1ch 1: R\u00e3 \u0111\u00f4ng sashimi trong ng\u0103n m\u00e1t t\u1ee7 l\u1ea1nh, l\u1ea5y sashimi t\u1eeb ng\u0103n \u0111\u00f4ng v\u00e0 cho v\u00e0o ng\u0103n m\u00e1t t\u1ee7 l\u1ea1nh \u0111\u1ec3 r\u00e3 \u0111\u00f4ng t\u1eeb t\u1eeb.<\/li>\n<li>C\u00e1ch 2: \u0110\u1ec3 r\u00e3 \u0111\u00f4ng nhanh h\u01a1n, \u0111\u1ec3 nguy\u00ean bao b\u00ec h\u00fat ch\u00e2n kh\u00f4ng \u0111\u1eb7t tr\u01b0\u1edbc qu\u1ea1t gi\u00f3 ho\u1eb7c ng\u00e2m trong n\u01b0\u1edbc l\u1ea1nh.<\/li>\n<\/ul>\n<p>***L\u01b0u \u00fd:<br \/>\nKh\u00f4ng n\u00ean r\u00e3 \u0111\u00f4ng sashimi b\u1eb1ng l\u00f2 vi s\u00f3ng ho\u1eb7c n\u01b0\u1edbc \u1ea5m v\u00ec nhi\u1ec7t \u0111\u1ed9 n\u00f3ng s\u1ebd l\u00e0m thay \u0111\u1ed5i k\u1ebft c\u1ea5u c\u0169ng nh\u01b0 th\u00e0nh ph\u1ea7n dinh d\u01b0\u1ee1ng c\u1ee7a s\u1ea3n ph\u1ea9m.<\/p>\n<\/div>\n<\/div>\n<\/div>\n<\/div>","protected":false},"excerpt":{"rendered":"<p>TH\u00d4NG TIN CHUNG Th\u01b0\u01a1ng hi\u1ec7u Havafoodies Xu\u1ea5t x\u1ee9 Nh\u1eadt B\u1ea3n H\u1ea1n s\u1eed d\u1ee5ng 24 th\u00e1ng k\u1ec3 t\u1eeb ng\u00e0y s\u1ea3n xu\u1ea5t<\/p>","protected":false},"featured_media":37158,"comment_status":"open","ping_status":"closed","template":"","meta":[],"product_brand":[],"product_cat":[36,702,130,722,275],"product_tag":[],"class_list":{"0":"post-37154","1":"product","2":"type-product","3":"status-publish","4":"has-post-thumbnail","6":"product_cat-thuc-pham-tieu-dung","7":"product_cat-hai-san","8":"product_cat-khuyen-mai","9":"product_cat-nhap-khau-nhat-ban","10":"product_cat-thuc-pham-dong-lanh","12":"first","13":"instock","14":"sale","15":"shipping-taxable","16":"purchasable","17":"product-type-simple"},"_links":{"self":[{"href":"https:\/\/havamall.com\/en\/wp-json\/wp\/v2\/product\/37154","targetHints":{"allow":["GET"]}}],"collection":[{"href":"https:\/\/havamall.com\/en\/wp-json\/wp\/v2\/product"}],"about":[{"href":"https:\/\/havamall.com\/en\/wp-json\/wp\/v2\/types\/product"}],"replies":[{"embeddable":true,"href":"https:\/\/havamall.com\/en\/wp-json\/wp\/v2\/comments?post=37154"}],"version-history":[{"count":0,"href":"https:\/\/havamall.com\/en\/wp-json\/wp\/v2\/product\/37154\/revisions"}],"wp:featuredmedia":[{"embeddable":true,"href":"https:\/\/havamall.com\/en\/wp-json\/wp\/v2\/media\/37158"}],"wp:attachment":[{"href":"https:\/\/havamall.com\/en\/wp-json\/wp\/v2\/media?parent=37154"}],"wp:term":[{"taxonomy":"product_brand","embeddable":true,"href":"https:\/\/havamall.com\/en\/wp-json\/wp\/v2\/product_brand?post=37154"},{"taxonomy":"product_cat","embeddable":true,"href":"https:\/\/havamall.com\/en\/wp-json\/wp\/v2\/product_cat?post=37154"},{"taxonomy":"product_tag","embeddable":true,"href":"https:\/\/havamall.com\/en\/wp-json\/wp\/v2\/product_tag?post=37154"}],"curies":[{"name":"wp","href":"https:\/\/api.w.org\/{rel}","templated":true}]}}