{"id":37159,"date":"2024-11-08T17:17:07","date_gmt":"2024-11-08T10:17:07","guid":{"rendered":"https:\/\/havamall.com\/?post_type=product&#038;p=37159"},"modified":"2025-03-20T10:14:37","modified_gmt":"2025-03-20T03:14:37","slug":"shashimi-bach-tuoc-luoc-sushi-120g-dong-lanh-frozen-boiled-octopus-slice","status":"publish","type":"product","link":"https:\/\/havamall.com\/en\/shop\/shashimi-bach-tuoc-luoc-sushi-120g-dong-lanh-frozen-boiled-octopus-slice\/","title":{"rendered":"Sashimi B\u1ea1ch Tu\u1ed9c Lu\u1ed9c Sushi 120g \u0110\u00f4ng L\u1ea1nh &#8211; Frozen Boiled Octopus Slice"},"content":{"rendered":"<p><strong>Sushi b\u1ea1ch tu\u1ed9c<\/strong>\u00a0l\u00e0 m\u1ed9t s\u1ea3n ph\u1ea9m l\u00e0m s\u1eb5n ti\u1ec7n l\u1ee3i gi\u00fap b\u1ea1n th\u01b0\u1edfng th\u1ee9c m\u00f3n h\u1ea3i s\u1ea3n \u01b0a th\u00edch c\u1ee7a m\u00ecnh m\u1ed9t c\u00e1ch ho\u00e0n h\u1ea3o v\u00e0 nhanh ch\u00f3ng. B\u1ea1ch tu\u1ed9c \u0111\u01b0\u1ee3c l\u1ea5y t\u1eeb ngu\u1ed3n h\u1ea3i s\u1ea3n t\u01b0\u01a1i s\u1ea1ch, th\u00f4ng qua l\u1ef1a ch\u1ecdn nghi\u00eam ng\u1eb7t. Sau \u0111\u00f3 \u0111\u01b0\u1ee3c l\u00e0m s\u1ea1ch, lu\u1ed9c ch\u00edn v\u00e0 th\u00e1i th\u00e0nh t\u1eebng l\u00e1t v\u1edbi \u0111\u1ed9 d\u00e0y v\u1eeba ph\u1ea3i, r\u1ed3i \u0111em c\u1ea5p \u0111\u00f4ng nhanh ch\u00f3ng \u0111\u1ec3 \u0111\u1ea3m b\u1ea3o gi\u1eef \u0111\u01b0\u1ee3c \u0111\u1ed9 t\u01b0\u01a1i.<\/p>\n<div style=\"text-align: center\"><img fetchpriority=\"high\" decoding=\"async\" class=\"aligncenter\" src=\"https:\/\/havamall.com\/wp-content\/uploads\/2024\/11\/179642224_276449177480715_6799295692475094430_n.jpg\" alt=\"B\u1ea1ch Tu\u1ed9c Lu\u1ed9c \u0110\u00f4ng L\u1ea1nh (TAKO SASHIMI) - TR\u00daC AN FOOD\" width=\"570\" height=\"856\" \/><\/div>\n<p>M\u1ed9t khay <em><strong>bao g\u1ed3m kho\u1ea3ng 20 mi\u1ebfng b\u1ea1ch tu\u1ed9c th\u00e1i l\u00e1t<\/strong><\/em>, c\u00f3 th\u1ec3 \u0103n tr\u1ef1c ti\u1ebfp sau khi r\u00e3 \u0111\u00f4ng v\u00e0 ch\u1ebf bi\u1ebfn th\u00e0nh nhi\u1ec1u m\u00f3n \u0103n theo \u00fd th\u00edch nh\u01b0 sushi b\u1ea1ch tu\u1ed9c, sashimi b\u1ea1ch tu\u1ed9c. Ho\u1eb7c h\u1ecdc theo ng\u01b0\u1eddi H\u00e0n, \u0111\u1ed5i m\u1edbi kh\u1ea9u v\u1ecb khi \u0103n b\u1ea1ch tu\u1ed9c lu\u1ed9c ch\u1ea5m c\u00f9ng d\u1ea7u m\u00e8 hay ch\u1ea5m v\u1edbi gochujang chua \u0111\u1ec3 t\u1eadn h\u01b0\u1edfng h\u1ebft v\u1ecb t\u01b0\u01a1i, gi\u00f2n ng\u1ecdt c\u1ee7a th\u1ecbt b\u1ea1ch tu\u1ed9c.<\/p>\n<p>Ngo\u00e0i ra l\u00e0m g\u1ecfi b\u1ea1ch tu\u1ed9c c\u0169ng l\u00e0 m\u1ed9t c\u00e1ch ch\u1ebf bi\u1ebfn r\u1ea5t \u0111\u01b0\u1ee3c \u01b0a chu\u1ed9ng c\u1ee7a nhi\u1ec1u gia \u0111\u00ecnh, mang \u0111\u1ebfn m\u00f3n \u0103n b\u1eaft c\u01a1m, \u0111\u1ed3ng th\u1eddi c\u0169ng l\u00e0 m\u1ed3i nh\u1eadu b\u00e9n cho team ch\u01a1i h\u1ec7 soju \u0111\u00f3 nha!<\/p>\n<p><strong>C\u00e1ch D\u00f9ng<\/strong><br \/>\nD\u00f9ng ngay sau khi r\u00e3 \u0111\u00f4ng, k\u1ebft h\u1ee3p v\u1edbi c\u01a1m \u0111\u1ec3 l\u00e0m sushi ho\u1eb7c \u0103n ngay theo ki\u1ec3u sashimi, k\u00e8m v\u1edbi n\u01b0\u1edbc t\u01b0\u01a1ng, m\u00f9 t\u1ea1t, g\u1eebng h\u1ed3ng, t\u00eda t\u00f4, rong bi\u1ec3n<img decoding=\"async\" class=\"aligncenter\" src=\"https:\/\/havamall.com\/wp-content\/uploads\/2024\/11\/Bach-tuoc-lon-luoc-Boiled-Big-Octopus-Sushi-4.jpg\" alt=\"Sushi B\u1ea1ch tu\u1ed9c CP\" width=\"567\" height=\"419\" \/><\/p>\n<p>&nbsp;<\/p>","protected":false},"excerpt":{"rendered":"<p>Sushi b\u1ea1ch tu\u1ed9c\u00a0l\u00e0 m\u1ed9t s\u1ea3n ph\u1ea9m l\u00e0m s\u1eb5n ti\u1ec7n l\u1ee3i gi\u00fap b\u1ea1n th\u01b0\u1edfng th\u1ee9c m\u00f3n h\u1ea3i s\u1ea3n \u01b0a th\u00edch c\u1ee7a<\/p>","protected":false},"featured_media":37160,"comment_status":"open","ping_status":"closed","template":"","meta":[],"product_brand":[],"product_cat":[36,702,722,275],"product_tag":[],"class_list":{"0":"post-37159","1":"product","2":"type-product","3":"status-publish","4":"has-post-thumbnail","6":"product_cat-thuc-pham-tieu-dung","7":"product_cat-hai-san","8":"product_cat-nhap-khau-nhat-ban","9":"product_cat-thuc-pham-dong-lanh","11":"first","12":"instock","13":"sale","14":"shipping-taxable","15":"purchasable","16":"product-type-simple"},"_links":{"self":[{"href":"https:\/\/havamall.com\/en\/wp-json\/wp\/v2\/product\/37159","targetHints":{"allow":["GET"]}}],"collection":[{"href":"https:\/\/havamall.com\/en\/wp-json\/wp\/v2\/product"}],"about":[{"href":"https:\/\/havamall.com\/en\/wp-json\/wp\/v2\/types\/product"}],"replies":[{"embeddable":true,"href":"https:\/\/havamall.com\/en\/wp-json\/wp\/v2\/comments?post=37159"}],"version-history":[{"count":0,"href":"https:\/\/havamall.com\/en\/wp-json\/wp\/v2\/product\/37159\/revisions"}],"wp:featuredmedia":[{"embeddable":true,"href":"https:\/\/havamall.com\/en\/wp-json\/wp\/v2\/media\/37160"}],"wp:attachment":[{"href":"https:\/\/havamall.com\/en\/wp-json\/wp\/v2\/media?parent=37159"}],"wp:term":[{"taxonomy":"product_brand","embeddable":true,"href":"https:\/\/havamall.com\/en\/wp-json\/wp\/v2\/product_brand?post=37159"},{"taxonomy":"product_cat","embeddable":true,"href":"https:\/\/havamall.com\/en\/wp-json\/wp\/v2\/product_cat?post=37159"},{"taxonomy":"product_tag","embeddable":true,"href":"https:\/\/havamall.com\/en\/wp-json\/wp\/v2\/product_tag?post=37159"}],"curies":[{"name":"wp","href":"https:\/\/api.w.org\/{rel}","templated":true}]}}