{"id":37367,"date":"2024-11-14T12:05:17","date_gmt":"2024-11-14T05:05:17","guid":{"rendered":"https:\/\/havamall.com\/?post_type=product&#038;p=37367"},"modified":"2026-03-18T13:59:06","modified_gmt":"2026-03-18T06:59:06","slug":"nui-pho-mai-kraft-macaroni-cheese-original-usa-206g","status":"publish","type":"product","link":"https:\/\/havamall.com\/en\/shop\/nui-pho-mai-kraft-macaroni-cheese-original-usa-206g\/","title":{"rendered":"Nui Ph\u00f4 Mai Kraft Macaroni &amp; Cheese Original USA ( 206g)"},"content":{"rendered":"<h2><strong>TH\u00d4NG TIN CHUNG<\/strong><\/h2>\n<table style=\"width: 61.1541%; height: 144px;\">\n<tbody>\n<tr style=\"height: 24px;\">\n<td style=\"width: 14.467%; height: 24px;\">Th\u01b0\u01a1ng hi\u1ec7u<\/td>\n<td style=\"width: 84.5178%; height: 24px;\">Kraft<\/td>\n<\/tr>\n<tr style=\"height: 24px;\">\n<td style=\"width: 14.467%; height: 24px;\">Xu\u1ea5t x\u1ee9<\/td>\n<td style=\"width: 84.5178%; height: 24px;\">M\u1ef9<\/td>\n<\/tr>\n<tr style=\"height: 24px;\">\n<td style=\"width: 14.467%; height: 24px;\">Th\u00e0nh ph\u1ea7n<\/td>\n<td style=\"width: 84.5178%; height: 24px;\">Xem tr\u00ean bao b\u00ec<\/td>\n<\/tr>\n<tr style=\"height: 24px;\">\n<td style=\"width: 14.467%; height: 24px;\">H\u1ea1n s\u1eed d\u1ee5ng<\/td>\n<td style=\"width: 84.5178%; height: 24px;\">12 th\u00e1ng k\u1ec3 t\u1eeb ng\u00e0y s\u1ea3n xu\u1ea5t.<\/td>\n<\/tr>\n<tr style=\"height: 24px;\">\n<td style=\"width: 14.467%; height: 24px;\">B\u1ea3o qu\u1ea3n<\/td>\n<td style=\"width: 84.5178%; height: 24px;\">\u0110\u1ec3 n\u01a1i kh\u00f4 r\u00e1o, tho\u00e1ng m\u00e1t, tr\u00e1nh \u00e1nh n\u1eafng tr\u1ef1c ti\u1ebfp<\/td>\n<\/tr>\n<tr style=\"height: 24px;\">\n<td style=\"width: 14.467%; height: 24px;\">Kh\u1ed1i l\u01b0\u1ee3ng t\u1ecbnh<\/td>\n<td style=\"width: 84.5178%; height: 24px;\">206g<\/td>\n<\/tr>\n<\/tbody>\n<\/table>\n<p>Nui Kraft Macaroni &amp; Cheese v\u1ecb ph\u00f4 mai l\u00e0 m\u1ed9t s\u1ea3n ph\u1ea9m dinh d\u01b0\u1ee1ng cung c\u1ea5p protein v\u00e0 calci cho m\u1ed9t b\u1eefa \u0103n ho\u00e0n ch\u1ec9nh v\u00e0 \u0111\u1ea7y \u0111\u1ee7 ch\u1ea5t cho b\u00e9 v\u00e0 cho c\u1ea3 gia \u0111\u00ecnh b\u1ea1n.<\/p>\n<p>Nui \u0103n li\u1ec1n Phomai Kraft ph\u00f9 h\u1ee3p v\u1edbi c\u00e1c b\u1ea1n b\u1eadn r\u1ed9n kh\u00f4ng c\u00f3 nhi\u1ec1u th\u1eddi gian chu\u1ea9n b\u1ecb bu\u1ed5i s\u00e1ng b\u1ea1n c\u00f3 th\u1ec3 mua t\u1ea1i Havamall.<\/p>\n<p>Nui Kraft Macaroni &amp; Cheese d\u00e0nh cho b\u00e9 t\u1eeb 9 th\u00e1ng tr\u1edf l\u00ean, nui c\u00f3 v\u1ecb ph\u00f4 mai l\u00e0 m\u1ed9t s\u1ea3n ph\u1ea9m dinh d\u01b0\u1ee1ng cung c\u1ea5p protein v\u00e0 canxi cho m\u1ed9t b\u1eefa \u0103n ho\u00e0n ch\u1ec9nh v\u00e0 \u0111\u1ea7y \u0111\u1ee7 ch\u1ea5t cho b\u00e9 v\u00e0 cho c\u1ea3 gia \u0111\u00ecnh b\u1ea1n, \u0111\u1ed9 m\u1ec1m c\u1ee7a nui c\u0169ng c\u00f3 th\u1ec3 thay \u0111\u1ed5i t\u00f9y \u00fd \u0111\u1ec3 ph\u00f9 h\u1ee3p v\u1edbi \u0111\u1ed9 \u0103n th\u00f4 c\u1ee7a b\u00e9.<\/p>\n<p style=\"text-align: center;\"><img fetchpriority=\"high\" decoding=\"async\" class=\"aligncenter\" src=\"https:\/\/havamall.com\/wp-content\/uploads\/2024\/11\/48519424a41e764a8d86d1bfa85ef939.jpg\" alt=\"Kraft Original Mac N Cheese Macaroni and Cheese Cups Easy Microwavable Big Bowl Dinner, 3.5 oz Tray - Walmart.com\" width=\"997\" height=\"308\" \/><\/p>\n<h2>Th\u00e0nh ph\u1ea7n<\/h2>\n<p>M\u00ec Macaroni gi\u00e0u dinh d\u01b0\u1ee1ng (b\u1ed9t l\u00faa m\u00ec, b\u1ed9t m\u00ec c\u1ee9ng, niacin, s\u1eaft sulface, thiamin mononitrate (vitamin B1), ph\u1ea9m m\u00e0u: riboflavin (NIS101(i))), acid folic), h\u1ed7n h\u1ee3p s\u1ed1t ph\u00f4 mai (whey, ch\u1ea5t b\u00e9o s\u1eefa, protein s\u1eefa c\u00f4 \u0111\u1eb7c, mu\u1ed1i, ch\u1ea5t \u1ed5n \u0111\u1ecbnh: pentanatri triphosphat (INS451(i))), c\u00f3 ch\u1ee9a \u00edt h\u01a1n 2%. ch\u1ea5t \u0111i\u1ec1u ch\u1ec9nh acid citric ( INS330), acid lactic (L-. D- v\u00e0 DL-) (INS270), trinatri othophosphat (INS339(iii)), tricalci\u00a0othophosphat\u00a0 (INS341(i))), m\u00e0u:( paprika, ngh\u1ec7, annatto), enzymes, men ph\u00f4 mai).<\/p>\n<h2>C\u00e1ch s\u1eed d\u1ee5ng<\/h2>\n<p>Cho margarine ho\u1eb7c 20g butter v\u00e0o n\u1ed3i, \u0111\u1ec3 b\u01a1 tan ch\u1ea3y x\u00edu r\u1ed3i cho nui v\u00e0o, \u0111\u1ea3o \u0111\u1ec1u, cho s\u1eefa t\u01b0\u01a1i v\u00e0o v\u1eeba \u0111\u1ee7 (kho\u1ea3ng 60 ml s\u1eefa t\u01b0\u01a1i kh\u00f4ng \u0111\u01b0\u1eddng), \u0111\u1ea3o \u0111\u1ec1u, r\u1ed3i c\u1eaft g\u00f3i ph\u00f4 mai c\u00f3 s\u1eb5n \u0111\u1ed5 v\u00e0o, khu\u1ea5y \u0111\u1ec1u khi ph\u00f4 mai tan ch\u1ea3y ra, th\u01a1m v\u00e0 ho\u00e0 quy\u1ec7n v\u1edbi t\u1ea5t c\u1ea3 l\u00e0 \u0111\u01b0\u1ee3c.<\/p>\n<p>\u0110\u1ed5 nui v\u00e0o n\u1ed3i n\u01b0\u1edbc s\u00f4i (kho\u1ea3ng h\u01a1n 1,4 l\u00edt) lu\u1ed9c t\u1eeb 7-8 ph\u00fat, v\u1eeba lu\u1ed9c v\u1eeba khu\u1ea5y cho nui kh\u00f4ng b\u1ecb d\u00ednh l\u1ea1i. Nui v\u1eeba m\u1ec1m t\u1edbi th\u00ec \u0111\u1ed5 ra r\u1ed5 inox \u0111\u1ec3 r\u00e1o n\u01b0\u1edbc, kh\u00f4ng r\u1eeda l\u1ea1i.<\/p>\n<p>\u0102n kh\u00f4ng ho\u1eb7c \u0103n k\u00e8m v\u1edbi rau c\u1ee7 h\u1ea5p, lu\u1ed9c, c\u00e1 n\u01b0\u1edbng, x\u00fac x\u00edch, bacon, s\u1ed1t b\u00f2 b\u1eb1m ho\u1eb7c b\u1ea5t c\u1ee9 m\u00f3n g\u00ec \u0111i k\u00e8m m\u00e0 b\u1ea1n th\u1ea5y th\u00edch v\u00e0 ph\u00f9 h\u1ee3p. R\u1ea5t d\u1ec5 d\u00f9ng. Hi\u1ec7n \u0111\u00e3 c\u00f3 m\u1eb7t t\u1ea1i Havamall.<\/p>\n<p><img decoding=\"async\" class=\"aligncenter\" src=\"https:\/\/havamall.com\/wp-content\/uploads\/2024\/11\/enhanced-carousel-image-03_content-hub-10193184_ff55e2d0510f3b6d362de9031ceb62cb_aBAVAfVIB0.jpg\" alt=\"Frozen Meal, Four Cheese Mac &amp; Cheese, Macaroni and Cheese Dinner | Kraft Mac &amp; Cheese\" width=\"817\" height=\"817\" \/><\/p>","protected":false},"excerpt":{"rendered":"<p>TH\u00d4NG TIN CHUNG Th\u01b0\u01a1ng hi\u1ec7u Kraft Xu\u1ea5t x\u1ee9 M\u1ef9 Th\u00e0nh ph\u1ea7n Xem tr\u00ean bao b\u00ec H\u1ea1n s\u1eed d\u1ee5ng 12 th\u00e1ng<\/p>","protected":false},"featured_media":37369,"comment_status":"open","ping_status":"closed","template":"","meta":[],"product_brand":[],"product_cat":[36,720,707,143,134],"product_tag":[],"class_list":{"0":"post-37367","1":"product","2":"type-product","3":"status-publish","4":"has-post-thumbnail","6":"product_cat-thuc-pham-tieu-dung","7":"product_cat-nhap-khau-my","8":"product_cat-nui-mi-y-pasta","9":"product_cat-thuc-pham-dong-hop","10":"product_cat-thucpham-saykho","12":"first","13":"outofstock","14":"sale","15":"shipping-taxable","16":"purchasable","17":"product-type-simple"},"_links":{"self":[{"href":"https:\/\/havamall.com\/en\/wp-json\/wp\/v2\/product\/37367","targetHints":{"allow":["GET"]}}],"collection":[{"href":"https:\/\/havamall.com\/en\/wp-json\/wp\/v2\/product"}],"about":[{"href":"https:\/\/havamall.com\/en\/wp-json\/wp\/v2\/types\/product"}],"replies":[{"embeddable":true,"href":"https:\/\/havamall.com\/en\/wp-json\/wp\/v2\/comments?post=37367"}],"version-history":[{"count":0,"href":"https:\/\/havamall.com\/en\/wp-json\/wp\/v2\/product\/37367\/revisions"}],"wp:featuredmedia":[{"embeddable":true,"href":"https:\/\/havamall.com\/en\/wp-json\/wp\/v2\/media\/37369"}],"wp:attachment":[{"href":"https:\/\/havamall.com\/en\/wp-json\/wp\/v2\/media?parent=37367"}],"wp:term":[{"taxonomy":"product_brand","embeddable":true,"href":"https:\/\/havamall.com\/en\/wp-json\/wp\/v2\/product_brand?post=37367"},{"taxonomy":"product_cat","embeddable":true,"href":"https:\/\/havamall.com\/en\/wp-json\/wp\/v2\/product_cat?post=37367"},{"taxonomy":"product_tag","embeddable":true,"href":"https:\/\/havamall.com\/en\/wp-json\/wp\/v2\/product_tag?post=37367"}],"curies":[{"name":"wp","href":"https:\/\/api.w.org\/{rel}","templated":true}]}}