{"id":37381,"date":"2024-11-14T15:55:11","date_gmt":"2024-11-14T08:55:11","guid":{"rendered":"https:\/\/havamall.com\/?post_type=product&#038;p=37381"},"modified":"2026-03-27T16:32:24","modified_gmt":"2026-03-27T09:32:24","slug":"bo-man-thoi-la-conviette-mini-french-butter-salt-roll-15g","status":"publish","type":"product","link":"https:\/\/havamall.com\/en\/shop\/bo-man-thoi-la-conviette-mini-french-butter-salt-roll-15g\/","title":{"rendered":"B\u01a1 M\u1eb7n Th\u1ecfi La Conviette &#8211; Mini French Butter Salt Roll 15g"},"content":{"rendered":"<h2 class=\"product-detail__specs-title\"><strong>TH\u00d4NG TIN CHUNG<\/strong><\/h2>\n<div id=\"js-product-detail__specs\" class=\"product-detail__specs\">\n<div class=\"row\">\n<div class=\"col-sm-12\">\n<div class=\"product-specs__table\">\n<table style=\"width: 66.7109%; height: 175px;\">\n<tbody>\n<tr style=\"height: 25px;\">\n<td class=\"specs-table__property\" style=\"width: 28.1069%; height: 25px;\">Th\u01b0\u01a1ng hi\u1ec7u<\/td>\n<td class=\"specs-table__value\" style=\"width: 135.066%; height: 25px;\">La Conviette<\/td>\n<\/tr>\n<tr style=\"height: 25px;\">\n<td class=\"specs-table__property\" style=\"width: 28.1069%; height: 25px;\">Xu\u1ea5t x\u1ee9<\/td>\n<td class=\"specs-table__value\" style=\"width: 135.066%; height: 25px;\">Ph\u00e1p<\/td>\n<\/tr>\n<tr style=\"height: 25px;\">\n<td class=\"specs-table__property\" style=\"width: 28.1069%; height: 25px;\">H\u1ea1n s\u1eed d\u1ee5ng<\/td>\n<td class=\"specs-table__value\" style=\"width: 135.066%; height: 25px;\">24 th\u00e1ng<\/td>\n<\/tr>\n<tr style=\"height: 25px;\">\n<td class=\"specs-table__property\" style=\"width: 28.1069%; height: 25px;\">H\u01b0\u1edbng d\u1eabn s\u1eed d\u1ee5ng<\/td>\n<td class=\"specs-table__value\" style=\"width: 135.066%; height: 25px;\">Th\u01b0\u1edfng d\u00f9ng \u0103n k\u00e8m, ph\u1ebft l\u00ean b\u00e1nh m\u1ef3<\/td>\n<\/tr>\n<tr style=\"height: 25px;\">\n<td class=\"specs-table__property\" style=\"width: 28.1069%; height: 25px;\">H\u01b0\u1edbng d\u1eabn b\u1ea3o qu\u1ea3n<\/td>\n<td class=\"specs-table__value\" style=\"width: 135.066%; height: 25px;\">Ng\u0103n m\u00e1t t\u1ee7 l\u1ea1nh t\u1eeb 2-5 \u0111\u1ed9 C, ho\u1eb7c b\u1ea3o qu\u1ea3n t\u1ee7 \u0111\u00f4ng -18 \u0111\u1ed9 C<\/td>\n<\/tr>\n<tr style=\"height: 25px;\">\n<td class=\"specs-table__property\" style=\"width: 28.1069%; height: 25px;\">Th\u00e0nh ph\u1ea7n nguy\u00ean li\u1ec7u<\/td>\n<td class=\"specs-table__value\" style=\"width: 135.066%; height: 25px;\">Xem tr\u00ean bao b\u00ec<\/td>\n<\/tr>\n<tr style=\"height: 25px;\">\n<td class=\"specs-table__property\" style=\"width: 28.1069%; height: 25px;\">Kh\u1ed1i l\u01b0\u1ee3ng<\/td>\n<td class=\"specs-table__value\" style=\"width: 135.066%; height: 25px;\">15 g<\/td>\n<\/tr>\n<\/tbody>\n<\/table>\n<p>La Conviette l\u00e0 m\u1ed9t trong nh\u1eefng th\u01b0\u01a1ng hi\u1ec7u n\u1ed5i ti\u1ebfng c\u1ee7a Ph\u00e1p, chuy\u00ean s\u1ea3n xu\u1ea5t c\u00e1c s\u1ea3n ph\u1ea9m b\u01a1 v\u00e0 b\u00e1nh b\u01a1 cao c\u1ea5p. V\u1edbi kinh nghi\u1ec7m l\u00e2u \u0111\u1eddi, La Conviette mang \u0111\u1ebfn cho ng\u01b0\u1eddi ti\u00eau d\u00f9ng nh\u1eefng s\u1ea3n ph\u1ea9m tinh t\u00fay c\u1ee7a \u1ea9m th\u1ef1c Ph\u00e1p, n\u1ed5i b\u1eadt v\u1edbi ch\u1ea5t l\u01b0\u1ee3ng v\u00e0 h\u01b0\u01a1ng v\u1ecb th\u01b0\u1ee3ng h\u1ea1ng.<\/p>\n<p>B\u01a1 L\u1ea1t Th\u1ecfi La Conviette \u0111\u01b0\u1ee3c s\u1ea3n xu\u1ea5t t\u1ea1i Ph\u00e1p t\u1eeb nh\u1eefng ngu\u1ed3n nguy\u00ean li\u1ec7u t\u1ed1t nh\u1ea5t. B\u01a1 \u0111\u01b0\u1ee3c l\u00e0m t\u1eeb s\u1eefa b\u00f2 t\u1ef1 nhi\u00ean, \u0111\u1ea3m b\u1ea3o quy tr\u00ecnh s\u1ea3n xu\u1ea5t kh\u00e9p k\u00edn v\u00e0 gi\u00e1m s\u00e1t nghi\u00eam ng\u1eb7t, mang \u0111\u1ebfn h\u01b0\u01a1ng v\u1ecb b\u01a1 l\u1ea1t tinh t\u1ebf.<\/p>\n<p><img fetchpriority=\"high\" decoding=\"async\" class=\"wp-image-36113 aligncenter\" src=\"https:\/\/havamall.com\/wp-content\/uploads\/2024\/09\/Untitled-2_03b6792f-34a4-425d-97f9-94a60f755e9a_1.png\" alt=\"\" width=\"800\" height=\"800\" srcset=\"https:\/\/havamall.com\/wp-content\/uploads\/2024\/09\/Untitled-2_03b6792f-34a4-425d-97f9-94a60f755e9a_1.png 600w, https:\/\/havamall.com\/wp-content\/uploads\/2024\/09\/Untitled-2_03b6792f-34a4-425d-97f9-94a60f755e9a_1-300x300.png 300w, https:\/\/havamall.com\/wp-content\/uploads\/2024\/09\/Untitled-2_03b6792f-34a4-425d-97f9-94a60f755e9a_1-150x150.png 150w, https:\/\/havamall.com\/wp-content\/uploads\/2024\/09\/Untitled-2_03b6792f-34a4-425d-97f9-94a60f755e9a_1-12x12.png 12w\" sizes=\"(max-width: 800px) 100vw, 800px\" \/><\/p>\n<p>Mini French Butter Roll l\u00e0 nh\u1eefng thanh b\u01a1 nh\u1ecf g\u1ecdn, ti\u1ec7n d\u1ee5ng, mang \u0111\u1eadm h\u01b0\u01a1ng v\u1ecb b\u01a1 l\u1ea1t thu\u1ea7n khi\u1ebft c\u1ee7a Ph\u00e1p. S\u1ea3n ph\u1ea9m l\u00fd t\u01b0\u1edfng \u0111\u1ec3 s\u1eed d\u1ee5ng trong n\u1ea5u \u0103n ho\u1eb7c dung th\u01b0\u1edfng th\u1ee9c k\u00e8m v\u1edbi b\u00e1nh m\u00ec, gi\u00fap n\u00e2ng t\u1ea7m h\u01b0\u01a1ng v\u1ecb cho m\u1ecdi m\u00f3n \u0103n.<\/p>\n<h3><strong>\u0110\u1eb7c \u0111i\u1ec3m n\u1ed5i b\u1eadt<\/strong><\/h3>\n<p>&#8211; Nguy\u00ean li\u1ec7u cao c\u1ea5p: B\u01a1 l\u1ea1t nguy\u00ean ch\u1ea5t \u0111\u01b0\u1ee3c l\u00e0m t\u1eeb s\u1eefa b\u00f2 t\u01b0\u01a1i, kh\u00f4ng ch\u1ee9a ch\u1ea5t ph\u1ee5 gia hay ch\u1ea5t b\u1ea3o qu\u1ea3n.<\/p>\n<p>&#8211; K\u00edch th\u01b0\u1edbc ti\u1ec7n l\u1ee3i: V\u1edbi tr\u1ecdng l\u01b0\u1ee3ng 15g, d\u1ec5 d\u00e0ng s\u1eed d\u1ee5ng v\u00e0 b\u1ea3o qu\u1ea3n, ph\u00f9 h\u1ee3p cho t\u1eebng kh\u1ea9u ph\u1ea7n \u0103n nh\u1ecf.<\/p>\n<p>&#8211; H\u01b0\u01a1ng v\u1ecb tuy\u1ec7t h\u1ea3o: B\u01a1 c\u00f3 k\u1ebft c\u1ea5u m\u1ec1m m\u1ecbn, th\u01a1m nh\u1eb9, tan ngay khi th\u01b0\u1edfng th\u1ee9c, t\u1ea1o ra s\u1ef1 ng\u1eady b\u00e9o tinh t\u1ebf.<\/p>\n<p>&#8211; T\u00ednh \u0111a d\u1ee5ng: Th\u00edch h\u1ee3p \u0111\u1ec3 ph\u1ebft l\u00ean b\u00e1nh m\u00ec, d\u00f9ng trong n\u1ea5u \u0103n, l\u00e0m b\u00e1nh, ho\u1eb7c k\u1ebft h\u1ee3p v\u1edbi c\u00e1c m\u00f3n \u0103n kh\u00e1c.<\/p>\n<p><img decoding=\"async\" class=\"wp-image-36114 aligncenter\" src=\"https:\/\/havamall.com\/wp-content\/uploads\/2024\/09\/59256-and-59257.png\" alt=\"\" width=\"800\" height=\"800\" srcset=\"https:\/\/havamall.com\/wp-content\/uploads\/2024\/09\/59256-and-59257.png 480w, https:\/\/havamall.com\/wp-content\/uploads\/2024\/09\/59256-and-59257-300x300.png 300w, https:\/\/havamall.com\/wp-content\/uploads\/2024\/09\/59256-and-59257-150x150.png 150w, https:\/\/havamall.com\/wp-content\/uploads\/2024\/09\/59256-and-59257-12x12.png 12w\" sizes=\"(max-width: 800px) 100vw, 800px\" \/><\/p>\n<h3><strong>H\u01b0\u1edbng d\u1eabn s\u1eed d\u1ee5ng\u00a0<\/strong><\/h3>\n<p>&#8211; C\u00e1ch s\u1eed d\u1ee5ng: D\u00f9ng tr\u1ef1c ti\u1ebfp \u0111\u1ec3 ph\u1ebft l\u00ean b\u00e1nh m\u00ec ho\u1eb7c b\u00e1nh ng\u1ecdt, hay ch\u1ebf bi\u1ebfn trong c\u00e1c m\u00f3n \u0103n y\u00eau c\u1ea7u b\u01a1 l\u1ea1t nh\u01b0 n\u1ea5u n\u01b0\u1edbng v\u00e0 l\u00e0m b\u00e1nh.<\/p>\n<p>&#8211; B\u1ea3o qu\u1ea3n: B\u1ea3o qu\u1ea3n \u1edf n\u01a1i m\u00e1t m\u1ebb, tr\u00e1nh \u00e1nh n\u1eafng tr\u1ef1c ti\u1ebfp. Sau khi m\u1edf g\u00f3i, n\u00ean b\u1ea3o qu\u1ea3n trong ng\u0103n m\u00e1t t\u1ee7 l\u1ea1nh v\u00e0 s\u1eed d\u1ee5ng trong th\u1eddi gian ng\u1eafn \u0111\u1ec3 \u0111\u1ea3m b\u1ea3o ch\u1ea5t l\u01b0\u1ee3ng t\u1ed1t nh\u1ea5t.<\/p>\n<p><img decoding=\"async\" class=\"wp-image-36115 aligncenter\" src=\"https:\/\/havamall.com\/wp-content\/uploads\/2024\/09\/Salted-Conviette.png\" alt=\"\" width=\"800\" height=\"800\" srcset=\"https:\/\/havamall.com\/wp-content\/uploads\/2024\/09\/Salted-Conviette.png 480w, https:\/\/havamall.com\/wp-content\/uploads\/2024\/09\/Salted-Conviette-300x300.png 300w, https:\/\/havamall.com\/wp-content\/uploads\/2024\/09\/Salted-Conviette-150x150.png 150w, https:\/\/havamall.com\/wp-content\/uploads\/2024\/09\/Salted-Conviette-12x12.png 12w\" sizes=\"(max-width: 800px) 100vw, 800px\" \/><\/p>\n<h3><strong>Havamall \u2013 ph\u00e2n ph\u1ed1i c\u00e1c s\u1ea3n ph\u1ea9m ch\u00ednh h\u00e3ng, ch\u1ea5t l\u01b0\u1ee3ng<\/strong><\/h3>\n<p>V\u1edbi kinh nghi\u1ec7m trong ng\u00e0nh nh\u1eadp kh\u1ea9u v\u00e0 ph\u00e2n ph\u1ed1i th\u1ef1c ph\u1ea9m, \u0111\u1ed3 u\u1ed1ng v\u00e0 nguy\u00ean li\u1ec7u th\u1ef1c ph\u1ea9m, C\u00f4ng ty Havamall Vi\u1ec7t Nam l\u00e0 m\u1ed9t trong nh\u1eefng \u0111\u01a1n v\u1ecb cung \u1ee9ng s\u1ea3n ph\u1ea9m h\u00e0ng \u0111\u1ea7u cho c\u00e1c \u0111\u1ed1i t\u00e1c chuy\u00ean nghi\u1ec7p, danh ti\u1ebfng tr\u00ean kh\u1eafp c\u1ea3 n\u01b0\u1edbc.<\/p>\n<p>C\u00e1c s\u1ea3n ph\u1ea9m do C\u00f4ng ty Havamall Vi\u1ec7t Nam ph\u00e2n ph\u1ed1i \u0111\u1ec1u \u0111\u01b0\u1ee3c nh\u1eadp kh\u1ea9u t\u1eeb ch\u00e2u \u00c2u, ch\u00e2u \u00dac, \u0111\u1ea3m b\u1ea3o c\u00e1c ti\u00eau chu\u1ea9n v\u1ec1 v\u1ec7 sinh an to\u00e0n th\u1ef1c ph\u1ea9m kh\u1eaft khe nh\u01b0 HACCP, ISO. V\u1edbi h\u1ec7 th\u1ed1ng chi nh\u00e1nh, kho v\u1eadn tr\u1ea3i d\u00e0i kh\u1eafp Vi\u1ec7t Nam, C\u00f4ng ty Havamall Vi\u1ec7t Nam c\u00f3 th\u1ec3 \u0111\u00e1p \u1ee9ng \u0111\u01b0\u1ee3c nhu c\u1ea7u v\u1ec1 s\u1ed1 l\u01b0\u1ee3ng v\u00e0 ch\u1ea5t l\u01b0\u1ee3ng c\u1ee7a kh\u00e1ch h\u00e0ng.<\/p>\n<p>&nbsp;<\/p>\n<\/div>\n<\/div>\n<\/div>\n<\/div>","protected":false},"excerpt":{"rendered":"<p>TH\u00d4NG TIN CHUNG Th\u01b0\u01a1ng hi\u1ec7u La Conviette Xu\u1ea5t x\u1ee9 Ph\u00e1p H\u1ea1n s\u1eed d\u1ee5ng 24 th\u00e1ng H\u01b0\u1edbng d\u1eabn s\u1eed d\u1ee5ng Th\u01b0\u1edfng<\/p>","protected":false},"featured_media":37384,"comment_status":"open","ping_status":"closed","template":"","meta":[],"product_brand":[],"product_cat":[36,708,723],"product_tag":[],"class_list":{"0":"post-37381","1":"product","2":"type-product","3":"status-publish","4":"has-post-thumbnail","6":"product_cat-thuc-pham-tieu-dung","7":"product_cat-bo-sua-pho-mai","8":"product_cat-nhap-khau-phap","10":"first","11":"instock","12":"sale","13":"shipping-taxable","14":"purchasable","15":"product-type-simple"},"_links":{"self":[{"href":"https:\/\/havamall.com\/en\/wp-json\/wp\/v2\/product\/37381","targetHints":{"allow":["GET"]}}],"collection":[{"href":"https:\/\/havamall.com\/en\/wp-json\/wp\/v2\/product"}],"about":[{"href":"https:\/\/havamall.com\/en\/wp-json\/wp\/v2\/types\/product"}],"replies":[{"embeddable":true,"href":"https:\/\/havamall.com\/en\/wp-json\/wp\/v2\/comments?post=37381"}],"version-history":[{"count":0,"href":"https:\/\/havamall.com\/en\/wp-json\/wp\/v2\/product\/37381\/revisions"}],"wp:featuredmedia":[{"embeddable":true,"href":"https:\/\/havamall.com\/en\/wp-json\/wp\/v2\/media\/37384"}],"wp:attachment":[{"href":"https:\/\/havamall.com\/en\/wp-json\/wp\/v2\/media?parent=37381"}],"wp:term":[{"taxonomy":"product_brand","embeddable":true,"href":"https:\/\/havamall.com\/en\/wp-json\/wp\/v2\/product_brand?post=37381"},{"taxonomy":"product_cat","embeddable":true,"href":"https:\/\/havamall.com\/en\/wp-json\/wp\/v2\/product_cat?post=37381"},{"taxonomy":"product_tag","embeddable":true,"href":"https:\/\/havamall.com\/en\/wp-json\/wp\/v2\/product_tag?post=37381"}],"curies":[{"name":"wp","href":"https:\/\/api.w.org\/{rel}","templated":true}]}}