{"id":37423,"date":"2024-11-16T15:41:36","date_gmt":"2024-11-16T08:41:36","guid":{"rendered":"https:\/\/havamall.com\/?post_type=product&#038;p=37423"},"modified":"2024-11-16T16:03:28","modified_gmt":"2024-11-16T09:03:28","slug":"bot-nem-rau-cu-vegeta-real-gourmet-stock-seasoning","status":"publish","type":"product","link":"https:\/\/havamall.com\/en\/shop\/bot-nem-rau-cu-vegeta-real-gourmet-stock-seasoning\/","title":{"rendered":"B\u1ed9t N\u00eam Rau C\u1ee7 VEGETA Real GOURMET Stock &#038; Seasoning"},"content":{"rendered":"<h2><strong>TH\u00d4NG TIN CHUNG<\/strong><\/h2>\n<table>\n<tbody>\n<tr>\n<td>Th\u01b0\u01a1ng hi\u1ec7u<\/td>\n<td>Vegeta<\/td>\n<\/tr>\n<tr>\n<td>Xu\u1ea5t x\u1ee9<\/td>\n<td>\u00dac<\/td>\n<\/tr>\n<tr>\n<td>Th\u00e0nh ph\u1ea7n<\/td>\n<td>Th\u00e0nh ph\u1ea7n: Mu\u1ed1i, rau c\u1ee7 s\u1ea5y kh\u00f4 15.5% (C\u00e0 r\u1ed1t, c\u1ee7 c\u1ea3i tr\u1eafng, khoai t\u00e2y, c\u1ea7n t\u00e2y, l\u00e1 m\u00f9i t\u00e2y), ch\u1ea5t \u0111i\u1ec1u v\u1ecb (monosodium glutamate, disodium inosinate), \u0111\u01b0\u1eddng, gia v\u1ecb, tinh b\u1ed9t ng\u00f4, m\u00e0u th\u1ef1c ph\u1ea9m<\/td>\n<\/tr>\n<tr>\n<td>H\u1ea1n s\u1eed d\u1ee5ng<\/td>\n<td>24 th\u00e1ng k\u1ec3 t\u1eeb ng\u00e0y s\u1ea3n xu\u1ea5t.<\/td>\n<\/tr>\n<tr>\n<td>B\u1ea3o qu\u1ea3n<\/td>\n<td>\u0110\u1ec3 n\u01a1i kh\u00f4 r\u00e1o, tho\u00e1ng m\u00e1t, tr\u00e1nh \u00e1nh n\u1eafng tr\u1ef1c ti\u1ebfp<\/td>\n<\/tr>\n<tr>\n<td>Kh\u1ed1i l\u01b0\u1ee3ng t\u1ecbnh<\/td>\n<td>500g, 1kg<\/td>\n<\/tr>\n<\/tbody>\n<\/table>\n<p>H\u1ea1t N\u00eam H\u1eefu C\u01a1 Vegeta t\u1eeb \u00dac l\u00e0 l\u1ef1a ch\u1ecdn ho\u00e0n h\u1ea3o cho gia \u0111\u00ecnh b\u1ea1n, \u0111\u1eb7c bi\u1ec7t l\u00e0 cho b\u00e9 \u1edf \u0111\u1ed9 tu\u1ed5i \u0103n d\u1eb7m. V\u1edbi th\u00e0nh ph\u1ea7n ho\u00e0n to\u00e0n t\u1eeb rau c\u1ee7 qu\u1ea3 h\u1eefu c\u01a1, s\u1ea3n ph\u1ea9m kh\u00f4ng ch\u1ec9 \u0111\u1ea3m b\u1ea3o v\u1ecb ngon m\u00e0 c\u00f2n cung c\u1ea5p l\u01b0\u1ee3ng vitamin c\u1ea7n thi\u1ebft cho b\u00e9. H\u00e3y c\u00f9ng kh\u00e1m ph\u00e1 s\u1ef1 t\u1ef1 nhi\u00ean v\u00e0 ngon mi\u1ec7ng c\u1ee7a h\u1ea1t n\u00eam n\u00e0y!<\/p>\n<p>Vegeta l\u00e0 m\u1ed9t th\u01b0\u01a1ng hi\u1ec7u n\u1ed5i ti\u1ebfng c\u1ee7a \u00dac chuy\u00ean v\u1ec1 s\u1ea3n xu\u1ea5t c\u00e1c lo\u1ea1i gia v\u1ecb truy\u1ec1n th\u1ed1ng t\u1eeb rau c\u1ee7 v\u00e0 \u0111\u00e3 c\u00f3 m\u1eb7t tr\u00ean th\u1ecb tr\u01b0\u1eddng \u0111\u01b0\u1ee3c g\u1ea7n 30 n\u0103m. C\u00f4ng th\u1ee9c \u0111\u1ed9c \u0111\u00e1o c\u0169ng nh\u01b0 h\u01b0\u01a1ng v\u1ecb \u0111\u1eb7c tr\u01b0ng c\u1ee7a m\u00ecnh khi\u1ebfn Vegeta g\u1ea7n nh\u01b0 l\u00e0 s\u1ea3n ph\u1ea9m kh\u00f4ng th\u1ec3 thay th\u1ebf v\u00e0 \u0111\u00f3ng vai tr\u00f2 nh\u01b0 l\u00e0 m\u1ed9t trong nh\u1eefng ch\u1ebf ph\u1ea9m gia v\u1ecb c\u01a1 b\u1ea3n v\u00e0 ph\u1ed5 bi\u1ebfn trong c\u00e1c gia \u0111\u00ecnh ch\u00e2u \u00c2u hi\u1ec7n nay. Th\u1eadt kh\u00f3 \u0111\u1ec3 t\u01b0\u1edfng t\u01b0\u1ee3ng vi\u1ec7c chu\u1ea9n b\u1ecb nhi\u1ec1u m\u00f3n \u0103n truy\u1ec1n th\u1ed1ng m\u00e0 kh\u00f4ng c\u00f3 Vegeta.<\/p>\n<p><img fetchpriority=\"high\" decoding=\"async\" class=\"wp-image-37429 aligncenter\" src=\"https:\/\/havamall.com\/wp-content\/uploads\/2024\/11\/sdfsd-300x166.png\" alt=\"\" width=\"658\" height=\"364\" srcset=\"https:\/\/havamall.com\/wp-content\/uploads\/2024\/11\/sdfsd-300x166.png 300w, https:\/\/havamall.com\/wp-content\/uploads\/2024\/11\/sdfsd-1024x567.png 1024w, https:\/\/havamall.com\/wp-content\/uploads\/2024\/11\/sdfsd-768x425.png 768w, https:\/\/havamall.com\/wp-content\/uploads\/2024\/11\/sdfsd-18x10.png 18w, https:\/\/havamall.com\/wp-content\/uploads\/2024\/11\/sdfsd-600x332.png 600w, https:\/\/havamall.com\/wp-content\/uploads\/2024\/11\/sdfsd-1200x664.png 1200w, https:\/\/havamall.com\/wp-content\/uploads\/2024\/11\/sdfsd-150x83.png 150w, https:\/\/havamall.com\/wp-content\/uploads\/2024\/11\/sdfsd.png 1284w\" sizes=\"(max-width: 658px) 100vw, 658px\" \/><\/p>\n<p>C\u00e1c th\u00e0nh ph\u1ea7n \u0111\u1ec3 s\u1ea3n xu\u1ea5t Vegeta \u0111\u01b0\u1ee3c l\u1ef1a ch\u1ecdn c\u1ea9n th\u1eadn v\u00e0 quy tr\u00ecnh s\u1ea3n xu\u1ea5t t\u1ef1 n\u00f3 \u0111\u00e1p \u1ee9ng c\u00e1c ti\u00eau chu\u1ea9n ch\u1ea5t l\u01b0\u1ee3ng cao nh\u1ea5t. \u0110\u00f3 l\u00e0 l\u00fd do t\u1ea1i sao Vegeta nh\u1eadn \u0111\u01b0\u1ee3c s\u1ef1 c\u00f4ng nh\u1eadn c\u1ee7a Ch\u00e2u \u00c2u v\u00e0 c\u00e1c n\u01b0\u1edbc kh\u00e1c.<\/p>\n<p>H\u1ea1t N\u00eam Rau C\u1ee7 Vegeta \u0111\u00e3 qu\u00e1 n\u1ed5i ti\u1ebfng t\u1ea1i th\u1ecb tr\u01b0\u1eddng Vi\u1ec7t Nam, B\u00ed quy\u1ebft c\u1ee7a s\u1ea3n ph\u1ea9m n\u1eb1m \u1edf nguy\u00ean li\u1ec7u \u0111\u01b0\u1ee3c chi\u1ebft su\u1ea5t 100% t\u1eeb c\u00e1c lo\u1ea1i Rau C\u1ee7 H\u1eefu C\u01a1 nh\u1eb1m t\u1ea1o ra m\u1ed9t h\u1ed7n h\u1ee3p gia v\u1ecb \u0111\u1ed9c \u0111\u00e1o. Th\u00e0nh ph\u1ea7n \u0111\u01b0\u1ee3c ch\u1ebf bi\u1ebfn theo m\u1ed9t t\u1ef7 l\u1ec7 l\u00fd t\u01b0\u1edfng \u0111\u1ec3 t\u1ea1o n\u00ean m\u00f3n \u0103n ngon nh\u1ea5t c\u00f3 th\u1ec3.<\/p>\n<p>\u0110\u00e2y l\u00e0 s\u1ea3n ph\u1ea9m si\u00eau hot hit \u0111\u01b0\u1ee3c r\u1ea5t nhi\u1ec1u b\u00e0 n\u1ed9i tr\u1ee3 s\u0103n \u0111\u00f3n nh\u1edd nh\u1eefng t\u00ednh n\u0103ng n\u1ed5i tr\u1ed9i m\u00e0 c\u00e1c s\u1ea3n ph\u1ea9m kh\u00e1c kh\u00f4ng c\u00f3 nh\u01b0:<\/p>\n<p>Kh\u00f4ng ch\u1ea5t b\u1ea3o qu\u1ea3n, kh\u00f4ng ch\u1ee9a cholesterol, kh\u00f4ng ch\u1ea5t g\u00e2y ung th\u01b0, kh\u00f4ng ch\u1ea5t bi\u1ebfn \u0111\u1ed5i gen n\u00ean r\u1ea5t t\u1ed1t cho ng\u01b0\u1eddi gan nhi\u1ec5m m\u1ee1, m\u00e1u nhi\u1ec5m m\u1ee1, huy\u1ebft \u00e1p cao&#8230;\u0111\u1eb7c bi\u1ec7t l\u00e0 v\u1edbi nh\u1eefng ng\u01b0\u1eddi d\u1ecb \u1ee9ng v\u1edbi m\u00ec ch\u00ednh, nh\u1eefng ng\u01b0\u1eddi \u0103n u\u1ed1ng theo ch\u1ebf \u0111\u1ed9 healthy, \u0103n chay tr\u01b0\u1eddng\u2026<\/p>\n<p>H\u1ea1t n\u00eam ngon ng\u1ecdt t\u1eeb tinh ch\u1ea5t c\u1ee7 qu\u1ea3 h\u1eefu c\u01a1 n\u00ean kh\u00f4ng c\u00f3 c\u1ea3m gi\u00e1c b\u1ecb l\u1ee3, s\u1eed d\u1ee5ng an to\u00e0n cho c\u1ea3 gia \u0111\u00ecnh, \u0111\u1eb7c bi\u1ec7t l\u00e0 nh\u1eefng b\u00e0 m\u1eb9 \u0111ang trong th\u1eddi k\u1ef3 thai s\u1ea3n.<\/p>\n<p>Th\u00e0nh ph\u1ea7n l\u00e0nh t\u00ednh r\u1ea5t th\u00edch h\u1ee3p \u0111\u1ec3 ch\u1ebf bi\u1ebfn \u0111\u1ed3 \u0103n cho c\u00e1c b\u00e9 \u1edf \u0111\u1ed9 tu\u1ed5i \u0103n d\u1eb7m. V\u1ecb th\u01a1m ng\u1ecdt \u0111\u1eadm \u0111\u00e0 c\u00f9ng h\u01b0\u01a1ng v\u1ecb t\u1ef1 nhi\u00ean c\u1ee7a rau c\u1ee7 gi\u00fap k\u00edch th\u00edch b\u00e9 \u0103n ngon \u0111\u1ed3ng th\u1eddi b\u1ed5 sung l\u01b0\u1ee3ng vitamin c\u1ef1c k\u1ef3 c\u1ea7n thi\u1ebft cho b\u00e9.<\/p>\n<p>Gi\u00fap nh\u1eefng ng\u01b0\u1eddi c\u00f3 th\u00f3i quen \u0103n m\u1eb7n gi\u1ea3m th\u1ee5 \u0111\u1ed9ng \u0111\u1ebfn 25% l\u01b0\u1ee3ng mu\u1ed1i trong m\u1ed7i b\u1eefa \u0103n m\u00e0 kh\u00f4ng h\u1ec1 \u1ea3nh h\u01b0\u1edfng \u0111\u1ebfn kh\u1ea9u v\u1ecb<\/p>\n<p>H\u1ea1t n\u00eam m\u00e0u v\u00e0ng, m\u1ec1m m\u1ecbn, t\u01a1i nh\u1ecf nh\u01b0 b\u1ed9t canh, c\u00f3 v\u1ecb thanh ng\u1ecdt m\u00e0 kh\u00f4ng l\u1ee3, n\u00eam v\u00e0o c\u00e1c m\u00f3n h\u1ea7m, x\u00e0o, n\u1ea5u \u0111\u1ec1u r\u1ea5t ngon mi\u1ec7ng<\/p>\n<p>S\u1eed d\u1ee5ng Vegeta h\u00e0ng ng\u00e0y s\u1ebd gi\u00fap t\u1eeb b\u1ecf th\u00f3i quen s\u1eed d\u1ee5ng n\u01b0\u1edbc m\u1eafm, gi\u00fap cho kh\u00f4ng gian b\u1ebfp l\u00fac n\u00e0o c\u0169ng th\u01a1m tho s\u1ea1ch s\u1ebd<\/p>\n<p>Th\u00e0nh ph\u1ea7n:<\/p>\n<p>&#8211; Trong h\u1ea1t n\u00eam Vegeta, b\u1ea1n s\u1ebd t\u00ecm th\u1ea5y m\u1ed9t h\u1ed7n h\u1ee3p phong ph\u00fa c\u1ee7a m\u01b0\u1eddi m\u1ed9t lo\u1ea1i rau c\u1ee7 ph\u1ed5 bi\u1ebfn nh\u01b0 c\u00e0 r\u1ed1t, c\u1ee7 c\u1ea3i, h\u00e0nh t\u00e2y, c\u1ea7n t\u00e2y, t\u1ecfi t\u00e2y, khoai t\u00e2y, b\u1eafp c\u1ea3i, m\u00f9i t\u00e2y, c\u00e0 chua, \u1edbt v\u00e0 t\u1ecfi. ngo\u00e0i ra n\u00f3 c\u0169ng ch\u1ee9a m\u1ed9t \u00edt th\u00e0nh ph\u1ea7n mu\u1ed1i, axit amin v\u00e0 c\u00e1c kho\u00e1ng ch\u1ea5t c\u00f3 l\u1ee3i kh\u00e1c cho s\u1ee9c kh\u1ecfe.<\/p>\n<p>&#8211; N\u00f3i t\u00f3m l\u1ea1i, t\u1ea5t c\u1ea3 m\u1ecdi th\u1ee9 b\u1ea1n c\u1ea7n \u0111\u1ec3 ch\u1ebf bi\u1ebfn c\u00e1c m\u00f3n \u0103n ngon v\u1edbi h\u01b0\u01a1ng v\u1ecb kh\u00f3 c\u01b0\u1ee1ng \u0111\u1ea3m b\u1ea3o s\u1ebd thu h\u00fat m\u1ecdi th\u00e0nh vi\u00ean trong gia \u0111\u00ecnh nhanh ch\u00f3ng ng\u1ed3i v\u00e0o b\u00e0n \u0103n!<\/p>\n<p><img decoding=\"async\" class=\"wp-image-37431 aligncenter\" src=\"https:\/\/havamall.com\/wp-content\/uploads\/2024\/11\/dfsdf-300x225.png\" alt=\"\" width=\"583\" height=\"437\" srcset=\"https:\/\/havamall.com\/wp-content\/uploads\/2024\/11\/dfsdf-300x225.png 300w, https:\/\/havamall.com\/wp-content\/uploads\/2024\/11\/dfsdf-1024x768.png 1024w, https:\/\/havamall.com\/wp-content\/uploads\/2024\/11\/dfsdf-768x576.png 768w, https:\/\/havamall.com\/wp-content\/uploads\/2024\/11\/dfsdf-16x12.png 16w, https:\/\/havamall.com\/wp-content\/uploads\/2024\/11\/dfsdf-600x450.png 600w, https:\/\/havamall.com\/wp-content\/uploads\/2024\/11\/dfsdf-1200x900.png 1200w, https:\/\/havamall.com\/wp-content\/uploads\/2024\/11\/dfsdf-150x113.png 150w, https:\/\/havamall.com\/wp-content\/uploads\/2024\/11\/dfsdf.png 1333w\" sizes=\"(max-width: 583px) 100vw, 583px\" \/><\/p>\n<p>C\u00e1ch D\u00f9ng:<\/p>\n<p>&#8211; D\u00f9ng \u0111\u1ec3 \u01b0\u1edbp tr\u01b0\u1edbc khi n\u1ea5u v\u00e0 n\u00eam n\u1ebfm trong khi n\u1ea5u th\u1ee9c \u0103n. r\u1ea5t th\u00edch h\u1ee3p \u0111\u1ec3 t\u1ea1o h\u01b0\u01a1ng v\u1ecb cho s\u00fap, c\u00e1c lo\u1ea1i th\u1ecbt , c\u00e1 chi\u00ean, n\u01b0\u1edbng&#8230;<\/p>\n<p>&#8211; \u0110\u1eebng ng\u1ea7n ng\u1ea1i s\u1eed d\u1ee5ng Vegeta \u0111\u1ec3 t\u1ea1o h\u01b0\u01a1ng v\u1ecb cho n\u01b0\u1edbc x\u1ed1t, c\u01a1m, m\u00ec \u00fd, salad, n\u01b0\u1edbc x\u1ed1t salad v\u00e0 n\u01b0\u1edbc ch\u1ea5m\u2026<\/p>\n<p>&#8211; S\u1eed d\u1ee5ng 5-10 gr ho\u1eb7c h\u01a1n \u0111\u1ec3 n\u1ea5u canh ho\u1eb7c \u01b0\u1edbp th\u1ee9c \u0103n t\u00f9y theo kh\u1ea9u v\u1ecb c\u1ee7a m\u1ed7i ng\u01b0\u1eddi<\/p>\n<ul>\n<li>H\u1ea1t n\u00eam rau c\u1ee7: \u00bd mu\u1ed7ng canh n\u1ea5u v\u1edbi 250ml n\u01b0\u1edbc.<\/li>\n<li>H\u1ea1t n\u00eam g\u00e0: \u00bd mu\u1ed7ng canh n\u1ea5u v\u1edbi 250ml n\u01b0\u1edbc.<\/li>\n<\/ul>\n<p>Nh\u1edd gia v\u1ecb ph\u1ed5 bi\u1ebfn c\u1ee7a Vegeta, vi\u1ec7c chu\u1ea9n b\u1ecb c\u00e1c m\u00f3n \u0103n y\u00eau th\u00edch c\u1ee7a b\u1ea1n lu\u00f4n c\u1ef1c k\u1ef3 d\u1ec5 d\u00e0ng, nhanh ch\u00f3ng v\u00e0 ti\u1ec7n l\u1ee3i, N\u00eam Vegeta l\u00e0 n\u1ec1n t\u1ea3ng tuy\u1ec7t v\u1eddi cho nhi\u1ec1u m\u00f3n \u0103n, ch\u00fang c\u0169ng l\u00e0 s\u1ef1 b\u1ed5 sung kh\u00f4ng th\u1ec3 thay th\u1ebf gi\u00fap nh\u1ea5n m\u1ea1nh h\u01b0\u01a1ng v\u1ecb c\u1ee7a c\u00e1c m\u00f3n th\u1ecbt v\u00e0 rau ch\u1ebf bi\u1ebfn s\u1eb5n. Gia v\u1ecb ph\u1ed5 bi\u1ebfn c\u00f3 t\u00e1c d\u1ee5ng tuy\u1ec7t v\u1eddi nh\u01b0 m\u1ed9t l\u1edbp n\u1ec1n cho n\u01b0\u1edbc s\u1ed1t, nh\u00e2n nh\u1ed3i, m\u00f3n th\u1ecbt h\u1ea7m.<\/p>\n<p>D\u1ec5 d\u00e0ng c\u00f3 ngay m\u00f3n s\u00fap th\u01a1m ngon h\u1ea5p d\u1eabn cho b\u00e9 ch\u1ec9 v\u1edbi v\u00e0i ph\u00fat chu\u1ea9n b\u1ecb. B\u1eb1ng c\u00e1ch th\u00eam 1-2 th\u00eca h\u1ea1t n\u00eam h\u1eefu c\u01a1 Vegeta v\u00e0o n\u01b0\u1edbc d\u00f9ng, b\u00e9 \u0111\u00e3 c\u00f3 th\u1ec3 th\u01b0\u1edfng th\u1ee9c h\u01b0\u01a1ng v\u1ecb \u0111\u1eadm \u0111\u00e0 t\u1eeb rau c\u1ee7.<\/p>\n<p>Ho\u1eb7c n\u00eam tr\u1ef1c ti\u1ebfp v\u00e0o b\u1ea5t k\u1ef3 m\u00f3n \u0103n n\u00e0o c\u1ee7a b\u00e9 nh\u01b0 m\u00f3n x\u00e0o, s\u00fap, \u01b0\u1edbp, ch\u00e1o\u2026 gi\u00fap t\u0103ng h\u01b0\u01a1ng v\u1ecb cho b\u00e9 \u0103n ngon v\u00e0 h\u1ee3p t\u00e1c h\u01a1n.<\/p>\n<p>Vi\u00ean h\u1ea1t n\u00eam h\u1eefu c\u01a1 c\u00f4 \u0111\u1eb7c \u0111\u01b0\u1ee3c thi\u1ebft k\u1ebf v\u1edbi li\u1ec1u l\u01b0\u1ee3ng th\u00e0nh ph\u1ea7n c\u1ea9n tr\u1ecdng, \u0111\u1ea3m b\u1ea3o kh\u00f4ng g\u00e2y h\u1ea1i \u0111\u1ebfn th\u1eadn v\u00e0 h\u1ec7 ti\u00eau ho\u00e1 c\u1ee7a tr\u1ebb. Th\u00edch h\u1ee3p cho c\u00e1c b\u00e9 b\u1eaft \u0111\u1ea7u giai \u0111o\u1ea1n \u0103n d\u1eb7m t\u1eeb 6 th\u00e1ng tu\u1ed5i.<\/p>\n<p><img decoding=\"async\" class=\"aligncenter\" src=\"https:\/\/havamall.com\/wp-content\/uploads\/2024\/11\/52faffbfb70a52216f5807b7cff90321.png\" alt=\"Meet Vegeta, the Prince of All Seasonings\" width=\"628\" height=\"354\" \/><\/p>\n<ul>\n<li>S\u1ea3n ph\u1ea9m \u0111\u01b0\u1ee3c l\u00e0m t\u1eeb th\u00e0nh ph\u1ea7n nguy\u00ean li\u1ec7u \u0111\u01b0\u1ee3c canh t\u00e1c h\u1eefu c\u01a1 v\u00e0 nu\u00f4i tr\u1ed3ng t\u1ef1 nhi\u00ean<\/li>\n<li>H\u1ea1t n\u00eam h\u1eefu c\u01a1 d\u1ea1ng vi\u00ean b\u1ed5 sung nhi\u1ec1u th\u00e0nh ph\u1ea7n dinh d\u01b0\u1ee1ng h\u1ed7 tr\u1ee3 cho s\u1ef1 ph\u00e1t tri\u1ec3n to\u00e0n di\u1ec7n c\u1ee7a tr\u1ebb<\/li>\n<li>Ki\u1ec3m so\u00e1t l\u01b0\u1ee3ng mu\u1ed1i s\u1eed d\u1ee5ng trong s\u1ea3n ph\u1ea9m \u1edf m\u1ee9c \u0111\u1ed9 ph\u00f9 h\u1ee3p cho tr\u1ebb<\/li>\n<li>Kh\u00f4ng ch\u1ee9a Gluten, GMO (ch\u1ea5t g\u00e2y bi\u1ebfn \u0111\u1ed5i gen)<\/li>\n<li>Kh\u00f4ng ch\u1ee9a b\u1ed9t ng\u1ecdt, kh\u00f4ng ch\u1ee9a Lactose, kh\u00f4ng m\u00e0u nh\u00e2n t\u1ea1o<\/li>\n<li>\u0110\u01b0\u1ee3c \u0111\u00f3ng g\u00f3i theo d\u1ea1ng vi\u00ean n\u00e9n d\u1ec5 ph\u00e2n chia kh\u1ea9u ph\u1ea7n<\/li>\n<\/ul>","protected":false},"excerpt":{"rendered":"<p>TH\u00d4NG TIN CHUNG Th\u01b0\u01a1ng hi\u1ec7u Vegeta Xu\u1ea5t x\u1ee9 \u00dac Th\u00e0nh ph\u1ea7n Th\u00e0nh ph\u1ea7n: Mu\u1ed1i, rau c\u1ee7 s\u1ea5y kh\u00f4 15.5% (C\u00e0<\/p>","protected":false},"featured_media":37432,"comment_status":"open","ping_status":"closed","template":"","meta":[],"product_brand":[],"product_cat":[256,154,595,36],"product_tag":[],"class_list":{"0":"post-37423","1":"product","2":"type-product","3":"status-publish","4":"has-post-thumbnail","6":"product_cat-thuc-pham-huu-co","7":"product_cat-gia-vi","8":"product_cat-gia-vi-va-che-bien","9":"product_cat-thuc-pham-tieu-dung","10":"pa_brand-vegeta","12":"first","13":"instock","14":"sale","15":"shipping-taxable","16":"purchasable","17":"product-type-variable"},"_links":{"self":[{"href":"https:\/\/havamall.com\/en\/wp-json\/wp\/v2\/product\/37423","targetHints":{"allow":["GET"]}}],"collection":[{"href":"https:\/\/havamall.com\/en\/wp-json\/wp\/v2\/product"}],"about":[{"href":"https:\/\/havamall.com\/en\/wp-json\/wp\/v2\/types\/product"}],"replies":[{"embeddable":true,"href":"https:\/\/havamall.com\/en\/wp-json\/wp\/v2\/comments?post=37423"}],"version-history":[{"count":0,"href":"https:\/\/havamall.com\/en\/wp-json\/wp\/v2\/product\/37423\/revisions"}],"wp:featuredmedia":[{"embeddable":true,"href":"https:\/\/havamall.com\/en\/wp-json\/wp\/v2\/media\/37432"}],"wp:attachment":[{"href":"https:\/\/havamall.com\/en\/wp-json\/wp\/v2\/media?parent=37423"}],"wp:term":[{"taxonomy":"product_brand","embeddable":true,"href":"https:\/\/havamall.com\/en\/wp-json\/wp\/v2\/product_brand?post=37423"},{"taxonomy":"product_cat","embeddable":true,"href":"https:\/\/havamall.com\/en\/wp-json\/wp\/v2\/product_cat?post=37423"},{"taxonomy":"product_tag","embeddable":true,"href":"https:\/\/havamall.com\/en\/wp-json\/wp\/v2\/product_tag?post=37423"}],"curies":[{"name":"wp","href":"https:\/\/api.w.org\/{rel}","templated":true}]}}