{"id":37463,"date":"2024-11-16T17:09:54","date_gmt":"2024-11-16T10:09:54","guid":{"rendered":"https:\/\/havamall.com\/?post_type=product&#038;p=37463"},"modified":"2025-12-03T04:09:47","modified_gmt":"2025-12-02T21:09:47","slug":"keo-socola-ruou-cherry-akkona-190g-moskva-center","status":"publish","type":"product","link":"https:\/\/havamall.com\/en\/shop\/keo-socola-ruou-cherry-akkona-190g-moskva-center\/","title":{"rendered":"K\u1eb9o Socola R\u01b0\u1ee3u Cherry Akkona 190G \u2013 Moskva Center"},"content":{"rendered":"<p>K\u1eb9o socola nh\u00e2n r\u01b0\u1ee3u cherry Nga l\u00e0 lo\u1ea1i k\u1eb9o n\u1ed5i ti\u1ebfng \u1edf x\u1ee9 S\u1edf B\u1ea1ch D\u01b0\u01a1ng, kh\u00f4ng nh\u1eefng \u0111\u01b0\u1ee3c nhi\u1ec1u ng\u01b0\u1eddi d\u00e2n Nga \u01b0a chu\u1ed9ng m\u00e0 ke\u0323o Socola Nga n\u00e0y \u0111\u00e3 v\u00e0 \u0111ang \u0111\u01b0\u1ee3c r\u1ea5t nhi\u1ec1u ng\u01b0\u1eddi d\u00e2n Vi\u1ec7t Nam t\u00ecm ki\u1ebfm tin d\u00f9ng.<\/p>\n<p>K\u1eb9o socola r.\u01b0.\u1ee3u nh\u00e2n cherry Nga l\u00e0 lo\u1ea1i k\u1eb9o \u0111\u01b0\u1ee3c thi\u1ebft k\u1ebf ki\u1ec3u gi\u1ea5y g\u00f3i d\u1ea1ng xo\u1eafn, v\u1ecf ngo\u00e0i m\u00e0u \u0111\u1ecf c\u00e0ng t\u1ea1o l\u00ean v\u1ebb b\u1eaft m\u1eaft sang tr\u1ecdng c\u1ee7a lo\u1ea1i k\u1eb9o. V\u1edbi ki\u1ec3u d\u00e1ng vi\u00ean socola tr\u00f2n, l\u1edbp b\u00ean trong l\u00e0 nh\u00e2n r\u01b0\u1ee3u m\u00f9i th\u01a1m khi \u0103n s\u1ebd t\u1ea1o c\u1ea3m gi\u00e1c cho ng\u01b0\u1eddi th\u01b0\u1edfng th\u1ee9c m\u1ed9t c\u1ea3m gi\u00e1c ph\u00ea tan ch\u1ea3y trong mi\u1ec7ng r\u1ea5t ngon l\u1ea1.<\/p>\n<p><img fetchpriority=\"high\" decoding=\"async\" class=\"wp-image-24176 aligncenter\" src=\"https:\/\/havamall.com\/wp-content\/uploads\/2021\/12\/1632209836_2--300x229.png\" alt=\"\" width=\"566\" height=\"431\" \/><\/p>\n<p>Nh\u1eefng ai n\u1ebfu \u0111\u00e3 t\u1eebng c\u00f3 d\u1ecbp h\u1ecdc t\u1eadp hay c\u00f4ng t\u00e1c \u1edf x\u1ee9 s\u1edf n\u00e0y ch\u1eafc ch\u1eafn s\u1ebd kh\u00f4ng qu\u00ean lo\u1ea1i ke\u0323o Socola nh\u00e2n r\u01b0\u1ee3u Cherry Nga n\u1ed5i ti\u1ebfng n\u00e0y v\u00e0 \u0111\u00e3 mua v\u1ec1 l\u00e0m qu\u00e0 bi\u1ebfu t\u1eb7ng ng\u01b0\u1eddi th\u00e2n v\u00e0 b\u1ea1n b\u00e8 trong gia \u0111\u00ecnh. Thi\u1ebft k\u1ebf h\u1ed9p qu\u00e0 bi\u1ebfu c\u0169ng r\u1ea5t l\u1ecbch s\u1ef1 v\u00e0 trang tr\u1ecdng.<\/p>\n<p>H\u1ed9p Chocolate r\u01b0\u1ee3u nh\u00e2n cherry c\u1ee7a Nga g\u1ed3m 14 vi\u00ean. K\u1eb9o Socola R\u01b0\u1ee3u Nh\u00e2n Cherry Cao C\u1ea5p v\u1edbi l\u1edbp socola b\u1ecdc b\u00ean ngo\u00e0i, b\u00ean trong l\u00e0 R\u01b0\u1ee3u Whichky ch\u1ea5t l\u01b0\u1ee3ng cao n\u00ean khi c\u1eafn v\u1ee1 s\u1ebd th\u1ea5y d\u00f2ng r\u01b0\u1ee3u ch\u1ea3y ra v\u1ecb cay v\u00e0 th\u01a1m n\u1ed3ng, \u1edf gi\u1eefa c\u00f3 Cherry nguy\u00ean qu\u1ea3 \u0103n r\u1ea5t ngon v\u00e0 th\u00fa v\u1ecb.<\/p>\n<p><img decoding=\"async\" class=\"wp-image-37466 aligncenter\" src=\"https:\/\/havamall.com\/wp-content\/uploads\/2024\/11\/435345-300x191.png\" alt=\"\" width=\"741\" height=\"472\" srcset=\"https:\/\/havamall.com\/wp-content\/uploads\/2024\/11\/435345-300x191.png 300w, https:\/\/havamall.com\/wp-content\/uploads\/2024\/11\/435345-18x12.png 18w, https:\/\/havamall.com\/wp-content\/uploads\/2024\/11\/435345-150x95.png 150w, https:\/\/havamall.com\/wp-content\/uploads\/2024\/11\/435345.png 550w\" sizes=\"(max-width: 741px) 100vw, 741px\" \/><\/p>\n<p>K\u1eb9o socola R\u01b0\u1ee3u Cherry v\u1edbi ti\u00eau ch\u00ed mang l\u1ea1i s\u1ef1 \u0111\u1ed9c \u0111\u00e1o trong nh\u1eefng ng\u00e0y l\u1ec5 t\u1ebft, \u0111\u1ed3ng th\u1eddi g\u00e2y s\u1ef1 b\u1ea5t ng\u1edd th\u00edch th\u00fa v\u1edbi nh\u1eefng m\u00f3n qu\u00e0 t\u1eb7ng cho ng\u01b0\u1eddi th\u00e2n, gia \u0111\u00ecnh b\u00e8 b\u1ea1n v\u00e0 c\u00e1c \u0111\u1ed1i t\u00e1c\u2026hay \u0111\u01a1n gi\u1ea3n ch\u1ec9 \u0111\u1ec3 t\u1ef1 m\u00ecnh kh\u00e1m ph\u00e1, th\u01b0\u1edfng th\u1ee9c nh\u1eefng h\u01b0\u01a1ng v\u1ecb tuy\u1ec7t v\u1eddi t\u1eeb Chocolate nguy\u00ean ch\u1ea5t h\u00f2a quy\u1ec7n v\u1edbi h\u01b0\u01a1ng v\u1ecb th\u01a1m l\u1eebng, t\u00ea t\u00ea ngay \u0111\u1ea7u l\u01b0\u1ee1i c\u1ee7a th\u01b0\u01a1ng hi\u1ec7u r\u01b0\u1ee3u n\u1ed5i ti\u1ebfng tr\u00ean kh\u1eafp th\u1ebf gi\u1edbi.<\/p>\n<p>h\u1ed9p K\u1eb9o socola nh\u00e2n r\u01b0\u1ee3u g\u1ed3m 14 vi\u00ean k\u1eb9o ch\u1eafc ch\u1eafn s\u1ebd l\u00e0 m\u00f3n qu\u00e0 r\u1ea5t l\u1ecbch s\u1ef1 v\u00e0 sang tr\u1ecdng khi bi\u1ebfu t\u1eb7ng b\u1ea1n b\u00e8 v\u00e0 ng\u01b0\u1eddi th\u00e2n trong gia \u0111\u00ecnh.<\/p>\n<p>S\u1ea3n ph\u1ea9m hi\u1ec7n \u0111\u00e3 c\u00f3 m\u1eb7t t\u1ea1i Havamall.<\/p>\n<p><img decoding=\"async\" class=\"wp-image-24178 aligncenter\" src=\"https:\/\/havamall.com\/wp-content\/uploads\/2021\/12\/fil-300x300.png\" alt=\"\" width=\"563\" height=\"564\" \/><\/p>","protected":false},"excerpt":{"rendered":"<p>K\u1eb9o socola nh\u00e2n r\u01b0\u1ee3u cherry Nga l\u00e0 lo\u1ea1i k\u1eb9o n\u1ed5i ti\u1ebfng \u1edf x\u1ee9 S\u1edf B\u1ea1ch D\u01b0\u01a1ng, kh\u00f4ng nh\u1eefng \u0111\u01b0\u1ee3c nhi\u1ec1u<\/p>","protected":false},"featured_media":37464,"comment_status":"open","ping_status":"closed","template":"","meta":[],"product_brand":[],"product_cat":[133,729],"product_tag":[],"class_list":{"0":"post-37463","1":"product","2":"type-product","3":"status-publish","4":"has-post-thumbnail","6":"product_cat-banh-keo-chocolate","7":"product_cat-nhap-khau-nga","9":"first","10":"instock","11":"sale","12":"shipping-taxable","13":"purchasable","14":"product-type-simple"},"_links":{"self":[{"href":"https:\/\/havamall.com\/en\/wp-json\/wp\/v2\/product\/37463","targetHints":{"allow":["GET"]}}],"collection":[{"href":"https:\/\/havamall.com\/en\/wp-json\/wp\/v2\/product"}],"about":[{"href":"https:\/\/havamall.com\/en\/wp-json\/wp\/v2\/types\/product"}],"replies":[{"embeddable":true,"href":"https:\/\/havamall.com\/en\/wp-json\/wp\/v2\/comments?post=37463"}],"version-history":[{"count":0,"href":"https:\/\/havamall.com\/en\/wp-json\/wp\/v2\/product\/37463\/revisions"}],"wp:featuredmedia":[{"embeddable":true,"href":"https:\/\/havamall.com\/en\/wp-json\/wp\/v2\/media\/37464"}],"wp:attachment":[{"href":"https:\/\/havamall.com\/en\/wp-json\/wp\/v2\/media?parent=37463"}],"wp:term":[{"taxonomy":"product_brand","embeddable":true,"href":"https:\/\/havamall.com\/en\/wp-json\/wp\/v2\/product_brand?post=37463"},{"taxonomy":"product_cat","embeddable":true,"href":"https:\/\/havamall.com\/en\/wp-json\/wp\/v2\/product_cat?post=37463"},{"taxonomy":"product_tag","embeddable":true,"href":"https:\/\/havamall.com\/en\/wp-json\/wp\/v2\/product_tag?post=37463"}],"curies":[{"name":"wp","href":"https:\/\/api.w.org\/{rel}","templated":true}]}}