{"id":37469,"date":"2024-11-17T15:19:10","date_gmt":"2024-11-17T08:19:10","guid":{"rendered":"https:\/\/havamall.com\/?post_type=product&#038;p=37469"},"modified":"2026-03-25T10:54:35","modified_gmt":"2026-03-25T03:54:35","slug":"hon-hop-rau-cu-dong-lanh-aro-dau-ha-lan-ngo-ngot-ca-rot-aro-frozen-mixed-vegetables-1kg","status":"publish","type":"product","link":"https:\/\/havamall.com\/en\/shop\/hon-hop-rau-cu-dong-lanh-aro-dau-ha-lan-ngo-ngot-ca-rot-aro-frozen-mixed-vegetables-1kg\/","title":{"rendered":"H\u1ed7n H\u1ee3p Rau C\u1ee7 \u0110\u00f4ng L\u1ea1nh Aro (\u0110\u1eadu H\u00e0 Lan, Ng\u00f4 Ng\u1ecdt, C\u00e0 R\u1ed1t) \u2013 Aro Frozen Mixed Vegetables 1kg"},"content":{"rendered":"<h2><strong>TH\u00d4NG TIN CHUNG<\/strong><\/h2>\n<table>\n<tbody>\n<tr>\n<td>Th\u01b0\u01a1ng hi\u1ec7u<\/td>\n<td>ARO<\/td>\n<\/tr>\n<tr>\n<td>Xu\u1ea5t x\u1ee9<\/td>\n<td>Trung Qu\u1ed1c<\/td>\n<\/tr>\n<tr>\n<td>Th\u00e0nh ph\u1ea7n<\/td>\n<td>Rau c\u1ee7 \u0111\u00f4ng l\u1ea1nh<\/td>\n<\/tr>\n<tr>\n<td>H\u1ea1n s\u1eed d\u1ee5ng<\/td>\n<td>12 th\u00e1ng k\u1ec3 t\u1eeb ng\u00e0y s\u1ea3n xu\u1ea5t.<\/td>\n<\/tr>\n<tr>\n<td>B\u1ea3o qu\u1ea3n<\/td>\n<td>\u0110\u1ec3 n\u01a1i kh\u00f4 r\u00e1o, tho\u00e1ng m\u00e1t, tr\u00e1nh \u00e1nh n\u1eafng tr\u1ef1c ti\u1ebfp<\/td>\n<\/tr>\n<tr>\n<td>Kh\u1ed1i l\u01b0\u1ee3ng t\u1ecbnh<\/td>\n<td>1kg<\/td>\n<\/tr>\n<\/tbody>\n<\/table>\n<p>Th\u01b0\u01a1ng hi\u1ec7u Aro \u0111\u1ebfn t\u1eeb Th\u00e1i Lan \u0111\u00e3 mang \u0111\u1ebfn m\u1ed9t gi\u1ea3i ph\u00e1p tuy\u1ec7t v\u1eddi v\u1edbi s\u1ea3n ph\u1ea9m Rau C\u1ee7 H\u1ed7n H\u1ee3p \u0110\u00f4ng L\u1ea1nh Frozen Mixed Vegetables, l\u00e0 s\u1ef1 k\u1ebft h\u1ee3p ho\u00e0n h\u1ea3o gi\u1eefa ba lo\u1ea1i th\u1ef1c ph\u1ea9m v\u00e0ng bao g\u1ed3m \u0111\u1eadu H\u00e0 Lan, ng\u00f4 v\u00e0 c\u00e0 r\u1ed1t, \u0111\u01b0\u1ee3c tuy\u1ec3n ch\u1ecdn k\u1ef9 l\u01b0\u1ee1ng t\u1eeb nh\u1eefng v\u00f9ng nguy\u00ean li\u1ec7u s\u1ea1ch nh\u1ea5t t\u1ea1i x\u1ee9 s\u1edf Ch\u00f9a V\u00e0ng. V\u1edbi quy tr\u00ecnh s\u1ea3n xu\u1ea5t kh\u00e9p k\u00edn v\u00e0 c\u00f4ng ngh\u1ec7 c\u1ea5p \u0111\u00f4ng si\u00eau t\u1ed1c ngay sau khi thu ho\u1ea1ch, gi\u00fap kh\u00f3a ch\u1eb7t \u0111\u1ed9 t\u01b0\u01a1i ngon, m\u00e0u s\u1eafc t\u1ef1 nhi\u00ean v\u00e0 gi\u1eef l\u1ea1i t\u1ed1i \u0111a h\u00e0m l\u01b0\u1ee3ng d\u01b0\u1ee1ng ch\u1ea5t, mang \u0111\u1ebfn ngu\u1ed3n th\u1ef1c ph\u1ea9m s\u1ea1ch \u1ed5n \u0111\u1ecbnh.<\/p>\n<p><img fetchpriority=\"high\" decoding=\"async\" class=\"aligncenter\" src=\"https:\/\/ardo.com\/sites\/default\/files\/attachments\/MAMo.jpg\" alt=\"Mixed vegetables (overseas) | Ardo\" width=\"801\" height=\"401\" \/><\/p>\n<p>&nbsp;<\/p>\n<p>S\u1ef1 k\u1ebft h\u1ee3p gi\u1eefa \u0111\u1eadu H\u00e0 Lan, ng\u00f4 v\u00e0 c\u00e0 r\u1ed1t trong c\u00f9ng m\u1ed9t g\u00f3i s\u1ea3n ph\u1ea9m kh\u00f4ng ch\u1ec9 t\u1ea1o n\u00ean m\u1ed9t b\u1ea3ng m\u00e0u s\u1eafc r\u1ef1c r\u1ee1 m\u00e0 c\u00f2n l\u00e0 m\u1ed9t s\u1ef1 b\u1ed5 sung dinh d\u01b0\u1ee1ng v\u00f4 c\u00f9ng khoa h\u1ecdc. \u0110\u1eadu H\u00e0 Lan l\u00e0 ngu\u1ed3n cung c\u1ea5p protein th\u1ef1c v\u1eadt v\u00e0 ch\u1ea5t x\u01a1 d\u1ed3i d\u00e0o gi\u00fap h\u1ed7 tr\u1ee3 h\u1ec7 ti\u00eau h\u00f3a. Nh\u1eefng h\u1ea1t ng\u00f4 v\u00e0ng \u01b0\u01a1m ch\u1ee9a nhi\u1ec1u ch\u1ea5t ch\u1ed1ng oxy h\u00f3a v\u00e0 vitamin nh\u00f3m B gi\u00fap cung c\u1ea5p n\u0103ng l\u01b0\u1ee3ng b\u1ec1n b\u1ec9 cho c\u01a1 th\u1ec3. Trong khi \u0111\u00f3, c\u00e0 r\u1ed1t l\u1ea1i c\u1ef1c k\u1ef3 gi\u00e0u Beta-carotene, ti\u1ec1n ch\u1ea5t c\u1ee7a Vitamin A gi\u00fap t\u0103ng c\u01b0\u1eddng th\u1ecb l\u1ef1c v\u00e0 l\u00e0m \u0111\u1eb9p da t\u1eeb b\u00ean trong.<\/p>\n<p><img decoding=\"async\" class=\"aligncenter\" src=\"https:\/\/www.bdagrofoods.com\/_next\/image?url=https%3A%2F%2Fcms.bdagrofoods.com%2Fuploads%2FFrozen_mix_vegetable_156f746998.webp&amp;w=1920&amp;q=75\" alt=\"Frozen Mix Vegetable | BD Agro Foods\" width=\"696\" height=\"696\" \/><\/p>\n<p>\u0110i\u1ec3m c\u1ed9ng l\u1edbn nh\u1ea5t c\u1ee7a Rau C\u1ee7 H\u1ed7n H\u1ee3p Aro ch\u00ednh l\u00e0 s\u1ef1 ti\u1ec7n l\u1ee3i t\u1ed1i \u0111a khi t\u1ea5t c\u1ea3 \u0111\u00e3 \u0111\u01b0\u1ee3c l\u00e0m s\u1ea1ch, c\u1eaft th\u00e1i h\u1ea1t l\u1ef1u \u0111\u1ed3ng \u0111\u1ec1u v\u00e0 s\u01a1 ch\u1ebf s\u1eb5n. B\u1ea1n c\u00f3 th\u1ec3 d\u1ec5 d\u00e0ng bi\u1ebfn t\u1ea5u h\u00e0ng lo\u1ea1t m\u00f3n \u0103n h\u1ea5p d\u1eabn m\u00e0 kh\u00f4ng m\u1ea5t th\u1eddi gian r\u00e3 \u0111\u00f4ng hay c\u1eaft g\u1ecdt. T\u1eeb m\u00f3n c\u01a1m chi\u00ean D\u01b0\u01a1ng Ch\u00e2u \u0111\u1ea7y m\u00e0u s\u1eafc, b\u00e1t s\u00fap rau c\u1ee7 ng\u1ecdt thanh cho \u0111\u1ebfn c\u00e1c m\u00f3n x\u00e0o c\u00f9ng th\u1ecbt b\u00f2, t\u00f4m hay m\u1ef1c \u0111\u1ec1u tr\u1edf n\u00ean b\u1eaft m\u1eaft v\u00e0 ngon mi\u1ec7ng h\u01a1n. Th\u1eadm ch\u00ed, b\u1ea1n c\u00f3 th\u1ec3 ch\u1ea7n s\u01a1 \u0111\u1ec3 l\u00e0m m\u00f3n salad Nga kinh \u0111i\u1ec3n cho b\u1eefa t\u1ed1i nh\u1eb9 nh\u00e0ng.<\/p>\n<p><img decoding=\"async\" class=\"aligncenter\" src=\"https:\/\/havamall.com\/wp-content\/uploads\/2024\/11\/How-To-Cook-Frozen-mixed-vegetables-5.jpg\" alt=\"Frozen Mixed Vegetables Recipe | Create Kids Club\" width=\"582\" height=\"873\" \/><\/p>\n<h4><strong>C\u00f4ng d\u1ee5ng c\u1ee7a s\u1ea3n ph\u1ea9m:<\/strong><\/h4>\n<p>\u2013 V\u1edbi h\u00e0m l\u01b0\u1ee3ng ch\u1ea5t x\u01a1 v\u00e0 dinh d\u01b0\u1ee1ng cao rau h\u1ed7n h\u1ee3p r\u1ea5t t\u1ed1t cho s\u1ee9c kh\u1ecfe gi\u00fap ch\u1ed1ng oxy h\u00f3a,<\/p>\n<p>\u2013 Gi\u00fap \u00e1ng m\u1eaft nh\u1edd th\u00e0nh ph\u1ea7n vitamin A<\/p>\n<p>\u2013 Gi\u1ea3m nguy c\u01a1 g\u00e2y ung th\u01b0, h\u1ed7 tr\u1ee3 cho s\u1ee9c kh\u1ecfe tim m\u1ea1ch<\/p>\n<p>\u2013 T\u0103ng c\u01b0\u1eddng h\u1ec7 mi\u1ec5n d\u1ecbch v\u00e0 \u0111i\u1ec1u tr\u1ecb t\u00e1o b\u00f3n, ki\u1ec3m so\u00e1t b\u1ec7nh ti\u1ec3u \u0111\u01b0\u1eddng.<\/p>\n<p>S\u1ea3n ph\u1ea9m hi\u1ec7n \u0111\u00e3 c\u00f3 m\u1eb7t t\u1ea1i Havamall.<\/p>","protected":false},"excerpt":{"rendered":"<p>TH\u00d4NG TIN CHUNG Th\u01b0\u01a1ng hi\u1ec7u ARO Xu\u1ea5t x\u1ee9 Trung Qu\u1ed1c Th\u00e0nh ph\u1ea7n Rau c\u1ee7 \u0111\u00f4ng l\u1ea1nh H\u1ea1n s\u1eed d\u1ee5ng 12<\/p>","protected":false},"featured_media":45388,"comment_status":"open","ping_status":"closed","template":"","meta":[],"product_brand":[],"product_cat":[36,723,701,275],"product_tag":[],"class_list":{"0":"post-37469","1":"product","2":"type-product","3":"status-publish","4":"has-post-thumbnail","6":"product_cat-thuc-pham-tieu-dung","7":"product_cat-nhap-khau-phap","8":"product_cat-rau-cu","9":"product_cat-thuc-pham-dong-lanh","11":"first","12":"instock","13":"sale","14":"shipping-taxable","15":"purchasable","16":"product-type-simple"},"_links":{"self":[{"href":"https:\/\/havamall.com\/en\/wp-json\/wp\/v2\/product\/37469","targetHints":{"allow":["GET"]}}],"collection":[{"href":"https:\/\/havamall.com\/en\/wp-json\/wp\/v2\/product"}],"about":[{"href":"https:\/\/havamall.com\/en\/wp-json\/wp\/v2\/types\/product"}],"replies":[{"embeddable":true,"href":"https:\/\/havamall.com\/en\/wp-json\/wp\/v2\/comments?post=37469"}],"version-history":[{"count":0,"href":"https:\/\/havamall.com\/en\/wp-json\/wp\/v2\/product\/37469\/revisions"}],"wp:featuredmedia":[{"embeddable":true,"href":"https:\/\/havamall.com\/en\/wp-json\/wp\/v2\/media\/45388"}],"wp:attachment":[{"href":"https:\/\/havamall.com\/en\/wp-json\/wp\/v2\/media?parent=37469"}],"wp:term":[{"taxonomy":"product_brand","embeddable":true,"href":"https:\/\/havamall.com\/en\/wp-json\/wp\/v2\/product_brand?post=37469"},{"taxonomy":"product_cat","embeddable":true,"href":"https:\/\/havamall.com\/en\/wp-json\/wp\/v2\/product_cat?post=37469"},{"taxonomy":"product_tag","embeddable":true,"href":"https:\/\/havamall.com\/en\/wp-json\/wp\/v2\/product_tag?post=37469"}],"curies":[{"name":"wp","href":"https:\/\/api.w.org\/{rel}","templated":true}]}}