{"id":37476,"date":"2024-11-17T17:01:20","date_gmt":"2024-11-17T10:01:20","guid":{"rendered":"https:\/\/havamall.com\/?post_type=product&#038;p=37476"},"modified":"2026-03-20T14:17:18","modified_gmt":"2026-03-20T07:17:18","slug":"khoai-lang-ngot-farm-frites-cat-soi-2kg-dong-lanh-sweet-potato-dried-frozen","status":"publish","type":"product","link":"https:\/\/havamall.com\/en\/shop\/khoai-lang-ngot-farm-frites-cat-soi-2kg-dong-lanh-sweet-potato-dried-frozen\/","title":{"rendered":"Khoai Lang Ng\u1ecdt Farm Frites C\u1eaft S\u1ee3i 2kg \u0110\u00f4ng L\u1ea1nh \u2013 Sweet Potato Dried Frozen"},"content":{"rendered":"<h2><strong>TH\u00d4NG TIN CHUNG<\/strong><\/h2>\n<table>\n<tbody>\n<tr>\n<td>Th\u01b0\u01a1ng hi\u1ec7u<\/td>\n<td>Farm Frites<\/td>\n<\/tr>\n<tr>\n<td>Xu\u1ea5t x\u1ee9<\/td>\n<td>Ph\u00e1p<\/td>\n<\/tr>\n<tr>\n<td>Th\u00e0nh ph\u1ea7n<\/td>\n<td>Khoai lang \u0111\u00f4ng l\u1ea1nh<\/td>\n<\/tr>\n<tr>\n<td>H\u1ea1n s\u1eed d\u1ee5ng<\/td>\n<td>12 th\u00e1ng k\u1ec3 t\u1eeb ng\u00e0y s\u1ea3n xu\u1ea5t.<\/td>\n<\/tr>\n<tr>\n<td>B\u1ea3o qu\u1ea3n<\/td>\n<td>\u0110\u1ec3 n\u01a1i kh\u00f4 r\u00e1o, tho\u00e1ng m\u00e1t, tr\u00e1nh \u00e1nh n\u1eafng tr\u1ef1c ti\u1ebfp<\/td>\n<\/tr>\n<tr>\n<td>Kh\u1ed1i l\u01b0\u1ee3ng t\u1ecbnh<\/td>\n<td>2kg<\/td>\n<\/tr>\n<\/tbody>\n<\/table>\n<p>Th\u01b0\u01a1ng hi\u1ec7u Farm Frites t\u1eeb Ph\u00e1p N\u1ed5i ti\u1ebfng v\u1edbi vi\u1ec7c chuy\u00ean v\u1ec1 rau c\u1ee7 t\u01b0\u01a1i \u0111\u00f4ng l\u1ea1nh v\u00e0 h\u01b0\u1edbng \u0111\u1ebfn l\u1ed1i s\u1ed1ng l\u00e0nh m\u1ea1nh, hi\u1ec7n nay c\u00f3 nhi\u1ec1u s\u1ea3n ph\u1ea9m Farm Frites h\u01a1n, bao g\u1ed3m khoai t\u00e2y chi\u00ean, rau, th\u1ecbt g\u00e0 c\u1eaft mi\u1ebfng v\u00e0 h\u1ea3i s\u1ea3n. \u0102n u\u1ed1ng l\u00e0nh m\u1ea1nh ch\u01b0a bao gi\u1edd d\u1ec5 d\u00e0ng v\u00e0 ngon mi\u1ec7ng \u0111\u1ebfn th\u1ebf!<\/p>\n<p><img fetchpriority=\"high\" decoding=\"async\" class=\"aligncenter\" src=\"https:\/\/scontent.fsgn8-3.fna.fbcdn.net\/v\/t39.30808-6\/459424233_834623928864289_2977250505870635847_n.jpg?_nc_cat=106&amp;ccb=1-7&amp;_nc_sid=127cfc&amp;_nc_ohc=1pZByd-TlPIQ7kNvgGkL4Ho&amp;_nc_zt=23&amp;_nc_ht=scontent.fsgn8-3.fna&amp;_nc_gid=A4LyHvSl-8zGINjDs57BMZv&amp;oh=00_AYC1KsxYtHAGZdR1JzOkSPtZRHxXmV-q23VXbPf4BhPmXg&amp;oe=673F6CA1\" alt=\"C\u00f3 th\u1ec3 l\u00e0 h\u00ecnh \u1ea3nh v\u1ec1 m\u00f3n \u0111\u1eadu m\u1ec1m v\u00e0 v\u0103n b\u1ea3n\" width=\"632\" height=\"632\" \/><\/p>\n<p>Khi b\u1ea1n \u0111ang t\u00ecm ki\u1ebfm m\u1ed9t m\u00f3n \u0103n k\u00e8m d\u1ec5 l\u00e0m cho\u00a0b\u1eefa t\u1ed1i trong tu\u1ea7n\u00a0, qu\u1ea7y \u0111\u1ed3 \u0111\u00f4ng l\u1ea1nh l\u00e0 n\u01a1i b\u1ea1n ph\u1ea3i gh\u00e9 th\u0103m. Nh\u01b0ng thay v\u00ec chuy\u1ec3n sang khoai t\u00e2y chi\u00ean c\u01a1 b\u1ea3n, b\u1ea1n c\u00f3 th\u1ec3 th\u1eed m\u1ed9t m\u00f3n g\u00ec \u0111\u00f3 kh\u00e1c l\u1ea1 m\u1ed9t ch\u00fat: khoai lang chi\u00ean.<\/p>\n<p>Rau c\u1ee7 qu\u1ea3 l\u00e0 th\u1ee9 kh\u00f4ng th\u1ec3 thi\u1ebfu trong b\u1eefa \u0103n h\u00e0ng ng\u00e0y, rau c\u1ee7 qu\u1ea3 ch\u1ee9a ch\u1ea5t s\u01a1, c\u00e1c vitamin v\u00e0 kho\u00e1ng ch\u1ea5t c\u1ea7n thi\u1ebft cho c\u01a1 th\u1ec3. Nh\u01b0ng kh\u00f4ng ph\u1ea3i ai c\u0169ng c\u00f3 th\u1eddi gian \u0111i ch\u1ee3 h\u00e0ng ng\u00e0y \u0111\u1ec3 c\u00f3 m\u1ed9t b\u1eefa \u0103n \u0111\u1ea7y \u0111\u1ee7 rau c\u1ee7 qu\u1ea3 t\u01b0\u01a1i ngon ch\u00ednh v\u00ec v\u1eady khoai lang \u0111\u00f4ng l\u1ea1nh th\u01b0\u1eddng \u0111\u01b0\u1ee3c coi l\u00e0 m\u1ed9t l\u1ef1a ch\u1ecdn h\u1ee3p l\u00fd v\u00e0 thu\u1eadn ti\u1ec7n thay th\u1ebf cho rau qu\u1ea3 t\u01b0\u01a1i. Kh\u00f4ng ch\u1ec9 d\u1ec5 chu\u1ea9n b\u1ecb h\u01a1n m\u00e0 rau \u0111\u00f4ng l\u1ea1nh c\u00f2n c\u00f3 th\u1eddi h\u1ea1n s\u1eed d\u1ee5ng l\u00e2u h\u01a1n v\u00e0 c\u00f3 th\u1ec3 t\u00ecm th\u1ea5y quanh n\u0103m.<\/p>\n<p>\u0110\u00f4i khi, khoai lang chi\u00ean c\u00f3 th\u1ec3 kh\u00f4ng c\u00f3 \u0111\u01b0\u1ee3c \u0111\u1ed9 gi\u00f2n nh\u01b0\u00a0khoai t\u00e2y chi\u00ean ki\u1ec3u Ph\u00e1p c\u1ee7a c\u1eeda h\u00e0ng th\u1ee9c \u0103n nhanh\u00a0hay th\u1eadm ch\u00ed l\u00e0 m\u1ed9t t\u00fai khoai t\u00e2y chi\u00ean \u0111\u00f4ng l\u1ea1nh. Nh\u01b0ng v\u1edbi\u00a0\u00a0<strong>khoai lang chi\u00ean Ore-Ida Straight Cut<\/strong>\u00a0, b\u1ea1n s\u1ebd c\u00f3 \u0111\u01b0\u1ee3c \u0111\u1ed9 gi\u00f2n tan c\u1ea7n thi\u1ebft.<\/p>\n<p>T\u1ea5t c\u1ea3 nh\u1eefng ng\u01b0\u1eddi th\u1eed nghi\u1ec7m c\u1ee7a ch\u00fang t\u00f4i \u0111\u1ec1u r\u1ea5t \u1ea5n t\u01b0\u1ee3ng v\u1edbi c\u00e1ch n\u01b0\u1edbng khoai t\u00e2y chi\u00ean trong l\u00f2. Nhi\u1ec1u m\u1eabu h\u01a1i nh\u00e3o ho\u1eb7c m\u1ec1m, nh\u01b0ng nh\u1eefng m\u1eabu n\u00e0y th\u00ec kh\u00f4ng!<\/p>\n<p>Khoai lang chi\u00ean kh\u00f4ng ch\u1ec9 ngon, b\u1ed5 d\u01b0\u1ee1ng m\u00e0 m\u00e0u s\u1eafc c\u00f2n c\u1ef1c k\u1ef3 b\u1eaft m\u1eaft v\u00e0 l\u00f4i cu\u1ed1n v\u1edbi m\u00e0u cam t\u1ea1o n\u00ean m\u00e0u s\u1eafc th\u00fa v\u1ecb tr\u00ean m\u00e2m c\u01a1m quen thu\u1ed9c h\u00e0ng ng\u00e0y. S\u1ea3n ph\u1ea9m gi\u00fap ti\u1ebft ki\u1ec7m t\u1ed1i \u0111a th\u1eddi gian ch\u1ebf bi\u1ebfn. S\u1ea3n ph\u1ea9m l\u00e0 s\u1ef1 l\u1ef1a ch\u1ecdn tin c\u1eady cho c\u00e1c b\u00e0 n\u1ed9i tr\u1ee3.<\/p>\n<p>S\u1ea3n ph\u1ea9m l\u00e0 s\u1ef1 l\u1ef1a ch\u1ecdn tin c\u1eady cho c\u00e1c b\u00e0 n\u1ed9i tr\u1ee3. S\u1ea3n ph\u1ea9m c\u00f3 h\u01b0\u01a1ng v\u1ecb th\u01a1m ngon v\u00e0 h\u1ea5p d\u1eabn t\u1eeb nh\u1eefng nguy\u00ean li\u1ec7u t\u1ef1 nhi\u00ean, v\u1ecb ng\u1ecdt d\u1ecbu c\u1ee7a c\u00e1c lo\u1ea1i rau c\u1ee7, gi\u1eef \u0111\u01b0\u1ee3c h\u01b0\u01a1ng v\u1ecb \u0111\u1eb7c tr\u01b0ng cho c\u00e1c m\u00f3n \u0103n.<\/p>\n<p>Ch\u1ec9 v\u1edbi m\u1ed9t g\u00f3i Khoai lang chi\u00ean b\u1ea1n \u0111\u00e3 c\u00f3 th\u1ec3 n\u1ea5u s\u00fap, chi\u00ean c\u01a1m, b\u1ecf v\u00e0o b\u00e1nh g\u1ea1o, m\u00ec cay, v.v.. \u0110\u1ed9 \u0111a d\u1ea1ng gi\u1eefa nhi\u1ec1u lo\u1ea1i h\u1ea1t s\u1ebd gi\u00fap th\u1ef1c kh\u00e1ch \u0111\u1ee1 ng\u00e1n h\u01a1n khi d\u00f9ng.<\/p>\n<p><img decoding=\"async\" class=\"aligncenter\" src=\"https:\/\/havamall.com\/wp-content\/uploads\/2024\/11\/frozen-sweet-potatoes-in-air-fryer.jpg\" alt=\"frozen sweet potatoes in air fryer\" width=\"651\" height=\"651\" \/><\/p>\n<h4><strong>H\u01b0\u1edbng d\u1eabn s\u1eed d\u1ee5ng:<\/strong><\/h4>\n<p>\u2013 Kh\u00f4ng c\u1ea7n r\u00e3 \u0111\u00f4ng tr\u01b0\u1edbc khi d\u00f9ng<\/p>\n<p>\u2013\u00a0 D\u00f9ng chi\u00ean, x\u00e0o, n\u1ea5u s\u00fap ho\u1eb7c ch\u1ebf bi\u1ebfn c\u00e1c m\u00f3n t\u00f9y th\u00edch<\/p>\n<p>\u2013 C\u00f3 th\u1ec3 d\u00f9ng ch\u1ebf bi\u1ebfn m\u00f3n chay.<\/p>\n<h4><strong>C\u00f4ng d\u1ee5ng c\u1ee7a s\u1ea3n ph\u1ea9m:<\/strong><\/h4>\n<p>\u2013 V\u1edbi h\u00e0m l\u01b0\u1ee3ng ch\u1ea5t x\u01a1 v\u00e0 dinh d\u01b0\u1ee1ng cao rau h\u1ed7n h\u1ee3p r\u1ea5t t\u1ed1t cho s\u1ee9c kh\u1ecfe gi\u00fap ch\u1ed1ng oxy h\u00f3a,<\/p>\n<p>\u2013 Gi\u00fap s\u00e1ng m\u1eaft nh\u1edd th\u00e0nh ph\u1ea7n vitamin A<\/p>\n<p>\u2013 Gi\u1ea3m nguy c\u01a1 g\u00e2y ung th\u01b0, h\u1ed7 tr\u1ee3 cho s\u1ee9c kh\u1ecfe tim m\u1ea1ch<\/p>\n<p>\u2013 T\u0103ng c\u01b0\u1eddng h\u1ec7 mi\u1ec5n d\u1ecbch v\u00e0 \u0111i\u1ec1u tr\u1ecb t\u00e1o b\u00f3n, ki\u1ec3m so\u00e1t b\u1ec7nh ti\u1ec3u \u0111\u01b0\u1eddng.<\/p>\n<p>S\u1ea3n ph\u1ea9m hi\u1ec7n \u0111\u00e3 c\u00f3 m\u1eb7t t\u1ea1i Havamall.<\/p>\n<p><img decoding=\"async\" class=\"aligncenter\" src=\"https:\/\/havamall.com\/wp-content\/uploads\/2024\/11\/air-fryer-sweet-potato-fries-square.jpg\" alt=\"Air Fryer Sweet Potato Fries\" width=\"692\" height=\"692\" \/><\/p>","protected":false},"excerpt":{"rendered":"<p>TH\u00d4NG TIN CHUNG Th\u01b0\u01a1ng hi\u1ec7u Farm Frites Xu\u1ea5t x\u1ee9 Ph\u00e1p Th\u00e0nh ph\u1ea7n Khoai lang \u0111\u00f4ng l\u1ea1nh H\u1ea1n s\u1eed d\u1ee5ng 12<\/p>","protected":false},"featured_media":37477,"comment_status":"open","ping_status":"closed","template":"","meta":[],"product_brand":[],"product_cat":[36,130,723,701,275],"product_tag":[],"class_list":{"0":"post-37476","1":"product","2":"type-product","3":"status-publish","4":"has-post-thumbnail","6":"product_cat-thuc-pham-tieu-dung","7":"product_cat-khuyen-mai","8":"product_cat-nhap-khau-phap","9":"product_cat-rau-cu","10":"product_cat-thuc-pham-dong-lanh","12":"first","13":"instock","14":"sale","15":"shipping-taxable","16":"purchasable","17":"product-type-simple"},"_links":{"self":[{"href":"https:\/\/havamall.com\/en\/wp-json\/wp\/v2\/product\/37476","targetHints":{"allow":["GET"]}}],"collection":[{"href":"https:\/\/havamall.com\/en\/wp-json\/wp\/v2\/product"}],"about":[{"href":"https:\/\/havamall.com\/en\/wp-json\/wp\/v2\/types\/product"}],"replies":[{"embeddable":true,"href":"https:\/\/havamall.com\/en\/wp-json\/wp\/v2\/comments?post=37476"}],"version-history":[{"count":0,"href":"https:\/\/havamall.com\/en\/wp-json\/wp\/v2\/product\/37476\/revisions"}],"wp:featuredmedia":[{"embeddable":true,"href":"https:\/\/havamall.com\/en\/wp-json\/wp\/v2\/media\/37477"}],"wp:attachment":[{"href":"https:\/\/havamall.com\/en\/wp-json\/wp\/v2\/media?parent=37476"}],"wp:term":[{"taxonomy":"product_brand","embeddable":true,"href":"https:\/\/havamall.com\/en\/wp-json\/wp\/v2\/product_brand?post=37476"},{"taxonomy":"product_cat","embeddable":true,"href":"https:\/\/havamall.com\/en\/wp-json\/wp\/v2\/product_cat?post=37476"},{"taxonomy":"product_tag","embeddable":true,"href":"https:\/\/havamall.com\/en\/wp-json\/wp\/v2\/product_tag?post=37476"}],"curies":[{"name":"wp","href":"https:\/\/api.w.org\/{rel}","templated":true}]}}