{"id":37516,"date":"2024-11-18T16:32:37","date_gmt":"2024-11-18T09:32:37","guid":{"rendered":"https:\/\/havamall.com\/?post_type=product&#038;p=37516"},"modified":"2025-12-03T04:09:49","modified_gmt":"2025-12-02T21:09:49","slug":"banh-snack-khoai-tay-lat-vi-cay-dac-biet-karamucho-120g","status":"publish","type":"product","link":"https:\/\/havamall.com\/en\/shop\/banh-snack-khoai-tay-lat-vi-cay-dac-biet-karamucho-120g\/","title":{"rendered":"B\u00e1nh Snack Khoai T\u00e2y L\u00e1t V\u1ecb Cay \u0110\u1eb7c Bi\u1ec7t Karamucho 120g"},"content":{"rendered":"<table class=\"mt-3 text-14 leading-5\">\n<tbody>\n<tr>\n<td class=\"whitespace-nowrap border-2 border-[#f1f1f1] bg-[#f4f6f9] px-4 py-2 align-top\">Loa\u0323i ba\u0301nh<\/td>\n<td class=\"w-full border-2 border-DEFAULT px-4 py-2\">\n<div class=\"text-justify\">Snack khoai t\u00e2y v\u1ecb cay \u0111\u1eb7c bi\u1ec7t<\/div>\n<\/td>\n<\/tr>\n<tr>\n<td class=\"whitespace-nowrap border-2 border-[#f1f1f1] bg-[#f4f6f9] px-4 py-2 align-top\">Kh\u00f4\u0301i l\u01b0\u01a1\u0323ng<\/td>\n<td class=\"w-full border-2 border-DEFAULT px-4 py-2\">\n<div class=\"text-justify\">120g<\/div>\n<\/td>\n<\/tr>\n<tr>\n<td class=\"whitespace-nowrap border-2 border-[#f1f1f1] bg-[#f4f6f9] px-4 py-2 align-top\">N\u0103ng l\u01b0\u01a1\u0323ng<\/td>\n<td class=\"w-full border-2 border-DEFAULT px-4 py-2\">\n<div class=\"text-justify\">556 kcal\/ 100g<\/div>\n<\/td>\n<\/tr>\n<tr>\n<td class=\"whitespace-nowrap border-2 border-[#f1f1f1] bg-[#f4f6f9] px-4 py-2 align-top\">Tha\u0300nh ph\u00e2\u0300n<\/td>\n<td class=\"w-full border-2 border-DEFAULT px-4 py-2\">\n<div class=\"text-justify\">Khoai t\u00e2y 58.2%, d\u1ea7u th\u1ef1c v\u1eadt, b\u1ed9t gia v\u1ecb cay 6.8% (\u0111\u01b0\u1eddng, b\u1ed9t rau, mu\u1ed1i, ch\u1ea5t \u0111i\u1ec1u v\u1ecb, maltodextrin, gia v\u1ecb v\u00e0 th\u1ea3o m\u1ed9c (ti\u00eau tr\u1eafng, \u1edbt \u0111\u1ecf), b\u1ed9t n\u01b0\u1edbc t\u01b0\u01a1ng, ch\u1ea5t \u0111i\u1ec1u ch\u1ec9nh \u0111\u1ed9 acid, ch\u1ea5t ch\u1ed1ng d\u00f4ng v\u00f3n, ph\u1ea9m m\u00e0u t\u1ef1 nhi\u00ean, ph\u1ea9m m\u00e0u t\u1ed5ng h\u1ee3p, ch\u1ea5t t\u1ea1o ng\u1ecdt t\u1ed5ng h\u1ee3p, ch\u1ea5t l\u00e0m d\u00e0y&#8230;<\/div>\n<\/td>\n<\/tr>\n<tr>\n<td class=\"whitespace-nowrap border-2 border-[#f1f1f1] bg-[#f4f6f9] px-4 py-2 align-top\">Khuy\u00ean du\u0300ng<\/td>\n<td class=\"w-full border-2 border-DEFAULT px-4 py-2\">\n<div class=\"text-justify\">Kh\u00f4ng d\u00f9ng cho ng\u01b0\u1eddi d\u1ecb \u1ee9ng c\u00e1c th\u00e0nh ph\u1ea9n s\u1ea3n ph\u1ea9m<\/div>\n<\/td>\n<\/tr>\n<tr>\n<td class=\"whitespace-nowrap border-2 border-[#f1f1f1] bg-[#f4f6f9] px-4 py-2 align-top\">L\u01b0u y\u0301<\/td>\n<td class=\"w-full border-2 border-DEFAULT px-4 py-2\">\n<div class=\"text-justify\">S\u1ea3n ph\u1ea9m c\u00f3 ch\u1ee9a th\u00e0nh ph\u1ea7n \u0111\u1eadu n\u00e0nh<\/div>\n<\/td>\n<\/tr>\n<tr>\n<td class=\"whitespace-nowrap border-2 border-[#f1f1f1] bg-[#f4f6f9] px-4 py-2 align-top\">Ba\u0309o qua\u0309n<\/td>\n<td class=\"w-full border-2 border-DEFAULT px-4 py-2\">\n<div class=\"text-justify\">N\u01a1i kh\u00f4 r\u00e1o, tho\u00e1ng m\u00e1t \u0111\u1ea3m b\u1ea3o \u0111i\u1ec1u ki\u1ec7n an to\u00e0n v\u1ec7 sinh th\u1ef1c ph\u1ea9m, tr\u00e1nh \u00e1nh s\u00e1ng m\u1eb7t tr\u1eddi tr\u1ef1c ti\u1ebfp<\/div>\n<\/td>\n<\/tr>\n<tr>\n<td class=\"whitespace-nowrap border-2 border-[#f1f1f1] bg-[#f4f6f9] px-4 py-2 align-top\">Th\u01b0\u01a1ng hi\u1ec7u<\/td>\n<td class=\"w-full border-2 border-DEFAULT px-4 py-2\">\n<div class=\"text-justify\">Karamucho (Vi\u1ec7t Nam)<\/div>\n<\/td>\n<\/tr>\n<tr>\n<td class=\"whitespace-nowrap border-2 border-[#f1f1f1] bg-[#f4f6f9] px-4 py-2 align-top\">N\u01a1i sa\u0309n xu\u00e2\u0301t<\/td>\n<td class=\"w-full border-2 border-DEFAULT px-4 py-2\">\n<div class=\"text-justify\">Vi\u1ec7t Nam<\/div>\n<\/td>\n<\/tr>\n<\/tbody>\n<\/table>\n<p>Snack khoai t\u00e2y v\u1ecb cay \u0111\u1eb7c bi\u1ec7t Karamucho g\u00f3i 120g l\u00e0 m\u1ed9t l\u1ef1a ch\u1ecdn tuy\u1ec7t v\u1eddi cho nh\u1eefng ng\u01b0\u1eddi y\u00eau th\u00edch m\u00f3n \u0103n v\u1eb7t c\u00f3 h\u01b0\u01a1ng v\u1ecb \u0111\u1ed9c \u0111\u00e1o v\u00e0 cay n\u1ed3ng. S\u1ea3n ph\u1ea9m n\u00e0y h\u1ee9a h\u1eb9n mang \u0111\u1ebfn tr\u1ea3i nghi\u1ec7m \u1ea9m th\u1ef1c \u0111a d\u1ea1ng v\u00e0 th\u00fa v\u1ecb. Karamucho l\u00e0 m\u1ed9t th\u01b0\u01a1ng hi\u1ec7u n\u1ed5i ti\u1ebfng v\u1ec1 c\u00e1c s\u1ea3n ph\u1ea9m snack khoai t\u00e2y v\u1ecb cay. Snack khoai t\u00e2y Karamucho c\u00f3 h\u01b0\u01a1ng v\u1ecb \u0111\u1eb7c bi\u1ec7t cay n\u1ed3ng v\u00e0 th\u00fa v\u1ecb, l\u00e0 s\u1ef1 k\u1ebft h\u1ee3p ho\u00e0n h\u1ea3o gi\u1eefa v\u1ecb cay v\u00e0 ng\u1ecdt c\u1ee7a khoai t\u00e2y. S\u1ea3n ph\u1ea9m \u0111\u01b0\u1ee3c \u0111\u00f3ng g\u00f3i trong g\u00f3i 120g, ph\u00f9 h\u1ee3p \u0111\u1ec3 th\u01b0\u1edfng th\u1ee9c v\u00e0 chia s\u1ebb trong nh\u1eefng d\u1ecbp t\u1ee5 t\u1eadp b\u1ea1n b\u00e8 ho\u1eb7c gia \u0111\u00ecnh.<\/p>\n<p><img fetchpriority=\"high\" decoding=\"async\" class=\"aligncenter\" src=\"https:\/\/havamall.com\/wp-content\/uploads\/2024\/11\/banner-img.ccdcc857.webp\" alt=\"Corporate Site | Koikeya\" width=\"774\" height=\"509\" \/><\/p>\n<p>\u0110\u00e2y l\u00e0 lo\u1ea1i snack khoai t\u00e2y thu\u1ed9c th\u01b0\u01a1ng hi\u1ec7u Koikeya n\u1ed5i ti\u1ebfng Nh\u1eadt B\u1ea3n \u0111\u01b0\u1ee3c l\u00e0m t\u1eeb 100% khoai t\u00e2y th\u1eadt k\u1ebft h\u1ee3p v\u1edbi c\u00e1c th\u00e0nh ph\u1ea7n gia v\u1ecb nh\u01b0 ti\u00eau tr\u1eafng, \u1edbt \u0111\u1ecf, b\u1ed9t n\u01b0\u1edbc t\u01b0\u01a1ng,..cho ra t\u1eebng mi\u1ebfng snack khoai t\u00e2y gi\u00f2n r\u1ee5m, cay cay m\u1eb7n ng\u1ecdt \u0103n si\u00eau cu\u1ed1n.<\/p>\n<p>C\u1eafn nh\u1eb9 m\u1ed9t mi\u1ebfng l\u00e0 s\u1ebd b\u1eaft tr\u1ecdn \u0111\u01b0\u1ee3c ngay h\u01b0\u01a1ng v\u1ecb cay \u0111\u1eb7c bi\u1ec7t c\u1ee7a snack khoai t\u00e2y Karamucho lan t\u1ecfa \u0111\u1ea7y trong khoang mi\u1ec7ng. \u0110\u1ed9 b\u00e9o gi\u00f2n r\u1ed9p r\u1ed9p c\u1ee7a khoai t\u00e2y khi \u0103n s\u1ebd khi\u1ebfn b\u1ea1n th\u00edch th\u00fa nhai kh\u00f4ng ng\u1eebng ngh\u1ec9. V\u1edbi lo\u1ea1i\u00a0chips\u00a0n\u00e0y th\u00ec gi\u1edd s\u1ebd kh\u00f4ng s\u1ee3 bu\u1ed3n ch\u00e1n khi xem phim hay t\u00e1m c\u00f9ng h\u1ed9i b\u1ea1n n\u1eefa nha^^<\/p>\n<div><img decoding=\"async\" class=\"aligncenter\" src=\"https:\/\/havamall.com\/wp-content\/uploads\/2024\/11\/snack-khoai-tay-karamucho_600x600.jpg\" alt=\"Snack khoai t\u00e2y v\u1ecb cay \u0111\u1eb7c bi\u1ec7t Karamucho\" width=\"585\" height=\"731\" \/><\/div>\n<div>Ngo\u00e0i \u0103n tr\u1ef1c ti\u1ebfp th\u00ec c\u00f3 th\u1ec3 ch\u1ea5m snack khoai t\u00e2y c\u00f9ng v\u1edbi c\u00e1c lo\u1ea1i s\u1ed1t nh\u01b0 s\u1ed1t ph\u00f4 mai, s\u1ed1t tr\u1ee9ng mu\u1ed1i, s\u1ed1t m\u00f9 t\u1ea1t m\u1eadt ong,\u2026ho\u1eb7c b\u00f3p v\u1ee5n r\u1ed3i r\u1eafc l\u00ean b\u1ea5t k\u00ec m\u00f3n \u0103n n\u00e0o m\u00e0 m\u00ecnh th\u00edch c\u0169ng over h\u1ee3p lu\u00f4n \u0111\u00f3!<\/div>\n","protected":false},"excerpt":{"rendered":"<p>Loa\u0323i ba\u0301nh Snack khoai t\u00e2y v\u1ecb cay \u0111\u1eb7c bi\u1ec7t Kh\u00f4\u0301i l\u01b0\u01a1\u0323ng 120g N\u0103ng l\u01b0\u01a1\u0323ng 556 kcal\/ 100g Tha\u0300nh ph\u00e2\u0300n Khoai<\/p>","protected":false},"featured_media":37517,"comment_status":"open","ping_status":"closed","template":"","meta":[],"product_brand":[],"product_cat":[36,133,722],"product_tag":[],"class_list":{"0":"post-37516","1":"product","2":"type-product","3":"status-publish","4":"has-post-thumbnail","6":"product_cat-thuc-pham-tieu-dung","7":"product_cat-banh-keo-chocolate","8":"product_cat-nhap-khau-nhat-ban","10":"first","11":"instock","12":"sale","13":"shipping-taxable","14":"purchasable","15":"product-type-simple"},"_links":{"self":[{"href":"https:\/\/havamall.com\/en\/wp-json\/wp\/v2\/product\/37516","targetHints":{"allow":["GET"]}}],"collection":[{"href":"https:\/\/havamall.com\/en\/wp-json\/wp\/v2\/product"}],"about":[{"href":"https:\/\/havamall.com\/en\/wp-json\/wp\/v2\/types\/product"}],"replies":[{"embeddable":true,"href":"https:\/\/havamall.com\/en\/wp-json\/wp\/v2\/comments?post=37516"}],"version-history":[{"count":0,"href":"https:\/\/havamall.com\/en\/wp-json\/wp\/v2\/product\/37516\/revisions"}],"wp:featuredmedia":[{"embeddable":true,"href":"https:\/\/havamall.com\/en\/wp-json\/wp\/v2\/media\/37517"}],"wp:attachment":[{"href":"https:\/\/havamall.com\/en\/wp-json\/wp\/v2\/media?parent=37516"}],"wp:term":[{"taxonomy":"product_brand","embeddable":true,"href":"https:\/\/havamall.com\/en\/wp-json\/wp\/v2\/product_brand?post=37516"},{"taxonomy":"product_cat","embeddable":true,"href":"https:\/\/havamall.com\/en\/wp-json\/wp\/v2\/product_cat?post=37516"},{"taxonomy":"product_tag","embeddable":true,"href":"https:\/\/havamall.com\/en\/wp-json\/wp\/v2\/product_tag?post=37516"}],"curies":[{"name":"wp","href":"https:\/\/api.w.org\/{rel}","templated":true}]}}