{"id":37521,"date":"2024-11-18T16:36:35","date_gmt":"2024-11-18T09:36:35","guid":{"rendered":"https:\/\/havamall.com\/?post_type=product&#038;p=37521"},"modified":"2025-12-03T04:09:47","modified_gmt":"2025-12-02T21:09:47","slug":"snack-khoai-tay-gokochi-nguyen-lat-vi-muoi-tu-nhien-115g","status":"publish","type":"product","link":"https:\/\/havamall.com\/en\/shop\/snack-khoai-tay-gokochi-nguyen-lat-vi-muoi-tu-nhien-115g\/","title":{"rendered":"Snack Khoai T\u00e2y Gokochi Nguy\u00ean L\u00e1t V\u1ecb Mu\u1ed1i T\u1ef1 Nhi\u00ean 115g"},"content":{"rendered":"<p><strong>Snack khoai t\u00e2y v\u1ecb mu\u1ed1i t\u1ef1 nhi\u00ean Gokochi\u00a0<\/strong>\u2013 \u0110\u1eadm ch\u1ea5t khoai trong t\u1eebng l\u00e1t b\u00e1nh, b\u1ecbch si\u00eau kh\u1ee7ng 115g \u0111\u1ee7 cho b\u1ea1n c\u00f9ng \u0111\u1ed3ng b\u1ecdn nh\u00e2m nhi su\u1ed1t m\u1ed9t b\u1ed9 cine!<\/p>\n<div><img decoding=\"async\" class=\"aligncenter\" src=\"https:\/\/havamall.com\/wp-content\/uploads\/2024\/11\/snack-khoai-tay-vi-muoi-tu-nhien-gokochi_600x600.jpg\" alt=\"Snack khoai t\u00e2y Gokochi v\u1ecb mu\u1ed1i t\u1ef1 nhi\u00ean\" \/><\/div>\n<p>\u0110\u00e2y l\u00e0 lo\u1ea1i snack khoai t\u00e2y thu\u1ed9c th\u01b0\u01a1ng hi\u1ec7u Koikeya n\u1ed5i ti\u1ebfng Nh\u1eadt B\u1ea3n \u0111\u01b0\u1ee3c l\u00e0m t\u1eeb 100% khoai t\u00e2y th\u1eadt k\u1ebft h\u1ee3p v\u1edbi h\u01b0\u01a1ng v\u1ecb mu\u1ed1i bi\u1ec3n t\u1ef1 nhi\u00ean, b\u1ed9t chi\u1ebft xu\u1ea5t t\u1ea3o b\u1eb9, b\u1ed9t c\u00e1 ng\u1eeb v\u1eb1n cho ra t\u1eebng mi\u1ebfng snack khoai t\u00e2y gi\u00f2n r\u1ee5m, \u0111\u1eadm ch\u1ea5t th\u01a1m c\u00f9ng h\u01b0\u01a1ng v\u1ecb m\u1eb7n ng\u1ecdt si\u00eau cu\u1ed1n.<\/p>\n<p>\u0110\u1eb7c bi\u1ec7t, mi\u1ebfng khoai t\u00e2y Gokochi l\u1ea7n n\u00e0y c\u00f3 \u0111\u1ed9 d\u00e0y h\u01a1n 1,5 l\u1ea7n g\u00f3p ph\u1ea7n l\u00e0m t\u0103ng th\u00eam v\u1ecb b\u00f9i, b\u00e9o gi\u00f2n, nhai c\u1ef1c \u0111\u00e3, c\u00e0ng \u0103n c\u00e0ng m\u00ea.<\/p>\n<div><img decoding=\"async\" class=\"aligncenter\" src=\"https:\/\/havamall.com\/wp-content\/uploads\/2024\/11\/khoai-tay_600x600.jpg\" alt=\"Snack khoai t\u00e2y Gokochi v\u1ecb mu\u1ed1i t\u1ef1 nhi\u00ean\" \/><\/div>\n<p>S\u1ea3n ph\u1ea9m kh\u00f4ng ch\u1ee9a b\u1ed9t ng\u1ecdt n\u00ean gi\u1eef tr\u1ecdn v\u1eb9n \u0111\u01b0\u1ee3c h\u01b0\u01a1ng v\u1ecb t\u1ef1 nhi\u00ean t\u1eeb th\u00e0nh ph\u1ea7n nguy\u00ean li\u1ec7u t\u1ea1o n\u00ean m\u1ed9t m\u00e0u s\u1eafc v\u00e0 n\u00e9t \u0111\u1eb7c bi\u1ec7t \u1ea5n t\u01b0\u1ee3ng v\u1edbi ng\u01b0\u1eddi ti\u00eau d\u00f9ng, x\u1ee9ng \u0111\u00e1ng l\u00e0 l\u1ef1a ch\u1ecdn \u201cm\u01b0\u1eddi \u0111i\u1ec3m\u201d cho c\u00e1c t\u00edn \u0111\u1ed3 m\u00ea potato chips.<\/p>\n<p>Ngo\u00e0i \u0103n tr\u1ef1c ti\u1ebfp th\u00ec c\u00f3 th\u1ec3 ch\u1ea5m snack khoai t\u00e2y c\u00f9ng v\u1edbi c\u00e1c lo\u1ea1i s\u1ed1t nh\u01b0\u00a0s\u1ed1t ph\u00f4 mai, s\u1ed1t tr\u1ee9ng mu\u1ed1i,\u00a0s\u1ed1t m\u00f9 t\u1ea1t m\u1eadt ong,\u2026ho\u1eb7c b\u00f3p v\u1ee5n r\u1ed3i r\u1eafc l\u00ean b\u1ea5t k\u00ec m\u00f3n \u0103n n\u00e0o m\u00e0 m\u00ecnh th\u00edch c\u0169ng over h\u1ee3p lu\u00f4n \u0111\u00f3 nha!<\/p>\n<div><img decoding=\"async\" class=\"aligncenter\" src=\"https:\/\/havamall.com\/wp-content\/uploads\/2024\/11\/snack-khoai-tay-koikeya_600x600.jpg\" alt=\"Snack khoai t\u00e2y Gokochi v\u1ecb mu\u1ed1i t\u1ef1 nhi\u00ean\" \/><\/div>\n<p><strong>T<\/strong><strong>h\u00e0nh ph\u1ea7n:\u00a0<\/strong>Khoai t\u00e2y 64.5%, d\u1ea7u th\u1ef1c v\u1eadt, b\u1ed9t gia v\u1ecb mu\u1ed1i t\u1ef1 nhi\u00ean 3.5% (mu\u1ed1i 29.5%, \u0111\u01b0\u1eddng, maltodextrin, b\u1ed9t kem b\u00e9o th\u1ef1c v\u1eadt, \u0111\u01b0\u1eddng dextrose, \u0111\u1ea1m th\u1ef1c v\u1eadt th\u1ee7y ph\u00e2n, b\u1ed9t chi\u1ebft xu\u1ea5t n\u1ea5m men,\u00a0ch\u1ea5t ch\u1ed1ng \u0111\u00f4ng v\u00f3n (INS 551), b\u1ed9t chi\u1ebft xu\u1ea5t t\u1ea3o b\u1eb9, b\u1ed9t c\u00e1 ng\u1eeb v\u1eb1n, ch\u1ea5t \u1ed5n \u0111\u1ecbnh (INS 1422), d\u1ea7u th\u1ef1c v\u1eadt tinh luy\u1ec7n, ch\u1ea5t \u0111i\u1ec1u v\u1ecb (INS 951, INS 955)).<\/p>","protected":false},"excerpt":{"rendered":"<p>Snack khoai t\u00e2y v\u1ecb mu\u1ed1i t\u1ef1 nhi\u00ean Gokochi\u00a0\u2013 \u0110\u1eadm ch\u1ea5t khoai trong t\u1eebng l\u00e1t b\u00e1nh, b\u1ecbch si\u00eau kh\u1ee7ng 115g \u0111\u1ee7<\/p>","protected":false},"featured_media":37522,"comment_status":"open","ping_status":"closed","template":"","meta":[],"product_brand":[],"product_cat":[36,133,722],"product_tag":[],"class_list":{"0":"post-37521","1":"product","2":"type-product","3":"status-publish","4":"has-post-thumbnail","6":"product_cat-thuc-pham-tieu-dung","7":"product_cat-banh-keo-chocolate","8":"product_cat-nhap-khau-nhat-ban","10":"first","11":"instock","12":"sale","13":"shipping-taxable","14":"purchasable","15":"product-type-simple"},"_links":{"self":[{"href":"https:\/\/havamall.com\/en\/wp-json\/wp\/v2\/product\/37521","targetHints":{"allow":["GET"]}}],"collection":[{"href":"https:\/\/havamall.com\/en\/wp-json\/wp\/v2\/product"}],"about":[{"href":"https:\/\/havamall.com\/en\/wp-json\/wp\/v2\/types\/product"}],"replies":[{"embeddable":true,"href":"https:\/\/havamall.com\/en\/wp-json\/wp\/v2\/comments?post=37521"}],"version-history":[{"count":0,"href":"https:\/\/havamall.com\/en\/wp-json\/wp\/v2\/product\/37521\/revisions"}],"wp:featuredmedia":[{"embeddable":true,"href":"https:\/\/havamall.com\/en\/wp-json\/wp\/v2\/media\/37522"}],"wp:attachment":[{"href":"https:\/\/havamall.com\/en\/wp-json\/wp\/v2\/media?parent=37521"}],"wp:term":[{"taxonomy":"product_brand","embeddable":true,"href":"https:\/\/havamall.com\/en\/wp-json\/wp\/v2\/product_brand?post=37521"},{"taxonomy":"product_cat","embeddable":true,"href":"https:\/\/havamall.com\/en\/wp-json\/wp\/v2\/product_cat?post=37521"},{"taxonomy":"product_tag","embeddable":true,"href":"https:\/\/havamall.com\/en\/wp-json\/wp\/v2\/product_tag?post=37521"}],"curies":[{"name":"wp","href":"https:\/\/api.w.org\/{rel}","templated":true}]}}