{"id":37527,"date":"2024-11-18T16:53:13","date_gmt":"2024-11-18T09:53:13","guid":{"rendered":"https:\/\/havamall.com\/?post_type=product&#038;p=37527"},"modified":"2026-01-27T17:03:00","modified_gmt":"2026-01-27T10:03:00","slug":"so-do-luoc-cat-lat-frozen-surf-clam-slice-20-mieng","status":"publish","type":"product","link":"https:\/\/havamall.com\/en\/shop\/so-do-luoc-cat-lat-frozen-surf-clam-slice-20-mieng\/","title":{"rendered":"S\u00f2 \u0110\u1ecf Lu\u1ed9c C\u1eaft L\u00e1t &#8211; Frozen Surf Clam Slice 20 Mi\u1ebfng"},"content":{"rendered":"<p><strong>S\u00f2 \u0111\u1ecf Hokkigai<\/strong>\u00a0(ti\u1ebfng Anh: Surf Clam) l\u00e0 lo\u1ea1i s\u00f2 sinh s\u1ed1ng t\u1ea1i v\u00f9ng bi\u1ec3n Hokkigai Nh\u1eadt B\u1ea3n. Ch\u1ea5t l\u01b0\u1ee3ng s\u00f2 \u0111\u1ecf n\u01a1i \u0111\u00e2y \u0111\u01b0\u1ee3c \u0111\u00e1nh gi\u00e1 l\u00e0 t\u01b0\u01a1i ngon, dinh d\u01b0\u1ee1ng v\u00e0 ch\u1ea5t l\u01b0\u1ee3ng thu\u1ed9c top \u0111\u1ea7u th\u1ebf gi\u1edbi.<\/p>\n<p>S\u00f2 \u0111\u1ecf c\u00f3 h\u01b0\u01a1ng v\u1ecb ng\u1ecdt s\u1eefa \u0111\u1eadm \u0111\u00e0, th\u1ecbt s\u00f2 dai v\u00e0 ch\u1eafc. Qua qu\u00e1 tr\u00ecnh s\u00e0ng l\u1ecdc v\u00e0\u00a0ph\u00e2n lo\u1ea1i k\u1ef9 l\u01b0\u1ee1ng,\u00a0s\u00f2 t\u01b0\u01a1i \u0111\u01b0\u1ee3c ti\u1ebfn h\u00e0nh \u0111\u00f4ng l\u1ea1nh tr\u1ef1c ti\u1ebfp tr\u00ean t\u00e0u bi\u1ec3n, \u0111\u1ea3m b\u1ea3o s\u1ef1 t\u1ef1 nhi\u00ean 100% v\u00e0 kh\u00f4ng ch\u1ee9a h\u00f3a ch\u1ea5t. Ch\u1ec9 nh\u1eefng con s\u00f2 \u0111\u1ea1t ti\u00eau chu\u1ea9n ch\u1ea5t l\u01b0\u1ee3ng nghi\u00eam ng\u1eb7t m\u1edbi \u0111\u01b0\u1ee3c l\u1ef1a ch\u1ecdn \u0111\u1ec3 cung c\u1ea5p cho th\u1ecb tr\u01b0\u1eddng.<\/p>\n<p>S\u00f2 \u0111\u1ecf Hokkigai Nh\u1eadt B\u1ea3n t\u01b0\u01a1i ngon, gi\u00e0u dinh d\u01b0\u1ee1ng c\u00f3 v\u1ecb ng\u1ecdt s\u1eefa \u0111\u1eadm \u0111\u00e0, th\u1ecbt s\u00f2 ch\u1eafc, kh\u00f4ng dai. Khi th\u01b0\u1edfng th\u1ee9c b\u1ea1n s\u1ebd c\u1ea3m nh\u1eadn r\u00f5 v\u1ecb ng\u1ecdt \u0111\u1eadm \u0111\u1eb7c bi\u1ec7t t\u1ea1i ph\u1ea7n ch\u00e2n s\u00f2 v\u00e0 m\u00f9i th\u01a1m \u0111\u1eadm nh\u01b0 s\u1eefa.S\u1ea3n ph\u1ea9m \u0111\u00e3 \u0111\u01b0\u1ee3c s\u01a1 ch\u1ebf v\u00e0 c\u1eaft s\u1eb5n,d\u1ec5 s\u1eed d\u1ee5ng v\u00e0 ti\u1ebft ki\u1ec7m th\u1eddi gian<\/p>\n<p>S\u00f2 \u0111\u1ecf Hokkigai v\u1ed1n l\u00e0 m\u1ed9t m\u00f3n \u0103n truy\u1ec1n th\u1ed1ng xa x\u1ec9 c\u1ee7a \u1ea9m th\u1ef1c Nh\u1eadt B\u1ea3n, \u0111\u01b0\u1ee3c th\u1ef1c kh\u00e1ch tr\u00ean kh\u1eafp th\u1ebf gi\u1edbi \u01b0a chu\u1ed9ng cho m\u00f3n Sashimi hay Sushi. Theo c\u00e1ch g\u1ecdi c\u1ee7a ng\u01b0\u1eddi Nh\u1eadt B\u1ea3n, s\u00f2 \u0111\u1ecf c\u00f2n \u0111\u01b0\u1ee3c g\u1ecdi l\u00e0 Hokkigai, t\u00ean ti\u1ebfng Anh l\u00e0 Surf Clam. Th\u1ecbt s\u00f2 \u0111\u1ecf c\u00f3 v\u1ecb ng\u1ecdt s\u1eefa \u0111\u1eadm \u0111\u00e0, th\u1ecbt s\u00f2 ch\u1eafc v\u00e0 kh\u00f4ng dai, ph\u1ea7n s\u1eefa t\u1eadp trung nhi\u1ec1u \u1edf ph\u1ea7n ch\u00e2n \u0103n gi\u00f2n \u0111\u1eadm v\u1ecb.<\/p>\n<p>S\u1ea3n ph\u1ea9m \u0111\u00e3 \u0111\u01b0\u1ee3c s\u01a1 ch\u1ebf v\u00e0 c\u1eaft s\u1eb5n,d\u1ec5 s\u1eed d\u1ee5ng v\u00e0 ti\u1ebft ki\u1ec7m th\u1eddi gian<\/p>\n<p><img fetchpriority=\"high\" decoding=\"async\" class=\"aligncenter\" src=\"https:\/\/havamall.com\/wp-content\/uploads\/2024\/11\/Ginger-Scallion-Hokkigai-Cold-Appetizer-Clearwater-Nomss-6-1038x779.jpg\" alt=\"Hokkigai Arctic Surf Clams With Ginger And Scallions Cold Appetizer \u8591\u8525\u5317\u6975\u8c9d\u51b7\u76e4\u98df\u8b5c - Nomss.com\" width=\"629\" height=\"472\" \/><\/p>\n<h2><strong>Gi\u00e1 tr\u1ecb\u00a0dinh d\u01b0\u1ee1ng t\u1eeb s\u00f2 \u0111\u1ecf c\u1eaft l\u00e1t<\/strong><\/h2>\n<p>S\u00f2 \u0111\u1ecf l\u00e0 m\u1ed9t lo\u1ea1i h\u1ea3i s\u1ea3n gi\u00e0u dinh d\u01b0\u1ee1ng, c\u00f3 nhi\u1ec1u l\u1ee3i \u00edch cho s\u1ee9c kh\u1ecfe:<\/p>\n<ul>\n<li>S\u00f2 \u0111\u1ecf c\u00f3\u00a0<strong>h\u00e0m l\u01b0\u1ee3ng s\u1eaft cao<\/strong>, v\u01b0\u1ee3t tr\u1ed9i h\u01a1n c\u1ea3 th\u1ecbt b\u00f2 h\u1ea3o h\u1ea1ng. M\u1ed7i 9 con s\u00f2 \u0111\u1ecf c\u00f3 th\u1ec3 cung c\u1ea5p kho\u1ea3ng 24mg s\u1eaft, \u0111\u00e1p \u1ee9ng nhu c\u1ea7u s\u1eaft h\u00e0ng ng\u00e0y cho c\u01a1 th\u1ec3.<\/li>\n<li>Th\u1ecbt s\u00f2\u00a0<strong>ch\u1ee9a nhi\u1ec1u kho\u00e1ng ch\u1ea5t nh\u01b0 kali, k\u1ebdm, ph\u1ed1t pho, mangan<\/strong>, \u0111\u1eb7c bi\u1ec7t l\u00e0 selen &#8211; m\u1ed9t vi l\u01b0\u1ee3ng c\u00f3 t\u00e1c d\u1ee5ng ch\u1ed1ng oxy h\u00f3a v\u00e0 h\u1ed7 tr\u1ee3 cho tuy\u1ebfn gi\u00e1p.<\/li>\n<li>S\u00f2 \u0111\u1ecf c\u0169ng l\u00e0 ngu\u1ed3n\u00a0<strong>cung c\u1ea5p omega-3 v\u00e0 vitamin B12<\/strong>, gi\u00fap t\u0103ng c\u01b0\u1eddng s\u1ee9c kh\u1ecfe v\u00e0 gi\u1ea3m nguy c\u01a1 m\u1eafc c\u00e1c b\u1ec7nh v\u1ec1 tim m\u1ea1ch.<\/li>\n<\/ul>\n<p>V\u1edbi h\u00e0m l\u01b0\u1ee3ng dinh d\u01b0\u1ee1ng cao, s\u00f2 \u0111\u1ecf \u0111\u01b0\u1ee3c c\u00e1c chuy\u00ean gia khuy\u00ean d\u00f9ng cho tr\u1ebb em, ph\u1ee5 n\u1eef mang thai v\u00e0 ng\u01b0\u1eddi gi\u00e0.<\/p>\n<p>B\u00ean c\u1ea1nh \u0111\u00f3, n\u1ebfu mu\u1ed1n gi\u1ea3m c\u00e2n m\u1ed9t c\u00e1ch l\u00e0nh m\u1ea1nh, s\u00f2 \u0111\u1ecf c\u0169ng l\u00e0 m\u1ed9t l\u1ef1a ch\u1ecdn t\u1ed1t do \u00edt ch\u1ee9a carbohydrate v\u00e0 calo.<\/p>\n<p><img decoding=\"async\" class=\"aligncenter\" src=\"https:\/\/havamall.com\/wp-content\/uploads\/2024\/11\/atastybox_hokkigaisurfclam.jpg\" alt=\"Frozen Hokkigai Surf Clam Meat \u5317\u6975\u8c9d(1KG) \u2013 A Tasty Box\" width=\"606\" height=\"404\" \/><\/p>\n<h2><strong>Ch\u1ebf bi\u1ebfn nh\u1eefng m\u00f3n \u0103n ngon t\u1eeb s\u00f2 \u0111\u1ecf c\u1eaft l\u00e1t<\/strong><\/h2>\n<p>V\u00ec \u0111\u00e3 \u0111\u01b0\u1ee3c s\u01a1 ch\u1ebf v\u00e0 th\u00e1i l\u00e1t s\u1eb5n n\u00ean b\u1ea1n ch\u1ec9 c\u1ea7n mua v\u1ec1 l\u00e0 d\u00f9ng \u0111\u01b0\u1ee3c ngay. C\u00f3 th\u1ec3 ch\u1ebf bi\u1ebfn m\u1ed9t s\u1ed1 m\u00f3n \u0103n \u0111\u1eb7c tr\u01b0ng nh\u01b0 Sushi, Sasimi, Nigiri t\u00f9y theo s\u1edf th\u00edch c\u00e1 nh\u00e2n c\u1ee7a m\u1ed7i ng\u01b0\u1eddi.<\/p>\n<p>N\u1ebfu\u00a0ch\u1ebf bi\u1ebfn cho tr\u1ebb em, b\u1ea1n c\u00f2n c\u00f3 th\u1ec3 xay nhuy\u1ec5n th\u1ecbt s\u00f2 v\u00e0 s\u1eed d\u1ee5ng n\u00f3 \u0111\u1ec3 n\u1ea5u ch\u00e1o ho\u1eb7c x\u00e0o nh\u1eb9 v\u1edbi m\u1ed9t \u00edt d\u1ea7u \u00f4 liu v\u00e0 rau xanh. Nh\u01b0 v\u1eady, b\u1ea1n s\u1ebd c\u00f3 ngay m\u1ed9t m\u00f3n \u0103n dinh d\u01b0\u1ee1ng v\u00e0 ti\u1ec7n l\u1ee3i cho b\u00e9 y\u00eau, gi\u00fap b\u00e9 ph\u00e1t tri\u1ec3n kh\u1ecfe m\u1ea1nh.<\/p>\n<h2 id=\"toc_1_H2\" class=\"toc-heading\"><strong>3 c\u00e1ch ch\u1ebf bi\u1ebfn Sushi s\u00f2 \u0111\u1ecf &#8211; Nigiri Hokkigai<\/strong><\/h2>\n<p>Ba\u0323n co\u0301 bi\u00ea\u0301t, so\u0300 \u0111o\u0309 Hokkigai \u0111ang la\u0300m m\u01b0a la\u0300m gio\u0301 trong th\u01b0\u0323c \u0111\u01a1n sushi, sashimi ta\u0323i Nh\u00e2\u0323t Ba\u0309n. \u0110o\u0301 la\u0300 b\u01a1\u0309i khi k\u00ea\u0301t h\u01a1\u0323p v\u01a1\u0301i ga\u0323o de\u0309o th\u01a1m thi\u0300 mo\u0301n so\u0300 \u0111o\u0309 c\u01b0\u0323c ky\u0300 h\u01a1\u0323p, \u0111a\u0303 v\u00e2\u0323y co\u0300n kh\u00f4ng g\u00e2y ca\u0309m gia\u0301c nga\u0301n vi\u0300 hoa\u0300n toa\u0300n kh\u00f4ng ch\u01b0\u0301a ch\u00e2\u0301t be\u0301o!<\/p>\n<p><em><strong>L\u01b0u \u00fd: Chu\u1ea9n b\u1ecb nguy\u00ean li\u1ec7u<\/strong><\/em><\/p>\n<p>Tr\u01b0\u01a1\u0301c khi la\u0300m sushi so\u0300 \u0111o\u0309, anh chi\u0323 ha\u0303y nh\u01a1\u0301 chu\u00e2\u0309n bi\u0323 c\u01a1m \u0111a\u0303 tr\u00f4\u0323n cu\u0300ng gi\u00e2\u0301m khi c\u01a1m \u0111a\u0303 ngu\u00f4\u0323i. Co\u0300n v\u00ea\u0300 ph\u00e2\u0300n so\u0300 \u0111o\u0309, n\u00ea\u0301u ra\u0303 \u0111\u00f4ng trong ng\u0103n ma\u0301t tu\u0309 la\u0323nh c\u00e2\u0300n \u0111\u00ea\u0309 qua \u0111\u00eam, co\u0300n ra\u0303 \u0111\u00f4ng \u01a1\u0309 m\u00f4i tr\u01b0\u01a1\u0300ng pho\u0300ng b\u00ea\u0301p th\u00f4ng th\u01b0\u01a1\u0300ng m\u00e2\u0301t khoa\u0309ng 3-4 ti\u00ea\u0301ng.<\/p>\n<p>\u1ede Nh\u1eadt ng\u01b0\u1eddi ra g\u1ecdi sushi s\u00f2 \u0111\u1ecf l\u00e0 Nigiri Hokkigai, \u0111\u1ec3 l\u00e0m m\u00f3n \u0103n n\u00e0y, ng\u01b0\u1eddi ta c\u1eaft \u0111\u00f4i l\u01b0\u1ee1i s\u00f2 r\u1ed3i b\u1ecdc l\u1ea5y mi\u1ebfng c\u01a1m c\u00f3 tr\u1ed9n gi\u1ea5m. Khi th\u01b0\u1edfng th\u1ee9c b\u1ea1n s\u1ebd c\u1ea3m nh\u1eadn \u0111\u01b0\u1ee3c v\u1ecb t\u01b0\u01a1i gi\u00f2n c\u1ee7a s\u00f2 \u0111\u1ecf, ng\u1ecdt b\u00f9i c\u1ee7a c\u01a1m v\u1edbi s\u1ef1 c\u00e2n b\u1eb1ng trong v\u1ecb chua d\u1ecbu c\u1ee7a gi\u1ea5m g\u1ea1o.<\/p>\n<p>Nigiri Hokkigai \u0111\u01b0\u1ee3c t\u1ea1o h\u00ecnh gi\u1ed1ng nh\u01b0 c\u00e1nh b\u01b0\u1edbm r\u1ea5t \u0111\u1eb9p m\u1eaft v\u00e0 h\u1ea5p d\u1eabn. D\u01b0\u1edbi \u0111\u00e2y l\u00e0 3 ki\u1ec3u sushi s\u00f2 \u0111\u1ecf th\u01b0\u1eddng th\u1ea5y:<\/p>\n<h3 id=\"toc_2_H3\" class=\"toc-heading\"><strong>Nigiri c\u0103\u0301t la\u0301t<\/strong><\/h3>\n<p>\u0110\u00e2y la\u0300 ca\u0301ch la\u0300m \u0111\u01a1n gia\u0309n nh\u00e2\u0301t cho mo\u0301n sushi so\u0300 \u0111o\u0309, v\u01a1\u0301i m\u00f4\u0303i l\u01b0\u01a1\u0303i so\u0300 anh chi\u0323 ha\u0303y l\u01b0\u01a1\u0301t dao \u0111\u00ea\u0309 ta\u0301ch \u0111\u00f4i ph\u00e2\u0300n thi\u0323t so\u0300. Sau \u0111o\u0301 ha\u0303y du\u0300ng kh\u0103n gi\u00e2\u0301y \u0111\u00ea\u0309 lau sa\u0323ch ph\u00e2\u0300n nh\u01a1\u0301t b\u00ean trong cu\u0309a so\u0300, tuy nhi\u00ean la\u0300m v\u00e2\u0323y se\u0303 khi\u00ea\u0301n mu\u0300i vi\u0323 gia\u0309m \u0111i \u0111a\u0301ng k\u00ea\u0309. N\u00ea\u0301u anh chi\u0323 mu\u00f4\u0301n h\u01b0\u01a1ng vi\u0323 \u0111\u00e2\u0323m \u0111a\u0300, ha\u0303y \u0111\u00ea\u0309 la\u0323i ph\u00e2\u0300n \u201cs\u00f4\u0301t\u201d \u00e2\u0301y nhe\u0301.<\/p>\n<p>B\u01b0\u01a1\u0301c ti\u00ea\u0301p theo se\u0303 la\u0300 n\u0103\u0301m m\u00f4\u0323t la\u0301t thi\u0323t so\u0300 \u0111o\u0309 cu\u0300ng v\u01a1\u0301i m\u00f4\u0323t vi\u00ean c\u01a1m r\u00f4\u0300i th\u01b0\u01a1\u0309ng th\u01b0\u0301c vi\u0323 ngon t\u01b0\u0300 bi\u00ea\u0309n ca\u0309.<\/p>\n<h3 id=\"toc_3_H3\" class=\"toc-heading\"><strong>Nigiri xe\u0309 b\u01b0\u01a1\u0301m<\/strong><\/h3>\n<p>Mi\u00ea\u0301ng c\u0103\u0301t xe\u0309 b\u01b0\u01a1\u0301m co\u0301 \u0111\u00f4\u0323 kho\u0301 cao h\u01a1n m\u00f4\u0323t chu\u0301t so v\u01a1\u0301i ca\u0301ch truy\u00ea\u0300n th\u00f4\u0301ng. Nh\u01b0ng bu\u0300 la\u0323i ta co\u0301 th\u00ea\u0309 th\u01b0\u01a1\u0309ng th\u01b0\u01a1\u0309ng nguy\u00ean m\u00f4\u0323t ph\u00e2\u0300n l\u01b0\u01a1\u0303i so\u0300 trong mi\u00ea\u0301ng sushi. Anh chi\u0323 ha\u0303y c\u0103\u0301t la\u0301t nh\u01b0ng chi\u0309 \u0111\u00ea\u0309 la\u0323i m\u00f4\u0323t chu\u0301t thi\u0323t co\u0300n la\u0323i \u0111u\u0309 \u0111\u00ea\u0309 k\u00ea\u0301t di\u0301nh. V\u01a1\u0301i mi\u00ea\u0301ng so\u0300 \u0111o\u0309 m\u01a1\u0309 r\u00f4\u0323ng, ha\u0303y cu\u0300ng th\u01b0\u01a1\u0309ng th\u01b0\u0301c v\u01a1\u0301i n\u0103\u0301m c\u01a1m \u0111\u00ea\u0309 ca\u0309m nh\u00e2\u0323n vi\u0323 ngo\u0323t va\u0300 ca\u0309m gia\u0301c h\u00ea\u0301t s\u01b0\u0301c m\u01b0\u01a1\u0323t ma\u0300.<\/p>\n<h3 id=\"toc_4_H3\" class=\"toc-heading\"><strong>C\u01a1m cu\u00f4\u0323n so\u0300 \u0111o\u0309<\/strong><\/h3>\n<p>\u0110\u00e2y la\u0300 ca\u0301ch \u0103n \u201ckinh t\u00ea\u0301\u201d nh\u00e2\u0301t \u0111\u00ea\u0309 th\u01b0\u01a1\u0309ng th\u01b0\u0301c sushi so\u0300 \u0111o\u0309. Anh chi\u0323 ha\u0303y tha\u0301i l\u01b0\u01a1\u0303i so\u0300 tha\u0300nh s\u01a1\u0323i ma\u0309nh, r\u00f4\u0300i cu\u00f4\u0323n c\u01a1m trong m\u00f4\u0323t t\u00e2\u0301m rong bi\u00ea\u0309n. Th\u01b0\u01a1\u0309ng th\u01b0\u0301c trong c\u01a1m cu\u00f4\u0323n mang la\u0323i h\u01b0\u01a1ng vi\u0323 ha\u0300i hoa\u0300, t\u01b0\u01a1i m\u01a1\u0301i sa\u0309ng khoa\u0301i.<\/p>\n<h3 id=\"toc_5_H3\" class=\"toc-heading\"><strong>Ch\u00e1o s\u00f2 \u0111\u1ecf<\/strong><\/h3>\n<p>N\u1ebfu d\u00f9ng \u0111\u1ec3 n\u1ea5u ch\u00e1o, b\u1ea1n h\u00e3y say nhuy\u1ec5n th\u1ecbt s\u00f2 \u0111\u1ecf r\u1ed3i n\u1ea5u v\u1edbi m\u1ed9t l\u01b0\u1ee3ng g\u1ea1o, n\u01b0\u1edbc, h\u00e0nh l\u00e1, rau th\u01a1m, t\u00eda t\u00f4 nh\u1ea5t \u0111\u1ecbnh. Th\u1ee9c \u0103n n\u00e0y r\u1ea5t b\u1ed5 d\u01b0\u1ee1ng, c\u00f3 \u00edch v\u1edbi nh\u1eefng ng\u01b0\u1eddi \u0111ang b\u1ecb b\u1ec7nh ho\u1eb7c tr\u1ebb em.<\/p>\n<h2><img decoding=\"async\" class=\"aligncenter\" src=\"https:\/\/havamall.com\/wp-content\/uploads\/2025\/03\/IMG_9815_m.jpg\" alt=\"Neptune's Feast | The Courtyard | Pavilion Hotel KL \u2013 Pavilion Hotel Kuala Lumpur\" width=\"604\" height=\"906\" \/><\/h2>\n<h2><strong>H\u01b0\u1edbng d\u1eabn r\u00e3 \u0111\u00f4ng th\u1ecbt s\u00f2 \u0111\u1ecf c\u1eaft l\u00e1t\u00a0\u0111\u00fang c\u00e1ch<\/strong><\/h2>\n<p>\u0110\u1ec3 \u0111\u1ea3m b\u1ea3o ch\u1ea5t l\u01b0\u1ee3ng t\u1ed1t nh\u1ea5t c\u1ee7a s\u00f2 \u0111\u1ecf khi th\u01b0\u1edfng th\u1ee9c, b\u1ea1n\u00a0<strong>n\u00ean r\u00e3 \u0111\u00f4ng theo c\u00e1c nguy\u00ean t\u1eafc\u00a0<\/strong>d\u01b0\u1edbi \u0111\u00e2y:<\/p>\n<p>1. R\u00e3 \u0111\u00f4ng s\u1ea3n ph\u1ea9m trong ng\u0103n m\u00e1t c\u1ee7a t\u1ee7 l\u1ea1nh tr\u01b0\u1edbc khi s\u1eed d\u1ee5ng.<br \/>\n2. N\u1ebfu c\u1ea7n, b\u1ea1n c\u00f3 th\u1ec3 ng\u00e2m s\u1ea3n ph\u1ea9m trong n\u01b0\u1edbc v\u1edbi bao b\u00ec kho\u1ea3ng 15 ph\u00fat \u0111\u1ec3 r\u00e3 \u0111\u00f4ng nhanh h\u01a1n.<br \/>\n3. Kh\u00f4ng n\u00ean s\u1eed d\u1ee5ng l\u00f2 vi s\u00f3ng \u0111\u1ec3 r\u00e3 \u0111\u00f4ng s\u00f2 \u0111\u1ecf v\u00ec nh\u01b0 v\u1eady s\u1ebd l\u00e0m \u1ea3nh h\u01b0\u1edfng \u0111\u1ebfn c\u1ea5u tr\u00fac c\u1ee7a th\u1ecbt s\u00f2<br \/>\n4. H\u1ea1n ch\u1ebf s\u1eed d\u1ee5ng s\u1ea3n ph\u1ea9m sau 5 ng\u00e0y. Kh\u00f4ng n\u00ean t\u00e1i \u0111\u00f4ng l\u1ea1i, \u0111\u1ec3 \u0111\u1ea3m b\u1ea3o ch\u1ea5t l\u01b0\u1ee3ng t\u1ed1t nh\u1ea5t khi th\u01b0\u1edfng th\u1ee9c.<\/p>","protected":false},"excerpt":{"rendered":"<p>S\u00f2 \u0111\u1ecf Hokkigai\u00a0(ti\u1ebfng Anh: Surf Clam) l\u00e0 lo\u1ea1i s\u00f2 sinh s\u1ed1ng t\u1ea1i v\u00f9ng bi\u1ec3n Hokkigai Nh\u1eadt B\u1ea3n. Ch\u1ea5t l\u01b0\u1ee3ng s\u00f2<\/p>","protected":false},"featured_media":37528,"comment_status":"open","ping_status":"closed","template":"","meta":[],"product_brand":[],"product_cat":[36,702,130,722,275],"product_tag":[],"class_list":{"0":"post-37527","1":"product","2":"type-product","3":"status-publish","4":"has-post-thumbnail","6":"product_cat-thuc-pham-tieu-dung","7":"product_cat-hai-san","8":"product_cat-khuyen-mai","9":"product_cat-nhap-khau-nhat-ban","10":"product_cat-thuc-pham-dong-lanh","12":"first","13":"instock","14":"sale","15":"shipping-taxable","16":"purchasable","17":"product-type-simple"},"_links":{"self":[{"href":"https:\/\/havamall.com\/en\/wp-json\/wp\/v2\/product\/37527","targetHints":{"allow":["GET"]}}],"collection":[{"href":"https:\/\/havamall.com\/en\/wp-json\/wp\/v2\/product"}],"about":[{"href":"https:\/\/havamall.com\/en\/wp-json\/wp\/v2\/types\/product"}],"replies":[{"embeddable":true,"href":"https:\/\/havamall.com\/en\/wp-json\/wp\/v2\/comments?post=37527"}],"version-history":[{"count":0,"href":"https:\/\/havamall.com\/en\/wp-json\/wp\/v2\/product\/37527\/revisions"}],"wp:featuredmedia":[{"embeddable":true,"href":"https:\/\/havamall.com\/en\/wp-json\/wp\/v2\/media\/37528"}],"wp:attachment":[{"href":"https:\/\/havamall.com\/en\/wp-json\/wp\/v2\/media?parent=37527"}],"wp:term":[{"taxonomy":"product_brand","embeddable":true,"href":"https:\/\/havamall.com\/en\/wp-json\/wp\/v2\/product_brand?post=37527"},{"taxonomy":"product_cat","embeddable":true,"href":"https:\/\/havamall.com\/en\/wp-json\/wp\/v2\/product_cat?post=37527"},{"taxonomy":"product_tag","embeddable":true,"href":"https:\/\/havamall.com\/en\/wp-json\/wp\/v2\/product_tag?post=37527"}],"curies":[{"name":"wp","href":"https:\/\/api.w.org\/{rel}","templated":true}]}}