{"id":37535,"date":"2024-11-18T17:04:13","date_gmt":"2024-11-18T10:04:13","guid":{"rendered":"https:\/\/havamall.com\/?post_type=product&#038;p=37535"},"modified":"2026-04-01T11:01:24","modified_gmt":"2026-04-01T04:01:24","slug":"bot-nem-tu-nam-huong-shiitake-dashi-no-moto-shimaya-42g","status":"publish","type":"product","link":"https:\/\/havamall.com\/en\/shop\/bot-nem-tu-nam-huong-shiitake-dashi-no-moto-shimaya-42g\/","title":{"rendered":"B\u1ed9t N\u00eam T\u1eeb N\u1ea5m H\u01b0\u01a1ng Shiitake Dashi no Moto (Shimaya) 42g"},"content":{"rendered":"<p>B\u1ed9t n\u00eam t\u1eeb n\u1ea5m h\u01b0\u01a1ng Shimaya Shiitake Dashi no Moto \u0111em l\u1ea1i cho m\u00f3n \u0103n c\u1ee7a b\u1ea1n v\u1ecb ng\u1ecdt thanh, gi\u00fap m\u00f3n \u0103n \u0111\u1eadm \u0111\u00e0 kh\u00f3 c\u01b0\u1ee1ng. \u0110\u1eb7c bi\u1ec7t, h\u01b0\u01a1ng th\u01a1m c\u1ee7a n\u1ea5m k\u00edch th\u00edch v\u1ecb gi\u00e1c, gi\u00fap b\u1ea1n \u0103n ngon mi\u1ec7ng h\u01a1n.<\/p>\n<div class=\"product-description rte product-detail__gap-lg\" data-show-in-quickbuy=\"false\">\n<div class=\"is-initialized is-ready\" data-station-tabs-app=\"\" data-station-tabs-product=\"hat-nem-tu-nam-huong-shiitake-dashi-no-moto-shimaya-42g\">\n<div id=\"station-tabs-0\" class=\"station-tabs mod-hide-focus is-ready\">\n<div id=\"st-thong-tin-sn-phm_0-0\" class=\"station-tabs-content station-tabs-default-tabpanel is-active\" role=\"tabpanel\" aria-labelledby=\"st-link-thong-tin-sn-phm_0-0\" aria-hidden=\"false\">\n<div class=\"station-tabs-content-inner\">\n<p>Kh\u00f4ng ch\u1ec9 c\u00f3\u00a0c\u00e1 chu\u1ed3n n\u01b0\u1edbng,\u00a0t\u1ea3o b\u1eb9\u00a0hay c\u00e1 c\u01a1m, c\u00e1 ng\u1eeb b\u00e0o kh\u00f4,\u2026m\u1edbi l\u00e0 nh\u1eefng nguy\u00ean li\u1ec7u th\u01b0\u1eddng xuy\u00ean \u0111\u01b0\u1ee3c s\u1eed d\u1ee5ng \u0111\u1ec3 l\u00e0m\u00a0n\u01b0\u1edbc d\u00f9ng dashi\u00a0m\u00e0 n\u1ea5m h\u01b0\u01a1ng c\u0169ng l\u00e0 m\u1ed9t l\u1ef1a ch\u1ecdn l\u00ed t\u01b0\u1edfng \u0111\u1ec3 t\u1ea1o n\u00ean n\u01b0\u1edbc d\u00f9ng th\u01a1m ng\u1ecdt, \u0111\u1eadm \u0111\u00e0.<\/p>\n<p><img fetchpriority=\"high\" decoding=\"async\" class=\"aligncenter\" src=\"https:\/\/havamall.com\/wp-content\/uploads\/2024\/11\/nam-dong-co-1-f9e94b58-e8f7-4f91-bf43-b9c9374b70e0.jpg\" alt=\"H\u01b0\u1edbng d\u1eabn l\u00e0m n\u01b0\u1edbc d\u00f9ng Dashi n\u1ea5m h\u01b0\u01a1ng ( Shiitake Dashi) cho ng\u01b0\u1eddi \u0103n\" width=\"694\" height=\"694\" \/><\/p>\n<p><strong>H\u1ea1t n\u00eam t\u1eeb n\u1ea5m h\u01b0\u01a1ng Shiitake Dashi No Moto (Shimaya) 42g\u00a0<\/strong>l\u00e0 m\u1ed9t lo\u1ea1i\u00a0n\u01b0\u1edbc d\u00f9ng dashi\u00a0d\u1ea1ng h\u1ea1t, \u0111\u01b0\u1ee3c l\u00e0m t\u1eeb n\u1ea5m h\u01b0\u01a1ng kh\u00f4 \u0111\u00e3 qua ph\u01a1i n\u1eafng, sau \u0111\u00f3 \u0111em x\u00e2y th\u00e0nh d\u1ea1ng b\u1ed9t. H\u1ea1t n\u00eam\u00a0r\u1ea5t d\u1ec5 h\u00f2a tan trong n\u01b0\u1edbc, gi\u00fap l\u00e0m t\u0103ng th\u00eam v\u1ecb umami, mang \u0111\u1ebfn h\u01b0\u01a1ng v\u1ecb m\u1eb7n ng\u1ecdt nh\u1eb9 nh\u00e0ng nh\u01b0ng \u0111\u1eadm \u0111\u00e0, s\u00e2u s\u1eafc.<\/p>\n<p>Th\u00edch h\u1ee3p d\u00f9ng \u0111\u1ec3 ch\u1ebf bi\u1ebfn \u0111a d\u1ea1ng nhi\u1ec1u m\u00f3n canh s\u00fap, kho, x\u00e0o nh\u01b0 s\u00fap tr\u1ee9ng, g\u00e0 h\u1ea7m, th\u1ecbt b\u00f2 x\u00e0o, c\u01a1m chi\u00ean tr\u1ee9ng, okowa,&#8230;S\u1ea3n ph\u1ea9m \u0111\u01b0\u1ee3c \u0111\u00f3ng g\u00f3i 42g bao g\u1ed3m 6 thanh que nh\u1ecf 7g b\u00ean trong, ti\u1ec7n l\u1ee3i cho m\u1ed7i l\u1ea7n s\u1eed d\u1ee5ng v\u00e0 \u0111em theo khi \u0111i du l\u1ecbch, c\u1eafm tr\u1ea1i,\u2026<\/p>\n<p><strong>Th\u00e0nh ph\u1ea7n:\u00a0<\/strong>Mu\u1ed1i, ch\u1ea5t \u0111i\u1ec1u v\u1ecb (monosodium L-glutamate (E621), \u0111\u01b0\u1eddng lactose, \u0111\u01b0\u1eddng, b\u1ed9t n\u1ea5m h\u01b0\u01a1ng kh\u00f4 (4.9%), chi\u1ebft xu\u1ea5t n\u1ea5m h\u01b0\u01a1ng (4%), ch\u1ea5t \u1ed5n \u0111\u1ecbnh (dextrin (E1400)), tinh b\u1ed9t, ch\u1ea5t \u0111i\u1ec1u v\u1ecb (Disodium 5&#8217;ribonucleotides (E635))<\/p>\n<p><img decoding=\"async\" class=\"aligncenter\" src=\"https:\/\/havamall.com\/wp-content\/uploads\/2024\/11\/8vrbhpajbrfu1dnricsxbu_ws8sebffg3ol6hf_-lnsujwb-jphvwxbt_3mdez4mfr6wctx8s_7cdv5gifg0bewd5cbrs5z8qrvm_w4n8oz1ve8ekhlqkd684totjgt7usleifef3lbbukmboogtpsi.png\" alt=\"TOP 8 C\u00f4ng Th\u1ee9c N\u1ea5u N\u01b0\u1edbc Dashi Cho B\u00e9 \u0102n D\u1eb7m Dinh D\u01b0\u1ee1ng, An To\u00e0n | Mytour\" width=\"583\" height=\"328\" \/><\/p>\n<p><strong>Kh\u1ed1i l\u01b0\u1ee3ng t\u1ecbnh:<\/strong>\u00a042g\/b\u1ecbch<\/p>\n<p><strong>B\u1ea3o qu\u1ea3n:<\/strong>\u00a0N\u01a1i kh\u00f4 r\u00e1o, tho\u00e1ng m\u00e1t v\u00e0 tr\u00e1nh nhi\u1ec7t \u0111\u1ed9 cao v\u00e0 \u00e1nh n\u1eafng tr\u1ef1c ti\u1ebfp. \u0110\u00f3ng k\u00edn v\u00e0 b\u1ea3o qu\u1ea3n l\u1ea1nh v\u00e0 s\u1eed d\u1ee5ng h\u1ebft c\u00e0ng s\u1edbm c\u00e0ng t\u1ed1t sau khi m\u1edf bao b\u00ec<\/p>\n<p><strong>H\u01b0\u1edbng d\u1eabn s\u1eed d\u1ee5ng:<\/strong>\u00a0S\u1ea3n ph\u1ea9m \u0111\u01b0\u1ee3c d\u00f9ng l\u00e0m gia v\u1ecb\u00a0cho c\u00e1c m\u00f3n \u0103n nh\u01b0 s\u00fap, l\u1ea9u, m\u00ec, d\u01b0a mu\u1ed1i, c\u01a1m sushi,&#8230;<\/p>\n<p><strong>H\u1ea1n s\u1eed d\u1ee5ng:<\/strong>\u00a018 th\u00e1ng\u00a0k\u1ec3 t\u1eeb ng\u00e0y s\u1ea3n xu\u1ea5t<\/p>\n<p><strong>Xu\u1ea5t x\u1ee9:<\/strong>\u00a0Nh\u1eadt B\u1ea3n<\/p>\n<\/div>\n<\/div>\n<\/div>\n<\/div>\n<\/div>","protected":false},"excerpt":{"rendered":"<p>B\u1ed9t n\u00eam t\u1eeb n\u1ea5m h\u01b0\u01a1ng Shimaya Shiitake Dashi no Moto \u0111em l\u1ea1i cho m\u00f3n \u0103n c\u1ee7a b\u1ea1n v\u1ecb ng\u1ecdt thanh,<\/p>","protected":false},"featured_media":37536,"comment_status":"open","ping_status":"closed","template":"","meta":[],"product_brand":[],"product_cat":[154,595,722,36],"product_tag":[],"class_list":{"0":"post-37535","1":"product","2":"type-product","3":"status-publish","4":"has-post-thumbnail","6":"product_cat-gia-vi","7":"product_cat-gia-vi-va-che-bien","8":"product_cat-nhap-khau-nhat-ban","9":"product_cat-thuc-pham-tieu-dung","11":"first","12":"instock","13":"sale","14":"shipping-taxable","15":"purchasable","16":"product-type-simple"},"_links":{"self":[{"href":"https:\/\/havamall.com\/en\/wp-json\/wp\/v2\/product\/37535","targetHints":{"allow":["GET"]}}],"collection":[{"href":"https:\/\/havamall.com\/en\/wp-json\/wp\/v2\/product"}],"about":[{"href":"https:\/\/havamall.com\/en\/wp-json\/wp\/v2\/types\/product"}],"replies":[{"embeddable":true,"href":"https:\/\/havamall.com\/en\/wp-json\/wp\/v2\/comments?post=37535"}],"version-history":[{"count":0,"href":"https:\/\/havamall.com\/en\/wp-json\/wp\/v2\/product\/37535\/revisions"}],"wp:featuredmedia":[{"embeddable":true,"href":"https:\/\/havamall.com\/en\/wp-json\/wp\/v2\/media\/37536"}],"wp:attachment":[{"href":"https:\/\/havamall.com\/en\/wp-json\/wp\/v2\/media?parent=37535"}],"wp:term":[{"taxonomy":"product_brand","embeddable":true,"href":"https:\/\/havamall.com\/en\/wp-json\/wp\/v2\/product_brand?post=37535"},{"taxonomy":"product_cat","embeddable":true,"href":"https:\/\/havamall.com\/en\/wp-json\/wp\/v2\/product_cat?post=37535"},{"taxonomy":"product_tag","embeddable":true,"href":"https:\/\/havamall.com\/en\/wp-json\/wp\/v2\/product_tag?post=37535"}],"curies":[{"name":"wp","href":"https:\/\/api.w.org\/{rel}","templated":true}]}}