{"id":37566,"date":"2024-11-25T16:53:57","date_gmt":"2024-11-25T09:53:57","guid":{"rendered":"https:\/\/havamall.com\/?post_type=product&#038;p=37566"},"modified":"2026-03-25T16:47:46","modified_gmt":"2026-03-25T09:47:46","slug":"keo-dau-phong-hanh-nhan-phu-socola-krokant-candy-500g","status":"publish","type":"product","link":"https:\/\/havamall.com\/en\/shop\/keo-dau-phong-hanh-nhan-phu-socola-krokant-candy-500g\/","title":{"rendered":"K\u1eb9o \u0110\u1eadu Ph\u1ed9ng, H\u1ea1nh Nh\u00e2n Ph\u1ee7 Socola KROKANT Candy 500g"},"content":{"rendered":"<h2 class=\"product-detail__specs-title\"><strong>TH\u00d4NG TIN CHUNG<\/strong><\/h2>\n<div id=\"js-product-detail__specs\" class=\"product-detail__specs\">\n<div class=\"row\">\n<div class=\"col-sm-12\">\n<div class=\"product-specs__table\">\n<table>\n<tbody>\n<tr>\n<td class=\"specs-table__property\">Th\u01b0\u01a1ng hi\u1ec7u<\/td>\n<td class=\"specs-table__value\">Krokant<\/td>\n<\/tr>\n<tr>\n<td class=\"specs-table__property\">Xu\u1ea5t x\u1ee9<\/td>\n<td class=\"specs-table__value\">Nga<\/td>\n<\/tr>\n<tr>\n<td class=\"specs-table__property\">H\u1ea1n s\u1eed d\u1ee5ng<\/td>\n<td class=\"specs-table__value\">Xem tr\u00ean bao b\u00ec<\/td>\n<\/tr>\n<tr>\n<td class=\"specs-table__property\">H\u01b0\u1edbng d\u1eabn s\u1eed d\u1ee5ng<\/td>\n<td class=\"specs-table__value\">S\u1eed d\u1ee5ng tr\u1ef1c ti\u1ebfp ho\u1eb7c ch\u1ebf bi\u1ebfn m\u00f3n \u0103n<\/td>\n<\/tr>\n<tr>\n<td class=\"specs-table__property\">H\u01b0\u1edbng d\u1eabn b\u1ea3o qu\u1ea3n<\/td>\n<td class=\"specs-table__value\">N\u01a1i kh\u00f4 r\u00e1o, tho\u00e1ng m\u00e1t, tr\u00e1nh \u00e1nh n\u1eafng tr\u1ef1c ti\u1ebfp<\/td>\n<\/tr>\n<tr>\n<td class=\"specs-table__property\">Th\u00e0nh ph\u1ea7n nguy\u00ean li\u1ec7u<\/td>\n<td class=\"specs-table__value\">\u0110\u01b0\u1eddng h\u1ea1t, men b\u00e1nh k\u1eb9o (\u0111\u01b0\u1eddng, ch\u1ea5t thay th\u1ebf b\u01a1 ca cao, lo\u1ea1i lauric (d\u1ea7u c\u1ecd kh\u1eed m\u00f9i hydro h\u00f3a tinh d\u1ea7u, ch\u1ea5t nh\u0169 h\u00f3a: (E492)), b\u1ed9t ca cao, b\u1ed9t s\u1eefa, ch\u1ea5t nh\u0169 h\u00f3a (E322), h\u01b0\u01a1ng li\u1ec7u vanillin) h\u1ea1t c\u1ecd kh\u1eed m\u00f9i tinh ch\u1ebf, h\u1ea1t \u0111\u1eadu ph\u1ed9ng rang, xi-r\u00f4 tinh b\u1ed9t, v\u00e1ng s\u1eefa kh\u00f4, mu\u1ed1i \u0103n, ch\u1ea5t nh\u0169 h\u00f3a \u0111\u1eadu n\u00e0nh lecithin, h\u1ea1nh nh\u00e2n rang nghi\u1ec1n, h\u01b0\u01a1ng vani.<\/td>\n<\/tr>\n<tr>\n<td class=\"specs-table__property\">Kh\u1ed1i l\u01b0\u1ee3ng<\/td>\n<td class=\"specs-table__value\">500g<\/td>\n<\/tr>\n<\/tbody>\n<\/table>\n<div>\n<p><span id=\"input_part_0\" class=\"\" data-mention=\"Kh\u00f4ng g\u00ec h\u1ee3p v\u1edbi socola h\u01a1n l\u00e0 \u0111\u1eadu ph\u1ed9ng , Krokant \u2013 lo\u1ea1i socola n\u1ed5i ti\u1ebfng n\u01a1i x\u1ee9 s\u1edf B\u1ea1ch D\u01b0\u01a1ng, c\u00f2n mang \u0111\u1ebfn m\u1ed9t c\u00f4ng th\u1ee9c \u0111\u1ed9c \u0111\u00e1o h\u01a1n th\u1ebf n\u1eefa. \u0110\u00f3 l\u00e0 s\u1ef1 pha tr\u1ed9n gi\u1eefa \u0111\u1eadu ph\u1ed9ng gi\u00e3 v\u1ee5n v\u00e0 qu\u1ea3 ph\u1ec9 - h\u1ea1t d\u1ebb ph\u01b0\u01a1ng T\u00e2y.\">Kh\u00f4ng g\u00ec h\u1ee3p v\u1edbi socola h\u01a1n l\u00e0 \u0111\u1eadu ph\u1ed9ng , Krokant \u2013 lo\u1ea1i socola n\u1ed5i ti\u1ebfng n\u01a1i x\u1ee9 s\u1edf B\u1ea1ch D\u01b0\u01a1ng, c\u00f2n mang \u0111\u1ebfn m\u1ed9t c\u00f4ng th\u1ee9c \u0111\u1ed9c \u0111\u00e1o h\u01a1n th\u1ebf n\u1eefa. \u0110\u00f3 l\u00e0 s\u1ef1 pha tr\u1ed9n gi\u1eefa \u0111\u1eadu ph\u1ed9ng gi\u00e3 v\u1ee5n v\u00e0 qu\u1ea3 ph\u1ec9 \u2013 h\u1ea1t d\u1ebb ph\u01b0\u01a1ng T\u00e2y.\u00a0<\/span>Ngo\u00e0i s\u1ef1 th\u00fa v\u1ecb \u0111\u00f3 , KROKANT c\u00f2n mang \u0111\u1ebfn cho ng\u01b0\u1eddi \u0103n m\u1ed9t h\u01b0\u01a1ng v\u1ecb kh\u00f4ng th\u1ec3 n\u00e0o qu\u00ean \u0111\u01b0\u1ee3c ,<\/p>\n<p><span id=\"input_part_0\" class=\"\" data-mention=\"V\u1ecb ngon quy\u1ebfn r\u0169 c\u1ee7a Krokant \u0111\u00e3 bi\u1ebfn s\u1ea3n ph\u1ea9m n\u00e0y tr\u1edf th\u00e0nh s\u1ef1 l\u1ef1a ch\u1ecdn tinh t\u1ebf nh\u1ea5t m\u1ed7i khi nh\u1eafc \u0111\u1ebfn k\u1eb9o socola Krokant \">V\u1ecb ngon quy\u1ebfn r\u0169 c\u1ee7a Krokant \u0111\u00e3 bi\u1ebfn s\u1ea3n ph\u1ea9m n\u00e0y tr\u1edf th\u00e0nh s\u1ef1 l\u1ef1a ch\u1ecdn tinh t\u1ebf nh\u1ea5t m\u1ed7i khi nh\u1eafc \u0111\u1ebfn k\u1eb9o socola Krokant<\/span><\/p>\n<figure id=\"attachment_4341\" class=\"wp-caption aligncenter\" style=\"width: 702px\" aria-describedby=\"caption-attachment-4341\"><img fetchpriority=\"high\" decoding=\"async\" class=\"\" src=\"https:\/\/havamall.com\/wp-content\/uploads\/2024\/11\/4607109844717-3.jpg.webp\" alt=\"K\u1eb9o Socola \u0110\u1eadu Ph\u1ed9ng H\u1ea1nh Nh\u00e2n Kpokaht G\u00f3i 500g\" width=\"702\" height=\"702\" \/><\/figure>\n<h2><span id=\"Dac_diem_san_pham_keo_tim_Krokant_socola_hanh_nhan_Nga_500g\" class=\"ez-toc-section\"><\/span><strong>\u0110\u1eb7c \u0111i\u1ec3m s\u1ea3n ph\u1ea9m k\u1eb9o t\u00edm Krokant socola h\u1ea1nh nh\u00e2n Nga 500g<\/strong><\/h2>\n<\/div>\n<ul>\n<li>K\u1eb9o chocolate nh\u00e2n \u0111\u1eadu ph\u1ed9ng rang, h\u1ea1nh nh\u00e2n, caramel m\u1ec1m, l\u1edbp b\u00e1nh x\u1ed1p, b\u00ean ngo\u00e0i ph\u1ee7 chocolate s\u1eefa th\u01a1m b\u00e9o. Phi\u00ean b\u1ea3n m\u00e0u \u0111\u1ecf v\u1edbi nhi\u1ec1u chocolate s\u1eefa h\u01a1n cho tr\u1ea3i nghi\u1ec7m b\u00f9ng n\u1ed5.<\/li>\n<li id=\"input_line_2\"><span id=\"input_part_0\" class=\"\" data-mention=\"V\u1ecb gi\u00f2n b\u00e9o c\u1ee7a 2 lo\u1ea1i h\u1ea1t n\u1ed5i ti\u1ebfng nh\u1ea5t, \u0111\u1eaft \u0111\u1ecf nh\u1ea5t trong c\u00e1c c\u00f4ng th\u1ee9c b\u00e1nh k\u1eb9o \u0111\u00e3 mang l\u1ea1i cho Krokant s\u1ef1 \u01b0u \u00e1i nh\u1ea5t \u0111\u1ecbnh khi tr\u1edf th\u00e0nh m\u1ed9t trong nh\u1eefng lo\u1ea1i socola \u0111\u01b0\u1ee3c \u01b0a chu\u1ed9ng top \u0111\u1ea7u t\u1ea1i Li\u00ean Bang Nga.\">V\u1ecb gi\u00f2n b\u00e9o c\u1ee7a 2 lo\u1ea1i h\u1ea1t n\u1ed5i ti\u1ebfng nh\u1ea5t, \u0111\u1eaft \u0111\u1ecf nh\u1ea5t trong c\u00e1c c\u00f4ng th\u1ee9c b\u00e1nh k\u1eb9o \u0111\u00e3 mang l\u1ea1i cho Krokant s\u1ef1 \u01b0u \u00e1i nh\u1ea5t \u0111\u1ecbnh khi tr\u1edf th\u00e0nh m\u1ed9t trong nh\u1eefng lo\u1ea1i socola \u0111\u01b0\u1ee3c \u01b0a chu\u1ed9ng top \u0111\u1ea7u t\u1ea1i Li\u00ean Bang Nga.<\/span><\/li>\n<li id=\"input_line_4\"><span id=\"input_part_0\" class=\"\" data-mention=\"B\u1eaft \u0111\u1ea7u b\u1eb1ng l\u1edbp socola m\u1ec1m b\u00ean ngo\u00e0i, r\u1ed3i \u0111\u1ebfn nh\u00e2n trung t\u00e2m v\u1edbi qu\u1ea3 ph\u1ec9 gi\u00e3 v\u1ee5n v\u00e0 \u0111\u1eadu ph\u1ed9ng . Nh\u1eefng m\u1ea9u h\u1ea1t \u0111\u01b0\u1ee3c bao b\u1ecdc b\u1edfi caramen ng\u1ea7y ng\u1eady, b\u00f9i b\u00f9i. H\u01b0\u01a1ng caramen quy\u1ec7n c\u00f9ng s\u1eefa b\u00e9o ng\u00e2y ng\u1ea5t v\u00e0 v\u1ecb \u0111\u1eafng nh\u1eb9 nh\u00e0ng c\u1ee7a socola h\u1ea3o h\u1ea1ng s\u1ebd khi\u1ebfn ng\u01b0\u1eddi th\u01b0\u1edfng th\u1ee9c kh\u00f4ng mu\u1ed1n c\u1ea3m gi\u00e1c ng\u1ecdt ng\u00e0o n\u00e0y mau ch\u00f3ng tan bi\u1ebfn.\">B\u1eaft \u0111\u1ea7u b\u1eb1ng l\u1edbp socola m\u1ec1m b\u00ean ngo\u00e0i, r\u1ed3i \u0111\u1ebfn nh\u00e2n trung t\u00e2m v\u1edbi qu\u1ea3 ph\u1ec9 gi\u00e3 v\u1ee5n v\u00e0 \u0111\u1eadu ph\u1ed9ng . Nh\u1eefng m\u1ea9u h\u1ea1t \u0111\u01b0\u1ee3c bao b\u1ecdc b\u1edfi caramen ng\u1ea7y ng\u1eady, b\u00f9i b\u00f9i. H\u01b0\u01a1ng caramen quy\u1ec7n c\u00f9ng s\u1eefa b\u00e9o ng\u00e2y ng\u1ea5t v\u00e0 v\u1ecb \u0111\u1eafng nh\u1eb9 nh\u00e0ng c\u1ee7a socola h\u1ea3o h\u1ea1ng s\u1ebd khi\u1ebfn ng\u01b0\u1eddi th\u01b0\u1edfng th\u1ee9c kh\u00f4ng mu\u1ed1n c\u1ea3m gi\u00e1c ng\u1ecdt ng\u00e0o n\u00e0y mau ch\u00f3ng tan bi\u1ebfn.<\/span><\/li>\n<li>Bao b\u00ec\u00a0<strong>K\u1eb9o Socola T\u00edm Krokant<\/strong>\u00a0\u0111\u01b0\u1ee3c kho\u00e1c l\u00ean m\u00ecnh m\u1ed9t l\u1edbp \u00e1nh b\u1ea1c m\u00e0u t\u00edm r\u1ea5t n\u1ed5i b\u1eadt c\u00e0ng t\u1ea1o l\u00ean v\u1ebb sang tr\u1ecdng c\u1ee7a k\u1eb9o.<\/li>\n<\/ul>\n<div>\n<h2><span id=\"Thanh_phan_keo_socola_tim_Nga_Kpokaht_Hanh_Nhan\" class=\"ez-toc-section\"><\/span><strong>Th\u00e0nh ph\u1ea7n k\u1eb9o socola t\u00edm Nga Kpokaht H\u1ea1nh Nh\u00e2n<\/strong><\/h2>\n<ul>\n<li>\u0110\u01b0\u1eddng h\u1ea1t, men b\u00e1nh k\u1eb9o (\u0111\u01b0\u1eddng, ch\u1ea5t thay th\u1ebf b\u01a1 ca cao, lo\u1ea1i lauric (d\u1ea7u c\u1ecd kh\u1eed m\u00f9i hydro h\u00f3a tinh d\u1ea7u, ch\u1ea5t nh\u0169 h\u00f3a: (E492)),<\/li>\n<li>B\u1ed9t ca cao, b\u1ed9t s\u1eefa, ch\u1ea5t nh\u0169 h\u00f3a (E322), h\u01b0\u01a1ng li\u1ec7u vanillin) h\u1ea1t c\u1ecd kh\u1eed m\u00f9i tinh ch\u1ebf,<\/li>\n<li>H\u1ea1t \u0111\u1eadu ph\u1ed9ng rang, xi-r\u00f4 tinh b\u1ed9t, v\u00e1ng s\u1eefa kh\u00f4, mu\u1ed1i \u0103n, ch\u1ea5t nh\u0169 h\u00f3a \u0111\u1eadu n\u00e0nh lecithin,<\/li>\n<li>H\u1ea1nh nh\u00e2n rang nghi\u1ec1n, h\u01b0\u01a1ng vani.<\/li>\n<\/ul>\n<div class=\"wp-video\"><img decoding=\"async\" class=\"aligncenter\" src=\"https:\/\/havamall.com\/wp-content\/uploads\/2024\/11\/vn-11134207-7r98o-lo1zgke9ig3120.jpg\" alt=\"K\u1eb9o \u0111\u1eadu ph\u1ed9ng rang v\u1edbi h\u1ea1nh nh\u00e2n ph\u1ee7 socola Krokant Candy \ud83d\udc93 | Shopee Vi\u1ec7t Nam\" width=\"789\" height=\"789\" \/><\/div>\n<\/div>\n<div id=\"input_line_7\">\n<h2><span id=\"Keo_Socola_Tim_Krokant_Dau_Phong_500g_cua_Nga_mua_o_dau\" class=\"ez-toc-section\"><\/span><strong>K\u1eb9o Socola T\u00edm Krokant \u0110\u1eadu Ph\u1ed9ng 500g c\u1ee7a Nga mua \u1edf \u0111\u00e2u?<\/strong><\/h2>\n<ul>\n<li class=\"LC20lb MBeuO DKV0Md\"><strong>K\u1eb9o socola, \u0111\u1eadu ph\u1ed9ng v\u00e0 h\u1ea1nh nh\u00e2n Kpokaht Nga<\/strong> hi\u1ec7n \u0111ang \u0111\u01b0\u1ee3c b\u00e1n t\u1ea1i Havamall. B\u1ea1n c\u00f3 th\u1ec3 d\u1ec5 d\u00e0ng mua b\u1eb1ng c\u00e1ch:<\/li>\n<li>Mua h\u00e0ng tr\u1ef1c ti\u1ebfp t\u1ea1i c\u1eeda h\u00e0ng (Li\u00ean h\u1ec7 tr\u01b0\u1edbc khi t\u1edbi \u0111\u1ec3 ki\u1ec3m tra c\u00f2n h\u00e0ng hay kh\u00f4ng).<\/li>\n<li>\u0110\u1eb7t h\u00e0ng v\u00e0 mua tr\u00ean\u00a0<b>website<\/b><\/li>\n<li>G\u1ecdi \u0111i\u1ec7n ho\u1eb7c nh\u1eafn tin qua s\u1ed1 \u0111i\u1ec7n tho\u1ea1i\u00a0<b>Hotline: 0946229642; Zalo <\/b>\u0111\u1ec3 \u0111\u01b0\u1ee3c t\u01b0 v\u1ea5n c\u1ee5 th\u1ec3 v\u00e0 nhanh nh\u1ea5t.<\/li>\n<\/ul>\n<\/div>\n<\/div>\n<\/div>\n<\/div>\n<\/div>","protected":false},"excerpt":{"rendered":"<p>TH\u00d4NG TIN CHUNG Th\u01b0\u01a1ng hi\u1ec7u Krokant Xu\u1ea5t x\u1ee9 Nga H\u1ea1n s\u1eed d\u1ee5ng Xem tr\u00ean bao b\u00ec H\u01b0\u1edbng d\u1eabn s\u1eed d\u1ee5ng<\/p>","protected":false},"featured_media":37567,"comment_status":"open","ping_status":"closed","template":"","meta":[],"product_brand":[],"product_cat":[36,133,130,729],"product_tag":[],"class_list":{"0":"post-37566","1":"product","2":"type-product","3":"status-publish","4":"has-post-thumbnail","6":"product_cat-thuc-pham-tieu-dung","7":"product_cat-banh-keo-chocolate","8":"product_cat-khuyen-mai","9":"product_cat-nhap-khau-nga","11":"first","12":"instock","13":"sale","14":"shipping-taxable","15":"purchasable","16":"product-type-simple"},"_links":{"self":[{"href":"https:\/\/havamall.com\/en\/wp-json\/wp\/v2\/product\/37566","targetHints":{"allow":["GET"]}}],"collection":[{"href":"https:\/\/havamall.com\/en\/wp-json\/wp\/v2\/product"}],"about":[{"href":"https:\/\/havamall.com\/en\/wp-json\/wp\/v2\/types\/product"}],"replies":[{"embeddable":true,"href":"https:\/\/havamall.com\/en\/wp-json\/wp\/v2\/comments?post=37566"}],"version-history":[{"count":0,"href":"https:\/\/havamall.com\/en\/wp-json\/wp\/v2\/product\/37566\/revisions"}],"wp:featuredmedia":[{"embeddable":true,"href":"https:\/\/havamall.com\/en\/wp-json\/wp\/v2\/media\/37567"}],"wp:attachment":[{"href":"https:\/\/havamall.com\/en\/wp-json\/wp\/v2\/media?parent=37566"}],"wp:term":[{"taxonomy":"product_brand","embeddable":true,"href":"https:\/\/havamall.com\/en\/wp-json\/wp\/v2\/product_brand?post=37566"},{"taxonomy":"product_cat","embeddable":true,"href":"https:\/\/havamall.com\/en\/wp-json\/wp\/v2\/product_cat?post=37566"},{"taxonomy":"product_tag","embeddable":true,"href":"https:\/\/havamall.com\/en\/wp-json\/wp\/v2\/product_tag?post=37566"}],"curies":[{"name":"wp","href":"https:\/\/api.w.org\/{rel}","templated":true}]}}