{"id":37572,"date":"2024-11-25T17:21:53","date_gmt":"2024-11-25T10:21:53","guid":{"rendered":"https:\/\/havamall.com\/?post_type=product&#038;p=37572"},"modified":"2025-03-20T09:56:16","modified_gmt":"2025-03-20T02:56:16","slug":"bot-chien-xu-tempura-cong-to-8mm-mau-vang","status":"publish","type":"product","link":"https:\/\/havamall.com\/en\/shop\/bot-chien-xu-tempura-cong-to-8mm-mau-vang\/","title":{"rendered":"B\u1ed9t Chi\u00ean X\u00f9 Tempura C\u1ecdng To 8mm M\u00e0u V\u00e0ng 100g"},"content":{"rendered":"<h2 class=\"product-detail__specs-title\"><strong>TH\u00d4NG TIN CHUNG<\/strong><\/h2>\n<div id=\"js-product-detail__specs\" class=\"product-detail__specs\">\n<div class=\"row\">\n<div class=\"col-sm-12\">\n<div class=\"product-specs__table\">\n<table>\n<tbody>\n<tr>\n<td class=\"specs-table__property\">Th\u01b0\u01a1ng hi\u1ec7u<\/td>\n<td class=\"specs-table__value\">Havafoodies<\/td>\n<\/tr>\n<tr>\n<td class=\"specs-table__property\">Xu\u1ea5t x\u1ee9<\/td>\n<td class=\"specs-table__value\">Nh\u1eadt B\u1ea3n<\/td>\n<\/tr>\n<tr>\n<td class=\"specs-table__property\">H\u1ea1n s\u1eed d\u1ee5ng<\/td>\n<td class=\"specs-table__value\">Xem tr\u00ean bao b\u00ec<\/td>\n<\/tr>\n<tr>\n<td class=\"specs-table__property\">H\u01b0\u1edbng d\u1eabn s\u1eed d\u1ee5ng<\/td>\n<td class=\"specs-table__value\">S\u1eed d\u1ee5ng tr\u1ef1c ti\u1ebfp ho\u1eb7c ch\u1ebf bi\u1ebfn m\u00f3n \u0103n<\/td>\n<\/tr>\n<tr>\n<td class=\"specs-table__property\">H\u01b0\u1edbng d\u1eabn b\u1ea3o qu\u1ea3n<\/td>\n<td class=\"specs-table__value\">N\u01a1i kh\u00f4 r\u00e1o, tho\u00e1ng m\u00e1t, tr\u00e1nh \u00e1nh n\u1eafng tr\u1ef1c ti\u1ebfp<\/td>\n<\/tr>\n<tr>\n<td class=\"specs-table__property\">Th\u00e0nh ph\u1ea7n nguy\u00ean li\u1ec7u<\/td>\n<td class=\"specs-table__value\">B\u1ed9t m\u00ec (&gt;= 97%), men (Saccharomyces cerevisiae), mu\u1ed1i, d\u1ea7u c\u1ecd, b\u1ed9t s\u01a1 ri (Maltodextrin, n\u01b0\u1edbc \u00e9p s\u01a1 ri c\u00f4 \u0111\u1eb7c).<\/td>\n<\/tr>\n<tr>\n<td class=\"specs-table__property\">Kh\u1ed1i l\u01b0\u1ee3ng<\/td>\n<td class=\"specs-table__value\">100g<\/td>\n<\/tr>\n<\/tbody>\n<\/table>\n<p><strong>B\u1ed9t chi\u00ean x\u00f9 8mm<\/strong>\u00a0l\u00e0 m\u1ed9t lo\u1ea1i b\u1ed9t chi\u00ean \u0111a n\u0103ng \u0111\u01b0\u1ee3c s\u1eed d\u1ee5ng ph\u1ed5 bi\u1ebfn\u00a0trong ch\u1ebf bi\u1ebfn th\u1ef1c ph\u1ea9m. B\u1ed9t chi\u00ean x\u00f9 c\u00f3 d\u1ea1ng h\u1ea1t m\u1ea3nh, h\u01a1i to,\u00a0\u0111\u01b0\u1ee3c k\u1ebft h\u1ee3p t\u1eeb\u00a0nhi\u1ec1u lo\u1ea1i b\u1ed9t nh\u01b0 b\u1ed9t g\u1ea1o, b\u1ed9t m\u00ec, b\u1ed9t b\u1eafp v\u00e0 gia v\u1ecb. Nh\u1edd v\u1eady m\u00e0 b\u1ed9t chi\u00ean x\u00f9 gi\u00fap\u00a0mang l\u1ea1i \u0111\u1ed9 gi\u00f2n r\u1ee5m v\u00e0 m\u00e0u v\u00e0ng h\u1ea5p d\u1eabn cho m\u00f3n \u0103n, g\u00e2y h\u1ea5p d\u1eabn v\u1ecb gi\u00e1c \u0111\u1ed1i v\u1edbi ng\u01b0\u1eddi ti\u00eau d\u00f9ng.\u00a0Chuy\u00ean d\u00f9ng \u0111\u1ec3 ch\u1ebf bi\u1ebfn c\u00e1c m\u00f3n chi\u00ean r\u00e1n nh\u01b0 g\u00e0 r\u00e1n, t\u00f4m l\u0103n b\u1ed9t&#8230;.<\/p>\n<p>Tempura l\u00e0 m\u1ed9t m\u00f3n \u0103n c\u1ee7a Nh\u1eadt, trong \u0111\u00f3 ng\u01b0\u1eddi ta d\u00f9ng c\u00e1 t\u01b0\u01a1i, t\u00f4m, s\u00f2, c\u00e1c lo\u1ea1i rau, v,v\u2026 nh\u00fang v\u00e0o h\u1ed7n h\u1ee3p koromo g\u1ed3m b\u1ed9t m\u00ec, tr\u1ee9ng, n\u01b0\u1edbc, r\u1ed3i r\u00e1n gi\u00e0. Khi \u0103n d\u00f9ng n\u01b0\u1edbc ch\u1ea5m \u0111\u1eb7c bi\u1ec7t g\u1ed3m n\u01b0\u1edbc t\u01b0\u01a1ng, mirin v\u00e0 n\u01b0\u1edbc d\u00f9ng dashi l\u00e0m t\u1eeb c\u00e1 kh\u00f4 ho\u1eb7c rong bi\u1ec3n kh\u00f4. Th\u1ee7y h\u1ea3i s\u1ea3n t\u01b0\u01a1i s\u1ed1ng v\u00e0 rau xanh l\u00e0 nh\u1eefng nguy\u00ean li\u1ec7u cho m\u00f3n Tempura: t\u00f4m, m\u1ef1c, s\u00f2 \u0111i\u1ec7p, cua, c\u00e0 t\u00edm, \u1edbt chu\u00f4ng, khoai t\u00e2y, khoai lang, n\u1ea5m shiitake, b\u00ed, h\u00e0nh, l\u00e1 t\u00eda t\u00f4, c\u00e0 r\u1ed1t,\u2026<\/p>\n<p><img fetchpriority=\"high\" decoding=\"async\" class=\"aligncenter\" src=\"https:\/\/havamall.com\/wp-content\/uploads\/2024\/11\/03-c260c6b1-086a-4db9-a69d-d193f2364dab.jpg\" alt=\"B\u1ed9t chi\u00ean x\u00f9 Ottogi - G\u00f3i 500g\" width=\"764\" height=\"764\" \/><\/p>\n<h2><strong>Gi\u1edbi thi\u1ec7u b\u1ed9t chi\u00ean x\u00f9 8mm\u00a0<\/strong><\/h2>\n<p>B\u1ed9t chi\u00ean x\u00f9 l\u00e0 b\u1ed9t \u0111\u01b0\u1ee3c xay s\u1eb5n t\u1eeb kh\u1ed1i b\u1ed9t \u0111\u01b0\u1ee3c n\u01b0\u1edbng \u0111i\u1ec7n ho\u1eb7c n\u01b0\u1edbng l\u00f2, c\u00f3 k\u00edch th\u01b0\u1edbc h\u1ea1t kho\u1ea3ng 8mm. Sau \u0111\u00f3, b\u1ed9t \u0111\u01b0\u1ee3c s\u1ea5y kh\u00f4 \u0111\u1ec3 \u0111\u1ea1t h\u00e0m l\u01b0\u1ee3ng \u1ea9m d\u01b0\u1edbi 10%, gi\u00fap k\u00e9o d\u00e0i th\u1eddi gian b\u1ea3o qu\u1ea3n v\u00e0 c\u00f3 th\u1ec3 \u0111\u01b0\u1ee3c l\u01b0u tr\u1eef \u1edf nhi\u1ec7t \u0111\u1ed9 ph\u00f2ng trong v\u00f2ng 3 th\u00e1ng.<\/p>\n<p>Khi s\u1eed d\u1ee5ng b\u1ed9t chi\u00ean x\u00f9, th\u1ef1c ph\u1ea9m th\u01b0\u1eddng \u0111\u01b0\u1ee3c nh\u00fang v\u00e0o b\u1ed9t chi\u00ean ho\u1eb7c tr\u1ee9ng tr\u01b0\u1edbc khi \u0111\u01b0\u1ee3c l\u0103n qua b\u1ed9t chi\u00ean x\u00f9. Sau \u0111\u00f3, th\u1ef1c ph\u1ea9m \u0111\u01b0\u1ee3c chi\u00ean ho\u1eb7c r\u00e1n trong d\u1ea7u n\u00f3ng cho \u0111\u1ebfn khi b\u1ed9t chi\u00ean x\u00f9 c\u00f3 m\u00e0u v\u00e0ng b\u1eaft m\u1eaft v\u00e0 v\u1ecf tr\u1edf n\u00ean gi\u00f2n r\u1ee5m.<\/p>\n<p>B\u1ed9t chi\u00ean x\u00f9 th\u01b0\u1eddng \u0111\u01b0\u1ee3c s\u1eed d\u1ee5ng \u0111\u1ec3 l\u00e0m g\u00e0 r\u00e1n, c\u00e1 chi\u00ean, t\u00f4m chi\u00ean, ho\u1eb7c c\u00e1c lo\u1ea1i rau c\u1ee7 chi\u00ean x\u00f9. Khi \u0111\u01b0\u1ee3c chi\u00ean x\u00f9, b\u1ed9t t\u1ea1o ra m\u1ed9t l\u1edbp v\u1ecf gi\u00f2n b\u00ean ngo\u00e0i v\u00e0 gi\u1eef cho th\u1ef1c ph\u1ea9m b\u00ean trong m\u1ec1m v\u00e0 ngon.<\/p>\n<h2><strong>C\u00e1ch s\u1eed d\u1ee5ng b\u1ed9t chi\u00ean x\u00f9\u00a0<\/strong><\/h2>\n<p>C\u00e1c lo\u1ea1i rau v\u00e0 h\u1ea3i s\u1ea3n \u0111\u01b0\u1ee3c r\u1eeda s\u1ea1ch, \u0111\u1ec3 kh\u00f4, th\u00e1i nh\u1ecf v\u00e0 nh\u00fang trong h\u1ed7n h\u1ee3p b\u1ed9t bao b\u00ean ngo\u00e0i v\u1edbi m\u1ed9t l\u1edbp m\u1ecfng. M\u1ed9t s\u1ed1 Tempura \u0111\u01b0\u1ee3c ph\u1ee7 l\u1edbp h\u1ea1t v\u1eebng tr\u01b0\u1edbc khi chi\u00ean. Sau \u0111\u00f3 ph\u1ee7 qua 1 l\u1edbp b\u1ed9t chi\u00ean x\u00f9 8mm. Sau \u0111\u00f3, \u0111\u01b0\u1ee3c chi\u00ean trong d\u1ea7u v\u1edbi nhi\u1ec7t \u0111\u1ed9 c\u1ed1 \u0111\u1ecbnh, th\u1eddi gian v\u1eeba ph\u1ea3i. Nhi\u1ec7t \u0111\u1ed9 d\u1ea7u th\u01b0\u1eddng \u0111\u01b0\u1ee3c gi\u1eef \u1edf 160-180 \u0111\u1ed9 C, t\u00f9y thu\u1ed9c v\u00e0o th\u00e0nh ph\u1ea7n nguy\u00ean li\u1ec7u. S\u1ea3n ph\u1ea9m s\u1ebd l\u00e0 Tempura th\u1eadt b\u1eaft m\u1eaft v\u00e0ng n\u00e2u, n\u00f3ng, v\u00e0 ngon.<\/p>\n<p>Khi \u0103n Tempura, ng\u01b0\u1eddi Nh\u1eadt c\u00f2n hay ph\u1ed1i h\u1ee3p v\u1edbi nhi\u1ec1u m\u00f3n \u0103n kh\u00e1c nh\u01b0 soba \u0111\u01b0\u1ee3c g\u1ecdi l\u00e0 Tempura Soba ho\u1eb7c Tensoba, v\u1edbi Udon g\u1ecdi l\u00e0 Tempura Udon, v\u1edbi C\u01a1m Tendon\u2026 \u0111\u1ec1u r\u1ea5t ngon !<\/p>\n<p><img decoding=\"async\" class=\"aligncenter\" src=\"https:\/\/havamall.com\/wp-content\/uploads\/2024\/11\/khamphatempuramonannoitiengcuanhatbaneeee34-242.jpg\" alt=\"C\u00e1ch l\u00e0m Tempura h\u1ea3i s\u1ea3n \u2013 M\u00f3n \u0103n Nh\u1eadt b\u1ea3n\" width=\"809\" height=\"647\" \/><\/p>\n<h4>C\u00e1ch ch\u1ebf bi\u1ebfn m\u00f3n Tempura t\u1ed5ng h\u1ee3p:<\/h4>\n<p>\u2013 Nguy\u00ean li\u1ec7u: t\u00f4m t\u01b0\u01a1i to; khoai lang, b\u00ed xanh, \u1edbt xanh, c\u00e0 t\u00edm d\u00e0i, n\u1ea5m h\u01b0\u01a1ng t\u01b0\u01a1i, h\u00e0nh t\u00e2y\u2026. hay m\u1ed9t s\u1ed1 lo\u1ea1i rau c\u1ee7 qu\u1ea3 m\u00e0 b\u1ea1n th\u00edch;<b><i>\u00a0<\/i><\/b><i>b\u1ed9t Tempura<\/i>; d\u1ea7u th\u1ef1c v\u1eadt.<\/p>\n<p>\u2013 C\u00e1ch l\u00e0m: t\u00f4m b\u00f3c b\u1ecf v\u1ecf, d\u00f9ng dao r\u1ea1ch m\u1ed9t \u0111\u01b0\u1eddng nh\u1ecf \u1edf s\u1ed1ng l\u01b0ng, du\u1ed7i th\u1eb3ng t\u00f4m. Rau c\u1ee7 th\u00e1i b\u1ea3n m\u1ecfng 3 x 4 cm.<\/p>\n<p>Nh\u00fang nguy\u00ean li\u1ec7u \u0111\u00e3 ch\u1ebf bi\u1ebfn s\u1eb5n v\u00e0o h\u1ed7n h\u1ee3p b\u1ed9t sau khi \u0111\u00e3 tr\u1ed9n v\u1edbi n\u01b0\u1edbc \u0111\u00e1 l\u1ea1nh. Ch\u1ea3o s\u00e2u l\u00f2ng \u0111\u1ed5 ng\u1eadp d\u1ea7u, ch\u1edd \u0111\u1ebfn khi d\u1ea7u trong ch\u1ea3o s\u00f4i, l\u1ea7n l\u01b0\u1ee3t th\u1ea3 nguy\u00ean li\u1ec7u v\u00e0o r\u00e1n. Khi nguy\u00ean li\u1ec7u d\u1ea7n chuy\u1ec3n sang m\u00e0u v\u00e0ng, v\u1edbt ra, th\u1ea3 l\u00ean gi\u1ea5y \u0103n ho\u1eb7c gi\u1ea5y th\u1ea5m d\u1ea7u.<\/p>\n<p>\u2013 Tr\u00ecnh b\u00e0y: b\u00e0y xen k\u1ebd c\u00e1c m\u00e0u s\u1eafc nguy\u00ean li\u1ec7u l\u00ean \u0111\u0129a c\u00f3 l\u00f3t gi\u1ea5y th\u1ea5m d\u1ea7u, b\u00e0y t\u00f4m l\u00ean tr\u00ean c\u00f9ng.<br \/>\n\u2013 N\u01b0\u1edbc ch\u1ea5m: b\u1ea1n c\u00f3 th\u1ec3 ch\u1ea5m v\u1edbi n\u01b0\u1edbc t\u01b0\u01a1ng.<\/p>\n<\/div>\n<\/div>\n<\/div>\n<\/div>","protected":false},"excerpt":{"rendered":"<p>TH\u00d4NG TIN CHUNG Th\u01b0\u01a1ng hi\u1ec7u Havafoodies Xu\u1ea5t x\u1ee9 Nh\u1eadt B\u1ea3n H\u1ea1n s\u1eed d\u1ee5ng Xem tr\u00ean bao b\u00ec H\u01b0\u1edbng d\u1eabn s\u1eed<\/p>","protected":false},"featured_media":37573,"comment_status":"open","ping_status":"closed","template":"","meta":[],"product_brand":[],"product_cat":[36,722,134],"product_tag":[],"class_list":{"0":"post-37572","1":"product","2":"type-product","3":"status-publish","4":"has-post-thumbnail","6":"product_cat-thuc-pham-tieu-dung","7":"product_cat-nhap-khau-nhat-ban","8":"product_cat-thucpham-saykho","10":"first","11":"instock","12":"sale","13":"shipping-taxable","14":"purchasable","15":"product-type-simple"},"_links":{"self":[{"href":"https:\/\/havamall.com\/en\/wp-json\/wp\/v2\/product\/37572","targetHints":{"allow":["GET"]}}],"collection":[{"href":"https:\/\/havamall.com\/en\/wp-json\/wp\/v2\/product"}],"about":[{"href":"https:\/\/havamall.com\/en\/wp-json\/wp\/v2\/types\/product"}],"replies":[{"embeddable":true,"href":"https:\/\/havamall.com\/en\/wp-json\/wp\/v2\/comments?post=37572"}],"version-history":[{"count":0,"href":"https:\/\/havamall.com\/en\/wp-json\/wp\/v2\/product\/37572\/revisions"}],"wp:featuredmedia":[{"embeddable":true,"href":"https:\/\/havamall.com\/en\/wp-json\/wp\/v2\/media\/37573"}],"wp:attachment":[{"href":"https:\/\/havamall.com\/en\/wp-json\/wp\/v2\/media?parent=37572"}],"wp:term":[{"taxonomy":"product_brand","embeddable":true,"href":"https:\/\/havamall.com\/en\/wp-json\/wp\/v2\/product_brand?post=37572"},{"taxonomy":"product_cat","embeddable":true,"href":"https:\/\/havamall.com\/en\/wp-json\/wp\/v2\/product_cat?post=37572"},{"taxonomy":"product_tag","embeddable":true,"href":"https:\/\/havamall.com\/en\/wp-json\/wp\/v2\/product_tag?post=37572"}],"curies":[{"name":"wp","href":"https:\/\/api.w.org\/{rel}","templated":true}]}}