{"id":37597,"date":"2024-11-26T15:16:41","date_gmt":"2024-11-26T08:16:41","guid":{"rendered":"https:\/\/havamall.com\/?post_type=product&#038;p=37597"},"modified":"2026-03-18T12:51:13","modified_gmt":"2026-03-18T05:51:13","slug":"banh-quy-man-ritz-247g","status":"publish","type":"product","link":"https:\/\/havamall.com\/en\/shop\/banh-quy-man-ritz-247g\/","title":{"rendered":"B\u00e1nh Quy M\u1eb7n Ritz 247g"},"content":{"rendered":"<h2 class=\"product-detail__specs-title\"><strong>TH\u00d4NG TIN CHUNG<\/strong><\/h2>\n<div id=\"js-product-detail__specs\" class=\"product-detail__specs\">\n<div class=\"row\">\n<div class=\"col-sm-12\">\n<div class=\"product-specs__table\">\n<table>\n<tbody>\n<tr>\n<td class=\"specs-table__property\">Th\u01b0\u01a1ng hi\u1ec7u<\/td>\n<td class=\"specs-table__value\">Ritz<\/td>\n<\/tr>\n<tr>\n<td class=\"specs-table__property\">Xu\u1ea5t x\u1ee9<\/td>\n<td class=\"specs-table__value\">Indonesia<\/td>\n<\/tr>\n<tr>\n<td class=\"specs-table__property\">H\u1ea1n s\u1eed d\u1ee5ng<\/td>\n<td class=\"specs-table__value\">Xem tr\u00ean bao b\u00ec<\/td>\n<\/tr>\n<tr>\n<td class=\"specs-table__property\">H\u01b0\u1edbng d\u1eabn s\u1eed d\u1ee5ng<\/td>\n<td class=\"specs-table__value\">S\u1eed d\u1ee5ng tr\u1ef1c ti\u1ebfp ho\u1eb7c ch\u1ebf bi\u1ebfn m\u00f3n \u0103n<\/td>\n<\/tr>\n<tr>\n<td class=\"specs-table__property\">H\u01b0\u1edbng d\u1eabn b\u1ea3o qu\u1ea3n<\/td>\n<td class=\"specs-table__value\">N\u01a1i kh\u00f4 r\u00e1o, tho\u00e1ng m\u00e1t, tr\u00e1nh \u00e1nh n\u1eafng tr\u1ef1c ti\u1ebfp<\/td>\n<\/tr>\n<tr>\n<td class=\"specs-table__property\">Th\u00e0nh ph\u1ea7n nguy\u00ean li\u1ec7u<\/td>\n<td class=\"specs-table__value\">\n<div id=\"ingredients\" class=\"data item content resp-tab-content d-block\" role=\"tabpanel\" data-role=\"content\" aria-labelledby=\"tab-label-ingredients\" aria-hidden=\"true\">\n<div class=\"product attribute ingredients\">\n<div class=\"value\">B\u1ed9t m\u00ec, d\u1ea7u th\u1ef1c v\u1eadt kh\u00f4ng hydro h\u00f3a (d\u1ea7u c\u1ecd), \u0111\u01b0\u1eddng, \u0111\u01b0\u1eddng glucose, d\u1ecbch chi\u1ebft xu\u1ea5t t\u1eeb malt, mu\u1ed1i, ch\u1ea5t \u0111i\u1ec1u ch\u1ec9nh d\u1ed9 acid (341(i), 500(ii)), ch\u1ea5t nh\u0169 h\u00f3a (322(i)), enzym (1100, 1101(i))<\/div>\n<\/div>\n<\/div>\n<\/td>\n<\/tr>\n<tr>\n<td class=\"specs-table__property\">Kh\u1ed1i l\u01b0\u1ee3ng<\/td>\n<td class=\"specs-table__value\">247g<\/td>\n<\/tr>\n<\/tbody>\n<\/table>\n<\/div>\n<\/div>\n<div><\/div>\n<div>B\u00e1nh quy Ritz \u0111\u01b0\u1ee3c s\u1ea3n xu\u1ea5t d\u01b0\u1edbi d\u1ea1ng tr\u00f2n m\u1ecfng, gi\u00f2n th\u01a1m v\u00e0 l\u00e0m t\u1eeb nh\u1eefng th\u00e0nh ph\u1ea7n \u0111\u01b0\u1ee3c ch\u1ecdn l\u1ef1a k\u1ef9 l\u01b0\u1ee1ng, \u0111\u1ea3m b\u1ea3o an to\u00e0n v\u00e0 b\u1ed5 d\u01b0\u1ee1ng cho s\u1ee9c kh\u1ecfe ng\u01b0\u1eddi d\u00f9ng. \u0110\u1eb7c bi\u1ec7t, b\u00e1nh c\u00f3 v\u1ecb ng\u1ecdt, m\u1eb7n h\u00f2a v\u00e0o nhau v\u00f4 c\u00f9ng tinh t\u1ebf n\u00ean kh\u00f4ng g\u00e2y ng\u1ea5y, ph\u00f9 h\u1ee3p v\u1edbi kh\u1ea9u v\u1ecb c\u1ee7a nhi\u1ec1u ng\u01b0\u1eddi d\u00f9ng.<br \/>\nKh\u00f4ng ch\u1ec9 l\u00e0 m\u00f3n \u0103n v\u1eb7t th\u00fa v\u1ecb, b\u00e1nh quy Ritz c\u00f2n cung c\u1ea5p n\u0103ng l\u01b0\u1ee3ng, protein v\u00e0 m\u1ed9t s\u1ed1 lo\u1ea1i v\u00e0 kho\u00e1ng ch\u1ea5t c\u1ea7n thi\u1ebft cho c\u01a1 th\u1ec3. Ch\u00ednh v\u00ec v\u1eady, s\u1ea3n ph\u1ea9m r\u1ea5t th\u00edch h\u1ee3p \u0111\u1ec3 s\u1eed d\u1ee5ng cho nh\u1eefng b\u1eefa \u0103n v\u1eb7t, \u0103n nh\u1eb9, gi\u1eefa c\u00e1c bu\u1ed5i h\u1ecdc t\u1eadp, l\u00e0m vi\u1ec7c. B\u1ea1n c\u00f3 th\u1ec3 \u0103n tr\u1ef1c ti\u1ebfp, ho\u1eb7c d\u00f9ng c\u00f9ng tr\u00e0, c\u00e0 ph\u00ea, s\u1eefa\u2026V\u1edbi thi\u1ebft k\u1ebf h\u1ed9p l\u1ecbch s\u1ef1, \u0111\u1eb9p m\u1eaft, s\u1ea3n ph\u1ea9m c\u0169ng r\u1ea5t th\u00edch h\u1ee3p \u0111\u1ec3 l\u00e0m qu\u00e0 bi\u1ebfu t\u1eb7ng cho ng\u01b0\u1eddi th\u00e2n, b\u1ea1n b\u00e8 trong nh\u1eefng d\u1ecbp l\u1ec5 T\u1ebft.<\/div>\n<\/div>\n<\/div>\n<div><\/div>\n<div><img fetchpriority=\"high\" decoding=\"async\" class=\"aligncenter\" src=\"https:\/\/havamall.com\/wp-content\/uploads\/2024\/11\/d11552a500b1394458f18ffa7849fc21.jpg_320x320.jpg_550x550.jpg\" alt=\"B\u00e1nh quy ritz 3 v\u1ecb h\u1ed9p 128g 13 b\u00e1nh x 3 g\u00f3i\" width=\"685\" height=\"685\" \/><\/div>\n<div><\/div>\n<div>B\u00e1nh ph\u00f9 h\u1ee3p cho nh\u1eefng ai th\u00edch \u0103n v\u1ecb b\u00e9o gi\u00f2n nh\u01b0ng l\u1ea1i kh\u00f4ng th\u00edch v\u1ecb ph\u00f4 mai m\u1eb7n k\u1eb9p gi\u1eefa c\u1ee7a b\u00e1nh Ritz truy\u1ec1n th\u1ed1ng. B\u00e1nh c\u00f3 th\u1ec3 d\u00f9ng \u0103n v\u1eb7t, \u0103n x\u1ebf gi\u1eefa bu\u1ed5i ho\u1eb7c \u0103n k\u00e8m nh\u1eefng m\u00f3n \u0103n kh\u00e1c. Hi\u1ec7n \u0111\u00e3 c\u00f3 m\u1eb7t t\u1ea1i Havamall.<\/div>\n<div><img decoding=\"async\" class=\"aligncenter\" src=\"https:\/\/havamall.com\/wp-content\/uploads\/2024\/11\/57f4fd9b5bd893fc3c760fab37af26f3.jpg\" alt=\"B\u00e1nh Quy M\u1eb7n Ritz n\u1ed9i \u0111\u1ecba Nh\u1eadt B\u1ea3n | Shopee Vi\u1ec7t Nam\" width=\"687\" height=\"687\" \/><\/div>","protected":false},"excerpt":{"rendered":"<p>TH\u00d4NG TIN CHUNG Th\u01b0\u01a1ng hi\u1ec7u Ritz Xu\u1ea5t x\u1ee9 Indonesia H\u1ea1n s\u1eed d\u1ee5ng Xem tr\u00ean bao b\u00ec H\u01b0\u1edbng d\u1eabn s\u1eed d\u1ee5ng<\/p>","protected":false},"featured_media":37598,"comment_status":"open","ping_status":"closed","template":"","meta":[],"product_brand":[],"product_cat":[36,133,730],"product_tag":[],"class_list":{"0":"post-37597","1":"product","2":"type-product","3":"status-publish","4":"has-post-thumbnail","6":"product_cat-thuc-pham-tieu-dung","7":"product_cat-banh-keo-chocolate","8":"product_cat-cac-nuoc-khac","10":"first","11":"outofstock","12":"sale","13":"shipping-taxable","14":"purchasable","15":"product-type-simple"},"_links":{"self":[{"href":"https:\/\/havamall.com\/en\/wp-json\/wp\/v2\/product\/37597","targetHints":{"allow":["GET"]}}],"collection":[{"href":"https:\/\/havamall.com\/en\/wp-json\/wp\/v2\/product"}],"about":[{"href":"https:\/\/havamall.com\/en\/wp-json\/wp\/v2\/types\/product"}],"replies":[{"embeddable":true,"href":"https:\/\/havamall.com\/en\/wp-json\/wp\/v2\/comments?post=37597"}],"version-history":[{"count":0,"href":"https:\/\/havamall.com\/en\/wp-json\/wp\/v2\/product\/37597\/revisions"}],"wp:featuredmedia":[{"embeddable":true,"href":"https:\/\/havamall.com\/en\/wp-json\/wp\/v2\/media\/37598"}],"wp:attachment":[{"href":"https:\/\/havamall.com\/en\/wp-json\/wp\/v2\/media?parent=37597"}],"wp:term":[{"taxonomy":"product_brand","embeddable":true,"href":"https:\/\/havamall.com\/en\/wp-json\/wp\/v2\/product_brand?post=37597"},{"taxonomy":"product_cat","embeddable":true,"href":"https:\/\/havamall.com\/en\/wp-json\/wp\/v2\/product_cat?post=37597"},{"taxonomy":"product_tag","embeddable":true,"href":"https:\/\/havamall.com\/en\/wp-json\/wp\/v2\/product_tag?post=37597"}],"curies":[{"name":"wp","href":"https:\/\/api.w.org\/{rel}","templated":true}]}}