{"id":37603,"date":"2024-11-26T15:39:04","date_gmt":"2024-11-26T08:39:04","guid":{"rendered":"https:\/\/havamall.com\/?post_type=product&#038;p=37603"},"modified":"2025-12-03T04:09:46","modified_gmt":"2025-12-02T21:09:46","slug":"banh-quy-kep-kem-pho-mai-ritz-106g","status":"publish","type":"product","link":"https:\/\/havamall.com\/en\/shop\/banh-quy-kep-kem-pho-mai-ritz-106g\/","title":{"rendered":"B\u00e1nh Quy K\u1eb9p Kem Ph\u00f4 Mai Ritz 106g"},"content":{"rendered":"<h2 class=\"product-detail__specs-title\"><strong>TH\u00d4NG TIN CHUNG<\/strong><\/h2>\n<div id=\"js-product-detail__specs\" class=\"product-detail__specs\">\n<div class=\"row\">\n<div class=\"col-sm-12\">\n<div class=\"product-specs__table\">\n<table>\n<tbody>\n<tr>\n<td class=\"specs-table__property\">Th\u01b0\u01a1ng hi\u1ec7u<\/td>\n<td class=\"specs-table__value\">Ritz<\/td>\n<\/tr>\n<tr>\n<td class=\"specs-table__property\">Xu\u1ea5t x\u1ee9<\/td>\n<td class=\"specs-table__value\">Indonesia<\/td>\n<\/tr>\n<tr>\n<td class=\"specs-table__property\">H\u1ea1n s\u1eed d\u1ee5ng<\/td>\n<td class=\"specs-table__value\">Xem tr\u00ean bao b\u00ec<\/td>\n<\/tr>\n<tr>\n<td class=\"specs-table__property\">H\u01b0\u1edbng d\u1eabn s\u1eed d\u1ee5ng<\/td>\n<td class=\"specs-table__value\">S\u1eed d\u1ee5ng tr\u1ef1c ti\u1ebfp ho\u1eb7c ch\u1ebf bi\u1ebfn m\u00f3n \u0103n<\/td>\n<\/tr>\n<tr>\n<td class=\"specs-table__property\">H\u01b0\u1edbng d\u1eabn b\u1ea3o qu\u1ea3n<\/td>\n<td class=\"specs-table__value\">N\u01a1i kh\u00f4 r\u00e1o, tho\u00e1ng m\u00e1t, tr\u00e1nh \u00e1nh n\u1eafng tr\u1ef1c ti\u1ebfp<\/td>\n<\/tr>\n<tr>\n<td class=\"specs-table__property\">Th\u00e0nh ph\u1ea7n nguy\u00ean li\u1ec7u<\/td>\n<td class=\"specs-table__value\">\n<div id=\"ingredients\" class=\"data item content resp-tab-content d-block\" role=\"tabpanel\" data-role=\"content\" aria-labelledby=\"tab-label-ingredients\" aria-hidden=\"true\">\n<div class=\"product attribute ingredients\">\n<div class=\"value\">B\u1ed9t m\u00ec, d\u1ea7u th\u1ef1c v\u1eadt kh\u00f4ng hydro h\u00f3a (d\u1ea7u c\u1ecd), \u0111\u01b0\u1eddng, \u0111\u01b0\u1eddng glucose, d\u1ecbch chi\u1ebft xu\u1ea5t t\u1eeb malt, mu\u1ed1i, ch\u1ea5t \u0111i\u1ec1u ch\u1ec9nh d\u1ed9 acid (341(i), 500(ii)), ch\u1ea5t nh\u0169 h\u00f3a (322(i)), enzym (1100, 1101(i))<\/div>\n<\/div>\n<\/div>\n<\/td>\n<\/tr>\n<tr>\n<td class=\"specs-table__property\">Kh\u1ed1i l\u01b0\u1ee3ng<\/td>\n<td class=\"specs-table__value\">106g<\/td>\n<\/tr>\n<\/tbody>\n<\/table>\n<\/div>\n<\/div>\n<div><\/div>\n<div>B\u00e1nh quy Ritz \u0111\u01b0\u1ee3c s\u1ea3n xu\u1ea5t d\u01b0\u1edbi d\u1ea1ng tr\u00f2n m\u1ecfng, gi\u00f2n th\u01a1m v\u00e0 l\u00e0m t\u1eeb nh\u1eefng th\u00e0nh ph\u1ea7n \u0111\u01b0\u1ee3c ch\u1ecdn l\u1ef1a k\u1ef9 l\u01b0\u1ee1ng, \u0111\u1ea3m b\u1ea3o an to\u00e0n v\u00e0 b\u1ed5 d\u01b0\u1ee1ng cho s\u1ee9c kh\u1ecfe ng\u01b0\u1eddi d\u00f9ng. \u0110\u1eb7c bi\u1ec7t, b\u00e1nh c\u00f3 v\u1ecb ng\u1ecdt, m\u1eb7n h\u00f2a v\u00e0o nhau v\u00f4 c\u00f9ng tinh t\u1ebf n\u00ean kh\u00f4ng g\u00e2y ng\u1ea5y, ph\u00f9 h\u1ee3p v\u1edbi kh\u1ea9u v\u1ecb c\u1ee7a nhi\u1ec1u ng\u01b0\u1eddi d\u00f9ng.<br \/>\nKh\u00f4ng ch\u1ec9 l\u00e0 m\u00f3n \u0103n v\u1eb7t th\u00fa v\u1ecb, b\u00e1nh quy Ritz c\u00f2n cung c\u1ea5p n\u0103ng l\u01b0\u1ee3ng, protein v\u00e0 m\u1ed9t s\u1ed1 lo\u1ea1i v\u00e0 kho\u00e1ng ch\u1ea5t c\u1ea7n thi\u1ebft cho c\u01a1 th\u1ec3. Ch\u00ednh v\u00ec v\u1eady, s\u1ea3n ph\u1ea9m r\u1ea5t th\u00edch h\u1ee3p \u0111\u1ec3 s\u1eed d\u1ee5ng cho nh\u1eefng b\u1eefa \u0103n v\u1eb7t, \u0103n nh\u1eb9, gi\u1eefa c\u00e1c bu\u1ed5i h\u1ecdc t\u1eadp, l\u00e0m vi\u1ec7c. B\u1ea1n c\u00f3 th\u1ec3 \u0103n tr\u1ef1c ti\u1ebfp, ho\u1eb7c d\u00f9ng c\u00f9ng tr\u00e0, c\u00e0 ph\u00ea, s\u1eefa\u2026V\u1edbi thi\u1ebft k\u1ebf h\u1ed9p l\u1ecbch s\u1ef1, \u0111\u1eb9p m\u1eaft, s\u1ea3n ph\u1ea9m c\u0169ng r\u1ea5t th\u00edch h\u1ee3p \u0111\u1ec3 l\u00e0m qu\u00e0 bi\u1ebfu t\u1eb7ng cho ng\u01b0\u1eddi th\u00e2n, b\u1ea1n b\u00e8 trong nh\u1eefng d\u1ecbp l\u1ec5 T\u1ebft.<\/div>\n<\/div>\n<\/div>\n<div><\/div>\n<div><img fetchpriority=\"high\" decoding=\"async\" class=\"aligncenter\" src=\"https:\/\/havamall.com\/wp-content\/uploads\/2024\/11\/sg-11134201-7rd58-lwe8pv8kqupif8.jpg\" alt=\"B\u00c1NH QUY RITZ PH\u00d4 MAI Nabisco Nh\u1eadt M\u1eaaU M\u1edaI 106g | Shopee Vi\u1ec7t Nam\" width=\"620\" height=\"620\" \/><\/div>\n<div>\n<p><strong>&#8211; \u0110\u1eb7c \u0111i\u1ec3m n\u1ed5i b\u1eadt c\u1ee7a b\u00e1nh quy RITZ k\u1eb9p kem ph\u00f4 mai<\/strong><\/p>\n<ul>\n<li>V\u1ecf b\u00e1nh quy Ritz gi\u00f2n tan, m\u1eb7n nh\u1eb9.<\/li>\n<li>Nh\u00e2n kem ph\u00f4 mai b\u00e9o ng\u1eady, th\u01a1m ngon.<\/li>\n<li>V\u1ecb m\u1eb7n nh\u1eb9 c\u1ee7a b\u00e1nh quy h\u00f2a quy\u1ec7n ho\u00e0n h\u1ea3o v\u1edbi v\u1ecb b\u00e9o ng\u1eady c\u1ee7a kem ph\u00f4 mai, t\u1ea1o n\u00ean s\u1ef1 h\u1ea5p d\u1eabn kh\u00f3 c\u01b0\u1ee1ng.<\/li>\n<li>B\u00e1nh \u0111\u01b0\u1ee3c \u0111\u00f3ng g\u00f3i \u0111\u1eb9p m\u1eaft, ti\u1ec7n l\u1ee3i khi s\u1eed d\u1ee5ng v\u00e0 b\u1ea3o qu\u1ea3n.<\/li>\n<\/ul>\n<div><strong>&#8211; C\u00f4ng d\u1ee5ng b\u00e1nh quy RITZ k\u1eb9p kem ph\u00f4 mai<\/strong><\/div>\n<div>\n<ul>\n<li>B\u00e1nh ph\u00f9 h\u1ee3p cho m\u1ecdi l\u1ee9a tu\u1ed5i, \u0111\u1eb7c bi\u1ec7t l\u00e0 h\u1ecdc sinh, sinh vi\u00ean, nh\u00e2n vi\u00ean v\u0103n ph\u00f2ng.<\/li>\n<li>B\u00e1nh c\u00f3 th\u1ec3 d\u00f9ng \u0111\u1ec3 \u0103n tr\u1ef1c ti\u1ebfp ho\u1eb7c k\u1ebft h\u1ee3p v\u1edbi tr\u00e0, s\u1eefa, c\u00e0 ph\u00ea \u0111\u1ec3 t\u0103ng th\u00eam h\u01b0\u01a1ng v\u1ecb.<\/li>\n<\/ul>\n<\/div>\n<p><strong>&#8211; C\u00e1ch\u00a0s\u1eed d\u1ee5ng\u00a0b\u00e1nh quy RITZ k\u1eb9p kem ph\u00f4 mai<\/strong><\/p>\n<ul>\n<li>C\u00f3 th\u1ec3 k\u1ebft h\u1ee3p v\u1edbi tr\u00e0, s\u1eefa, c\u00e0 ph\u00ea \u0111\u1ec3 t\u0103ng th\u00eam h\u01b0\u01a1ng v\u1ecb.<\/li>\n<li>S\u1eed d\u1ee5ng s\u1ea3n ph\u1ea9m nh\u01b0 m\u1ed9t ph\u1ea7n c\u1ee7a b\u1eefa \u0103n nh\u1eb9 ho\u1eb7c \u0103n v\u1eb7t trong ng\u00e0y.<\/li>\n<li>D\u00f9ng tr\u1ef1c ti\u1ebfp sau khi m\u1edf bao b\u00ec.<\/li>\n<\/ul>\n<p><strong>&#8211; Nh\u1eefng l\u01b0u \u00fd c\u1ea7n ch\u00fa \u00fd khi d\u00f9ng b\u00e1nh quy RITZ k\u1eb9p kem ph\u00f4 mai<\/strong><\/p>\n<ul>\n<li>B\u1ea3o qu\u1ea3n n\u01a1i kh\u00f4 r\u00e1o, tho\u00e1ng m\u00e1t.<\/li>\n<li>Kh\u00f4ng s\u1eed d\u1ee5ng s\u1ea3n ph\u1ea9m n\u1ebfu \u0111\u00e3 h\u1ebft h\u1ea1n s\u1eed d\u1ee5ng ho\u1eb7c bao b\u00ec b\u1ecb h\u01b0 h\u1ecfng.<\/li>\n<\/ul>\n<p><img decoding=\"async\" class=\"aligncenter\" src=\"https:\/\/havamall.com\/wp-content\/uploads\/2024\/11\/20230209_5mlBt1P983Tgm1cO.jpg\" alt=\"B\u00e1nh quy Ritz Crackers nh\u00e2n kem ph\u00f4 mai 106g\" width=\"582\" height=\"583\" \/><\/p>\n<\/div>","protected":false},"excerpt":{"rendered":"<p>TH\u00d4NG TIN CHUNG Th\u01b0\u01a1ng hi\u1ec7u Ritz Xu\u1ea5t x\u1ee9 Indonesia H\u1ea1n s\u1eed d\u1ee5ng Xem tr\u00ean bao b\u00ec H\u01b0\u1edbng d\u1eabn s\u1eed d\u1ee5ng<\/p>","protected":false},"featured_media":37604,"comment_status":"open","ping_status":"closed","template":"","meta":[],"product_brand":[],"product_cat":[36,133,730],"product_tag":[],"class_list":{"0":"post-37603","1":"product","2":"type-product","3":"status-publish","4":"has-post-thumbnail","6":"product_cat-thuc-pham-tieu-dung","7":"product_cat-banh-keo-chocolate","8":"product_cat-cac-nuoc-khac","10":"first","11":"instock","12":"sale","13":"shipping-taxable","14":"purchasable","15":"product-type-simple"},"_links":{"self":[{"href":"https:\/\/havamall.com\/en\/wp-json\/wp\/v2\/product\/37603","targetHints":{"allow":["GET"]}}],"collection":[{"href":"https:\/\/havamall.com\/en\/wp-json\/wp\/v2\/product"}],"about":[{"href":"https:\/\/havamall.com\/en\/wp-json\/wp\/v2\/types\/product"}],"replies":[{"embeddable":true,"href":"https:\/\/havamall.com\/en\/wp-json\/wp\/v2\/comments?post=37603"}],"version-history":[{"count":0,"href":"https:\/\/havamall.com\/en\/wp-json\/wp\/v2\/product\/37603\/revisions"}],"wp:featuredmedia":[{"embeddable":true,"href":"https:\/\/havamall.com\/en\/wp-json\/wp\/v2\/media\/37604"}],"wp:attachment":[{"href":"https:\/\/havamall.com\/en\/wp-json\/wp\/v2\/media?parent=37603"}],"wp:term":[{"taxonomy":"product_brand","embeddable":true,"href":"https:\/\/havamall.com\/en\/wp-json\/wp\/v2\/product_brand?post=37603"},{"taxonomy":"product_cat","embeddable":true,"href":"https:\/\/havamall.com\/en\/wp-json\/wp\/v2\/product_cat?post=37603"},{"taxonomy":"product_tag","embeddable":true,"href":"https:\/\/havamall.com\/en\/wp-json\/wp\/v2\/product_tag?post=37603"}],"curies":[{"name":"wp","href":"https:\/\/api.w.org\/{rel}","templated":true}]}}