{"id":37614,"date":"2024-11-28T16:18:53","date_gmt":"2024-11-28T09:18:53","guid":{"rendered":"https:\/\/havamall.com\/?post_type=product&#038;p=37614"},"modified":"2026-03-30T12:02:28","modified_gmt":"2026-03-30T05:02:28","slug":"tui-muc-nguyen-squid-ink-80g","status":"publish","type":"product","link":"https:\/\/havamall.com\/en\/shop\/tui-muc-nguyen-squid-ink-80g\/","title":{"rendered":"T\u00fai M\u1ef1c Nguy\u00ean Squid INK 500g Chuy\u00ean D\u00f9ng Cho Pasta M\u1ef1c \u0110en"},"content":{"rendered":"<p>T\u00fai m\u1ef1c l\u00e0 nguy\u00ean li\u1ec7u ch\u00ednh trong \u1ea9m th\u1ef1c Nh\u1eadt B\u1ea3n. S\u1edf d\u0129 ng\u01b0\u1eddi Nh\u1eadt chu\u1ed9ng d\u00f9ng th\u1ee9 nguy\u00ean li\u1ec7u n\u00e0y trong c\u00e1c m\u00f3n \u0103n c\u1ee7a h\u1ecd l\u00e0 do t\u00fai m\u1ef1c c\u00f3 r\u1ea5t nhi\u1ec1u ch\u1ea5t dinh d\u01b0\u1ee1ng t\u1ed1t cho s\u1ee9c kh\u1ecfe, th\u1eadm ch\u00ed l\u00e0 gi\u00fap ph\u00f2ng ch\u1ed1ng ung th\u01b0. M\u1ef3 \u00dd m\u1ef1c \u1ed1ng v\u00e0 c\u01a1m Risotto m\u1ef1c \u1ed1ng l\u00e0 2 trong s\u1ed1 nhi\u1ec1u m\u00f3n \u0103n \u0111\u01b0\u1ee3c l\u00e0m t\u1eeb m\u1ef1c.<img fetchpriority=\"high\" decoding=\"async\" class=\"aligncenter\" src=\"https:\/\/havamall.com\/wp-content\/uploads\/2024\/11\/Squid-ink-fish-sauce-butter-2.jpg\" alt=\"Squid ink fish sauce flavored butter \u2013 MM Bon App\u00e9tit\" width=\"513\" height=\"642\" \/>\u00a0M\u00ec \u1ed1ng t\u00fai m\u1ef1c, m\u00ec \u0111en l\u00e0 m\u00f3n \u0103n n\u00e0y \u0111\u01b0\u1ee3c xu\u1ea5t ph\u00e1t t\u1eeb \u00dd v\u00e0 khi du nh\u1eadp v\u00e0o H\u00e0n Qu\u1ed1c \u0111\u00e3 \u0111\u01b0\u1ee3c s\u1ef1 y\u00eau th\u00edch c\u1ee7a r\u1ea5t nhi\u1ec1u c\u01b0 d\u00e2n \u1edf \u0111\u00e2y. B\u1ea1n c\u00f3 t\u01b0\u1edfng t\u01b0\u1ee3ng ra \u0111\u01b0\u1ee3c m\u00f3n m\u00ec \u1ed1ng \u0111en tuy\u1ec1n ch\u01b0a. S\u1ebd r\u1ea5t th\u00fa v\u1ecb \u0111\u1ea5y m\u1eb7c d\u00f9 l\u1ea7n \u0111\u1ea7u \u0103n b\u1ea1n s\u1ebd c\u1ea3m th\u1ea5y h\u01a1i s\u1ee3 1 ch\u00fat do m\u00e0u \u0111en c\u1ee7a m\u00ec. Tuy nhi\u00ean, khi th\u01b0\u1edfng th\u1ee9c b\u1ea1n s\u1ebd kh\u00f4ng th\u1ec3 qu\u00ean \u0111\u01b0\u1ee3c s\u1ef1 \u0111\u1eadm \u0111\u00e0 c\u1ee7a m\u00ec \u1ed1ng t\u00fai m\u1ef1c. V\u00e0 \u0111\u1eb7c bi\u1ec7t l\u00e0 n\u00f3 kh\u00f4ng h\u1ec1 c\u00f3 m\u00f9i tanh hay \u0111\u1eafng. Tuy nhi\u00ean, c\u00f3 1 t\u00e1c d\u1ee5ng ph\u1ee5 khi \u0103n m\u00f3n n\u00e0y l\u00e0 b\u1ea1n ph\u1ea3i \u0111i \u0111\u00e1nh r\u0103ng ngay sau \u0111\u00f3 v\u00ec r\u0103ng s\u1ebd b\u1ecb nhu\u1ed9m \u0111en th\u00f9i.<\/p>\n<p>Nh\u1eefng t\u00fai m\u1ef1c \u0111en c\u1ee7a con m\u1ef1c t\u01b0\u01a1i kh\u00f4ng ch\u1ec9 c\u00f3 th\u1ec3 t\u1ea1o ra nh\u1eefng m\u00f3n \u0103n ngon m\u00e0 c\u00f2n c\u00f3 t\u00e1c d\u1ee5ng t\u1ed1t cho s\u1ee9c kh\u1ecfe. T\u00fai m\u1ef1c c\u00f3 ch\u1ee9a axit amin Taurine gi\u00fap t\u0103ng c\u01b0\u1eddng s\u1ee9c kh\u1ecfe gan v\u00e0 gi\u00fap gan gi\u1ea3i \u0111\u1ed9c. Ch\u1ea5t Taurine c\u00f2n gi\u00fap gi\u1ea3m nguy c\u01a1 b\u1ec7nh m\u1ea1ch m\u00e1u v\u00e0 l\u00e0m gi\u1ea3m m\u1ec7t m\u1ecfi. T\u00fai m\u1ef1c c\u0169ng c\u00f3 t\u00e1c d\u1ee5ng ch\u1ed1ng oxy h\u00f3a v\u00e0 t\u0103ng c\u01b0\u1eddng h\u1ec7 mi\u1ec5n d\u1ecbch.<\/p>\n<p>C\u00e1c b\u00e1o c\u00e1o nghi\u00ean c\u1ee9u \u0111\u00e3 ch\u1ec9 ra r\u00f5 r\u00e0ng r\u1eb1ng ch\u1ec9 c\u1ea7n th\u00eam t\u00fai m\u1ef1c v\u00e0o ch\u1ebf \u0111\u1ed9 \u0103n c\u0169ng c\u00f3 t\u00e1c d\u1ee5ng t\u0103ng c\u01b0\u1eddng mi\u1ec5n d\u1ecbch v\u00e0 ch\u1ed1ng ung th\u01b0. H\u01a1n n\u1eefa, do ph\u1ea7n n\u00e0y c\u00f3 ch\u1ee9a mucopolysacarit, l\u00e0 th\u00e0nh ph\u1ea7n quan tr\u1ecdng c\u1ee7a x\u01b0\u01a1ng, m\u1ea1ch m\u00e1u v\u00e0 da c\u1ee7a con ng\u01b0\u1eddi, n\u00ean n\u00f3 c\u00f2n c\u00f3 t\u00e1c d\u1ee5ng gi\u1ea3m b\u1edbt c\u00e1c tri\u1ec7u ch\u1ee9ng m\u00e3n kinh c\u1ee7a ph\u1ee5 n\u1eef m\u00e3n kinh v\u00e0 \u0111\u1ea1t \u0111\u01b0\u1ee3c t\u00e1c d\u1ee5ng ch\u1ed1ng l\u00e3o h\u00f3a. Ngo\u00e0i ra, trong m\u1ef1c c\u00f2n c\u00f3 taurine, v\u1ec1 l\u00e2u d\u00e0i c\u00f3 th\u1ec3 gi\u00fap ch\u1ecb em ng\u0103n ng\u1eeba c\u00e1c b\u1ec7nh v\u1ec1 tim m\u1ea1ch.<\/p>\n<p><img decoding=\"async\" class=\"aligncenter\" src=\"https:\/\/havamall.com\/wp-content\/uploads\/2024\/11\/Squid-ink-fish-sauce-butter-1.jpg\" alt=\"Squid ink fish sauce flavored butter \u2013 MM Bon App\u00e9tit\" width=\"450\" height=\"563\" \/><\/p>\n<h2><strong>L\u1ee3i \u00edch s\u1ee9c kh\u1ecfe c\u1ee7a t\u00fai m\u1ef1c<\/strong><\/h2>\n<p>\u2013 C\u00f3 \u0111\u1eb7c t\u00ednh kh\u00e1ng khu\u1ea9n: C\u00e1c nghi\u00ean c\u1ee9u tr\u00ean \u0111\u1ed9ng v\u1eadt v\u00e0 \u1ed1ng nghi\u1ec7m ch\u1ec9 ra r\u1eb1ng t\u00fai m\u1ef1c c\u00f3 \u0111\u1eb7c t\u00ednh kh\u00e1ng khu\u1ea9n gi\u00fap n\u00f3 v\u00f4 hi\u1ec7u h\u00f3a vi khu\u1ea9n v\u00e0 virus c\u00f3 h\u1ea1i. V\u00ed d\u1ee5, m\u1ed9t nghi\u00ean c\u1ee9u trong \u1ed1ng nghi\u1ec7m cho th\u1ea5y chi\u1ebft xu\u1ea5t t\u1eeb m\u1ef1c \u1ed1ng c\u00f3 hi\u1ec7u qu\u1ea3 trong vi\u1ec7c v\u00f4 hi\u1ec7u h\u00f3a vi khu\u1ea9n th\u01b0\u1eddng g\u00e2y ra c\u00e1c m\u1ea3ng b\u00e1m tr\u00ean r\u0103ng.<\/p>\n<p>\u2013 C\u00f3 t\u00e1c d\u1ee5ng ch\u1ed1ng oxy h\u00f3a: Nghi\u00ean c\u1ee9u cho th\u1ea5y t\u00fai m\u1ef1c c\u00f3 t\u00e1c d\u1ee5ng ch\u1ed1ng oxy h\u00f3a m\u1ea1nh. M\u1ed9t s\u1ed1\u00a0nghi\u00ean c\u1ee9u tr\u00ean \u0111\u1ed9ng v\u1eadt v\u00e0 \u1ed1ng nghi\u1ec7m ch\u1ec9 ra r\u1eb1ng c\u00e1c \u0111\u1eb7c t\u00ednh ch\u1ed1ng oxy h\u00f3a c\u1ee7a t\u00fai m\u1ef1c \u0111\u1ebfn t\u1eeb polysicarit, l\u00e0 chu\u1ed7i d\u00e0i c\u00e1c ph\u00e2n t\u1eed \u0111\u01b0\u1eddng d\u00ednh li\u1ec1n nhau \u0111\u00e3 \u0111\u01b0\u1ee3c t\u00ecm th\u1ea5y \u0111\u1ec3 b\u1ea3o v\u1ec7 ch\u1ed1ng l\u1ea1i c\u00e1c g\u1ed1c t\u1ef1 do.<\/p>\n<p>\u2013 Ch\u1ed1ng ung th\u01b0: M\u1ed9t s\u1ed1 nghi\u00ean c\u1ee9u cho th\u1ea5y t\u00fai m\u1ef1c c\u00f3 th\u1ec3 l\u00e0m gi\u1ea3m k\u00edch th\u01b0\u1edbc kh\u1ed1i u v\u00e0 s\u1ef1 l\u00e2y lan c\u1ee7a c\u00e1c t\u1ebf b\u00e0o ung th\u01b0. Nh\u1eefng \u0111\u1eb7c t\u00ednh ch\u1ed1ng ung th\u01b0 n\u00e0y d\u01b0\u1eddng nh\u01b0 li\u00ean quan \u0111\u1ebfn t\u00e1c d\u1ee5ng ch\u1ed1ng ung th\u01b0 m\u1ea1nh c\u1ee7a t\u00fai m\u1ef1c.<\/p>\n<p>\u2013 C\u00e1c l\u1ee3i \u00edch ti\u1ec1m n\u0103ng kh\u00e1c: l\u00e0m gi\u1ea3m huy\u1ebft \u00e1p, ch\u1ed1ng lo\u00e9t d\u1ea1 d\u00e0y, t\u0103ng c\u01b0\u1eddng kh\u1ea3 n\u0103ng mi\u1ec5n d\u1ecbch\u2026<\/p>\n<p><img decoding=\"async\" class=\"wp-image-45309 aligncenter\" src=\"https:\/\/havamall.com\/wp-content\/uploads\/2024\/11\/b8c75d3c-f9dd-41d1-bb04-3391988efe82-200x300.png\" alt=\"\" width=\"430\" height=\"645\" \/><\/p>","protected":false},"excerpt":{"rendered":"<p>T\u00fai m\u1ef1c l\u00e0 nguy\u00ean li\u1ec7u ch\u00ednh trong \u1ea9m th\u1ef1c Nh\u1eadt B\u1ea3n. S\u1edf d\u0129 ng\u01b0\u1eddi Nh\u1eadt chu\u1ed9ng d\u00f9ng th\u1ee9 nguy\u00ean li\u1ec7u<\/p>","protected":false},"featured_media":45520,"comment_status":"open","ping_status":"closed","template":"","meta":[],"product_brand":[],"product_cat":[154,702,36,275],"product_tag":[],"class_list":{"0":"post-37614","1":"product","2":"type-product","3":"status-publish","4":"has-post-thumbnail","6":"product_cat-gia-vi","7":"product_cat-hai-san","8":"product_cat-thuc-pham-tieu-dung","9":"product_cat-thuc-pham-dong-lanh","11":"first","12":"instock","13":"sale","14":"shipping-taxable","15":"purchasable","16":"product-type-simple"},"_links":{"self":[{"href":"https:\/\/havamall.com\/en\/wp-json\/wp\/v2\/product\/37614","targetHints":{"allow":["GET"]}}],"collection":[{"href":"https:\/\/havamall.com\/en\/wp-json\/wp\/v2\/product"}],"about":[{"href":"https:\/\/havamall.com\/en\/wp-json\/wp\/v2\/types\/product"}],"replies":[{"embeddable":true,"href":"https:\/\/havamall.com\/en\/wp-json\/wp\/v2\/comments?post=37614"}],"version-history":[{"count":0,"href":"https:\/\/havamall.com\/en\/wp-json\/wp\/v2\/product\/37614\/revisions"}],"wp:featuredmedia":[{"embeddable":true,"href":"https:\/\/havamall.com\/en\/wp-json\/wp\/v2\/media\/45520"}],"wp:attachment":[{"href":"https:\/\/havamall.com\/en\/wp-json\/wp\/v2\/media?parent=37614"}],"wp:term":[{"taxonomy":"product_brand","embeddable":true,"href":"https:\/\/havamall.com\/en\/wp-json\/wp\/v2\/product_brand?post=37614"},{"taxonomy":"product_cat","embeddable":true,"href":"https:\/\/havamall.com\/en\/wp-json\/wp\/v2\/product_cat?post=37614"},{"taxonomy":"product_tag","embeddable":true,"href":"https:\/\/havamall.com\/en\/wp-json\/wp\/v2\/product_tag?post=37614"}],"curies":[{"name":"wp","href":"https:\/\/api.w.org\/{rel}","templated":true}]}}