{"id":37620,"date":"2024-11-28T16:45:18","date_gmt":"2024-11-28T09:45:18","guid":{"rendered":"https:\/\/havamall.com\/?post_type=product&#038;p=37620"},"modified":"2025-03-20T10:02:17","modified_gmt":"2025-03-20T03:02:17","slug":"sup-miso-an-lien-miko-brand-8-goi-151-2g","status":"publish","type":"product","link":"https:\/\/havamall.com\/en\/shop\/sup-miso-an-lien-miko-brand-8-goi-151-2g\/","title":{"rendered":"S\u00fap Miso \u0102n Li\u1ec1n Miko Brand (8 g\u00f3i) 151.2g"},"content":{"rendered":"<h2 class=\"product-detail__specs-title\"><strong>TH\u00d4NG TIN CHUNG<\/strong><\/h2>\n<div id=\"js-product-detail__specs\" class=\"product-detail__specs\">\n<div class=\"row\">\n<div class=\"col-sm-12\">\n<div class=\"product-specs__table\">\n<table>\n<tbody>\n<tr>\n<td class=\"specs-table__property\">Th\u01b0\u01a1ng hi\u1ec7u<\/td>\n<td class=\"specs-table__value\">Miko Brand<\/td>\n<\/tr>\n<tr>\n<td class=\"specs-table__property\">Xu\u1ea5t x\u1ee9<\/td>\n<td class=\"specs-table__value\">Nh\u1eadt B\u1ea3n<\/td>\n<\/tr>\n<tr>\n<td class=\"specs-table__property\">H\u1ea1n s\u1eed d\u1ee5ng<\/td>\n<td class=\"specs-table__value\">Xem tr\u00ean bao b\u00ec<\/td>\n<\/tr>\n<tr>\n<td class=\"specs-table__property\">H\u01b0\u1edbng d\u1eabn s\u1eed d\u1ee5ng<\/td>\n<td class=\"specs-table__value\">\u0110\u1ed5 g\u00f3i s\u00fap v\u00e0 g\u00f3i gia v\u1ecb ra b\u00e1t. Ch\u1ebf n\u01b0\u1edbc s\u00f4i v\u00e0o kho\u1ea3ng 2\/3 b\u00e1t, ch\u1edd 3 ph\u00fat, khu\u1ea5y \u0111\u1ec1u v\u00e0 th\u01b0\u1edfng th\u1ee9c.<\/td>\n<\/tr>\n<tr>\n<td class=\"specs-table__property\">H\u01b0\u1edbng d\u1eabn b\u1ea3o qu\u1ea3n<\/td>\n<td class=\"specs-table__value\">N\u01a1i kh\u00f4 r\u00e1o, tho\u00e1ng m\u00e1t, tr\u00e1nh \u00e1nh n\u1eafng tr\u1ef1c ti\u1ebfp<\/td>\n<\/tr>\n<tr>\n<td class=\"specs-table__property\">Th\u00e0nh ph\u1ea7n nguy\u00ean li\u1ec7u<\/td>\n<td class=\"specs-table__value\">\n<div id=\"ingredients\" class=\"data item content resp-tab-content d-block\" role=\"tabpanel\" data-role=\"content\" aria-labelledby=\"tab-label-ingredients\" aria-hidden=\"true\">\n<div class=\"product attribute ingredients\">\n<div class=\"value\">Miso \u0111\u1eadu n\u00e0nh (Non-GMO) (66.74%), mu\u1ed1i, \u0111\u01b0\u1eddng, rong bi\u1ec3n Wakame (0.97%), b\u1ed9t c\u00e1 ng\u1eeb b\u00e0o, b\u1ed9t c\u00e1 ng\u1eeb b\u00e0o \u0111\u1eadm \u0111\u00e0, chi\u1ebft xu\u1ea5t t\u1ea3o b\u1eb9 Kombu, men r\u01b0\u1ee3u th\u1ef1c ph\u1ea9m, ch\u1ea5t \u0111i\u1ec1u v\u1ecb: Mononatri glutamat (E621)<\/div>\n<\/div>\n<\/div>\n<\/td>\n<\/tr>\n<tr>\n<td class=\"specs-table__property\">Kh\u1ed1i l\u01b0\u1ee3ng<\/td>\n<td class=\"specs-table__value\">151.2g<\/td>\n<\/tr>\n<\/tbody>\n<\/table>\n<\/div>\n<\/div>\n<\/div>\n<\/div>\n<p><b>S\u00fap miso<\/b>\u00a0<i>(hay c\u00f2n \u0111\u01b0\u1ee3c g\u1ecdi l\u00e0 Misoshiru\/Omiotsuke)<\/i>\u00a0l\u00e0 m\u1ed9t lo\u1ea1i canh s\u00fap truy\u1ec1n th\u1ed1ng ti\u00eau bi\u1ec3u c\u1ee7a n\u1ec1n v\u0103n h\u00f3a \u1ea9m th\u1ef1c Nh\u1eadt B\u1ea3n, th\u01b0\u1eddng \u0111\u01b0\u1ee3c ng\u01b0\u1eddi d\u00e2n \u0103n k\u00e8m v\u1edbi c\u01a1m trong b\u1eefa \u0103n h\u1eb1ng ng\u00e0y.<\/p>\n<p>S\u1ea3n ph\u1ea9m l\u00e0 m\u1ed9t d\u1ea1ng s\u00fap miso \u0103n li\u1ec1n ti\u1ec7n l\u1ee3i, \u0111\u01b0\u1ee3c l\u00e0m t\u1eeb miso \u0111\u1eadu n\u00e0nh, chi\u1ebft xu\u1ea5t c\u00e1 ng\u1eeb c\u00f9ng v\u1edbi rong bi\u1ec3n v\u00e0 \u0111\u1eadu ph\u1ee5 \u0111\u00e3 \u0111\u01b0\u1ee3c s\u1ea5y kh\u00f4. Ch\u1ec9 c\u1ea7n cho n\u01b0\u1edbc s\u00f4i v\u00e0o l\u00e0 b\u1ea1n c\u00f3 th\u1ec3 h\u00fap ngay m\u1ed9t t\u00f4 miso n\u00f3ng h\u1ed5i, th\u01a1m l\u1eebng. R\u1ea5t \u0111\u01a1n gi\u1ea3n v\u00e0 ti\u1ec7n l\u1ee3i mang \u0111\u1ebfn m\u00f9i th\u01a1m nh\u1eb9 nh\u00e0ng c\u00f9ng v\u1ecb ng\u1ecdt thanh xen l\u1eabn v\u1ecb t\u01b0\u01a1ng miso \u0111\u1eadm \u0111\u00e0, gi\u00fap cho b\u1eefa \u0103n c\u1ee7a ng\u01b0\u1eddi d\u00e2n x\u1ee9 Ph\u00f9 Tang tr\u1edf n\u00ean ch\u1ea5t l\u01b0\u1ee3ng v\u00e0 dinh d\u01b0\u1ee1ng h\u01a1n.<\/p>\n<p><em><strong>Miso soup<\/strong><\/em>\u00a0ch\u1ee7 y\u1ebfu l\u00e0m t\u1eeb<em>\u00a0n\u01b0\u1edbc d\u00f9ng dashi,\u00a0t\u01b0\u01a1ng miso<\/em>\u00a0k\u1ebft h\u1ee3p th\u00eam m\u1ed9t s\u1ed1 nguy\u00ean li\u1ec7u kh\u00e1c nh\u01b0\u00a0<em>rong bi\u1ec3n<\/em>, \u0111\u1eadu ph\u1ee5, h\u00e0nh l\u00e1,&#8230;mang \u0111\u1ebfn m\u00f9i th\u01a1m nh\u1eb9 nh\u00e0ng c\u00f9ng v\u1ecb ng\u1ecdt thanh xen l\u1eabn v\u1ecb t\u01b0\u01a1ng miso \u0111\u1eadm \u0111\u00e0, gi\u00fap cho b\u1eefa \u0103n c\u1ee7a ng\u01b0\u1eddi d\u00e2n x\u1ee9 Ph\u00f9 Tang tr\u1edf n\u00ean ch\u1ea5t l\u01b0\u1ee3ng v\u00e0 dinh d\u01b0\u1ee1ng h\u01a1n.<\/p>\n<p><img fetchpriority=\"high\" decoding=\"async\" class=\"aligncenter\" src=\"https:\/\/havamall.com\/wp-content\/uploads\/2024\/11\/GL.jpg\" alt=\"H\u1ecdc ng\u01b0\u1eddi Nh\u1eadt c\u00e1ch l\u00e0m soup miso th\u01a1m ngon kh\u00f4ng th\u1ec3 thi\u1ebfu trong th\u1ef1c \u0111\u01a1n c\u1ee7a b\u1ea1n - Nh\u00e0 h\u00e0ng BBQ nh\u1eadt b\u1ea3n\" width=\"684\" height=\"457\" \/><\/p>\n<p>V\u00e0 gi\u1edd b\u1ea1n c\u0169ng c\u00f3 th\u1ec3 th\u01b0\u1edfng th\u1ee9c m\u00f3n s\u00fap n\u1ed5i ti\u1ebfng n\u00e0y ngay t\u1ea1i nh\u00e0 ch\u1ec9 v\u1edbi g\u00f3i\u00a0<strong>S\u00fap miso \u0103n li\u1ec1n Miko Brand 151.2g<\/strong><\/p>\n<p>S\u1ea3n ph\u1ea9m l\u00e0 m\u1ed9t d\u1ea1ng s\u00fap miso \u0103n li\u1ec1n ti\u1ec7n l\u1ee3i, \u0111\u01b0\u1ee3c l\u00e0m t\u1eeb miso \u0111\u1eadu n\u00e0nh, chi\u1ebft xu\u1ea5t c\u00e1 ng\u1eeb c\u00f9ng v\u1edbi rong bi\u1ec3n v\u00e0 \u0111\u1eadu ph\u1ee5 \u0111\u00e3 \u0111\u01b0\u1ee3c s\u1ea5y kh\u00f4. Ch\u1ec9 c\u1ea7n cho n\u01b0\u1edbc s\u00f4i v\u00e0o l\u00e0 b\u1ea1n c\u00f3 th\u1ec3 h\u00fap ngay m\u1ed9t t\u00f4 miso n\u00f3ng h\u1ed5i, th\u01a1m l\u1eebng. R\u1ea5t \u0111\u01a1n gi\u1ea3n v\u00e0 ti\u1ec7n l\u1ee3i.<\/p>\n<p><img decoding=\"async\" class=\"aligncenter\" src=\"https:\/\/havamall.com\/wp-content\/uploads\/2024\/11\/sup-miso-an-lien-miko-brand-171.2g_480x480.jpg\" alt=\"\" width=\"825\" height=\"657\" \/><\/p>\n<p>M\u1ed9t g\u00f3i c\u00f3 th\u1ec3 ch\u1ebf bi\u1ebfn \u0111\u01b0\u1ee3c \u0111\u1ebfn 8 kh\u1ea9u ph\u1ea7n \u0103n. \u0110\u00f3ng g\u00f3i nh\u1ecf g\u1ecdn, d\u1ec5 d\u00e0ng mang theo v\u00e0 s\u1eed d\u1ee5ng.<\/p>\n<p><strong>Xu\u1ea5t x\u1ee9:\u00a0<\/strong>Nh\u1eadt B\u1ea3n<\/p>\n<p><strong>Th\u00e0nh ph\u1ea7n:<\/strong><\/p>\n<ul>\n<li>S\u00fap: X\u1ed1t miso \u0111\u1eadu n\u00e0nh (\u0111\u1eadu n\u00e0nh, n\u01b0\u1edbc, c\u1ed3n, mu\u1ed1i) 61.59%, n\u01b0\u1edbc, c\u1ed3n, ch\u1ea5t \u0111i\u1ec1u v\u1ecb (monosodium glutamate &#8211; E621), mu\u1ed1i, chi\u1ebft xu\u1ea5t c\u00e1 ng\u1eeb, ch\u1ea5t \u0111i\u1ec1u v\u1ecb (Disodium inosienate &#8211; E631)<\/li>\n<li>G\u00f3i gia v\u1ecb: \u0110\u1eadu ph\u1ee5 s\u1ea5y kh\u00f4, rong bi\u1ec3n wakame s\u1ea5y kh\u00f4, h\u00e0nh l\u00e1 s\u1ea5y kh\u00f4, gia v\u1ecb b\u1ed9t c\u00e1 ng\u1eeb. S\u1ea3n ph\u1ea9m c\u00f3 ch\u1ee9a \u0111\u1eadu n\u00e0nh v\u00e0 c\u00e1.<\/li>\n<\/ul>\n<p><strong>Kh\u1ed1i l\u01b0\u1ee3ng\u00a0 t\u1ecbnh:<\/strong>\u00a0151.2g\/g\u00f3i<\/p>\n<p><strong>B\u1ea3o qu\u1ea3n:<\/strong>\u00a0N\u01a1i kh\u00f4 r\u00e1o, tho\u00e1ng m\u00e1t. Tr\u00e1nh \u00e1nh n\u1eafng tr\u1ef1c ti\u1ebfp.<\/p>\n<p><strong>H\u1ea1n s\u1eed d\u1ee5ng:<\/strong>\u00a012 th\u00e1ng k\u1ec3 t\u1eeb ng\u00e0y s\u1ea3n xu\u1ea5t<\/p>\n<p><strong>H\u01b0\u1edbng d\u1eabn s\u1eed d\u1ee5ng:<\/strong>\u00a0\u0110\u1ed5 g\u00f3i s\u00fap v\u00e0 g\u00f3i gia v\u1ecb ra t\u00f4. Ch\u1ebf n\u01b0\u1edbc s\u00f4i v\u00e0o kho\u1ea3ng 2\/3 t\u00f4, khu\u1ea5y \u0111\u1ec1u v\u00e0o th\u01b0\u1edfng th\u1ee9c. C\u00f3 th\u1ec3 ph\u1ee5c v\u1ee5 cho 8 kh\u1ea9u ph\u1ea7n \u0103n.<\/p>","protected":false},"excerpt":{"rendered":"<p>TH\u00d4NG TIN CHUNG Th\u01b0\u01a1ng hi\u1ec7u Miko Brand Xu\u1ea5t x\u1ee9 Nh\u1eadt B\u1ea3n H\u1ea1n s\u1eed d\u1ee5ng Xem tr\u00ean bao b\u00ec H\u01b0\u1edbng d\u1eabn<\/p>","protected":false},"featured_media":37621,"comment_status":"open","ping_status":"closed","template":"","meta":[],"product_brand":[],"product_cat":[36,722,134],"product_tag":[],"class_list":{"0":"post-37620","1":"product","2":"type-product","3":"status-publish","4":"has-post-thumbnail","6":"product_cat-thuc-pham-tieu-dung","7":"product_cat-nhap-khau-nhat-ban","8":"product_cat-thucpham-saykho","10":"first","11":"instock","12":"sale","13":"shipping-taxable","14":"purchasable","15":"product-type-simple"},"_links":{"self":[{"href":"https:\/\/havamall.com\/en\/wp-json\/wp\/v2\/product\/37620","targetHints":{"allow":["GET"]}}],"collection":[{"href":"https:\/\/havamall.com\/en\/wp-json\/wp\/v2\/product"}],"about":[{"href":"https:\/\/havamall.com\/en\/wp-json\/wp\/v2\/types\/product"}],"replies":[{"embeddable":true,"href":"https:\/\/havamall.com\/en\/wp-json\/wp\/v2\/comments?post=37620"}],"version-history":[{"count":0,"href":"https:\/\/havamall.com\/en\/wp-json\/wp\/v2\/product\/37620\/revisions"}],"wp:featuredmedia":[{"embeddable":true,"href":"https:\/\/havamall.com\/en\/wp-json\/wp\/v2\/media\/37621"}],"wp:attachment":[{"href":"https:\/\/havamall.com\/en\/wp-json\/wp\/v2\/media?parent=37620"}],"wp:term":[{"taxonomy":"product_brand","embeddable":true,"href":"https:\/\/havamall.com\/en\/wp-json\/wp\/v2\/product_brand?post=37620"},{"taxonomy":"product_cat","embeddable":true,"href":"https:\/\/havamall.com\/en\/wp-json\/wp\/v2\/product_cat?post=37620"},{"taxonomy":"product_tag","embeddable":true,"href":"https:\/\/havamall.com\/en\/wp-json\/wp\/v2\/product_tag?post=37620"}],"curies":[{"name":"wp","href":"https:\/\/api.w.org\/{rel}","templated":true}]}}