{"id":37653,"date":"2024-11-29T11:04:13","date_gmt":"2024-11-29T04:04:13","guid":{"rendered":"https:\/\/havamall.com\/?post_type=product&#038;p=37653"},"modified":"2025-06-02T14:01:22","modified_gmt":"2025-06-02T07:01:22","slug":"sa-te-thai-lan-maepranom-114g","status":"publish","type":"product","link":"https:\/\/havamall.com\/en\/shop\/sa-te-thai-lan-maepranom-114g\/","title":{"rendered":"Sa t\u1ebf Th\u00e1i Lan Maepranom 114g"},"content":{"rendered":"<h2 class=\"product-detail__specs-title\"><strong>TH\u00d4NG TIN CHUNG<\/strong><\/h2>\n<div id=\"js-product-detail__specs\" class=\"product-detail__specs\">\n<div class=\"row\">\n<div class=\"col-sm-12\">\n<div class=\"product-specs__table\">\n<table>\n<tbody>\n<tr>\n<td class=\"specs-table__property\">Th\u01b0\u01a1ng hi\u1ec7u<\/td>\n<td class=\"specs-table__value\">Maepranom<\/td>\n<\/tr>\n<tr>\n<td class=\"specs-table__property\">Xu\u1ea5t x\u1ee9<\/td>\n<td class=\"specs-table__value\">Th\u00e1i Lan<\/td>\n<\/tr>\n<tr>\n<td class=\"specs-table__property\">H\u1ea1n s\u1eed d\u1ee5ng<\/td>\n<td class=\"specs-table__value\">Xem tr\u00ean bao b\u00ec<\/td>\n<\/tr>\n<tr>\n<td class=\"specs-table__property\">H\u01b0\u1edbng d\u1eabn s\u1eed d\u1ee5ng<\/td>\n<td class=\"specs-table__value\">S\u1eed d\u1ee5ng tr\u1ef1c ti\u1ebfp ho\u1eb7c ch\u1ebf bi\u1ebfn m\u00f3n \u0103n<\/td>\n<\/tr>\n<tr>\n<td class=\"specs-table__property\">H\u01b0\u1edbng d\u1eabn b\u1ea3o qu\u1ea3n<\/td>\n<td class=\"specs-table__value\">N\u01a1i kh\u00f4 r\u00e1o, tho\u00e1ng m\u00e1t, tr\u00e1nh \u00e1nh n\u1eafng tr\u1ef1c ti\u1ebfp<\/td>\n<\/tr>\n<tr>\n<td class=\"specs-table__property\">Th\u00e0nh ph\u1ea7n nguy\u00ean li\u1ec7u<\/td>\n<td class=\"specs-table__value\">\n<div id=\"ingredients\" class=\"data item content resp-tab-content d-block\" role=\"tabpanel\" data-role=\"content\" aria-labelledby=\"tab-label-ingredients\" aria-hidden=\"true\">\n<div class=\"product attribute ingredients\">\n<div class=\"value\">Xem tr\u00ean bao b\u00ec<\/div>\n<\/div>\n<\/div>\n<\/td>\n<\/tr>\n<tr>\n<td class=\"specs-table__property\">Kh\u1ed1i l\u01b0\u1ee3ng<\/td>\n<td class=\"specs-table__value\">114g<\/td>\n<\/tr>\n<\/tbody>\n<\/table>\n<p style=\"font-weight: 400;\"><b><strong>Sa t\u1ebf Th\u00e1i Lan Maepranom \u2013 Th\u1ee9 gia v\u1ecb khi\u1ebfn m\u1ecdi m\u00f3n \u0103n b\u00f9ng n\u1ed5<\/strong><\/b><\/p>\n<p style=\"font-weight: 400;\">Maepranom \u2013 th\u01b0\u01a1ng hi\u1ec7u s\u1ed1t \u1edbt huy\u1ec1n tho\u1ea1i t\u1eeb Th\u00e1i Lan, chinh ph\u1ee5c gi\u1edbi \u1ea9m th\u1ef1c v\u1edbi v\u1ecb m\u1eb7n ng\u1ecdt chua cay \u0111\u1eadm \u0111\u00e0, \u0111\u1ee7 s\u1ee9c l\u00e0m b\u00f9ng n\u1ed5 m\u1ecdi gi\u00e1c quan. \u0110\u01b0\u1ee3c l\u00e0m t\u1eeb d\u1ea7u \u0111\u1eadu n\u00e0nh tinh luy\u1ec7n, t\u00f4m kh\u00f4, h\u00e0nh t\u00e2y, t\u1ecfi, \u1edbt kh\u00f4, me, \u0111\u01b0\u1eddng, mu\u1ed1i v\u00e0 s\u1ed1t t\u00f4m, t\u1ea1o n\u00ean s\u1ed1t c\u00f3 \u0111\u1ed9 s\u1ec1n s\u1ec7t, th\u1ea5m v\u1ecb c\u1ef1c \u0111\u00e3!<\/p>\n<p><img fetchpriority=\"high\" decoding=\"async\" class=\"aligncenter\" src=\"https:\/\/havamall.com\/wp-content\/uploads\/2024\/11\/Thai-chili-paste-Maepranom.jpg\" alt=\"Sa t\u1ebf Th\u00e1i Lan Maepranom 228g - T\u00e8obokki Store\" width=\"410\" height=\"513\" \/><\/p>\n<p style=\"font-weight: 400;\"><b><strong>Sa t\u1ebf \u1edbt cay Th\u00e1i Lan Maepranom\u00a0<\/strong><\/b>nh\u01b0 m\u1ed9t gia v\u1ecb \u0111a n\u0103ng, \u0111\u01b0\u1ee3c s\u1eed d\u1ee5ng c\u1ef1c k\u00ec linh ho\u1ea1t trong n\u1ea5u \u0103n, nh\u01b0 th\u00eam v\u00e0o s\u00fap tomyum \u0111\u1ec3 c\u00f3 \u0111\u1ed9 cay chua v\u1eeba \u00fd. Ph\u1ebft l\u00ean b\u00e1nh m\u00ec, b\u00e1nh n\u01b0\u1edbng, sandwich hay d\u00f9ng \u0111\u1ec3 x\u00e0o, tr\u1ed9n c\u01a1m, salad. L\u00e0m n\u01b0\u1edbc ch\u1ea5m cho rau, b\u00e1nh g\u1ea1o gi\u00f2n hay b\u1ea5t c\u1ee9 m\u00f3n n\u00e0o m\u00e0 b\u1ea1n mu\u1ed1n n\u00e2ng t\u1ea7m h\u01b0\u01a1ng v\u1ecb.<\/p>\n<p style=\"font-weight: 400;\">\u0110\u1eb7c bi\u1ec7t, s\u1ea3n ph\u1ea9m kh\u00f4ng ch\u1ee9a ch\u1ea5t b\u1ea3o qu\u1ea3n, kh\u00f4ng ch\u1ea5t t\u1ea1o m\u00e0u, kh\u00f4ng MSG n\u00ean b\u1ea1n ho\u00e0n to\u00e0n c\u00f3 th\u1ec3 y\u00ean t\u00e2m khi mua d\u00f9ng.<\/p>\n<p style=\"font-weight: 400;\"><b><strong>Th\u00e0nh ph\u1ea7n<\/strong><\/b><b><strong>:\u00a0<\/strong><\/b>D\u1ea7u \u0111\u1eadu n\u00e0nh tinh luy\u1ec7n, t\u00f4m kh\u00f4, h\u00e0nh t\u00e2y, t\u1ecfi, \u1edbt kh\u00f4, me, \u0111\u01b0\u1eddng, mu\u1ed1i, s\u1ed1t t\u00f4m<\/p>\n<p style=\"font-weight: 400;\"><b><strong>Kh\u1ed1i l\u01b0\u1ee3ng t\u1ecbnh:<\/strong><\/b> 114g\/h\u0169<\/p>\n<p><img decoding=\"async\" class=\"aligncenter\" src=\"https:\/\/havamall.com\/wp-content\/uploads\/2024\/11\/chan-ga-sot-cay.jpg\" alt=\"Sa t\u1ebf Th\u00e1i Lan Maepranom 228g - T\u00e8obokki Store\" width=\"592\" height=\"740\" \/><\/p>\n<p style=\"font-weight: 400;\"><b><strong>B\u1ea3o qu\u1ea3n:<\/strong><\/b>\u00a0N\u01a1i kh\u00f4 r\u00e1o tho\u00e1ng m\u00e1t v\u00e0 tr\u00e1nh \u00e1nh n\u1eafng m\u1eb7t tr\u1eddi. B\u1ea3o qu\u1ea3n l\u1ea1nh sau khi m\u1edf n\u1eafp v\u00e0 s\u1eed d\u1ee5ng trong v\u00f2ng 60 ng\u00e0y<\/p>\n<p style=\"font-weight: 400;\"><b><strong>H\u01b0\u1edbng d\u1eabn s\u1eed d\u1ee5ng<\/strong><\/b>: Th\u00eam v\u00e0o s\u00fap tomyum, ph\u1ebft l\u00ean b\u00e1nh m\u00ec, b\u00e1nh n\u01b0\u1edbng ho\u1eb7c sandwich. D\u00f9ng \u0111\u1ec3 x\u00e0o, tr\u1ed9n v\u1edbi c\u01a1m, salad, l\u00e0m n\u01b0\u1edbc ch\u1ea5m cho c\u00e1c lo\u1ea1i rau, b\u00e1nh g\u1ea1o gi\u00f2n ho\u1eb7c c\u00e1c m\u00f3n \u0103n t\u00f9y th\u00edch.<\/p>\n<\/div>\n<\/div>\n<\/div>\n<\/div>","protected":false},"excerpt":{"rendered":"<p>TH\u00d4NG TIN CHUNG Th\u01b0\u01a1ng hi\u1ec7u Maepranom Xu\u1ea5t x\u1ee9 Th\u00e1i Lan H\u1ea1n s\u1eed d\u1ee5ng Xem tr\u00ean bao b\u00ec H\u01b0\u1edbng d\u1eabn s\u1eed<\/p>","protected":false},"featured_media":37654,"comment_status":"open","ping_status":"closed","template":"","meta":[],"product_brand":[],"product_cat":[154,730,595,36,134],"product_tag":[],"class_list":{"0":"post-37653","1":"product","2":"type-product","3":"status-publish","4":"has-post-thumbnail","6":"product_cat-gia-vi","7":"product_cat-cac-nuoc-khac","8":"product_cat-gia-vi-va-che-bien","9":"product_cat-thuc-pham-tieu-dung","10":"product_cat-thucpham-saykho","12":"first","13":"instock","14":"sale","15":"shipping-taxable","16":"purchasable","17":"product-type-simple"},"_links":{"self":[{"href":"https:\/\/havamall.com\/en\/wp-json\/wp\/v2\/product\/37653","targetHints":{"allow":["GET"]}}],"collection":[{"href":"https:\/\/havamall.com\/en\/wp-json\/wp\/v2\/product"}],"about":[{"href":"https:\/\/havamall.com\/en\/wp-json\/wp\/v2\/types\/product"}],"replies":[{"embeddable":true,"href":"https:\/\/havamall.com\/en\/wp-json\/wp\/v2\/comments?post=37653"}],"version-history":[{"count":0,"href":"https:\/\/havamall.com\/en\/wp-json\/wp\/v2\/product\/37653\/revisions"}],"wp:featuredmedia":[{"embeddable":true,"href":"https:\/\/havamall.com\/en\/wp-json\/wp\/v2\/media\/37654"}],"wp:attachment":[{"href":"https:\/\/havamall.com\/en\/wp-json\/wp\/v2\/media?parent=37653"}],"wp:term":[{"taxonomy":"product_brand","embeddable":true,"href":"https:\/\/havamall.com\/en\/wp-json\/wp\/v2\/product_brand?post=37653"},{"taxonomy":"product_cat","embeddable":true,"href":"https:\/\/havamall.com\/en\/wp-json\/wp\/v2\/product_cat?post=37653"},{"taxonomy":"product_tag","embeddable":true,"href":"https:\/\/havamall.com\/en\/wp-json\/wp\/v2\/product_tag?post=37653"}],"curies":[{"name":"wp","href":"https:\/\/api.w.org\/{rel}","templated":true}]}}