{"id":37682,"date":"2024-12-05T14:11:55","date_gmt":"2024-12-05T07:11:55","guid":{"rendered":"https:\/\/havamall.com\/?post_type=product&#038;p=37682"},"modified":"2026-02-24T14:03:58","modified_gmt":"2026-02-24T07:03:58","slug":"dau-dua-nguyen-chat-vietcoco-250ml","status":"publish","type":"product","link":"https:\/\/havamall.com\/en\/shop\/dau-dua-nguyen-chat-vietcoco-250ml\/","title":{"rendered":"D\u1ea7u d\u1eeba nguy\u00ean ch\u1ea5t VIETCOCO &#8211; 250ml"},"content":{"rendered":"<h2 class=\"product-detail__specs-title\"><strong>TH\u00d4NG TIN CHUNG<\/strong><\/h2>\n<div id=\"js-product-detail__specs\" class=\"product-detail__specs\">\n<div class=\"row\">\n<div class=\"col-sm-12\">\n<div class=\"product-specs__table\">\n<table>\n<tbody>\n<tr>\n<td class=\"specs-table__property\">Th\u01b0\u01a1ng hi\u1ec7u<\/td>\n<td class=\"specs-table__value\">Vietcoco<\/td>\n<\/tr>\n<tr>\n<td class=\"specs-table__property\">Xu\u1ea5t x\u1ee9<\/td>\n<td class=\"specs-table__value\">Vi\u00eat Nam<\/td>\n<\/tr>\n<tr>\n<td class=\"specs-table__property\">H\u1ea1n s\u1eed d\u1ee5ng<\/td>\n<td class=\"specs-table__value\">Xem tr\u00ean bao b\u00ec<\/td>\n<\/tr>\n<tr>\n<td class=\"specs-table__property\">H\u01b0\u1edbng d\u1eabn s\u1eed d\u1ee5ng<\/td>\n<td class=\"specs-table__value\">S\u1eed d\u1ee5ng tr\u1ef1c ti\u1ebfp ho\u1eb7c ch\u1ebf bi\u1ebfn m\u00f3n \u0103n<\/td>\n<\/tr>\n<tr>\n<td class=\"specs-table__property\">H\u01b0\u1edbng d\u1eabn b\u1ea3o qu\u1ea3n<\/td>\n<td class=\"specs-table__value\">N\u01a1i kh\u00f4 r\u00e1o, tho\u00e1ng m\u00e1t, tr\u00e1nh \u00e1nh n\u1eafng tr\u1ef1c ti\u1ebfp<\/td>\n<\/tr>\n<tr>\n<td class=\"specs-table__property\">Th\u00e0nh ph\u1ea7n nguy\u00ean li\u1ec7u<\/td>\n<td class=\"specs-table__value\">\n<div id=\"ingredients\" class=\"data item content resp-tab-content d-block\" role=\"tabpanel\" data-role=\"content\" aria-labelledby=\"tab-label-ingredients\" aria-hidden=\"true\">\n<div class=\"product attribute ingredients\">\n<div class=\"value\">Xem tr\u00ean bao b\u00ec<\/div>\n<\/div>\n<\/div>\n<\/td>\n<\/tr>\n<tr>\n<td class=\"specs-table__property\">Kh\u1ed1i l\u01b0\u1ee3ng<\/td>\n<td class=\"specs-table__value\">250ml<\/td>\n<\/tr>\n<\/tbody>\n<\/table>\n<p>D\u1ea7u d\u1eeba tinh khi\u1ebft t\u1eeb l\u00e2u \u0111\u00e3 tr\u1edf th\u00e0nh m\u1ed9t s\u1ea3n ph\u1ea9m kh\u00f4ng th\u1ec3 thi\u1ebfu trong cu\u1ed9c s\u1ed1ng v\u00e0 \u0111\u01b0\u1ee3c tin d\u00f9ng b\u1edfi c\u00e1c ch\u1ecb em ph\u1ee5 n\u1eef do c\u00e1c t\u00ednh n\u0103ng tuy\u1ec7t v\u1eddi trong vi\u1ec7c l\u00e0m \u0111\u1eb9p, nu\u00f4i d\u01b0\u1ee1ng m\u1ed9t l\u00e0n da m\u1ecbn m\u00e0ng v\u00e0 c\u0103ng tr\u00e0n s\u1ee9c s\u1ed1ng. C\u00f3 th\u1ec3 n\u00f3i d\u1ea7u d\u1eeba tinh khi\u1ebft l\u00e0 m\u1ed9t s\u1ea3n ph\u1ea9m \u0111a c\u00f4ng d\u1ee5ng.<\/p>\n<h4 class=\"text-blue text-bold mb-1\">C\u00d4NG NGH\u1ec6 S\u1ea2N XU\u1ea4T<\/h4>\n<p>\u0110\u01b0\u1ee3c s\u1ea3n xu\u1ea5t t\u1eeb nh\u1eefng tr\u00e1i d\u1eeba gi\u00e0 c\u00f3 \u0111\u1ed9 tu\u1ed5i t\u1eeb 10-12 th\u00e1ng qua qu\u00e1 tr\u00ecnh ch\u1ecdn l\u1ecdc g\u1eaft gao \u0111\u1ea3m b\u1ea3o c\u00e1c quy \u0111\u1ecbnh ti\u00eau chu\u1ea9n nghi\u00eam ng\u1eb7t. \u1ee8ng d\u1ee5ng c\u00f4ng ngh\u1ec7 \u00e9p l\u1ea1nh hi\u1ec7n \u0111\u1ea1i, D\u1ea7u d\u1eeba tinh khi\u1ebft \u0111\u01b0\u1ee3c tr\u00edch ly tri\u1ec7t \u0111\u1ec3 m\u00e0 kh\u00f4ng c\u1ea7n s\u1eed d\u1ee5ng nhi\u1ec7t \u0111\u1ed9 cao, ch\u1ea5t ph\u1ee5 gia, kh\u1eed m\u00f9i, t\u1ea9y m\u00e0u hay b\u1ea5t k\u1ef3 ho\u00e1 ch\u1ea5t n\u00e0o kh\u00e1c. D\u1ea7u s\u1ebd \u0111\u00f4ng \u0111\u1eb7c \u1edf nhi\u1ec7t \u0111\u1ed9\u00a025\u00baC\u00a0tr\u1edf xu\u1ed1ng. Sau khi r\u00e3 \u0111\u00f4ng \u1edf nhi\u1ec7t \u0111\u1ed9 tr\u00ean 25\u00baC s\u1ea3n ph\u1ea9m s\u1ebd tr\u1edf l\u1ea1i tr\u1ea1ng th\u00e1i b\u00ecnh th\u01b0\u1eddng v\u00e0 ch\u1ea5t l\u01b0\u1ee3ng v\u1eabn \u0111\u1ea3m b\u1ea3o.Th\u00e0nh ph\u1ea7n ch\u00ednh Acid Lauric l\u00e0 m\u1ed9t acid b\u00e9o chu\u1ed7i trung b\u00ecnh gi\u00fap d\u1ec5 h\u1ea5p thu v\u00e0o c\u01a1 th\u1ec3, t\u1eeb \u0111\u00f3 chuy\u1ec3n h\u00f3a th\u00e0nh h\u1ee3p ch\u1ea5t monolaurin \u2013 m\u1ed9t lo\u1ea1i monoglyceride c\u00f3 \u0111\u1eb7c t\u00ednh kh\u00e1ng vi sinh, kh\u00e1ng virus v\u00e0 di\u1ec7t n\u1ea5m.<\/p>\n<p><img fetchpriority=\"high\" decoding=\"async\" class=\"aligncenter\" src=\"https:\/\/havamall.com\/wp-content\/uploads\/2024\/12\/dau-dua-100-nguyen-chat_250ml.jpg\" width=\"569\" height=\"2054\" \/><\/p>\n<h4 class=\"text-blue text-bold mb-1\">\u1ee8NG D\u1ee4NG S\u1ea2N PH\u1ea8M:<\/h4>\n<p>Trong th\u1ef1c ph\u1ea9m, \u0111\u01b0\u1ee3c d\u00f9ng tr\u1ef1c ti\u1ebfp ho\u1eb7c ch\u1ebf bi\u1ebfn th\u1ef1c ph\u1ea9m chi\u00ean, x\u00e0o, l\u00e0m b\u00e1nh, tr\u1ed9n salad,\u2026 gi\u00fap t\u0103ng c\u01b0\u1eddng h\u1ec7 mi\u1ec5n d\u1ecbch, t\u1ed1t cho x\u01b0\u01a1ng, gi\u00fap r\u0103ng ch\u1eafc kh\u1ecfe, kh\u00e1ng vi\u00eam v\u00e0 \u0111\u1eb7c bi\u1ec7t l\u00e0 gi\u00fap tim m\u1ea1ch lu\u00f4n kh\u1ecfe m\u1ea1nh.<\/p>\n<h4 class=\"text-blue text-bold mb-1\">Quy c\u00e1ch \u0111\u00f3ng g\u00f3i:<\/h4>\n<p><strong>D\u1ea6U D\u1eeaA TINH KHI\u1ebeT\u00a0<\/strong>\u0111\u00f3ng trong chai PET dung t\u00edch 250ml, 500ml, 1000ml ho\u1eb7c h\u1ee7 nh\u1ef1a, keo th\u1ee7y tinh v\u1edbi dung t\u00edch \u0111a d\u1ea1ng 250ml, 500ml, 1000ml.<\/p>\n<p>Trong m\u1ef9 ph\u1ea9m,\u00a0<strong>D\u1ea6U D\u1eeaA TINH KHI\u1ebeT\u00a0<\/strong>c\u00f2n \u0111\u01b0\u1ee3c xem l\u00e0 m\u1ed9t lo\u1ea1i d\u1ea7u t\u1ef1 nhi\u00ean \u201c\u0111a n\u0103ng\u201d v\u1edbi r\u1ea5t nhi\u1ec1u c\u00f4ng d\u1ee5ng nh\u01b0 t\u1ea9y trang, d\u01b0\u1ee1ng \u1ea9m, tr\u1ebb h\u00f3a l\u00e0n da. \u0110\u1ed3ng th\u1eddi d\u1ea7u d\u1eeba c\u0169ng c\u00f3 th\u1ec3 s\u1eed d\u1ee5ng \u0111\u1ec3 massage ho\u1eb7c nguy\u00ean li\u1ec7u \u0111\u1ec3 t\u1ef1 l\u00e0m kem d\u01b0\u1ee1ng da, m\u1eb7t n\u1ea1, son d\u01b0\u1ee1ng m\u00f4i\u2026<strong><br \/>\n<\/strong><\/p>\n<div><\/div>\n<\/div>\n<\/div>\n<\/div>\n<\/div>","protected":false},"excerpt":{"rendered":"<p>TH\u00d4NG TIN CHUNG Th\u01b0\u01a1ng hi\u1ec7u Vietcoco Xu\u1ea5t x\u1ee9 Vi\u00eat Nam H\u1ea1n s\u1eed d\u1ee5ng Xem tr\u00ean bao b\u00ec H\u01b0\u1edbng d\u1eabn s\u1eed<\/p>","protected":false},"featured_media":37683,"comment_status":"open","ping_status":"closed","template":"","meta":[],"product_brand":[],"product_cat":[36,154,595],"product_tag":[],"class_list":{"0":"post-37682","1":"product","2":"type-product","3":"status-publish","4":"has-post-thumbnail","6":"product_cat-thuc-pham-tieu-dung","7":"product_cat-gia-vi","8":"product_cat-gia-vi-va-che-bien","9":"pa_brand-vietcoco","11":"first","12":"instock","13":"sale","14":"shipping-taxable","15":"purchasable","16":"product-type-simple"},"_links":{"self":[{"href":"https:\/\/havamall.com\/en\/wp-json\/wp\/v2\/product\/37682","targetHints":{"allow":["GET"]}}],"collection":[{"href":"https:\/\/havamall.com\/en\/wp-json\/wp\/v2\/product"}],"about":[{"href":"https:\/\/havamall.com\/en\/wp-json\/wp\/v2\/types\/product"}],"replies":[{"embeddable":true,"href":"https:\/\/havamall.com\/en\/wp-json\/wp\/v2\/comments?post=37682"}],"version-history":[{"count":0,"href":"https:\/\/havamall.com\/en\/wp-json\/wp\/v2\/product\/37682\/revisions"}],"wp:featuredmedia":[{"embeddable":true,"href":"https:\/\/havamall.com\/en\/wp-json\/wp\/v2\/media\/37683"}],"wp:attachment":[{"href":"https:\/\/havamall.com\/en\/wp-json\/wp\/v2\/media?parent=37682"}],"wp:term":[{"taxonomy":"product_brand","embeddable":true,"href":"https:\/\/havamall.com\/en\/wp-json\/wp\/v2\/product_brand?post=37682"},{"taxonomy":"product_cat","embeddable":true,"href":"https:\/\/havamall.com\/en\/wp-json\/wp\/v2\/product_cat?post=37682"},{"taxonomy":"product_tag","embeddable":true,"href":"https:\/\/havamall.com\/en\/wp-json\/wp\/v2\/product_tag?post=37682"}],"curies":[{"name":"wp","href":"https:\/\/api.w.org\/{rel}","templated":true}]}}