{"id":37689,"date":"2024-12-05T15:58:51","date_gmt":"2024-12-05T08:58:51","guid":{"rendered":"https:\/\/havamall.com\/?post_type=product&#038;p=37689"},"modified":"2025-11-06T11:03:40","modified_gmt":"2025-11-06T04:03:40","slug":"hat-de-dong-lanh-tach-vo-1kg-metro-chef-sweet-cheastnuts","status":"publish","type":"product","link":"https:\/\/havamall.com\/en\/shop\/hat-de-dong-lanh-tach-vo-1kg-metro-chef-sweet-cheastnuts\/","title":{"rendered":"H\u1ea1t D\u1ebb \u0110\u00f4ng L\u1ea1nh T\u00e1ch V\u1ecf (1Kg) &#8211; Metro Chef &#8211; Sweet Cheastnuts"},"content":{"rendered":"<h2 class=\"product-detail__specs-title\"><strong>TH\u00d4NG TIN CHUNG<\/strong><\/h2>\n<div id=\"js-product-detail__specs\" class=\"product-detail__specs\">\n<div class=\"row\">\n<div class=\"col-sm-12\">\n<div class=\"product-specs__table\">\n<table>\n<tbody>\n<tr>\n<td class=\"specs-table__property\">Th\u01b0\u01a1ng hi\u1ec7u<\/td>\n<td>Metro Chef<\/td>\n<\/tr>\n<tr>\n<td class=\"specs-table__property\">Xu\u1ea5t x\u1ee9<\/td>\n<td class=\"specs-table__value\">H\u00e0 Lan<\/td>\n<\/tr>\n<tr>\n<td class=\"specs-table__property\">H\u1ea1n s\u1eed d\u1ee5ng<\/td>\n<td class=\"specs-table__value\">Xem tr\u00ean bao b\u00ec s\u1ea3n ph\u1ea9m<\/td>\n<\/tr>\n<tr>\n<td class=\"specs-table__property\">H\u01b0\u1edbng d\u1eabn s\u1eed d\u1ee5ng<\/td>\n<td class=\"specs-table__value\">D\u00f9ng tr\u1ef1c ti\u1ebfp ho\u1eb7c ch\u1ebf bi\u1ebfn m\u00f3n \u0103n<\/td>\n<\/tr>\n<tr>\n<td class=\"specs-table__property\">H\u01b0\u1edbng d\u1eabn b\u1ea3o qu\u1ea3n<\/td>\n<td class=\"w-full border-2 border-DEFAULT px-4 py-2\">\n<div class=\"text-justify\">B\u1ea3o qu\u1ea3n \u0111\u00f4ng l\u1ea1nh trong t\u1ee7 l\u1ea1nh<\/div>\n<\/td>\n<\/tr>\n<tr>\n<td class=\"specs-table__property\">Th\u00e0nh ph\u1ea7n nguy\u00ean li\u1ec7u<\/td>\n<td class=\"specs-table__value\">100% \u0110\u1eadu t\u1ea7m<\/td>\n<\/tr>\n<tr>\n<td class=\"specs-table__property\">Kh\u1ed1i l\u01b0\u1ee3ng<\/td>\n<td class=\"specs-table__value\">1kg<\/td>\n<\/tr>\n<\/tbody>\n<\/table>\n<h4><b>Ngu\u1ed3n g\u1ed1c c\u1ee7a h\u1ea1t d\u1ebb<\/b><\/h4>\n<div class=\"paragraph\">H\u1ea1t d\u1ebb l\u00e0 m\u1ed9t lo\u1ea1i h\u1ea1t c\u1ee7a c\u00e2y h\u1ea1t d\u1ebb, \u0111\u00e2y l\u00e0\u00a0<b>lo\u00e0i th\u1ef1c v\u1eadt thu\u1ed9c lo\u1ea1i th\u00e2n g\u1ed7, c\u00f3 tu\u1ed5i th\u1ecd s\u1ed1ng l\u00e2u n\u0103m<\/b>\u00a0v\u00e0 c\u00f3 ngu\u1ed3n g\u1ed1c t\u1eeb nh\u1eefng n\u01b0\u1edbc \u1edf khu v\u1ef1c ch\u00e2u \u00c2u, b\u00e1n \u0111\u1ea3o ch\u00e2u \u00c1 (nay l\u00e0 l\u00e3nh th\u1ed5 c\u1ee7a \u0111\u1ea5t n\u01b0\u1edbc Th\u1ed5 Nh\u0129 K\u1ef3). Ng\u00e0y nay, h\u1ea1t d\u1ebb \u0111\u01b0\u1ee3c y\u00eau th\u00edch s\u1eed d\u1ee5ng r\u1ed9ng r\u00e3i kh\u1eafp th\u1ebf gi\u1edbi, v\u00ec v\u1eady n\u00ean ng\u01b0\u1eddi ta tr\u1ed3ng c\u00e2y h\u1ea1t d\u1ebb tr\u00ean r\u1ea5t nhi\u1ec1u n\u01a1i \u1edf khu v\u1ef1c ch\u00e2u \u00c1 v\u00e0 \u0111\u1eb7c bi\u1ec7t l\u00e0 l\u00e3nh th\u1ed5 ch\u00e2u \u00c2u.<\/div>\n<div class=\"paragraph\"><b>H\u1ea1t d\u1ebb \u0111\u01b0\u1ee3c bao b\u1ecdc b\u1edfi l\u1edbp v\u1ecf c\u1ee7a qu\u1ea3 \u0111\u1ea7y gai \u1edf b\u00ean ngo\u00e0i.<\/b>\u00a0V\u00e0o kho\u1ea3ng th\u00e1ng 8 -10 m\u1ed7i n\u0103m, qu\u1ea3 ch\u1ee9a h\u1ea1t d\u1ebb s\u1ebd v\u00e0o m\u00f9a ch\u00edn, khi \u1ea5y, qu\u1ea3 s\u1ebd chuy\u1ec3n sang m\u00e0u n\u00e2u \u0111en v\u00e0 t\u1ef1 r\u1ee5ng xu\u1ed1ng \u0111\u1ea5t.\u00a0<b>M\u1ed7i qu\u1ea3 h\u1ea1t d\u1ebb th\u01b0\u1eddng ch\u1ee9 1-2 h\u1ea1t, c\u00f3 qu\u1ea3 c\u00f2n ch\u1ee9a \u0111\u1ebfn t\u1eadn 4 h\u1ea1t d\u1ebb b\u00ean trong.<\/b><\/div>\n<div class=\"paragraph\">Kh\u1ea3 n\u0103ng ch\u1ecbu r\u00e9t v\u00e0 ch\u1ecbu nhi\u1ec7t c\u1ee7a c\u00e2y h\u1ea1t d\u1ebb r\u1ea5t t\u1ed1t. C\u00e2y h\u1ea1t d\u1ebb c\u00f3 r\u1ea5t nhi\u1ec1u gi\u00e1 tr\u1ecb kinh t\u1ebf b\u1edfi kh\u00f4ng ch\u1ec9 mang l\u1ea1i\u00a0<b>s\u1ea3n l\u01b0\u1ee3ng h\u1ea1t d\u1ebb \u0111\u1ec1u \u0111\u1eb7n k\u00e9o d\u00e0i trong su\u1ed1t 60 n\u0103m, c\u00e2y c\u00f2n \u0111\u01b0\u1ee3c tr\u1ed3ng nh\u1eb1m m\u1ee5c \u0111\u00edch l\u1ea5y g\u1ed7<\/b>\u00a0nh\u1edd ch\u1ea5t l\u01b0\u1ee3ng c\u1ee7a g\u1ed7 c\u00e2y h\u1ea1t d\u1ebb r\u1ea5t t\u1ed1t, kh\u00e1 ch\u1eafc ch\u1eafn v\u00e0 b\u1ec1n c\u1ee9ng.<\/div>\n<div><\/div>\n<div><img decoding=\"async\" class=\"aligncenter\" src=\"https:\/\/havamall.com\/wp-content\/uploads\/2024\/12\/iStock-625453526.jpg\" alt=\"Differences Between Horse Chestnut And Sweet Chestnut\" \/><\/div>\n<\/div>\n<div class=\"paragraph\">\n<p dir=\"auto\">H\u1ea1t d\u1ebb \u0111\u00f4ng l\u1ea1nh l\u00e0 d\u00f2ng s\u1ea3n ph\u1ea9m tr\u00e1i c\u00e2y \u0111\u00f4ng l\u1ea1nh v\u1edbi d\u00e2y chuy\u1ec1n c\u1ea5p \u0111\u00f4ng si\u00eau t\u1ed1c (IQF) 100% l\u00e0m t\u1eeb tr\u00e1i c\u00e2y t\u1ef1 nhi\u00ean v\u00e0 \u0111\u01b0\u1ee3c l\u1ef1a ch\u1ecdn k\u1ef9 l\u01b0\u1ee1ng, \u0111\u01b0\u1ee3c \u0111\u00f3ng g\u00f3i ti\u1ec7n l\u1ee3i \u0111\u1ec3 ph\u1ee5c v\u1ee5 m\u1ecdi nhu c\u1ea7u s\u1eed d\u1ee5ng su\u1ed1t c\u1ea3 n\u0103m.<\/p>\n<div class=\"kvgmc6g5 cxmmr5t8 oygrvhab hcukyx3x c1et5uql ii04i59q\">\n<p dir=\"auto\">Tr\u00e1i c\u00e2y \u0111\u01b0\u1ee3c ch\u1ecdn t\u1eeb nh\u1eefng ngu\u1ed3n v\u00e0 gi\u1ed1ng t\u1ed1t nh\u1ea5t \u0111\u1ea3m b\u1ea3o kh\u00f4ng \u0111\u01b0\u1eddng, kh\u00f4ng ch\u1ea5t t\u1ea1o m\u00f9i, kh\u00f4ng ch\u1ea5t t\u1ea1o m\u00e0u, kh\u00f4ng ch\u1ea5t b\u1ea3o qu\u1ea3n n\u00ean r\u1ea5t an to\u00e0n cho ng\u01b0\u1eddi s\u1eed d\u1ee5ng. S\u1ea3n ph\u1ea9m \u0111\u01b0\u1ee3c l\u00e0m l\u1ea1nh ngay sau khi thu ho\u1ea1ch n\u00ean gi\u1eef \u0111\u01b0\u1ee3c tr\u1ecdn v\u1eb9n h\u01b0\u01a1ng v\u1ecb, \u0111\u1ed9 t\u01b0\u01a1i ngon c\u00f9ng c\u00e1c vitamin, kho\u00e1ng ch\u1ea5t.<\/p>\n<\/div>\n<\/div>\n<div class=\"product-specs__table\">\n<h3>T\u00e1c d\u1ee5ng c\u1ee7a h\u1ea1t d\u1ebb \u0111\u1ed1i v\u1edbi s\u1ee9c kh\u1ecfe<\/h3>\n<div class=\"paragraph\">H\u1ea1t d\u1ebb c\u00f3 r\u1ea5t nhi\u1ec1u c\u00f4ng d\u1ee5ng \u0111\u1ed1i v\u1edbi s\u1ee9c kh\u1ecfe con ng\u01b0\u1eddi b\u1edfi ch\u1ee9a r\u1ea5t nhi\u1ec1u ch\u1ea5t dinh d\u01b0\u1ee1ng kh\u00e1c nhau nh\u01b0\u00a0ch\u1ea5t b\u00e9o,\u00a0ch\u1ea5t \u0111\u1ea1m, c\u00e1c\u00a0vitamin B1,\u00a0vitamin B2,\u00a0vitamin C\u00a0c\u00f9ng m\u1ed9t s\u1ed1 lo\u1ea1i\u00a0kho\u00e1ng ch\u1ea5t\u00a0kh\u00e1c. D\u01b0\u1edbi \u0111\u00e2y l\u00e0 m\u1ed9t s\u1ed1 t\u00e1c d\u1ee5ng c\u1ee7a h\u1ea1t d\u1ebb m\u00e0 b\u1ea1n n\u00ean bi\u1ebft.<\/div>\n<h4><b>C\u00f3 \u0111\u1eb7c t\u00ednh ch\u1ed1ng vi\u00eam m\u1ea1nh<\/b><\/h4>\n<div class=\"paragraph\">Chi\u1ebft xu\u1ea5t t\u1eeb aescin \u1edf trong h\u1ea1t d\u1ebb ng\u1ef1a c\u00f3 kh\u1ea3 n\u0103ng ch\u1ed1ng vi\u00eam m\u1ea1nh. Do \u0111\u00f3, t\u00ecnh tr\u1ea1ng vi\u00eam c\u1ee7a c\u00e1c b\u1ec7nh nh\u01b0<b>\u00a0suy t\u0129nh m\u1ea1ch m\u00e3n t\u00ednh, v\u1ebft th\u01b0\u01a1ng sau khi b\u1ecb ch\u1ea5n th\u01b0\u01a1ng hay sau khi ph\u1eabu thu\u1eadt s\u1ebd \u0111\u01b0\u1ee3c c\u1ea3i thi\u1ec7n r\u1ea5t hi\u1ec7u qu\u1ea3.<\/b><\/div>\n<div class=\"paragraph\">Theo k\u1ebft qu\u1ea3 c\u1ee7a 17 cu\u1ed9c nghi\u00ean c\u1ee9u, h\u1ee3p ch\u1ea5t chi\u1ebft xu\u1ea5t aescin c\u1ee7a h\u1ea1t d\u1ebb ng\u1ef1a kh\u00f4ng ch\u1ec9 c\u00f3 t\u00e1c d\u1ee5ng gi\u1ea3m t\u00ecnh tr\u1ea1ng s\u01b0ng v\u00e0 vi\u00eam \u1edf ch\u00e2n v\u00e0 b\u00e0n ch\u00e2n m\u00e0 khi s\u1eed d\u1ee5ng thu\u1ed1c b\u00f4i c\u00f3 ch\u1ee9a h\u1ee3p ch\u1ea5t n\u00e0y th\u00ec nh\u1eefng v\u1ebft s\u01b0ng t\u1ea5y, vi\u00eam sau khi b\u1ecb ch\u1ea5n th\u01b0\u01a1ng do ph\u1eabu thu\u1eadt hay ho\u1ea1t \u0111\u1ed9ng th\u1ec3 thao th\u00ec \u0111\u1ec1u r\u1ea5t hi\u1ec7u qu\u1ea3.<\/div>\n<h4><b>Cung c\u1ea5p n\u0103ng l\u01b0\u1ee3ng cho c\u01a1 th\u1ec3<\/b><\/h4>\n<div class=\"paragraph\">H\u00e0m l\u01b0\u1ee3ng vitamin C trong h\u1ea1t d\u1ebb v\u01b0\u1ee3t tr\u1ed9i h\u01a1n h\u1eb3n so v\u1edbi c\u00e1c lo\u1ea1i h\u1ea1t kh\u00e1c. Th\u00eam v\u00e0o \u0111\u00f3 l\u00e0 l\u01b0\u1ee3ng tinh b\u1ed9t d\u1ed3i d\u00e0o khi\u1ebfn h\u1ea1t d\u1ebb tr\u1edf th\u00e0nh m\u1ed9t lo\u1ea1i ng\u0169 c\u1ed1c cung c\u1ea5p n\u0103ng l\u01b0\u1ee3ng d\u1ed3i d\u00e0o cho c\u01a1 th\u1ec3. Ch\u00ednh v\u00ec th\u1ebf m\u00e0 h\u1ea1t d\u1ebb \u0111\u01b0\u1ee3c\u00a0<b>xu\u1ea5t hi\u1ec7n nhi\u1ec1u trong th\u1ef1c \u0111\u01a1n h\u1eb1ng ng\u00e0y c\u1ee7a nh\u1eefng ng\u01b0\u1eddi v\u1eadn \u0111\u1ed9ng c\u01a1 th\u1ec3 nhi\u1ec1u nh\u01b0 ng\u01b0\u1eddi t\u1eadp th\u1ec3 h\u00ecnh, v\u1eadn \u0111\u1ed9ng vi\u00ean,&#8230;<\/b><\/div>\n<h4><b>Kh\u1ea3 n\u0103ng ch\u1ed1ng oxy h\u00f3a<\/b><\/h4>\n<div class=\"paragraph\">H\u00e0m l\u01b0\u1ee3ng c\u1ee7a\u00a0ch\u1ea5t ch\u1ed1ng oxy h\u00f3a\u00a0c\u00f3 trong h\u1ea1t d\u1ebb r\u1ea5t cao, v\u00ec v\u1eady h\u1ea1t d\u1ebb c\u00f3 th\u1ec3 ng\u0103n ng\u1eeba s\u1ef1 t\u1ed5n th\u01b0\u01a1ng c\u1ee7a t\u1ebf b\u00e0o c\u01a1 th\u1ec3 b\u1edfi\u00a0g\u1ed1c t\u1ef1 do, t\u1eeb \u0111\u00f3 c\u1ea3n tr\u1edf di\u1ec5n bi\u1ebfn x\u1ea5u \u0111i c\u1ee7a t\u00ecnh tr\u1ea1ng vi\u00eam.<\/div>\n<div class=\"paragraph\">Th\u1ef1c t\u1ebf cho th\u1ea5y trong h\u1ea1t d\u1ebb c\u00f3 nhi\u1ec1u h\u1ee3p ch\u1ea5t flavonoid bao g\u1ed3m kaempferol v\u00e0 quercetin, \u0111\u1eb7c bi\u1ec7t l\u00e0 trong h\u1ea1t d\u1ebb ng\u1ef1a. \u0110\u00e2y l\u00e0\u00a0<b>nh\u1eefng ch\u1ea5t c\u00f3 \u0111\u1eb7c t\u00ednh ch\u1ed1ng oxy h\u00f3a m\u1ea1nh.<\/b><\/div>\n<div class=\"paragraph\">B\u00ean c\u1ea1nh \u0111\u00f3, kh\u1ea3 n\u0103ng ch\u1ed1ng oxy h\u00f3a c\u1ee7a aescin trong h\u1ea1t d\u1ebb \u0111\u00e3 \u0111\u01b0\u1ee3c ch\u1ee9ng minh trong ph\u00f2ng th\u00ed nghi\u1ec7m.<\/div>\n<h4><b>Ph\u00f2ng ch\u1ed1ng ung th\u01b0<\/b><\/h4>\n<div class=\"paragraph\">H\u1ea1t d\u1ebb c\u00f3 kh\u1ea3 n\u0103ng ch\u1ed1ng vi\u00eam v\u00e0 ch\u1ed1ng oxy h\u00f3a, ngo\u00e0i ra c\u00f2n c\u00f3 ch\u1ea5t aescin n\u00ean vi\u1ec7c s\u1eed d\u1ee5ng h\u1ea1t d\u1ebb th\u01b0\u1eddng xuy\u00ean c\u00f3 th\u1ec3 ph\u00f2ng ng\u1eeba b\u1ec7nh ung th\u01b0.<\/div>\n<div class=\"paragraph\">Th\u1ef1c t\u1ebf cho th\u1ea5y, trong nhi\u1ec1u cu\u1ed9c nghi\u00ean c\u1ee9u \u0111\u00e3 t\u00ecm th\u1ea5y r\u1eb1ng h\u1ee3p ch\u1ea5t aescin c\u00f3 trong h\u1ea1t d\u1ebb c\u00f3 th\u1ec3<b> l\u00e0m gi\u1ea3m \u0111i s\u1ef1 ph\u00e1t tri\u1ec3n trong t\u1ebf b\u00e0o kh\u1ed1i u m\u1ed9t c\u00e1ch \u0111\u00e1ng k\u1ec3, \u0111\u1eb7c bi\u1ec7t l\u00e0 t\u1ebf b\u00e0o ung th\u01b0 trong gan, \u0111au t\u1ee7y v\u00e0 b\u1ea1ch c\u1ea7u<\/b>. Kh\u00f4ng ch\u1ec9 nh\u01b0 v\u1eady, aescin c\u00f2n c\u00f3 kh\u1ea3 n\u0103ng ti\u00eau di\u1ec7t t\u1ebf b\u00e0o c\u1ee7a ung th\u01b0 ph\u1ed5i v\u00e0 ung th\u01b0 tuy\u1ebfn t\u1ee5y. \u0110\u1ebfn \u0111\u00e2y c\u00f3 l\u1ebd b\u1ea1n \u0111\u00e3 b\u1ea5t ng\u1edd v\u1ec1 c\u00f4ng d\u1ee5ng c\u1ee7a lo\u1ea1i h\u1ea1t th\u01a1m ngon n\u00e0y r\u1ed3i \u0111\u00fang kh\u00f4ng n\u00e0o?<\/div>\n<h4><b>Gi\u1ea3m c\u00e1c tri\u1ec7u ch\u1ee9ng gi\u00e3n t\u0129nh m\u1ea1ch<\/b><\/h4>\n<div class=\"paragraph\">Chi\u1ebft xu\u1ea5t h\u1ee3p ch\u1ea5t aescin trong h\u1ea1t d\u1ebb, \u0111\u1eb7c bi\u1ec7t l\u00e0 trong h\u1ea1t d\u1ebb ng\u1ef1a c\u00f3 t\u00e1c \u0111\u1ed9ng t\u00edch c\u1ef1c khi\u00a0<b>gi\u1ea3m thi\u1ec3u c\u00e1c d\u1ea5u hi\u1ec7u c\u1ee7a b\u1ec7nh gi\u00e3n t\u0129nh m\u1ea1ch m\u1ed9t c\u00e1ch \u0111\u00e1ng k\u1ec3.<\/b>\u00a0V\u00ec v\u1eady, \u0111\u00e2y \u0111\u01b0\u1ee3c coi nh\u01b0 l\u00e0 m\u1ed9t li\u1ec7u ph\u00e1p ch\u1eefa tr\u1ecb ng\u1eafn h\u1ea1n v\u00e0 h\u1eefu hi\u1ec7u \u0111\u1ed1i v\u1edbi c\u00e1c tri\u1ec7u ch\u1ee9ng b\u1ec7nh gi\u00e3n t\u0129nh m\u1ea1ch.<\/div>\n<div class=\"paragraph\">T\u1eeb 5 cu\u1ed9c nghi\u00ean c\u1ee9u l\u00e2m s\u00e0ng cho th\u1ea5y, aescin c\u00f3 th\u1ec3 gia t\u0103ng l\u01b0u l\u01b0\u1ee3ng m\u00e1u \u1edf trong t\u0129nh m\u1ea1ch. Ngo\u00e0i ra, t\u1eeb 19 cu\u1ed9c nghi\u00ean c\u1ee9u, trong \u0111\u00f3 c\u00f3 9 nghi\u00ean c\u1ee9u \u0111\u00e3 cho ra k\u1ebft qu\u1ea3 ph\u00e2n t\u00edch r\u1eb1ng:\u00a0<b>vi\u1ec7c s\u1eed d\u1ee5ng 50mg aescin trong m\u1ed7i 600mg chi\u1ebft xu\u1ea5t h\u1ea1t d\u1ebb ng\u1ef1a \u0111\u1ec1u \u0111\u1eb7n s\u1ebd h\u1ed7 tr\u1ee3 l\u00e0m thuy\u00ean gi\u1ea3m c\u00e1c tri\u1ec7u ch\u1ee9ng c\u1ee7a suy t\u0129nh m\u1ea1ch nh\u01b0 s\u01b0ng, \u0111au v\u00e0 ng\u1ee9a ch\u00e2n.<\/b><\/div>\n<h4><b>H\u1ed7 tr\u1ee3 l\u00e0m gi\u1ea3m c\u00e1c tri\u1ec7u ch\u1ee9ng b\u1ec7nh tr\u0129<\/b><\/h4>\n<div class=\"paragraph\">\u0110\u00e2y l\u00e0 m\u1ed9t t\u00e1c d\u1ee5ng tuy ch\u01b0a \u0111\u01b0\u1ee3c ch\u1ee9ng minh k\u1ef9 c\u00e0ng nh\u01b0ng chi\u1ebft xu\u1ea5t t\u1eeb h\u1ea1t d\u1ebb v\u1eabn c\u00f3 t\u00e1c d\u1ee5ng r\u00f5 r\u00e0ng v\u00e0 hi\u1ec7u qu\u1ea3 \u0111\u1ec3 l\u00e0m gi\u1ea3m thi\u1ec3u tri\u1ec7u ch\u1ee9ng c\u1ee7a b\u1ec7nh tr\u0129. B\u1edfi v\u00ec tr\u01b0\u1edbc \u0111\u1ea5y, \u0111\u00e3\u00a0<b>c\u00f3 nhi\u1ec1u b\u1eb1ng ch\u1ee9ng cho th\u1ea5y t\u1eeb vi\u1ec7c c\u00e1c b\u1ec7nh nh\u00e2n b\u1ecb tr\u0129 \u0111\u00e3 \u0111\u01b0\u1ee3c s\u1eed d\u1ee5ng \u0111\u1eb7c t\u00ednh ch\u1ed1ng vi\u00eam t\u1eeb chi\u1ebft xu\u1ea5t h\u1ea1t d\u1ebb ng\u1ef1a<\/b>\u00a0theo b\u00e1c s\u0129 v\u00e0 \u0111\u00e3 c\u00f3 nhi\u1ec1u chuy\u1ec3n bi\u1ebfn t\u00edch c\u1ef1c trong k\u1ebft qu\u1ea3 ch\u1eefa b\u1ec7nh. H\u1ecd \u0111\u1ec1u nh\u1eadn th\u1ea5y s\u1ef1 thuy\u00ean gi\u1ea3m c\u1ee7a c\u00e1c vi\u00eam v\u00e0 s\u01b0ng t\u1ea5y c\u1ee7a c\u00e1c t\u0129nh m\u1ea1ch li\u00ean quan \u0111\u1ebfn b\u1ec7nh tr\u0129.<\/div>\n<div class=\"paragraph\"><span class=\"caption\">g\u1ef1a c\u00f3 ch\u1ee9a m\u1ed9t v\u00e0i ch\u1ea5t l\u00e0m ch\u1eadm qu\u00e1 tr\u00ecnh \u0111\u00f4ng m\u00e1u<\/span><\/div>\n<div class=\"paragraph\"><img fetchpriority=\"high\" decoding=\"async\" class=\"aligncenter\" src=\"https:\/\/havamall.com\/wp-content\/uploads\/2024\/12\/Sinocharm-Frozen-Fruits-Fresh-and-Sweet-Healthy-and-Insect-Free-Frozen-Chestnut.webp\" alt=\"Sinocharm Frozen Fruits Fresh and Sweet Healthy and Insect Free Frozen Chestnut - Frozen Chestnut, IQF Chestnut | Made-in-China.com\" width=\"745\" height=\"745\" \/><\/div>\n<h3>C\u00e1c m\u00f3n \u0103n t\u1eeb h\u1ea1t d\u1ebb<\/h3>\n<h3><b>Th\u1ecbt kho h\u1ea1t d\u1ebb v\u00e0 g\u00e0 kho h\u1ea1t d\u1ebb<\/b><\/h3>\n<div class=\"paragraph\">N\u1ebfu l\u00e0 m\u1ed9t t\u00edn \u0111\u1ed3 c\u1ee7a c\u00e1c m\u00f3n kho, \u0111\u1eb7c bi\u1ec7t l\u00e0 th\u1ecbt heo ho\u1eb7c g\u00e0 kho th\u00ec b\u1ea1n h\u00e3y th\u1eed cho v\u00e0i vi\u00ean h\u1ea1t d\u1ebb v\u00e0o \u0111\u1ec3 kho c\u00f9ng cho t\u0103ng th\u00eam h\u01b0\u01a1ng v\u1ecb nh\u00e9! Th\u1ecbt sau khi kho s\u1ebd r\u1ea5t dai, m\u1ec1m k\u1ebft h\u1ee3p c\u00f9ng v\u1edbi v\u1ecb b\u00f9i b\u00e9o v\u00e0 th\u01a1m ng\u1eady c\u1ee7a h\u1ea1t d\u1ebb, l\u1ea1i c\u00f2n t\u0103ng th\u00eam gi\u00e1 tr\u1ecb dinh d\u01b0\u1ee1ng. M\u00f3n \u0103n n\u00e0y nh\u1ea5t \u0111\u1ecbnh s\u1ebd khi\u1ebfn c\u1ea3 gia \u0111\u00ecnh b\u1ea1n th\u00edch th\u00fa.<\/div>\n<h4><b>Tr\u00e0 s\u1eefa h\u1ea1t d\u1ebb<\/b><\/h4>\n<div class=\"paragraph\">Tr\u00e0 s\u1eefa\u00a0h\u1ea1t d\u1ebb l\u00e0 m\u1ed9t g\u1ee3i \u00fd m\u1edbi tuy\u1ec7t v\u1eddi cho b\u1eefa \u0103n x\u1ebf c\u1ee7a c\u1ea3 gia \u0111\u00ecnh. V\u1ecb b\u00e9o ng\u1ecdt v\u1ed1n c\u00f3 c\u1ee7a tr\u00e0 s\u1eefa h\u00f2a quy\u1ec7n c\u00f9ng s\u1ef1 ng\u1eady, b\u00f9i c\u1ee7a h\u1ea1t d\u1ebb nh\u1ea5t \u0111\u1ecbnh s\u1ebd khi\u1ebfn cho ly tr\u00e0 s\u1eefa nh\u00e0 l\u00e0m \u0111\u1eb7c bi\u1ec7t h\u01a1n bao gi\u1edd h\u1ebft.<\/div>\n<h4><b>H\u1ea1t d\u1ebb rang<\/b><\/h4>\n<div class=\"paragraph\">Thay v\u00ec rang h\u1ea1t d\u1ebb theo phong c\u00e1ch truy\u1ec1n th\u1ed1ng, b\u1ea1n h\u00e3y th\u1eed \u0111\u1ed5i m\u1edbi m\u1ed9t ch\u00fat b\u1eb1ng c\u00e1ch mang h\u1ea1t d\u1ebb \u0111i rang c\u00f9ng v\u1edbi b\u01a1 ho\u1eb7c m\u1eadt ong \u0111\u1ec3 t\u0103ng ph\u1ea7n h\u01b0\u01a1ng v\u1ecb b\u00e9o ng\u1ecdt. L\u00fac n\u00e0y, v\u1ecb b\u00e9o c\u1ee7a b\u01a1 c\u00f9ng s\u1ef1 ng\u1ecdt d\u1ecbu c\u1ee7a m\u1eadt ong k\u1ebft h\u1ee3p c\u00f9ng \u0111\u1ed9 b\u00f9i b\u00e9o c\u1ee7a h\u1ea1t d\u1ebb. T\u1ea5t c\u1ea3 s\u1ebd t\u1ea1o c\u1ea3m gi\u00e1c th\u01a1m ngon ngay t\u1eeb gi\u00e2y ph\u00fat th\u01b0\u1edfng th\u1ee9c \u0111\u1ea7u ti\u00ean.<\/div>\n<div><\/div>\n<div><img decoding=\"async\" class=\"aligncenter\" src=\"https:\/\/havamall.com\/wp-content\/uploads\/2024\/12\/chestnut-1296x728-header.jpg\" alt=\"9 Intriguing Health Benefits of Chestnuts\" width=\"714\" height=\"401\" \/><\/div>\n<\/div>\n<\/div>\n<\/div>\n<\/div>","protected":false},"excerpt":{"rendered":"<p>TH\u00d4NG TIN CHUNG Th\u01b0\u01a1ng hi\u1ec7u Metro Chef Xu\u1ea5t x\u1ee9 H\u00e0 Lan H\u1ea1n s\u1eed d\u1ee5ng Xem tr\u00ean bao b\u00ec s\u1ea3n ph\u1ea9m<\/p>","protected":false},"featured_media":37692,"comment_status":"open","ping_status":"closed","template":"","meta":[],"product_brand":[],"product_cat":[681],"product_tag":[],"class_list":{"0":"post-37689","1":"product","2":"type-product","3":"status-publish","4":"has-post-thumbnail","6":"product_cat-chua-phan-loai","7":"pa_brand-https-havamall-com-smetrochefpost_typeproductproduct_cat0","9":"first","10":"instock","11":"sale","12":"shipping-taxable","13":"purchasable","14":"product-type-simple"},"_links":{"self":[{"href":"https:\/\/havamall.com\/en\/wp-json\/wp\/v2\/product\/37689","targetHints":{"allow":["GET"]}}],"collection":[{"href":"https:\/\/havamall.com\/en\/wp-json\/wp\/v2\/product"}],"about":[{"href":"https:\/\/havamall.com\/en\/wp-json\/wp\/v2\/types\/product"}],"replies":[{"embeddable":true,"href":"https:\/\/havamall.com\/en\/wp-json\/wp\/v2\/comments?post=37689"}],"version-history":[{"count":0,"href":"https:\/\/havamall.com\/en\/wp-json\/wp\/v2\/product\/37689\/revisions"}],"wp:featuredmedia":[{"embeddable":true,"href":"https:\/\/havamall.com\/en\/wp-json\/wp\/v2\/media\/37692"}],"wp:attachment":[{"href":"https:\/\/havamall.com\/en\/wp-json\/wp\/v2\/media?parent=37689"}],"wp:term":[{"taxonomy":"product_brand","embeddable":true,"href":"https:\/\/havamall.com\/en\/wp-json\/wp\/v2\/product_brand?post=37689"},{"taxonomy":"product_cat","embeddable":true,"href":"https:\/\/havamall.com\/en\/wp-json\/wp\/v2\/product_cat?post=37689"},{"taxonomy":"product_tag","embeddable":true,"href":"https:\/\/havamall.com\/en\/wp-json\/wp\/v2\/product_tag?post=37689"}],"curies":[{"name":"wp","href":"https:\/\/api.w.org\/{rel}","templated":true}]}}