{"id":37698,"date":"2024-12-05T16:46:03","date_gmt":"2024-12-05T09:46:03","guid":{"rendered":"https:\/\/havamall.com\/?post_type=product&#038;p=37698"},"modified":"2025-09-29T14:13:52","modified_gmt":"2025-09-29T07:13:52","slug":"sot-bearnaise-la-cuisine-dautrefois-sauce-bearnaise-90g","status":"publish","type":"product","link":"https:\/\/havamall.com\/en\/shop\/sot-bearnaise-la-cuisine-dautrefois-sauce-bearnaise-90g\/","title":{"rendered":"S\u1ed1t Bearnaise &#8211; La Cuisine d&#8217;Autrefois &#8211; Sauce Bearnaise 90G"},"content":{"rendered":"<h2><strong>TH\u00d4NG TIN S\u1ea2N PH\u1ea8M<\/strong><\/h2>\n<table>\n<tbody>\n<tr>\n<td>Th\u01b0\u01a1ng hi\u1ec7u<\/td>\n<td>La Cuisine d\u2019Autrefois<\/td>\n<\/tr>\n<tr>\n<td>Xu\u1ea5t x\u1ee9<\/td>\n<td>Ph\u00e1p<\/td>\n<\/tr>\n<tr>\n<td>Th\u00e0nh ph\u1ea7n<\/td>\n<td>Xem tr\u00ean bao b\u00ec<\/td>\n<\/tr>\n<tr>\n<td>H\u1ea1n s\u1eed d\u1ee5ng<\/td>\n<td>14 th\u00e1ng k\u1ec3 t\u1eeb ng\u00e0y s\u1ea3n xu\u1ea5t.<\/td>\n<\/tr>\n<tr>\n<td>B\u1ea3o qu\u1ea3n<\/td>\n<td>N\u01a1i kh\u00f4 r\u00e1o, s\u1ea1ch s\u1ebd, tho\u00e1ng m\u00e1t, tr\u00e1nh \u00e1nh n\u1eafng tr\u1ef1c ti\u1ebfp<\/td>\n<\/tr>\n<tr>\n<td>Kh\u1ed1i l\u01b0\u1ee3ng t\u1ecbnh<\/td>\n<td>90g<\/td>\n<\/tr>\n<\/tbody>\n<\/table>\n<p><strong>N\u01b0\u1edbc s\u1ed1t b\u00e9arnaise l\u00e0 g\u00ec?<\/strong><\/p>\n<p>Gi\u1ed1ng nh\u01b0 nhi\u1ec1u lo\u1ea1i\u00a0n\u01b0\u1edbc s\u1ed1t c\u1ed5 \u0111i\u1ec3n, n\u01b0\u1edbc s\u1ed1t b\u00e9arnaise \u0111\u01b0\u1ee3c s\u00e1ng ch\u1ebf b\u1edfi nh\u1eefng \u0111\u1ea7u b\u1ebfp t\u00e0i hoa ng\u01b0\u1eddi Ph\u00e1p. N\u00f3 th\u1ef1c s\u1ef1 c\u00f3 li\u00ean quan v\u1edbi n\u01b0\u1edbc s\u1ed1t Hollandaise (lo\u1ea1i s\u1ed1t l\u00e0m t\u1eeb l\u00f2ng \u0111\u1ecf tr\u1ee9ng v\u00e0 b\u01a1 c\u00f3 xu\u1ea5t x\u1ee9 t\u1eeb H\u00e0 Lan) &#8211; 1 trong 5 n\u01b0\u1edbc s\u1ed1t c\u01a1 b\u1ea3n (n\u01b0\u1edbc s\u1ed1t m\u1eb9) c\u1ee7a \u1ea9m th\u1ef1c Ph\u00e1p.<\/p>\n<p>C\u1ea3 b\u00e9arnaise v\u00e0 Hollandaise \u0111\u1ec1u \u0111\u01b0\u1ee3c l\u00e0m t\u1eeb b\u01a1, l\u00f2ng \u0111\u1ecf tr\u1ee9ng v\u00e0 m\u1ed9t ch\u00fat acid. \u1ede H\u00e0 Lan, acid th\u01b0\u1eddng l\u00e0 n\u01b0\u1edbc chanh. C\u00f2n trong n\u01b0\u1edbc s\u1ed1t b\u00e9arnaise, c\u00e1c \u0111\u1ea7u b\u1ebfp thay th\u1ebf b\u1eb1ng gi\u1ea5m. B\u00ean c\u1ea1nh \u0111\u00f3, n\u1ebfu n\u01b0\u1edbc s\u1ed1t Hollandaise ch\u1ec9 c\u00f3 th\u00e0nh ph\u1ea7n c\u01a1 b\u1ea3n, th\u00ec n\u01b0\u1edbc s\u1ed1t b\u00e9arnaise c\u00f3 nhi\u1ec1u nguy\u00ean li\u1ec7u h\u01a1n.<\/p>\n<p>Trong c\u00f4ng th\u1ee9c n\u01b0\u1edbc s\u1ed1t b\u00e9arnaise d\u01b0\u1edbi \u0111\u00e2y, c\u00e1c th\u00e0nh ph\u1ea7n c\u1ee7a b\u00e9arnaise truy\u1ec1n th\u1ed1ng nh\u01b0 b\u01a1, l\u00f2ng \u0111\u1ecf tr\u1ee9ng v\u00e0 ng\u1ea3i th\u01a1m (tarragon) v\u1eabn \u0111\u01b0\u1ee3c s\u1eed d\u1ee5ng, nh\u01b0ng m\u00f3n s\u1ed1t s\u1ebd \u0111\u01b0\u1ee3c b\u1ed5 sung th\u00eam c\u00e1c h\u01b0\u01a1ng v\u1ecb, bao g\u1ed3m c\u1ea3 h\u1ea1t ti\u00eau v\u00e0 d\u1ea7u n\u1ea5m c\u1ee5c\u00a0truffle. N\u1ebfu kh\u00f4ng c\u00f3 d\u1ea7u n\u1ea5m c\u1ee5c truffle, b\u1ea1n c\u00f3 th\u1ec3 thay th\u1ebf b\u1eb1ng c\u00e1c lo\u1ea1i d\u1ea7u \u0103n l\u00e0nh m\u1ea1nh nh\u01b0 d\u1ea7u olive.<\/p>\n<p>S\u1ed1t b\u00e9arnaise ch\u1ec9 \u0111\u1ec3 \u0111\u01b0\u1ee3c v\u00e0i ti\u1ebfng v\u00e0 kh\u00f4ng th\u1ec3 c\u1ea5t gi\u1eef trong t\u1ee7 m\u00e1t \u0111\u01b0\u1ee3c. V\u00ec th\u1ebf, b\u1ea1n ch\u1ec9 n\u00ean l\u00e0m s\u1ed1t v\u1edbi l\u01b0\u1ee3ng v\u1eeba \u0111\u1ee7 v\u00e0 d\u00f9ng trong m\u1ed9t b\u1eefa. \u0110\u00e2y c\u0169ng ch\u00ednh l\u00e0 l\u00fd do v\u00ec sao ch\u1ec9 c\u00f3 c\u00e1c nh\u00e0 h\u00e0ng \u0111\u1eaft ti\u1ec1n, sang tr\u1ecdng m\u1edbi l\u00e0m lo\u1ea1i n\u01b0\u1edbc s\u1ed1t n\u00e0y.<\/p>\n<p><img fetchpriority=\"high\" decoding=\"async\" class=\"aligncenter\" src=\"https:\/\/images.food52.com\/V8LpaFaq6WP_O9q_n3iEDFHUtPA=\/1200x1200\/2160b849-cce3-4d78-85a7-ee63b2668ded--2018-0817_easier-bearnaise-sauce-final_3x2_Julia-Gartland_106.jpg\" alt=\"Easy B\u00e9arnaise Sauce\" width=\"657\" height=\"657\" \/><\/p>\n<p><strong>Dinh d\u01b0\u1ee1ng\u00a0c\u00f3 trong n\u01b0\u1edbc s\u1ed1t b\u00e9arnaise<\/strong><\/p>\n<p>M\u1ed9t kh\u1ea9u ph\u1ea7n n\u01b0\u1edbc s\u1ed1t b\u00e9arnaise cung c\u1ea5p: 249 calorie; 1,69gr protein; 26,41gr ch\u1ea5t b\u00e9o; 826IU vitamin A (35% DV); 59,6mg choline (14% DV); 0,17mcg vitamin B12 (7% DV); 1,07mg vitamin E (7% DV); 31IU vitamin D (5% DV); 0,057mg vitamin B2 (5 DV); 0,237mlg vitamin B5 (5% DV) v\u00e0 0,067mg vitamin B6 (5% DV).<\/p>\n<div>S\u1ed1t b\u00e9arnaise La Cuisine d\u2019Autrefois nh\u1eadp kh\u1ea9u t\u1eeb Ph\u00e1p l\u00e0m t\u1eeb nh\u1eefng nguy\u00ean li\u1ec7u \u0111\u01b0\u1ee3c ch\u1ecdn l\u1ecdc k\u0129 c\u00e0ng, s\u1ea3n xu\u1ea5t tr\u00ean d\u00e2y chuy\u1ec1n c\u00f4ng ngh\u1ec7 hi\u1ec7n \u0111\u1ea1i, quy tr\u00ecnh ki\u1ec3m so\u00e1t ch\u1ea5t l\u01b0\u1ee3ng nghi\u00eam ng\u1eb7t \u0111\u1ea3m b\u1ea3o v\u1ec7 sinh an to\u00e0n th\u1ef1c ph\u1ea9m. S\u1ea3n ph\u1ea9m \u0111\u01b0\u1ee3c \u0111\u00f3ng l\u1ecd th\u1ee7y tinh nh\u1ecf g\u1ecdn, ti\u1ec7n l\u1ee3i s\u1eed d\u1ee5ng trong gia \u0111\u00ecnh ho\u1eb7c mang \u0111i du l\u1ecbch, d\u00e3 ngo\u1ea1i.<\/div>\n<p>N\u01b0\u1edbc s\u1ed1t b\u00e9arnaise nh\u00ecn chung \u0111\u01b0\u1ee3c l\u00e0m t\u1eeb ba nguy\u00ean li\u1ec7u ch\u00ednh l\u00e0 b\u01a1, l\u00f2ng tr\u1ee9ng v\u00e0 h\u1ed7n h\u1ee3p n\u01b0\u1edbc, gi\u1ea5m c\u00f9ng v\u1edbi r\u01b0\u1ee3u vang hay n\u01b0\u1edbc chanh. Th\u00eam Tarragon cho d\u1eady m\u00f9i, ti\u00eau xanh.<\/p>\n<p>V\u00ec s\u1ef1 k\u1ebft h\u1ee3p gi\u1eefa b\u01a1 v\u00e0 tr\u1ee9ng v\u00e0 \u0111\u01b0\u1ee3c \u0111\u00e1nh ho\u00e0n to\u00e0n b\u1eb1ng tay n\u00ean r\u1ea5t s\u00e1nh m\u1ecbn v\u00e0 b\u00f3ng b\u1ea9y.<\/p>\n<p><img decoding=\"async\" class=\"aligncenter\" src=\"https:\/\/havamall.com\/wp-content\/uploads\/2024\/12\/Bearnaise-Ingredients.jpg\" alt=\"Bearnaise Sauce\" \/><\/p>","protected":false},"excerpt":{"rendered":"<p>TH\u00d4NG TIN S\u1ea2N PH\u1ea8M Th\u01b0\u01a1ng hi\u1ec7u La Cuisine d\u2019Autrefois Xu\u1ea5t x\u1ee9 Ph\u00e1p Th\u00e0nh ph\u1ea7n Xem tr\u00ean bao b\u00ec H\u1ea1n s\u1eed<\/p>","protected":false},"featured_media":37699,"comment_status":"open","ping_status":"closed","template":"","meta":[],"product_brand":[],"product_cat":[36,723,705],"product_tag":[],"class_list":{"0":"post-37698","1":"product","2":"type-product","3":"status-publish","4":"has-post-thumbnail","6":"product_cat-thuc-pham-tieu-dung","7":"product_cat-nhap-khau-phap","8":"product_cat-sot-do-hop","10":"first","11":"outofstock","12":"sale","13":"shipping-taxable","14":"purchasable","15":"product-type-simple"},"_links":{"self":[{"href":"https:\/\/havamall.com\/en\/wp-json\/wp\/v2\/product\/37698","targetHints":{"allow":["GET"]}}],"collection":[{"href":"https:\/\/havamall.com\/en\/wp-json\/wp\/v2\/product"}],"about":[{"href":"https:\/\/havamall.com\/en\/wp-json\/wp\/v2\/types\/product"}],"replies":[{"embeddable":true,"href":"https:\/\/havamall.com\/en\/wp-json\/wp\/v2\/comments?post=37698"}],"version-history":[{"count":0,"href":"https:\/\/havamall.com\/en\/wp-json\/wp\/v2\/product\/37698\/revisions"}],"wp:featuredmedia":[{"embeddable":true,"href":"https:\/\/havamall.com\/en\/wp-json\/wp\/v2\/media\/37699"}],"wp:attachment":[{"href":"https:\/\/havamall.com\/en\/wp-json\/wp\/v2\/media?parent=37698"}],"wp:term":[{"taxonomy":"product_brand","embeddable":true,"href":"https:\/\/havamall.com\/en\/wp-json\/wp\/v2\/product_brand?post=37698"},{"taxonomy":"product_cat","embeddable":true,"href":"https:\/\/havamall.com\/en\/wp-json\/wp\/v2\/product_cat?post=37698"},{"taxonomy":"product_tag","embeddable":true,"href":"https:\/\/havamall.com\/en\/wp-json\/wp\/v2\/product_tag?post=37698"}],"curies":[{"name":"wp","href":"https:\/\/api.w.org\/{rel}","templated":true}]}}