{"id":37702,"date":"2024-12-05T16:56:45","date_gmt":"2024-12-05T09:56:45","guid":{"rendered":"https:\/\/havamall.com\/?post_type=product&#038;p=37702"},"modified":"2025-03-18T16:47:14","modified_gmt":"2025-03-18T09:47:14","slug":"sot-thuc-vat-khong-trung-la-cuisine-dautrefois-sauce-vegan-185g","status":"publish","type":"product","link":"https:\/\/havamall.com\/en\/shop\/sot-thuc-vat-khong-trung-la-cuisine-dautrefois-sauce-vegan-185g\/","title":{"rendered":"S\u1ed1t th\u1ef1c v\u1eadt kh\u00f4ng tr\u1ee9ng &#8211; La Cuisine d&#8217;Autrefois &#8211; Sauce Vegan 185G"},"content":{"rendered":"<h2><strong>TH\u00d4NG TIN S\u1ea2N PH\u1ea8M<\/strong><\/h2>\n<table>\n<tbody>\n<tr>\n<td>Th\u01b0\u01a1ng hi\u1ec7u<\/td>\n<td>La Cuisine d\u2019Autrefois<\/td>\n<\/tr>\n<tr>\n<td>Xu\u1ea5t x\u1ee9<\/td>\n<td>Ph\u00e1p<\/td>\n<\/tr>\n<tr>\n<td>Th\u00e0nh ph\u1ea7n<\/td>\n<td>Xem tr\u00ean bao b\u00ec<\/td>\n<\/tr>\n<tr>\n<td>H\u1ea1n s\u1eed d\u1ee5ng<\/td>\n<td>14 th\u00e1ng k\u1ec3 t\u1eeb ng\u00e0y s\u1ea3n xu\u1ea5t.<\/td>\n<\/tr>\n<tr>\n<td>B\u1ea3o qu\u1ea3n<\/td>\n<td>N\u01a1i kh\u00f4 r\u00e1o, s\u1ea1ch s\u1ebd, tho\u00e1ng m\u00e1t, tr\u00e1nh \u00e1nh n\u1eafng tr\u1ef1c ti\u1ebfp<\/td>\n<\/tr>\n<tr>\n<td>Kh\u1ed1i l\u01b0\u1ee3ng t\u1ecbnh<\/td>\n<td>185g<\/td>\n<\/tr>\n<\/tbody>\n<\/table>\n<h3>S\u1ed1t kem th\u1ef1c v\u1eadt<\/h3>\n<p>N\u00e2ng c\u1ea5p m\u00f3n \u0103n, \u0111\u1ed3 \u0103n nh\u1eb9 ho\u1eb7c m\u00f3n salad c\u1ee7a b\u1ea1n v\u1edbi S\u1ed1t th\u1ef1c v\u1eadt kh\u00f4ng tr\u1ee9ng &#8211; La Cuisin c\u00f3 h\u00e0m l\u01b0\u1ee3ng calo th\u1ea5p. H\u01b0\u01a1ng v\u1ecb th\u01a1m ngon, \u00edt calo, kh\u00f4ng ch\u1ee9a Gluten, kh\u00f4ng ch\u1ee9a s\u1eefa v\u00e0 kh\u00f4ng c\u00f3 ch\u1ea5t b\u00e9o. Ho\u00e0n h\u1ea3o \u0111\u1ec3 nh\u00fang, thay \u0111\u1ed3, n\u1ea5u \u0103n v\u00e0 \u01b0\u1edbp.<\/p>\n<p><img fetchpriority=\"high\" decoding=\"async\" class=\"aligncenter\" src=\"https:\/\/www.veganfreestyle.com\/wp-content\/uploads\/2020\/05\/thousand-island-512x423.png\" alt=\"Comment faire une sauce v\u00e9g\u00e9tale ? 3 recettes de sauces vegan -\" width=\"631\" height=\"521\" \/><\/p>\n<p>L\u00fd t\u01b0\u1edfng \u0111\u1ec3 k\u1ebft h\u1ee3p v\u1edbi ph\u00f2ng t\u1eadp th\u1ec3 d\u1ee5c v\u00e0 th\u00f3i quen t\u1eadp th\u1ec3 d\u1ee5c c\u1ee7a b\u1ea1n. T\u0103ng c\u01b0\u1eddng qu\u1ea3n l\u00fd c\u00e2n n\u1eb7ng v\u00e0 ph\u00f9 h\u1ee3p v\u1edbi Ch\u1ebf \u0111\u1ed9 \u0103n Keto v\u00e0 Low Carb.\u00a0Kh\u00f4ng th\u00eam \u0111\u01b0\u1eddng v\u00e0 th\u00edch h\u1ee3p cho ng\u01b0\u1eddi \u0103n chay. C\u00f3 th\u1ec3 \u0111\u01b0\u1ee3c s\u1eed d\u1ee5ng cho b\u1ea5t k\u1ef3 ai \u0111ang t\u00ecm ki\u1ebfm m\u1ed9t l\u1ed1i s\u1ed1ng l\u00e0nh m\u1ea1nh h\u01a1n.<\/p>\n<p>N\u1ebfu Protein t\u1eeb \u0111\u1ed9ng v\u1eadt ch\u1ee9a c\u00e1c axit amin v\u00e0 ch\u1ea5t b\u00e9o thi\u1ebft y\u1ebfu th\u00ec Protein th\u1ef1c v\u1eadt s\u1ebd ch\u1ee9a nhi\u1ec1u ch\u1ea5t x\u01a1, vitamin v\u00e0 kho\u00e1ng ch\u1ea5t h\u01a1n c\u1ea3.<\/p>\n<p>B\u1ea5t c\u1ee9 lo\u1ea1i protein n\u00e0o c\u0169ng t\u1ed1t cho c\u01a1 th\u1ec3 b\u00e9, do \u0111\u00f3 h\u00e3y ch\u1ecdn xen k\u1ebd th\u00e0nh ph\u1ea7n th\u1ef1c ph\u1ea9m ph\u00f9 h\u1ee3p cho con m\u1ed7i ng\u00e0y.<\/p>\n<p>S\u1ed1t kem h\u1eefu c\u01a1 h\u1ea1nh nh\u00e2n gi\u00e0u Protein, ch\u1ea5t b\u00e9o th\u1ef1c v\u1eadt v\u00e0 nhi\u1ec1u ch\u1ea5t x\u01a1 c\u00f3 l\u1ee3i cho s\u1ef1 ph\u00e1t tri\u1ec3n c\u1ee7a b\u00e9<\/p>\n<p>C\u00f3 h\u01b0\u01a1ng v\u1ecb th\u01a1m b\u00e9o \u0111\u1eb7c tr\u01b0ng ho\u00e0n to\u00e0n t\u1eeb ngu\u1ed3n g\u1ed1c th\u1ef1c v\u1eadt nh\u01b0 g\u1ea1o, h\u1ea1nh nh\u00e2n\u2026 gi\u00fap m\u00f3n \u0103n c\u1ee7a b\u00e9 th\u00eam h\u1ea5p d\u1eabn<\/p>\n<p>To\u00e0n b\u1ed9 s\u1ea3n ph\u1ea9m c\u1ee7a S\u1ed1t th\u1ef1c v\u1eadt kh\u00f4ng tr\u1ee9ng &#8211; La Cuisin \u0111\u1ec1u \u0111\u1ea1t ch\u1ee9ng nh\u1eadn h\u1eefu c\u01a1 c\u1ee7a Ch\u00e2u \u00c2u, n\u00ean ba m\u1eb9 ho\u00e0n to\u00e0n y\u00ean t\u00e2m v\u1ec1 ngu\u1ed3n g\u1ed1c, nguy\u00ean li\u1ec7u t\u1ea1o n\u00ean s\u1ea3n ph\u1ea9m<\/p>\n<p>S\u1ed1t th\u1ef1c v\u1eadt kh\u00f4ng tr\u1ee9ng &#8211; La Cuisin lu\u00f4n \u0111\u1ea1t thang \u0111i\u1ec3m Nutri-Score t\u1eeb B\u2192A, ch\u1ee9ng t\u1ecf \u0111\u1ed9 dinh d\u01b0\u1ee1ng cao v\u00e0 \u0111em l\u1ea1i nhi\u1ec1u l\u1ee3i \u00edch cho s\u1ee9c kho\u1ebb<\/p>\n<p>D\u00f9ng \u0111\u01b0\u1ee3c cho c\u1ea3 m\u00f3n ng\u1ecdt v\u00e0 m\u00f3n m\u1eb7n, ph\u1ed5 bi\u1ebfn nh\u1ea5t l\u00e0 l\u00e0m s\u1ed1t \u0103n c\u00f9ng m\u00ec, nui cho c\u00e1c b\u00e9.<\/p>\n<p><img decoding=\"async\" class=\"aligncenter\" src=\"https:\/\/havamall.com\/wp-content\/uploads\/2024\/12\/knoblauch-sauce-vegan-720x996.jpg\" alt=\"Creamy Vegan Garlic Sauce in 1 Minute\" width=\"470\" height=\"650\" \/><\/p>\n<p><strong>Dinh d\u01b0\u1ee1ng c\u00f3 trong n\u01b0\u1edbc s\u1ed1t<\/strong><\/p>\n<p>M\u1ed9t kh\u1ea9u ph\u1ea7n n\u01b0\u1edbc s\u1ed1t b\u00e9arnaise cung c\u1ea5p: 249 calorie; 1,69gr protein; 26,41gr ch\u1ea5t b\u00e9o; 826IU vitamin A (35% DV); 59,6mg choline (14% DV); 0,17mcg vitamin B12 (7% DV); 1,07mg vitamin E (7% DV); 31IU vitamin D (5% DV); 0,057mg vitamin B2 (5 DV); 0,237mlg vitamin B5 (5% DV) v\u00e0 0,067mg vitamin B6 (5% DV).<\/p>\n<div>S\u1ed1t La Cuisine d\u2019Autrefois nh\u1eadp kh\u1ea9u t\u1eeb Ph\u00e1p l\u00e0m t\u1eeb nh\u1eefng nguy\u00ean li\u1ec7u \u0111\u01b0\u1ee3c ch\u1ecdn l\u1ecdc k\u0129 c\u00e0ng, s\u1ea3n xu\u1ea5t tr\u00ean d\u00e2y chuy\u1ec1n c\u00f4ng ngh\u1ec7 hi\u1ec7n \u0111\u1ea1i, quy tr\u00ecnh ki\u1ec3m so\u00e1t ch\u1ea5t l\u01b0\u1ee3ng nghi\u00eam ng\u1eb7t \u0111\u1ea3m b\u1ea3o v\u1ec7 sinh an to\u00e0n th\u1ef1c ph\u1ea9m. S\u1ea3n ph\u1ea9m \u0111\u01b0\u1ee3c \u0111\u00f3ng l\u1ecd th\u1ee7y tinh nh\u1ecf g\u1ecdn, ti\u1ec7n l\u1ee3i s\u1eed d\u1ee5ng trong gia \u0111\u00ecnh ho\u1eb7c mang \u0111i du l\u1ecbch, d\u00e3 ngo\u1ea1i.<\/div>","protected":false},"excerpt":{"rendered":"<p>TH\u00d4NG TIN S\u1ea2N PH\u1ea8M Th\u01b0\u01a1ng hi\u1ec7u La Cuisine d\u2019Autrefois Xu\u1ea5t x\u1ee9 Ph\u00e1p Th\u00e0nh ph\u1ea7n Xem tr\u00ean bao b\u00ec H\u1ea1n s\u1eed<\/p>","protected":false},"featured_media":37703,"comment_status":"open","ping_status":"closed","template":"","meta":[],"product_brand":[],"product_cat":[681,723],"product_tag":[],"class_list":{"0":"post-37702","1":"product","2":"type-product","3":"status-publish","4":"has-post-thumbnail","6":"product_cat-chua-phan-loai","7":"product_cat-nhap-khau-phap","9":"first","10":"instock","11":"sale","12":"shipping-taxable","13":"purchasable","14":"product-type-simple"},"_links":{"self":[{"href":"https:\/\/havamall.com\/en\/wp-json\/wp\/v2\/product\/37702","targetHints":{"allow":["GET"]}}],"collection":[{"href":"https:\/\/havamall.com\/en\/wp-json\/wp\/v2\/product"}],"about":[{"href":"https:\/\/havamall.com\/en\/wp-json\/wp\/v2\/types\/product"}],"replies":[{"embeddable":true,"href":"https:\/\/havamall.com\/en\/wp-json\/wp\/v2\/comments?post=37702"}],"version-history":[{"count":0,"href":"https:\/\/havamall.com\/en\/wp-json\/wp\/v2\/product\/37702\/revisions"}],"wp:featuredmedia":[{"embeddable":true,"href":"https:\/\/havamall.com\/en\/wp-json\/wp\/v2\/media\/37703"}],"wp:attachment":[{"href":"https:\/\/havamall.com\/en\/wp-json\/wp\/v2\/media?parent=37702"}],"wp:term":[{"taxonomy":"product_brand","embeddable":true,"href":"https:\/\/havamall.com\/en\/wp-json\/wp\/v2\/product_brand?post=37702"},{"taxonomy":"product_cat","embeddable":true,"href":"https:\/\/havamall.com\/en\/wp-json\/wp\/v2\/product_cat?post=37702"},{"taxonomy":"product_tag","embeddable":true,"href":"https:\/\/havamall.com\/en\/wp-json\/wp\/v2\/product_tag?post=37702"}],"curies":[{"name":"wp","href":"https:\/\/api.w.org\/{rel}","templated":true}]}}