{"id":37711,"date":"2024-12-05T17:17:26","date_gmt":"2024-12-05T10:17:26","guid":{"rendered":"https:\/\/havamall.com\/?post_type=product&#038;p=37711"},"modified":"2025-06-11T18:15:36","modified_gmt":"2025-06-11T11:15:36","slug":"nuoc-khoang-tu-nhien-250ml-chai-thuy-tinh-khong-ga-acqua-panna","status":"publish","type":"product","link":"https:\/\/havamall.com\/en\/shop\/nuoc-khoang-tu-nhien-250ml-chai-thuy-tinh-khong-ga-acqua-panna\/","title":{"rendered":"N\u01b0\u1edbc kho\u00e1ng t\u1ef1 nhi\u00ean 250ml (chai th\u1ee7y tinh &#8211; kh\u00f4ng ga) &#8211; Acqua panna"},"content":{"rendered":"<h2 class=\"product-detail__specs-title\"><strong>TH\u00d4NG TIN CHUNG<\/strong><\/h2>\n<div id=\"js-product-detail__specs\" class=\"product-detail__specs\">\n<div class=\"row\">\n<div class=\"col-sm-12\">\n<div class=\"product-specs__table\">\n<table>\n<tbody>\n<tr>\n<td class=\"specs-table__property\">Th\u01b0\u01a1ng hi\u1ec7u<\/td>\n<td class=\"specs-table__value\"><strong>S.Pellegrino<\/strong><\/td>\n<\/tr>\n<tr>\n<td class=\"specs-table__property\">Xu\u1ea5t x\u1ee9<\/td>\n<td class=\"specs-table__value\">\u00dd<\/td>\n<\/tr>\n<tr>\n<td class=\"specs-table__property\">H\u1ea1n s\u1eed d\u1ee5ng<\/td>\n<td class=\"specs-table__value\">Xem tr\u00ean bao b\u00ec<\/td>\n<\/tr>\n<tr>\n<td class=\"specs-table__property\">H\u01b0\u1edbng d\u1eabn s\u1eed d\u1ee5ng<\/td>\n<td class=\"specs-table__value\">S\u1eed d\u1ee5ng tr\u1ef1c ti\u1ebfp ho\u1eb7c ch\u1ebf bi\u1ebfn m\u00f3n \u0103n<\/td>\n<\/tr>\n<tr>\n<td class=\"specs-table__property\">H\u01b0\u1edbng d\u1eabn b\u1ea3o qu\u1ea3n<\/td>\n<td class=\"specs-table__value\">N\u01a1i kh\u00f4 r\u00e1o, tho\u00e1ng m\u00e1t, tr\u00e1nh \u00e1nh n\u1eafng tr\u1ef1c ti\u1ebfp<\/td>\n<\/tr>\n<tr>\n<td class=\"specs-table__property\">Th\u00e0nh ph\u1ea7n nguy\u00ean li\u1ec7u<\/td>\n<td class=\"specs-table__value\">\n<div id=\"ingredients\" class=\"data item content resp-tab-content d-block\" role=\"tabpanel\" data-role=\"content\" aria-labelledby=\"tab-label-ingredients\" aria-hidden=\"true\">\n<div class=\"product attribute ingredients\">\n<div class=\"value\">Xem tr\u00ean bao b\u00ec<\/div>\n<\/div>\n<\/div>\n<\/td>\n<\/tr>\n<tr>\n<td class=\"specs-table__property\">Kh\u1ed1i l\u01b0\u1ee3ng<\/td>\n<td class=\"specs-table__value\">250ml<\/td>\n<\/tr>\n<\/tbody>\n<\/table>\n<\/div>\n<\/div>\n<\/div>\n<\/div>\n<p>N\u01b0\u1edbc kho\u00e1ng kh\u00f4ng ga Acqua Panna l\u00e0 s\u1ea3n ph\u1ea9m thu\u1ed9c nh\u00e3n h\u00e0ng S.Pellegrino \u2013 m\u1ed9t nh\u00e3n h\u00e0ng n\u01b0\u1edbc kho\u00e1ng thi\u00ean nhi\u00ean tinh khi\u1ebft \u0111\u1ebfn t\u1eeb n\u01b0\u1edbc \u00dd v\u00e0 l\u00e0 m\u1ed9t trong c\u00e1c th\u01b0\u01a1ng hi\u1ec7u n\u01b0\u1edbc u\u1ed1ng \u0111\u00f3ng chai l\u1edbn nh\u1ea5t th\u1ebf gi\u1edbi.Acqua Panna l\u1ea5y t\u00ean t\u1eeb Bi\u1ec7t th\u1ef1 Panna \u1edf v\u00f9ng \u0111\u1ed3i \u1edf Tuscany, n\u01a1i ngu\u1ed3n su\u1ed1i t\u1ef1 nhi\u00ean \u0111\u01b0\u1ee3c ph\u00e1t hi\u1ec7n l\u1ea7n \u0111\u1ea7u ti\u00ean, v\u00e0 n\u00f3 \u0111\u01b0\u1ee3c \u0111\u00f3ng chai l\u1ea7n \u0111\u1ea7u ti\u00ean v\u00e0o n\u0103m 1880.<\/p>\n<p>Acqua Panna l\u00e0 k\u1ebft qu\u1ea3 c\u1ee7a m\u1ed9t h\u00e0nh tr\u00ecnh d\u00e0i b\u1eaft \u0111\u1ea7u v\u00e0o n\u0103m 1564 v\u00e0 ti\u1ebfp t\u1ee5c ph\u00e1t tri\u1ec3n kh\u00f4ng ng\u1eebng cho \u0111\u1ebfn ng\u00e0y nay. Ngu\u1ed3n Acqua Panna n\u1eb1m \u1edf \u0111\u1ed9 cao 3.700 feet (1.100 m) trong d\u00e3y n\u00fai Apennine c\u1ee7a Tuscany, \u1edf ph\u00eda b\u1eafc Florence. M\u1ed7i gi\u1ecdt n\u01b0\u1edbc Acqua Panna \u0111\u1ec1u tr\u1ea3i qua h\u00e0nh tr\u00ecnh 14 n\u0103m thanh l\u1ecdc t\u1ef1 nhi\u00ean b\u1edfi tr\u00e1i \u0111\u1ea5t, mang l\u1ea1i s\u1ef1 c\u00e2n b\u1eb1ng kho\u00e1ng ch\u1ea5t \u0111\u1eb7c bi\u1ec7t t\u1eeb thi\u00ean nhi\u00ean.<\/p>\n<p>N\u01b0\u1edbc kho\u00e1ng thi\u00ean nhi\u00ean Acqua Panna \u0111\u01b0\u1ee3c s\u1ea3n xu\u1ea5t theo quy tr\u00ecnh hi\u1ec7n \u0111\u1ea1i. S\u1ea3n ph\u1ea9m \u0111\u01b0\u1ee3c khai th\u00e1c, x\u1eed l\u00fd b\u1eb1ng tia c\u1ef1c t\u00edm v\u00e0 \u0111\u00f3ng chai t\u1ea1i ngu\u1ed3n. N\u01b0\u1edbc kho\u00e1ng Acqua Panna d\u1ec5 u\u1ed1ng v\u00e0 c\u00f3 h\u1eadu v\u1ecb thanh ng\u1ecdt. Ngo\u00e0i vi\u1ec7c gi\u1ea3i kh\u00e1t, c\u00f2n gi\u00fap cung c\u1ea5p c\u00e1c kho\u00e1ng ch\u1ea5t c\u1ea7n thi\u1ebft c\u00f3 l\u1ee3i cho s\u1ee9c kh\u1ecfe m\u00e0 trong c\u00e1c kh\u1ea9u ph\u1ea7n \u0103n h\u1eb1ng ng\u00e0y c\u1ee7a ch\u00fang ta ch\u01b0a cung c\u1ea5p \u0111\u1ee7. Ngo\u00e0i ra, n\u01b0\u1edbc kho\u00e1ng c\u00f2n gi\u00fap c\u01a1 th\u1ec3 thanh l\u1ecdc v\u00e0 th\u1ea3i nhi\u1ec1u \u0111\u1ed9c t\u1ed1 ra b\u00ean ngo\u00e0i.<\/p>\n<p>Ngo\u00e0i vi\u1ec7c gi\u1ea3i kh\u00e1t, n\u01b0\u1edbc kho\u00e1ng thi\u00ean nhi\u00ean Acqua Panna c\u00f2n gi\u00fap cung c\u1ea5p c\u00e1c kho\u00e1ng ch\u1ea5t c\u1ea7n thi\u1ebft c\u00f3 l\u1ee3i cho s\u1ee9c kh\u1ecfe. S\u1ea3n ph\u1ea9m th\u00edch h\u1ee3p \u0111\u1ec3 s\u1eed d\u1ee5ng h\u00e0ng ng\u00e0y, d\u00f9ng trong c\u01a1 quan, v\u0103n ph\u00f2ng, h\u1ed9 gia \u0111\u00ecnh, ho\u1eb7c trong c\u00e1c bu\u1ed5i ti\u1ec7c, h\u1ed9i h\u1ecdp,\u2026 \u0111\u1eb7c bi\u1ec7t r\u1ea5t ti\u1ec7n d\u1ee5ng khi \u0111i du l\u1ecbch.<\/p>\n<p><strong>Ch\u00fang t\u00f4i tin r\u1eb1ng chi\u1ebfc b\u00e0n l\u00e0 n\u01a1i nh\u1eefng \u0111i\u1ec1u t\u1ed1t \u0111\u1eb9p nh\u1ea5t c\u1ee7a cu\u1ed9c s\u1ed1ng di\u1ec5n ra<\/strong><\/p>\n<p>\u0110\u1ec3 \u0111\u1ed3ng h\u00e0nh c\u00f9ng nh\u1eefng tr\u1ea3i nghi\u1ec7m \u0103n u\u1ed1ng tuy\u1ec7t v\u1eddi nh\u1ea5t, ch\u00fang t\u00f4i mang \u0111\u1ebfn b\u00e0n \u0103n n\u01b0\u1edbc kho\u00e1ng, m\u1ed9t m\u00f3n qu\u00e0 t\u1ef1 nhi\u00ean \u0111\u01b0\u1ee3c t\u1ea1o n\u00ean t\u1eeb nh\u1eefng h\u1ea1t m\u01b0a \u0111\u01b0\u1ee3c Tr\u00e1i \u0111\u1ea5t l\u1ecdc trong h\u00e0nh tr\u00ecnh 30 n\u0103m.<\/p>\n<p><img decoding=\"async\" class=\"aligncenter\" src=\"https:\/\/havamall.com\/wp-content\/uploads\/2024\/12\/nuoc-khoang-acqua-panna-hoan-hao-khi-dung-trong-bua-an-hoac-chung-voi-ruou-vang.jpg\" alt=\"N\u01b0\u1edbc su\u1ed1i kho\u00e1ng Acqua Panna Toscana 250ml th\u00f9ng 24 chai\" \/><\/p>\n<p><strong>H\u00e0nh tr\u00ecnh 30 n\u0103m xuy\u00ean qua \u0111\u00e1<\/strong><\/p>\n<p>Ch\u1ea3y t\u1eeb tuy\u1ebft v\u00e0 m\u01b0a th\u1ea5m v\u00e0o v\u00f9ng n\u00fai dolomit cao (1200-1300 m\u00e9t so v\u1edbi m\u1ef1c n\u01b0\u1edbc bi\u1ec3n), n\u01b0\u1edbc ph\u1ea3i m\u1ea5t \u00edt nh\u1ea5t 30 n\u0103m \u0111\u1ec3 \u0111i qua \u0111\u00e1 tr\u01b0\u1edbc khi \u0111\u1ebfn San Pellegrino Terme (\u1edf \u0111\u1ed9 cao 350 m\u00e9t ASL). Tr\u00ean \u0111\u01b0\u1eddng \u0111i, n\u00f3 tr\u1edf n\u00ean gi\u00e0u kho\u00e1ng ch\u1ea5t m\u1ed9t c\u00e1ch t\u1ef1 nhi\u00ean. Vi\u1ec7c b\u1ed5 sung carbon dioxide s\u1ebd cung c\u1ea5p t\u00ednh axit v\u00e0 k\u00e9o d\u00e0i c\u1ea3m gi\u00e1c v\u1ec1 m\u00f9i h\u01b0\u01a1ng v\u00e0 v\u1ecb gi\u00e1c c\u1ee7a lo\u1ea1i n\u01b0\u1edbc hi\u1ec7n \u0111ang c\u00f3 ga, k\u1ebft th\u00fac b\u1eb1ng m\u1ed9t ch\u00fat v\u1ecb \u0111\u1eafng, \u0111i\u1ec1u n\u00e0y \u0111\u00e3 khi\u1ebfn n\u00f3 tr\u1edf n\u00ean n\u1ed5i ti\u1ebfng v\u00e0 kh\u00f4ng th\u1ec3 nh\u1ea7m l\u1eabn tr\u00ean to\u00e0n th\u1ebf gi\u1edbi.<\/p>\n<p><strong>M\u1ed9t Bi\u1ec3u t\u01b0\u1ee3ng c\u1ee7a n\u01b0\u1edbc \u00dd<\/strong><\/p>\n<p>T\u1ea1i Sanpellegrino, ch\u00fang t\u00f4i tin v\u00e0o s\u1ee9c m\u1ea1nh c\u1ee7a h\u01b0\u01a1ng v\u1ecb v\u00e0 s\u1ef1 s\u00e1ng t\u1ea1o \u0111\u1ec3 thay \u0111\u1ed5i cu\u1ed9c s\u1ed1ng. Trong h\u01a1n 120 n\u0103m, ch\u00fang t\u00f4i t\u1ef1 h\u00e0o xu\u1ea5t kh\u1ea9u phong c\u00e1ch v\u00e0 ch\u1ea5t l\u01b0\u1ee3ng \u00dd ra kh\u1eafp th\u1ebf gi\u1edbi \u0111\u1ec3 n\u00e2ng cao nh\u1eefng kho\u1ea3nh kh\u1eafc trang nh\u00e3 c\u1ee7a b\u1ea1n.<\/p>\n<p><strong>L\u1ea5p l\u00e1nh tr\u00ean nh\u1eefng chi\u1ebfc b\u00e0n \u0111\u1eb9p nh\u1ea5t th\u1ebf gi\u1edbi<\/strong><\/p>\n<p>S.Pellegrino l\u00e0 vi\u00ean ng\u1ecdc qu\u00fd c\u1ee7a N\u01b0\u1edbc kho\u00e1ng thi\u00ean nhi\u00ean l\u1ea5p l\u00e1nh nh\u1edd b\u1ecdt nh\u1eb9 nh\u00e0ng \u0111\u1eb7c tr\u01b0ng, s\u1eafc th\u00e1i tinh t\u1ebf v\u00e0 s\u1ef1 c\u00e2n b\u1eb1ng kho\u00e1ng ch\u1ea5t ho\u00e0n h\u1ea3o. Ch\u00ednh nh\u1eefng \u0111\u1eb7c \u0111i\u1ec3m \u0111\u1eb7c bi\u1ec7t n\u00e0y \u0111\u00e3 khi\u1ebfn N\u01b0\u1edbc kho\u00e1ng thi\u00ean nhi\u00ean S.Pellegrino tr\u1edf n\u00ean l\u00fd t\u01b0\u1edfng \u0111\u1ec3 k\u1ebft h\u1ee3p v\u1edbi \u0111\u1ed3 \u0103n, khi\u1ebfn n\u00f3 tr\u1edf n\u00ean ph\u1ed5 bi\u1ebfn v\u1edbi c\u00e1c \u0111\u1ea7u b\u1ebfp v\u00e0 ng\u01b0\u1eddi ph\u1ee5c v\u1ee5 r\u01b0\u1ee3u c\u0169ng nh\u01b0 danh ti\u1ebfng l\u00e0 n\u01b0\u1edbc \u0103n ngon \u0111\u01b0\u1ee3c ph\u1ee5c v\u1ee5 trong c\u00e1c nh\u00e0 h\u00e0ng t\u1ed1t nh\u1ea5t tr\u00ean th\u1ebf gi\u1edbi.<\/p>\n<p><strong>H\u01b0\u01a1ng v\u1ecb t\u01b0\u01a1i m\u00e1t v\u00e0 s\u1ea3ng kho\u00e1i, ho\u00e0n h\u1ea3o \u0111\u1ec3 k\u1ebft h\u1ee3p<\/strong><\/p>\n<p>\u1ea8m th\u1ef1c l\u00e0 m\u1ed9t ngh\u1ec7 thu\u1eadt v\u00e0 \u0111\u1ec3 th\u1ef1c hi\u1ec7n \u0111\u00fang c\u00e1ch c\u00f3 ngh\u0129a l\u00e0 s\u1eed d\u1ee5ng t\u1ea5t c\u1ea3 c\u00e1c gi\u00e1c quan, t\u1eeb ph\u00e2n t\u00edch th\u1ecb gi\u00e1c \u0111\u1ebfn \u0111\u00e1nh gi\u00e1 kh\u1ee9u gi\u00e1c v\u00e0 v\u1ecb gi\u00e1c.<\/p>\n<p>Vi\u1ec7c ch\u1ecdn lo\u1ea1i n\u01b0\u1edbc kho\u00e1ng ph\u00f9 h\u1ee3p \u0111\u1ec3 d\u00f9ng k\u00e8m b\u1eefa \u0103n c\u00f3 th\u1ec3 n\u00e2ng cao s\u1ef1 th\u00edch th\u00fa trong tr\u1ea3i nghi\u1ec7m \u0103n u\u1ed1ng t\u1ed5ng th\u1ec3, b\u1ed5 sung th\u1ee9c \u0103n v\u00e0 r\u01b0\u1ee3u vang c\u0169ng nh\u01b0 n\u00e2ng cao \u0111\u1eb7c \u0111i\u1ec3m c\u1ee7a c\u1ea3 hai.<\/p>\n<p><strong>N\u00e2ng T\u1ea7m Tr\u1ea3i Nghi\u1ec7m \u1ea8m Th\u1ef1c<\/strong><\/p>\n<p>N\u01b0\u1edbc kho\u00e1ng cao c\u1ea5p th\u01b0\u1eddng \u0111\u01b0\u1ee3c coi l\u00e0 m\u1ed9t ph\u1ea7n quan tr\u1ecdng c\u1ee7a tr\u1ea3i nghi\u1ec7m \u1ea9m th\u1ef1c tinh t\u1ebf. N\u00f3 c\u00f3 th\u1ec3 b\u1ed5 sung v\u00e0 t\u00f4n vinh h\u01b0\u01a1ng v\u1ecb c\u1ee7a c\u00e1c m\u00f3n \u0103n, t\u1ea1o ra m\u1ed9t c\u1ea3m gi\u00e1c \u0111\u1eb7c bi\u1ec7t cho b\u1eefa ti\u1ec7c.<\/p>\n<p><strong>Phong C\u00e1ch v\u00e0 Sang Tr\u1ecdng<\/strong><\/p>\n<p>N\u01b0\u1edbc kho\u00e1ng \u0111\u00f3ng chai trong c\u00e1c b\u00ecnh thi\u1ebft k\u1ebf \u0111\u1eb9p m\u1eaft th\u01b0\u1eddng \u0111\u01b0\u1ee3c xem nh\u01b0 m\u1ed9t bi\u1ec3u t\u01b0\u1ee3ng c\u1ee7a s\u1ef1 sang tr\u1ecdng v\u00e0 tinh t\u1ebf. S\u1ef1 hi\u1ec7n di\u1ec7n c\u1ee7a n\u01b0\u1edbc kho\u00e1ng cao c\u1ea5p c\u00f3 th\u1ec3 n\u00e2ng cao \u0111\u1eb3ng c\u1ea5p c\u1ee7a b\u1eefa ti\u1ec7c.<\/p>\n<p><strong>L\u1ee3i \u00cdch S\u1ee9c Kh\u1ecfe<\/strong><\/p>\n<p>N\u01b0\u1edbc kho\u00e1ng cung c\u1ea5p kho\u00e1ng ch\u1ea5t thi\u1ebft y\u1ebfu nh\u01b0 canxi v\u00e0 magi\u00ea, m\u00e0 kh\u00f4ng ch\u1ee9a calo, \u0111\u01b0\u1eddng ho\u1eb7c h\u00f3a ch\u1ea5t th\u00eam v\u00e0o. \u0110i\u1ec1u n\u00e0y l\u00e0m cho n\u00f3 tr\u1edf th\u00e0nh l\u1ef1a ch\u1ecdn l\u00fd t\u01b0\u1edfng cho nh\u1eefng ai quan t\u00e2m \u0111\u1ebfn s\u1ee9c kh\u1ecfe v\u00e0 dinh d\u01b0\u1ee1ng.<\/p>\n<p><strong>T\u1ea1o \u0110i\u1ec3m Nh\u1ea5n Trong B\u1eefa Ti\u1ec7c<\/strong><\/p>\n<p>Vi\u1ec7c ph\u1ee5c v\u1ee5 n\u01b0\u1edbc kho\u00e1ng trong c\u00e1c ly \u0111\u1eb7c bi\u1ec7t v\u00e0 th\u1ea3o lu\u1eadn v\u1ec1 ngu\u1ed3n g\u1ed1c v\u00e0 \u0111\u1eb7c t\u00ednh c\u1ee7a ch\u00fang c\u00f3 th\u1ec3 t\u1ea1o th\u00eam \u0111i\u1ec3m nh\u1ea5n th\u00fa v\u1ecb trong c\u00e1c cu\u1ed9c tr\u00f2 chuy\u1ec7n, l\u00e0m gi\u00e0u th\u00eam tr\u1ea3i nghi\u1ec7m c\u1ee7a kh\u00e1ch m\u1eddi.<\/p>\n<p><strong>K\u1ebft H\u1ee3p v\u1edbi R\u01b0\u1ee3u Vang v\u00e0 \u0110\u1ed3 U\u1ed1ng Kh\u00e1c<\/strong><\/p>\n<p>N\u01b0\u1edbc kho\u00e1ng l\u00e0 l\u1ef1a ch\u1ecdn ho\u00e0n h\u1ea3o \u0111\u1ec3 k\u1ebft h\u1ee3p v\u1edbi r\u01b0\u1ee3u vang v\u00e0 c\u00e1c lo\u1ea1i \u0111\u1ed3 u\u1ed1ng kh\u00e1c, gi\u00fap c\u00e2n b\u1eb1ng h\u01b0\u01a1ng v\u1ecb v\u00e0 t\u0103ng c\u01b0\u1eddng s\u1ef1 th\u01b0\u1edfng th\u1ee9c.<\/p>\n<p><strong>T\u00e1c \u0110\u1ed9ng T\u00edch C\u1ef1c \u0111\u1ebfn H\u00ecnh \u1ea2nh<\/strong><\/p>\n<p>S\u1ef1 ch\u00fa \u00fd \u0111\u1ebfn chi ti\u1ebft nh\u01b0 l\u1ef1a ch\u1ecdn n\u01b0\u1edbc kho\u00e1ng ch\u1ea5t l\u01b0\u1ee3ng cao cho th\u1ea5y s\u1ef1 quan t\u00e2m v\u00e0 ch\u0103m ch\u00fat cho kh\u00e1ch m\u1eddi, t\u1eeb \u0111\u00f3 t\u1ea1o \u1ea5n t\u01b0\u1ee3ng t\u1ed1t v\u00e0 n\u00e2ng cao h\u00ecnh \u1ea3nh c\u1ee7a ng\u01b0\u1eddi t\u1ed5 ch\u1ee9c.<\/p>\n<p><img fetchpriority=\"high\" decoding=\"async\" class=\"aligncenter\" src=\"https:\/\/havamall.com\/wp-content\/uploads\/2024\/12\/81hMKgYXiEL._AC_SL1500.jpg\" alt=\"Acqua Panna Natural Still Water - Box Of 24 Bottle \u2013 250 ml\" width=\"677\" height=\"639\" \/><\/p>\n<p>N\u01b0\u1edbc kho\u00e1ng S.Pellegrino n\u1ed5i ti\u1ebfng qu\u1ed1c t\u1ebf nh\u1edd nh\u1eefng \u0111\u1eb7c t\u00ednh \u0111\u1ed9c \u0111\u00e1o c\u1ee7a n\u00f3.\u00a0<strong>\u0110\u1ec3 th\u01b0\u1edfng th\u1ee9c m\u00f3n \u0103n ngon nh\u1ea5t, n\u00ean th\u01b0\u1edfng th\u1ee9c \u1edf nhi\u1ec7t \u0111\u1ed9 8-10\u00b0C<\/strong>. L\u00fd t\u01b0\u1edfng nh\u1ea5t l\u00e0 ly n\u00ean c\u00f3 v\u00e0nh h\u1eb9p \u0111\u1ec3 ki\u1ec3m so\u00e1t d\u00f2ng ch\u1ea5t l\u1ecfng ch\u1ea3y v\u00e0o v\u1ecb gi\u00e1c, mang l\u1ea1i c\u1ea3m gi\u00e1c t\u01b0\u01a1i m\u00e1t h\u01a1n.<\/p>","protected":false},"excerpt":{"rendered":"<p>TH\u00d4NG TIN CHUNG Th\u01b0\u01a1ng hi\u1ec7u S.Pellegrino Xu\u1ea5t x\u1ee9 \u00dd H\u1ea1n s\u1eed d\u1ee5ng Xem tr\u00ean bao b\u00ec H\u01b0\u1edbng d\u1eabn s\u1eed d\u1ee5ng<\/p>","protected":false},"featured_media":37713,"comment_status":"open","ping_status":"closed","template":"","meta":[],"product_brand":[],"product_cat":[135,724,700],"product_tag":[],"class_list":{"0":"post-37711","1":"product","2":"type-product","3":"status-publish","4":"has-post-thumbnail","6":"product_cat-sua-do-uong","7":"product_cat-nhap-khau-y","8":"product_cat-thuc-uong-khong-con","10":"first","11":"instock","12":"sale","13":"shipping-taxable","14":"purchasable","15":"product-type-simple"},"_links":{"self":[{"href":"https:\/\/havamall.com\/en\/wp-json\/wp\/v2\/product\/37711","targetHints":{"allow":["GET"]}}],"collection":[{"href":"https:\/\/havamall.com\/en\/wp-json\/wp\/v2\/product"}],"about":[{"href":"https:\/\/havamall.com\/en\/wp-json\/wp\/v2\/types\/product"}],"replies":[{"embeddable":true,"href":"https:\/\/havamall.com\/en\/wp-json\/wp\/v2\/comments?post=37711"}],"version-history":[{"count":0,"href":"https:\/\/havamall.com\/en\/wp-json\/wp\/v2\/product\/37711\/revisions"}],"wp:featuredmedia":[{"embeddable":true,"href":"https:\/\/havamall.com\/en\/wp-json\/wp\/v2\/media\/37713"}],"wp:attachment":[{"href":"https:\/\/havamall.com\/en\/wp-json\/wp\/v2\/media?parent=37711"}],"wp:term":[{"taxonomy":"product_brand","embeddable":true,"href":"https:\/\/havamall.com\/en\/wp-json\/wp\/v2\/product_brand?post=37711"},{"taxonomy":"product_cat","embeddable":true,"href":"https:\/\/havamall.com\/en\/wp-json\/wp\/v2\/product_cat?post=37711"},{"taxonomy":"product_tag","embeddable":true,"href":"https:\/\/havamall.com\/en\/wp-json\/wp\/v2\/product_tag?post=37711"}],"curies":[{"name":"wp","href":"https:\/\/api.w.org\/{rel}","templated":true}]}}