{"id":37718,"date":"2024-12-05T17:22:31","date_gmt":"2024-12-05T10:22:31","guid":{"rendered":"https:\/\/havamall.com\/?post_type=product&#038;p=37718"},"modified":"2025-09-28T17:13:36","modified_gmt":"2025-09-28T10:13:36","slug":"nuoc-cot-dua-wonderfarm-coconut-milk-160ml","status":"publish","type":"product","link":"https:\/\/havamall.com\/en\/shop\/nuoc-cot-dua-wonderfarm-coconut-milk-160ml\/","title":{"rendered":"N\u01b0\u1edbc C\u1ed1t D\u1eeba Wonderfarm \u2013 Coconut Milk 160ml"},"content":{"rendered":"<h3><strong>TH\u00d4NG TIN S\u1ea2N PH\u1ea8M<\/strong><\/h3>\n<table>\n<tbody>\n<tr>\n<td>Th\u01b0\u01a1ng hi\u1ec7u<\/td>\n<td>Wonderfarm<\/td>\n<\/tr>\n<tr>\n<td>Xu\u1ea5t x\u1ee9<\/td>\n<td>Vi\u1ec7t Nam<\/td>\n<\/tr>\n<tr>\n<td>Th\u00e0nh ph\u1ea7n<\/td>\n<td>100% n\u01b0\u1edbc c\u1ed1t d\u1eeba<\/td>\n<\/tr>\n<tr>\n<td>H\u1ea1n s\u1eed d\u1ee5ng<\/td>\n<td>18 th\u00e1ng k\u1ec3 t\u1eeb ng\u00e0y s\u1ea3n xu\u1ea5t.<\/td>\n<\/tr>\n<tr>\n<td>B\u1ea3o qu\u1ea3n<\/td>\n<td>B\u1ea3o qu\u1ea3n n\u01a1i kh\u00f4 r\u00e1o, tho\u00e1ng m\u00e1t<\/td>\n<\/tr>\n<tr>\n<td>Th\u1ec3 t\u00edch th\u1ef1c<\/td>\n<td>160 ml<\/td>\n<\/tr>\n<\/tbody>\n<\/table>\n<p>N\u01b0\u1edbc c\u1ed1t d\u1eeba Wonderfarm \u0111\u01b0\u1ee3c s\u1ea3n xu\u1ea5t t\u1eeb c\u01a1m d\u1eeba t\u01b0\u01a1i, qua c\u00f4ng ngh\u1ec7 ti\u1ec7t tr\u00f9ng UHT. C\u00f3 c\u00e1c lo\u1ea1i h\u00e0m l\u01b0\u1ee3ng b\u00e9o: 20% \u2013 26%. Th\u00e0nh ph\u1ea7n: 100% n\u01b0\u1edbc c\u1ed1t d\u1eeba.<\/p>\n<p>N\u01b0\u1edbc c\u1ed1t d\u1eeba Wonderfarm \u0111\u01b0\u1ee3c s\u1ea3n xu\u1ea5t tr\u1ef1c ti\u1ebfp t\u1eeb c\u01a1m d\u1eeba t\u01b0\u01a1i c\u1ee7a v\u01b0\u01a1ng qu\u1ed1c d\u1eeba B\u1ebfn Tre, qua c\u00f4ng ngh\u1ec7 ti\u1ec7t tr\u00f9ng UHT.<\/p>\n<p>S\u1ea3n ph\u1ea9m c\u00f3 h\u01b0\u01a1ng v\u1ecb \u0111\u1eadm \u0111\u00e0, gi\u00e0u ch\u1ea5t dinh d\u01b0\u1ee1ng, c\u00f3 v\u1ecb th\u01a1m b\u00e9o v\u00e0 s\u00e1nh m\u1ecbn t\u1ef1 nhi\u00ean, \u0111\u1eb7c bi\u1ec7t \u0111\u01b0\u1ee3c \u0111\u00f3ng g\u00f3i h\u1ed9p thi\u1ebfc v\u1ec7 sinh an to\u00e0n th\u01b0c ph\u1ea9m.<\/p>\n<p>N\u01b0\u1edbc c\u1ed1t d\u1eeba c\u00f3 nhi\u1ec1u d\u01b0\u1ee1ng ch\u1ea5t r\u1ea5t t\u1ed1t cho s\u1ee9c kh\u1ecfe. D\u00f9ng b\u1ed9t c\u1ed1t d\u1eeba trong vi\u1ec7c n\u1ea5u c\u00e1c m\u00f3n \u0103n tuy\u1ec7t \u0111\u1ed1i l\u00e0 l\u1ef1a ch\u1ecdn \u0111\u00fang \u0111\u1eafn. Trong n\u01b0\u1edbc v\u00e0 c\u01a1m d\u1eeba t\u1ef1 nhi\u00ean c\u00f3 ch\u1ee9a ch\u1ea5t x\u01a1 v\u00e0 ch\u1ea5t b\u00e9o l\u00e0nh m\u1ea1nh. N\u00f3 r\u1ea5t t\u1ed1t cho tim m\u1ea1ch v\u00e0 c\u01a1 b\u1eafp, h\u1ed7 tr\u1ee3 h\u1ec7 ti\u00eau h\u00f3a l\u1eabn h\u1ec7 mi\u1ec5n d\u1ecbch.<\/p>\n<p>T\u01b0\u01a1ng t\u1ef1 nh\u01b0 v\u1eady, n\u01b0\u1edbc c\u1ed1t d\u1eeba d\u00f9ng trong n\u1ea5u \u0103n c\u0169ng s\u1ebd h\u00f2a l\u1eabn nh\u1eefng d\u01b0\u1ee1ng ch\u1ea5t tr\u00ean trong t\u1eebng m\u00f3n \u0103n. Tuy b\u1ed9t c\u1ed1t d\u1eeba t\u1ea1o v\u1ecb b\u00e9o v\u00e0 ng\u1ecdt cho m\u00f3n \u0103n nh\u01b0ng ch\u00fang ch\u1ec9 c\u00f3 t\u00e1c d\u1ee5ng gi\u00fap m\u00f3n \u0103n th\u00eam th\u01a1m ngon.<\/p>\n<p><img fetchpriority=\"high\" decoding=\"async\" class=\"aligncenter\" src=\"https:\/\/havamall.com\/wp-content\/uploads\/2024\/12\/nuoc-cot-dua-wonderfarm-lon-160ml-5-org.jpg.webp\" alt=\"N\u01b0\u1edbc C\u1ed1t D\u1eeba, Lon 160ml - Gia V\u1ecb Chay Nh\u00e2n Duy\u00ean\" width=\"624\" height=\"468\" \/><\/p>\n<h3><strong>H\u01b0\u1edbng d\u1eabn s\u1eed d\u1ee5ng:<\/strong><\/h3>\n<p>\u2013 C\u00f3 th\u1ec3 d\u00f9ng l\u00e0m gia v\u1ecb c\u00e1c m\u00f3n c\u00e0 ri, m\u00f3n kho, m\u00f3n x\u00e0o, n\u1ea5u s\u00fap ho\u1eb7c l\u00e0m nguy\u00ean li\u1ec7u th\u01a1m ngon n\u1ea5u k\u00e8m, \u0103n k\u00e8m v\u1edbi c\u00e1c m\u00f3n ch\u00e8, rau c\u00e2u.<\/p>\n<p>\u2013 \u0110\u1eb7c bi\u1ec7t c\u00f3 th\u1ec3 d\u00f9ng \u0111\u1ec3 pha ch\u1ebf th\u1ee9c u\u1ed1ng mang l\u1ea1i h\u01b0\u01a1ng v\u1ecb b\u00e9o th\u01a1m, \u0111\u1eadm \u0111\u00e0.<\/p>\n<p>\u2013 N\u01b0\u1edbc c\u1ed1t d\u1eeba c\u00f3 th\u1ec3 d\u00f9ng trong ng\u00e0nh kem, b\u00e1nh k\u1eb9o, th\u1ee9c u\u1ed1ng, v\u00e0 l\u00e0 s\u1ea3n ph\u1ea9m thay th\u1ebf cho c\u00e1c lo\u1ea1i s\u1eefa kh\u00e1c c\u00f3 ngu\u1ed3n g\u1ed1c t\u1eeb \u0111\u1ed9ng v\u1eadt.<\/p>\n<p><img decoding=\"async\" class=\"aligncenter\" src=\"https:\/\/havamall.com\/wp-content\/uploads\/2024\/12\/20240611_13GfzMlhiJ.jpg\" alt=\"N\u01b0\u1edbc c\u1ed1t d\u1eeba Wonder Farm - 160ml\" width=\"521\" height=\"521\" \/><\/p>\n<h3><strong>Nh\u1eefng c\u00f4ng d\u1ee5ng l\u00e0m \u0111\u1eb9p c\u1ee7a n\u01b0\u1edbc c\u1ed1t d\u1eeba:<\/strong><\/h3>\n<p>\u2013 Ng\u0103n ng\u1eeba l\u00e3o h\u00f3a da: n\u01b0\u1edbc c\u1ed1t d\u1eeba c\u00f3 h\u00e0m l\u01b0\u1ee3ng \u0111\u1ed3ng v\u00e0 vitamin C gi\u00fap duy tr\u00ec s\u1ef1 \u0111\u00e0n h\u1ed3i c\u1ee7a da v\u00e0 ng\u0103n kh\u00f4ng cho n\u1ebfp nh\u0103n ph\u00e1t tri\u1ec3n.<\/p>\n<p>\u2013 Cung c\u1ea5p c\u00e1c d\u01b0\u1ee1ng ch\u1ea5t c\u1ea7n thi\u1ebft nu\u00f4i d\u01b0\u1ee1ng l\u00e0n da: B\u1ea1n ch\u1ec9 c\u1ea7n thoa n\u01b0\u1edbc c\u1ed1t d\u1eeba l\u00ean da v\u00e0 kho\u1ea3ng n\u1eeda ti\u1ebfng sau l\u00e0 b\u1ea1n c\u00f3 th\u1ec3 c\u1ea3m nh\u1eadn \u0111\u01b0\u1ee3c l\u00e0n da t\u01b0\u01a1i m\u00e1t h\u01a1n<\/p>\n<p>\u2013 L\u00e0 ch\u1ea5t t\u1ea9y trang c\u00f3 hi\u1ec7u qu\u1ea3: N\u01b0\u1edbc c\u1ed1t d\u1eeba s\u1ebd l\u1ea5y \u0111i c\u00e1c h\u00f3a ch\u1ea5t b\u00e1m ch\u1eb7t trong l\u1ed7 ch\u00e2n l\u00f4ng c\u1ee7a b\u1ea1n v\u00e0 b\u1ed5 sung dinh d\u01b0\u1ee1ng gi\u00fap da th\u00f4ng tho\u00e1ng.<\/p>\n<p>\u2013 C\u00f3 t\u00e1c d\u1ee5ng ch\u1ed1ng n\u1eafng v\u00e0 ch\u1eefa ch\u00e1y n\u1eafng: N\u01b0\u1edbc c\u1ed1t d\u1eeba gi\u00fap l\u00e0m gi\u1ea3m v\u1ebft ch\u00e1y n\u1eafng v\u00e0 t\u0103ng t\u1ed1c qu\u00e1 tr\u00ecnh h\u1ed3i ph\u1ee5c v\u1ebft th\u01b0\u01a1ng<\/p>\n<p>\u2013 X\u1eed l\u00fd t\u1ed1t c\u00e1c b\u1ec7nh v\u1ec1 da: n\u01b0\u1edbc c\u1ed1t d\u1eeba c\u00f3 t\u00e1c d\u1ee5ng h\u1ea1n ch\u1ebf s\u1ef1 ph\u00e1t tri\u1ec3n c\u00e1c b\u1ec7nh v\u1ec1 da nh\u01b0 v\u1ea9y n\u1ebfn ho\u1eb7c ch\u00e0m<\/p>\n<p>\u2013 Ngo\u00e0i ra n\u01b0\u1edbc c\u1ed1t d\u1eeba c\u00f2n r\u1ea5t c\u00f3 t\u00e1c d\u1ee5ng v\u1edbi s\u1ef1 ph\u00e1t tri\u1ec3n c\u1ee7a t\u00f3c v\u00e0 ng\u0103n ng\u1eeba g\u1ea7u n\u1ebfu ta s\u1eed d\u1ee5ng d\u1ec3 d\u01b0\u1ee1ng t\u00f3c.<\/p>\n<p>S\u1ea3n ph\u1ea9m hi\u1ec7n \u0111\u00e3 c\u00f3 m\u1eb7t t\u1ea1i Havamall.<\/p>","protected":false},"excerpt":{"rendered":"<p>TH\u00d4NG TIN S\u1ea2N PH\u1ea8M Th\u01b0\u01a1ng hi\u1ec7u Wonderfarm Xu\u1ea5t x\u1ee9 Vi\u1ec7t Nam Th\u00e0nh ph\u1ea7n 100% n\u01b0\u1edbc c\u1ed1t d\u1eeba H\u1ea1n s\u1eed d\u1ee5ng<\/p>","protected":false},"featured_media":37719,"comment_status":"open","ping_status":"closed","template":"","meta":[],"product_brand":[],"product_cat":[36,255,705],"product_tag":[],"class_list":{"0":"post-37718","1":"product","2":"type-product","3":"status-publish","4":"has-post-thumbnail","6":"product_cat-thuc-pham-tieu-dung","7":"product_cat-nguyen-lieu-lam-banh","8":"product_cat-sot-do-hop","10":"first","11":"outofstock","12":"sale","13":"shipping-taxable","14":"purchasable","15":"product-type-simple"},"_links":{"self":[{"href":"https:\/\/havamall.com\/en\/wp-json\/wp\/v2\/product\/37718","targetHints":{"allow":["GET"]}}],"collection":[{"href":"https:\/\/havamall.com\/en\/wp-json\/wp\/v2\/product"}],"about":[{"href":"https:\/\/havamall.com\/en\/wp-json\/wp\/v2\/types\/product"}],"replies":[{"embeddable":true,"href":"https:\/\/havamall.com\/en\/wp-json\/wp\/v2\/comments?post=37718"}],"version-history":[{"count":0,"href":"https:\/\/havamall.com\/en\/wp-json\/wp\/v2\/product\/37718\/revisions"}],"wp:featuredmedia":[{"embeddable":true,"href":"https:\/\/havamall.com\/en\/wp-json\/wp\/v2\/media\/37719"}],"wp:attachment":[{"href":"https:\/\/havamall.com\/en\/wp-json\/wp\/v2\/media?parent=37718"}],"wp:term":[{"taxonomy":"product_brand","embeddable":true,"href":"https:\/\/havamall.com\/en\/wp-json\/wp\/v2\/product_brand?post=37718"},{"taxonomy":"product_cat","embeddable":true,"href":"https:\/\/havamall.com\/en\/wp-json\/wp\/v2\/product_cat?post=37718"},{"taxonomy":"product_tag","embeddable":true,"href":"https:\/\/havamall.com\/en\/wp-json\/wp\/v2\/product_tag?post=37718"}],"curies":[{"name":"wp","href":"https:\/\/api.w.org\/{rel}","templated":true}]}}