{"id":37733,"date":"2024-12-10T11:15:08","date_gmt":"2024-12-10T04:15:08","guid":{"rendered":"https:\/\/havamall.com\/?post_type=product&#038;p=37733"},"modified":"2025-05-08T16:01:19","modified_gmt":"2025-05-08T09:01:19","slug":"sot-bac-ha-hieu-colmans-mint-sauce-grown-in-norfolk-165g","status":"publish","type":"product","link":"https:\/\/havamall.com\/en\/shop\/sot-bac-ha-hieu-colmans-mint-sauce-grown-in-norfolk-165g\/","title":{"rendered":"S\u1ed1t B\u1ea1c H\u00e0 hi\u1ec7u Colman&#8217;s Mint Sauce (Grown in Norfolk) 165g"},"content":{"rendered":"<h2 class=\"product-detail__specs-title\"><strong>TH\u00d4NG TIN CHUNG<\/strong><\/h2>\n<div id=\"js-product-detail__specs\" class=\"product-detail__specs\">\n<div class=\"row\">\n<div class=\"col-sm-12\">\n<div class=\"product-specs__table\">\n<table style=\"width: 100%; height: 192px;\">\n<tbody>\n<tr style=\"height: 24px;\">\n<td class=\"specs-table__property\" style=\"height: 24px;\">Th\u01b0\u01a1ng hi\u1ec7u<\/td>\n<td class=\"specs-table__value\" style=\"height: 24px;\">Colman&#8217;s<\/td>\n<\/tr>\n<tr style=\"height: 24px;\">\n<td class=\"specs-table__property\" style=\"height: 24px;\">Xu\u1ea5t x\u1ee9<\/td>\n<td class=\"specs-table__value\" style=\"height: 24px;\">Anh<\/td>\n<\/tr>\n<tr style=\"height: 24px;\">\n<td class=\"specs-table__property\" style=\"height: 24px;\">H\u1ea1n s\u1eed d\u1ee5ng<\/td>\n<td class=\"specs-table__value\" style=\"height: 24px;\">Xem tr\u00ean bao b\u00ec<\/td>\n<\/tr>\n<tr style=\"height: 24px;\">\n<td class=\"specs-table__property\" style=\"height: 24px;\">H\u01b0\u1edbng d\u1eabn s\u1eed d\u1ee5ng<\/td>\n<td class=\"specs-table__value\" style=\"height: 24px;\">S\u1eed d\u1ee5ng tr\u1ef1c ti\u1ebfp ho\u1eb7c ch\u1ebf bi\u1ebfn m\u00f3n \u0103n<\/td>\n<\/tr>\n<tr style=\"height: 24px;\">\n<td class=\"specs-table__property\" style=\"height: 24px;\">H\u01b0\u1edbng d\u1eabn b\u1ea3o qu\u1ea3n<\/td>\n<td class=\"specs-table__value\" style=\"height: 24px;\">N\u01a1i kh\u00f4 r\u00e1o, tho\u00e1ng m\u00e1t, tr\u00e1nh \u00e1nh n\u1eafng tr\u1ef1c ti\u1ebfp<\/td>\n<\/tr>\n<tr style=\"height: 48px;\">\n<td class=\"specs-table__property\" style=\"height: 48px;\">Th\u00e0nh ph\u1ea7n nguy\u00ean li\u1ec7u<\/td>\n<td class=\"specs-table__value\" style=\"height: 48px;\">\n<div id=\"ingredients\" class=\"data item content resp-tab-content d-block\" role=\"tabpanel\" data-role=\"content\" aria-labelledby=\"tab-label-ingredients\" aria-hidden=\"true\">\n<div class=\"product attribute ingredients\">\n<div class=\"value\">B\u1ea1c h\u00e0 (25%), gi\u1ea5m r\u01b0\u1ee3u, \u0111\u01b0\u1eddng, xi-r\u00f4 \u0111\u01b0\u1eddng fructose, n\u01b0\u1edbc, mu\u1ed1i, axit (axit axetic), ch\u1ea5t \u1ed5n \u0111\u1ecbnh (k\u1eb9o cao su xanthan), m\u00e0u (\u0111\u1ed3ng chlorophyllin)<\/div>\n<\/div>\n<\/div>\n<\/td>\n<\/tr>\n<tr style=\"height: 24px;\">\n<td class=\"specs-table__property\" style=\"height: 24px;\">Kh\u1ed1i l\u01b0\u1ee3ng<\/td>\n<td class=\"specs-table__value\" style=\"height: 24px;\">165g<\/td>\n<\/tr>\n<\/tbody>\n<\/table>\n<p>H\u01a1n 200 n\u0103m tr\u01b0\u1edbc, Jeremiah Colman \u0111\u00e3 th\u00e0nh l\u1eadp Colman&#8217;s t\u1ea1i Stoke Holy Cross, c\u00e1ch Norwich 4 d\u1eb7m. \u0110am m\u00ea \u1ea9m th\u1ef1c ngon v\u00e0 h\u01b0\u01a1ng v\u1ecb \u0111\u1eadm \u0111\u00e0, Colman&#8217;s ti\u1ebfp t\u1ee5c cam k\u1ebft s\u1eed d\u1ee5ng c\u00e1c th\u00e0nh ph\u1ea7n ch\u1ea5t l\u01b0\u1ee3ng tuy\u1ec7t v\u1eddi \u0111\u1ec3 t\u1ea1o ra ch\u1ea5t t\u0103ng h\u01b0\u01a1ng v\u1ecb t\u1ed1t nh\u1ea5t cho th\u1ef1c ph\u1ea9m c\u1ee7a b\u1ea1n. N\u01b0\u1edbc s\u1ed1t b\u1ea1c h\u00e0 Colman&#8217;s l\u00e0 m\u1ed9t lo\u1ea1i gia v\u1ecb chua chua s\u1ea3ng kho\u00e1i s\u1ebd th\u00eam h\u01b0\u01a1ng v\u1ecb cay n\u1ed3ng cho c\u00e1c m\u00f3n \u0103n y\u00eau th\u00edch c\u1ee7a b\u1ea1n. Nh\u1edd cam k\u1ebft c\u1ee7a ch\u00fang t\u00f4i \u0111\u1ed1i v\u1edbi s\u1ea3n ph\u1ea9m \u0111\u1ecba ph\u01b0\u01a1ng, s\u1ea3n ph\u1ea9m \u0111\u01b0\u1ee3c l\u00e0m b\u1eb1ng b\u1ea1c h\u00e0 tr\u1ed3ng t\u1ea1i Norfolk v\u00ec h\u01b0\u01a1ng v\u1ecb \u0111\u1ecba ph\u01b0\u01a1ng ngon h\u01a1n.<\/p>\n<p><img fetchpriority=\"high\" decoding=\"async\" class=\"aligncenter\" src=\"https:\/\/havamall.com\/wp-content\/uploads\/2024\/12\/FPg0eAtWUAcdQxh.jpg\" alt=\"Colman's on X: &quot;Introducing Colman's Easter Scotch Egg \ud83e\udd29 A MINT twist on a traditional Easter Egg \ud83d\ude06 Treat yourself with our delicious Scotch egg, made with British lamb and Colman's Mint\" width=\"739\" height=\"739\" \/><\/p>\n<p>\u0110\u00e2y l\u00e0 m\u00f3n \u0103n k\u00e8m ho\u00e0n h\u1ea3o cho th\u1ecbt c\u1eebu n\u01b0\u1edbng c\u1ee7a b\u1ea1n v\u00e0 th\u00eam h\u01b0\u01a1ng v\u1ecb h\u1ea5p d\u1eabn \u0111\u1ed9c \u0111\u00e1o cho c\u00e1c c\u00f4ng th\u1ee9c l\u00e0m n\u01b0\u1edbc s\u1ed1t salad v\u00e0 guacamole. H\u00e3y lu\u00f4n c\u00f3 s\u1eb5n m\u1ed9t l\u1ecd s\u1ed1t b\u1ea1c h\u00e0 Colman \u0111\u1ec3 bi\u1ebfn \u0111\u1ed5i b\u1eefa \u0103n h\u00e0ng ng\u00e0y c\u1ee7a b\u1ea1n t\u1eeb \u0111\u01a1n gi\u1ea3n th\u00e0nh ho\u00e0nh tr\u00e1ng.<\/p>\n<section id=\"\\productInformation\" class=\"op-section\">\n<h3 class=\"op-productInfo__header\">Th\u00f4ng tin s\u1ea3n ph\u1ea9m<\/h3>\n<div class=\"op-section\">\n<div class=\"\\gn-accordionElement\">\n<div class=\"\\gn-accordionElement__content\" aria-hidden=\"alse\">\n<div class=\"\\gn-accordionElement__wrapper\">\n<div class=\"\\gn-content\">\n<div class=\"op-info__content\">H\u00e3y th\u1eed s\u1ed1t b\u1ea1c h\u00e0 Colman v\u00e0 l\u00e0m cho b\u1eefa t\u1ed1i n\u01b0\u1edbng ti\u1ebfp theo c\u1ee7a b\u1ea1n tr\u1edf n\u00ean s\u1ed1ng \u0111\u1ed9ng v\u1edbi c\u00e1c s\u1ea3n ph\u1ea9m \u0111\u1ecba ph\u01b0\u01a1ng mang \u0111\u1ebfn cho ng\u01b0\u1eddi Anh h\u01b0\u01a1ng v\u1ecb tr\u1ecdn v\u1eb9n m\u00e0 h\u1ecd x\u1ee9ng \u0111\u00e1ng c\u00f3 \u0111\u01b0\u1ee3c. S\u1ed1t b\u1ea1c h\u00e0 c\u1ee7a ch\u00fang t\u00f4i \u0111\u01b0\u1ee3c l\u00e0m t\u1eeb c\u00e1c th\u00e0nh ph\u1ea7n c\u00f3 ngu\u1ed3n g\u1ed1c t\u1ea1i \u0111\u1ecba ph\u01b0\u01a1ng nh\u01b0 b\u1ea1c h\u00e0 tr\u1ed3ng \u1edf Norfolk. Lo\u1ea1i s\u1ed1t n\u00e0y \u0111\u1ebfn t\u1eeb th\u01b0\u01a1ng hi\u1ec7u gia v\u1ecb s\u1ed1 1 c\u1ee7a V\u01b0\u01a1ng qu\u1ed1c Anh \u0111\u00e3 s\u1eb5n s\u00e0ng \u0111\u1ec3 s\u1eed d\u1ee5ng. T\u1ea1i sao kh\u00f4ng th\u1eed th\u00eam lo\u1ea1i s\u1ed1t b\u1ea1c h\u00e0 n\u00e0y v\u00e0o n\u01b0\u1edbc s\u1ed1t tr\u1ed9n salad ho\u1eb7c guacamole \u0111\u1ec3 c\u00f3 h\u01b0\u01a1ng v\u1ecb chua chua \u0111\u1ed9c \u0111\u00e1o?. Bi\u1ebfn m\u00f3n th\u1ecbt c\u1eebu n\u01b0\u1edbng c\u1ee7a b\u1ea1n t\u1eeb ngon th\u00e0nh tuy\u1ec7t v\u1eddi v\u1edbi s\u1ed1t b\u1ea1c h\u00e0 Colman. Lo\u1ea1i gia v\u1ecb n\u00e0y \u0111\u01b0\u1ee3c \u0111\u1ef1ng trong l\u1ecd 165 g &#8211; ho\u00e0n h\u1ea3o cho b\u1eefa t\u1ed1i gia \u0111\u00ecnh!<\/div>\n<div><\/div>\n<div><img decoding=\"async\" class=\"aligncenter\" src=\"https:\/\/havamall.com\/wp-content\/uploads\/2024\/12\/167265214_1087670081740206_386818167669775217_n_800x.jpg\" alt=\"Colman's Mint Sauce 165g | Taste Ireland\" width=\"621\" height=\"776\" \/><\/div>\n<\/div>\n<\/div>\n<\/div>\n<\/div>\n<\/div>\n<\/section>\n<\/div>\n<\/div>\n<\/div>\n<\/div>","protected":false},"excerpt":{"rendered":"<p>TH\u00d4NG TIN CHUNG Th\u01b0\u01a1ng hi\u1ec7u Colman&#8217;s Xu\u1ea5t x\u1ee9 Anh H\u1ea1n s\u1eed d\u1ee5ng Xem tr\u00ean bao b\u00ec H\u01b0\u1edbng d\u1eabn s\u1eed d\u1ee5ng<\/p>","protected":false},"featured_media":37734,"comment_status":"open","ping_status":"closed","template":"","meta":[],"product_brand":[],"product_cat":[36,730,705],"product_tag":[],"class_list":{"0":"post-37733","1":"product","2":"type-product","3":"status-publish","4":"has-post-thumbnail","6":"product_cat-thuc-pham-tieu-dung","7":"product_cat-cac-nuoc-khac","8":"product_cat-sot-do-hop","10":"first","11":"outofstock","12":"sale","13":"shipping-taxable","14":"purchasable","15":"product-type-simple"},"_links":{"self":[{"href":"https:\/\/havamall.com\/en\/wp-json\/wp\/v2\/product\/37733","targetHints":{"allow":["GET"]}}],"collection":[{"href":"https:\/\/havamall.com\/en\/wp-json\/wp\/v2\/product"}],"about":[{"href":"https:\/\/havamall.com\/en\/wp-json\/wp\/v2\/types\/product"}],"replies":[{"embeddable":true,"href":"https:\/\/havamall.com\/en\/wp-json\/wp\/v2\/comments?post=37733"}],"version-history":[{"count":0,"href":"https:\/\/havamall.com\/en\/wp-json\/wp\/v2\/product\/37733\/revisions"}],"wp:featuredmedia":[{"embeddable":true,"href":"https:\/\/havamall.com\/en\/wp-json\/wp\/v2\/media\/37734"}],"wp:attachment":[{"href":"https:\/\/havamall.com\/en\/wp-json\/wp\/v2\/media?parent=37733"}],"wp:term":[{"taxonomy":"product_brand","embeddable":true,"href":"https:\/\/havamall.com\/en\/wp-json\/wp\/v2\/product_brand?post=37733"},{"taxonomy":"product_cat","embeddable":true,"href":"https:\/\/havamall.com\/en\/wp-json\/wp\/v2\/product_cat?post=37733"},{"taxonomy":"product_tag","embeddable":true,"href":"https:\/\/havamall.com\/en\/wp-json\/wp\/v2\/product_tag?post=37733"}],"curies":[{"name":"wp","href":"https:\/\/api.w.org\/{rel}","templated":true}]}}