{"id":37738,"date":"2024-12-10T13:43:13","date_gmt":"2024-12-10T06:43:13","guid":{"rendered":"https:\/\/havamall.com\/?post_type=product&#038;p=37738"},"modified":"2025-08-21T10:50:04","modified_gmt":"2025-08-21T03:50:04","slug":"bach-qua-tuoi-tach-vo-250g-ginko-biloba","status":"publish","type":"product","link":"https:\/\/havamall.com\/en\/shop\/bach-qua-tuoi-tach-vo-250g-ginko-biloba\/","title":{"rendered":"B\u1ea1ch Qu\u1ea3 T\u01b0\u01a1i T\u00e1ch V\u1ecf 250g &#8211; Ginko biloba"},"content":{"rendered":"<h2 class=\"product-detail__specs-title\"><strong>TH\u00d4NG TIN CHUNG<\/strong><\/h2>\n<div id=\"js-product-detail__specs\" class=\"product-detail__specs\">\n<div class=\"row\">\n<div class=\"col-sm-12\">\n<div class=\"product-specs__table\">\n<table>\n<tbody>\n<tr>\n<td class=\"specs-table__property\">Th\u01b0\u01a1ng hi\u1ec7u<\/td>\n<td class=\"specs-table__value\">Havafoodies<\/td>\n<\/tr>\n<tr>\n<td class=\"specs-table__property\">Xu\u1ea5t x\u1ee9<\/td>\n<td class=\"specs-table__value\">Trung Qu\u1ed1c<\/td>\n<\/tr>\n<tr>\n<td class=\"specs-table__property\">H\u1ea1n s\u1eed d\u1ee5ng<\/td>\n<td class=\"specs-table__value\">Xem tr\u00ean bao b\u00ec<\/td>\n<\/tr>\n<tr>\n<td class=\"specs-table__property\">H\u01b0\u1edbng d\u1eabn s\u1eed d\u1ee5ng<\/td>\n<td class=\"specs-table__value\">S\u1eed d\u1ee5ng tr\u1ef1c ti\u1ebfp ho\u1eb7c ch\u1ebf bi\u1ebfn m\u00f3n \u0103n<\/td>\n<\/tr>\n<tr>\n<td class=\"specs-table__property\">H\u01b0\u1edbng d\u1eabn b\u1ea3o qu\u1ea3n<\/td>\n<td class=\"specs-table__value\">N\u01a1i kh\u00f4 r\u00e1o, tho\u00e1ng m\u00e1t, tr\u00e1nh \u00e1nh n\u1eafng tr\u1ef1c ti\u1ebfp<\/td>\n<\/tr>\n<tr>\n<td class=\"specs-table__property\">Th\u00e0nh ph\u1ea7n nguy\u00ean li\u1ec7u<\/td>\n<td class=\"specs-table__value\">\n<div id=\"ingredients\" class=\"data item content resp-tab-content d-block\" role=\"tabpanel\" data-role=\"content\" aria-labelledby=\"tab-label-ingredients\" aria-hidden=\"true\">\n<div class=\"product attribute ingredients\">\n<div class=\"value\">B\u1ea1ch qu\u1ea3 100%<\/div>\n<\/div>\n<\/div>\n<\/td>\n<\/tr>\n<tr>\n<td class=\"specs-table__property\">Kh\u1ed1i l\u01b0\u1ee3ng<\/td>\n<td class=\"specs-table__value\">250g<\/td>\n<\/tr>\n<\/tbody>\n<\/table>\n<\/div>\n<\/div>\n<\/div>\n<\/div>\n<p dir=\"ltr\">B\u1ea1ch qu\u1ea3 l\u00e0 m\u1ed9t lo\u1ea1i c\u00e2y thu\u1ed1c qu\u00fd \u1edf Nh\u1eadt B\u1ea3n, kh\u00f4ng ch\u1ec9 l\u00e0 d\u00f9ng l\u00e0m thu\u1ed1c tr\u1ecb b\u1ec7nh m\u00e0 h\u1ea1t b\u1ea1ch qu\u1ea3 c\u00f2n \u0111\u01b0\u1ee3c d\u00f9ng \u0111\u1ec3 n\u1ea5u c\u00e1c m\u00f3n ch\u00e8 v\u00e0 c\u00f3 trong nhi\u1ec1u lo\u1ea1i n\u01b0\u1edbc gi\u1ea3i kh\u00e1t.<\/p>\n<p dir=\"ltr\">B\u1ea1ch qu\u1ea3 l\u00e0 s\u1ea3n ph\u1ea9m r\u1ea5t t\u1ed1t cho n\u00e3o, kh\u00ed huy\u1ebft, gi\u00fap l\u00e0m \u0111\u1eb9p da, ch\u1ed1ng l\u00e3o h\u00f3a v\u00e0 k\u00e9o d\u00e0i tu\u1ed5i th\u1ecd. Th\u01b0\u1eddng xuy\u00ean \u0103n \u0103n b\u1ea1ch qu\u1ea3 c\u00f2n gi\u00fap l\u00e0m gi\u1ea3m h\u1ed9i ch\u1ee9ng Alzheimer, tr\u1ecb m\u1ea5t ng\u1ee7, tr\u1ecb ho, suy\u1ec5n, tr\u1ecb m\u1ee5n nh\u1ecdt\u2026<\/p>\n<p dir=\"ltr\"><img decoding=\"async\" class=\"aligncenter\" src=\"https:\/\/sp-ao.shortpixel.ai\/client\/to_webp,q_glossy,ret_img,w_700,h_525\/https:\/\/tournhatban.net\/wp-content\/uploads\/2024\/11\/Hat-bach-qua-rang-muoi.jpg\" alt=\"H\u1ea1t b\u1ea1ch qu\u1ea3 - \u0111\u1eb7c s\u1ea3n m\u00f9a thu Nh\u1eadt B\u1ea3n - Tour Nh\u1eadt B\u1ea3n\" \/><\/p>\n<h2 dir=\"ltr\">\u0110\u1eb7c \u0111i\u1ec3m n\u1ed5i b\u1eadt c\u1ee7a s\u1ea3n ph\u1ea9m<\/h2>\n<h3 dir=\"ltr\">Gi\u00fap c\u1ea3i thi\u1ec7n tr\u00ed nh\u1edb, th\u00fac \u0111\u1ea9y tu\u1ea7n ho\u00e0n m\u00e1u<\/h3>\n<p dir=\"ltr\">H\u1ea1t b\u1ea1ch qu\u1ea3 c\u00f2n c\u00f3 t\u00ean g\u1ecdi kh\u00e1c l\u00e0 Ginkgo biloba \u2013 m\u1ed9t lo\u1ea1i th\u1ef1c ph\u1ea9m c\u00f3 c\u00f4ng d\u1ee5ng tuy\u1ec7t v\u1eddi trong vi\u1ec7c h\u1ed7 tr\u1ee3 c\u00e1c v\u1ea5n \u0111\u1ec1 v\u1ec1 n\u00e3o b\u1ed9, gi\u00fap c\u1ea3i thi\u1ec7n tr\u00ed nh\u1edb. Th\u00e0nh ph\u1ea7n Ginkgolide trong h\u1ea1t b\u1ea1ch qu\u1ea3 gi\u00fap th\u00fac \u0111\u1ea9y tu\u1ea7n ho\u00e0n m\u00e1u, l\u00e0m \u1ea5m c\u01a1 th\u1ec3 m\u1ea1nh m\u1ebd, \u0111\u1ed3ng th\u1eddi c\u1ea3i thi\u1ec7n c\u00e1c v\u1ea5n \u0111\u1ec1 v\u1ec1 ti\u1ebft ti\u1ebft ni\u1ec7u nh\u01b0 ti\u1ec3u kh\u00f4ng t\u1ef1 ch\u1ee7, ti\u1ec3u bu\u1ed1t, ti\u1ec3u \u0111\u00eam.<\/p>\n<p dir=\"ltr\">H\u1ea1t b\u1ea1ch qu\u1ea3 c\u00f3 ch\u1ee9a nhi\u1ec1u ch\u1ea5t gi\u00fap c\u1ea3i thi\u1ec7n tr\u00ed nh\u1edb<\/p>\n<p dir=\"ltr\">Nhi\u1ec1u nghi\u00ean c\u1ee9u \u0111\u00e3 ch\u1ec9 ra r\u1eb1ng, s\u1eed d\u1ee5ng h\u1ea1t b\u1ea1ch qu\u1ea3 h\u00e0ng ng\u00e0y k\u1ebft h\u1ee3p v\u1edbi thu\u1ed1c t\u00e2m th\u1ea7n trong v\u00f2ng 8-16 tu\u1ea7n c\u00f3 th\u1ec3 l\u00e0m gi\u1ea3m c\u00e1c tri\u1ec7u ch\u1ee9ng t\u00e2m th\u1ea7n ph\u00e2n li\u1ec7t. \u0110\u1ed3ng th\u1eddi, th\u00e0nh ph\u1ea7n c\u00f3 trong h\u1ea1t b\u1ea1ch qu\u1ea3 c\u0169ng gi\u00fap l\u00e0m gi\u1ea3m m\u1ed9t s\u1ed1 t\u00e1c d\u1ee5ng ph\u1ee5 c\u1ee7a thu\u1ed1c t\u00e2m th\u1ea7n. Th\u01b0\u1eddng xuy\u00ean \u0103n h\u1ea1t b\u1ea1ch qu\u1ea3 s\u1ebd c\u1ea3i thi\u1ec7n t\u00ecnh tr\u1ea1ng \u00f9 tai, ch\u00e2n tay l\u1ea1nh&#8230; \u1edf nh\u1eefng ng\u01b0\u1eddi \u0111ang m\u1eafc c\u00e1c v\u1ea5n \u0111\u1ec1 n\u00e0y.<\/p>\n<h3 dir=\"ltr\">Gi\u00fap b\u1ea1n c\u00f3 m\u1ed9t l\u00e0n da t\u01b0\u01a1i tr\u1ebb, m\u1ecbn m\u00e0ng<\/h3>\n<p dir=\"ltr\">Trong h\u1ea1t b\u1ea1ch qu\u1ea3 c\u00f3 ch\u1ee9a r\u1ea5t nhi\u1ec1u carotin, vitamin C v\u00e0 Kali, gi\u00fap l\u00e0m ch\u1eadm qu\u00e1 tr\u00ecnh l\u00e3o h\u00f3a. Th\u01b0\u1eddng xuy\u00ean \u0103n h\u1ea1t b\u1ea1ch qu\u1ea3 s\u1ebd gi\u00fap b\u1ea1n c\u00f3 m\u1ed9t l\u00e0n da c\u0103ng m\u1ecbn, kh\u1ecfe m\u1ea1nh.<\/p>\n<h3 dir=\"ltr\">S\u1ea3n ph\u1ea9m \u0111\u01b0\u1ee3c \u0111\u00f3ng g\u00f3i ti\u1ec7n l\u1ee3i<\/h3>\n<p dir=\"ltr\">C\u00e1c h\u1ea1t b\u1ea1ch qu\u1ea3 sau khi \u0111\u01b0\u1ee3c l\u00e0m s\u1ea1ch v\u00e0 x\u1eed l\u00fd tr\u00ean d\u00e2y chuy\u1ec1n c\u00f4ng ngh\u1ec7 hi\u1ec7n \u0111\u1ea1i s\u1ebd \u0111\u01b0\u1ee3c \u0111\u00f3ng th\u00e0nh c\u00e1c t\u00fai ti\u1ec7n l\u1ee3i. S\u1ea3n ph\u1ea9m s\u1ebd \u0111\u01b0\u1ee3c ki\u1ec3m tra, \u0111\u00e1nh gi\u00e1 ch\u1ea5t l\u01b0\u1ee3ng tr\u01b0\u1edbc khi \u0111\u01b0a ra th\u1ecb tr\u01b0\u1eddng ti\u00eau th\u1ee5.<\/p>\n<h2 dir=\"ltr\">3. H\u01b0\u1edbng d\u1eabn s\u1eed d\u1ee5ng<\/h2>\n<p dir=\"ltr\">&#8211; C\u00e1ch 1: \u0110\u1ec3 nguy\u00ean v\u1ecf b\u1ea1ch qu\u1ea3, tr\u1ef1c ti\u1ebfp tr\u1ea7n s\u01a1 trong n\u01b0\u1edbc \u0111un s\u00f4i kho\u1ea3ng 10 ph\u00fat r\u1ed3i v\u1edbt l\u00ean \u0111\u1ec3 r\u00e1o n\u01b0\u1edbc, sau \u0111\u00f3 rang v\u1edbi mu\u1ed1i h\u1ea1t to tr\u00ean l\u1eeda nh\u1ecf kho\u1ea3ng 20 ph\u00fat l\u00e0 \u0103n \u0111\u01b0\u1ee3c.<\/p>\n<p dir=\"ltr\">&#8211; C\u00e1ch 2: T\u00e1ch b\u1ecf ph\u1ea7n v\u1ecf ngo\u00e0i, l\u1ea5y ph\u1ea7n h\u1ea1t \u0111\u1ec3 ch\u1ebf bi\u1ebfn c\u00e1c m\u00f3n x\u00e0o ng\u0169 s\u1eafc, m\u00f3n \u0103n chay, n\u1ea5u ch\u00e8, l\u00e0m b\u00e1nh, n\u1ea5u canh ho\u1eb7c h\u1ea7m thu\u1ed1c b\u1eafc,\u2026<\/p>\n<p dir=\"ltr\"><img decoding=\"async\" class=\"aligncenter\" src=\"https:\/\/sp-ao.shortpixel.ai\/client\/to_webp,q_glossy,ret_img,w_700,h_534\/https:\/\/tournhatban.net\/wp-content\/uploads\/2024\/11\/Chawanmushi-e1731471238346.jpg\" alt=\"H\u1ea1t b\u1ea1ch qu\u1ea3 - \u0111\u1eb7c s\u1ea3n m\u00f9a thu Nh\u1eadt B\u1ea3n - Tour Nh\u1eadt B\u1ea3n\" \/><\/p>\n<h2 dir=\"ltr\">4. H\u01b0\u1edbng d\u1eabn b\u1ea3o qu\u1ea3n<\/h2>\n<p dir=\"ltr\">&#8211; B\u1ea3o qu\u1ea3n s\u1ea3n ph\u1ea9m trong ng\u0103n \u0111\u00f4ng c\u1ee7a t\u1ee7 l\u1ea1nh, \u1edf nhi\u1ec7t \u0111\u1ed9 -18 \u0111\u1ed9 C.<\/p>\n<p dir=\"ltr\">&#8211; Tr\u00e1nh \u00e1nh n\u1eafng tr\u1ef1c ti\u1ebfp v\u00e0 n\u01a1i c\u00f3 nhi\u1ec7t \u0111\u1ed9 cao.<\/p>","protected":false},"excerpt":{"rendered":"<p>TH\u00d4NG TIN CHUNG Th\u01b0\u01a1ng hi\u1ec7u Havafoodies Xu\u1ea5t x\u1ee9 Trung Qu\u1ed1c H\u1ea1n s\u1eed d\u1ee5ng Xem tr\u00ean bao b\u00ec H\u01b0\u1edbng d\u1eabn s\u1eed<\/p>","protected":false},"featured_media":37739,"comment_status":"open","ping_status":"closed","template":"","meta":[],"product_brand":[],"product_cat":[36,594,725,701,134],"product_tag":[],"class_list":{"0":"post-37738","1":"product","2":"type-product","3":"status-publish","4":"has-post-thumbnail","6":"product_cat-thuc-pham-tieu-dung","7":"product_cat-dau-cu-qua-kho","8":"product_cat-nhap-khau-trung-quoc","9":"product_cat-rau-cu","10":"product_cat-thucpham-saykho","12":"first","13":"instock","14":"sale","15":"shipping-taxable","16":"purchasable","17":"product-type-simple"},"_links":{"self":[{"href":"https:\/\/havamall.com\/en\/wp-json\/wp\/v2\/product\/37738","targetHints":{"allow":["GET"]}}],"collection":[{"href":"https:\/\/havamall.com\/en\/wp-json\/wp\/v2\/product"}],"about":[{"href":"https:\/\/havamall.com\/en\/wp-json\/wp\/v2\/types\/product"}],"replies":[{"embeddable":true,"href":"https:\/\/havamall.com\/en\/wp-json\/wp\/v2\/comments?post=37738"}],"version-history":[{"count":0,"href":"https:\/\/havamall.com\/en\/wp-json\/wp\/v2\/product\/37738\/revisions"}],"wp:featuredmedia":[{"embeddable":true,"href":"https:\/\/havamall.com\/en\/wp-json\/wp\/v2\/media\/37739"}],"wp:attachment":[{"href":"https:\/\/havamall.com\/en\/wp-json\/wp\/v2\/media?parent=37738"}],"wp:term":[{"taxonomy":"product_brand","embeddable":true,"href":"https:\/\/havamall.com\/en\/wp-json\/wp\/v2\/product_brand?post=37738"},{"taxonomy":"product_cat","embeddable":true,"href":"https:\/\/havamall.com\/en\/wp-json\/wp\/v2\/product_cat?post=37738"},{"taxonomy":"product_tag","embeddable":true,"href":"https:\/\/havamall.com\/en\/wp-json\/wp\/v2\/product_tag?post=37738"}],"curies":[{"name":"wp","href":"https:\/\/api.w.org\/{rel}","templated":true}]}}