{"id":37821,"date":"2024-12-25T11:37:35","date_gmt":"2024-12-25T04:37:35","guid":{"rendered":"https:\/\/havamall.com\/?post_type=product&#038;p=37821"},"modified":"2025-12-03T04:09:47","modified_gmt":"2025-12-02T21:09:47","slug":"ngu-coc-dinh-duong-kelloggs-froot-loops-150g","status":"publish","type":"product","link":"https:\/\/havamall.com\/en\/shop\/ngu-coc-dinh-duong-kelloggs-froot-loops-150g\/","title":{"rendered":"Ng\u0169 C\u1ed1c Dinh D\u01b0\u1ee1ng Kellogg&#8217;s Froot Loops 150g"},"content":{"rendered":"<h2 class=\"product-detail__specs-title\"><strong>TH\u00d4NG TIN CHUNG<\/strong><\/h2>\n<div id=\"js-product-detail__specs\" class=\"product-detail__specs\">\n<div class=\"row\">\n<div class=\"col-sm-12\">\n<div class=\"product-specs__table\">\n<table style=\"width: 100%;height: 233px\">\n<tbody>\n<tr style=\"height: 24px\">\n<td class=\"specs-table__property\" style=\"height: 24px\">Th\u01b0\u01a1ng hi\u1ec7u<\/td>\n<td class=\"specs-table__value\" style=\"height: 24px\">Kellogg&#8217;s<\/td>\n<\/tr>\n<tr style=\"height: 24px\">\n<td class=\"specs-table__property\" style=\"height: 24px\">Xu\u1ea5t x\u1ee9<\/td>\n<td class=\"specs-table__value\" style=\"height: 24px\">M\u1ef9<\/td>\n<\/tr>\n<tr style=\"height: 24px\">\n<td class=\"specs-table__property\" style=\"height: 24px\">H\u1ea1n s\u1eed d\u1ee5ng<\/td>\n<td class=\"specs-table__value\" style=\"height: 24px\">Xem tr\u00ean bao b\u00ec<\/td>\n<\/tr>\n<tr style=\"height: 48px\">\n<td class=\"specs-table__property\" style=\"height: 48px\">H\u01b0\u1edbng d\u1eabn s\u1eed d\u1ee5ng<\/td>\n<td class=\"specs-table__value\" style=\"height: 48px\">S\u1eed d\u1ee5ng tr\u1ef1c ti\u1ebfp ho\u1eb7c ch\u1ebf bi\u1ebfn m\u00f3n \u0103n<\/td>\n<\/tr>\n<tr style=\"height: 48px\">\n<td class=\"specs-table__property\" style=\"height: 48px\">H\u01b0\u1edbng d\u1eabn b\u1ea3o qu\u1ea3n<\/td>\n<td class=\"specs-table__value\" style=\"height: 48px\">N\u01a1i kh\u00f4 r\u00e1o, tho\u00e1ng m\u00e1t, tr\u00e1nh \u00e1nh n\u1eafng tr\u1ef1c ti\u1ebfp<\/td>\n<\/tr>\n<tr style=\"height: 41px\">\n<td class=\"specs-table__property\" style=\"height: 41px\">Th\u00e0nh ph\u1ea7n nguy\u00ean li\u1ec7u<\/td>\n<td class=\"specs-table__value\" style=\"height: 41px\">B\u1eafp 89%, m\u1ea1ch nha, \u0111\u01b0\u1eddng, mu\u1ed1i i-\u1ed1t, Vitamin E, C, Niacin, oxit k\u1ebdm, gi\u1ea3m s\u1eaft, Vitamin A, Vitamin nh\u00f3m B (B6, B2, B1, B12), acid folic, s\u1ea3n ph\u1ea9m c\u00f3 ch\u1ee9a gluten&#8230;<\/td>\n<\/tr>\n<tr style=\"height: 24px\">\n<td class=\"specs-table__property\" style=\"height: 24px\">Kh\u1ed1i l\u01b0\u1ee3ng<\/td>\n<td class=\"specs-table__value\" style=\"height: 24px\">150g<\/td>\n<\/tr>\n<\/tbody>\n<\/table>\n<\/div>\n<\/div>\n<div><\/div>\n<div>Ng\u0169 c\u1ed1c l\u00e0 th\u1ef1c ph\u1ea9m \u0111\u00f3ng vai tr\u00f2 quan tr\u1ecdng trong ch\u1ebf \u0111\u1ed9 \u0103n h\u00e0ng ng\u00e0y c\u1ee7a h\u1ea7u h\u1ebft m\u1ecdi ng\u01b0\u1eddi. Trong th\u00e0nh ph\u1ea7n c\u1ee7a ng\u0169 c\u1ed1c c\u00f3 ch\u1ee9a nhi\u1ec1u ch\u1ea5t x\u01a1, vitamin, kho\u00e1ng ch\u1ea5t, s\u1eaft v\u00e0 protein c\u00f3 th\u1ec3 \u0111em la\u0323i nhi\u00ea\u0300u l\u01a1\u0323i i\u0301ch cho s\u01b0\u0301c kho\u0309e. Do \u0111\u00f3 hi\u1ec7n nay c\u00f3 r\u1ea5t nhi\u1ec1u ng\u01b0\u1eddi l\u1ef1a ch\u1ecdn vi\u1ec7c \u0103n s\u00e1ng b\u1eb1ng ng\u0169 c\u1ed1c. V\u1eady \u0103n s\u00e1ng b\u1eb1ng ng\u0169 c\u1ed1c c\u00f3 t\u1ed1t kh\u00f4ng?<\/div>\n<div><\/div>\n<div><strong>Ng\u0169 c\u1ed1c dinh d\u01b0\u1ee1ng Corn Flakes c\u1ee7a Kellogg&#8217;s<\/strong> l\u00e0 m\u1ed9t lo\u1ea1i ng\u0169 c\u1ed1c ph\u1ed5 bi\u1ebfn, \u0111\u01b0\u1ee3c s\u1ea3n xu\u1ea5t t\u1eeb b\u1eafp r\u1ea5t gi\u00e0u ch\u1ea5t x\u01a1. S\u1ea3n ph\u1ea9m n\u00e0y l\u00e0 m\u1ed9t ngu\u1ed3n cung c\u1ea5p ch\u1ea5t dinh d\u01b0\u1ee1ng t\u1ed1t cho s\u1ee9c kh\u1ecfe, bao g\u1ed3m vitamin v\u00e0 kho\u00e1ng ch\u1ea5t c\u1ea7n thi\u1ebft cho c\u01a1 th\u1ec3, nh\u01b0 vitamin D, canxi v\u00e0 s\u1eaft. <strong>Ng\u0169 c\u1ed1c dinh d\u01b0\u1ee1ng c\u1ee7a Kellogg&#8217;s<\/strong> c\u00f3 k\u1ebft c\u1ea5u gi\u00f2n, m\u1ec1m v\u00e0 b\u00f9i, d\u1ea1ng m\u1ea3nh. S\u1ea3n ph\u1ea9m c\u00f3 h\u01b0\u01a1ng th\u01a1m r\u1ea5t h\u1ea5p d\u1eabn, \u0111\u1eb7c tr\u01b0ng khi\u1ebfn ng\u01b0\u1eddi \u0103n ph\u1ea3i li\u00ean t\u01b0\u1edfng ngay \u0111\u1ebfn m\u00f9i h\u01b0\u01a1ng th\u01a1m ng\u1ecdt c\u1ee7a b\u1eafp. Khi th\u01b0\u1edfng th\u1ee9c, <strong>Ng\u0169 c\u1ed1c dinh d\u01b0\u1ee1ng KELLOGG&#8217;S<\/strong> c\u00f3 m\u00f9i v\u1ecb th\u01a1m ngon, \u0111\u1eadm \u0111\u00e0, m\u00e0 kh\u00f4ng qu\u00e1 g\u1eaft, kh\u00e9, \u0111\u1ec3 l\u1ea1i c\u1ea3m gi\u00e1c d\u1ec5 ch\u1ecbu n\u01a1i h\u1eadu v\u1ecb c\u1ee7a ng\u01b0\u1eddi \u0103n. S\u1ea3n ph\u1ea9m gi\u00fap b\u1ea1n ti\u1ebft ki\u1ec7m th\u1eddi gian nh\u01b0ng v\u1eabn cung c\u1ea5p \u0111\u1ea7y \u0111\u1ee7 n\u0103ng l\u01b0\u1ee3ng cho m\u1ed9t ng\u00e0y l\u00e0m vi\u1ec7c ho\u1eb7c h\u1ecdc t\u1eadp.<\/div>\n<\/div>\n<div>\n<h2><img fetchpriority=\"high\" decoding=\"async\" class=\"aligncenter\" src=\"https:\/\/havamall.com\/wp-content\/uploads\/2024\/12\/f45f58b9e6a3c9a36973676e6724c936_5de5ef1ae64a494da26263a1be3e2ef2_master.jpg\" alt=\"Ng\u0169 c\u1ed1c \u0103n s\u00e1ng froot ring b\u1ed5 sung vitamin C 530g nh\u1eadp kh\u1ea9u h\u00e0n qu\u1ed1c. \u2013 dovumart\" width=\"741\" height=\"741\" \/><\/h2>\n<h2 style=\"font-weight: 600\">\u0102n s\u00e1ng b\u1eb1ng ng\u0169 c\u1ed1c c\u00f3 t\u1ed1t kh\u00f4ng?<\/h2>\n<p style=\"font-weight: 400\">Ng\u00e0y nay, th\u1ef1c ph\u1ea9m ng\u0169 c\u1ed1c l\u00e0 m\u1ed9t trong nh\u1eefng l\u1ef1a ch\u1ecdn cho b\u1eefa \u0103n s\u00e1ng \u0111\u01b0\u1ee3c \u01b0a chu\u1ed9ng tr\u00ean to\u00e0n th\u1ebf gi\u1edbi b\u1edfi n\u00f3 c\u00f3 th\u1ec3 \u0111\u01b0\u1ee3c ch\u1ebf bi\u1ebfn nhanh ch\u00f3ng v\u00e0 c\u00f3 gi\u00e1 tr\u1ecb dinh d\u01b0\u1ee1ng cao. V\u1eady \u0103n s\u00e1ng b\u1eb1ng ng\u0169 c\u1ed1c c\u00f3 t\u1ed1t kh\u00f4ng?<\/p>\n<h3 class=\"ce-element ce-element--type-text\">Nh\u1eefng l\u1ee3i \u00edch khi \u0103n s\u00e1ng v\u1edbi ng\u0169 c\u1ed1c<\/h3>\n<div class=\"ce-element ce-element--type-text paragraph\">Ng\u0169 c\u1ed1c th\u01b0\u1eddng gi\u00e0u ch\u1ea5t x\u01a1, c\u00e1c\u00a0vitamin, kho\u00e1ng ch\u1ea5t, s\u1eaft v\u00e0\u00a0protein.<\/div>\n<ul class=\"ce-element ce-element--type-list\">\n<li class=\"ce-element ce-element--type-list-item\">\n<div class=\"ce-element ce-element--type-list-item-text\"><b>T\u0103ng c\u01b0\u1eddng n\u0103ng l\u01b0\u1ee3ng:<\/b>\u00a0ng\u0169 c\u1ed1c gi\u00e0u Calo v\u00e0 l\u00e0 ngu\u1ed3n cung c\u1ea5p n\u0103ng l\u01b0\u1ee3ng t\u1ed1t cho c\u01a1 th\u1ec3. \u0102n m\u1ed9t ch\u00e9n ng\u0169 c\u1ed1c nh\u01b0\u00a0y\u1ebfn m\u1ea1ch\u00a0v\u00e0o bu\u1ed5i s\u00e1ng s\u1ebd cung c\u1ea5p n\u0103ng l\u01b0\u1ee3ng \u0111\u1ec3 ho\u1ea1t \u0111\u1ed9ng trong ng\u00e0y.<\/div>\n<\/li>\n<li class=\"ce-element ce-element--type-list-item\">\n<div class=\"ce-element ce-element--type-list-item-text\"><b>Ph\u00f2ng ng\u1eeba\u00a0t\u00e1o b\u00f3n:<\/b>\u00a0ng\u0169 c\u1ed1c gi\u00e0u ch\u1ea5t x\u01a1, th\u01b0\u1eddng xuy\u00ean \u0103n ng\u0169 c\u1ed1c v\u00e0o b\u1eefa s\u00e1ng gi\u00fap ph\u00f2ng ng\u1eeba t\u00e1o b\u00f3n v\u00e0 h\u1ed7 tr\u1ee3 nhu \u0111\u1ed9ng ru\u1ed9t.<\/div>\n<\/li>\n<li class=\"ce-element ce-element--type-list-item\">\n<div class=\"ce-element ce-element--type-list-item-text\"><b>T\u1ed1t cho ti\u00eau h\u00f3a:<\/b>\u00a0ng\u0169 c\u1ed1c t\u1ed1t cho ti\u00eau h\u00f3a do nhi\u1ec1u ch\u1ea5t x\u01a1 v\u00e0 prebiotics, l\u00e0 m\u00f4i tr\u01b0\u1eddng ph\u00e1t tri\u1ec3n l\u00fd t\u01b0\u1edfng cho l\u1ee3i khu\u1ea9n.<\/div>\n<\/li>\n<li class=\"ce-element ce-element--type-list-item\">\n<div class=\"ce-element ce-element--type-list-item-text\"><b>H\u1ed7 tr\u1ee3 ki\u1ec3m so\u00e1t n\u1ed3ng \u0111\u1ed9 \u0111\u01b0\u1eddng huy\u1ebft:<\/b>\u00a0h\u00e0m l\u01b0\u1ee3ng ch\u1ea5t x\u01a1 trong ng\u0169 c\u1ed1c gi\u00fap gi\u1ea3m b\u00e0i ti\u1ebft glucose v\u00e0 duy tr\u00ec n\u1ed3ng \u0111\u1ed9 \u0111\u01b0\u1eddng huy\u1ebft \u1ed5n \u0111\u1ecbnh trong m\u00e1u.<\/div>\n<\/li>\n<li class=\"ce-element ce-element--type-list-item\">\n<div class=\"ce-element ce-element--type-list-item-text\"><b>Gi\u1ea3m n\u1ed3ng \u0111\u1ed9 cholesteron, t\u1ed1t cho tim:<\/b>\u00a0ng\u0169 c\u1ed1c ch\u1ee9a ch\u1ea5t x\u01a1 h\u00f2a tan gi\u00fap gi\u1ea3m n\u00f4ng \u0111\u1ed9 cholesteron v\u00e0 ph\u00f2ng ng\u1eeba c\u00e1c b\u1ec7nh li\u00ean quan \u0111\u1ebfn tim.<\/div>\n<\/li>\n<li class=\"ce-element ce-element--type-list-item\">\n<div class=\"ce-element ce-element--type-list-item-text\"><b>Duy tr\u00ec c\u00e2n n\u1eb7ng:<\/b>\u00a0do gi\u00e0u ch\u1ea5t x\u01a1, ng\u0169 c\u1ed1c gi\u00fap b\u1ea1n no l\u00e2u v\u00e0 h\u1ea1n ch\u1ebf vi\u1ec7c \u0103n u\u1ed1ng qu\u00e1 m\u1ee9c.<\/div>\n<\/li>\n<li class=\"ce-element ce-element--type-list-item\">\n<div class=\"ce-element ce-element--type-list-item-text\"><b>Ph\u00f2ng ng\u1eeba ung th\u01b0:<\/b>\u00a0m\u1ed9t s\u1ed1 nghi\u00ean c\u1ee9u cho th\u1ea5y ng\u0169 c\u1ed1c gi\u00fap ph\u00f2ng ng\u1eeba ung th\u01b0 \u0111\u1ea1i tr\u00e0ng v\u00e0 ng\u0103n ch\u1eb7n s\u1ef1 t\u0103ng tr\u01b0\u1edfng c\u1ee7a c\u00e1c t\u1ebf b\u00e0o ung th\u01b0 v\u00fa.<\/div>\n<\/li>\n<\/ul>\n<p><img decoding=\"async\" class=\"aligncenter\" src=\"https:\/\/havamall.com\/wp-content\/uploads\/2024\/12\/th-11134207-7r990-lmmy7sr3r5ama3.jpg\" alt=\"Kellogg's Froot Loops 150g - Fruit Flavored Cereal - \u0e0b\u0e35\u0e40\u0e23\u0e35\u0e22\u0e25\u0e23\u0e2a\u0e1c\u0e25\u0e44\u0e21\u0e49 Kellogg's Froot Loops 150g | Shopee Thailand\" width=\"731\" height=\"731\" \/><\/p>\n<h3><b>Nh\u1eefng l\u01b0u \u00fd khi ch\u1ecdn mua ng\u0169 c\u1ed1c \u0103n s\u00e1ng:<\/b><\/h3>\n<ul>\n<li>Y\u1ebfu t\u1ed1 \u0111\u1ea7u ti\u00ean \u0111\u1ec3\u00a0<b>ch\u1ecdn mua \u0111\u01b0\u1ee3c lo\u1ea1i ng\u0169 c\u1ed1c dinh d\u01b0\u1ee1ng, t\u1ed1t cho s\u1ee9c kh\u1ecfe<\/b>, \u0111\u00f3 l\u00e0 b\u1ea1n h\u00e3y l\u1ef1a ch\u1ecdn nh\u1eefng s\u1ea3n ph\u1ea9m c\u00f3 th\u01b0\u01a1ng hi\u1ec7u uy t\u00edn t\u1ea1i nh\u1eefng \u0111\u1ecba ch\u1ec9 mua b\u00e1n tin c\u1eady \u0111\u1ec3 tr\u00e1nh mua nh\u1ea7m h\u00e0ng gi\u1ea3, h\u00e0ng k\u00e9m ch\u1ea5t l\u01b0\u1ee3ng g\u00e2y h\u1ea1i \u0111\u1ebfn s\u1ee9c kho\u1ebb.<\/li>\n<li>B\u00ean c\u1ea1nh \u0111\u00f3, khi l\u1ef1a ch\u1ecdn s\u1ea3n ph\u1ea9m, b\u1ea1n c\u0169ng\u00a0<b>n\u00ean quan s\u00e1t th\u00e0nh ph\u1ea7n \u0111\u01b0\u1ee3c in tr\u00ean bao b\u00ec.<\/b>\u00a0Lo\u1ea1i ng\u0169 c\u1ed1c t\u1ed1t d\u00e0nh cho b\u1eefa \u0103n s\u00e1ng s\u1ebd \u0111\u01b0\u1ee3c l\u00e0m t\u1eeb 100% ng\u0169 c\u1ed1c v\u00e0 c\u00f3 h\u00e0m l\u01b0\u1ee3ng \u00edt nh\u1ea5t l\u00e0 5g ch\u1ea5t x\u01a1, 3g protein \u0111\u1ec3 \u0111\u1ea3m b\u1ea3o cung c\u1ea5p \u0111\u1ee7 n\u0103ng l\u01b0\u1ee3ng v\u00e0 ch\u1ea5t dinh d\u01b0\u1ee1ng cho c\u01a1 th\u1ec3.<\/li>\n<li>S\u1eefa v\u00e0 ng\u0169 c\u1ed1c l\u00e0 m\u1ed9t s\u1ef1 k\u1ebft h\u1ee3p ho\u00e0n h\u1ea3o. Tuy nhi\u00ean, s\u1ebd t\u1ed1t h\u01a1n r\u1ea5t nhi\u1ec1u n\u1ebfu b\u1ea1n\u00a0<b>thay lo\u1ea1i s\u1eefa th\u00f4ng th\u01b0\u1eddng b\u1eb1ng s\u1eefa t\u00e1ch ch\u1ea5t b\u00e9o ho\u1eb7c\u00a0s\u1eefa t\u01b0\u01a1i kh\u00f4ng \u0111\u01b0\u1eddng<\/b>. V\u00ec trong ng\u0169 c\u1ed1c \u0111\u00e3 c\u00f3 s\u1eb5n l\u01b0\u1ee3ng ch\u1ea5t b\u00e9o c\u00f9ng l\u01b0\u1ee3ng \u0111\u01b0\u1eddng thi\u1ebft y\u1ebfu cho c\u01a1 th\u1ec3 n\u00ean h\u00e3y thay \u0111\u1ed5i lo\u1ea1i s\u1eefa \u0111\u1ec3 c\u00e2n b\u1eb1ng ch\u1ebf \u0111\u1ed9 dinh d\u01b0\u1ee1ng nh\u00e9.<\/li>\n<\/ul>\n<div class=\"ce-element ce-element--type-text paragraph\"><b>L\u00e0 m\u1ed9t m\u1eb7t h\u00e0ng s\u1ea3n xu\u1ea5t t\u1ea1i M\u1ef9<\/b>,\u00a0ng\u0169 c\u1ed1c Kellogg&#8217;s\u00a0d\u1ea7n chi\u1ebfm \u0111\u01b0\u1ee3c c\u1ea3m t\u00ecnh c\u1ee7a ng\u01b0\u1eddi ti\u00eau d\u00f9ng Vi\u1ec7t Nam b\u1edfi h\u01b0\u01a1ng v\u1ecb th\u01a1m ngon c\u00f9ng gi\u00e1 tr\u1ecb dinh d\u01b0\u1ee1ng cao.<\/div>\n<div class=\"paragraph\">Th\u00e0nh ph\u1ea7n ch\u00ednh l\u00e0m n\u00ean s\u1ea3n ph\u1ea9m n\u00e0y l\u00e0 b\u1ed9t b\u1eafp v\u00e0 m\u1ea1ch nha n\u00ean n\u00f3 c\u00f3 h\u00e0m l\u01b0\u1ee3ng vitamin A, vitamin C gi\u00e0u c\u00f3 c\u00f9ng Acid Folic d\u1ed3i d\u00e0o.<\/div>\n<div class=\"paragraph\"><b>S\u1eed d\u1ee5ng ng\u0169 c\u1ed1c Kellogg\u2019s Frosties cho b\u1eefa \u0103n s\u00e1ng, b\u1ea1n c\u00f3 th\u1ec3 ho\u00e0n to\u00e0n an t\u00e2m v\u1ec1 l\u01b0\u1ee3ng dinh d\u01b0\u1ee1ng m\u00e0 n\u00f3 cung c\u1ea5p<\/b>\u00a0cho c\u01a1 th\u1ec3.<\/div>\n<\/div>\n<\/div>\n<div><\/div>\n<div id=\"js-product-detail__specs\" class=\"product-detail__specs\">\n<div class=\"ce-element ce-element--type-text paragraph\"><img decoding=\"async\" class=\"aligncenter\" src=\"https:\/\/havamall.com\/wp-content\/uploads\/2024\/12\/th-11134207-7r990-lmmy7sr3pqq664.jpg\" alt=\"Kellogg's Froot Loops 150g - Fruit Flavored Cereal - \u0e0b\u0e35\u0e40\u0e23\u0e35\u0e22\u0e25\u0e23\u0e2a\u0e1c\u0e25\u0e44\u0e21\u0e49 Kellogg's Froot Loops 150g | Shopee Thailand\" width=\"816\" height=\"816\" \/><\/div>\n<\/div>","protected":false},"excerpt":{"rendered":"<p>TH\u00d4NG TIN CHUNG Th\u01b0\u01a1ng hi\u1ec7u Kellogg&#8217;s Xu\u1ea5t x\u1ee9 M\u1ef9 H\u1ea1n s\u1eed d\u1ee5ng Xem tr\u00ean bao b\u00ec H\u01b0\u1edbng d\u1eabn s\u1eed d\u1ee5ng<\/p>","protected":false},"featured_media":37822,"comment_status":"open","ping_status":"closed","template":"","meta":[],"product_brand":[],"product_cat":[36,133,720,705,134],"product_tag":[],"class_list":{"0":"post-37821","1":"product","2":"type-product","3":"status-publish","4":"has-post-thumbnail","6":"product_cat-thuc-pham-tieu-dung","7":"product_cat-banh-keo-chocolate","8":"product_cat-nhap-khau-my","9":"product_cat-sot-do-hop","10":"product_cat-thucpham-saykho","12":"first","13":"outofstock","14":"sale","15":"shipping-taxable","16":"purchasable","17":"product-type-simple"},"_links":{"self":[{"href":"https:\/\/havamall.com\/en\/wp-json\/wp\/v2\/product\/37821","targetHints":{"allow":["GET"]}}],"collection":[{"href":"https:\/\/havamall.com\/en\/wp-json\/wp\/v2\/product"}],"about":[{"href":"https:\/\/havamall.com\/en\/wp-json\/wp\/v2\/types\/product"}],"replies":[{"embeddable":true,"href":"https:\/\/havamall.com\/en\/wp-json\/wp\/v2\/comments?post=37821"}],"version-history":[{"count":0,"href":"https:\/\/havamall.com\/en\/wp-json\/wp\/v2\/product\/37821\/revisions"}],"wp:featuredmedia":[{"embeddable":true,"href":"https:\/\/havamall.com\/en\/wp-json\/wp\/v2\/media\/37822"}],"wp:attachment":[{"href":"https:\/\/havamall.com\/en\/wp-json\/wp\/v2\/media?parent=37821"}],"wp:term":[{"taxonomy":"product_brand","embeddable":true,"href":"https:\/\/havamall.com\/en\/wp-json\/wp\/v2\/product_brand?post=37821"},{"taxonomy":"product_cat","embeddable":true,"href":"https:\/\/havamall.com\/en\/wp-json\/wp\/v2\/product_cat?post=37821"},{"taxonomy":"product_tag","embeddable":true,"href":"https:\/\/havamall.com\/en\/wp-json\/wp\/v2\/product_tag?post=37821"}],"curies":[{"name":"wp","href":"https:\/\/api.w.org\/{rel}","templated":true}]}}