{"id":37828,"date":"2024-12-25T12:04:56","date_gmt":"2024-12-25T05:04:56","guid":{"rendered":"https:\/\/havamall.com\/?post_type=product&#038;p=37828"},"modified":"2025-12-03T04:09:46","modified_gmt":"2025-12-02T21:09:46","slug":"sot-mu-tat-nguyen-hat-hieu-clovis-whole-grain-mustard-200ml","status":"publish","type":"product","link":"https:\/\/havamall.com\/en\/shop\/sot-mu-tat-nguyen-hat-hieu-clovis-whole-grain-mustard-200ml\/","title":{"rendered":"S\u1ed1t M\u00f9 T\u1ea1t Nguy\u00ean H\u1ea1t Hi\u1ec7u Clovis &#8211; Whole Grain Mustard 200ml"},"content":{"rendered":"<h2 class=\"product-detail__specs-title\"><strong>TH\u00d4NG TIN CHUNG<\/strong><\/h2>\n<div id=\"js-product-detail__specs\" class=\"product-detail__specs\">\n<div class=\"row\">\n<div class=\"col-sm-12\">\n<div class=\"product-specs__table\">\n<table style=\"width: 100%; height: 233px;\">\n<tbody>\n<tr style=\"height: 24px;\">\n<td class=\"specs-table__property\" style=\"height: 24px;\">Th\u01b0\u01a1ng hi\u1ec7u<\/td>\n<td class=\"specs-table__value\" style=\"height: 24px;\">Clovis<\/td>\n<\/tr>\n<tr style=\"height: 24px;\">\n<td class=\"specs-table__property\" style=\"height: 24px;\">Xu\u1ea5t x\u1ee9<\/td>\n<td class=\"specs-table__value\" style=\"height: 24px;\">Ph\u00e1p<\/td>\n<\/tr>\n<tr style=\"height: 24px;\">\n<td class=\"specs-table__property\" style=\"height: 24px;\">H\u1ea1n s\u1eed d\u1ee5ng<\/td>\n<td class=\"specs-table__value\" style=\"height: 24px;\">Xem tr\u00ean bao b\u00ec<\/td>\n<\/tr>\n<tr style=\"height: 48px;\">\n<td class=\"specs-table__property\" style=\"height: 48px;\">H\u01b0\u1edbng d\u1eabn s\u1eed d\u1ee5ng<\/td>\n<td class=\"specs-table__value\" style=\"height: 48px;\">S\u1eed d\u1ee5ng tr\u1ef1c ti\u1ebfp ho\u1eb7c ch\u1ebf bi\u1ebfn m\u00f3n \u0103n<\/td>\n<\/tr>\n<tr style=\"height: 48px;\">\n<td class=\"specs-table__property\" style=\"height: 48px;\">H\u01b0\u1edbng d\u1eabn b\u1ea3o qu\u1ea3n<\/td>\n<td class=\"specs-table__value\" style=\"height: 48px;\">N\u01a1i kh\u00f4 r\u00e1o, tho\u00e1ng m\u00e1t, tr\u00e1nh \u00e1nh n\u1eafng tr\u1ef1c ti\u1ebfp<\/td>\n<\/tr>\n<tr style=\"height: 41px;\">\n<td class=\"specs-table__property\" style=\"height: 41px;\">Th\u00e0nh ph\u1ea7n nguy\u00ean li\u1ec7u<\/td>\n<td class=\"specs-table__value\" style=\"height: 41px;\"><em>N\u01b0\u1edbc,h\u1ea1t m\u00f9 t\u1ea1c, gi\u1ea5m, mu\u1ed1i v\u00e0 c\u00e1c th\u00e0nh ph\u1ea7n kh\u00e1c.<\/em><\/td>\n<\/tr>\n<tr style=\"height: 24px;\">\n<td class=\"specs-table__property\" style=\"height: 24px;\">Kh\u1ed1i l\u01b0\u1ee3ng<\/td>\n<td class=\"specs-table__value\" style=\"height: 24px;\">200ml<\/td>\n<\/tr>\n<\/tbody>\n<\/table>\n<p><em>M\u00f9 t\u1ea1c h\u1ea1t\u00a0v\u00e0ng c\u00f3 t\u00e1c d\u1ee5ng t\u1ed1t cho c\u01a1 th\u1ec3. C\u00e1c ch\u1ea5t trong m\u00f9 t\u1ea1t gi\u00fap ng\u0103n ng\u1eeba hi\u1ec7u qu\u1ea3 b\u1ec7nh ung th\u01b0 d\u1ea1 d\u00e0y, \u0111\u1ed3ng th\u1eddi ph\u00f2ng ch\u1ed1ng c\u00e1c b\u1ec7nh li\u00ean quan t\u1edbi vi\u00eam nhi\u1ec5m. R\u1ea5t nhi\u1ec1u nghi\u00ean c\u1ee9u khoa h\u1ecdc \u0111\u00e3 nh\u1ea5n m\u1ea1nh vai tr\u00f2 c\u1ee7a m\u00f9 t\u1ea1t trong c\u00e1c ch\u1ebf \u0111\u1ed9 gi\u1ea3m c\u00e2n ti\u00eau m\u1ee1 hi\u1ec7u qu\u1ea3. S\u1ea3n ph\u1ea9m \u0111\u00e3 \u0111\u01b0\u1ee3c \u0111\u00f3ng l\u1ecd th\u1ee7y tinh ti\u1ec7n l\u1ee3i s\u1eed d\u1ee5ng v\u00e0 b\u1ea3o qu\u1ea3n l\u00e2u d\u00e0i trong gian b\u1ebfp gia \u0111\u00ecnh.<\/em><\/p>\n<p>N\u01b0\u1edbc s\u1ed1t m\u00f9 t\u1ea1t Dijon l\u00e0 \u201cvua c\u1ee7a c\u00e1c gia v\u1ecb\u201d, b\u1edfi c\u00e1i th\u1ee9 v\u1ecb cay n\u1ed3ng m\u00e0 ch\u00fang mang l\u1ea1i, c\u00e1i c\u1ea3m gi\u00e1c t\u00ea \u0111\u1ea7u l\u01b0\u1ee1i m\u00e0 m\u1ed9t khi \u0111\u00e3 th\u01b0\u1edfng th\u1ee9c \u0111\u01b0\u1ee3c r\u1ed3i l\u1ea1i \u201cg\u00e2y nghi\u1ec1n\u201d. Dijon mustard l\u00e0 m\u1ed9t lo\u1ea1i mustard \u0111\u1eb7c bi\u1ec7t trong c\u00e1c lo\u1ea1i mustard v\u00e0 l\u00e0 lo\u1ea1i mustard \u0111\u01b0\u1ee3c y\u00eau th\u00edch nh\u1ea5t.<\/p>\n<p>Dijon mustard hay c\u00f2n \u0111\u01b0\u1ee3c g\u1ecdi l\u00e0 m\u00f9 t\u1ea1t Dijon l\u00e0 m\u1ed9t lo\u1ea1i m\u00f9 t\u1ea1t truy\u1ec1n th\u1ed1ng c\u1ee7a n\u01b0\u1edbc Ph\u00e1p. T\u00ean g\u1ecdi c\u1ee7a lo\u1ea1i m\u00f9 t\u1ea1t n\u00e0y xu\u1ea5t ph\u00e1t t\u1eeb ch\u00ednh \u201cqu\u00ea h\u01b0\u01a1ng\u201d c\u1ee7a ch\u00fang l\u00e0 v\u00f9ng Dijon \u1edf Burgundy, n\u01b0\u1edbc Ph\u00e1p.<\/p>\n<p><img fetchpriority=\"high\" decoding=\"async\" class=\"aligncenter\" src=\"https:\/\/havamall.com\/wp-content\/uploads\/2024\/12\/Clovis_Whole-Grain_Ancienne-1.jpg\" alt=\"M\u00f9 t\u1ea1t Nguy\u00ean H\u1ea1t Clovis - ParadiseFineFoods Vi\u1ec7t Nam\" width=\"748\" height=\"749\" \/><\/p>\n<p>N\u01b0\u1edbc s\u1ed1t m\u00f9 t\u1ea1t v\u00e0ng \u0111\u01b0\u1ee3c s\u1ea3n xu\u1ea5t t\u1ea1i m\u1ed9t c\u00f4ng ty n\u1ed5i ti\u1ebfng c\u1ee7a Ph\u00e1p kh\u00f4ng s\u1eed d\u1ee5ng b\u1ea5t k\u1ef3 lo\u1ea1i ch\u1ea5t b\u1ea3o qu\u1ea3n n\u00e0o. H\u1ea1t mustard ch\u00edn \u0111\u01b0\u1ee3c ch\u1ebf bi\u1ebfn theo ph\u01b0\u01a1ng ph\u00e1p truy\u1ec1n th\u1ed1ng. Kh\u00f4ng c\u00f3 ch\u1ea5t b\u00e9o \u0111\u01b0\u1ee3c th\u00eam v\u00e0o c\u00f4ng th\u1ee9c n\u1ea5u \u0103n, t\u1ea1o ra m\u1ed9t s\u1ea3n ph\u1ea9m nh\u1eb9 v\u00e0 ngon.<\/p>\n<p>N\u01b0\u1edbc s\u1ed1t m\u00f9 t\u1ea1t v\u00e0ng c\u00f3 th\u1ec3 gi\u00fap t\u0103ng h\u01b0\u01a1ng v\u1ecb trong b\u1eefa \u0103n c\u1ee7a b\u1ea1n. B\u1ea1n c\u00f3 th\u1ec3 ch\u1ec9 c\u1ea7n th\u00eam m\u1ed9t th\u00eca trong khi n\u1ea5u th\u1ecbt v\u00e0 rau c\u1ee7a m\u00ecnh b\u1eb1ng c\u00e1ch \u01b0\u1edbp ho\u1eb7c tr\u00e1ng men, v\u00e0 b\u1ea1n th\u1eadm ch\u00ed c\u00f3 th\u1ec3 s\u1eed d\u1ee5ng Mustard Dijon trong c\u00e1c m\u00f3n tr\u00e1ng mi\u1ec7ng.<\/p>\n<p>M\u00f9 t\u1ea1t r\u1ea5t gi\u00e0u glucosinolate v\u00e0 ch\u1ea5t ch\u1ed1ng oxy h\u00f3a m\u1ea1nh m\u1ebd, c\u1ea3 hai \u0111\u1ec1u gi\u00fap t\u0103ng c\u01b0\u1eddng s\u1ee9c kh\u1ecfe v\u00e0 c\u00f3 th\u1ec3 b\u1ea3o v\u1ec7 ch\u1ed1ng l\u1ea1i c\u00e1c b\u1ec7nh kh\u00e1c nhau.Th\u00f3i quen \u0103n u\u1ed1ng \u0111a d\u1ea1ng c\u00f3 xu h\u01b0\u1edbng gi\u00fap tr\u1ebb kh\u1ecfe m\u1ea1nh h\u01a1n, tr\u1ebb nh\u1ecf l\u00e0m quen v\u1edbi h\u01b0\u01a1ng v\u1ecb m\u1edbi c\u00f3 th\u1ec3 gi\u00fap ph\u00e1t tri\u1ec3n kh\u1ea9u v\u1ecb c\u1ee7a tr\u1ebb. Dijon Mustard pha v\u1edbi m\u1ed9t ch\u00fat m\u1eadt ong c\u00f3 th\u1ec3 l\u00e0m cho rau ngon h\u01a1n v\u00e0 gi\u00fap tr\u1ebb nh\u1ecf \u0103n rau d\u1ec5 d\u00e0ng h\u01a1n.<\/p>\n<h4><strong>C\u00f4ng d\u1ee5ng c\u1ee7a m\u00f9 t\u1ea1t:<\/strong><\/h4>\n<p>\u2013 Mustard v\u1edbi c\u00e1c l\u1ee3i \u00edch s\u1ee9c kh\u1ecfe, t\u1eeb gi\u1ea3m l\u01b0\u1ee3ng \u0111\u01b0\u1eddng trong m\u00e1u \u0111\u1ebfn t\u0103ng c\u01b0\u1eddng b\u1ea3o v\u1ec7 kh\u1ecfi nhi\u1ec5m tr\u00f9ng v\u00e0 b\u1ec7nh t\u1eadt.<\/p>\n<p>\u2013 Lo\u1ea1i gia v\u1ecb \u00edt calo n\u00e0y l\u00e0 m\u1ed9t c\u00e1ch \u0111\u01a1n gi\u1ea3n \u0111\u1ec3 b\u1ed5 sung m\u1ed9t l\u01b0\u1ee3ng s\u1eaft, canxi, selen v\u00e0 ph\u1ed1t pho v\u00e0o b\u1eefa \u0103n c\u1ee7a b\u1ea1n<\/p>\n<p>\u2013 Mustard c\u00f3 th\u1ec3 b\u1ea3o v\u1ec7 ch\u1ed1ng l\u1ea1i vi khu\u1ea9n, n\u1ea5m v\u00e0 c\u00e1c t\u1ebf b\u00e0o ung th\u01b0, c\u0169ng nh\u01b0 gi\u1ea3m vi\u00eam v\u00e0 l\u01b0\u1ee3ng \u0111\u01b0\u1eddng trong m\u00e1u.<\/p>\n<p>\u2013 Khi t\u1ea1o ra d\u1ea7u gi\u1ea5m, Dijon Mustard ho\u1ea1t \u0111\u1ed9ng nh\u01b0 m\u1ed9t ch\u1ea5t k\u1ebft d\u00ednh gi\u1eefa d\u1ea7u \u00f4 liu v\u00e0 gi\u1ea5m, t\u1ea1o cho n\u00f3 m\u1ed9t k\u1ebft c\u1ea5u th\u01a1m ngon, m\u1ecbn m\u00e0ng.<\/p>\n<p><img decoding=\"async\" class=\"aligncenter\" src=\"https:\/\/havamall.com\/wp-content\/uploads\/2024\/12\/clovis-original-dijon-mustard-whole-grain-in-pail-37-kg-849540_1024x1024.jpg\" alt=\"Original Dijon Mustard Whole Grain in Pail 3.7kg Clovis \u2014 Bulk Mart\" width=\"654\" height=\"654\" \/><\/p>\n<h4><strong>H\u01b0\u1edbng d\u1eabn s\u1eed d\u1ee5ng:<\/strong><\/h4>\n<p>\u2013 S\u1ea3n ph\u1ea9m \u0111\u01b0\u1ee3c d\u00f9ng tr\u1ef1c ti\u1ebfp ho\u1eb7c pha c\u00f9ng v\u1edbi chanh, d\u1ea5m t\u1ea1o n\u00ean h\u01b0\u01a1ng v\u1ecb \u0111\u1eb7c bi\u1ec7t c\u1ee7a n\u01b0\u1edbc ch\u1ea5m cho c\u00e1c m\u00f3n x\u00fac x\u00edch, th\u1ecbt n\u01b0\u1edbng, g\u1ecfi c\u00e1, t\u00f4m, h\u1ea3i s\u1ea3n\u2026<\/p>\n<p>\u2013 L\u00fd t\u01b0\u1edfng khi \u0103n v\u1edbi c\u00e1c m\u00f3n x\u00fac x\u00edch, b\u00edt t\u1ebft, th\u1ecbt n\u01b0\u1edbng, tr\u1ed9n salad, b\u00e1nh m\u1ef3. Kh\u00f4ng n\u00ean tr\u1ed9n m\u00f9 t\u1ea1t v\u1edbi n\u01b0\u1edbc n\u00f3ng v\u00ec th\u00e0nh ph\u1ea7n enzyme t\u1ea1o m\u00f9i trong \u0111\u00f3 s\u1ebd b\u1ecb ph\u00e2n h\u1ee7y \u1edf nhi\u1ec7t \u0111\u1ed9 cao. N\u00ean tr\u1ed9n v\u1edbi chanh ho\u1eb7c gi\u1ea5m, v\u1ecb m\u00f9 t\u1ea1t s\u1ebd ngon h\u01a1n<\/p>\n<p>\u2013 N\u01b0\u1edbc s\u1ed1t m\u00f9 t\u1ea1t v\u00e0ng c\u00f2n \u0111\u01b0\u1ee3c s\u1eed d\u1ee5ng \u0111\u1ec3 ch\u1ea5m b\u00e1nh m\u00ec sandwich, b\u00e1nh quy v\u00e0 b\u00e1nh hamburger.<\/p>\n<p><em>S\u1ea3n ph\u1ea9m \u0111\u01b0\u1ee3c d\u00f9ng tr\u1ef1c ti\u1ebfp ho\u1eb7c pha c\u00f9ng v\u1edbi chanh, d\u1ea5m t\u1ea1o n\u00ean h\u01b0\u01a1ng v\u1ecb \u0111\u1eb7c bi\u1ec7t c\u1ee7a n\u01b0\u1edbc ch\u1ea5m cho c\u00e1c m\u00f3n x\u00fac x\u00edch, th\u1ecbt n\u01b0\u1edbng, g\u1ecfi c\u00e1, t\u00f4m, h\u1ea3i s\u1ea3n&#8230;L\u00fd t\u01b0\u1edfng khi \u0103n v\u1edbi c\u00e1c m\u00f3n x\u00fac x\u00edch n\u01b0\u1edbng, b\u00f2 b\u00edt t\u1ebft, th\u1ecbt n\u01b0\u1edbng, tr\u1ed9n salad, b\u00e1nh m\u00ec. Kh\u00f4ng n\u00ean tr\u1ed9n m\u00f9 t\u1ea1t v\u1edbi n\u01b0\u1edbc n\u00f3ng v\u00ec th\u00e0nh ph\u1ea7n enzyme t\u1ea1o m\u00f9i trong \u0111\u00f3 s\u1ebd b\u1ecb ph\u00e2n h\u1ee7y \u1edf nhi\u1ec7t \u0111\u1ed9 cao. N\u00ean tr\u1ed9n v\u1edbi chanh ho\u1eb7c gi\u1ea5m, v\u1ecb m\u00f9 t\u1ea1t s\u1ebd ngon h\u01a1n.<\/em><\/p>\n<p>S\u1ea3n ph\u1ea9m hi\u1ec7n \u0111\u00e3 c\u00f3 m\u1eb7t t\u1ea1i Havamall.<\/p>\n<\/div>\n<\/div>\n<\/div>\n<\/div>","protected":false},"excerpt":{"rendered":"<p>TH\u00d4NG TIN CHUNG Th\u01b0\u01a1ng hi\u1ec7u Clovis Xu\u1ea5t x\u1ee9 Ph\u00e1p H\u1ea1n s\u1eed d\u1ee5ng Xem tr\u00ean bao b\u00ec H\u01b0\u1edbng d\u1eabn s\u1eed d\u1ee5ng<\/p>","protected":false},"featured_media":37829,"comment_status":"open","ping_status":"closed","template":"","meta":[],"product_brand":[],"product_cat":[723,705,36],"product_tag":[],"class_list":{"0":"post-37828","1":"product","2":"type-product","3":"status-publish","4":"has-post-thumbnail","6":"product_cat-nhap-khau-phap","7":"product_cat-sot-do-hop","8":"product_cat-thuc-pham-tieu-dung","10":"first","11":"outofstock","12":"sale","13":"shipping-taxable","14":"purchasable","15":"product-type-simple"},"_links":{"self":[{"href":"https:\/\/havamall.com\/en\/wp-json\/wp\/v2\/product\/37828","targetHints":{"allow":["GET"]}}],"collection":[{"href":"https:\/\/havamall.com\/en\/wp-json\/wp\/v2\/product"}],"about":[{"href":"https:\/\/havamall.com\/en\/wp-json\/wp\/v2\/types\/product"}],"replies":[{"embeddable":true,"href":"https:\/\/havamall.com\/en\/wp-json\/wp\/v2\/comments?post=37828"}],"version-history":[{"count":0,"href":"https:\/\/havamall.com\/en\/wp-json\/wp\/v2\/product\/37828\/revisions"}],"wp:featuredmedia":[{"embeddable":true,"href":"https:\/\/havamall.com\/en\/wp-json\/wp\/v2\/media\/37829"}],"wp:attachment":[{"href":"https:\/\/havamall.com\/en\/wp-json\/wp\/v2\/media?parent=37828"}],"wp:term":[{"taxonomy":"product_brand","embeddable":true,"href":"https:\/\/havamall.com\/en\/wp-json\/wp\/v2\/product_brand?post=37828"},{"taxonomy":"product_cat","embeddable":true,"href":"https:\/\/havamall.com\/en\/wp-json\/wp\/v2\/product_cat?post=37828"},{"taxonomy":"product_tag","embeddable":true,"href":"https:\/\/havamall.com\/en\/wp-json\/wp\/v2\/product_tag?post=37828"}],"curies":[{"name":"wp","href":"https:\/\/api.w.org\/{rel}","templated":true}]}}