{"id":37870,"date":"2025-01-22T16:53:40","date_gmt":"2025-01-22T09:53:40","guid":{"rendered":"https:\/\/havamall.com\/?post_type=product&#038;p=37870"},"modified":"2025-03-16T13:53:33","modified_gmt":"2025-03-16T06:53:33","slug":"sot-nam-cuc-selektia-tartufi-5-hu-500g-truffle-sauce","status":"publish","type":"product","link":"https:\/\/havamall.com\/en\/shop\/sot-nam-cuc-selektia-tartufi-5-hu-500g-truffle-sauce\/","title":{"rendered":"S\u1ed1t N\u1ea5m C\u1ee5c Selektia Tartufi 5% H\u1ee7 500g \u2013 Truffle Sauce"},"content":{"rendered":"<h2><strong>TH\u00d4NG TIN CHUNG<\/strong><\/h2>\n<table>\n<tbody>\n<tr>\n<td>Th\u01b0\u01a1ng hi\u1ec7u<\/td>\n<td>Selektia Tartufi<\/td>\n<\/tr>\n<tr>\n<td>Xu\u1ea5t x\u1ee9<\/td>\n<td>\u00dd<\/td>\n<\/tr>\n<tr>\n<td>Th\u00e0nh ph\u1ea7n<\/td>\n<td>N\u1ea5m champignons, d\u1ea7u oliu, n\u1ea5m porcini,\u00a0 n\u1ea5m truffes m\u00f9a h\u00e8 5%,\u2026<\/td>\n<\/tr>\n<tr>\n<td>H\u1ea1n s\u1eed d\u1ee5ng<\/td>\n<td>36 th\u00e1ng k\u1ec3 t\u1eeb ng\u00e0y s\u1ea3n xu\u1ea5t.<\/td>\n<\/tr>\n<tr>\n<td>B\u1ea3o qu\u1ea3n<\/td>\n<td>\u0110\u1ec3 n\u01a1i kh\u00f4 r\u00e1o, tho\u00e1ng m\u00e1t, tr\u00e1nh \u00e1nh n\u1eafng tr\u1ef1c ti\u1ebfp<\/td>\n<\/tr>\n<tr>\n<td>Kh\u1ed1i l\u01b0\u1ee3ng t\u1ecbnh<\/td>\n<td>500g<\/td>\n<\/tr>\n<\/tbody>\n<\/table>\n<p>S\u1ed1t n\u1ea5m c\u1ee5c Selektia Tartufi s\u1ea3n ph\u1ea9m \u0111\u01b0\u1ee3c \u0111\u00e1nh gi\u00e1 cao v\u00ec d\u1ec5 s\u1eed d\u1ee5ng v\u00e0 h\u01b0\u01a1ng v\u1ecb \u0111\u1eb7c tr\u01b0ng. V\u1ecb thanh ng\u1ecdt nh\u1eb9 nh\u00e0ng c\u1ee7a n\u1ea5m m\u1ee1 k\u1ebft h\u1ee3p v\u1edbi h\u01b0\u01a1ng th\u01a1m \u0111\u1eb7c tr\u01b0ng c\u1ee7a n\u1ea5m truffle \u0111en m\u00f9a h\u00e8 c\u00f9ng gia v\u1ecb v\u1eeba ph\u1ea3i.<\/p>\n<p><img fetchpriority=\"high\" decoding=\"async\" class=\"wp-image-32685 aligncenter\" src=\"https:\/\/havamall.com\/wp-content\/uploads\/2023\/10\/concentrati-300x200.jpeg\" alt=\"\" width=\"793\" height=\"528\" \/><\/p>\n<p>S\u1ed1t n\u1ea5m c\u1ee5c Selektia Tartufi v\u1edbi\u00a0<strong>t\u1ec9 l\u1ec7 n\u1ea5m c\u1ee5c l\u00ean \u0111\u1ebfn 5%<\/strong>, l\u00e0 s\u1ef1 l\u1ef1a ch\u1ecdn ho\u00e0n h\u1ea3o cho m\u00f3n khai v\u1ecb nhanh v\u00e0 ngon, ch\u1ec9 c\u1ea7n l\u00e0m n\u00f3ng s\u1ed1t n\u1ea5m truffle trong ch\u1ea3o tr\u00ean ph\u1ebft l\u00ean b\u00e1nh m\u00ec n\u01b0\u1edbng hay d\u00f9ng k\u00e8m v\u1edbi c\u00e1c lo\u1ea1i pasta y\u00eau th\u00edch c\u1ee7a b\u1ea1n, l\u00e0m s\u1ed1t cho c\u00e1c m\u00f3n th\u1ecbt, c\u00e1,\u2026l\u00e0 b\u1ea1n \u0111\u00e3 c\u00f3 m\u1ed9t b\u1eefa \u0103n dinh d\u01b0\u1ee1ng cung c\u1ea5p c\u00e1c kho\u00e1ng ch\u1ea5t, vitamin, cacbohydrat, protein, kali, s\u1eaft c\u00f9ng phytochemical c\u1ea7n thi\u1ebft \u0111\u1ed1i v\u1edbi s\u1ef1 ph\u00e1t tri\u1ec3n c\u1ee7a c\u01a1 th\u1ec3.<\/p>\n<p>H\u01b0\u01a1ng v\u1ecb tinh t\u1ebf c\u1ee7a n\u01b0\u1edbc s\u1ed1t n\u1ea5m c\u1ee5c \u0111en c\u00f3 s\u1ef1 c\u00e2n b\u1eb1ng h\u01b0\u01a1ng v\u1ecb tuy\u1ec7t v\u1eddi h\u1ee9a h\u1eb9n s\u1ebd chinh ph\u1ee5c \u0111\u01b0\u1ee3c t\u1ea5t c\u1ea3 c\u00e1c th\u1ef1c kh\u00e1ch cho d\u00f9 l\u00e0 kh\u00f3 t\u00ednh nh\u1ea5t.<\/p>\n<p><img decoding=\"async\" class=\"wp-image-32686 aligncenter\" src=\"https:\/\/havamall.com\/wp-content\/uploads\/2023\/10\/Selektia-vasetti-ambientati-16.02-2274-scaled-300x200.jpg\" alt=\"\" width=\"811\" height=\"540\" \/><\/p>\n<p>N\u1ea5m c\u1ee5c \u0111en \u0110\u01b0\u1ee3c ng\u01b0\u1eddi \u0111\u1eddi m\u1ec7nh danh l\u00e0 \u201cvua c\u1ee7a c\u00e1c lo\u1ea1i n\u1ea5m\u201d hay \u201ckim c\u01b0\u01a1ng \u0111en\u201d, Black Dimond Truffle (n\u1ea5m c\u1ee5c, kim c\u01b0\u01a1ng \u0111en d\u01b0\u1edbi l\u00f2ng \u0111\u1ea5t) lu\u00f4n \u0111\u01b0\u1ee3c gi\u1edbi qu\u00fd t\u1ed9c ng\u00e0y x\u01b0a chu\u1ed9ng v\u00e0 s\u0103n l\u00f9ng b\u1edfi ch\u1ea5t l\u01b0\u1ee3ng dinh d\u01b0\u1ee1ng v\u00e0 h\u01b0\u01a1ng v\u1ecb \u0111\u1eb7c bi\u1ec7t m\u00e0 lo\u1ea1i n\u1ea5m n\u00e0y mang l\u1ea1i.<\/p>\n<p>Vi\u1ec7c th\u01b0\u1edfng th\u1ee9c h\u01b0\u01a1ng v\u1ecb tuy\u1ec7t h\u1ea3o c\u1ee7a truffle l\u00e0 \u0111\u1eb7c quy\u1ec1n c\u1ee7a gi\u1edbi th\u01b0\u1ee3ng l\u01b0u v\u00e0 Ho\u00e0ng t\u1ed9c t\u1eeb th\u1eddi Ai C\u1eadp c\u1ed5 \u0111\u1ea1i.<\/p>\n<p>N\u00f3 \u0111\u01b0\u1ee3c xem l\u00e0 lo\u1ea1i n\u1ea5m \u0111\u1eaft \u0111\u1ecf nh\u1ea5t v\u00e0 l\u00e0 m\u1ef9 v\u1ecb c\u1ee7a t\u1ea7ng l\u1edbp th\u01b0\u1ee3ng l\u01b0u, th\u01b0\u1eddng \u0111\u01b0\u1ee3c s\u1eed d\u1ee5ng trong c\u00e1c nh\u00e0 h\u00e0ng, kh\u00e1ch s\u1ea1n l\u1edbn.<\/p>\n<p><img decoding=\"async\" class=\"wp-image-32639 aligncenter\" src=\"https:\/\/havamall.com\/wp-content\/uploads\/2023\/10\/Screen-Shot-2023-10-17-at-5.11.16-PM-300x294.png\" alt=\"\" width=\"809\" height=\"793\" \/><\/p>\n<p>Mang b\u1ec1 ngo\u00e0i v\u1edbi h\u00ecnh d\u00e1ng x\u00f9 x\u00ec k\u00e9m b\u1eaft m\u1eaft nh\u01b0ng \u0111i\u1ec1u l\u00e0m n\u00ean s\u1ef1 \u0111\u1eb7c tr\u01b0ng k\u00ec di\u1ec7u c\u1ee7a lo\u1ea1i n\u1ea5m n\u00e0y l\u00e0 h\u01b0\u01a1ng v\u1ecb ng\u1ecdt nh\u01b0 m\u1eadt ong c\u00f3 m\u1ed9t kh\u00f4ng hai.<\/p>\n<p>Truffle kh\u00f4ng gi\u1ed1ng nh\u01b0 c\u00e1c lo\u1ea1i n\u1ea5m th\u00f4ng th\u01b0\u1eddng, ch\u00fang kh\u00f4ng m\u1ecdc \u1edf tr\u00ean m\u1eb7t \u0111\u1ea5t m\u00e0 m\u1ecdc s\u00e2u d\u01b0\u1edbi l\u00f2ng \u0111\u1ea5t, ph\u00e1t tri\u1ec3n d\u01b0\u1edbi r\u1ec5 c\u1ee7a m\u1ed9t s\u1ed1 lo\u1ea1i c\u00e2y nh\u01b0 ph\u1ec9, c\u00e2y th\u00f4ng, c\u00e2y s\u1ed3i. N\u1ea5m c\u1ee5c \u0111en hay th\u01b0\u1eddng \u0111\u01b0\u1ee3c g\u1ecdi l\u00e0 Black Dimond Truffle, \u0111\u00e2y l\u00e0 m\u1ed9t trong nh\u1eefng nguy\u00ean li\u1ec7u \u0111\u01b0\u1ee3c g\u1eafn m\u00e1c cao nh\u1ea5t th\u1ebf gi\u1edbi, m\u1ed9t kg c\u00f3 gi\u00e1 l\u00ean t\u1edbi 15000$.<\/p>\n<p><img loading=\"lazy\" decoding=\"async\" class=\"wp-image-32687 aligncenter\" src=\"https:\/\/havamall.com\/wp-content\/uploads\/2023\/10\/kosher-930x562-300x181.jpeg\" alt=\"\" width=\"810\" height=\"489\" \/><\/p>\n<p>N\u1ea5m c\u1ee5c mang t\u00ednh ch\u1ea5t ch\u1ed1ng l\u00e3o h\u00f3a c\u1ef1c m\u1ea1nh, chi\u1ebft xu\u1ea5t n\u1ea5m c\u1ee5c c\u00f3 ch\u1ee9a v\u00f4 v\u00e0n c\u00e1c d\u01b0\u1ee1ng ch\u1ea5t ch\u1ed1ng l\u00e3o h\u00f3a nh\u01b0 amino acid, peptide, retinol v\u00e0 c\u00e1c lo\u1ea1i vitamin gi\u00fap ng\u0103n ch\u1eb7n c\u00e1c ho\u1ea1t t\u00ednh oxy h\u00f3a khi\u1ebfn da b\u1ecb l\u00e3o h\u00f3a, n\u1ebfp nh\u0103n v\u00e0 m\u1ea5t \u0111i s\u1ef1 s\u0103n ch\u1eafc.<\/p>\n<p>S\u1ed1t N\u1ea5m Truffle Selektia Tartufi \u0111\u01b0\u1ee3c th\u1ef1c hi\u1ec7n b\u1eb1ng c\u00e1ch tr\u1ed9n truffles m\u00e0u \u0111en thu\u1ea7n \u0111\u00e3 ch\u1ecdn. N\u1ea5m Truffle Sauce k\u1ebft h\u1ee3p ho\u00e0n h\u1ea3o v\u1edbi m\u00ec \u1ed1ng, Risotto, tr\u1ee9ng chi\u00ean v\u00e0 th\u1ecbt trong khi l\u00e0m phong ph\u00fa th\u00eam c\u00e1c m\u00f3n \u0103n c\u1ee7a b\u1ea1n v\u1edbi h\u01b0\u01a1ng v\u1ecb m\u00e3nh li\u1ec7t v\u00e0 h\u01b0\u01a1ng th\u01a1m.<\/p>\n<p><img loading=\"lazy\" decoding=\"async\" class=\"wp-image-32688 aligncenter\" src=\"https:\/\/havamall.com\/wp-content\/uploads\/2023\/10\/Scrambled-eggs-with-Truffle-Sauce-300x225.jpeg\" alt=\"\" width=\"815\" height=\"611\" \/><\/p>\n<h2><strong>\u00a0C\u00d4NG D\u1ee4NG C\u1ee6A S\u1ed0T N\u1ea4M C\u1ee4C<\/strong><\/h2>\n<p>\u2013 N\u1ea5m c\u1ee5c Truffle cung c\u1ea5p vitamin v\u00e0 kho\u00e1ng ch\u1ea5t cho c\u01a1 th\u1ec3<\/p>\n<p>\u2013 N\u1ea5m c\u1ee5c ph\u00f2ng ch\u1ed1ng ung th\u01b0<\/p>\n<p>\u2013 N\u1ea5m c\u1ee5c Truffle gi\u00fap t\u0103ng c\u01b0\u1eddng tr\u00ed nh\u1edb<\/p>\n<p>\u2013 N\u1ea5m c\u1ee5c Truffle x\u00e2y d\u1ef1ng h\u1ec7 mi\u1ec5n d\u1ecbch t\u1ef1 nhi\u00ean<\/p>\n<p>\u2013 N\u1ea5m c\u1ee5c Truffle t\u00f4 \u0111i\u1ec3m v\u1ebb \u0111\u1eb9p cho ch\u1ecb em ph\u1ee5 n\u1eef, gi\u00fap v\u00f3c d\u00e1ng thon g\u1ecdn, nu\u00f4i d\u01b0\u1ee1ng l\u00e0n da, gi\u00fap m\u00e1i t\u00f3c b\u1ed3ng b\u1ec1nh<\/p>\n<h2><strong>\u00a0H\u01af\u1edaNG D\u1eaaN S\u1eec D\u1ee4NG<\/strong><\/h2>\n<p>&gt;S\u1ed1t n\u1ea5m c\u1ee5c s\u1ebd l\u00e0m d\u1eady m\u00f9i v\u00e0 bi\u1ebfn t\u1ea5t c\u1ea3 c\u00e1c m\u00f3n \u0103n c\u1ee7a b\u1ea1n tr\u1edf n\u00ean ho\u00e0n h\u1ea3o h\u01a1n<\/p>\n<p>&gt;S\u1ed1t n\u1ea5m c\u1ee5c Selektia Tartufi d\u00f9ng \u0111\u1ec3 ch\u1ebf bi\u1ebfn c\u00e1c m\u00f3n nui, pizza, m\u00ec \u00dd.<\/p>\n<p>&gt;S\u1ed1t c\u00f3 th\u1ec3 ph\u1ebft l\u00ean b\u00e1nh m\u00ec, tr\u1ed9n salad<\/p>\n<p>&gt;D\u00f9ng \u0111\u1ec3 ch\u1ebf bi\u1ebfn c\u00e1c m\u00f3n \u0103n kh\u00e1c nh\u01b0 s\u00f2 \u0111i\u1ec7p n\u01b0\u1edbng<\/p>\n<h2><strong>H\u01b0\u1edbng d\u1eabn b\u1ea3o qu\u1ea3n:<\/strong><\/h2>\n<p>\u2013 B\u1ea3o qu\u1ea3n n\u01a1i kh\u00f4 r\u00e1o, tho\u00e1ng m\u00e1t, tr\u00e1nh \u00e1nh n\u1eafng tr\u1ef1c ti\u1ebfp<\/p>\n<p>\u2013 Sau khi m\u1edf n\u1eafp b\u1ea3o qu\u1ea3n \u1edf ng\u0103n m\u00e1t t\u1ee7 l\u1ea1nh<\/p>\n<p>\u2013 S\u1eed d\u1ee5ng t\u1ed1t nh\u1ea5t trong 7 ng\u00e0y sau khi m\u1edf n\u1eafp<\/p>\n<p><strong>L\u01b0u \u00fd<\/strong>\u00a0: Kh\u00f4ng s\u1eed d\u1ee5ng khi s\u1ea3n ph\u1ea9m c\u00f3 d\u1ea5u hi\u1ec7u h\u01b0 h\u1ecfng<\/p>\n<p>S\u1ea3n ph\u1ea9m hi\u1ec7n \u0111\u00e3 c\u00f3 m\u1eb7t t\u1ea1i Havamall<\/p>","protected":false},"excerpt":{"rendered":"<p>TH\u00d4NG TIN CHUNG Th\u01b0\u01a1ng hi\u1ec7u Selektia Tartufi Xu\u1ea5t x\u1ee9 \u00dd Th\u00e0nh ph\u1ea7n N\u1ea5m champignons, d\u1ea7u oliu, n\u1ea5m porcini,\u00a0 n\u1ea5m truffes<\/p>","protected":false},"featured_media":37871,"comment_status":"open","ping_status":"closed","template":"","meta":[],"product_brand":[],"product_cat":[36,724,719,705,143],"product_tag":[],"class_list":{"0":"post-37870","1":"product","2":"type-product","3":"status-publish","4":"has-post-thumbnail","6":"product_cat-thuc-pham-tieu-dung","7":"product_cat-nhap-khau-y","8":"product_cat-san-pham-theo-xuat-xu","9":"product_cat-sot-do-hop","10":"product_cat-thuc-pham-dong-hop","12":"first","13":"instock","14":"sale","15":"shipping-taxable","16":"purchasable","17":"product-type-simple"},"_links":{"self":[{"href":"https:\/\/havamall.com\/en\/wp-json\/wp\/v2\/product\/37870","targetHints":{"allow":["GET"]}}],"collection":[{"href":"https:\/\/havamall.com\/en\/wp-json\/wp\/v2\/product"}],"about":[{"href":"https:\/\/havamall.com\/en\/wp-json\/wp\/v2\/types\/product"}],"replies":[{"embeddable":true,"href":"https:\/\/havamall.com\/en\/wp-json\/wp\/v2\/comments?post=37870"}],"version-history":[{"count":0,"href":"https:\/\/havamall.com\/en\/wp-json\/wp\/v2\/product\/37870\/revisions"}],"wp:featuredmedia":[{"embeddable":true,"href":"https:\/\/havamall.com\/en\/wp-json\/wp\/v2\/media\/37871"}],"wp:attachment":[{"href":"https:\/\/havamall.com\/en\/wp-json\/wp\/v2\/media?parent=37870"}],"wp:term":[{"taxonomy":"product_brand","embeddable":true,"href":"https:\/\/havamall.com\/en\/wp-json\/wp\/v2\/product_brand?post=37870"},{"taxonomy":"product_cat","embeddable":true,"href":"https:\/\/havamall.com\/en\/wp-json\/wp\/v2\/product_cat?post=37870"},{"taxonomy":"product_tag","embeddable":true,"href":"https:\/\/havamall.com\/en\/wp-json\/wp\/v2\/product_tag?post=37870"}],"curies":[{"name":"wp","href":"https:\/\/api.w.org\/{rel}","templated":true}]}}