{"id":37882,"date":"2025-01-22T17:31:29","date_gmt":"2025-01-22T10:31:29","guid":{"rendered":"https:\/\/havamall.com\/?post_type=product&#038;p=37882"},"modified":"2025-03-20T09:46:04","modified_gmt":"2025-03-20T02:46:04","slug":"vo-tac-nhat-dong-lanh-kizami-nama-yuzu-10g-frozen-yuzu-skin-chopped","status":"publish","type":"product","link":"https:\/\/havamall.com\/en\/shop\/vo-tac-nhat-dong-lanh-kizami-nama-yuzu-10g-frozen-yuzu-skin-chopped\/","title":{"rendered":"V\u1ecf t\u1eafc Nh\u1eadt \u0110\u00f4ng L\u1ea1nh Kizami Nama Yuzu 10g &#8211; Frozen Yuzu Skin Chopped"},"content":{"rendered":"<h2 class=\"product-detail__specs-title\"><strong>TH\u00d4NG TIN CHUNG<\/strong><\/h2>\n<div id=\"js-product-detail__specs\" class=\"product-detail__specs\">\n<div class=\"row\">\n<div class=\"col-sm-12\">\n<div class=\"product-specs__table\">\n<table>\n<tbody>\n<tr>\n<td class=\"specs-table__property\">Th\u01b0\u01a1ng hi\u1ec7u<\/td>\n<td class=\"specs-table__value\">Kaneku<\/td>\n<\/tr>\n<tr>\n<td class=\"specs-table__property\">Xu\u1ea5t x\u1ee9<\/td>\n<td class=\"specs-table__value\">Nh\u1eadt b\u1ea3n<\/td>\n<\/tr>\n<tr>\n<td class=\"specs-table__property\">H\u1ea1n s\u1eed d\u1ee5ng<\/td>\n<td class=\"specs-table__value\">1 n\u0103m k\u1ec3 t\u1eeb ng\u00e0y s\u1ea3n xu\u1ea5t<\/td>\n<\/tr>\n<tr>\n<td class=\"specs-table__property\">H\u01b0\u1edbng d\u1eabn s\u1eed d\u1ee5ng<\/td>\n<td class=\"specs-table__value\">D\u00f9ng \u0103n tr\u1ef1c ti\u1ebfp<\/td>\n<\/tr>\n<tr>\n<td class=\"specs-table__property\">H\u01b0\u1edbng d\u1eabn b\u1ea3o qu\u1ea3n<\/td>\n<td class=\"specs-table__value\">B\u1ea3o qu\u1ea3n \u1edf nhi\u1ec7t \u0111\u1ed9 th\u01b0\u1eddng, gi\u1eef l\u1ea1nh sau khi m\u1edf n\u1eafp<\/td>\n<\/tr>\n<tr>\n<td class=\"specs-table__property\">Th\u00e0nh ph\u1ea7n nguy\u00ean li\u1ec7u<\/td>\n<td class=\"specs-table__value\">V\u1ecf t\u1eafc nh\u1eadt<\/td>\n<\/tr>\n<tr>\n<td class=\"specs-table__property\">Kh\u1ed1i l\u01b0\u1ee3ng\/Th\u1ec3 t\u00edch<\/td>\n<td class=\"specs-table__value\">10g<\/td>\n<\/tr>\n<\/tbody>\n<\/table>\n<\/div>\n<h2><strong>V\u1ecf t\u1eafc Yuzu c\u1eaft s\u1ee3i Kaneku Nh\u1eadt B\u1ea3n<\/strong><\/h2>\n<p><strong>V\u1ecf t\u1eafc Nh\u1eadt\u00a0Yuzu<\/strong>\u00a0\u0111\u01b0\u1ee3c thu ho\u1ea1ch v\u00e0 s\u1ea3n xu\u1ea5t t\u1ea1i Nh\u1eadt B\u1ea3n, sau \u0111\u00f3 c\u1eaft nh\u1ecf v\u1eeba \u0103n v\u00e0 c\u1ea5p \u0111\u00f4ng l\u1ea1nh.<\/p>\n<p>S\u1ea3n ph\u1ea9m kh\u00f4ng ch\u1ea5t ph\u1ee5 gia, \u0111\u01b0\u1ee3c l\u00e0m s\u1ea1ch \u0111\u1ea3m b\u1ea3o an to\u00e0n.<\/p>\n<blockquote><p>V\u1ecb kh\u00f4ng h\u0103ng, chua ng\u1ecdt \u0111\u1eb7c tr\u01b0ng, k\u00edch th\u00edch v\u1ecb gi\u00e1c<br \/>\n&gt; S\u1eafc \u201cv\u00e0ng\u201d b\u1eaft m\u1eaft chuy\u00ean d\u00f9ng l\u00e0m topping<br \/>\n&gt; D\u00f9ng cho s\u1eefa chua, m\u00ec udon, soba,&#8230; hay r\u1eafc l\u00ean kem, b\u00e1nh ng\u1ecdt \u0111\u1ec1u h\u1ee3p.<\/p><\/blockquote>\n<p><img fetchpriority=\"high\" decoding=\"async\" class=\"aligncenter\" src=\"https:\/\/havamall.com\/wp-content\/uploads\/2025\/01\/IMG_7260.jpg\" alt=\"JAPAN NAMA YUZU KIZAMI 100G \u2013 \u91d1\u65e5\u672c Goldish\" width=\"559\" height=\"566\" \/><\/p>\n<\/div>\n<\/div>\n<\/div>","protected":false},"excerpt":{"rendered":"<p>TH\u00d4NG TIN CHUNG Th\u01b0\u01a1ng hi\u1ec7u Kaneku Xu\u1ea5t x\u1ee9 Nh\u1eadt b\u1ea3n H\u1ea1n s\u1eed d\u1ee5ng 1 n\u0103m k\u1ec3 t\u1eeb ng\u00e0y s\u1ea3n xu\u1ea5t<\/p>","protected":false},"featured_media":37884,"comment_status":"open","ping_status":"closed","template":"","meta":[],"product_brand":[],"product_cat":[36,255,722,275],"product_tag":[],"class_list":{"0":"post-37882","1":"product","2":"type-product","3":"status-publish","4":"has-post-thumbnail","6":"product_cat-thuc-pham-tieu-dung","7":"product_cat-nguyen-lieu-lam-banh","8":"product_cat-nhap-khau-nhat-ban","9":"product_cat-thuc-pham-dong-lanh","11":"first","12":"instock","13":"sale","14":"shipping-taxable","15":"purchasable","16":"product-type-simple"},"_links":{"self":[{"href":"https:\/\/havamall.com\/en\/wp-json\/wp\/v2\/product\/37882","targetHints":{"allow":["GET"]}}],"collection":[{"href":"https:\/\/havamall.com\/en\/wp-json\/wp\/v2\/product"}],"about":[{"href":"https:\/\/havamall.com\/en\/wp-json\/wp\/v2\/types\/product"}],"replies":[{"embeddable":true,"href":"https:\/\/havamall.com\/en\/wp-json\/wp\/v2\/comments?post=37882"}],"version-history":[{"count":0,"href":"https:\/\/havamall.com\/en\/wp-json\/wp\/v2\/product\/37882\/revisions"}],"wp:featuredmedia":[{"embeddable":true,"href":"https:\/\/havamall.com\/en\/wp-json\/wp\/v2\/media\/37884"}],"wp:attachment":[{"href":"https:\/\/havamall.com\/en\/wp-json\/wp\/v2\/media?parent=37882"}],"wp:term":[{"taxonomy":"product_brand","embeddable":true,"href":"https:\/\/havamall.com\/en\/wp-json\/wp\/v2\/product_brand?post=37882"},{"taxonomy":"product_cat","embeddable":true,"href":"https:\/\/havamall.com\/en\/wp-json\/wp\/v2\/product_cat?post=37882"},{"taxonomy":"product_tag","embeddable":true,"href":"https:\/\/havamall.com\/en\/wp-json\/wp\/v2\/product_tag?post=37882"}],"curies":[{"name":"wp","href":"https:\/\/api.w.org\/{rel}","templated":true}]}}