{"id":37906,"date":"2025-02-13T15:49:28","date_gmt":"2025-02-13T08:49:28","guid":{"rendered":"https:\/\/havamall.com\/?post_type=product&#038;p=37906"},"modified":"2025-03-20T09:45:33","modified_gmt":"2025-03-20T02:45:33","slug":"gia-vi-hon-hop-yuzu-togarashi-130g-sauce","status":"publish","type":"product","link":"https:\/\/havamall.com\/en\/shop\/gia-vi-hon-hop-yuzu-togarashi-130g-sauce\/","title":{"rendered":"Gia V\u1ecb H\u1ed7n H\u1ee3p Yuzu Togarashi 130G &#8211; Sauce"},"content":{"rendered":"<h2 class=\"product-detail__specs-title\"><strong>TH\u00d4NG TIN CHUNG<\/strong><\/h2>\n<div id=\"js-product-detail__specs\" class=\"product-detail__specs\">\n<div class=\"row\">\n<div class=\"col-sm-12\">\n<div class=\"product-specs__table\">\n<table>\n<tbody>\n<tr>\n<td class=\"specs-table__property\">Th\u01b0\u01a1ng hi\u1ec7u<\/td>\n<td class=\"specs-table__value\">Youki<\/td>\n<\/tr>\n<tr>\n<td class=\"specs-table__property\">Xu\u1ea5t x\u1ee9<\/td>\n<td class=\"specs-table__value\">Nh\u1eadt B\u1ea3n<\/td>\n<\/tr>\n<tr>\n<td class=\"specs-table__property\">H\u1ea1n s\u1eed d\u1ee5ng<\/td>\n<td class=\"specs-table__value\">Xem tr\u00ean bao b\u00ec<\/td>\n<\/tr>\n<tr>\n<td class=\"specs-table__property\">H\u01b0\u1edbng d\u1eabn s\u1eed d\u1ee5ng<\/td>\n<td class=\"specs-table__value\">S\u1eed d\u1ee5ng tr\u1ef1c ti\u1ebfp ho\u1eb7c ch\u1ebf bi\u1ebfn m\u00f3n \u0103n<\/td>\n<\/tr>\n<tr>\n<td class=\"specs-table__property\">H\u01b0\u1edbng d\u1eabn b\u1ea3o qu\u1ea3n<\/td>\n<td class=\"specs-table__value\">N\u01a1i kh\u00f4 r\u00e1o, tho\u00e1ng m\u00e1t, tr\u00e1nh \u00e1nh n\u1eafng tr\u1ef1c ti\u1ebfp<\/td>\n<\/tr>\n<tr>\n<td class=\"specs-table__property\">Th\u00e0nh ph\u1ea7n nguy\u00ean li\u1ec7u<\/td>\n<td class=\"specs-table__value\"><em>Xi-r\u00f4 tinh b\u1ed9t (s\u1ea3n xu\u1ea5t t\u1ea1i Nh\u1eadt) (40%), t\u01b0\u01a1ng \u0111\u1eadu cay (35%), gi\u1ea5m \u1ee7 (7%), protein th\u1ee7y ph\u00e2n (5.95%), v\u1ecf t\u1eafc Nh\u1eadt yuzu (5%), n\u01b0\u1edbc \u00e9p t\u1eafc Nh\u1eadt yuzu (5%), h\u1ea1t ti\u00eau (0.4%), gia v\u1ecb (1.5%) {axit amin, v.v. [INS 621, INS 635, INS 364(ii)]}, ch\u1ea5t l\u00e0m d\u00e0y (INS 415) (0.1%), h\u01b0\u01a1ng li\u1ec7u t\u1ed5ng h\u1ee3p (0.05%).<\/em><\/td>\n<\/tr>\n<tr>\n<td class=\"specs-table__property\">Kh\u1ed1i l\u01b0\u1ee3ng<\/td>\n<td class=\"specs-table__value\">130g<\/td>\n<\/tr>\n<\/tbody>\n<\/table>\n<p>Yuzu Togarashi l\u00e0 m\u1ed9t lo\u1ea1i gia v\u1ecb \u0111\u1eb7c tr\u01b0ng t\u1eeb Nh\u1eadt B\u1ea3n, k\u1ebft h\u1ee3p h\u01b0\u01a1ng v\u1ecb \u0111\u1ed9c \u0111\u00e1o c\u1ee7a v\u1ecf qu\u1ea3 yuzu th\u01a1m m\u00e1t v\u00e0 v\u1ecb cay n\u1ed3ng t\u1eeb \u1edbt togarashi. S\u1ea3n ph\u1ea9m n\u00e0y mang l\u1ea1i s\u1ef1 c\u00e2n b\u1eb1ng ho\u00e0n h\u1ea3o gi\u1eefa m\u00f9i h\u01b0\u01a1ng tinh t\u1ebf v\u00e0 \u0111\u1ed9 cay h\u1ea5p d\u1eabn, gi\u00fap n\u00e2ng t\u1ea7m h\u01b0\u01a1ng v\u1ecb cho c\u00e1c m\u00f3n \u0103n.<\/p>\n<p><strong>Qu\u1ea3 Yuzu<\/strong>, c\u00f2n \u0111\u01b0\u1ee3c g\u1ecdi l\u00e0 Thanh Y\u00ean, l\u00e0 m\u1ed9t lo\u1ea1i tr\u00e1i c\u00e2y \u0111\u1eb7c bi\u1ec7t v\u00e0 qu\u00fd hi\u1ebfm c\u00f3 ngu\u1ed3n g\u1ed1c t\u1eeb Nh\u1eadt B\u1ea3n. Lo\u1ea1i qu\u1ea3 n\u00e0y thu\u1ed9c v\u1ec1 h\u1ecd Citrus v\u00e0 c\u00f3 t\u00ean khoa h\u1ecdc l\u00e0 Citrus junos. Lo\u1ea1i qu\u1ea3 n\u00e0y \u0111\u01b0\u1ee3c cho l\u00e0 s\u1ef1 k\u1ebft h\u1ee3p lai t\u1ea1o gi\u1eefa c\u00e1c gi\u1ed1ng qu\u00fdt v\u00e0\u00a0ichang papeda\u00a0(m\u1ed9t gi\u1ed1ng qu\u1ea3 c\u00f3 h\u01b0\u01a1ng cam chanh).<\/p>\n<p><em><strong><img decoding=\"async\" class=\"aligncenter\" src=\"https:\/\/havamall.com\/wp-content\/uploads\/2025\/02\/qua-yuzu-1.jpg\" alt=\"Qu\u1ea3 Yuzu, c\u00f2n \u0111\u01b0\u1ee3c g\u1ecdi l\u00e0 Thanh Y\u00ean\" \/><\/strong><\/em><\/p>\n<p><em><strong>Qu\u1ea3 Yuzu, c\u00f2n \u0111\u01b0\u1ee3c g\u1ecdi l\u00e0 Thanh Y\u00ean<\/strong><\/em><\/p>\n<p><strong>Yuzu<\/strong>\u00a0c\u00f3 h\u00ecnh d\u00e1ng t\u01b0\u01a1ng t\u1ef1 nh\u01b0 qu\u1ea3 chanh, nh\u01b0ng c\u00f3 k\u00edch th\u01b0\u1edbc nh\u1ecf h\u01a1n, m\u00e0u v\u00e0ng t\u01b0\u01a1i, v\u00e0 da c\u00f3 l\u1ed7 l\u00f5m.\u00a0<strong>Qu\u1ea3 Yuzu Nh\u1eadt B\u1ea3n<\/strong>\u00a0\u0111\u01b0\u1ee3c bi\u1ebft \u0111\u1ebfn v\u1edbi h\u01b0\u01a1ng th\u01a1m \u0111\u1eb7c tr\u01b0ng v\u00e0 v\u1ecb chua ng\u1ecdt h\u00e0i h\u00f2a, t\u1ea1o n\u00ean m\u1ed9t h\u01b0\u01a1ng v\u1ecb \u0111\u1ed9c \u0111\u00e1o v\u00e0 phong c\u00e1ch ri\u00eang bi\u1ec7t.<\/p>\n<p><strong>B\u1ed9t \u1edbt Ichimi Togarashi\u00a0<\/strong>\u0111\u01b0\u1ee3c l\u00e0m t\u1eeb \u1edbt cay nh\u01b0ng l\u1ea1i kh\u00f4ng qu\u00e1 cay nh\u01b0 cayenne pepper, v\u00e0 c\u00f3 h\u01b0\u01a1ng v\u1ecb \u0111\u1eb7c tr\u01b0ng c\u1ee7a \u1edbt. \u0110\u00e2y l\u00e0 lo\u1ea1i b\u1ed9t \u1edbt tinh khi\u1ebft, ch\u1ec9 \u0111\u01b0\u1ee3c ch\u1ebf bi\u1ebfn t\u1eeb m\u1ed9t lo\u1ea1i \u1edbt duy nh\u1ea5t l\u00e0 Cayenne Pepper, n\u00ean c\u00f3 m\u1ed9t h\u01b0\u01a1ng v\u1ecb th\u01a1m ngon, nh\u1eb9 nh\u00e0ng v\u00e0 tinh khi\u1ebft.<\/p>\n<p><strong>H\u01b0\u1edbng d\u1eabn s\u1eed d\u1ee5ng<\/strong><\/p>\n<p>Th\u00edch h\u1ee3p \u0111\u1ec3 t\u0103ng c\u01b0\u1eddng v\u1ecb cay cho c\u00e1c m\u00f3n \u0103n m\u00e0 kh\u00f4ng l\u00e0m thay \u0111\u1ed5i h\u01b0\u01a1ng v\u1ecb m\u00f3n \u0103n. D\u00f9ng \u0111\u1ec3 ch\u1ea5m c\u00e1c lo\u1ea1i \u0111\u1ed3 chi\u00ean, g\u00e0 r\u00e1n, m\u00ec, ph\u1edf v\u00e0 c\u00e1c m\u00f3n n\u01b0\u1edbng, \u0111\u1eb7c bi\u1ec7t l\u00e0 c\u00e1c m\u00f3n th\u1ecbt b\u00f2 v\u00e0 th\u1ecbt heo. V\u00e0 c\u0169ng th\u01b0\u1eddng \u0111\u01b0\u1ee3c d\u00f9ng \u0111\u1ec3 n\u00eam v\u00e0o c\u00e1c m\u00f3n s\u00fap miso, nabe, v\u00e0 m\u00f3n \u0103n nh\u1eb9 nh\u01b0 tempura.<\/p>\n<p>Ichimi l\u00e0 m\u1ed9t lo\u1ea1i gia v\u1ecb l\u00e0m t\u1eeb \u1edbt \u0111\u1ecf kh\u00f4 xay th\u00e0nh d\u1ea1ng b\u1ed9t v\u00e0 \u0111\u01b0\u1ee3c s\u1eed d\u1ee5ng \u0111\u1ec3 th\u00eam h\u01b0\u01a1ng v\u1ecb \u0111\u1eadm \u0111\u00e0 cho c\u00e1c m\u00f3n \u0103n kh\u00e1c nhau.<\/p>\n<h2 id=\"c\u00f4ng-d\u1ee5ng-qu\u1ea3-yuzu\">C\u00f4ng d\u1ee5ng s\u1ed1t Yuzu<\/h2>\n<p>C\u00f3 nhi\u1ec1u\u00a0<strong>c\u00f4ng d\u1ee5ng \u0111\u00e1ng k\u1ec3 c\u1ee7a qu\u1ea3 Yuzu<\/strong>, v\u00e0 d\u01b0\u1edbi \u0111\u00e2y l\u00e0 m\u1ed9t s\u1ed1 th\u00f4ng tin quan tr\u1ecdng v\u1ec1 nh\u1eefng l\u1ee3i \u00edch s\u1ee9c kh\u1ecfe v\u00e0 \u1ee9ng d\u1ee5ng c\u1ee7a lo\u1ea1i s\u1ed1t \u0111\u1ed9c \u0111\u00e1o n\u00e0y:<\/p>\n<p>Gia V\u1ecb H\u1ed7n H\u1ee3p Yuzu Togarashi l\u00e0 m\u1ed9t ngu\u1ed3n tuy\u1ec7t v\u1eddi c\u1ee7a vitamin C, v\u1edbi h\u00e0m l\u01b0\u1ee3ng vitamin C cao h\u01a1n so v\u1edbi nhi\u1ec1u lo\u1ea1i tr\u00e1i c\u00e2y kh\u00e1c. Vitamin C gi\u00fap t\u0103ng c\u01b0\u1eddng h\u1ec7 th\u1ed1ng mi\u1ec5n d\u1ecbch, ch\u1ed1ng vi\u00eam nhi\u1ec5m, v\u00e0 gi\u00fap c\u01a1 th\u1ec3 duy tr\u00ec s\u1ee9c kh\u00e1ng trong m\u00f9a l\u1ea1nh.<\/p>\n<p><strong>Gia V\u1ecb H\u1ed7n H\u1ee3p Yuzu Togarashi <\/strong>ch\u1ee9a nhi\u1ec1u h\u1ee3p ch\u1ea5t ch\u1ed1ng oxi h\u00f3a, nh\u01b0 flavonoid v\u00e0 carotenoid, gi\u00fap b\u1ea3o v\u1ec7 t\u1ebf b\u00e0o kh\u1ecfi h\u1ee7y ho\u1ea1i do c\u00e1c g\u1ed1c t\u1ef1 do. \u0110i\u1ec1u n\u00e0y c\u00f3 th\u1ec3 gi\u00fap ng\u0103n ng\u1eeba c\u00e1c b\u1ec7nh m\u00e3n t\u00ednh v\u00e0 l\u00e3o h\u00f3a s\u1edbm.<\/p>\n<p><img fetchpriority=\"high\" decoding=\"async\" class=\"aligncenter\" src=\"https:\/\/havamall.com\/wp-content\/uploads\/2025\/02\/f331d67f-0a76-432b-ae6d-9e243300193a.jpg\" alt=\"Calamari - Dinner - Soma Sushi - Japanese Restaurant in Houston, TX\" width=\"801\" height=\"449\" \/><\/p>\n<p><em><strong>C\u00f4ng d\u1ee5ng qu\u1ea3 Yuzu<\/strong><\/em><\/p>\n<p>Gia V\u1ecb H\u1ed7n H\u1ee3p Yuzu Togarashi th\u01b0\u1eddng \u0111\u01b0\u1ee3c s\u1eed d\u1ee5ng \u0111\u1ec3 l\u00e0m n\u01b0\u1edbc ch\u1ea5m ho\u1eb7c l\u00e0m gia v\u1ecb trong c\u00e1c m\u00f3n \u0103n v\u00e0 \u0111\u1ed3 u\u1ed1ng. H\u01b0\u01a1ng th\u01a1m \u0111\u1eb7c tr\u01b0ng v\u00e0 v\u1ecb chua ng\u1ecdt c\u1ee7a Yuzu t\u1ea1o n\u00ean h\u01b0\u01a1ng v\u1ecb \u0111\u1ed9c \u0111\u00e1o v\u00e0 l\u00e0m t\u0103ng s\u1ef1 h\u1ea5p d\u1eabn c\u1ee7a m\u00f3n \u0103n. Hi\u1ec7n c\u00f3 m\u1eb7t t\u1ea1i Havamall.<\/p>\n<\/div>\n<\/div>\n<\/div>\n<\/div>\n","protected":false},"excerpt":{"rendered":"<p>TH\u00d4NG TIN CHUNG Th\u01b0\u01a1ng hi\u1ec7u Youki Xu\u1ea5t x\u1ee9 Nh\u1eadt B\u1ea3n H\u1ea1n s\u1eed d\u1ee5ng Xem tr\u00ean bao b\u00ec H\u01b0\u1edbng d\u1eabn s\u1eed<\/p>","protected":false},"featured_media":37907,"comment_status":"open","ping_status":"closed","template":"","meta":[],"product_brand":[],"product_cat":[36,722,705,143],"product_tag":[],"class_list":{"0":"post-37906","1":"product","2":"type-product","3":"status-publish","4":"has-post-thumbnail","6":"product_cat-thuc-pham-tieu-dung","7":"product_cat-nhap-khau-nhat-ban","8":"product_cat-sot-do-hop","9":"product_cat-thuc-pham-dong-hop","11":"first","12":"instock","13":"sale","14":"shipping-taxable","15":"purchasable","16":"product-type-simple"},"_links":{"self":[{"href":"https:\/\/havamall.com\/en\/wp-json\/wp\/v2\/product\/37906","targetHints":{"allow":["GET"]}}],"collection":[{"href":"https:\/\/havamall.com\/en\/wp-json\/wp\/v2\/product"}],"about":[{"href":"https:\/\/havamall.com\/en\/wp-json\/wp\/v2\/types\/product"}],"replies":[{"embeddable":true,"href":"https:\/\/havamall.com\/en\/wp-json\/wp\/v2\/comments?post=37906"}],"version-history":[{"count":0,"href":"https:\/\/havamall.com\/en\/wp-json\/wp\/v2\/product\/37906\/revisions"}],"wp:featuredmedia":[{"embeddable":true,"href":"https:\/\/havamall.com\/en\/wp-json\/wp\/v2\/media\/37907"}],"wp:attachment":[{"href":"https:\/\/havamall.com\/en\/wp-json\/wp\/v2\/media?parent=37906"}],"wp:term":[{"taxonomy":"product_brand","embeddable":true,"href":"https:\/\/havamall.com\/en\/wp-json\/wp\/v2\/product_brand?post=37906"},{"taxonomy":"product_cat","embeddable":true,"href":"https:\/\/havamall.com\/en\/wp-json\/wp\/v2\/product_cat?post=37906"},{"taxonomy":"product_tag","embeddable":true,"href":"https:\/\/havamall.com\/en\/wp-json\/wp\/v2\/product_tag?post=37906"}],"curies":[{"name":"wp","href":"https:\/\/api.w.org\/{rel}","templated":true}]}}