{"id":37912,"date":"2025-02-13T16:33:04","date_gmt":"2025-02-13T09:33:04","guid":{"rendered":"https:\/\/havamall.com\/?post_type=product&#038;p=37912"},"modified":"2026-03-27T09:59:41","modified_gmt":"2026-03-27T02:59:41","slug":"ot-kho-cat-soi-chi-sb-5g-shredded-chili-pepper","status":"publish","type":"product","link":"https:\/\/havamall.com\/en\/shop\/ot-kho-cat-soi-chi-sb-5g-shredded-chili-pepper\/","title":{"rendered":"\u1edat Kh\u00f4 C\u1eaft S\u1ee3i Ch\u1ec9 S&amp;B 5g &#8211; Shredded Chili Pepper"},"content":{"rendered":"<h2 class=\"product-detail__specs-title\"><strong>TH\u00d4NG TIN CHUNG<\/strong><\/h2>\n<div id=\"js-product-detail__specs\" class=\"product-detail__specs\">\n<div class=\"row\">\n<div class=\"col-sm-12\">\n<div class=\"product-specs__table\">\n<table>\n<tbody>\n<tr>\n<td class=\"specs-table__property\">Th\u01b0\u01a1ng hi\u1ec7u<\/td>\n<td class=\"specs-table__value\">S&amp;B<\/td>\n<\/tr>\n<tr>\n<td class=\"specs-table__property\">Xu\u1ea5t x\u1ee9<\/td>\n<td class=\"specs-table__value\">Nh\u1eadt B\u1ea3n<\/td>\n<\/tr>\n<tr>\n<td class=\"specs-table__property\">H\u1ea1n s\u1eed d\u1ee5ng<\/td>\n<td class=\"specs-table__value\">Xem tr\u00ean bao b\u00ec<\/td>\n<\/tr>\n<tr>\n<td class=\"specs-table__property\">H\u01b0\u1edbng d\u1eabn s\u1eed d\u1ee5ng<\/td>\n<td class=\"specs-table__value\">S\u1eed d\u1ee5ng tr\u1ef1c ti\u1ebfp ho\u1eb7c ch\u1ebf bi\u1ebfn m\u00f3n \u0103n<\/td>\n<\/tr>\n<tr>\n<td class=\"specs-table__property\">H\u01b0\u1edbng d\u1eabn b\u1ea3o qu\u1ea3n<\/td>\n<td class=\"specs-table__value\">N\u01a1i kh\u00f4 r\u00e1o, tho\u00e1ng m\u00e1t, tr\u00e1nh \u00e1nh n\u1eafng tr\u1ef1c ti\u1ebfp<\/td>\n<\/tr>\n<tr>\n<td class=\"specs-table__property\">Th\u00e0nh ph\u1ea7n nguy\u00ean li\u1ec7u<\/td>\n<td class=\"specs-table__value\"><em>\u1edat Kh\u00f4.<\/em><\/td>\n<\/tr>\n<tr>\n<td class=\"specs-table__property\">Kh\u1ed1i l\u01b0\u1ee3ng<\/td>\n<td class=\"specs-table__value\">5g\/ b\u1ecbch<\/td>\n<\/tr>\n<\/tbody>\n<\/table>\n<p><img fetchpriority=\"high\" decoding=\"async\" class=\"wp-image-45444 aligncenter\" src=\"https:\/\/havamall.com\/wp-content\/uploads\/2025\/02\/07509CE2-AA88-4720-BA8F-E0D407D59505-200x300.png\" alt=\"\" width=\"380\" height=\"570\" \/><\/p>\n<p>\u1edat l\u00e0 m\u1ed9t l\u1ef1a ch\u1ecdn l\u00e0nh m\u1ea1nh v\u00e0 \u0111\u1ea7y m\u00e0u s\u1eafc trong nhi\u1ec1u m\u00f3n \u0103n, nh\u01b0ng h\u00ecnh d\u00e1ng \u0111\u1ed9c \u0111\u00e1o c\u1ee7a ch\u00fang khi\u1ebfn vi\u1ec7c c\u1eaft tr\u1edf n\u00ean th\u00e1ch th\u1ee9c, \u0111\u1eb7c bi\u1ec7t l\u00e0 th\u00e0nh t\u1eebng s\u1ee3i m\u1ecfng d\u00e0i. C\u00f3 m\u1ed9t s\u1ed1 c\u00e1ch \u0111\u1ec3 th\u00e1i \u1edbt, m\u1ed7i c\u00e1ch \u0111\u1ec1u s\u1eed d\u1ee5ng ph\u01b0\u01a1ng ph\u00e1p ri\u00eang bi\u1ec7t v\u1ec1 c\u00e1ch c\u1eaft, l\u00e0m ph\u1eb3ng, l\u1ea5y h\u1ea1t, v\u00e0 c\u1eaft nh\u1ecf \u1edbt. Bi\u1ebft c\u00e1ch c\u1eaft \u1edbt m\u1ed9t c\u00e1ch \u0111\u00fang \u0111\u1eafn s\u1ebd ti\u1ebft ki\u1ec7m th\u1eddi gian trong qu\u00e1 tr\u00ecnh chu\u1ea9n b\u1ecb b\u1eefa \u0103n v\u00e0 \u0111\u1ea3m b\u1ea3o an to\u00e0n khi l\u00e0m vi\u1ec7c trong nh\u00e0 b\u1ebfp.<\/p>\n<p><img decoding=\"async\" class=\"aligncenter\" src=\"https:\/\/havamall.com\/wp-content\/uploads\/2025\/02\/Chefs-Handyman-Chilifaeden-sq1.jpg\" alt=\"Shredded hot chili peppers - Chef's Handyman - Food Magazine\" width=\"669\" height=\"446\" \/><\/p>\n<p>\u0110\u00e2y l\u00e0 \u1edbt s\u1ee3i th\u00e1i s\u1ee3i d\u00e0y kho\u1ea3ng 0,5mm, nh\u01b0 s\u1ee3i ch\u1ec9. \u1edat \u0111\u1ecf ch\u1ecdn l\u1ecdc \u0111\u01b0\u1ee3c s\u1eed d\u1ee5ng \u0111\u1ec3 l\u00e0m n\u1ed5i b\u1eadt v\u1ecb cay v\u00e0 m\u00e0u s\u1eafc. D\u00f9ng \u0111\u1ec3 trang tr\u00ed m\u00f3n \u0103n v\u00e0 l\u00e0m n\u1ed5i b\u1eadt h\u01b0\u01a1ng v\u1ecb.<\/p>\n<p><img decoding=\"async\" class=\"wp-image-45443 aligncenter\" src=\"https:\/\/havamall.com\/wp-content\/uploads\/2025\/02\/45E9D681-86D5-4BAF-8DFF-1CDB8F020F3B-200x300.png\" alt=\"\" width=\"405\" height=\"608\" \/><\/p>\n<\/div>\n<\/div>\n<\/div>\n<\/div>","protected":false},"excerpt":{"rendered":"<p>TH\u00d4NG TIN CHUNG Th\u01b0\u01a1ng hi\u1ec7u S&amp;B Xu\u1ea5t x\u1ee9 Nh\u1eadt B\u1ea3n H\u1ea1n s\u1eed d\u1ee5ng Xem tr\u00ean bao b\u00ec H\u01b0\u1edbng d\u1eabn s\u1eed<\/p>","protected":false},"featured_media":45441,"comment_status":"open","ping_status":"closed","template":"","meta":[],"product_brand":[],"product_cat":[36,595,722,701],"product_tag":[],"class_list":{"0":"post-37912","1":"product","2":"type-product","3":"status-publish","4":"has-post-thumbnail","6":"product_cat-thuc-pham-tieu-dung","7":"product_cat-gia-vi-va-che-bien","8":"product_cat-nhap-khau-nhat-ban","9":"product_cat-rau-cu","11":"first","12":"instock","13":"sale","14":"shipping-taxable","15":"purchasable","16":"product-type-simple"},"_links":{"self":[{"href":"https:\/\/havamall.com\/en\/wp-json\/wp\/v2\/product\/37912","targetHints":{"allow":["GET"]}}],"collection":[{"href":"https:\/\/havamall.com\/en\/wp-json\/wp\/v2\/product"}],"about":[{"href":"https:\/\/havamall.com\/en\/wp-json\/wp\/v2\/types\/product"}],"replies":[{"embeddable":true,"href":"https:\/\/havamall.com\/en\/wp-json\/wp\/v2\/comments?post=37912"}],"version-history":[{"count":0,"href":"https:\/\/havamall.com\/en\/wp-json\/wp\/v2\/product\/37912\/revisions"}],"wp:featuredmedia":[{"embeddable":true,"href":"https:\/\/havamall.com\/en\/wp-json\/wp\/v2\/media\/45441"}],"wp:attachment":[{"href":"https:\/\/havamall.com\/en\/wp-json\/wp\/v2\/media?parent=37912"}],"wp:term":[{"taxonomy":"product_brand","embeddable":true,"href":"https:\/\/havamall.com\/en\/wp-json\/wp\/v2\/product_brand?post=37912"},{"taxonomy":"product_cat","embeddable":true,"href":"https:\/\/havamall.com\/en\/wp-json\/wp\/v2\/product_cat?post=37912"},{"taxonomy":"product_tag","embeddable":true,"href":"https:\/\/havamall.com\/en\/wp-json\/wp\/v2\/product_tag?post=37912"}],"curies":[{"name":"wp","href":"https:\/\/api.w.org\/{rel}","templated":true}]}}