{"id":37920,"date":"2025-02-13T17:40:19","date_gmt":"2025-02-13T10:40:19","guid":{"rendered":"https:\/\/havamall.com\/?post_type=product&#038;p=37920"},"modified":"2026-04-14T09:53:32","modified_gmt":"2026-04-14T02:53:32","slug":"tao-bien-xoan-chi-le-250g-spirulina-chile","status":"publish","type":"product","link":"https:\/\/havamall.com\/en\/shop\/tao-bien-xoan-chi-le-250g-spirulina-chile\/","title":{"rendered":"T\u1ea3o Bi\u1ec3n Xo\u1eafn Chi L\u00ea 250g Spirulina Chile"},"content":{"rendered":"<p><body><\/p>\n<h2 class=\"product-detail__specs-title\"><strong>TH\u00d4NG TIN CHUNG<\/strong><\/h2>\n<div id=\"js-product-detail__specs\" class=\"product-detail__specs\">\n<div class=\"row\">\n<div class=\"col-sm-12\">\n<div class=\"product-specs__table\">\n<table>\n<tbody>\n<tr>\n<td class=\"specs-table__property\">Th\u01b0\u01a1ng hi\u1ec7u<\/td>\n<td class=\"specs-table__value\">Havafoodies<\/td>\n<\/tr>\n<tr>\n<td class=\"specs-table__property\">Xu\u1ea5t x\u1ee9<\/td>\n<td class=\"specs-table__value\">Chi L\u00ea<\/td>\n<\/tr>\n<tr>\n<td class=\"specs-table__property\">H\u1ea1n s\u1eed d\u1ee5ng<\/td>\n<td class=\"specs-table__value\">1 n\u0103m k\u1ec3 t\u1eeb ng\u00e0y s\u1ea3n xu\u1ea5t<\/td>\n<\/tr>\n<tr>\n<td class=\"specs-table__property\">H\u01b0\u1edbng d\u1eabn s\u1eed d\u1ee5ng<\/td>\n<td class=\"specs-table__value\">D\u00f9ng \u0103n tr\u1ef1c ti\u1ebfp<\/td>\n<\/tr>\n<tr>\n<td class=\"specs-table__property\">H\u01b0\u1edbng d\u1eabn b\u1ea3o qu\u1ea3n<\/td>\n<td class=\"specs-table__value\">B\u1ea3o qu\u1ea3n \u1edf nhi\u1ec7t \u0111\u1ed9 th\u01b0\u1eddng, gi\u1eef l\u1ea1nh sau khi m\u1edf n\u1eafp<\/td>\n<\/tr>\n<tr>\n<td class=\"specs-table__property\">Th\u00e0nh ph\u1ea7n nguy\u00ean li\u1ec7u<\/td>\n<td class=\"specs-table__value\">Xem tr\u00ean bao b\u00ec<\/td>\n<\/tr>\n<tr>\n<td class=\"specs-table__property\">Kh\u1ed1i l\u01b0\u1ee3ng\/Th\u1ec3 t\u00edch<\/td>\n<td class=\"specs-table__value\">250g<\/td>\n<\/tr>\n<\/tbody>\n<\/table>\n<p><strong>T\u1ea3o xo\u1eafn Chile<\/strong>\u00a0(hay c\u00f2n g\u1ecdi l\u00e0 Spirulina Chile) l\u00e0 m\u1ed9t lo\u1ea1i t\u1ea3o bi\u1ec3n gi\u00e0u dinh d\u01b0\u1ee1ng, \u0111ang ng\u00e0y c\u00e0ng \u0111\u01b0\u1ee3c \u01b0a chu\u1ed9ng trong c\u1ed9ng \u0111\u1ed3ng ng\u01b0\u1eddi ti\u00eau d\u00f9ng chay b\u1edfi nh\u1eefng l\u1ee3i \u00edch s\u1ee9c kh\u1ecfe m\u00e0 n\u00f3 mang l\u1ea1i. Lo\u1ea1i t\u1ea3o n\u00e0y \u0111\u01b0\u1ee3c bi\u1ebft \u0111\u1ebfn v\u1edbi h\u00e0m l\u01b0\u1ee3ng protein v\u00e0 vitamin d\u1ed3i d\u00e0o, \u0111\u1ed3ng th\u1eddi c\u00f3 kh\u1ea3 n\u0103ng h\u1ed7 tr\u1ee3 t\u0103ng c\u01b0\u1eddng s\u1ee9c kh\u1ecfe v\u00e0 mi\u1ec5n d\u1ecbch. C\u00f9ng\u00a0<em>Havamall<\/em>\u00a0t\u00ecm hi\u1ec3u v\u1ec1 t\u1ea3o xo\u1eafn Chile qua b\u00e0i vi\u1ebft d\u01b0\u1edbi \u0111\u00e2y.<\/p>\n<div class=\"text-blog-detail\">\n<div class=\"news-content\">\n<p>T\u1ea3o xo\u1eafn Chile\u00a0c\u00f3 ngu\u1ed3n g\u1ed1c t\u1eeb c\u00e1c v\u00f9ng bi\u1ec3n n\u01b0\u1edbc ng\u1ecdt t\u1ea1i Chile, \u0111\u1eb7c bi\u1ec7t l\u00e0 t\u1ea1i c\u00e1c h\u1ed3 v\u00e0 ngu\u1ed3n n\u01b0\u1edbc \u1edf c\u00e1c khu v\u1ef1c c\u00f3 \u0111i\u1ec1u ki\u1ec7n kh\u00ed h\u1eadu \u0111\u1eb7c bi\u1ec7t nh\u01b0 Atacama. \u0110i\u1ec1u ki\u1ec7n t\u1ef1 nhi\u00ean kh\u1eafc nghi\u1ec7t \u1edf \u0111\u00e2y gi\u00fap t\u1ea3o ph\u00e1t tri\u1ec3n m\u1ea1nh m\u1ebd v\u00e0 h\u1ea5p th\u1ee5 \u0111\u1ea7y \u0111\u1ee7 c\u00e1c kho\u00e1ng ch\u1ea5t qu\u00fd gi\u00e1 t\u1eeb \u0111\u1ea5t v\u00e0 n\u01b0\u1edbc. V\u00ec v\u1eady, t\u1ea3o xo\u1eafn Chile s\u1edf h\u1eefu nh\u1eefng \u0111\u1eb7c t\u00ednh dinh d\u01b0\u1ee1ng v\u01b0\u1ee3t tr\u1ed9i so v\u1edbi c\u00e1c lo\u1ea1i t\u1ea3o kh\u00e1c.<\/p>\n<p>V\u1edbi kh\u1ea3 n\u0103ng sinh tr\u01b0\u1edfng nhanh v\u00e0 d\u1ec5 d\u00e0ng trong m\u00f4i tr\u01b0\u1eddng kh\u00f4 h\u1ea1n, t\u1ea3o xo\u1eafn Chile \u0111\u01b0\u1ee3c xem l\u00e0 m\u1ed9t ngu\u1ed3n th\u1ef1c ph\u1ea9m b\u1ed5 sung l\u00fd t\u01b0\u1edfng. Nh\u1edd v\u00e0o c\u00e1c nghi\u00ean c\u1ee9u khoa h\u1ecdc, t\u1ea3o xo\u1eafn Chile \u0111\u00e3 \u0111\u01b0\u1ee3c ch\u1ee9ng minh c\u00f3 t\u00e1c d\u1ee5ng b\u1ed3i b\u1ed5 s\u1ee9c kh\u1ecfe r\u1ea5t t\u1ed1t cho con ng\u01b0\u1eddi, \u0111\u1eb7c bi\u1ec7t l\u00e0 trong vi\u1ec7c t\u0103ng c\u01b0\u1eddng mi\u1ec5n d\u1ecbch v\u00e0 c\u1ea3i thi\u1ec7n s\u1ee9c kh\u1ecfe tim m\u1ea1ch.<\/p>\n<h2><span id=\"Dac_diem_cua_tao_xoan_Chile\" class=\"ez-toc-section\"><\/span>\u0110\u1eb7c \u0111i\u1ec3m c\u1ee7a t\u1ea3o xo\u1eafn Chile<\/h2>\n<p><img decoding=\"async\" src=\"https:\/\/havamall.com\/wp-content\/uploads\/2025\/02\/tao_bien_chile_nutstalk__3__dbd487e72d8c49bf8a0b8949674153d6_master.png\" alt=\"T\u1ea3o Bi\u1ec3n Xo\u1eafn Chi L\u00ea 250g Spirulina Chile\"><\/p>\n<p>T\u1ea3o xo\u1eafn Chile l\u00e0 m\u1ed9t lo\u1ea1i t\u1ea3o d\u1ea1ng xo\u1eafn \u1ed1c, c\u00f3 m\u00e0u xanh \u0111\u1eadm \u0111\u1eb7c tr\u01b0ng do ch\u1ee9a nhi\u1ec1u chlorophyll \u2013 m\u1ed9t h\u1ee3p ch\u1ea5t gi\u00fap t\u1ea3o quang h\u1ee3p v\u00e0 cung c\u1ea5p oxy. Ch\u00fang ph\u00e1t tri\u1ec3n ch\u1ee7 y\u1ebfu \u1edf nh\u1eefng khu v\u1ef1c n\u01b0\u1edbc ng\u1ecdt ho\u1eb7c n\u01b0\u1edbc m\u1eb7n, n\u01a1i c\u00f3 \u0111i\u1ec1u ki\u1ec7n \u00e1nh s\u00e1ng t\u1ed1t v\u00e0 m\u00f4i tr\u01b0\u1eddng gi\u00e0u kho\u00e1ng ch\u1ea5t.<\/p>\n<p>M\u1ed9t trong nh\u1eefng \u0111i\u1ec3m \u0111\u1eb7c bi\u1ec7t khi\u1ebfn t\u1ea3o xo\u1eafn Chile tr\u1edf n\u00ean n\u1ed5i b\u1eadt l\u00e0 h\u00e0m l\u01b0\u1ee3ng dinh d\u01b0\u1ee1ng cao. N\u00f3 ch\u1ee9a r\u1ea5t nhi\u1ec1u protein (l\u00ean t\u1edbi 70% tr\u1ecdng l\u01b0\u1ee3ng kh\u00f4), vitamin B12, s\u1eaft, canxi, magi\u00ea, k\u1ebdm, c\u00f9ng v\u1edbi c\u00e1c axit amin thi\u1ebft y\u1ebfu. \u0110\u1eb7c bi\u1ec7t, t\u1ea3o xo\u1eafn Chile c\u0169ng c\u00f3 ch\u1ee9a phycocyanin \u2013 m\u1ed9t lo\u1ea1i s\u1eafc t\u1ed1 t\u1ef1 nhi\u00ean c\u00f3 t\u00e1c d\u1ee5ng ch\u1ed1ng oxy h\u00f3a m\u1ea1nh m\u1ebd, gi\u00fap b\u1ea3o v\u1ec7 c\u01a1 th\u1ec3 kh\u1ecfi t\u00e1c \u0111\u1ed9ng c\u1ee7a c\u00e1c g\u1ed1c t\u1ef1 do.<\/p>\n<h2><span id=\"Tao_xoan_Chi_Le_co_tac_dung_gi\" class=\"ez-toc-section\"><\/span>T\u1ea3o xo\u1eafn Chi L\u00ea c\u00f3 t\u00e1c d\u1ee5ng g\u00ec?<\/h2>\n<p>T\u1ea3o xo\u1eafn Chile mang l\u1ea1i r\u1ea5t nhi\u1ec1u l\u1ee3i \u00edch cho s\u1ee9c kh\u1ecfe, c\u00f3 th\u1ec3 k\u1ec3 \u0111\u1ebfn c\u00e1c t\u00e1c d\u1ee5ng n\u1ed5i b\u1eadt sau:<\/p>\n<ol>\n<li>T\u0103ng c\u01b0\u1eddng h\u1ec7 mi\u1ec5n d\u1ecbch: T\u1ea3o xo\u1eafn Chile c\u00f3 ch\u1ee9a c\u00e1c vitamin v\u00e0 kho\u00e1ng ch\u1ea5t gi\u00fap t\u0103ng c\u01b0\u1eddng s\u1ee9c \u0111\u1ec1 kh\u00e1ng c\u1ee7a c\u01a1 th\u1ec3, \u0111\u1eb7c bi\u1ec7t l\u00e0 vitamin A, vitamin C v\u00e0 c\u00e1c ch\u1ea5t ch\u1ed1ng oxy h\u00f3a m\u1ea1nh m\u1ebd nh\u01b0 phycocyanin. Nh\u1eefng ch\u1ea5t n\u00e0y gi\u00fap t\u0103ng kh\u1ea3 n\u0103ng ch\u1ed1ng l\u1ea1i c\u00e1c b\u1ec7nh nhi\u1ec5m tr\u00f9ng v\u00e0 b\u1ea3o v\u1ec7 t\u1ebf b\u00e0o kh\u1ecfi s\u1ef1 ph\u00e1 h\u1ee7y.<\/li>\n<li>Cung c\u1ea5p n\u0103ng l\u01b0\u1ee3ng v\u00e0 t\u0103ng c\u01b0\u1eddng s\u1ee9c kh\u1ecfe t\u1ed5ng th\u1ec3: Nh\u1edd h\u00e0m l\u01b0\u1ee3ng protein cao v\u00e0 c\u00e1c vitamin nh\u00f3m B, t\u1ea3o xo\u1eafn Chile l\u00e0 m\u1ed9t ngu\u1ed3n cung c\u1ea5p n\u0103ng l\u01b0\u1ee3ng d\u1ed3i d\u00e0o, gi\u00fap c\u01a1 th\u1ec3 lu\u00f4n kh\u1ecfe m\u1ea1nh, t\u1ec9nh t\u00e1o v\u00e0 tr\u00e0n \u0111\u1ea7y s\u1ee9c s\u1ed1ng.<\/li>\n<li>H\u1ed7 tr\u1ee3 s\u1ee9c kh\u1ecfe tim m\u1ea1ch: Nghi\u00ean c\u1ee9u cho th\u1ea5y, t\u1ea3o xo\u1eafn Chile c\u00f3 kh\u1ea3 n\u0103ng gi\u1ea3m m\u1ee9c cholesterol x\u1ea5u (LDL) v\u00e0 triglyceride, t\u1eeb \u0111\u00f3 gi\u00fap c\u1ea3i thi\u1ec7n s\u1ee9c kh\u1ecfe tim m\u1ea1ch. Ngo\u00e0i ra, n\u00f3 c\u0169ng gi\u00fap c\u00e2n b\u1eb1ng huy\u1ebft \u00e1p v\u00e0 gi\u1ea3m nguy c\u01a1 m\u1eafc c\u00e1c b\u1ec7nh tim m\u1ea1ch.<\/li>\n<li>Gi\u00fap c\u1ea3i thi\u1ec7n s\u1ee9c kh\u1ecfe l\u00e0n da: C\u00e1c ch\u1ea5t ch\u1ed1ng oxy h\u00f3a c\u00f3 trong t\u1ea3o xo\u1eafn Chile gi\u00fap l\u00e0m gi\u1ea3m t\u00e1c h\u1ea1i c\u1ee7a \u00e1nh n\u1eafng m\u1eb7t tr\u1eddi v\u00e0 \u00f4 nhi\u1ec5m, ng\u0103n ng\u1eeba l\u00e3o h\u00f3a da. Ngo\u00e0i ra, vitamin E v\u00e0 c\u00e1c kho\u00e1ng ch\u1ea5t c\u00f3 trong t\u1ea3o c\u0169ng h\u1ed7 tr\u1ee3 nu\u00f4i d\u01b0\u1ee1ng l\u00e0n da t\u1eeb s\u00e2u b\u00ean trong.<\/li>\n<li>Gi\u00fap gi\u1ea3m c\u00e2n v\u00e0 ki\u1ec3m so\u00e1t c\u00e2n n\u1eb7ng: T\u1ea3o xo\u1eafn Chile ch\u1ee9a \u00edt calo nh\u01b0ng l\u1ea1i gi\u00e0u protein v\u00e0 ch\u1ea5t x\u01a1, gi\u00fap t\u1ea1o c\u1ea3m gi\u00e1c no l\u00e2u v\u00e0 h\u1ed7 tr\u1ee3 qu\u00e1 tr\u00ecnh \u0111\u1ed1t ch\u00e1y m\u1ee1 th\u1eeba, l\u00e0m gi\u1ea3m c\u00e2n hi\u1ec7u qu\u1ea3.<\/li>\n<\/ol>\n<p>\u00a0<\/p>\n<p><img decoding=\"async\" src=\"https:\/\/havamall.com\/wp-content\/uploads\/2025\/02\/nguyen-lieu.png\" alt=\"T\u1ea3o Bi\u1ec3n Xo\u1eafn Chi L\u00ea 250g Spirulina Chile\"><\/p>\n<h2><span id=\"Cach_che_bien_tao_xoan_Chi_Le\" class=\"ez-toc-section\"><\/span>C\u00e1ch ch\u1ebf bi\u1ebfn t\u1ea3o xo\u1eafn Chi L\u00ea<\/h2>\n<p>T\u1ea3o xo\u1eafn Chile c\u00f3 th\u1ec3 \u0111\u01b0\u1ee3c ch\u1ebf bi\u1ebfn th\u00e0nh nhi\u1ec1u m\u00f3n \u0103n kh\u00e1c nhau. M\u1ed9t s\u1ed1 c\u00e1ch s\u1eed d\u1ee5ng t\u1ea3o xo\u1eafn Chile ph\u1ed5 bi\u1ebfn bao g\u1ed3m:<\/p>\n<ol>\n<li>D\u00f9ng t\u1ea3o xo\u1eafn d\u01b0\u1edbi d\u1ea1ng vi\u00ean ho\u1eb7c b\u1ed9t: \u0110\u00e2y l\u00e0 c\u00e1ch \u0111\u01a1n gi\u1ea3n nh\u1ea5t \u0111\u1ec3 b\u1ed5 sung t\u1ea3o xo\u1eafn Chile v\u00e0o ch\u1ebf \u0111\u1ed9 \u0103n u\u1ed1ng h\u00e0ng ng\u00e0y. B\u1ea1n c\u00f3 th\u1ec3 u\u1ed1ng vi\u00ean t\u1ea3o xo\u1eafn nh\u01b0 m\u1ed9t lo\u1ea1i th\u1ef1c ph\u1ea9m b\u1ed5 sung ho\u1eb7c pha b\u1ed9t t\u1ea3o xo\u1eafn v\u00e0o n\u01b0\u1edbc, sinh t\u1ed1, ho\u1eb7c c\u00e1c m\u00f3n salad.<\/li>\n<li>Th\u00eam v\u00e0o c\u00e1c m\u00f3n \u0103n: B\u1ea1n c\u00f3 th\u1ec3 cho b\u1ed9t t\u1ea3o xo\u1eafn Chile v\u00e0o c\u00e1c m\u00f3n s\u00fap, m\u00f3n x\u00e0o, ho\u1eb7c tr\u1ed9n v\u00e0o salad \u0111\u1ec3 gia t\u0103ng gi\u00e1 tr\u1ecb dinh d\u01b0\u1ee1ng. H\u01b0\u01a1ng v\u1ecb c\u1ee7a t\u1ea3o xo\u1eafn r\u1ea5t nh\u1eb9 nh\u00e0ng v\u00e0 d\u1ec5 k\u1ebft h\u1ee3p v\u1edbi nhi\u1ec1u nguy\u00ean li\u1ec7u kh\u00e1c.<\/li>\n<li>T\u1ea1o sinh t\u1ed1 t\u1ea3o xo\u1eafn: M\u1ed9t c\u00e1ch kh\u00e1c \u0111\u1ec3 th\u01b0\u1edfng th\u1ee9c t\u1ea3o xo\u1eafn Chile l\u00e0 pha ch\u00fang v\u00e0o c\u00e1c m\u00f3n sinh t\u1ed1 tr\u00e1i c\u00e2y. Sinh t\u1ed1 t\u1ea3o xo\u1eafn v\u1eeba th\u01a1m ngon l\u1ea1i v\u1eeba gi\u00e0u d\u01b0\u1ee1ng ch\u1ea5t.<\/li>\n<\/ol>\n<h2><span id=\"Tao_xoan_Chile_bao_nhieu_calo\" class=\"ez-toc-section\"><\/span>T\u1ea3o xo\u1eafn Chile bao nhi\u00eau calo?<\/h2>\n<p>T\u1ea3o xo\u1eafn Chile l\u00e0 th\u1ef1c ph\u1ea9m c\u00f3 l\u01b0\u1ee3ng calo r\u1ea5t th\u1ea5p nh\u01b0ng l\u1ea1i gi\u00e0u protein v\u00e0 ch\u1ea5t dinh d\u01b0\u1ee1ng. Trung b\u00ecnh, 1 th\u00eca b\u1ed9t t\u1ea3o xo\u1eafn (kho\u1ea3ng 7g) cung c\u1ea5p kho\u1ea3ng 20-25 calo, \u0111i\u1ec1u n\u00e0y khi\u1ebfn t\u1ea3o xo\u1eafn Chile tr\u1edf th\u00e0nh m\u1ed9t l\u1ef1a ch\u1ecdn tuy\u1ec7t v\u1eddi cho nh\u1eefng ai mu\u1ed1n ki\u1ec3m so\u00e1t c\u00e2n n\u1eb7ng. M\u1eb7c d\u00f9 l\u01b0\u1ee3ng calo kh\u00f4ng cao, nh\u01b0ng t\u1ea3o xo\u1eafn v\u1eabn cung c\u1ea5p \u0111\u1ee7 d\u01b0\u1ee1ng ch\u1ea5t c\u1ea7n thi\u1ebft \u0111\u1ec3 duy tr\u00ec n\u0103ng l\u01b0\u1ee3ng cho c\u01a1 th\u1ec3.<\/p>\n<h2><span id=\"Tao_bien_trong_van_hoa_am_thuc_cua_nguoi_dan_Chile\" class=\"ez-toc-section\"><\/span>T\u1ea3o bi\u1ec3n trong v\u0103n h\u00f3a \u1ea9m th\u1ef1c c\u1ee7a ng\u01b0\u1eddi d\u00e2n Chile<\/h2>\n<p>\u1ede Chile, t\u1ea3o bi\u1ec3n n\u00f3i chung, v\u00e0 t\u1ea3o xo\u1eafn n\u00f3i ri\u00eang, \u0111\u00e3 \u0111\u01b0\u1ee3c s\u1eed d\u1ee5ng t\u1eeb l\u00e2u trong v\u0103n h\u00f3a \u1ea9m th\u1ef1c v\u00e0 y h\u1ecdc truy\u1ec1n th\u1ed1ng. Ng\u01b0\u1eddi d\u00e2n n\u01a1i \u0111\u00e2y coi t\u1ea3o l\u00e0 th\u1ef1c ph\u1ea9m b\u1ed5 sung gi\u00e1 tr\u1ecb dinh d\u01b0\u1ee1ng cao, \u0111\u1eb7c bi\u1ec7t trong c\u00e1c v\u00f9ng h\u1ebbo l\u00e1nh v\u00e0 thi\u1ebfu th\u1ed1n th\u1ef1c ph\u1ea9m. T\u1ea3o xo\u1eafn Chile \u0111\u01b0\u1ee3c s\u1eed d\u1ee5ng trong c\u00e1c m\u00f3n \u0103n nh\u01b0 soup, salad, ho\u1eb7c th\u1eadm ch\u00ed l\u00e0 tr\u00e0 th\u1ea3o m\u1ed9c.<\/p>\n<p>Ngo\u00e0i ra, t\u1ea3o bi\u1ec3n c\u0169ng \u0111\u00f3ng vai tr\u00f2 quan tr\u1ecdng trong c\u00e1c nghi l\u1ec5 v\u00e0 phong t\u1ee5c c\u1ee7a ng\u01b0\u1eddi d\u00e2n b\u1ea3n \u0111\u1ecba, h\u1ecd tin r\u1eb1ng t\u1ea3o mang l\u1ea1i s\u1ef1 kh\u1ecfe m\u1ea1nh, gi\u00fap b\u1ea3o v\u1ec7 s\u1ee9c kh\u1ecfe kh\u1ecfi b\u1ec7nh t\u1eadt v\u00e0 h\u1ed7 tr\u1ee3 duy tr\u00ec tu\u1ed5i th\u1ecd.<\/p>\n<h2><img decoding=\"async\" src=\"https:\/\/havamall.com\/wp-content\/uploads\/2025\/02\/fee75a0e-c43c-480d-9c75-d4d21dc6b380_82a2d240325542ffb8af8b40c671aa47.jpg\" alt=\"T\u1ea3o Bi\u1ec3n Xo\u1eafn Chi L\u00ea 250g Spirulina Chile\"><\/h2>\n<h2><span id=\"Tao_xoan_Chile_mua_o_dau\" class=\"ez-toc-section\"><\/span>T\u1ea3o xo\u1eafn Chile mua \u1edf \u0111\u00e2u?<\/h2>\n<p>T\u1ea3o xo\u1eafn Chile hi\u1ec7n nay c\u00f3 th\u1ec3 \u0111\u01b0\u1ee3c t\u00ecm th\u1ea5y d\u1ec5 d\u00e0ng t\u1ea1i c\u00e1c c\u1eeda h\u00e0ng th\u1ef1c ph\u1ea9m ch\u1ee9c n\u0103ng, si\u00eau th\u1ecb ho\u1eb7c c\u1eeda h\u00e0ng online. \u0110\u1ec3 \u0111\u1ea3m b\u1ea3o ch\u1ea5t l\u01b0\u1ee3ng, b\u1ea1n n\u00ean mua t\u1ea3o xo\u1eafn Chile t\u1eeb c\u00e1c th\u01b0\u01a1ng hi\u1ec7u uy t\u00edn nh\u01b0 website c\u1ee7a Havamall l\u00e0 n\u01a1i b\u1ea1n c\u00f3 th\u1ec3 t\u00ecm th\u1ea5y nhi\u1ec1u l\u1ef1a ch\u1ecdn t\u1ea3o xo\u1eafn Chile nh\u1eadp kh\u1ea9u ch\u00ednh ng\u1ea1ch.<\/p>\n<\/div>\n<\/div>\n<\/div>\n<\/div>\n<\/div>\n<\/div>\n<p><\/body><\/p>","protected":false},"excerpt":{"rendered":"<p>TH\u00d4NG TIN CHUNG Th\u01b0\u01a1ng hi\u1ec7u Havafoodies Xu\u1ea5t x\u1ee9 Chi L\u00ea H\u1ea1n s\u1eed d\u1ee5ng 1 n\u0103m k\u1ec3 t\u1eeb ng\u00e0y s\u1ea3n xu\u1ea5t<\/p>","protected":false},"featured_media":37921,"comment_status":"open","ping_status":"closed","template":"","meta":[],"product_brand":[],"product_cat":[730,701,36,134],"product_tag":[],"class_list":{"0":"post-37920","1":"product","2":"type-product","3":"status-publish","4":"has-post-thumbnail","6":"product_cat-cac-nuoc-khac","7":"product_cat-rau-cu","8":"product_cat-thuc-pham-tieu-dung","9":"product_cat-thucpham-saykho","11":"first","12":"instock","13":"sale","14":"shipping-taxable","15":"purchasable","16":"product-type-simple"},"_links":{"self":[{"href":"https:\/\/havamall.com\/en\/wp-json\/wp\/v2\/product\/37920","targetHints":{"allow":["GET"]}}],"collection":[{"href":"https:\/\/havamall.com\/en\/wp-json\/wp\/v2\/product"}],"about":[{"href":"https:\/\/havamall.com\/en\/wp-json\/wp\/v2\/types\/product"}],"replies":[{"embeddable":true,"href":"https:\/\/havamall.com\/en\/wp-json\/wp\/v2\/comments?post=37920"}],"version-history":[{"count":1,"href":"https:\/\/havamall.com\/en\/wp-json\/wp\/v2\/product\/37920\/revisions"}],"predecessor-version":[{"id":45818,"href":"https:\/\/havamall.com\/en\/wp-json\/wp\/v2\/product\/37920\/revisions\/45818"}],"wp:featuredmedia":[{"embeddable":true,"href":"https:\/\/havamall.com\/en\/wp-json\/wp\/v2\/media\/37921"}],"wp:attachment":[{"href":"https:\/\/havamall.com\/en\/wp-json\/wp\/v2\/media?parent=37920"}],"wp:term":[{"taxonomy":"product_brand","embeddable":true,"href":"https:\/\/havamall.com\/en\/wp-json\/wp\/v2\/product_brand?post=37920"},{"taxonomy":"product_cat","embeddable":true,"href":"https:\/\/havamall.com\/en\/wp-json\/wp\/v2\/product_cat?post=37920"},{"taxonomy":"product_tag","embeddable":true,"href":"https:\/\/havamall.com\/en\/wp-json\/wp\/v2\/product_tag?post=37920"}],"curies":[{"name":"wp","href":"https:\/\/api.w.org\/{rel}","templated":true}]}}