{"id":37940,"date":"2025-02-24T11:37:08","date_gmt":"2025-02-24T04:37:08","guid":{"rendered":"https:\/\/havamall.com\/?post_type=product&#038;p=37940"},"modified":"2025-03-20T09:44:40","modified_gmt":"2025-03-20T02:44:40","slug":"tuong-dau-cham-thit-nuong-nhap-khau-han-quoc-cj-450g-seasoned-soybean-paste-for-meat","status":"publish","type":"product","link":"https:\/\/havamall.com\/en\/shop\/tuong-dau-cham-thit-nuong-nhap-khau-han-quoc-cj-450g-seasoned-soybean-paste-for-meat\/","title":{"rendered":"T\u01b0\u01a1ng \u0110\u1eadu Ch\u1ea5m Th\u1ecbt N\u01b0\u1edbng Nh\u1eadp Kh\u1ea9u H\u00e0n Qu\u1ed1c CJ 450g &#8211; Seasoned Soybean Paste For Meat"},"content":{"rendered":"<h2><strong>TH\u00d4NG TIN CHUNG<\/strong><\/h2>\n<table>\n<tbody>\n<tr>\n<td>Th\u01b0\u01a1ng hi\u1ec7u<\/td>\n<td>CJ<\/td>\n<\/tr>\n<tr>\n<td>Xu\u1ea5t x\u1ee9<\/td>\n<td>H\u00e0n Qu\u1ed1c<\/td>\n<\/tr>\n<tr>\n<td>Th\u00e0nh ph\u1ea7n<\/td>\n<td>Xem tr\u00ean bao b\u00ec<\/td>\n<\/tr>\n<tr>\n<td>H\u1ea1n s\u1eed d\u1ee5ng<\/td>\n<td>10 th\u00e1ng k\u1ec3 t\u1eeb ng\u00e0y s\u1ea3n xu\u1ea5t.<\/td>\n<\/tr>\n<tr>\n<td>B\u1ea3o qu\u1ea3n<\/td>\n<td>\u0110\u1ec3 n\u01a1i kh\u00f4 r\u00e1o, tho\u00e1ng m\u00e1t, tr\u00e1nh \u00e1nh n\u1eafng tr\u1ef1c ti\u1ebfp<\/td>\n<\/tr>\n<tr>\n<td>Kh\u1ed1i l\u01b0\u1ee3ng t\u1ecbnh<\/td>\n<td>450g<\/td>\n<\/tr>\n<\/tbody>\n<\/table>\n<div class=\"product-description rte product-detail__gap-lg\" data-show-in-quickbuy=\"false\">\n<div class=\"is-initialized is-ready\" data-station-tabs-app=\"\" data-station-tabs-product=\"tuong-cham-thit-nuong-450g\">\n<div id=\"station-tabs-0\" class=\"station-tabs mod-hide-focus is-ready\">\n<div id=\"st-thong-tin-sn-phm_0-0\" class=\"station-tabs-content station-tabs-default-tabpanel is-active\" role=\"tabpanel\" aria-labelledby=\"st-link-thong-tin-sn-phm_0-0\" aria-hidden=\"false\">\n<div class=\"station-tabs-content-inner\">\n<p>C\u00f9ng v\u1edbi\u00a0l\u00e1 m\u00e8,\u00a0<strong>t\u01b0\u01a1ng ch\u1ea5m th\u1ecbt n\u01b0\u1edbng<\/strong>\u00a0(<em>ssamjang<\/em>) l\u00e0 m\u1ed9t trong nh\u1eefng m\u00f3n kh\u00f4ng th\u1ec3 thi\u1ebfu tr\u00ean b\u00e0n ti\u1ec7c BBQ c\u1ee7a ng\u01b0\u1eddi H\u00e0n. \u0110\u00e2y ch\u00ednh l\u00e0 c\u1eb7p \u0111\u00f4i ho\u00e0n h\u1ea3o gi\u00fap cho h\u1ecd c\u00f3 m\u1ed9t b\u1eefa \u0103n h\u1ea5p d\u1eabn v\u00e0 ngon mi\u1ec7ng.<\/p>\n<p>V\u1ecb m\u1eb1n m\u1eb7n c\u1ee7a t\u01b0\u01a1ng ph\u1ebft l\u00ean t\u1eebng mi\u1ebfng th\u1ecbt, t\u1ea5t c\u1ea3 cu\u1ed1n tr\u00f2n l\u1ea1i trong l\u00e1 m\u00e8 ch\u1eafc ch\u1eafn s\u1ebd khi\u1ebfn b\u1ea1n tan ch\u1ea3y ngay l\u1eadp t\u1ee9c.<\/p>\n<div><img fetchpriority=\"high\" decoding=\"async\" class=\"aligncenter\" src=\"https:\/\/havamall.com\/wp-content\/uploads\/2025\/02\/81f49NOkKmL_2000x.jpg\" alt=\"O'Food Ssamjang, Korean Seasoned Soybean Paste Sauce, Perfect for Rice - Mighty Depot\" width=\"717\" height=\"538\" \/><\/div>\n<p style=\"text-align: left\"><strong>T\u01b0\u01a1ng ch\u1ea5m th\u1ecbt n\u01b0\u1edbng CJ<\/strong>\u00a0\u0111\u01b0\u1ee3c l\u00e0m t\u1eeb c\u00e1c nguy\u00ean li\u1ec7u th\u00f4ng qua ch\u1ecdn l\u1ecdc k\u0129 c\u00e0ng v\u00e0 pha ch\u1ebf theo c\u00f4ng th\u1ee9c chu\u1ea9n H\u00e0n Qu\u1ed1c. T\u01b0\u01a1ng c\u00f3 h\u00e0m l\u01b0\u1ee3ng \u1edbt \u0111\u1ecf cao c\u00f9ng nhi\u1ec1u lo\u1ea1i gia v\u1ecb nh\u01b0 h\u00e0nh, t\u1ecfi, v\u1eebng t\u1ea1o n\u00ean v\u1ecb cay k\u00edch th\u00edch cho m\u00f3n \u0103n,\u00a0gi\u00fap ng\u01b0\u1eddi d\u00f9ng c\u1ea3m nh\u1eadn \u0111\u01b0\u1ee3c h\u01b0\u01a1ng v\u1ecb th\u01a1m ngon \u0111\u1eb7c trung c\u1ee7a c\u00e1c m\u00f3n \u0103n ki\u1ec3u H\u00e0n.<\/p>\n<p>S\u1ea3n ph\u1ea9m \u0111\u01b0\u1ee3c s\u1ea3n xu\u1ea5t theo d\u00e2y chuy\u1ec1n c\u00f4ng ngh\u1ec7 hi\u1ec7n \u0111\u1ea1i \u0111\u1ea3m b\u1ea3o an to\u00e0n v\u1ec7 sinh th\u1ef1c ph\u1ea9m v\u00e0 \u0111\u01b0\u1ee3c nh\u1eadp kh\u1ea9u nguy\u00ean h\u1ed9p v\u1ec1 Vi\u1ec7t Nam. HI\u1ec7n \u0111\u00e3 c\u00f3 m\u1eb7t t\u1ea1i H<a href=\"http:\/\/havamall.com\">avamall<\/a>.<\/p>\n<p>Ngo\u00e0i cu\u1ed9n th\u1ecbt n\u01b0\u1edbng th\u00ec c\u00f2n c\u00f3 th\u1ec3 d\u00f9ng \u0111\u1ec3 tr\u1ed9n c\u00e1c m\u00f3n \u0103n nh\u01b0 bibimbap,..ho\u1eb7c ch\u1ea5m v\u1edbi c\u00e1c lo\u1ea1i rau c\u1ee7 \u0111\u1ec1u \u0111\u01b0\u1ee3c.<\/p>\n<p><strong>Th\u00e0nh ph\u1ea7n:<\/strong>\u00a0T\u01b0\u01a1ng \u1edbt\u00a0(30.6%), [h\u1ed7n h\u1ee3p ng\u0169 c\u1ed1c (b\u1ed9t l\u00faa m\u00ec, mu\u1ed1i, l\u00faa m\u00ec, m\u1ea1ch nha), gia v\u1ecb \u1edbt (b\u1ed9t \u1edbt, mu\u1ed1i, h\u00e0nh, m\u00e8, t\u1ecfi)], t\u01b0\u01a1ng \u0111\u1eadu n\u00e0nh 30.2% (\u0111\u1eadu n\u00e0nh, b\u1ed9t l\u00faa m\u00ec, mu\u1ed1i, l\u00faa m\u00ec, m\u1ea1ch nha),\u00a0siro b\u1eafp, t\u1ecfi, t\u01b0\u01a1ng h\u00e0nh, \u0111\u01b0\u1eddng, ng\u0169 c\u1ed1c l\u00ean men, b\u1ed9t t\u01b0\u01a1ng kh\u1eed ch\u1ea5t b\u00e9o, n\u01b0\u1edbc, m\u00e8 rang, tinh ch\u1ea5t t\u1ecfi, d\u1ea7u m\u00e8, mu\u1ed1i<\/p>\n<p><img decoding=\"async\" class=\"aligncenter\" src=\"https:\/\/havamall.com\/wp-content\/uploads\/2025\/02\/d634d8f38b30dbc75e2bf7a7d5ffe05a.jpg\" alt=\"Review T\u01b0\u01a1ng ch\u1ea5m th\u1ecbt n\u01b0\u1edbng CJ H\u00e0n Qu\u1ed1c 450g\" width=\"705\" height=\"470\" \/><\/p>\n<p><strong>B\u1ea3o qu\u1ea3n:<\/strong>\u00a0N\u01a1i kh\u00f4 r\u00e1o tho\u00e1ng m\u00e1t v\u00e0 tr\u00e1nh \u00e1nh n\u1eafng tr\u1ef1c ti\u1ebfp<\/p>\n<p><strong>\u0110\u00f3ng g\u00f3i:<\/strong>\u00a0450g\/h\u1ed9p<\/p>\n<p><strong>H\u1ea1n s\u1eed d\u1ee5ng:<\/strong>\u00a010 th\u00e1ng k\u1ec3 t\u1eeb ng\u00e0y s\u1ea3n xu\u1ea5t, tuy nhi\u00ean sau khi m\u1edf n\u1eafp d\u00f9ng b\u1ea1n n\u00ean \u0111\u1ec3 trong ng\u0103n m\u00e1t t\u1ee7 l\u1ea1nh v\u00e0 s\u1eed d\u1ee5ng trong 6 th\u00e1ng.<\/p>\n<p><strong>Xu\u1ea5t x\u1ee9:<\/strong>\u00a0H\u00e0n Qu\u1ed1c<\/p>\n<p><strong><i>H\u01b0\u1edbng d\u1eabn s\u1eed d\u1ee5ng<\/i>:\u00a0<\/strong> D\u00f9ng t\u01b0\u01a1ng tr\u1ed9n c\u01a1m, ch\u1ea5m th\u1ecbt n\u01b0\u1edbng BBQ, \u01b0\u1edbp th\u1ecbt \u0111\u1ec3 n\u1ea5u \u0103n (\u01af\u1edbp th\u1ecbt b\u00f2, th\u1ecbt heo, \u01b0\u1edbp s\u01b0\u1eddn, tr\u1ed9n c\u01a1m,\u2026)<\/p>\n<\/div>\n<\/div>\n<\/div>\n<\/div>\n<\/div>\n","protected":false},"excerpt":{"rendered":"<p>TH\u00d4NG TIN CHUNG Th\u01b0\u01a1ng hi\u1ec7u CJ Xu\u1ea5t x\u1ee9 H\u00e0n Qu\u1ed1c Th\u00e0nh ph\u1ea7n Xem tr\u00ean bao b\u00ec H\u1ea1n s\u1eed d\u1ee5ng 10<\/p>","protected":false},"featured_media":37998,"comment_status":"open","ping_status":"closed","template":"","meta":[],"product_brand":[],"product_cat":[36,595,726,705,143],"product_tag":[],"class_list":{"0":"post-37940","1":"product","2":"type-product","3":"status-publish","4":"has-post-thumbnail","6":"product_cat-thuc-pham-tieu-dung","7":"product_cat-gia-vi-va-che-bien","8":"product_cat-nhap-khau-han-quoc","9":"product_cat-sot-do-hop","10":"product_cat-thuc-pham-dong-hop","12":"first","13":"instock","14":"sale","15":"shipping-taxable","16":"purchasable","17":"product-type-simple"},"_links":{"self":[{"href":"https:\/\/havamall.com\/en\/wp-json\/wp\/v2\/product\/37940","targetHints":{"allow":["GET"]}}],"collection":[{"href":"https:\/\/havamall.com\/en\/wp-json\/wp\/v2\/product"}],"about":[{"href":"https:\/\/havamall.com\/en\/wp-json\/wp\/v2\/types\/product"}],"replies":[{"embeddable":true,"href":"https:\/\/havamall.com\/en\/wp-json\/wp\/v2\/comments?post=37940"}],"version-history":[{"count":0,"href":"https:\/\/havamall.com\/en\/wp-json\/wp\/v2\/product\/37940\/revisions"}],"wp:featuredmedia":[{"embeddable":true,"href":"https:\/\/havamall.com\/en\/wp-json\/wp\/v2\/media\/37998"}],"wp:attachment":[{"href":"https:\/\/havamall.com\/en\/wp-json\/wp\/v2\/media?parent=37940"}],"wp:term":[{"taxonomy":"product_brand","embeddable":true,"href":"https:\/\/havamall.com\/en\/wp-json\/wp\/v2\/product_brand?post=37940"},{"taxonomy":"product_cat","embeddable":true,"href":"https:\/\/havamall.com\/en\/wp-json\/wp\/v2\/product_cat?post=37940"},{"taxonomy":"product_tag","embeddable":true,"href":"https:\/\/havamall.com\/en\/wp-json\/wp\/v2\/product_tag?post=37940"}],"curies":[{"name":"wp","href":"https:\/\/api.w.org\/{rel}","templated":true}]}}