{"id":38062,"date":"2025-03-02T15:33:16","date_gmt":"2025-03-02T08:33:16","guid":{"rendered":"https:\/\/havamall.com\/?post_type=product&#038;p=38062"},"modified":"2025-05-08T16:06:15","modified_gmt":"2025-05-08T09:06:15","slug":"tran-chau-kim-cuong-an-lien-cao-cap-oppa-bubble-hop-350g-10-goi","status":"publish","type":"product","link":"https:\/\/havamall.com\/en\/shop\/tran-chau-kim-cuong-an-lien-cao-cap-oppa-bubble-hop-350g-10-goi\/","title":{"rendered":"Tr\u00e2n Ch\u00e2u Kim C\u01b0\u01a1ng \u0102n Li\u1ec1n Cao C\u1ea5p Oppa Bubble \u2013 H\u1ed9p 350g (10 G\u00f3i)"},"content":{"rendered":"<h2 class=\"product-detail__specs-title\"><strong>TH\u00d4NG TIN CHUNG<\/strong><\/h2>\n<div id=\"js-product-detail__specs\" class=\"product-detail__specs\">\n<div class=\"row\">\n<div class=\"col-sm-12\">\n<div class=\"product-specs__table\">\n<table>\n<tbody>\n<tr>\n<td class=\"specs-table__property\">Th\u01b0\u01a1ng hi\u1ec7u<\/td>\n<td class=\"specs-table__value\">Oppa Bubble<\/td>\n<\/tr>\n<tr>\n<td class=\"specs-table__property\">Xu\u1ea5t x\u1ee9<\/td>\n<td class=\"specs-table__value\">Vi\u1ec7t Nam<\/td>\n<\/tr>\n<tr>\n<td class=\"specs-table__property\">H\u1ea1n s\u1eed d\u1ee5ng<\/td>\n<td class=\"specs-table__value\">12 th\u00e1ng k\u1ec3 t\u1eeb ng\u00e0y s\u1ea3n xu\u1ea5t.<\/td>\n<\/tr>\n<tr>\n<td class=\"specs-table__property\">H\u01b0\u1edbng d\u1eabn s\u1eed d\u1ee5ng<\/td>\n<td class=\"specs-table__value\">\n<div>D\u00f9ng tr\u1ef1c ti\u1ebfp<\/div>\n<\/td>\n<\/tr>\n<tr>\n<td class=\"specs-table__property\">H\u01b0\u1edbng d\u1eabn b\u1ea3o qu\u1ea3n<\/td>\n<td class=\"specs-table__value\">B\u1ea3o qu\u1ea3n ng\u0103n m\u00e1t ho\u1eb7c \u0111\u1ec3 ngo\u00e0i h\u1ea1n ch\u1ebf \u00e1nh n\u1eafng tr\u1ef1c ti\u1ebfp<\/td>\n<\/tr>\n<tr>\n<td class=\"specs-table__property\">Th\u00e0nh ph\u1ea7n nguy\u00ean li\u1ec7u<\/td>\n<td class=\"specs-table__value\">\n<div class=\"flex max-w-full flex-col flex-grow\">\n<div class=\"min-h-8 text-message relative flex w-full flex-col items-end gap-2 whitespace-normal break-words text-start [.text-message+&amp;]:mt-5\" dir=\"auto\" data-message-author-role=\"assistant\" data-message-id=\"1845d3dd-37a4-479e-a56a-fcc0224bd066\" data-message-model-slug=\"gpt-4o\">\n<div class=\"flex w-full flex-col gap-1 empty:hidden first:pt-[3px]\">\n<div class=\"markdown prose w-full break-words dark:prose-invert dark\">\n<p data-start=\"0\" data-end=\"122\" data-is-last-node=\"\" data-is-only-node=\"\">N\u01b0\u1edbc, \u0111\u01b0\u1eddng, b\u1ed9t rau c\u00e2u, tinh b\u1ed9t s\u1eafn, ch\u1ea5t l\u00e0m d\u00e0y (INS 407, INS 425), ch\u1ea5t \u0111i\u1ec1u ch\u1ec9nh \u0111\u1ed9 acid, ch\u1ea5t b\u1ea3o qu\u1ea3n an to\u00e0n th\u1ef1c ph\u1ea9m.<\/p>\n<\/div>\n<\/div>\n<\/div>\n<\/div>\n<\/td>\n<\/tr>\n<tr>\n<td class=\"specs-table__property\">Kh\u1ed1i l\u01b0\u1ee3ng<\/td>\n<td class=\"specs-table__value\">350g (35g x 10 g\u00f3i)<\/td>\n<\/tr>\n<\/tbody>\n<\/table>\n<p data-sourcepos=\"3:1-3:27\"><strong>Th\u01b0\u01a1ng hi\u1ec7u: OppaBubble<\/strong><\/p>\n<ul data-sourcepos=\"5:1-8:0\">\n<li data-sourcepos=\"5:1-5:315\"><strong>T\u00ean g\u1ecdi:<\/strong>\u00a0\u201cOppa\u201d trong ti\u1ebfng H\u00e0n Qu\u1ed1c th\u01b0\u1eddng \u0111\u01b0\u1ee3c c\u00e1c b\u1ea1n n\u1eef d\u00f9ng \u0111\u1ec3 g\u1ecdi nh\u1eefng ng\u01b0\u1eddi anh trai ho\u1eb7c ng\u01b0\u1eddi \u0111\u00e0n \u00f4ng l\u1edbn tu\u1ed5i h\u01a1n m\u1ed9t c\u00e1ch th\u00e2n m\u1eadt. \u201cBubble\u201d g\u1ee3i li\u00ean t\u01b0\u1edfng \u0111\u1ebfn nh\u1eefng vi\u00ean tr\u00e2n ch\u00e2u tr\u00f2n tr\u1ecba, dai ngon. S\u1ef1 k\u1ebft h\u1ee3p n\u00e0y t\u1ea1o n\u00ean m\u1ed9t c\u00e1i t\u00ean v\u1eeba g\u1ea7n g\u0169i, \u0111\u00e1ng y\u00eau, v\u1eeba li\u00ean quan tr\u1ef1c ti\u1ebfp \u0111\u1ebfn s\u1ea3n ph\u1ea9m.<\/li>\n<li data-sourcepos=\"6:1-6:167\"><strong>Phong c\u00e1ch:<\/strong>\u00a0Th\u01b0\u01a1ng hi\u1ec7u OppaBubble h\u01b0\u1edbng \u0111\u1ebfn s\u1ef1 tr\u1ebb trung, n\u0103ng \u0111\u1ed9ng v\u00e0 hi\u1ec7n \u0111\u1ea1i, th\u1ec3 hi\u1ec7n qua thi\u1ebft k\u1ebf bao b\u00ec b\u1eaft m\u1eaft v\u1edbi h\u00ecnh \u1ea3nh nh\u00e2n v\u1eadt ho\u1ea1t h\u00ecnh d\u1ec5 th\u01b0\u01a1ng.<\/li>\n<li data-sourcepos=\"7:1-8:0\"><strong>\u0110\u1ecbnh v\u1ecb:<\/strong>\u00a0OppaBubble c\u00f3 th\u1ec3 h\u01b0\u1edbng \u0111\u1ebfn \u0111\u1ed1i t\u01b0\u1ee3ng kh\u00e1ch h\u00e0ng tr\u1ebb tu\u1ed5i, \u0111\u1eb7c bi\u1ec7t l\u00e0 nh\u1eefng ng\u01b0\u1eddi y\u00eau th\u00edch tr\u00e0 s\u1eefa tr\u00e2n ch\u00e2u v\u00e0 c\u00e1c m\u00f3n \u0103n v\u1eb7t ti\u1ec7n l\u1ee3i.<\/li>\n<\/ul>\n<p data-start=\"63\" data-end=\"339\"><strong data-start=\"63\" data-end=\"97\">OppaBubble Tr\u00e2n Ch\u00e2u Kim C\u01b0\u01a1ng<\/strong> l\u00e0 lo\u1ea1i tr\u00e2n ch\u00e2u \u0103n li\u1ec1n ti\u1ec7n l\u1ee3i, c\u00f3 m\u00e0u trong su\u1ed1t l\u1ea5p l\u00e1nh nh\u01b0 kim c\u01b0\u01a1ng, mang \u0111\u1ebfn tr\u1ea3i nghi\u1ec7m m\u1edbi m\u1ebb khi th\u01b0\u1edfng th\u1ee9c. S\u1ea3n ph\u1ea9m n\u00e0y ph\u00f9 h\u1ee3p v\u1edbi nh\u1eefng ai y\u00eau th\u00edch c\u00e1c lo\u1ea1i topping \u0111\u1ed9c \u0111\u00e1o cho tr\u00e0 s\u1eefa, s\u1eefa t\u01b0\u01a1i ho\u1eb7c c\u00e1c m\u00f3n tr\u00e1ng mi\u1ec7ng.<\/p>\n<p><img fetchpriority=\"high\" decoding=\"async\" class=\"aligncenter\" src=\"https:\/\/scontent.fhan3-3.fna.fbcdn.net\/v\/t39.30808-6\/474169453_1044606657688015_4672150379220224338_n.jpg?_nc_cat=111&amp;ccb=1-7&amp;_nc_sid=127cfc&amp;_nc_ohc=al77BBLp0LkQ7kNvgEJ-aEL&amp;_nc_oc=AdiVixcpZSz7YKm8VgQcjOZG9v3uNU1jL6LhUhF2e-zSmk8ZiYQJ4KPWLMqhiMHyTXQ&amp;_nc_zt=23&amp;_nc_ht=scontent.fhan3-3.fna&amp;_nc_gid=A2WO2Pk5e-07x_gWm6cOXKd&amp;oh=00_AYAknUl0SjdxJPVqxX18j7S8rQS-5wj3kso5VKmQCA0ECg&amp;oe=67C9ED0E\" width=\"1024\" height=\"1013\" \/><\/p>\n<p data-sourcepos=\"9:1-9:41\"><span style=\"font-size: 14pt;\"><strong>Tr\u00e2n Ch\u00e2u \u0110\u01b0\u1eddng \u0110en \u0102n Li\u1ec1n<\/strong><\/span><\/p>\n<ul data-sourcepos=\"11:1-20:0\">\n<li data-sourcepos=\"11:1-11:165\"><strong>Lo\u1ea1i s\u1ea3n ph\u1ea9m:<\/strong>\u00a0Tr\u00e2n ch\u00e2u \u0111\u00e3 \u0111\u01b0\u1ee3c ch\u1ebf bi\u1ebfn s\u1eb5n, c\u00f3 th\u1ec3 \u0103n li\u1ec1n m\u00e0 kh\u00f4ng c\u1ea7n n\u1ea5u n\u01b0\u1edbng. \u0110i\u1ec1u n\u00e0y mang \u0111\u1ebfn s\u1ef1 ti\u1ec7n l\u1ee3i t\u1ed1i \u0111a cho ng\u01b0\u1eddi ti\u00eau d\u00f9ng.<\/li>\n<li data-sourcepos=\"12:1-15:134\"><strong>\u0110\u1eb7c \u0111i\u1ec3m n\u1ed5i b\u1eadt:<\/strong>\n<ul data-sourcepos=\"13:5-15:134\">\n<li data-sourcepos=\"13:5-13:96\"><strong data-start=\"29\" data-end=\"68\">Tr\u00e2n Ch\u00e2u Kim C\u01b0\u01a1ng \u0102n Li\u1ec1n Cao C\u1ea5p<\/strong> l\u00e0 topping \u0111\u1ed9c \u0111\u00e1o, mang \u0111\u1ebfn tr\u1ea3i nghi\u1ec7m m\u1edbi l\u1ea1 cho c\u00e1c m\u00f3n tr\u00e0 s\u1eefa, s\u1eefa t\u01b0\u01a1i v\u00e0 tr\u00e1ng mi\u1ec7ng.<\/li>\n<li data-sourcepos=\"13:5-13:96\"><strong data-start=\"168\" data-end=\"192\">H\u00ecnh d\u00e1ng &amp; m\u00e0u s\u1eafc:<\/strong> H\u1ea1t tr\u00e2n ch\u00e2u c\u00f3 d\u1ea1ng vi\u00ean tr\u00f2n, k\u00edch th\u01b0\u1edbc t\u01b0\u01a1ng \u0111\u01b0\u01a1ng tr\u00e2n ch\u00e2u th\u00f4ng th\u01b0\u1eddng, nh\u01b0ng c\u00f3 m\u00e0u <strong data-start=\"286\" data-end=\"309\">trong su\u1ed1t l\u1ea5p l\u00e1nh<\/strong>, t\u1ea1o hi\u1ec7u \u1ee9ng nh\u01b0 nh\u1eefng vi\u00ean kim c\u01b0\u01a1ng, l\u00e0m t\u0103ng th\u00eam s\u1ef1 h\u1ea5p d\u1eabn khi th\u01b0\u1edfng th\u1ee9c.<\/li>\n<li data-sourcepos=\"13:5-13:96\"><strong data-start=\"396\" data-end=\"426\">\u0110\u1ed9 dai, \u0111\u1ed9 d\u1ebbo &amp; m\u00f9i th\u01a1m:<\/strong> L\u1edbp ngo\u00e0i m\u1ec1m nh\u1eb9, d\u1ec5 nhai, trong khi ph\u1ea7n l\u00f5i v\u1eabn gi\u1eef \u0111\u01b0\u1ee3c \u0111\u1ed9 dai s\u1ea7n s\u1eadt \u0111\u1eb7c tr\u01b0ng. H\u01b0\u01a1ng v\u1ecb <strong data-start=\"522\" data-end=\"545\">ng\u1ecdt thanh, d\u1ecbu nh\u1eb9<\/strong>, kh\u00f4ng qu\u00e1 \u0111\u1eadm hay g\u1eaft, d\u1ec5 d\u00e0ng k\u1ebft h\u1ee3p v\u1edbi nhi\u1ec1u lo\u1ea1i \u0111\u1ed3 u\u1ed1ng v\u00e0 m\u00f3n tr\u00e1ng mi\u1ec7ng.<\/li>\n<li data-sourcepos=\"15:5-15:134\"><strong data-start=\"633\" data-end=\"653\">Kh\u1ed1i l\u01b0\u1ee3ng t\u1ecbnh:<\/strong> 350g (35g x 10 g\u00f3i). S\u1ea3n ph\u1ea9m \u0111\u01b0\u1ee3c \u0111\u00f3ng g\u00f3i nh\u1ecf g\u1ecdn, ti\u1ec7n l\u1ee3i khi b\u1ea3o qu\u1ea3n v\u00e0 s\u1eed d\u1ee5ng.<\/li>\n<\/ul>\n<\/li>\n<\/ul>\n<p><img decoding=\"async\" class=\"aligncenter\" src=\"https:\/\/scontent.fhan4-5.fna.fbcdn.net\/v\/t39.30808-6\/468354195_1005155354966479_3633812138790310576_n.jpg?_nc_cat=103&amp;ccb=1-7&amp;_nc_sid=127cfc&amp;_nc_ohc=zpgT1drfk7cQ7kNvgEjNCTJ&amp;_nc_oc=Adh921yxyxiPeVQAlEpCFFReX7IcWecvFz3b1NRoO-YIzOnhYvip3h5ISlK1IGJbLwg&amp;_nc_zt=23&amp;_nc_ht=scontent.fhan4-5.fna&amp;_nc_gid=AWHY3o32QiPk2qAXLHP3KNF&amp;oh=00_AYBiaIcI3iwcLmiqU-K86oKbVsggOQidBLGZjbx2wHLifw&amp;oe=67C9E005\" width=\"1026\" height=\"1006\" \/><\/p>\n<p><strong>C\u00c1CH D\u00d9NG:<\/strong><\/p>\n<ul>\n<li><strong data-start=\"1039\" data-end=\"1058\">D\u00f9ng tr\u1ef1c ti\u1ebfp:<\/strong>\u00a0C\u1eaft g\u00f3i v\u00e0 th\u01b0\u1edfng th\u1ee9c ngay.<\/li>\n<li><strong data-start=\"1092\" data-end=\"1113\">D\u00f9ng k\u00e8m tr\u00e0 s\u1eefa:<\/strong>\u00a0Th\u00eam v\u00e0o ly tr\u00e0 s\u1eefa \u0111\u1ec3 t\u0103ng \u0111\u1ed9 ngon mi\u1ec7ng.<\/li>\n<li><strong data-start=\"1161\" data-end=\"1183\">D\u00f9ng v\u1edbi s\u1eefa t\u01b0\u01a1i:<\/strong>\u00a0K\u1ebft h\u1ee3p tr\u00e2n ch\u00e2u v\u1edbi s\u1eefa t\u01b0\u01a1i l\u1ea1nh t\u1ea1o n\u00ean m\u00f3n\u00a0<strong data-start=\"1232\" data-end=\"1264\">s\u1eefa t\u01b0\u01a1i tr\u00e2n ch\u00e2u \u0111\u01b0\u1eddng \u0111en<\/strong>\u00a0h\u1ea5p d\u1eabn.<\/li>\n<li><strong data-start=\"1278\" data-end=\"1313\">D\u00f9ng trong c\u00e1c m\u00f3n tr\u00e1ng mi\u1ec7ng:<\/strong>\u00a0C\u00f3 th\u1ec3 cho v\u00e0o ch\u00e8, kem, b\u00e1nh ng\u1ecdt ho\u1eb7c sinh t\u1ed1.<\/li>\n<\/ul>\n<p>S\u1ea3n ph\u1ea9m hi\u1ec7n \u0111\u00e3 c\u00f3 m\u1eb7t t\u1ea1i Havamall, qu\u00fd kh\u00e1ch li\u00ean h\u1ec7 hotline: 0946 229 642 \u0111\u1ec3 \u0111\u01b0\u1ee3c t\u01b0 v\u1ea5n nh\u00e9.<\/p>\n<\/div>\n<\/div>\n<\/div>\n<\/div>\n","protected":false},"excerpt":{"rendered":"<p>TH\u00d4NG TIN CHUNG Th\u01b0\u01a1ng hi\u1ec7u Oppa Bubble Xu\u1ea5t x\u1ee9 Vi\u1ec7t Nam H\u1ea1n s\u1eed d\u1ee5ng 12 th\u00e1ng k\u1ec3 t\u1eeb ng\u00e0y s\u1ea3n<\/p>","protected":false},"featured_media":38063,"comment_status":"open","ping_status":"closed","template":"","meta":[],"product_brand":[],"product_cat":[36],"product_tag":[],"class_list":{"0":"post-38062","1":"product","2":"type-product","3":"status-publish","4":"has-post-thumbnail","6":"product_cat-thuc-pham-tieu-dung","7":"pa_brand-oppa-bubble","9":"first","10":"instock","11":"sale","12":"shipping-taxable","13":"purchasable","14":"product-type-simple"},"_links":{"self":[{"href":"https:\/\/havamall.com\/en\/wp-json\/wp\/v2\/product\/38062","targetHints":{"allow":["GET"]}}],"collection":[{"href":"https:\/\/havamall.com\/en\/wp-json\/wp\/v2\/product"}],"about":[{"href":"https:\/\/havamall.com\/en\/wp-json\/wp\/v2\/types\/product"}],"replies":[{"embeddable":true,"href":"https:\/\/havamall.com\/en\/wp-json\/wp\/v2\/comments?post=38062"}],"version-history":[{"count":0,"href":"https:\/\/havamall.com\/en\/wp-json\/wp\/v2\/product\/38062\/revisions"}],"wp:featuredmedia":[{"embeddable":true,"href":"https:\/\/havamall.com\/en\/wp-json\/wp\/v2\/media\/38063"}],"wp:attachment":[{"href":"https:\/\/havamall.com\/en\/wp-json\/wp\/v2\/media?parent=38062"}],"wp:term":[{"taxonomy":"product_brand","embeddable":true,"href":"https:\/\/havamall.com\/en\/wp-json\/wp\/v2\/product_brand?post=38062"},{"taxonomy":"product_cat","embeddable":true,"href":"https:\/\/havamall.com\/en\/wp-json\/wp\/v2\/product_cat?post=38062"},{"taxonomy":"product_tag","embeddable":true,"href":"https:\/\/havamall.com\/en\/wp-json\/wp\/v2\/product_tag?post=38062"}],"curies":[{"name":"wp","href":"https:\/\/api.w.org\/{rel}","templated":true}]}}