{"id":38263,"date":"2025-03-16T10:43:27","date_gmt":"2025-03-16T03:43:27","guid":{"rendered":"https:\/\/havamall.com\/?post_type=product&#038;p=38263"},"modified":"2025-08-25T17:17:03","modified_gmt":"2025-08-25T10:17:03","slug":"cai-ca-na-dau-ot-hong-kong-peng-sheng-180g-peng-sheng-spicy-pickled-mustard-in-oil","status":"publish","type":"product","link":"https:\/\/havamall.com\/en\/shop\/cai-ca-na-dau-ot-hong-kong-peng-sheng-180g-peng-sheng-spicy-pickled-mustard-in-oil\/","title":{"rendered":"C\u1ea3i C\u00e0 Na D\u1ea7u \u1edat Hong Kong Peng Sheng 180g \u2013 Peng Sheng Spicy Pickled Mustard in Oil"},"content":{"rendered":"<h2 data-start=\"223\" data-end=\"294\"><strong data-start=\"226\" data-end=\"292\">Th\u01b0\u01a1ng hi\u1ec7u Peng Sheng \u2013 B\u00ed quy\u1ebft c\u1ee7a s\u1ef1 tinh t\u1ebf<\/strong><\/h2>\n<p data-start=\"296\" data-end=\"549\">Peng Sheng l\u00e0 th\u01b0\u01a1ng hi\u1ec7u n\u1ed5i ti\u1ebfng chuy\u00ean s\u1ea3n xu\u1ea5t th\u1ef1c ph\u1ea9m ng\u00e2m mu\u1ed1i theo phong c\u00e1ch truy\u1ec1n th\u1ed1ng Trung Hoa. V\u1edbi kinh nghi\u1ec7m l\u00e2u \u0111\u1eddi trong ng\u00e0nh th\u1ef1c ph\u1ea9m, Peng Sheng kh\u00f4ng ch\u1ec9 mang \u0111\u1ebfn nh\u1eefng s\u1ea3n ph\u1ea9m th\u01a1m ngon m\u00e0 c\u00f2n gi\u1eef v\u1eefng gi\u00e1 tr\u1ecb truy\u1ec1n th\u1ed1ng.<\/p>\n<p data-start=\"551\" data-end=\"950\">T\u00ean g\u1ecdi <strong data-start=\"559\" data-end=\"578\">Peng Sheng (\u84ec\u76db)<\/strong> trong ti\u1ebfng Trung mang \u00fd ngh\u0129a &#8220;th\u1ecbnh v\u01b0\u1ee3ng v\u00e0 ph\u00e1t tri\u1ec3n b\u1ec1n v\u1eefng&#8221;, th\u1ec3 hi\u1ec7n t\u00e2m huy\u1ebft c\u1ee7a th\u01b0\u01a1ng hi\u1ec7u trong vi\u1ec7c duy tr\u00ec h\u01b0\u01a1ng v\u1ecb nguy\u00ean b\u1ea3n, \u0111\u1ed3ng th\u1eddi c\u1ea3i ti\u1ebfn \u0111\u1ec3 ph\u00f9 h\u1ee3p v\u1edbi xu h\u01b0\u1edbng hi\u1ec7n \u0111\u1ea1i. S\u1ea3n ph\u1ea9m c\u1ee7a Peng Sheng \u0111\u00e3 xu\u1ea5t hi\u1ec7n t\u1ea1i nhi\u1ec1u qu\u1ed1c gia tr\u00ean th\u1ebf gi\u1edbi, \u0111\u1eb7c bi\u1ec7t \u0111\u01b0\u1ee3c \u01b0a chu\u1ed9ng t\u1ea1i Trung Qu\u1ed1c, Hong Kong, \u0110\u00e0i Loan v\u00e0 c\u1ea3 th\u1ecb tr\u01b0\u1eddng \u0110\u00f4ng Nam \u00c1 nh\u01b0 Vi\u1ec7t Nam.<\/p>\n<p data-start=\"952\" data-end=\"1283\">\u0110i\u1ec3m \u0111\u1eb7c bi\u1ec7t c\u1ee7a th\u01b0\u01a1ng hi\u1ec7u n\u00e0y n\u1eb1m \u1edf vi\u1ec7c s\u1eed d\u1ee5ng nguy\u00ean li\u1ec7u ch\u1ecdn l\u1ecdc, tu\u00e2n th\u1ee7 quy tr\u00ecnh ch\u1ebf bi\u1ebfn nghi\u00eam ng\u1eb7t, gi\u00fap s\u1ea3n ph\u1ea9m \u0111\u1ea1t ti\u00eau chu\u1ea9n ch\u1ea5t l\u01b0\u1ee3ng cao. N\u1ebfu b\u1ea1n l\u00e0 ng\u01b0\u1eddi y\u00eau th\u00edch c\u00e1c m\u00f3n \u0103n l\u00ean men truy\u1ec1n th\u1ed1ng ho\u1eb7c mu\u1ed1n t\u00ecm m\u1ed9t m\u00f3n \u0103n k\u00e8m gi\u00fap b\u1eefa \u0103n th\u00eam \u0111\u1eadm \u0111\u00e0, th\u00ec s\u1ea3n ph\u1ea9m c\u1ee7a Peng Sheng ch\u00ednh l\u00e0 l\u1ef1a ch\u1ecdn ho\u00e0n h\u1ea3o.<\/p>\n<p data-start=\"952\" data-end=\"1283\"><img fetchpriority=\"high\" decoding=\"async\" class=\"aligncenter\" src=\"https:\/\/havamall.com\/wp-content\/uploads\/2025\/03\/O1CN01wCMTGF1kMuSSKdD9d_6000000004670-0-at.jpg\" width=\"1095\" height=\"917\" \/><\/p>\n<h2 data-start=\"1291\" data-end=\"1350\"><strong data-start=\"1294\" data-end=\"1348\">H\u01b0\u01a1ng v\u1ecb \u0111\u1eb7c tr\u01b0ng \u2013 M\u1ed9t s\u1ef1 b\u00f9ng n\u1ed5 c\u1ee7a v\u1ecb gi\u00e1c<\/strong><\/h2>\n<p>C\u1ea3i C\u00e0 Na Ng\u00e2m D\u1ea7u Hong Kong Peng Sheng mang \u0111\u1ebfn tr\u1ea3i nghi\u1ec7m \u1ea9m th\u1ef1c \u0111\u1ed9c \u0111\u00e1o v\u1edbi s\u1ef1 k\u1ebft h\u1ee3p h\u00e0i h\u00f2a gi\u1eefa nhi\u1ec1u t\u1ea7ng h\u01b0\u01a1ng v\u1ecb:<\/p>\n<ul>\n<li data-start=\"1352\" data-end=\"1808\"><strong data-start=\"1482\" data-end=\"1496\">V\u1ecb m\u1eb7n nh\u1eb9<\/strong> t\u1eeb qu\u00e1 tr\u00ecnh l\u00ean men gi\u00fap c\u1ea3i c\u00e0 na gi\u1eef \u0111\u01b0\u1ee3c h\u01b0\u01a1ng v\u1ecb t\u1ef1 nhi\u00ean.<\/li>\n<li data-start=\"1352\" data-end=\"1808\"><strong data-start=\"1565\" data-end=\"1580\">V\u1ecb chua d\u1ecbu<\/strong> t\u1ea1o ra s\u1ef1 c\u00e2n b\u1eb1ng, gi\u00fap k\u00edch th\u00edch v\u1ecb gi\u00e1c.<\/li>\n<li data-start=\"1352\" data-end=\"1808\"><strong data-start=\"1630\" data-end=\"1645\">V\u1ecb cay n\u1ed3ng<\/strong> t\u1eeb d\u1ea7u \u1edbt \u0111\u1eb7c tr\u01b0ng, mang \u0111\u1ebfn c\u1ea3m gi\u00e1c \u1ea5m \u00e1p khi th\u01b0\u1edfng th\u1ee9c.<\/li>\n<li data-start=\"1352\" data-end=\"1808\"><strong data-start=\"1712\" data-end=\"1726\">V\u1ecb b\u00e9o nh\u1eb9<\/strong> c\u1ee7a d\u1ea7u ng\u00e2m gi\u00fap m\u00f3n \u0103n th\u00eam ph\u1ea7n h\u1ea5p d\u1eabn, kh\u00f4ng b\u1ecb kh\u00f4 v\u00e0 t\u0103ng \u0111\u1ed9 ngon mi\u1ec7ng.<\/li>\n<\/ul>\n<p data-start=\"2074\" data-end=\"2249\"><em><strong data-start=\"2077\" data-end=\"2090\">M\u00e1ch nh\u1ecf:<\/strong> M\u00f3n n\u00e0y \u0111\u1eb7c bi\u1ec7t ph\u00f9 h\u1ee3p v\u1edbi nh\u1eefng ng\u00e0y tr\u1eddi l\u1ea1nh ho\u1eb7c khi b\u1ea1n c\u1ea3m th\u1ea5y ch\u00e1n \u0103n, v\u00ec v\u1ecb cay n\u1ed3ng v\u00e0 chua nh\u1eb9 s\u1ebd k\u00edch th\u00edch ti\u00eau h\u00f3a, gi\u00fap b\u1ea1n ngon mi\u1ec7ng h\u01a1n!<\/em><\/p>\n<p data-start=\"2074\" data-end=\"2249\"><img decoding=\"async\" class=\"aligncenter\" src=\"https:\/\/havamall.com\/wp-content\/uploads\/2025\/03\/022e86b099d1cd8bb2bf3b73c3dc29b2.jpg\" width=\"1100\" height=\"1094\" \/><\/p>\n<h2 data-start=\"2257\" data-end=\"2327\"><strong data-start=\"2260\" data-end=\"2325\">Truy\u1ec1n th\u1ed1ng v\u00e0 c\u00e1ch ch\u1ebf bi\u1ebfn \u2013 C\u00e2u chuy\u1ec7n \u0111\u1eb1ng sau m\u00f3n \u0103n<\/strong><\/h2>\n<p data-start=\"2329\" data-end=\"2604\">C\u1ea3i mu\u1ed1i l\u00e0 m\u1ed9t ph\u1ea7n quan tr\u1ecdng trong n\u1ec1n \u1ea9m th\u1ef1c Trung Hoa, \u0111\u1eb7c bi\u1ec7t ph\u1ed5 bi\u1ebfn \u1edf c\u00e1c v\u00f9ng Qu\u1ea3ng \u0110\u00f4ng, Hong Kong v\u00e0 T\u1ee9 Xuy\u00ean. T\u1eeb xa x\u01b0a, ng\u01b0\u1eddi d\u00e2n Trung Qu\u1ed1c \u0111\u00e3 bi\u1ebft c\u00e1ch \u1ee7 c\u1ea3i \u0111\u1ec3 b\u1ea3o qu\u1ea3n th\u1ef1c ph\u1ea9m l\u00e2u d\u00e0i, \u0111\u1ed3ng th\u1eddi t\u1ea1o ra nh\u1eefng m\u00f3n \u0103n ngon gi\u00fap c\u00e2n b\u1eb1ng b\u1eefa \u0103n h\u00e0ng ng\u00e0y.<\/p>\n<p><strong data-start=\"2606\" data-end=\"2659\">Quy tr\u00ecnh ch\u1ebf bi\u1ebfn c\u1ea3i c\u00e0 na mu\u1ed1i d\u1ea7u Peng Sheng:<\/strong><\/p>\n<ul>\n<li data-start=\"2606\" data-end=\"3142\"><strong data-start=\"2665\" data-end=\"2676\">B\u01b0\u1edbc 1:<\/strong> L\u1ef1a ch\u1ecdn nh\u1eefng c\u00e2y c\u1ea3i t\u01b0\u01a1i ngon nh\u1ea5t, c\u00f3 \u0111\u1ed9 gi\u00f2n t\u1ef1 nhi\u00ean.<\/li>\n<li data-start=\"2606\" data-end=\"3142\"><strong data-start=\"2742\" data-end=\"2753\">B\u01b0\u1edbc 2:<\/strong> C\u1ea3i \u0111\u01b0\u1ee3c r\u1eeda s\u1ea1ch, ph\u01a1i r\u00e1o, sau \u0111\u00f3 mu\u1ed1i trong nhi\u1ec1u ng\u00e0y \u0111\u1ec3 l\u00ean men t\u1ef1 nhi\u00ean, t\u1ea1o ra v\u1ecb chua d\u1ecbu nh\u1eb9.<\/li>\n<li data-start=\"2606\" data-end=\"3142\"><strong data-start=\"2862\" data-end=\"2873\">B\u01b0\u1edbc 3:<\/strong> Khi \u0111\u1ea1t \u0111\u1ed9 chua l\u00fd t\u01b0\u1edfng, c\u1ea3i \u0111\u01b0\u1ee3c c\u1eaft nh\u1ecf v\u00e0 ng\u00e2m trong d\u1ea7u \u1edbt cay c\u00f9ng c\u00e1c gia v\u1ecb truy\u1ec1n th\u1ed1ng nh\u01b0 h\u1ed3i, qu\u1ebf, gi\u1ea5m v\u00e0 t\u1ecfi \u0111\u1ec3 t\u0103ng h\u01b0\u01a1ng v\u1ecb.<\/li>\n<li data-start=\"2606\" data-end=\"3142\"><strong data-start=\"3020\" data-end=\"3031\">B\u01b0\u1edbc 4:<\/strong> Sau khi ng\u00e2m \u0111\u1ee7 th\u1eddi gian, s\u1ea3n ph\u1ea9m \u0111\u01b0\u1ee3c \u0111\u00f3ng h\u0169 c\u1ea9n th\u1eadn, \u0111\u1ea3m b\u1ea3o gi\u1eef nguy\u00ean \u0111\u1ed9 gi\u00f2n v\u00e0 h\u01b0\u01a1ng v\u1ecb th\u01a1m ngon.<\/li>\n<\/ul>\n<p data-start=\"3144\" data-end=\"3324\"><em>S\u1ef1 k\u1ef3 c\u00f4ng trong t\u1eebng c\u00f4ng \u0111o\u1ea1n gi\u00fap c\u1ea3i c\u00e0 na ng\u00e2m d\u1ea7u gi\u1eef \u0111\u01b0\u1ee3c <strong data-start=\"3209\" data-end=\"3230\">\u0111\u1ed9 gi\u00f2n \u0111\u1eb7c tr\u01b0ng<\/strong>, h\u01b0\u01a1ng v\u1ecb chua cay h\u00e0i h\u00f2a m\u00e0 kh\u00f4ng b\u1ecb g\u1eaft, t\u1ea1o n\u00ean m\u1ed9t m\u00f3n \u0103n \u0111\u1eadm \u0111\u00e0 \u0111\u00fang chu\u1ea9n Hong Kong.<\/em><\/p>\n<p data-start=\"3144\" data-end=\"3324\"><img decoding=\"async\" class=\"aligncenter\" src=\"https:\/\/havamall.com\/wp-content\/uploads\/2025\/03\/vn-11134207-7r98o-lz50ymw5ye6l36.jpg\" width=\"1098\" height=\"1087\" \/><\/p>\n<h2 data-start=\"3547\" data-end=\"3612\"><strong data-start=\"3550\" data-end=\"3610\">Th\u00e0nh ph\u1ea7n ch\u00ednh \u2013 B\u00ed quy\u1ebft t\u1ea1o n\u00ean h\u01b0\u01a1ng v\u1ecb ho\u00e0n h\u1ea3o<\/strong><\/h2>\n<ul>\n<li data-start=\"3614\" data-end=\"4023\"><strong data-start=\"3617\" data-end=\"3636\">C\u1ea3i C\u00e0 Na Mu\u1ed1i:<\/strong> Th\u00e0nh ph\u1ea7n ch\u00ednh t\u1ea1o n\u00ean \u0111\u1ed9 gi\u00f2n v\u00e0 v\u1ecb chua \u0111\u1eb7c tr\u01b0ng.<\/li>\n<li data-start=\"3614\" data-end=\"4023\"><strong data-start=\"3697\" data-end=\"3712\">D\u1ea7u \u1edbt cay:<\/strong> Mang l\u1ea1i h\u01b0\u01a1ng v\u1ecb \u0111\u1eadm \u0111\u00e0, gi\u00fap m\u00f3n \u0103n th\u00eam ph\u1ea7n h\u1ea5p d\u1eabn.<\/li>\n<li data-start=\"3614\" data-end=\"4023\"><strong data-start=\"3775\" data-end=\"3783\">T\u1ecfi:<\/strong> T\u1ea1o m\u00f9i th\u01a1m t\u1ef1 nhi\u00ean, \u0111\u1ed3ng th\u1eddi c\u00f3 l\u1ee3i cho s\u1ee9c kh\u1ecfe.<\/li>\n<li data-start=\"3614\" data-end=\"4023\"><strong data-start=\"3843\" data-end=\"3860\">Mu\u1ed1i &amp; \u0111\u01b0\u1eddng:<\/strong> Gi\u00fap c\u00e2n b\u1eb1ng h\u01b0\u01a1ng v\u1ecb, kh\u00f4ng qu\u00e1 m\u1eb7n hay ng\u1ecdt.<\/li>\n<li data-start=\"3614\" data-end=\"4023\"><strong data-start=\"3914\" data-end=\"3934\">Gia v\u1ecb t\u1ef1 nhi\u00ean:<\/strong> Bao g\u1ed3m h\u1ed3i, qu\u1ebf, gi\u1ea5m,&#8230; gi\u00fap t\u0103ng \u0111\u1ed9 th\u01a1m ngon v\u00e0 gi\u1eef nguy\u00ean h\u01b0\u01a1ng v\u1ecb truy\u1ec1n th\u1ed1ng.<\/li>\n<\/ul>\n<p><img loading=\"lazy\" decoding=\"async\" class=\"aligncenter\" src=\"https:\/\/havamall.com\/wp-content\/uploads\/2025\/03\/00888a60491ea14da9a2d3635463f212.jpg\" width=\"1110\" height=\"1145\" \/><\/p>\n<h2 data-start=\"4153\" data-end=\"4199\"><strong data-start=\"4156\" data-end=\"4197\">C\u00e1ch s\u1eed d\u1ee5ng \u2013 \u0110a d\u1ea1ng v\u00e0 s\u00e1ng t\u1ea1o<\/strong><\/h2>\n<p data-start=\"4201\" data-end=\"4313\">C\u1ea3i C\u00e0 Na Ng\u00e2m D\u1ea7u Peng Sheng kh\u00f4ng ch\u1ec9 l\u00e0 m\u1ed9t m\u00f3n \u0103n k\u00e8m m\u00e0 c\u00f2n c\u00f3 th\u1ec3 bi\u1ebfn t\u1ea5u th\u00e0nh nhi\u1ec1u m\u00f3n \u0103n kh\u00e1c nhau:<\/p>\n<ul style=\"list-style-type: circle\">\n<li data-start=\"4315\" data-end=\"4437\"><strong data-start=\"4318\" data-end=\"4335\">\u0102n tr\u1ef1c ti\u1ebfp:<\/strong> Th\u01b0\u1edfng th\u1ee9c c\u00f9ng c\u01a1m tr\u1eafng, ch\u00e1o tr\u1eafng ho\u1eb7c m\u00ec g\u00f3i, gi\u00fap t\u0103ng h\u01b0\u01a1ng v\u1ecb v\u00e0 l\u00e0m b\u1eefa \u0103n b\u1edbt nh\u00e0m ch\u00e1n.<\/li>\n<li data-start=\"4315\" data-end=\"4437\"><strong data-start=\"4442\" data-end=\"4466\">K\u1ebft h\u1ee3p v\u1edbi m\u00f3n x\u00e0o:<\/strong> X\u00e0o chung v\u1edbi th\u1ecbt b\u00f2, th\u1ecbt heo ho\u1eb7c rau xanh \u0111\u1ec3 t\u1ea1o ra m\u00f3n \u0103n \u0111\u1eadm \u0111\u00e0.<\/li>\n<li data-start=\"4315\" data-end=\"4437\"><strong data-start=\"4544\" data-end=\"4567\">D\u00f9ng trong m\u00f3n l\u1ea9u:<\/strong> Th\u00eam v\u00e0o n\u01b0\u1edbc l\u1ea9u cay \u0111\u1ec3 t\u0103ng h\u01b0\u01a1ng v\u1ecb h\u1ea5p d\u1eabn.<\/li>\n<li data-start=\"4315\" data-end=\"4437\"><strong data-start=\"4622\" data-end=\"4666\">L\u00e0m nh\u00e2n b\u00e1nh bao, h\u00e1 c\u1ea3o ho\u1eb7c b\u00e1nh k\u1eb9p:<\/strong> M\u1ed9t c\u00e1ch s\u00e1ng t\u1ea1o \u0111\u1ec3 t\u1ea1o ra m\u00f3n \u0103n m\u1edbi l\u1ea1 v\u00e0 \u0111\u1ea7y h\u01b0\u01a1ng v\u1ecb.<\/li>\n<\/ul>\n<p data-start=\"4729\" data-end=\"4878\"><em><strong data-start=\"4732\" data-end=\"4744\">M\u1eb9o nh\u1ecf:<\/strong> N\u1ebfu b\u1ea1n mu\u1ed1n l\u00e0m m\u00f3n salad ki\u1ec3u Trung Hoa, h\u00e3y tr\u1ed9n c\u1ea3i c\u00e0 na ng\u00e2m d\u1ea7u v\u1edbi m\u1ed9t \u00edt h\u00e0nh l\u00e1, m\u00e8 rang v\u00e0 d\u1ea7u m\u00e8 \u2013 \u0111\u1ea3m b\u1ea3o s\u1ebd r\u1ea5t ngon!<\/em><\/p>\n<p data-start=\"4729\" data-end=\"4878\"><img loading=\"lazy\" decoding=\"async\" class=\"aligncenter\" src=\"https:\/\/havamall.com\/wp-content\/uploads\/2025\/03\/vn-11134207-7r98o-ls71ho1eumro77.jpg\" width=\"1430\" height=\"1183\" \/><\/p>\n<p data-start=\"4729\" data-end=\"4878\">C\u1ea3i C\u00e0 Na Ng\u00e2m D\u1ea7u Hong Kong Peng Sheng kh\u00f4ng ch\u1ec9 l\u00e0 m\u1ed9t m\u00f3n \u0103n ngon m\u00e0 c\u00f2n l\u00e0 s\u1ef1 k\u1ebft tinh c\u1ee7a <strong data-start=\"5660\" data-end=\"5700\">truy\u1ec1n th\u1ed1ng, h\u01b0\u01a1ng v\u1ecb v\u00e0 ch\u1ea5t l\u01b0\u1ee3ng<\/strong>. N\u1ebfu b\u1ea1n y\u00eau th\u00edch \u1ea9m th\u1ef1c Trung Hoa ho\u1eb7c \u0111\u01a1n gi\u1ea3n mu\u1ed1n th\u1eed m\u1ed9t m\u00f3n \u0103n m\u1edbi l\u1ea1, \u0111\u00e2y ch\u1eafc ch\u1eafn l\u00e0 l\u1ef1a ch\u1ecdn kh\u00f4ng th\u1ec3 b\u1ecf qua. S\u1ea3n ph\u1ea9m n\u00e0y \u0111\u00e3 c\u00f3 m\u1eb7t t\u1ea1i Havamall.<\/p>","protected":false},"excerpt":{"rendered":"<p>Th\u01b0\u01a1ng hi\u1ec7u Peng Sheng \u2013 B\u00ed quy\u1ebft c\u1ee7a s\u1ef1 tinh t\u1ebf Peng Sheng l\u00e0 th\u01b0\u01a1ng hi\u1ec7u n\u1ed5i ti\u1ebfng chuy\u00ean s\u1ea3n<\/p>","protected":false},"featured_media":38264,"comment_status":"open","ping_status":"closed","template":"","meta":[],"product_brand":[],"product_cat":[154,595,725,701,36,143],"product_tag":[],"class_list":{"0":"post-38263","1":"product","2":"type-product","3":"status-publish","4":"has-post-thumbnail","6":"product_cat-gia-vi","7":"product_cat-gia-vi-va-che-bien","8":"product_cat-nhap-khau-trung-quoc","9":"product_cat-rau-cu","10":"product_cat-thuc-pham-tieu-dung","11":"product_cat-thuc-pham-dong-hop","13":"first","14":"outofstock","15":"sale","16":"shipping-taxable","17":"purchasable","18":"product-type-simple"},"_links":{"self":[{"href":"https:\/\/havamall.com\/en\/wp-json\/wp\/v2\/product\/38263","targetHints":{"allow":["GET"]}}],"collection":[{"href":"https:\/\/havamall.com\/en\/wp-json\/wp\/v2\/product"}],"about":[{"href":"https:\/\/havamall.com\/en\/wp-json\/wp\/v2\/types\/product"}],"replies":[{"embeddable":true,"href":"https:\/\/havamall.com\/en\/wp-json\/wp\/v2\/comments?post=38263"}],"version-history":[{"count":0,"href":"https:\/\/havamall.com\/en\/wp-json\/wp\/v2\/product\/38263\/revisions"}],"wp:featuredmedia":[{"embeddable":true,"href":"https:\/\/havamall.com\/en\/wp-json\/wp\/v2\/media\/38264"}],"wp:attachment":[{"href":"https:\/\/havamall.com\/en\/wp-json\/wp\/v2\/media?parent=38263"}],"wp:term":[{"taxonomy":"product_brand","embeddable":true,"href":"https:\/\/havamall.com\/en\/wp-json\/wp\/v2\/product_brand?post=38263"},{"taxonomy":"product_cat","embeddable":true,"href":"https:\/\/havamall.com\/en\/wp-json\/wp\/v2\/product_cat?post=38263"},{"taxonomy":"product_tag","embeddable":true,"href":"https:\/\/havamall.com\/en\/wp-json\/wp\/v2\/product_tag?post=38263"}],"curies":[{"name":"wp","href":"https:\/\/api.w.org\/{rel}","templated":true}]}}