{"id":39062,"date":"2025-03-29T14:39:07","date_gmt":"2025-03-29T07:39:07","guid":{"rendered":"https:\/\/havamall.com\/?post_type=product&#038;p=39062"},"modified":"2025-11-06T10:22:06","modified_gmt":"2025-11-06T03:22:06","slug":"banh-madeleine-dai-nhan-nho-phap-patisserie-tradition-250g-french-long-madeleine-raisin","status":"publish","type":"product","link":"https:\/\/havamall.com\/en\/shop\/banh-madeleine-dai-nhan-nho-phap-patisserie-tradition-250g-french-long-madeleine-raisin\/","title":{"rendered":"B\u00e1nh B\u00f4ng Lan Nho Kh\u00f4 Ph\u00e1p Le Ster 250g &#8211; French Long Madeleine Raisin"},"content":{"rendered":"<article class=\"w-full text-token-text-primary\" dir=\"auto\" data-testid=\"conversation-turn-6\" data-scroll-anchor=\"true\">\n<div class=\"text-base my-auto mx-auto py-5 px-6\">\n<div class=\"mx-auto flex flex-1 text-base gap-4 md:gap-5 lg:gap-6 md:max-w-3xl group\/turn-messages focus-visible:outline-none\">\n<div class=\"group\/conversation-turn relative flex w-full min-w-0 flex-col agent-turn @xs\/thread:px-0 @sm\/thread:px-1.5 @md\/thread:px-4\">\n<div class=\"relative flex-col gap-1 md:gap-3\">\n<div class=\"flex max-w-full flex-col flex-grow\">\n<div class=\"min-h-8 text-message relative flex w-full flex-col items-end gap-2 whitespace-normal break-words text-start [.text-message+&amp;]:mt-5\" dir=\"auto\" data-message-author-role=\"assistant\" data-message-id=\"5ae26e9a-6a12-4f2d-80a8-6e9c0258dab6\" data-message-model-slug=\"gpt-4o\">\n<div class=\"flex w-full flex-col gap-1 empty:hidden first:pt-[3px]\">\n<div class=\"markdown prose w-full break-words dark:prose-invert dark\">\n<div><span style=\"font-size: 18pt\"><strong>TH\u00d4NG TIN CHUNG<\/strong><\/span><\/div>\n<div>\n<table style=\"width: 56.0151%\">\n<tbody>\n<tr>\n<td style=\"width: 17.8637%\">Th\u01b0\u01a1ng hi\u1ec7u<\/td>\n<td style=\"width: 117.244%\">\n<p data-pm-slice=\"1 1 []\">Le Ster<\/p>\n<\/td>\n<\/tr>\n<tr>\n<td style=\"width: 17.8637%\">Xu\u1ea5t x\u1ee9<\/td>\n<td style=\"width: 117.244%\">Ph\u00e1p<\/td>\n<\/tr>\n<tr>\n<td style=\"width: 17.8637%\">Th\u00e0nh ph\u1ea7n<\/td>\n<td style=\"width: 117.244%\">\n<p data-pm-slice=\"1 1 []\">B\u1ed9t m\u00ec, tr\u1ee9ng g\u00e0, \u0111\u01b0\u1eddng, b\u01a1, nho kh\u00f4, h\u01b0\u01a1ng li\u1ec7u t\u1ef1 nhi\u00ean&#8230;<span style=\"font-family: inherit;font-size: inherit\">(xem chi ti\u1ebft tr\u00ean bao b\u00ec)<\/span><\/p>\n<\/td>\n<\/tr>\n<tr>\n<td style=\"width: 17.8637%\">H\u1ea1n s\u1eed d\u1ee5ng<\/td>\n<td style=\"width: 117.244%\">Xem tr\u1ef1c ti\u1ebfp tr\u00ean bao b\u00ec<\/td>\n<\/tr>\n<tr>\n<td style=\"width: 17.8637%\">B\u1ea3o qu\u1ea3n<\/td>\n<td style=\"width: 117.244%\">\u0110\u1ec3 n\u01a1i kh\u00f4 r\u00e1o, tho\u00e1ng m\u00e1t, tr\u00e1nh \u00e1nh n\u1eafng tr\u1ef1c ti\u1ebfp<\/td>\n<\/tr>\n<tr>\n<td style=\"width: 17.8637%\">Kh\u1ed1i l\u01b0\u1ee3ng<\/td>\n<td style=\"width: 117.244%\">250g<\/td>\n<\/tr>\n<\/tbody>\n<\/table>\n<\/div>\n<h2 class=\"\" data-start=\"178\" data-end=\"227\"><strong data-start=\"181\" data-end=\"225\">Madeleine \u2013 Tinh hoa b\u00e1nh ng\u1ecdt n\u01b0\u1edbc Ph\u00e1p<\/strong><\/h2>\n<p class=\"\" data-start=\"274\" data-end=\"851\">Madeleine, hay c\u00f2n \u0111\u01b0\u1ee3c bi\u1ebft \u0111\u1ebfn v\u1edbi t\u00ean g\u1ecdi \u201cb\u00e1nh con s\u00f2\u201d, l\u00e0 m\u1ed9t lo\u1ea1i b\u00e1nh ng\u1ecdt nh\u1ecf nh\u1eafn c\u00f3 ngu\u1ed3n g\u1ed1c t\u1eeb v\u00f9ng Lorraine, Ph\u00e1p. Xu\u1ea5t hi\u1ec7n t\u1eeb th\u1ebf k\u1ef7 18, lo\u1ea1i b\u00e1nh n\u00e0y g\u1eafn li\u1ec1n v\u1edbi m\u1ed9t giai tho\u1ea1i th\u00fa v\u1ecb: m\u1ed9t \u0111\u1ea7u b\u1ebfp t\u00ean Madeleine Paulmier \u0111\u00e3 t\u1ea1o ra chi\u1ebfc b\u00e1nh \u0111\u1ec3 ph\u1ee5c v\u1ee5 C\u00f4ng t\u01b0\u1edbc Stanis\u0142aw Leszczy\u0144ski, ng\u01b0\u1eddi sau \u0111\u00f3 y\u00eau th\u00edch \u0111\u1ebfn m\u1ee9c \u0111\u1eb7t t\u00ean n\u00f3 theo b\u00e0. T\u1eeb m\u1ed9t m\u00f3n \u0103n qu\u00fd t\u1ed9c, Madeleine nhanh ch\u00f3ng tr\u1edf th\u00e0nh bi\u1ec3u t\u01b0\u1ee3ng trong v\u0103n h\u00f3a \u1ea9m th\u1ef1c Ph\u00e1p, \u0111\u1eb7c bi\u1ec7t khi xu\u1ea5t hi\u1ec7n trong t\u00e1c ph\u1ea9m\u00a0<em data-start=\"759\" data-end=\"784\">\u0110i t\u00ecm th\u1eddi gian \u0111\u00e3 m\u1ea5t<\/em>\u00a0c\u1ee7a Marcel Proust, kh\u01a1i g\u1ee3i nh\u1eefng ho\u00e0i ni\u1ec7m s\u00e2u s\u1eafc v\u1ec1 tu\u1ed5i th\u01a1.<\/p>\n<p class=\"\" data-start=\"892\" data-end=\"1412\">Madeleine c\u00f3 h\u00ecnh d\u00e1ng v\u1ecf s\u00f2 \u0111\u1eb7c tr\u01b0ng v\u1edbi ph\u1ea7n b\u1ee5ng ph\u1ed3ng l\u00ean duy\u00ean d\u00e1ng. B\u00e1nh \u0111\u01b0\u1ee3c l\u00e0m t\u1eeb c\u00e1c nguy\u00ean li\u1ec7u \u0111\u01a1n gi\u1ea3n nh\u01b0 b\u1ed9t m\u00ec, b\u01a1, tr\u1ee9ng, \u0111\u01b0\u1eddng, v\u00e0 th\u01b0\u1eddng c\u00f3 th\u00eam h\u01b0\u01a1ng vani ho\u1eb7c chanh \u0111\u1ec3 t\u1ea1o s\u1ef1 th\u01a1m ngon \u0111\u1eb7c bi\u1ec7t. K\u1ebft c\u1ea5u m\u1ec1m x\u1ed1p, tan nh\u1eb9 trong mi\u1ec7ng k\u1ebft h\u1ee3p v\u1edbi l\u1edbp \u201cgai\u201d b\u00e1nh m\u1ecfng gi\u00f2n t\u1ea1o n\u00ean s\u1ef1 t\u01b0\u01a1ng ph\u1ea3n tinh t\u1ebf, khi\u1ebfn m\u1ed7i chi\u1ebfc Madeleine tr\u1edf th\u00e0nh m\u1ed9t tr\u1ea3i nghi\u1ec7m \u1ea9m th\u1ef1c tr\u1ecdn v\u1eb9n. Ng\u01b0\u1eddi Ph\u00e1p th\u01b0\u1eddng th\u01b0\u1edfng th\u1ee9c Madeleine c\u00f9ng tr\u00e0 ho\u1eb7c c\u00e0 ph\u00ea, bi\u1ebfn n\u00f3 th\u00e0nh m\u00f3n \u0103n nh\u1eb9 ho\u00e0n h\u1ea3o cho nh\u1eefng bu\u1ed5i chi\u1ec1u th\u01b0 gi\u00e3n.<\/p>\n<p data-start=\"892\" data-end=\"1412\"><img fetchpriority=\"high\" decoding=\"async\" class=\"aligncenter\" src=\"https:\/\/havamall.com\/wp-content\/uploads\/2025\/03\/opt__aboutcom__coeus__resources__content_migration__serious_eats__seriouseats.com__recipes__images__2015__04__20150408-french-madeleines-with-almonds-and-apricot-nila-jones-4-f310147180314f228ad63589799983a6.jpg\" alt=\"French Madeleines With Almonds and Apricot Glaze\" width=\"802\" height=\"602\" \/><\/p>\n<h3><b>Le Ster \u2013 Th\u01b0\u01a1ng hi\u1ec7u b\u00e1nh ng\u1ecdt truy\u1ec1n th\u1ed1ng t\u1eeb n\u0103m 1965<\/b><\/h3>\n<p>L\u00e0 m\u1ed9t th\u01b0\u01a1ng hi\u1ec7u b\u00e1nh ng\u1ecdt c\u00f3 l\u1ecbch s\u1eed t\u1eeb n\u0103m <b>1965<\/b>, <b>Le Ster<\/b> lu\u00f4n theo \u0111u\u1ed5i s\u1ef1 k\u1ebft h\u1ee3p gi\u1eefa c\u00f4ng th\u1ee9c truy\u1ec1n th\u1ed1ng v\u00e0 quy tr\u00ecnh s\u1ea3n xu\u1ea5t hi\u1ec7n \u0111\u1ea1i. S\u1ea3n ph\u1ea9m c\u1ee7a Le Ster cam k\u1ebft v\u1ec1 ch\u1ea5t l\u01b0\u1ee3ng nguy\u00ean li\u1ec7u, \u0111\u1eb7c bi\u1ec7t nh\u1ea5n m\u1ea1nh v\u00e0o ngu\u1ed3n g\u1ed1c \u0111\u1ecba ph\u01b0\u01a1ng c\u1ee7a c\u00e1c th\u00e0nh ph\u1ea7n ch\u00ednh. Tr\u00ean bao b\u00ec c\u1ee7a Madeleines Longues Raisins, th\u01b0\u01a1ng hi\u1ec7u n\u00e0y \u0111\u00e3 kh\u1eb3ng \u0111\u1ecbnh r\u00f5 r\u00e0ng vi\u1ec7c s\u1eed d\u1ee5ng <b>tr\u1ee9ng g\u00e0 Ph\u00e1p (Oeufs Fran\u00e7ais)<\/b> v\u00e0 <b>b\u1ed9t l\u00faa m\u00ec Ph\u00e1p (Farine de Bl\u00e9 Fran\u00e7ais), \u0111<\/b>i\u1ec1u n\u00e0y kh\u00f4ng ch\u1ec9 \u0111\u1ea3m b\u1ea3o h\u01b0\u01a1ng v\u1ecb v\u00e0 ch\u1ea5t l\u01b0\u1ee3ng truy\u1ec1n th\u1ed1ng c\u1ee7a b\u00e1nh Madeleine m\u00e0 c\u00f2n th\u1ec3 hi\u1ec7n cam k\u1ebft \u0111\u1ed1i v\u1edbi ngu\u1ed3n nguy\u00ean li\u1ec7u cao c\u1ea5p.<\/p>\n<p data-start=\"1370\" data-end=\"1747\"><img decoding=\"async\" class=\"aligncenter\" src=\"https:\/\/scontent.fsgn19-1.fna.fbcdn.net\/v\/t39.30808-6\/532605545_815598874149988_84496396302720566_n.jpg?_nc_cat=106&amp;ccb=1-7&amp;_nc_sid=833d8c&amp;_nc_ohc=ekX3nUKMxjUQ7kNvwGHrKJk&amp;_nc_oc=Adny2W2l1kxqqGWIB6Xhg2mOuCHEbvI9TqwpNMFh7bxdAZ11OzdbWgTL3IxaKNP1IG0AXYolF8wEBOYERFtrSZF0&amp;_nc_zt=23&amp;_nc_ht=scontent.fsgn19-1.fna&amp;_nc_gid=S2b-b8fFCpOTZOWCbl3n_g&amp;oh=00_AfhB72U_Y_Mf9VnxGCifMbI5aA2SnhwiAazBoeNqEVyPUg&amp;oe=6911DF8C\" alt=\"C\u00f3 th\u1ec3 l\u00e0 h\u00ecnh \u1ea3nh v\u1ec1 \u200eb\u00e1nh quy gi\u00f2n, b\u00e1nh quy v\u00e0 \u200ev\u0103n b\u1ea3n cho bi\u1ebft '\u200eke CenSiAm Ster 20 x20 \u0935\u09c7 MADELEINES RAYSE LONGUES LONGUES, x20 x20 \u0438 Le Ster DEPUIS DEPUI51965 DEPUIS 1965 \u0dad\u0dbb \u0645\u0645\u0631 DEUFS SANS CONSERVATEUR FRANCAIS 02 BL\u00c9 LEFRANCAIS BLEFRANCAIS S FARINE DE SANS \u5149 E PALME\u200e'\u200e\u200e\" width=\"800\" height=\"1067\" \/><\/p>\n<h3><b>Madeleines Longues Raisins \u2013 S\u1ef1 k\u1ebft h\u1ee3p tinh t\u1ebf<\/b><\/h3>\n<p>S\u1ea3n ph\u1ea9m <b>Madeleines Longues Raisins<\/b> l\u00e0 phi\u00ean b\u1ea3n bi\u1ebfn t\u1ea5u t\u1eeb b\u00e1nh Madeleine truy\u1ec1n th\u1ed1ng, \u0111\u01b0\u1ee3c l\u00e0m theo <b>d\u1ea1ng d\u00e0i (Longues)<\/b> thay v\u00ec h\u00ecnh v\u1ecf s\u00f2 c\u1ed5 \u0111i\u1ec3n. \u0110\u1eb7c tr\u01b0ng c\u1ee7a phi\u00ean b\u1ea3n n\u00e0y l\u00e0 s\u1ef1 b\u1ed5 sung c\u1ee7a nh\u1eefng h\u1ea1t <b>nho kh\u00f4 (Raisins)<\/b> ch\u1ea5t l\u01b0\u1ee3ng cao, ph\u00e2n b\u1ed1 \u0111\u1ec1u trong c\u1ed1t b\u00e1nh b\u00f4ng lan. B\u00e1nh gi\u1eef nguy\u00ean k\u1ebft c\u1ea5u m\u1ec1m x\u1ed1p, nh\u01b0ng \u0111\u01b0\u1ee3c b\u1ed5 sung th\u00eam v\u1ecb ng\u1ecdt t\u1ef1 nhi\u00ean v\u00e0 ch\u00fat chua nh\u1eb9 t\u1eeb nho kh\u00f4, t\u1ea1o n\u00ean s\u1ef1 h\u00f2a quy\u1ec7n h\u00e0i h\u00f2a gi\u1eefa v\u1ecb b\u00e9o ng\u1eady c\u1ee7a b\u01a1, v\u1ecb ng\u1ecdt d\u1ecbu c\u1ee7a tr\u1ee9ng v\u00e0 \u0111\u1ed9 chua nh\u1eb9 nh\u00e0ng. S\u1ea3n ph\u1ea9m n\u00e0y \u0111\u01b0\u1ee3c \u0111\u00f3ng g\u00f3i ti\u1ec7n l\u1ee3i v\u1edbi <b>20 chi\u1ebfc\/g\u00f3i<\/b> th\u00edch h\u1ee3p cho vi\u1ec7c s\u1eed d\u1ee5ng h\u00e0ng ng\u00e0y.<\/p>\n<p><img decoding=\"async\" class=\"aligncenter\" src=\"https:\/\/havamall.com\/wp-content\/uploads\/2025\/03\/Madeleine-raisin-Le-Ster-visuel-1000x700.jpg\" \/><\/p>\n<h2 class=\"\" data-start=\"2494\" data-end=\"2566\"><strong data-start=\"2497\" data-end=\"2564\">Th\u01b0\u1edfng th\u1ee9c Madeleines Longues aux Raisins theo phong c\u00e1ch Ph\u00e1p<\/strong><\/h2>\n<ul>\n<li><b>B\u1eefa s\u00e1ng\/B\u1eefa x\u1ebf:<\/b> B\u00e1nh Madeleine d\u00e0i nh\u00e2n nho l\u00e0 m\u1ed9t l\u1ef1a ch\u1ecdn tuy\u1ec7t v\u1eddi cho b\u1eefa \u0103n nh\u1eb9, nhanh g\u1ecdn m\u00e0 v\u1eabn cung c\u1ea5p n\u0103ng l\u01b0\u1ee3ng.<\/li>\n<li><b>K\u1ebft h\u1ee3p \u0110\u1ed3 u\u1ed1ng:<\/b> H\u01b0\u01a1ng v\u1ecb c\u1ee7a b\u00e1nh s\u1ebd tr\u1edf n\u00ean tr\u1ecdn v\u1eb9n h\u01a1n khi th\u01b0\u1edfng th\u1ee9c c\u00f9ng <b>m\u1ed9t t\u00e1ch tr\u00e0 n\u00f3ng<\/b> (nh\u01b0 tr\u00e0 \u0111en, tr\u00e0 Earl Grey) ho\u1eb7c <b>m\u1ed9t ly c\u00e0 ph\u00ea \u0111en \u0111\u1eadm \u0111\u00e0<\/b>. V\u1ecb ch\u00e1t nh\u1eb9 c\u1ee7a tr\u00e0 ho\u1eb7c v\u1ecb \u0111\u1eafng c\u1ee7a c\u00e0 ph\u00ea s\u1ebd gi\u00fap c\u00e2n b\u1eb1ng v\u1ecb b\u00e9o v\u00e0 ng\u1ecdt c\u1ee7a b\u00e1nh.<\/li>\n<\/ul>\n<p><img decoding=\"async\" class=\"aligncenter\" src=\"https:\/\/havamall.com\/wp-content\/uploads\/2025\/03\/product-finger-madeleines.jpg\" width=\"1008\" height=\"688\" \/><\/p>\n<p class=\"\" data-start=\"2992\" data-end=\"3190\">V\u1edbi <strong data-start=\"2996\" data-end=\"3030\">Madeleines Longues aux Raisins<\/strong>, <strong data-start=\"3032\" data-end=\"3056\">P\u00e2tisserie Tradition<\/strong> ti\u1ebfp t\u1ee5c kh\u1eb3ng \u0111\u1ecbnh v\u1ecb th\u1ebf c\u1ee7a m\u00ecnh trong l\u00e0ng b\u00e1nh ng\u1ecdt Ph\u00e1p, mang \u0111\u1ebfn cho th\u1ef1c kh\u00e1ch nh\u1eefng tr\u1ea3i nghi\u1ec7m \u1ea9m th\u1ef1c tinh t\u1ebf v\u00e0 kh\u00f3 qu\u00ean. S\u1ea3n ph\u1ea9m hi\u1ec7n \u0111\u00e3 c\u00f3 m\u1eb7t t\u1ea1i Havamall, qu\u00fd kh\u00e1ch vui l\u00f2ng li\u00ean h\u1ec7 hotline: 0946 229 642. Ch\u00fang t\u00f4i r\u1ea5t h\u00e2n h\u1ea1nh \u0111\u01b0\u1ee3c ph\u1ee5c v\u1ee5 qu\u00fd kh\u00e1ch!<\/p>\n<\/div>\n<\/div>\n<\/div>\n<\/div>\n<\/div>\n<\/div>\n<\/div>\n<\/div>\n<\/article>\n","protected":false},"excerpt":{"rendered":"<p>TH\u00d4NG TIN CHUNG Th\u01b0\u01a1ng hi\u1ec7u Le Ster Xu\u1ea5t x\u1ee9 Ph\u00e1p Th\u00e0nh ph\u1ea7n B\u1ed9t m\u00ec, tr\u1ee9ng g\u00e0, \u0111\u01b0\u1eddng, b\u01a1, nho kh\u00f4,<\/p>","protected":false},"featured_media":43125,"comment_status":"open","ping_status":"closed","template":"","meta":[],"product_brand":[],"product_cat":[133,723],"product_tag":[],"class_list":{"0":"post-39062","1":"product","2":"type-product","3":"status-publish","4":"has-post-thumbnail","6":"product_cat-banh-keo-chocolate","7":"product_cat-nhap-khau-phap","9":"first","10":"instock","11":"sale","12":"shipping-taxable","13":"purchasable","14":"product-type-simple"},"_links":{"self":[{"href":"https:\/\/havamall.com\/en\/wp-json\/wp\/v2\/product\/39062","targetHints":{"allow":["GET"]}}],"collection":[{"href":"https:\/\/havamall.com\/en\/wp-json\/wp\/v2\/product"}],"about":[{"href":"https:\/\/havamall.com\/en\/wp-json\/wp\/v2\/types\/product"}],"replies":[{"embeddable":true,"href":"https:\/\/havamall.com\/en\/wp-json\/wp\/v2\/comments?post=39062"}],"version-history":[{"count":0,"href":"https:\/\/havamall.com\/en\/wp-json\/wp\/v2\/product\/39062\/revisions"}],"wp:featuredmedia":[{"embeddable":true,"href":"https:\/\/havamall.com\/en\/wp-json\/wp\/v2\/media\/43125"}],"wp:attachment":[{"href":"https:\/\/havamall.com\/en\/wp-json\/wp\/v2\/media?parent=39062"}],"wp:term":[{"taxonomy":"product_brand","embeddable":true,"href":"https:\/\/havamall.com\/en\/wp-json\/wp\/v2\/product_brand?post=39062"},{"taxonomy":"product_cat","embeddable":true,"href":"https:\/\/havamall.com\/en\/wp-json\/wp\/v2\/product_cat?post=39062"},{"taxonomy":"product_tag","embeddable":true,"href":"https:\/\/havamall.com\/en\/wp-json\/wp\/v2\/product_tag?post=39062"}],"curies":[{"name":"wp","href":"https:\/\/api.w.org\/{rel}","templated":true}]}}