{"id":39093,"date":"2025-03-31T15:26:36","date_gmt":"2025-03-31T08:26:36","guid":{"rendered":"https:\/\/havamall.com\/?post_type=product&#038;p=39093"},"modified":"2025-04-05T14:39:39","modified_gmt":"2025-04-05T07:39:39","slug":"mut-tam-bop-cao-cap-havafoodies-250g-cape-gooseberry-jam","status":"publish","type":"product","link":"https:\/\/havamall.com\/en\/shop\/mut-tam-bop-cao-cap-havafoodies-250g-cape-gooseberry-jam\/","title":{"rendered":"M\u1ee9t T\u1ea7m B\u00f3p Cao C\u1ea5p Havafoodies 250g &#8211; Cape Goldenberry Jam"},"content":{"rendered":"<h2><strong>TH\u00d4NG TIN CHUNG<\/strong><\/h2>\n<table style=\"width: 61.4886%\">\n<tbody>\n<tr>\n<td style=\"width: 14.7343%\">Th\u01b0\u01a1ng hi\u1ec7u<\/td>\n<td style=\"width: 84.1787%\">Havafoodies<\/td>\n<\/tr>\n<tr>\n<td style=\"width: 14.7343%\">Xu\u1ea5t x\u1ee9<\/td>\n<td style=\"width: 84.1787%\">Vi\u1ec7t Nam<\/td>\n<\/tr>\n<tr>\n<td style=\"width: 14.7343%\">Th\u00e0nh ph\u1ea7n<\/td>\n<td style=\"width: 84.1787%\">Tr\u00e1i t\u1ea7m b\u00f3p (70%), \u0111\u01b0\u1eddng m\u00eda (30%)<\/td>\n<\/tr>\n<tr>\n<td style=\"width: 14.7343%\">H\u1ea1n s\u1eed d\u1ee5ng<\/td>\n<td style=\"width: 84.1787%\">L\u00e0m n\u01b0\u1edbc s\u1ed1t cho c\u00e1c m\u00f3n \u0103n, ph\u1ebft l\u00ean b\u00e1nh<\/td>\n<\/tr>\n<tr>\n<td style=\"width: 14.7343%\">B\u1ea3o qu\u1ea3n<\/td>\n<td style=\"width: 84.1787%\">B\u1ea3o qu\u1ea3n trong t\u1ee7 m\u00e1t, \u0111\u00f3ng k\u00edn n\u1eafp sau khi s\u1eed d\u1ee5ng<\/td>\n<\/tr>\n<tr>\n<td style=\"width: 14.7343%\">\u00a0Kh\u1ed1i l\u01b0\u1ee3ng<\/td>\n<td style=\"width: 84.1787%\">250g<\/td>\n<\/tr>\n<\/tbody>\n<\/table>\n<p data-pm-slice=\"1 1 []\"><span style=\"font-size: 14pt\"><strong>M\u1ee9t T\u1ea7m B\u00f3p \u2013 H\u01b0\u01a1ng V\u1ecb Thi\u00ean Nhi\u00ean \u0110\u1ed9c \u0110\u00e1o<\/strong><\/span><\/p>\n<p>M\u1ee9t t\u1ea7m b\u00f3p (Cape Goldenberry Jam) l\u00e0 m\u1ed9t m\u00f3n qu\u00e0 thi\u00ean nhi\u00ean \u0111\u1ed9c \u0111\u00e1o, \u0111\u01b0\u1ee3c l\u00e0m t\u1eeb qu\u1ea3 t\u1ea7m b\u00f3p \u2013 lo\u1ea1i tr\u00e1i c\u00e2y nh\u1ecf nh\u1eafn c\u00f3 l\u1edbp v\u1ecf b\u1ecdc m\u1ecfng, v\u1ecb chua nh\u1eb9 pha ch\u00fat ng\u1ecdt thanh. Xu\u1ea5t hi\u1ec7n trong \u1ea9m th\u1ef1c t\u1eeb l\u00e2u \u0111\u1eddi, t\u1ea7m b\u00f3p kh\u00f4ng ch\u1ec9 \u0111\u01b0\u1ee3c bi\u1ebft \u0111\u1ebfn nh\u01b0 m\u1ed9t lo\u1ea1i tr\u00e1i c\u00e2y d\u1ea1i m\u00e0 c\u00f2n l\u00e0 ngu\u1ed3n dinh d\u01b0\u1ee1ng d\u1ed3i d\u00e0o, gi\u00e0u vitamin C, ch\u1ea5t ch\u1ed1ng oxy h\u00f3a v\u00e0 c\u00e1c kho\u00e1ng ch\u1ea5t t\u1ed1t cho s\u1ee9c kh\u1ecfe. S\u1ef1 k\u1ebft h\u1ee3p gi\u1eefa v\u1ecb chua ng\u1ecdt t\u1ef1 nhi\u00ean v\u00e0 k\u1ebft c\u1ea5u m\u1ec1m m\u1ecbn c\u1ee7a m\u1ee9t \u0111\u00e3 t\u1ea1o n\u00ean m\u1ed9t m\u00f3n \u0103n h\u1ea5p d\u1eabn, ph\u00f9 h\u1ee3p \u0111\u1ec3 th\u01b0\u1edfng th\u1ee9c v\u00e0o b\u1ea5t k\u1ef3 th\u1eddi \u0111i\u1ec3m n\u00e0o trong ng\u00e0y.<\/p>\n<p>M\u1ee9t t\u1ea7m b\u00f3p c\u00f3 m\u00e0u v\u00e0ng cam \u00f3ng \u00e1nh, h\u01b0\u01a1ng th\u01a1m d\u1ecbu nh\u1eb9 v\u00e0 v\u1ecb chua thanh \u0111\u1eb7c tr\u01b0ng. Khi n\u1ebfm th\u1eed, b\u1ea1n s\u1ebd c\u1ea3m nh\u1eadn \u0111\u01b0\u1ee3c s\u1ef1 h\u00f2a quy\u1ec7n ho\u00e0n h\u1ea3o gi\u1eefa v\u1ecb ng\u1ecdt t\u1ef1 nhi\u00ean v\u00e0 \u0111\u1ed9 s\u1ec7t m\u1ecbn v\u1eeba ph\u1ea3i, mang \u0111\u1ebfn tr\u1ea3i nghi\u1ec7m \u1ea9m th\u1ef1c tr\u1ecdn v\u1eb9n. Lo\u1ea1i m\u1ee9t n\u00e0y kh\u00f4ng ch\u1ec9 l\u00e0 m\u1ed9t m\u00f3n \u0103n ngon m\u00e0 c\u00f2n mang l\u1ea1i nhi\u1ec1u l\u1ee3i \u00edch cho s\u1ee9c kh\u1ecfe, gi\u00fap t\u0103ng c\u01b0\u1eddng mi\u1ec5n d\u1ecbch v\u00e0 h\u1ed7 tr\u1ee3 ti\u00eau h\u00f3a hi\u1ec7u qu\u1ea3.<\/p>\n<p><img fetchpriority=\"high\" decoding=\"async\" class=\"aligncenter\" src=\"https:\/\/havamall.com\/wp-content\/uploads\/2025\/03\/SFS_canning_cover_gooseberry-105_i2fqef.jpg\" alt=\"Cape Gooseberry\u2013Rose Preserves\" width=\"1030\" height=\"990\" \/><\/p>\n<p><span style=\"font-size: 14pt\"><strong>H\u01b0\u01a1ng v\u1ecb t\u1ef1 nhi\u00ean trong t\u1eebng h\u0169 m\u1ee9t<\/strong><\/span><\/p>\n<p>V\u1edbi mong mu\u1ed1n gi\u1eef tr\u1ecdn v\u1eb9n h\u01b0\u01a1ng v\u1ecb thi\u00ean nhi\u00ean, m\u1ee9t t\u1ea7m b\u00f3p \u0111\u01b0\u1ee3c ch\u1ebf bi\u1ebfn t\u1eeb nh\u1eefng tr\u00e1i t\u1ea7m b\u00f3p t\u01b0\u01a1i ngon, \u0111\u01b0\u1ee3c tuy\u1ec3n ch\u1ecdn k\u1ef9 l\u01b0\u1ee1ng. Qu\u00e1 tr\u00ecnh s\u1ea3n xu\u1ea5t tu\u00e2n theo ph\u01b0\u01a1ng ph\u00e1p th\u1ee7 c\u00f4ng k\u1ebft h\u1ee3p c\u00f4ng ngh\u1ec7 hi\u1ec7n \u0111\u1ea1i, gi\u00fap b\u1ea3o to\u00e0n t\u1ed1i \u0111a d\u01b0\u1ee1ng ch\u1ea5t v\u00e0 \u0111\u1ea3m b\u1ea3o ch\u1ea5t l\u01b0\u1ee3ng an to\u00e0n v\u1ec7 sinh th\u1ef1c ph\u1ea9m.<\/p>\n<p><span style=\"font-size: 14pt\"><strong>\u0110i\u1ec3m \u0111\u1eb7c bi\u1ec7t c\u1ee7a M\u1ee9t T\u1ea7m B\u00f3p:<\/strong><\/span><\/p>\n<ul data-spread=\"false\">\n<li><strong>H\u01b0\u01a1ng v\u1ecb \u0111\u1ed9c \u0111\u00e1o:<\/strong> S\u1ef1 k\u1ebft h\u1ee3p h\u00e0i h\u00f2a gi\u1eefa v\u1ecb chua nh\u1eb9 v\u00e0 ng\u1ecdt d\u1ecbu, t\u1ea1o n\u00ean m\u1ed9t tr\u1ea3i nghi\u1ec7m m\u1edbi l\u1ea1, k\u00edch th\u00edch v\u1ecb gi\u00e1c.<\/li>\n<li><strong>K\u1ebft c\u1ea5u s\u00e1nh m\u1ecbn:<\/strong> M\u1ee9t c\u00f3 \u0111\u1ed9 s\u1ec7t v\u1eeba ph\u1ea3i, d\u1ec5 d\u00e0ng ph\u1ebft l\u00ean b\u00e1nh m\u00ec, pha tr\u00e0 ho\u1eb7c k\u1ebft h\u1ee3p v\u1edbi nhi\u1ec1u m\u00f3n \u0103n kh\u00e1c.<\/li>\n<li><strong>Th\u00e0nh ph\u1ea7n t\u1ef1 nhi\u00ean:<\/strong> Kh\u00f4ng s\u1eed d\u1ee5ng ch\u1ea5t b\u1ea3o qu\u1ea3n, ph\u1ea9m m\u00e0u hay h\u01b0\u01a1ng li\u1ec7u nh\u00e2n t\u1ea1o, \u0111\u1ea3m b\u1ea3o nguy\u00ean ch\u1ea5t v\u00e0 an to\u00e0n cho s\u1ee9c kh\u1ecfe.<\/li>\n<li><strong>Bao b\u00ec sang tr\u1ecdng:<\/strong> \u0110\u01b0\u1ee3c \u0111\u00f3ng g\u00f3i c\u1ea9n th\u1eadn, v\u1eeba gi\u00fap b\u1ea3o qu\u1ea3n h\u01b0\u01a1ng v\u1ecb l\u00e2u d\u00e0i v\u1eeba th\u00edch h\u1ee3p l\u00e0m qu\u00e0 t\u1eb7ng \u00fd ngh\u0129a.<\/li>\n<\/ul>\n<p><img decoding=\"async\" class=\"aligncenter\" src=\"https:\/\/havamall.com\/wp-content\/uploads\/2025\/03\/Gooseberry-Jam-featured.jpg\" alt=\"Gooseberry Jam\" width=\"1020\" height=\"1002\" \/><\/p>\n<p><span style=\"font-size: 14pt\"><strong>Th\u01b0\u1edfng th\u1ee9c M\u1ee9t T\u1ea7m B\u00f3p theo nhi\u1ec1u c\u00e1ch<\/strong><\/span><\/p>\n<ul data-spread=\"false\">\n<li><strong>\u0102n k\u00e8m b\u00e1nh m\u00ec:<\/strong> M\u1ed9t l\u00e1t b\u00e1nh m\u00ec ph\u1ebft m\u1ee9t t\u1ea7m b\u00f3p s\u1ebd l\u00e0 b\u1eefa s\u00e1ng nhanh g\u1ecdn nh\u01b0ng \u0111\u1ea7y \u0111\u1ee7 n\u0103ng l\u01b0\u1ee3ng.<\/li>\n<li><strong>K\u1ebft h\u1ee3p v\u1edbi tr\u00e0:<\/strong> M\u1ee9t c\u00f3 th\u1ec3 d\u00f9ng \u0111\u1ec3 pha c\u00f9ng tr\u00e0 n\u00f3ng, t\u1ea1o n\u00ean m\u1ed9t th\u1ee9c u\u1ed1ng thanh m\u00e1t, t\u1ed1t cho s\u1ee9c kh\u1ecfe.<\/li>\n<\/ul>\n<p><img decoding=\"async\" class=\"aligncenter\" src=\"https:\/\/havamall.com\/wp-content\/uploads\/2025\/03\/Cape-gooseberry-physalis-Jam-Photo-By-Thanasis-Bounas-scaled.jpg\" alt=\"Cape gooseberry (physalis) Jam - Delicious Path\" width=\"1017\" height=\"849\" \/><\/p>\n<ul data-spread=\"false\">\n<li><strong>D\u00f9ng trong c\u00e1c m\u00f3n tr\u00e1ng mi\u1ec7ng:<\/strong> Th\u00eam v\u00e0o s\u1eefa chua, kem ho\u1eb7c b\u00e1nh \u0111\u1ec3 t\u0103ng th\u00eam h\u01b0\u01a1ng v\u1ecb.<\/li>\n<li><strong>M\u00f3n qu\u00e0 \u00fd ngh\u0129a:<\/strong> V\u1edbi thi\u1ebft k\u1ebf \u0111\u1eb9p m\u1eaft v\u00e0 h\u01b0\u01a1ng v\u1ecb h\u1ea5p d\u1eabn, m\u1ee9t t\u1ea7m b\u00f3p l\u00e0 l\u1ef1a ch\u1ecdn l\u00fd t\u01b0\u1edfng \u0111\u1ec3 l\u00e0m qu\u00e0 bi\u1ebfu trong nh\u1eefng d\u1ecbp \u0111\u1eb7c bi\u1ec7t.<\/li>\n<\/ul>\n<p><img loading=\"lazy\" decoding=\"async\" class=\"aligncenter\" src=\"https:\/\/havamall.com\/wp-content\/uploads\/2025\/03\/0-scaled.jpg\" alt=\"Cape Gooseberry Jam - Nat's Garden\" width=\"1019\" height=\"746\" \/><\/p>\n<p>M\u1ee9t t\u1ea7m b\u00f3p mang \u0111\u1ebfn s\u1ef1 h\u00f2a quy\u1ec7n tinh t\u1ebf gi\u1eefa thi\u00ean nhi\u00ean v\u00e0 \u1ea9m th\u1ef1c, h\u1ee9a h\u1eb9n tr\u1edf th\u00e0nh m\u00f3n \u0103n y\u00eau th\u00edch c\u1ee7a nhi\u1ec1u ng\u01b0\u1eddi. S\u1ea3n ph\u1ea9m hi\u1ec7n \u0111\u00e3 c\u00f3 m\u1eb7t t\u1ea1i Havamall, qu\u00fd kh\u00e1ch vui l\u00f2ng li\u00ean h\u1ec7 hotline: 0946 229 642 \u0111\u1ec3 \u0111\u1eb7t h\u00e0ng. Ch\u00fang t\u00f4i r\u1ea5t h\u00e2n h\u1ea1nh \u0111\u01b0\u1ee3c ph\u1ee5c v\u1ee5 qu\u00fd kh\u00e1ch!<\/p>","protected":false},"excerpt":{"rendered":"<p>TH\u00d4NG TIN CHUNG Th\u01b0\u01a1ng hi\u1ec7u Havafoodies Xu\u1ea5t x\u1ee9 Vi\u1ec7t Nam Th\u00e0nh ph\u1ea7n Tr\u00e1i t\u1ea7m b\u00f3p (70%), \u0111\u01b0\u1eddng m\u00eda (30%) H\u1ea1n<\/p>","protected":false},"featured_media":39123,"comment_status":"open","ping_status":"closed","template":"","meta":[],"product_brand":[],"product_cat":[255,36,143],"product_tag":[],"class_list":{"0":"post-39093","1":"product","2":"type-product","3":"status-publish","4":"has-post-thumbnail","6":"product_cat-nguyen-lieu-lam-banh","7":"product_cat-thuc-pham-tieu-dung","8":"product_cat-thuc-pham-dong-hop","10":"first","11":"instock","12":"sale","13":"shipping-taxable","14":"purchasable","15":"product-type-simple"},"_links":{"self":[{"href":"https:\/\/havamall.com\/en\/wp-json\/wp\/v2\/product\/39093","targetHints":{"allow":["GET"]}}],"collection":[{"href":"https:\/\/havamall.com\/en\/wp-json\/wp\/v2\/product"}],"about":[{"href":"https:\/\/havamall.com\/en\/wp-json\/wp\/v2\/types\/product"}],"replies":[{"embeddable":true,"href":"https:\/\/havamall.com\/en\/wp-json\/wp\/v2\/comments?post=39093"}],"version-history":[{"count":0,"href":"https:\/\/havamall.com\/en\/wp-json\/wp\/v2\/product\/39093\/revisions"}],"wp:featuredmedia":[{"embeddable":true,"href":"https:\/\/havamall.com\/en\/wp-json\/wp\/v2\/media\/39123"}],"wp:attachment":[{"href":"https:\/\/havamall.com\/en\/wp-json\/wp\/v2\/media?parent=39093"}],"wp:term":[{"taxonomy":"product_brand","embeddable":true,"href":"https:\/\/havamall.com\/en\/wp-json\/wp\/v2\/product_brand?post=39093"},{"taxonomy":"product_cat","embeddable":true,"href":"https:\/\/havamall.com\/en\/wp-json\/wp\/v2\/product_cat?post=39093"},{"taxonomy":"product_tag","embeddable":true,"href":"https:\/\/havamall.com\/en\/wp-json\/wp\/v2\/product_tag?post=39093"}],"curies":[{"name":"wp","href":"https:\/\/api.w.org\/{rel}","templated":true}]}}